{"id":66176,"date":"2022-10-03T14:59:16","date_gmt":"2022-10-03T12:59:16","guid":{"rendered":"https:\/\/www.amuz.krakow.pl\/?page_id=66176"},"modified":"2025-10-01T15:16:06","modified_gmt":"2025-10-01T13:16:06","slug":"mgr-joanna-brzozowska-lipien-jezyk-angielski","status":"publish","type":"page","link":"https:\/\/www.amuz.krakow.pl\/en\/ogolnouczelniany-zespol-dydaktyczny\/lektoraty\/mgr-joanna-brzozowska-lipien-jezyk-angielski\/","title":{"rendered":"mgr Joanna Brzozowska-Lipie\u0144 (English)"},"content":{"rendered":"<p><figure id=\"attachment_67108\" aria-describedby=\"caption-attachment-67108\" style=\"width: 180px\" class=\"wp-caption alignleft\"><a href=\"https:\/\/www.amuz.krakow.pl\/wp-content\/uploads\/2022\/10\/J.Brzozowska-Lipien.png\" target=\"_blank\" rel=\"noopener\"><img loading=\"lazy\" decoding=\"async\" class=\"wp-image-67108\" src=\"https:\/\/www.amuz.krakow.pl\/wp-content\/uploads\/2022\/10\/J.Brzozowska-Lipien.png\" alt=\"\" width=\"180\" height=\"252\" srcset=\"https:\/\/www.amuz.krakow.pl\/wp-content\/uploads\/2022\/10\/J.Brzozowska-Lipien.png 1463w, https:\/\/www.amuz.krakow.pl\/wp-content\/uploads\/2022\/10\/J.Brzozowska-Lipien-214x300.png 214w, https:\/\/www.amuz.krakow.pl\/wp-content\/uploads\/2022\/10\/J.Brzozowska-Lipien-768x1075.png 768w, https:\/\/www.amuz.krakow.pl\/wp-content\/uploads\/2022\/10\/J.Brzozowska-Lipien-1097x1536.png 1097w\" sizes=\"auto, (max-width: 180px) 100vw, 180px\" \/><\/a><figcaption id=\"caption-attachment-67108\" class=\"wp-caption-text\">Photo by BlackOwl Photography<\/figcaption><\/figure><\/p>\n<p>Joanna Brzozowska-Lipie\u0144 is a graduate of English Philology (Jagiellonian University), German Philology (Pedagogical University, Krakow) and Postgraduate Studies for Conference Interpreters at the UNESCO Chair of the Jagiellonian University in Krakow. She studied English as part of the Erasmus \/ Socrates scholarship at the Paris Lodron University in Salzburg.<\/p>\n<p>She has been working as an English teacher since 2004: at the Lincoln School of Foreign Languages, the Institute of Economics, Finance and Management of the Jagiellonian University and the Academy of Music in Krakow. Besides teaching, she is also a translator and a Cambridge Speaking Examiner.<\/p>\n<p><a href=\"mailto:joanna.brzozowska.lipien@amuz.krakow.pl\">joanna.brzozowska.lipien@amuz.krakow.pl<\/a><\/p>","protected":false},"excerpt":{"rendered":"<p>Joanna Brzozowska-Lipie\u0144 is a graduate of English Philology (Jagiellonian University), German Philology (Pedagogical University, Krakow) and Postgraduate Studies for Conference Interpreters at the UNESCO Chair of the Jagiellonian University in&hellip; <a href=\"https:\/\/www.amuz.krakow.pl\/en\/ogolnouczelniany-zespol-dydaktyczny\/lektoraty\/mgr-joanna-brzozowska-lipien-jezyk-angielski\/\">Continue reading<\/a><\/p>\n","protected":false},"author":72,"featured_media":0,"parent":66166,"menu_order":20,"comment_status":"closed","ping_status":"closed","template":"","meta":{"footnotes":"","_links_to":"","_links_to_target":""},"class_list":["post-66176","page","type-page","status-publish","hentry"],"yoast_head":"<!-- This site is optimized with the Yoast SEO plugin v27.2 - https:\/\/yoast.com\/product\/yoast-seo-wordpress\/ -->\n<title>AMKP - Akademia Muzyczna im. Krzysztofa Pendereckiego w Krakowie<\/title>\n<meta name=\"robots\" content=\"index, follow, max-snippet:-1, max-image-preview:large, max-video-preview:-1\" \/>\n<link rel=\"canonical\" href=\"https:\/\/www.amuz.krakow.pl\/ogolnouczelniany-zespol-dydaktyczny\/lektoraty\/mgr-joanna-brzozowska-lipien-jezyk-angielski\/\" \/>\n<meta property=\"og:locale\" content=\"en_US\" \/>\n<meta property=\"og:type\" content=\"article\" \/>\n<meta property=\"og:title\" content=\"AMKP - Akademia Muzyczna im. Krzysztofa Pendereckiego w Krakowie\" \/>\n<meta property=\"og:description\" content=\"Joanna Brzozowska-Lipie\u0144 is a graduate of English Philology (Jagiellonian University), German Philology (Pedagogical University, Krakow) and Postgraduate Studies for Conference Interpreters at the UNESCO Chair of the Jagiellonian University in&hellip; Continue reading\" \/>\n<meta property=\"og:url\" content=\"https:\/\/www.amuz.krakow.pl\/ogolnouczelniany-zespol-dydaktyczny\/lektoraty\/mgr-joanna-brzozowska-lipien-jezyk-angielski\/\" \/>\n<meta property=\"og:site_name\" content=\"Akademia Muzyczna im. Krzysztofa Pendereckiego w Krakowie\" \/>\n<meta property=\"article:publisher\" content=\"https:\/\/www.facebook.com\/amuz.krakow\" \/>\n<meta property=\"article:modified_time\" content=\"2025-10-01T13:16:06+00:00\" \/>\n<meta property=\"og:image\" content=\"https:\/\/www.amuz.krakow.pl\/wp-content\/uploads\/2022\/10\/J.Brzozowska-Lipien.png\" \/>\n\t<meta property=\"og:image:width\" content=\"1463\" \/>\n\t<meta property=\"og:image:height\" content=\"2048\" \/>\n\t<meta property=\"og:image:type\" content=\"image\/png\" \/>\n<meta name=\"twitter:card\" content=\"summary_large_image\" \/>\n<meta name=\"twitter:label1\" content=\"Est. reading time\" \/>\n\t<meta name=\"twitter:data1\" content=\"1 minute\" \/>\n<script type=\"application\/ld+json\" class=\"yoast-schema-graph\">{\"@context\":\"https:\/\/schema.org\",\"@graph\":[{\"@type\":\"WebPage\",\"@id\":\"https:\/\/www.amuz.krakow.pl\/ogolnouczelniany-zespol-dydaktyczny\/lektoraty\/mgr-joanna-brzozowska-lipien-jezyk-angielski\/\",\"url\":\"https:\/\/www.amuz.krakow.pl\/ogolnouczelniany-zespol-dydaktyczny\/lektoraty\/mgr-joanna-brzozowska-lipien-jezyk-angielski\/\",\"name\":\"AMKP - Akademia Muzyczna im. Krzysztofa Pendereckiego w Krakowie\",\"isPartOf\":{\"@id\":\"https:\/\/www.amuz.krakow.pl\/#website\"},\"primaryImageOfPage\":{\"@id\":\"https:\/\/www.amuz.krakow.pl\/ogolnouczelniany-zespol-dydaktyczny\/lektoraty\/mgr-joanna-brzozowska-lipien-jezyk-angielski\/#primaryimage\"},\"image\":{\"@id\":\"https:\/\/www.amuz.krakow.pl\/ogolnouczelniany-zespol-dydaktyczny\/lektoraty\/mgr-joanna-brzozowska-lipien-jezyk-angielski\/#primaryimage\"},\"thumbnailUrl\":\"https:\/\/www.amuz.krakow.pl\/wp-content\/uploads\/2022\/10\/J.Brzozowska-Lipien.png\",\"datePublished\":\"2022-10-03T12:59:16+00:00\",\"dateModified\":\"2025-10-01T13:16:06+00:00\",\"breadcrumb\":{\"@id\":\"https:\/\/www.amuz.krakow.pl\/ogolnouczelniany-zespol-dydaktyczny\/lektoraty\/mgr-joanna-brzozowska-lipien-jezyk-angielski\/#breadcrumb\"},\"inLanguage\":\"en-US\",\"potentialAction\":[{\"@type\":\"ReadAction\",\"target\":[\"https:\/\/www.amuz.krakow.pl\/ogolnouczelniany-zespol-dydaktyczny\/lektoraty\/mgr-joanna-brzozowska-lipien-jezyk-angielski\/\"]}]},{\"@type\":\"ImageObject\",\"inLanguage\":\"en-US\",\"@id\":\"https:\/\/www.amuz.krakow.pl\/ogolnouczelniany-zespol-dydaktyczny\/lektoraty\/mgr-joanna-brzozowska-lipien-jezyk-angielski\/#primaryimage\",\"url\":\"https:\/\/www.amuz.krakow.pl\/wp-content\/uploads\/2022\/10\/J.Brzozowska-Lipien.png\",\"contentUrl\":\"https:\/\/www.amuz.krakow.pl\/wp-content\/uploads\/2022\/10\/J.Brzozowska-Lipien.png\"},{\"@type\":\"BreadcrumbList\",\"@id\":\"https:\/\/www.amuz.krakow.pl\/ogolnouczelniany-zespol-dydaktyczny\/lektoraty\/mgr-joanna-brzozowska-lipien-jezyk-angielski\/#breadcrumb\",\"itemListElement\":[{\"@type\":\"ListItem\",\"position\":1,\"name\":\"Strona g\u0142\u00f3wna\",\"item\":\"https:\/\/www.amuz.krakow.pl\/\"},{\"@type\":\"ListItem\",\"position\":2,\"name\":\"Og\u00f3lnouczelniany Zesp\u00f3\u0142 Dydaktyczny\",\"item\":\"https:\/\/www.amuz.krakow.pl\/ogolnouczelniany-zespol-dydaktyczny\/\"},{\"@type\":\"ListItem\",\"position\":3,\"name\":\"Lektoraty\",\"item\":\"https:\/\/www.amuz.krakow.pl\/ogolnouczelniany-zespol-dydaktyczny\/lektoraty\/\"},{\"@type\":\"ListItem\",\"position\":4,\"name\":\"mgr Joanna Brzozowska-Lipie\u0144 (j\u0119zyk angielski)\"}]},{\"@type\":\"WebSite\",\"@id\":\"https:\/\/www.amuz.krakow.pl\/#website\",\"url\":\"https:\/\/www.amuz.krakow.pl\/\",\"name\":\"Akademia Muzyczna im. Krzysztofa Pendereckiego w Krakowie\",\"description\":\"Oficjalna strona Akademii Muzycznej im. Krzysztofa Pendereckiego w Krakowie (AMKP).\",\"publisher\":{\"@id\":\"https:\/\/www.amuz.krakow.pl\/#organization\"},\"alternateName\":\"AMKP\",\"potentialAction\":[{\"@type\":\"SearchAction\",\"target\":{\"@type\":\"EntryPoint\",\"urlTemplate\":\"https:\/\/www.amuz.krakow.pl\/?s={search_term_string}\"},\"query-input\":{\"@type\":\"PropertyValueSpecification\",\"valueRequired\":true,\"valueName\":\"search_term_string\"}}],\"inLanguage\":\"en-US\"},{\"@type\":\"Organization\",\"@id\":\"https:\/\/www.amuz.krakow.pl\/#organization\",\"name\":\"Akademia Muzyczna im. Krzysztofa Pendereckiego w Krakowie\",\"alternateName\":\"AMKP\",\"url\":\"https:\/\/www.amuz.krakow.pl\/\",\"logo\":{\"@type\":\"ImageObject\",\"inLanguage\":\"en-US\",\"@id\":\"https:\/\/www.amuz.krakow.pl\/#\/schema\/logo\/image\/\",\"url\":\"https:\/\/www.amuz.krakow.pl\/wp-content\/uploads\/2021\/11\/amkp.jpg\",\"contentUrl\":\"https:\/\/www.amuz.krakow.pl\/wp-content\/uploads\/2021\/11\/amkp.jpg\",\"width\":1193,\"height\":591,\"caption\":\"Akademia Muzyczna im. Krzysztofa Pendereckiego w Krakowie\"},\"image\":{\"@id\":\"https:\/\/www.amuz.krakow.pl\/#\/schema\/logo\/image\/\"},\"sameAs\":[\"https:\/\/www.facebook.com\/amuz.krakow\",\"https:\/\/www.instagram.com\/amkpenderecki\/\",\"https:\/\/www.youtube.com\/@amkpenderecki4806\"]}]}<\/script>\n<!-- \/ Yoast SEO plugin. -->","yoast_head_json":{"title":"AMKP - Akademia Muzyczna im. Krzysztofa Pendereckiego w Krakowie","robots":{"index":"index","follow":"follow","max-snippet":"max-snippet:-1","max-image-preview":"max-image-preview:large","max-video-preview":"max-video-preview:-1"},"canonical":"https:\/\/www.amuz.krakow.pl\/ogolnouczelniany-zespol-dydaktyczny\/lektoraty\/mgr-joanna-brzozowska-lipien-jezyk-angielski\/","og_locale":"en_US","og_type":"article","og_title":"AMKP - Akademia Muzyczna im. Krzysztofa Pendereckiego w Krakowie","og_description":"Joanna Brzozowska-Lipie\u0144 is a graduate of English Philology (Jagiellonian University), German Philology (Pedagogical University, Krakow) and Postgraduate Studies for Conference Interpreters at the UNESCO Chair of the Jagiellonian University in&hellip; Continue reading","og_url":"https:\/\/www.amuz.krakow.pl\/ogolnouczelniany-zespol-dydaktyczny\/lektoraty\/mgr-joanna-brzozowska-lipien-jezyk-angielski\/","og_site_name":"Akademia Muzyczna im. Krzysztofa Pendereckiego w Krakowie","article_publisher":"https:\/\/www.facebook.com\/amuz.krakow","article_modified_time":"2025-10-01T13:16:06+00:00","og_image":[{"url":"https:\/\/www.amuz.krakow.pl\/wp-content\/uploads\/2022\/10\/J.Brzozowska-Lipien.png","width":1463,"height":2048,"type":"image\/png"}],"twitter_card":"summary_large_image","twitter_misc":{"Est. reading time":"1 minute"},"schema":{"@context":"https:\/\/schema.org","@graph":[{"@type":"WebPage","@id":"https:\/\/www.amuz.krakow.pl\/ogolnouczelniany-zespol-dydaktyczny\/lektoraty\/mgr-joanna-brzozowska-lipien-jezyk-angielski\/","url":"https:\/\/www.amuz.krakow.pl\/ogolnouczelniany-zespol-dydaktyczny\/lektoraty\/mgr-joanna-brzozowska-lipien-jezyk-angielski\/","name":"AMKP - Akademia Muzyczna im. Krzysztofa Pendereckiego w Krakowie","isPartOf":{"@id":"https:\/\/www.amuz.krakow.pl\/#website"},"primaryImageOfPage":{"@id":"https:\/\/www.amuz.krakow.pl\/ogolnouczelniany-zespol-dydaktyczny\/lektoraty\/mgr-joanna-brzozowska-lipien-jezyk-angielski\/#primaryimage"},"image":{"@id":"https:\/\/www.amuz.krakow.pl\/ogolnouczelniany-zespol-dydaktyczny\/lektoraty\/mgr-joanna-brzozowska-lipien-jezyk-angielski\/#primaryimage"},"thumbnailUrl":"https:\/\/www.amuz.krakow.pl\/wp-content\/uploads\/2022\/10\/J.Brzozowska-Lipien.png","datePublished":"2022-10-03T12:59:16+00:00","dateModified":"2025-10-01T13:16:06+00:00","breadcrumb":{"@id":"https:\/\/www.amuz.krakow.pl\/ogolnouczelniany-zespol-dydaktyczny\/lektoraty\/mgr-joanna-brzozowska-lipien-jezyk-angielski\/#breadcrumb"},"inLanguage":"en-US","potentialAction":[{"@type":"ReadAction","target":["https:\/\/www.amuz.krakow.pl\/ogolnouczelniany-zespol-dydaktyczny\/lektoraty\/mgr-joanna-brzozowska-lipien-jezyk-angielski\/"]}]},{"@type":"ImageObject","inLanguage":"en-US","@id":"https:\/\/www.amuz.krakow.pl\/ogolnouczelniany-zespol-dydaktyczny\/lektoraty\/mgr-joanna-brzozowska-lipien-jezyk-angielski\/#primaryimage","url":"https:\/\/www.amuz.krakow.pl\/wp-content\/uploads\/2022\/10\/J.Brzozowska-Lipien.png","contentUrl":"https:\/\/www.amuz.krakow.pl\/wp-content\/uploads\/2022\/10\/J.Brzozowska-Lipien.png"},{"@type":"BreadcrumbList","@id":"https:\/\/www.amuz.krakow.pl\/ogolnouczelniany-zespol-dydaktyczny\/lektoraty\/mgr-joanna-brzozowska-lipien-jezyk-angielski\/#breadcrumb","itemListElement":[{"@type":"ListItem","position":1,"name":"Strona g\u0142\u00f3wna","item":"https:\/\/www.amuz.krakow.pl\/"},{"@type":"ListItem","position":2,"name":"Og\u00f3lnouczelniany Zesp\u00f3\u0142 Dydaktyczny","item":"https:\/\/www.amuz.krakow.pl\/ogolnouczelniany-zespol-dydaktyczny\/"},{"@type":"ListItem","position":3,"name":"Lektoraty","item":"https:\/\/www.amuz.krakow.pl\/ogolnouczelniany-zespol-dydaktyczny\/lektoraty\/"},{"@type":"ListItem","position":4,"name":"mgr Joanna Brzozowska-Lipie\u0144 (j\u0119zyk angielski)"}]},{"@type":"WebSite","@id":"https:\/\/www.amuz.krakow.pl\/#website","url":"https:\/\/www.amuz.krakow.pl\/","name":"Akademia Muzyczna im. Krzysztofa Pendereckiego w Krakowie","description":"Oficjalna strona Akademii Muzycznej im. Krzysztofa Pendereckiego w Krakowie (AMKP).","publisher":{"@id":"https:\/\/www.amuz.krakow.pl\/#organization"},"alternateName":"AMKP","potentialAction":[{"@type":"SearchAction","target":{"@type":"EntryPoint","urlTemplate":"https:\/\/www.amuz.krakow.pl\/?s={search_term_string}"},"query-input":{"@type":"PropertyValueSpecification","valueRequired":true,"valueName":"search_term_string"}}],"inLanguage":"en-US"},{"@type":"Organization","@id":"https:\/\/www.amuz.krakow.pl\/#organization","name":"Akademia Muzyczna im. Krzysztofa Pendereckiego w Krakowie","alternateName":"AMKP","url":"https:\/\/www.amuz.krakow.pl\/","logo":{"@type":"ImageObject","inLanguage":"en-US","@id":"https:\/\/www.amuz.krakow.pl\/#\/schema\/logo\/image\/","url":"https:\/\/www.amuz.krakow.pl\/wp-content\/uploads\/2021\/11\/amkp.jpg","contentUrl":"https:\/\/www.amuz.krakow.pl\/wp-content\/uploads\/2021\/11\/amkp.jpg","width":1193,"height":591,"caption":"Akademia Muzyczna im. Krzysztofa Pendereckiego w Krakowie"},"image":{"@id":"https:\/\/www.amuz.krakow.pl\/#\/schema\/logo\/image\/"},"sameAs":["https:\/\/www.facebook.com\/amuz.krakow","https:\/\/www.instagram.com\/amkpenderecki\/","https:\/\/www.youtube.com\/@amkpenderecki4806"]}]}},"_links":{"self":[{"href":"https:\/\/www.amuz.krakow.pl\/en\/wp-json\/wp\/v2\/pages\/66176","targetHints":{"allow":["GET"]}}],"collection":[{"href":"https:\/\/www.amuz.krakow.pl\/en\/wp-json\/wp\/v2\/pages"}],"about":[{"href":"https:\/\/www.amuz.krakow.pl\/en\/wp-json\/wp\/v2\/types\/page"}],"author":[{"embeddable":true,"href":"https:\/\/www.amuz.krakow.pl\/en\/wp-json\/wp\/v2\/users\/72"}],"replies":[{"embeddable":true,"href":"https:\/\/www.amuz.krakow.pl\/en\/wp-json\/wp\/v2\/comments?post=66176"}],"version-history":[{"count":3,"href":"https:\/\/www.amuz.krakow.pl\/en\/wp-json\/wp\/v2\/pages\/66176\/revisions"}],"predecessor-version":[{"id":67110,"href":"https:\/\/www.amuz.krakow.pl\/en\/wp-json\/wp\/v2\/pages\/66176\/revisions\/67110"}],"up":[{"embeddable":true,"href":"https:\/\/www.amuz.krakow.pl\/en\/wp-json\/wp\/v2\/pages\/66166"}],"wp:attachment":[{"href":"https:\/\/www.amuz.krakow.pl\/en\/wp-json\/wp\/v2\/media?parent=66176"}],"curies":[{"name":"wp","href":"https:\/\/api.w.org\/{rel}","templated":true}]}}