{"id":66027,"date":"2022-09-27T14:01:14","date_gmt":"2022-09-27T12:01:14","guid":{"rendered":"https:\/\/www.amuz.krakow.pl\/?page_id=66027"},"modified":"2025-03-07T11:03:43","modified_gmt":"2025-03-07T10:03:43","slug":"mgr-agnieszka-zahaczewska-ksiazek","status":"publish","type":"page","link":"https:\/\/www.amuz.krakow.pl\/en\/wydzialy\/wydzial-ii-instrumentalny\/katedra-kameralistyki\/zespol-pianistow-akompaniatorow\/mgr-agnieszka-zahaczewska-ksiazek\/","title":{"rendered":"dr Agnieszka Zahaczewska-Ksi\u0105\u017cek"},"content":{"rendered":"<p><figure id=\"attachment_98236\" aria-describedby=\"caption-attachment-98236\" style=\"width: 200px\" class=\"wp-caption alignleft\"><a href=\"https:\/\/www.amuz.krakow.pl\/wp-content\/uploads\/2025\/03\/Agnieszka-Zahaczewska-Ksiazek_fot.Piotr_Markowski-1-scaled.jpg\" target=\"_blank\" rel=\"noopener\"><img loading=\"lazy\" decoding=\"async\" class=\"wp-image-98236 size-medium\" src=\"https:\/\/www.amuz.krakow.pl\/wp-content\/uploads\/2025\/03\/Agnieszka-Zahaczewska-Ksiazek_fot.Piotr_Markowski-1-200x300.jpg\" alt=\"\" width=\"200\" height=\"300\" srcset=\"https:\/\/www.amuz.krakow.pl\/wp-content\/uploads\/2025\/03\/Agnieszka-Zahaczewska-Ksiazek_fot.Piotr_Markowski-1-200x300.jpg 200w, https:\/\/www.amuz.krakow.pl\/wp-content\/uploads\/2025\/03\/Agnieszka-Zahaczewska-Ksiazek_fot.Piotr_Markowski-1-scaled.jpg 1365w, https:\/\/www.amuz.krakow.pl\/wp-content\/uploads\/2025\/03\/Agnieszka-Zahaczewska-Ksiazek_fot.Piotr_Markowski-1-768x1152.jpg 768w, https:\/\/www.amuz.krakow.pl\/wp-content\/uploads\/2025\/03\/Agnieszka-Zahaczewska-Ksiazek_fot.Piotr_Markowski-1-1024x1536.jpg 1024w\" sizes=\"auto, (max-width: 200px) 100vw, 200px\" \/><\/a><figcaption id=\"caption-attachment-98236\" class=\"wp-caption-text\">photo by Piotr Markowski<\/figcaption><\/figure><\/p>\n<p>Pianist, chamber musician. Graduate of piano studies in the classes of Prof. Stefan Wojtas and Prof. Wojciech\u00a0 \u015awita\u0142a and chamber music studies in the classes of Prof. Maria Szwajger-Ku\u0142akowska and Prof. Chia Chou. Doctor of arts, she is working currently at the Krzysztof Penderecki Academy of Music in Cracow.\u00a0 She has given concerts in many places in Poland (such as the Philharmonics: National in Warsaw, Krakow, Baltic in Gdansk, Zielonog\u00f3rska, Dolno\u015bl\u0105ska in Jelenia G\u00f3ra, Sudecka in Wa\u0142brzych, Chopin&#8217;s Birthplace House in \u017belazowa Wola, Chopin Museum in Warsaw, Royal \u0141azienki in Warsaw, National Forum of Music in Wroclaw) and abroad (including Switzerland, Denmark, Germany, France, Great Britain, Thailand). Together with her husband, Krzysztof Ksiazek, she co-founded the <em>Ksiazek Piano Duo<\/em>. The ensemble won the 2nd prize at prestigious 12th International Chamber Music Competition \u2018Franz Schubert and Modern Music\u2019 in Graz (2025), as well as the 1st prize at the 2nd International Stanislaw Moniuszko Polish Music Competition in Rzeszow (2021), 3rd prize and a special prize for the best performance of a work by a Polish composer at the 2nd International Piano Duo Competition <em>\u201cDuettissimo\u201d <\/em>in Krakow (2024), 2nd prize and a special prize for the best performance of a work by F. Schubert at the 21st F. Schubert International Piano Duo Competition in Jesenik (2019), and the title of finalist and special prize at the 3rd Suzana Sz\u04e7renyi International Piano Duo Competition in Bucharest (2019). The artists are currently working under the tutelage of Silver-Garburg Piano Duo (Kunstuniversit\u00e4t Graz) and Bart\u0142omiej Kominek (K. Penderecki Academy of Music in Krak\u00f3w). The duo was nominated for the <em>Koryfeusz Muzyki Polskiej<\/em> award in the category<em> Discovery of the Year<\/em>. So far two CDs of the ensamble have been released: album with suites for two pianos by Arensky and Rachmaninoff, and album \u201c<em>Alla polacca\u201d <\/em>with works for four hands by Elsner, Dobrzynski and Chopin ( recored on period instrument).<\/p>\n<p>Agnieszka is also a member of a piano trio &#8211; <em>Trio Legend<\/em> she forms with cellist Monika Krasicka-Gajownik and violinist Krzysztof Katana. The ensemble got prizes at international competitions: XXVI International J.Brahms Competition in P\u00f6rtschach (2019, first prize), XVII International J.Brahms Chamber Music Competition in Gdansk (2018, second prize), II International Stanislaw Moniuszko Polish Music Competition in Rzeszow (2021,honorable mention). In 2022, Trio Legend released debut album with works by Malawski and Shostakovich.<\/p>\n<p>She participated in masterclasses of Guarneri Trio Prag, Kaja Danczowska, Tam\u00e1s Ung\u00e1r, Arie Vardi, Katarzyna Popowa- Zydron, Charles Richard-Hamelin and others.<\/p>\n<p>The artist has received scholarships from the <em>Almanach Muszyny<\/em> Foundation, the <em>M\u0142oda Polska<\/em> scholarship program and the <em>Martha Debelli Stiftung.<\/em><\/p>\n<p><a href=\"mailto:agnieszka.zahaczewska.ksiazek@amuz.krakow.pl\">agnieszka.zahaczewska.ksiazek@amuz.krakow.pl<\/a><\/p>","protected":false},"excerpt":{"rendered":"<p>Pianist, chamber musician. Graduate of piano studies in the classes of Prof. Stefan Wojtas and Prof. Wojciech\u00a0 \u015awita\u0142a and chamber music studies in the classes of Prof. Maria Szwajger-Ku\u0142akowska and&hellip; <a href=\"https:\/\/www.amuz.krakow.pl\/en\/wydzialy\/wydzial-ii-instrumentalny\/katedra-kameralistyki\/zespol-pianistow-akompaniatorow\/mgr-agnieszka-zahaczewska-ksiazek\/\">Continue reading<\/a><\/p>\n","protected":false},"author":72,"featured_media":0,"parent":250,"menu_order":11,"comment_status":"closed","ping_status":"closed","template":"","meta":{"footnotes":"","_links_to":"","_links_to_target":""},"class_list":["post-66027","page","type-page","status-publish","hentry"],"yoast_head":"<!-- This site is optimized with the Yoast SEO plugin v27.2 - https:\/\/yoast.com\/product\/yoast-seo-wordpress\/ -->\n<title>AMKP - Akademia Muzyczna im. Krzysztofa Pendereckiego w Krakowie<\/title>\n<meta name=\"robots\" content=\"index, follow, max-snippet:-1, max-image-preview:large, max-video-preview:-1\" \/>\n<link rel=\"canonical\" href=\"https:\/\/www.amuz.krakow.pl\/wydzialy\/wydzial-ii-instrumentalny\/katedra-kameralistyki\/zespol-pianistow-akompaniatorow\/mgr-agnieszka-zahaczewska-ksiazek\/\" \/>\n<meta property=\"og:locale\" content=\"en_US\" \/>\n<meta property=\"og:type\" content=\"article\" \/>\n<meta property=\"og:title\" content=\"AMKP - Akademia Muzyczna im. Krzysztofa Pendereckiego w Krakowie\" \/>\n<meta property=\"og:description\" content=\"Pianist, chamber musician. Graduate of piano studies in the classes of Prof. Stefan Wojtas and Prof. Wojciech\u00a0 \u015awita\u0142a and chamber music studies in the classes of Prof. Maria Szwajger-Ku\u0142akowska and&hellip; Continue reading\" \/>\n<meta property=\"og:url\" content=\"https:\/\/www.amuz.krakow.pl\/wydzialy\/wydzial-ii-instrumentalny\/katedra-kameralistyki\/zespol-pianistow-akompaniatorow\/mgr-agnieszka-zahaczewska-ksiazek\/\" \/>\n<meta property=\"og:site_name\" content=\"Akademia Muzyczna im. Krzysztofa Pendereckiego w Krakowie\" \/>\n<meta property=\"article:publisher\" content=\"https:\/\/www.facebook.com\/amuz.krakow\" \/>\n<meta property=\"article:modified_time\" content=\"2025-03-07T10:03:43+00:00\" \/>\n<meta property=\"og:image\" content=\"https:\/\/www.amuz.krakow.pl\/wp-content\/uploads\/2025\/03\/Agnieszka-Zahaczewska-Ksiazek_fot.Piotr_Markowski-1-scaled.jpg\" \/>\n\t<meta property=\"og:image:width\" content=\"1365\" \/>\n\t<meta property=\"og:image:height\" content=\"2048\" \/>\n\t<meta property=\"og:image:type\" content=\"image\/jpeg\" \/>\n<meta name=\"twitter:card\" content=\"summary_large_image\" \/>\n<meta name=\"twitter:label1\" content=\"Est. reading time\" \/>\n\t<meta name=\"twitter:data1\" content=\"3 minutes\" \/>\n<script type=\"application\/ld+json\" class=\"yoast-schema-graph\">{\"@context\":\"https:\/\/schema.org\",\"@graph\":[{\"@type\":\"WebPage\",\"@id\":\"https:\/\/www.amuz.krakow.pl\/wydzialy\/wydzial-ii-instrumentalny\/katedra-kameralistyki\/zespol-pianistow-akompaniatorow\/mgr-agnieszka-zahaczewska-ksiazek\/\",\"url\":\"https:\/\/www.amuz.krakow.pl\/wydzialy\/wydzial-ii-instrumentalny\/katedra-kameralistyki\/zespol-pianistow-akompaniatorow\/mgr-agnieszka-zahaczewska-ksiazek\/\",\"name\":\"AMKP - Akademia Muzyczna im. Krzysztofa Pendereckiego w Krakowie\",\"isPartOf\":{\"@id\":\"https:\/\/www.amuz.krakow.pl\/#website\"},\"primaryImageOfPage\":{\"@id\":\"https:\/\/www.amuz.krakow.pl\/wydzialy\/wydzial-ii-instrumentalny\/katedra-kameralistyki\/zespol-pianistow-akompaniatorow\/mgr-agnieszka-zahaczewska-ksiazek\/#primaryimage\"},\"image\":{\"@id\":\"https:\/\/www.amuz.krakow.pl\/wydzialy\/wydzial-ii-instrumentalny\/katedra-kameralistyki\/zespol-pianistow-akompaniatorow\/mgr-agnieszka-zahaczewska-ksiazek\/#primaryimage\"},\"thumbnailUrl\":\"https:\/\/www.amuz.krakow.pl\/wp-content\/uploads\/2025\/03\/Agnieszka-Zahaczewska-Ksiazek_fot.Piotr_Markowski-1-200x300.jpg\",\"datePublished\":\"2022-09-27T12:01:14+00:00\",\"dateModified\":\"2025-03-07T10:03:43+00:00\",\"breadcrumb\":{\"@id\":\"https:\/\/www.amuz.krakow.pl\/wydzialy\/wydzial-ii-instrumentalny\/katedra-kameralistyki\/zespol-pianistow-akompaniatorow\/mgr-agnieszka-zahaczewska-ksiazek\/#breadcrumb\"},\"inLanguage\":\"en-US\",\"potentialAction\":[{\"@type\":\"ReadAction\",\"target\":[\"https:\/\/www.amuz.krakow.pl\/wydzialy\/wydzial-ii-instrumentalny\/katedra-kameralistyki\/zespol-pianistow-akompaniatorow\/mgr-agnieszka-zahaczewska-ksiazek\/\"]}]},{\"@type\":\"ImageObject\",\"inLanguage\":\"en-US\",\"@id\":\"https:\/\/www.amuz.krakow.pl\/wydzialy\/wydzial-ii-instrumentalny\/katedra-kameralistyki\/zespol-pianistow-akompaniatorow\/mgr-agnieszka-zahaczewska-ksiazek\/#primaryimage\",\"url\":\"https:\/\/www.amuz.krakow.pl\/wp-content\/uploads\/2025\/03\/Agnieszka-Zahaczewska-Ksiazek_fot.Piotr_Markowski-1-200x300.jpg\",\"contentUrl\":\"https:\/\/www.amuz.krakow.pl\/wp-content\/uploads\/2025\/03\/Agnieszka-Zahaczewska-Ksiazek_fot.Piotr_Markowski-1-200x300.jpg\"},{\"@type\":\"BreadcrumbList\",\"@id\":\"https:\/\/www.amuz.krakow.pl\/wydzialy\/wydzial-ii-instrumentalny\/katedra-kameralistyki\/zespol-pianistow-akompaniatorow\/mgr-agnieszka-zahaczewska-ksiazek\/#breadcrumb\",\"itemListElement\":[{\"@type\":\"ListItem\",\"position\":1,\"name\":\"Strona g\u0142\u00f3wna\",\"item\":\"https:\/\/www.amuz.krakow.pl\/\"},{\"@type\":\"ListItem\",\"position\":2,\"name\":\"WYDZIA\u0141Y\",\"item\":\"https:\/\/www.amuz.krakow.pl\/wydzialy\/\"},{\"@type\":\"ListItem\",\"position\":3,\"name\":\"Wydzia\u0142 Instrumentalny\",\"item\":\"https:\/\/www.amuz.krakow.pl\/wydzialy\/wydzial-ii-instrumentalny\/\"},{\"@type\":\"ListItem\",\"position\":4,\"name\":\"Katedra Kameralistyki\",\"item\":\"https:\/\/www.amuz.krakow.pl\/wydzialy\/wydzial-ii-instrumentalny\/katedra-kameralistyki\/\"},{\"@type\":\"ListItem\",\"position\":5,\"name\":\"Zesp\u00f3\u0142 Pianist\u00f3w Akompaniator\u00f3w\",\"item\":\"https:\/\/www.amuz.krakow.pl\/wydzialy\/wydzial-ii-instrumentalny\/katedra-kameralistyki\/zespol-pianistow-akompaniatorow\/\"},{\"@type\":\"ListItem\",\"position\":6,\"name\":\"dr Agnieszka Zahaczewska-Ksi\u0105\u017cek\"}]},{\"@type\":\"WebSite\",\"@id\":\"https:\/\/www.amuz.krakow.pl\/#website\",\"url\":\"https:\/\/www.amuz.krakow.pl\/\",\"name\":\"Akademia Muzyczna im. Krzysztofa Pendereckiego w Krakowie\",\"description\":\"Oficjalna strona Akademii Muzycznej im. Krzysztofa Pendereckiego w Krakowie (AMKP).\",\"publisher\":{\"@id\":\"https:\/\/www.amuz.krakow.pl\/#organization\"},\"alternateName\":\"AMKP\",\"potentialAction\":[{\"@type\":\"SearchAction\",\"target\":{\"@type\":\"EntryPoint\",\"urlTemplate\":\"https:\/\/www.amuz.krakow.pl\/?s={search_term_string}\"},\"query-input\":{\"@type\":\"PropertyValueSpecification\",\"valueRequired\":true,\"valueName\":\"search_term_string\"}}],\"inLanguage\":\"en-US\"},{\"@type\":\"Organization\",\"@id\":\"https:\/\/www.amuz.krakow.pl\/#organization\",\"name\":\"Akademia Muzyczna im. Krzysztofa Pendereckiego w Krakowie\",\"alternateName\":\"AMKP\",\"url\":\"https:\/\/www.amuz.krakow.pl\/\",\"logo\":{\"@type\":\"ImageObject\",\"inLanguage\":\"en-US\",\"@id\":\"https:\/\/www.amuz.krakow.pl\/#\/schema\/logo\/image\/\",\"url\":\"https:\/\/www.amuz.krakow.pl\/wp-content\/uploads\/2021\/11\/amkp.jpg\",\"contentUrl\":\"https:\/\/www.amuz.krakow.pl\/wp-content\/uploads\/2021\/11\/amkp.jpg\",\"width\":1193,\"height\":591,\"caption\":\"Akademia Muzyczna im. Krzysztofa Pendereckiego w Krakowie\"},\"image\":{\"@id\":\"https:\/\/www.amuz.krakow.pl\/#\/schema\/logo\/image\/\"},\"sameAs\":[\"https:\/\/www.facebook.com\/amuz.krakow\",\"https:\/\/www.instagram.com\/amkpenderecki\/\",\"https:\/\/www.youtube.com\/@amkpenderecki4806\"]}]}<\/script>\n<!-- \/ Yoast SEO plugin. -->","yoast_head_json":{"title":"AMKP - Akademia Muzyczna im. Krzysztofa Pendereckiego w Krakowie","robots":{"index":"index","follow":"follow","max-snippet":"max-snippet:-1","max-image-preview":"max-image-preview:large","max-video-preview":"max-video-preview:-1"},"canonical":"https:\/\/www.amuz.krakow.pl\/wydzialy\/wydzial-ii-instrumentalny\/katedra-kameralistyki\/zespol-pianistow-akompaniatorow\/mgr-agnieszka-zahaczewska-ksiazek\/","og_locale":"en_US","og_type":"article","og_title":"AMKP - Akademia Muzyczna im. Krzysztofa Pendereckiego w Krakowie","og_description":"Pianist, chamber musician. Graduate of piano studies in the classes of Prof. Stefan Wojtas and Prof. Wojciech\u00a0 \u015awita\u0142a and chamber music studies in the classes of Prof. Maria Szwajger-Ku\u0142akowska and&hellip; Continue reading","og_url":"https:\/\/www.amuz.krakow.pl\/wydzialy\/wydzial-ii-instrumentalny\/katedra-kameralistyki\/zespol-pianistow-akompaniatorow\/mgr-agnieszka-zahaczewska-ksiazek\/","og_site_name":"Akademia Muzyczna im. Krzysztofa Pendereckiego w Krakowie","article_publisher":"https:\/\/www.facebook.com\/amuz.krakow","article_modified_time":"2025-03-07T10:03:43+00:00","og_image":[{"width":1365,"height":2048,"url":"https:\/\/www.amuz.krakow.pl\/wp-content\/uploads\/2025\/03\/Agnieszka-Zahaczewska-Ksiazek_fot.Piotr_Markowski-1-scaled.jpg","type":"image\/jpeg"}],"twitter_card":"summary_large_image","twitter_misc":{"Est. reading time":"3 minutes"},"schema":{"@context":"https:\/\/schema.org","@graph":[{"@type":"WebPage","@id":"https:\/\/www.amuz.krakow.pl\/wydzialy\/wydzial-ii-instrumentalny\/katedra-kameralistyki\/zespol-pianistow-akompaniatorow\/mgr-agnieszka-zahaczewska-ksiazek\/","url":"https:\/\/www.amuz.krakow.pl\/wydzialy\/wydzial-ii-instrumentalny\/katedra-kameralistyki\/zespol-pianistow-akompaniatorow\/mgr-agnieszka-zahaczewska-ksiazek\/","name":"AMKP - Akademia Muzyczna im. Krzysztofa Pendereckiego w Krakowie","isPartOf":{"@id":"https:\/\/www.amuz.krakow.pl\/#website"},"primaryImageOfPage":{"@id":"https:\/\/www.amuz.krakow.pl\/wydzialy\/wydzial-ii-instrumentalny\/katedra-kameralistyki\/zespol-pianistow-akompaniatorow\/mgr-agnieszka-zahaczewska-ksiazek\/#primaryimage"},"image":{"@id":"https:\/\/www.amuz.krakow.pl\/wydzialy\/wydzial-ii-instrumentalny\/katedra-kameralistyki\/zespol-pianistow-akompaniatorow\/mgr-agnieszka-zahaczewska-ksiazek\/#primaryimage"},"thumbnailUrl":"https:\/\/www.amuz.krakow.pl\/wp-content\/uploads\/2025\/03\/Agnieszka-Zahaczewska-Ksiazek_fot.Piotr_Markowski-1-200x300.jpg","datePublished":"2022-09-27T12:01:14+00:00","dateModified":"2025-03-07T10:03:43+00:00","breadcrumb":{"@id":"https:\/\/www.amuz.krakow.pl\/wydzialy\/wydzial-ii-instrumentalny\/katedra-kameralistyki\/zespol-pianistow-akompaniatorow\/mgr-agnieszka-zahaczewska-ksiazek\/#breadcrumb"},"inLanguage":"en-US","potentialAction":[{"@type":"ReadAction","target":["https:\/\/www.amuz.krakow.pl\/wydzialy\/wydzial-ii-instrumentalny\/katedra-kameralistyki\/zespol-pianistow-akompaniatorow\/mgr-agnieszka-zahaczewska-ksiazek\/"]}]},{"@type":"ImageObject","inLanguage":"en-US","@id":"https:\/\/www.amuz.krakow.pl\/wydzialy\/wydzial-ii-instrumentalny\/katedra-kameralistyki\/zespol-pianistow-akompaniatorow\/mgr-agnieszka-zahaczewska-ksiazek\/#primaryimage","url":"https:\/\/www.amuz.krakow.pl\/wp-content\/uploads\/2025\/03\/Agnieszka-Zahaczewska-Ksiazek_fot.Piotr_Markowski-1-200x300.jpg","contentUrl":"https:\/\/www.amuz.krakow.pl\/wp-content\/uploads\/2025\/03\/Agnieszka-Zahaczewska-Ksiazek_fot.Piotr_Markowski-1-200x300.jpg"},{"@type":"BreadcrumbList","@id":"https:\/\/www.amuz.krakow.pl\/wydzialy\/wydzial-ii-instrumentalny\/katedra-kameralistyki\/zespol-pianistow-akompaniatorow\/mgr-agnieszka-zahaczewska-ksiazek\/#breadcrumb","itemListElement":[{"@type":"ListItem","position":1,"name":"Strona g\u0142\u00f3wna","item":"https:\/\/www.amuz.krakow.pl\/"},{"@type":"ListItem","position":2,"name":"WYDZIA\u0141Y","item":"https:\/\/www.amuz.krakow.pl\/wydzialy\/"},{"@type":"ListItem","position":3,"name":"Wydzia\u0142 Instrumentalny","item":"https:\/\/www.amuz.krakow.pl\/wydzialy\/wydzial-ii-instrumentalny\/"},{"@type":"ListItem","position":4,"name":"Katedra Kameralistyki","item":"https:\/\/www.amuz.krakow.pl\/wydzialy\/wydzial-ii-instrumentalny\/katedra-kameralistyki\/"},{"@type":"ListItem","position":5,"name":"Zesp\u00f3\u0142 Pianist\u00f3w Akompaniator\u00f3w","item":"https:\/\/www.amuz.krakow.pl\/wydzialy\/wydzial-ii-instrumentalny\/katedra-kameralistyki\/zespol-pianistow-akompaniatorow\/"},{"@type":"ListItem","position":6,"name":"dr Agnieszka Zahaczewska-Ksi\u0105\u017cek"}]},{"@type":"WebSite","@id":"https:\/\/www.amuz.krakow.pl\/#website","url":"https:\/\/www.amuz.krakow.pl\/","name":"Akademia Muzyczna im. Krzysztofa Pendereckiego w Krakowie","description":"Oficjalna strona Akademii Muzycznej im. Krzysztofa Pendereckiego w Krakowie (AMKP).","publisher":{"@id":"https:\/\/www.amuz.krakow.pl\/#organization"},"alternateName":"AMKP","potentialAction":[{"@type":"SearchAction","target":{"@type":"EntryPoint","urlTemplate":"https:\/\/www.amuz.krakow.pl\/?s={search_term_string}"},"query-input":{"@type":"PropertyValueSpecification","valueRequired":true,"valueName":"search_term_string"}}],"inLanguage":"en-US"},{"@type":"Organization","@id":"https:\/\/www.amuz.krakow.pl\/#organization","name":"Akademia Muzyczna im. Krzysztofa Pendereckiego w Krakowie","alternateName":"AMKP","url":"https:\/\/www.amuz.krakow.pl\/","logo":{"@type":"ImageObject","inLanguage":"en-US","@id":"https:\/\/www.amuz.krakow.pl\/#\/schema\/logo\/image\/","url":"https:\/\/www.amuz.krakow.pl\/wp-content\/uploads\/2021\/11\/amkp.jpg","contentUrl":"https:\/\/www.amuz.krakow.pl\/wp-content\/uploads\/2021\/11\/amkp.jpg","width":1193,"height":591,"caption":"Akademia Muzyczna im. Krzysztofa Pendereckiego w Krakowie"},"image":{"@id":"https:\/\/www.amuz.krakow.pl\/#\/schema\/logo\/image\/"},"sameAs":["https:\/\/www.facebook.com\/amuz.krakow","https:\/\/www.instagram.com\/amkpenderecki\/","https:\/\/www.youtube.com\/@amkpenderecki4806"]}]}},"_links":{"self":[{"href":"https:\/\/www.amuz.krakow.pl\/en\/wp-json\/wp\/v2\/pages\/66027","targetHints":{"allow":["GET"]}}],"collection":[{"href":"https:\/\/www.amuz.krakow.pl\/en\/wp-json\/wp\/v2\/pages"}],"about":[{"href":"https:\/\/www.amuz.krakow.pl\/en\/wp-json\/wp\/v2\/types\/page"}],"author":[{"embeddable":true,"href":"https:\/\/www.amuz.krakow.pl\/en\/wp-json\/wp\/v2\/users\/72"}],"replies":[{"embeddable":true,"href":"https:\/\/www.amuz.krakow.pl\/en\/wp-json\/wp\/v2\/comments?post=66027"}],"version-history":[{"count":6,"href":"https:\/\/www.amuz.krakow.pl\/en\/wp-json\/wp\/v2\/pages\/66027\/revisions"}],"predecessor-version":[{"id":98239,"href":"https:\/\/www.amuz.krakow.pl\/en\/wp-json\/wp\/v2\/pages\/66027\/revisions\/98239"}],"up":[{"embeddable":true,"href":"https:\/\/www.amuz.krakow.pl\/en\/wp-json\/wp\/v2\/pages\/250"}],"wp:attachment":[{"href":"https:\/\/www.amuz.krakow.pl\/en\/wp-json\/wp\/v2\/media?parent=66027"}],"curies":[{"name":"wp","href":"https:\/\/api.w.org\/{rel}","templated":true}]}}