{"id":66004,"date":"2022-09-27T14:16:48","date_gmt":"2022-09-27T12:16:48","guid":{"rendered":"https:\/\/www.amuz.krakow.pl\/?page_id=66004"},"modified":"2022-09-27T14:29:39","modified_gmt":"2022-09-27T12:29:39","slug":"inauguracja-roku-akademickiego-2022-2023","status":"publish","type":"page","link":"https:\/\/www.amuz.krakow.pl\/en\/inauguracja-roku-akademickiego-2022-2023\/","title":{"rendered":"Opening ceremony of the academic year 2022\/2023"},"content":{"rendered":"<p><\/p>\n<p style=\"text-align: justify;\">The Rector and the Senate of the Krzysztof Penderecki Academy of Music in Krak\u00f3w are honoured to invite all students, teachers and staff to the opening ceremony of the academic year 2022\/2023. The celebrations will be held on Wednesday, <strong>5 October 2022, at 12:00<\/strong> in &#8220;Florianka&#8221; Recital Hall at Sereno Fenn\u2019a 15.<\/p>\n<p style=\"text-align: justify;\">We would like to kindly inform those interested that, in accordance with the long-standing tradition, there will be a special intention mass celebrated for the community of the Krzysztof Penderecki Academy of Music in Krakow. It will take place at the Church of the Holy Cross (Ko\u015bci\u00f3\u0142 pw. \u015awi\u0119tego Krzy\u017ca) in Krak\u00f3w, at \u015bw. Krzy\u017ca 23, on Sunday, <strong>9 October, at 12:00<\/strong>.<\/p>\n<h6>Wednesday, 5 October 2022, 12 pm<br \/>\nFlorianka Recital Hall<br \/>\nul. Sereno Fenn&#8217;a 15<\/h6>\n<p><em>National anthem<\/em><\/p>\n<p>Address by the Rector, <strong>Prof. dr hab. Wojciech Wid\u0142ak<\/strong><\/p>\n<p>Immatriculation<\/p>\n<p><em>Gaudeamus igitur<\/em><\/p>\n<p>Address by the President of the Student Government <strong>Zuzanna Haberka<\/strong><\/p>\n<p>Ceremony of awarding state decorations and national awards<\/p>\n<p>Addresses of the invited guests<\/p>\n<p>Opening ceremony lecture by<br \/>\n<strong>dr hab. Ma\u0142gorzata Janicka-S\u0142ysz, prof. AMKP<\/strong><br \/>\n<em>Karol Szymanowski and his vision of musical culture<\/em><\/p>\n<p><em>Gaude Mater Polonia<\/em><\/p>\n<p>Artistic programme:<\/p>\n<p>Witold Lutos\u0142awski <em>Trio for Oboe, Clarinet and Bassoon<\/em><br \/>\nI Allegro moderato<br \/>\nII Poco adagio<br \/>\nIII Allegro giocoso (Rondo)<\/p>\n<p><strong>LLLeggiero Woodwind Trio:<\/strong><br \/>\n<strong>Maksymilian Lipie\u0144<\/strong> oboe<br \/>\n<strong>Piotr Lato<\/strong> clarinet<br \/>\n<strong>Damian Lipie\u0144<\/strong> bassoon<\/p>","protected":false},"excerpt":{"rendered":"<p>The Rector and the Senate of the Krzysztof Penderecki Academy of Music in Krak\u00f3w are honoured to invite all students, teachers and staff to the opening ceremony of the academic&hellip; <a href=\"https:\/\/www.amuz.krakow.pl\/en\/inauguracja-roku-akademickiego-2022-2023\/\">Continue reading<\/a><\/p>\n","protected":false},"author":72,"featured_media":66006,"parent":0,"menu_order":0,"comment_status":"closed","ping_status":"closed","template":"","meta":{"footnotes":"","_links_to":"","_links_to_target":""},"class_list":["post-66004","page","type-page","status-publish","has-post-thumbnail","hentry"],"yoast_head":"<!-- This site is optimized with the Yoast SEO plugin v27.2 - https:\/\/yoast.com\/product\/yoast-seo-wordpress\/ -->\n<title>AMKP - Akademia Muzyczna im. Krzysztofa Pendereckiego w Krakowie<\/title>\n<meta name=\"robots\" content=\"index, follow, max-snippet:-1, max-image-preview:large, max-video-preview:-1\" \/>\n<link rel=\"canonical\" href=\"https:\/\/www.amuz.krakow.pl\/inauguracja-roku-akademickiego-2022-2023\/\" \/>\n<meta property=\"og:locale\" content=\"en_US\" \/>\n<meta property=\"og:type\" content=\"article\" \/>\n<meta property=\"og:title\" content=\"AMKP - Akademia Muzyczna im. Krzysztofa Pendereckiego w Krakowie\" \/>\n<meta property=\"og:description\" content=\"The Rector and the Senate of the Krzysztof Penderecki Academy of Music in Krak\u00f3w are honoured to invite all students, teachers and staff to the opening ceremony of the academic&hellip; Continue reading\" \/>\n<meta property=\"og:url\" content=\"https:\/\/www.amuz.krakow.pl\/inauguracja-roku-akademickiego-2022-2023\/\" \/>\n<meta property=\"og:site_name\" content=\"Akademia Muzyczna im. Krzysztofa Pendereckiego w Krakowie\" \/>\n<meta property=\"article:publisher\" content=\"https:\/\/www.facebook.com\/amuz.krakow\" \/>\n<meta property=\"article:modified_time\" content=\"2022-09-27T12:29:39+00:00\" \/>\n<meta property=\"og:image\" content=\"https:\/\/www.amuz.krakow.pl\/wp-content\/uploads\/2022\/09\/inauguracja-2022-web.png\" \/>\n\t<meta property=\"og:image:width\" content=\"1200\" \/>\n\t<meta property=\"og:image:height\" content=\"599\" \/>\n\t<meta property=\"og:image:type\" content=\"image\/png\" \/>\n<meta name=\"twitter:card\" content=\"summary_large_image\" \/>\n<meta name=\"twitter:label1\" content=\"Est. reading time\" \/>\n\t<meta name=\"twitter:data1\" content=\"2 minutes\" \/>\n<script type=\"application\/ld+json\" class=\"yoast-schema-graph\">{\"@context\":\"https:\/\/schema.org\",\"@graph\":[{\"@type\":\"WebPage\",\"@id\":\"https:\/\/www.amuz.krakow.pl\/inauguracja-roku-akademickiego-2022-2023\/\",\"url\":\"https:\/\/www.amuz.krakow.pl\/inauguracja-roku-akademickiego-2022-2023\/\",\"name\":\"AMKP - Akademia Muzyczna im. Krzysztofa Pendereckiego w Krakowie\",\"isPartOf\":{\"@id\":\"https:\/\/www.amuz.krakow.pl\/#website\"},\"primaryImageOfPage\":{\"@id\":\"https:\/\/www.amuz.krakow.pl\/inauguracja-roku-akademickiego-2022-2023\/#primaryimage\"},\"image\":{\"@id\":\"https:\/\/www.amuz.krakow.pl\/inauguracja-roku-akademickiego-2022-2023\/#primaryimage\"},\"thumbnailUrl\":\"https:\/\/www.amuz.krakow.pl\/wp-content\/uploads\/2022\/09\/inauguracja-2022-web.png\",\"datePublished\":\"2022-09-27T12:16:48+00:00\",\"dateModified\":\"2022-09-27T12:29:39+00:00\",\"breadcrumb\":{\"@id\":\"https:\/\/www.amuz.krakow.pl\/inauguracja-roku-akademickiego-2022-2023\/#breadcrumb\"},\"inLanguage\":\"en-US\",\"potentialAction\":[{\"@type\":\"ReadAction\",\"target\":[\"https:\/\/www.amuz.krakow.pl\/inauguracja-roku-akademickiego-2022-2023\/\"]}]},{\"@type\":\"ImageObject\",\"inLanguage\":\"en-US\",\"@id\":\"https:\/\/www.amuz.krakow.pl\/inauguracja-roku-akademickiego-2022-2023\/#primaryimage\",\"url\":\"https:\/\/www.amuz.krakow.pl\/wp-content\/uploads\/2022\/09\/inauguracja-2022-web.png\",\"contentUrl\":\"https:\/\/www.amuz.krakow.pl\/wp-content\/uploads\/2022\/09\/inauguracja-2022-web.png\",\"width\":1200,\"height\":599},{\"@type\":\"BreadcrumbList\",\"@id\":\"https:\/\/www.amuz.krakow.pl\/inauguracja-roku-akademickiego-2022-2023\/#breadcrumb\",\"itemListElement\":[{\"@type\":\"ListItem\",\"position\":1,\"name\":\"Strona g\u0142\u00f3wna\",\"item\":\"https:\/\/www.amuz.krakow.pl\/\"},{\"@type\":\"ListItem\",\"position\":2,\"name\":\"Inauguracja roku akademickiego 2022\/2023\"}]},{\"@type\":\"WebSite\",\"@id\":\"https:\/\/www.amuz.krakow.pl\/#website\",\"url\":\"https:\/\/www.amuz.krakow.pl\/\",\"name\":\"Akademia Muzyczna im. Krzysztofa Pendereckiego w Krakowie\",\"description\":\"Oficjalna strona Akademii Muzycznej im. Krzysztofa Pendereckiego w Krakowie (AMKP).\",\"publisher\":{\"@id\":\"https:\/\/www.amuz.krakow.pl\/#organization\"},\"alternateName\":\"AMKP\",\"potentialAction\":[{\"@type\":\"SearchAction\",\"target\":{\"@type\":\"EntryPoint\",\"urlTemplate\":\"https:\/\/www.amuz.krakow.pl\/?s={search_term_string}\"},\"query-input\":{\"@type\":\"PropertyValueSpecification\",\"valueRequired\":true,\"valueName\":\"search_term_string\"}}],\"inLanguage\":\"en-US\"},{\"@type\":\"Organization\",\"@id\":\"https:\/\/www.amuz.krakow.pl\/#organization\",\"name\":\"Akademia Muzyczna im. Krzysztofa Pendereckiego w Krakowie\",\"alternateName\":\"AMKP\",\"url\":\"https:\/\/www.amuz.krakow.pl\/\",\"logo\":{\"@type\":\"ImageObject\",\"inLanguage\":\"en-US\",\"@id\":\"https:\/\/www.amuz.krakow.pl\/#\/schema\/logo\/image\/\",\"url\":\"https:\/\/www.amuz.krakow.pl\/wp-content\/uploads\/2021\/11\/amkp.jpg\",\"contentUrl\":\"https:\/\/www.amuz.krakow.pl\/wp-content\/uploads\/2021\/11\/amkp.jpg\",\"width\":1193,\"height\":591,\"caption\":\"Akademia Muzyczna im. Krzysztofa Pendereckiego w Krakowie\"},\"image\":{\"@id\":\"https:\/\/www.amuz.krakow.pl\/#\/schema\/logo\/image\/\"},\"sameAs\":[\"https:\/\/www.facebook.com\/amuz.krakow\",\"https:\/\/www.instagram.com\/amkpenderecki\/\",\"https:\/\/www.youtube.com\/@amkpenderecki4806\"]}]}<\/script>\n<!-- \/ Yoast SEO plugin. -->","yoast_head_json":{"title":"AMKP - Akademia Muzyczna im. Krzysztofa Pendereckiego w Krakowie","robots":{"index":"index","follow":"follow","max-snippet":"max-snippet:-1","max-image-preview":"max-image-preview:large","max-video-preview":"max-video-preview:-1"},"canonical":"https:\/\/www.amuz.krakow.pl\/inauguracja-roku-akademickiego-2022-2023\/","og_locale":"en_US","og_type":"article","og_title":"AMKP - Akademia Muzyczna im. Krzysztofa Pendereckiego w Krakowie","og_description":"The Rector and the Senate of the Krzysztof Penderecki Academy of Music in Krak\u00f3w are honoured to invite all students, teachers and staff to the opening ceremony of the academic&hellip; Continue reading","og_url":"https:\/\/www.amuz.krakow.pl\/inauguracja-roku-akademickiego-2022-2023\/","og_site_name":"Akademia Muzyczna im. Krzysztofa Pendereckiego w Krakowie","article_publisher":"https:\/\/www.facebook.com\/amuz.krakow","article_modified_time":"2022-09-27T12:29:39+00:00","og_image":[{"width":1200,"height":599,"url":"https:\/\/www.amuz.krakow.pl\/wp-content\/uploads\/2022\/09\/inauguracja-2022-web.png","type":"image\/png"}],"twitter_card":"summary_large_image","twitter_misc":{"Est. reading time":"2 minutes"},"schema":{"@context":"https:\/\/schema.org","@graph":[{"@type":"WebPage","@id":"https:\/\/www.amuz.krakow.pl\/inauguracja-roku-akademickiego-2022-2023\/","url":"https:\/\/www.amuz.krakow.pl\/inauguracja-roku-akademickiego-2022-2023\/","name":"AMKP - Akademia Muzyczna im. Krzysztofa Pendereckiego w Krakowie","isPartOf":{"@id":"https:\/\/www.amuz.krakow.pl\/#website"},"primaryImageOfPage":{"@id":"https:\/\/www.amuz.krakow.pl\/inauguracja-roku-akademickiego-2022-2023\/#primaryimage"},"image":{"@id":"https:\/\/www.amuz.krakow.pl\/inauguracja-roku-akademickiego-2022-2023\/#primaryimage"},"thumbnailUrl":"https:\/\/www.amuz.krakow.pl\/wp-content\/uploads\/2022\/09\/inauguracja-2022-web.png","datePublished":"2022-09-27T12:16:48+00:00","dateModified":"2022-09-27T12:29:39+00:00","breadcrumb":{"@id":"https:\/\/www.amuz.krakow.pl\/inauguracja-roku-akademickiego-2022-2023\/#breadcrumb"},"inLanguage":"en-US","potentialAction":[{"@type":"ReadAction","target":["https:\/\/www.amuz.krakow.pl\/inauguracja-roku-akademickiego-2022-2023\/"]}]},{"@type":"ImageObject","inLanguage":"en-US","@id":"https:\/\/www.amuz.krakow.pl\/inauguracja-roku-akademickiego-2022-2023\/#primaryimage","url":"https:\/\/www.amuz.krakow.pl\/wp-content\/uploads\/2022\/09\/inauguracja-2022-web.png","contentUrl":"https:\/\/www.amuz.krakow.pl\/wp-content\/uploads\/2022\/09\/inauguracja-2022-web.png","width":1200,"height":599},{"@type":"BreadcrumbList","@id":"https:\/\/www.amuz.krakow.pl\/inauguracja-roku-akademickiego-2022-2023\/#breadcrumb","itemListElement":[{"@type":"ListItem","position":1,"name":"Strona g\u0142\u00f3wna","item":"https:\/\/www.amuz.krakow.pl\/"},{"@type":"ListItem","position":2,"name":"Inauguracja roku akademickiego 2022\/2023"}]},{"@type":"WebSite","@id":"https:\/\/www.amuz.krakow.pl\/#website","url":"https:\/\/www.amuz.krakow.pl\/","name":"Akademia Muzyczna im. Krzysztofa Pendereckiego w Krakowie","description":"Oficjalna strona Akademii Muzycznej im. Krzysztofa Pendereckiego w Krakowie (AMKP).","publisher":{"@id":"https:\/\/www.amuz.krakow.pl\/#organization"},"alternateName":"AMKP","potentialAction":[{"@type":"SearchAction","target":{"@type":"EntryPoint","urlTemplate":"https:\/\/www.amuz.krakow.pl\/?s={search_term_string}"},"query-input":{"@type":"PropertyValueSpecification","valueRequired":true,"valueName":"search_term_string"}}],"inLanguage":"en-US"},{"@type":"Organization","@id":"https:\/\/www.amuz.krakow.pl\/#organization","name":"Akademia Muzyczna im. Krzysztofa Pendereckiego w Krakowie","alternateName":"AMKP","url":"https:\/\/www.amuz.krakow.pl\/","logo":{"@type":"ImageObject","inLanguage":"en-US","@id":"https:\/\/www.amuz.krakow.pl\/#\/schema\/logo\/image\/","url":"https:\/\/www.amuz.krakow.pl\/wp-content\/uploads\/2021\/11\/amkp.jpg","contentUrl":"https:\/\/www.amuz.krakow.pl\/wp-content\/uploads\/2021\/11\/amkp.jpg","width":1193,"height":591,"caption":"Akademia Muzyczna im. Krzysztofa Pendereckiego w Krakowie"},"image":{"@id":"https:\/\/www.amuz.krakow.pl\/#\/schema\/logo\/image\/"},"sameAs":["https:\/\/www.facebook.com\/amuz.krakow","https:\/\/www.instagram.com\/amkpenderecki\/","https:\/\/www.youtube.com\/@amkpenderecki4806"]}]}},"_links":{"self":[{"href":"https:\/\/www.amuz.krakow.pl\/en\/wp-json\/wp\/v2\/pages\/66004","targetHints":{"allow":["GET"]}}],"collection":[{"href":"https:\/\/www.amuz.krakow.pl\/en\/wp-json\/wp\/v2\/pages"}],"about":[{"href":"https:\/\/www.amuz.krakow.pl\/en\/wp-json\/wp\/v2\/types\/page"}],"author":[{"embeddable":true,"href":"https:\/\/www.amuz.krakow.pl\/en\/wp-json\/wp\/v2\/users\/72"}],"replies":[{"embeddable":true,"href":"https:\/\/www.amuz.krakow.pl\/en\/wp-json\/wp\/v2\/comments?post=66004"}],"version-history":[{"count":6,"href":"https:\/\/www.amuz.krakow.pl\/en\/wp-json\/wp\/v2\/pages\/66004\/revisions"}],"predecessor-version":[{"id":66040,"href":"https:\/\/www.amuz.krakow.pl\/en\/wp-json\/wp\/v2\/pages\/66004\/revisions\/66040"}],"wp:featuredmedia":[{"embeddable":true,"href":"https:\/\/www.amuz.krakow.pl\/en\/wp-json\/wp\/v2\/media\/66006"}],"wp:attachment":[{"href":"https:\/\/www.amuz.krakow.pl\/en\/wp-json\/wp\/v2\/media?parent=66004"}],"curies":[{"name":"wp","href":"https:\/\/api.w.org\/{rel}","templated":true}]}}