{"id":65724,"date":"2022-09-21T13:20:37","date_gmt":"2022-09-21T11:20:37","guid":{"rendered":"https:\/\/www.amuz.krakow.pl\/?page_id=65724"},"modified":"2023-01-16T10:44:36","modified_gmt":"2023-01-16T09:44:36","slug":"mgr-krzysztof-ksiazek","status":"publish","type":"page","link":"https:\/\/www.amuz.krakow.pl\/en\/wydzialy\/wydzial-ii-instrumentalny\/katedra-fortepianu\/pracownicy-katedry\/mgr-krzysztof-ksiazek\/","title":{"rendered":"dr Krzysztof Ksi\u0105\u017cek"},"content":{"rendered":"<p><figure id=\"attachment_68806\" aria-describedby=\"caption-attachment-68806\" style=\"width: 200px\" class=\"wp-caption aligncenter\"><a href=\"https:\/\/www.amuz.krakow.pl\/wp-content\/uploads\/2022\/11\/Krzysztof-Ksiazek-fot.-Bruno-Fidrych-BF180512_4545_BW1-scaled.jpg\" target=\"_blank\" rel=\"noopener\"><img loading=\"lazy\" decoding=\"async\" class=\"wp-image-68806 size-medium\" src=\"https:\/\/www.amuz.krakow.pl\/wp-content\/uploads\/2022\/11\/Krzysztof-Ksiazek-fot.-Bruno-Fidrych-BF180512_4545_BW1-200x300.jpg\" alt=\"\" width=\"200\" height=\"300\" srcset=\"https:\/\/www.amuz.krakow.pl\/wp-content\/uploads\/2022\/11\/Krzysztof-Ksiazek-fot.-Bruno-Fidrych-BF180512_4545_BW1-200x300.jpg 200w, https:\/\/www.amuz.krakow.pl\/wp-content\/uploads\/2022\/11\/Krzysztof-Ksiazek-fot.-Bruno-Fidrych-BF180512_4545_BW1-scaled.jpg 1365w, https:\/\/www.amuz.krakow.pl\/wp-content\/uploads\/2022\/11\/Krzysztof-Ksiazek-fot.-Bruno-Fidrych-BF180512_4545_BW1-768x1152.jpg 768w, https:\/\/www.amuz.krakow.pl\/wp-content\/uploads\/2022\/11\/Krzysztof-Ksiazek-fot.-Bruno-Fidrych-BF180512_4545_BW1-1024x1536.jpg 1024w\" sizes=\"auto, (max-width: 200px) 100vw, 200px\" \/><\/a><figcaption id=\"caption-attachment-68806\" class=\"wp-caption-text\">Photo by Bruno Fidrych \/ Ludwig van Beethoven Association<\/figcaption><\/figure><\/p>\n<p>Krzysztof Ksi\u0105\u017cek was a semi-finalist and recipient of two special prizes at the 17th International Fryderyk Chopin Piano Competition in Warsaw as well as the 3rd Prize and the special prize for the best performance of Mazurkas at the 1st International Chopin Competition on Period Instruments. Awarded and appreciated for his performance of Fryderyk Chopin\u2019s music and Polish music.<\/p>\n<p>The artist has performed at numerous festivals in Poland and abroad, among others: International Chopin Festival in Duszniki Zdr\u00f3j, Festival \u201cChopin and His Europe\u201d, Festival Chopin \u00e0 Paris, New Year Music Festival in Gstaad, Ludwig van Beethoven Easter Festival in Warsaw. He has given concerts in Europe, Africa, the United States and Asia. He has performed under the baton of such conductors as Antoni Wit, Jacek Kaspszyk, Tadeusz Struga\u0142a, Grzegorz Nowak, V\u00e1clav Luks, Jose Maria Florencio, Yu Feng, George Tchitchinadze, \u0141ukasz Borowicz and Ewa Strusi\u0144ska.<\/p>\n<p>A wide area of musical interests places him among the most universal artists of his generation. Apart from the canon of works by the most famous composers, he also reaches for less known pieces (e.g. Piano Concerto by S. Wis\u0142ocki, Symphonic Rhapsody for piano and orchestra by Z. Stojowski, Variations on a Nursery Theme by E. von Dohnanyi, or Yellow River Piano Concerto). He does not avoid the newest music either (Concerto for piano and percussion by Zbigniew Bargielski, piano music by Rafa\u0142 Augustyn).<\/p>\n<p>The artist derives great joy from performing music on historical instruments, the best proof of which, apart from cooperation with such ensembles as Orchestra of the Eighteenth Century, Collegium 1704 or {oh!} Historical Orchestra, is the recording of a recital on a replica of Chopin\u2019s Warsaw piano \u2013 Buchholtz from about 1825. An important part of his activity is chamber music, which he studied under Prof. Kaja Danczowska, Prof. Maria Szwajger-Ku\u0142akowska and Dr. S\u0142awomir Cierpik.<\/p>\n<p>Together with his wife Agnieszka Zahaczewska-Ksi\u0105\u017cek, he co-founded the Ksi\u0105\u017cek Piano Duo. The ensemble won First Prize at the Second International Polish Music Competition in Rzesz\u00f3w (2021). It permanently cooperates with singer and composer Agata Zubel. Their album \u201cApparition\u201d with songs by 20th century composers was awarded with FRYDERYK 2020. The pianist\u2019s discography includes, apart from the aforementioned, records with Chopin\u2019s music and suites for two pianos by Anton Arensky and Sergey Rachmaninov.<\/p>\n<p>Krzysztof Ksi\u0105\u017cek is a graduate of the Academies of Music in Krak\u00f3w and Bydgoszcz in the class of Professor Stefan Wojtas. Currently, as part of his postgraduate studies in the class of Professor Arie Vardi, he is studying at the Hochschule f\u00fcr Musik, Theater und Medien Hannover. He was a recipient of the \u201cM\u0142oda Polska\u201d scholarship programme. In March 2014, he was awarded the Krystian Zimerman Scholarship.<\/p>\n<p>Krzysztof Ksi\u0105\u017cek is represented by the Ludwig van Beethoven Association.<\/p>\n<p><a href=\"mailto:krzysztof.ksiazek@amuz.krakow.pl\">krzysztof.ksiazek@amuz.krakow.pl<\/a><\/p>","protected":false},"excerpt":{"rendered":"<p>Krzysztof Ksi\u0105\u017cek was a semi-finalist and recipient of two special prizes at the 17th International Fryderyk Chopin Piano Competition in Warsaw as well as the 3rd Prize and the special&hellip; <a href=\"https:\/\/www.amuz.krakow.pl\/en\/wydzialy\/wydzial-ii-instrumentalny\/katedra-fortepianu\/pracownicy-katedry\/mgr-krzysztof-ksiazek\/\">Continue reading<\/a><\/p>\n","protected":false},"author":72,"featured_media":0,"parent":1641,"menu_order":129,"comment_status":"closed","ping_status":"closed","template":"","meta":{"footnotes":"","_links_to":"","_links_to_target":""},"class_list":["post-65724","page","type-page","status-publish","hentry"],"yoast_head":"<!-- This site is optimized with the Yoast SEO plugin v27.2 - https:\/\/yoast.com\/product\/yoast-seo-wordpress\/ -->\n<title>AMKP - Akademia Muzyczna im. Krzysztofa Pendereckiego w Krakowie<\/title>\n<meta name=\"robots\" content=\"index, follow, max-snippet:-1, max-image-preview:large, max-video-preview:-1\" \/>\n<link rel=\"canonical\" href=\"https:\/\/www.amuz.krakow.pl\/wydzialy\/wydzial-ii-instrumentalny\/katedra-fortepianu\/pracownicy-katedry\/mgr-krzysztof-ksiazek\/\" \/>\n<meta property=\"og:locale\" content=\"en_US\" \/>\n<meta property=\"og:type\" content=\"article\" \/>\n<meta property=\"og:title\" content=\"AMKP - Akademia Muzyczna im. Krzysztofa Pendereckiego w Krakowie\" \/>\n<meta property=\"og:description\" content=\"Krzysztof Ksi\u0105\u017cek was a semi-finalist and recipient of two special prizes at the 17th International Fryderyk Chopin Piano Competition in Warsaw as well as the 3rd Prize and the special&hellip; Continue reading\" \/>\n<meta property=\"og:url\" content=\"https:\/\/www.amuz.krakow.pl\/wydzialy\/wydzial-ii-instrumentalny\/katedra-fortepianu\/pracownicy-katedry\/mgr-krzysztof-ksiazek\/\" \/>\n<meta property=\"og:site_name\" content=\"Akademia Muzyczna im. Krzysztofa Pendereckiego w Krakowie\" \/>\n<meta property=\"article:publisher\" content=\"https:\/\/www.facebook.com\/amuz.krakow\" \/>\n<meta property=\"article:modified_time\" content=\"2023-01-16T09:44:36+00:00\" \/>\n<meta property=\"og:image\" content=\"https:\/\/www.amuz.krakow.pl\/wp-content\/uploads\/2022\/11\/Krzysztof-Ksiazek-fot.-Bruno-Fidrych-BF180512_4545_BW1-200x300.jpg\" \/>\n<meta name=\"twitter:card\" content=\"summary_large_image\" \/>\n<meta name=\"twitter:label1\" content=\"Est. reading time\" \/>\n\t<meta name=\"twitter:data1\" content=\"4 minutes\" \/>\n<script type=\"application\/ld+json\" class=\"yoast-schema-graph\">{\"@context\":\"https:\/\/schema.org\",\"@graph\":[{\"@type\":\"WebPage\",\"@id\":\"https:\/\/www.amuz.krakow.pl\/wydzialy\/wydzial-ii-instrumentalny\/katedra-fortepianu\/pracownicy-katedry\/mgr-krzysztof-ksiazek\/\",\"url\":\"https:\/\/www.amuz.krakow.pl\/wydzialy\/wydzial-ii-instrumentalny\/katedra-fortepianu\/pracownicy-katedry\/mgr-krzysztof-ksiazek\/\",\"name\":\"AMKP - Akademia Muzyczna im. Krzysztofa Pendereckiego w Krakowie\",\"isPartOf\":{\"@id\":\"https:\/\/www.amuz.krakow.pl\/#website\"},\"primaryImageOfPage\":{\"@id\":\"https:\/\/www.amuz.krakow.pl\/wydzialy\/wydzial-ii-instrumentalny\/katedra-fortepianu\/pracownicy-katedry\/mgr-krzysztof-ksiazek\/#primaryimage\"},\"image\":{\"@id\":\"https:\/\/www.amuz.krakow.pl\/wydzialy\/wydzial-ii-instrumentalny\/katedra-fortepianu\/pracownicy-katedry\/mgr-krzysztof-ksiazek\/#primaryimage\"},\"thumbnailUrl\":\"https:\/\/www.amuz.krakow.pl\/wp-content\/uploads\/2022\/11\/Krzysztof-Ksiazek-fot.-Bruno-Fidrych-BF180512_4545_BW1-200x300.jpg\",\"datePublished\":\"2022-09-21T11:20:37+00:00\",\"dateModified\":\"2023-01-16T09:44:36+00:00\",\"breadcrumb\":{\"@id\":\"https:\/\/www.amuz.krakow.pl\/wydzialy\/wydzial-ii-instrumentalny\/katedra-fortepianu\/pracownicy-katedry\/mgr-krzysztof-ksiazek\/#breadcrumb\"},\"inLanguage\":\"en-US\",\"potentialAction\":[{\"@type\":\"ReadAction\",\"target\":[\"https:\/\/www.amuz.krakow.pl\/wydzialy\/wydzial-ii-instrumentalny\/katedra-fortepianu\/pracownicy-katedry\/mgr-krzysztof-ksiazek\/\"]}]},{\"@type\":\"ImageObject\",\"inLanguage\":\"en-US\",\"@id\":\"https:\/\/www.amuz.krakow.pl\/wydzialy\/wydzial-ii-instrumentalny\/katedra-fortepianu\/pracownicy-katedry\/mgr-krzysztof-ksiazek\/#primaryimage\",\"url\":\"https:\/\/www.amuz.krakow.pl\/wp-content\/uploads\/2022\/11\/Krzysztof-Ksiazek-fot.-Bruno-Fidrych-BF180512_4545_BW1-200x300.jpg\",\"contentUrl\":\"https:\/\/www.amuz.krakow.pl\/wp-content\/uploads\/2022\/11\/Krzysztof-Ksiazek-fot.-Bruno-Fidrych-BF180512_4545_BW1-200x300.jpg\"},{\"@type\":\"BreadcrumbList\",\"@id\":\"https:\/\/www.amuz.krakow.pl\/wydzialy\/wydzial-ii-instrumentalny\/katedra-fortepianu\/pracownicy-katedry\/mgr-krzysztof-ksiazek\/#breadcrumb\",\"itemListElement\":[{\"@type\":\"ListItem\",\"position\":1,\"name\":\"Strona g\u0142\u00f3wna\",\"item\":\"https:\/\/www.amuz.krakow.pl\/\"},{\"@type\":\"ListItem\",\"position\":2,\"name\":\"WYDZIA\u0141Y\",\"item\":\"https:\/\/www.amuz.krakow.pl\/wydzialy\/\"},{\"@type\":\"ListItem\",\"position\":3,\"name\":\"Wydzia\u0142 Instrumentalny\",\"item\":\"https:\/\/www.amuz.krakow.pl\/wydzialy\/wydzial-ii-instrumentalny\/\"},{\"@type\":\"ListItem\",\"position\":4,\"name\":\"Katedra Fortepianu\",\"item\":\"https:\/\/www.amuz.krakow.pl\/wydzialy\/wydzial-ii-instrumentalny\/katedra-fortepianu\/\"},{\"@type\":\"ListItem\",\"position\":5,\"name\":\"Pracownicy Katedry\",\"item\":\"https:\/\/www.amuz.krakow.pl\/wydzialy\/wydzial-ii-instrumentalny\/katedra-fortepianu\/pracownicy-katedry\/\"},{\"@type\":\"ListItem\",\"position\":6,\"name\":\"dr Krzysztof Ksi\u0105\u017cek\"}]},{\"@type\":\"WebSite\",\"@id\":\"https:\/\/www.amuz.krakow.pl\/#website\",\"url\":\"https:\/\/www.amuz.krakow.pl\/\",\"name\":\"Akademia Muzyczna im. Krzysztofa Pendereckiego w Krakowie\",\"description\":\"Oficjalna strona Akademii Muzycznej im. Krzysztofa Pendereckiego w Krakowie (AMKP).\",\"publisher\":{\"@id\":\"https:\/\/www.amuz.krakow.pl\/#organization\"},\"alternateName\":\"AMKP\",\"potentialAction\":[{\"@type\":\"SearchAction\",\"target\":{\"@type\":\"EntryPoint\",\"urlTemplate\":\"https:\/\/www.amuz.krakow.pl\/?s={search_term_string}\"},\"query-input\":{\"@type\":\"PropertyValueSpecification\",\"valueRequired\":true,\"valueName\":\"search_term_string\"}}],\"inLanguage\":\"en-US\"},{\"@type\":\"Organization\",\"@id\":\"https:\/\/www.amuz.krakow.pl\/#organization\",\"name\":\"Akademia Muzyczna im. Krzysztofa Pendereckiego w Krakowie\",\"alternateName\":\"AMKP\",\"url\":\"https:\/\/www.amuz.krakow.pl\/\",\"logo\":{\"@type\":\"ImageObject\",\"inLanguage\":\"en-US\",\"@id\":\"https:\/\/www.amuz.krakow.pl\/#\/schema\/logo\/image\/\",\"url\":\"https:\/\/www.amuz.krakow.pl\/wp-content\/uploads\/2021\/11\/amkp.jpg\",\"contentUrl\":\"https:\/\/www.amuz.krakow.pl\/wp-content\/uploads\/2021\/11\/amkp.jpg\",\"width\":1193,\"height\":591,\"caption\":\"Akademia Muzyczna im. Krzysztofa Pendereckiego w Krakowie\"},\"image\":{\"@id\":\"https:\/\/www.amuz.krakow.pl\/#\/schema\/logo\/image\/\"},\"sameAs\":[\"https:\/\/www.facebook.com\/amuz.krakow\",\"https:\/\/www.instagram.com\/amkpenderecki\/\",\"https:\/\/www.youtube.com\/@amkpenderecki4806\"]}]}<\/script>\n<!-- \/ Yoast SEO plugin. -->","yoast_head_json":{"title":"AMKP - Akademia Muzyczna im. Krzysztofa Pendereckiego w Krakowie","robots":{"index":"index","follow":"follow","max-snippet":"max-snippet:-1","max-image-preview":"max-image-preview:large","max-video-preview":"max-video-preview:-1"},"canonical":"https:\/\/www.amuz.krakow.pl\/wydzialy\/wydzial-ii-instrumentalny\/katedra-fortepianu\/pracownicy-katedry\/mgr-krzysztof-ksiazek\/","og_locale":"en_US","og_type":"article","og_title":"AMKP - Akademia Muzyczna im. Krzysztofa Pendereckiego w Krakowie","og_description":"Krzysztof Ksi\u0105\u017cek was a semi-finalist and recipient of two special prizes at the 17th International Fryderyk Chopin Piano Competition in Warsaw as well as the 3rd Prize and the special&hellip; Continue reading","og_url":"https:\/\/www.amuz.krakow.pl\/wydzialy\/wydzial-ii-instrumentalny\/katedra-fortepianu\/pracownicy-katedry\/mgr-krzysztof-ksiazek\/","og_site_name":"Akademia Muzyczna im. Krzysztofa Pendereckiego w Krakowie","article_publisher":"https:\/\/www.facebook.com\/amuz.krakow","article_modified_time":"2023-01-16T09:44:36+00:00","og_image":[{"url":"https:\/\/www.amuz.krakow.pl\/wp-content\/uploads\/2022\/11\/Krzysztof-Ksiazek-fot.-Bruno-Fidrych-BF180512_4545_BW1-200x300.jpg","type":"","width":"","height":""}],"twitter_card":"summary_large_image","twitter_misc":{"Est. reading time":"4 minutes"},"schema":{"@context":"https:\/\/schema.org","@graph":[{"@type":"WebPage","@id":"https:\/\/www.amuz.krakow.pl\/wydzialy\/wydzial-ii-instrumentalny\/katedra-fortepianu\/pracownicy-katedry\/mgr-krzysztof-ksiazek\/","url":"https:\/\/www.amuz.krakow.pl\/wydzialy\/wydzial-ii-instrumentalny\/katedra-fortepianu\/pracownicy-katedry\/mgr-krzysztof-ksiazek\/","name":"AMKP - Akademia Muzyczna im. Krzysztofa Pendereckiego w Krakowie","isPartOf":{"@id":"https:\/\/www.amuz.krakow.pl\/#website"},"primaryImageOfPage":{"@id":"https:\/\/www.amuz.krakow.pl\/wydzialy\/wydzial-ii-instrumentalny\/katedra-fortepianu\/pracownicy-katedry\/mgr-krzysztof-ksiazek\/#primaryimage"},"image":{"@id":"https:\/\/www.amuz.krakow.pl\/wydzialy\/wydzial-ii-instrumentalny\/katedra-fortepianu\/pracownicy-katedry\/mgr-krzysztof-ksiazek\/#primaryimage"},"thumbnailUrl":"https:\/\/www.amuz.krakow.pl\/wp-content\/uploads\/2022\/11\/Krzysztof-Ksiazek-fot.-Bruno-Fidrych-BF180512_4545_BW1-200x300.jpg","datePublished":"2022-09-21T11:20:37+00:00","dateModified":"2023-01-16T09:44:36+00:00","breadcrumb":{"@id":"https:\/\/www.amuz.krakow.pl\/wydzialy\/wydzial-ii-instrumentalny\/katedra-fortepianu\/pracownicy-katedry\/mgr-krzysztof-ksiazek\/#breadcrumb"},"inLanguage":"en-US","potentialAction":[{"@type":"ReadAction","target":["https:\/\/www.amuz.krakow.pl\/wydzialy\/wydzial-ii-instrumentalny\/katedra-fortepianu\/pracownicy-katedry\/mgr-krzysztof-ksiazek\/"]}]},{"@type":"ImageObject","inLanguage":"en-US","@id":"https:\/\/www.amuz.krakow.pl\/wydzialy\/wydzial-ii-instrumentalny\/katedra-fortepianu\/pracownicy-katedry\/mgr-krzysztof-ksiazek\/#primaryimage","url":"https:\/\/www.amuz.krakow.pl\/wp-content\/uploads\/2022\/11\/Krzysztof-Ksiazek-fot.-Bruno-Fidrych-BF180512_4545_BW1-200x300.jpg","contentUrl":"https:\/\/www.amuz.krakow.pl\/wp-content\/uploads\/2022\/11\/Krzysztof-Ksiazek-fot.-Bruno-Fidrych-BF180512_4545_BW1-200x300.jpg"},{"@type":"BreadcrumbList","@id":"https:\/\/www.amuz.krakow.pl\/wydzialy\/wydzial-ii-instrumentalny\/katedra-fortepianu\/pracownicy-katedry\/mgr-krzysztof-ksiazek\/#breadcrumb","itemListElement":[{"@type":"ListItem","position":1,"name":"Strona g\u0142\u00f3wna","item":"https:\/\/www.amuz.krakow.pl\/"},{"@type":"ListItem","position":2,"name":"WYDZIA\u0141Y","item":"https:\/\/www.amuz.krakow.pl\/wydzialy\/"},{"@type":"ListItem","position":3,"name":"Wydzia\u0142 Instrumentalny","item":"https:\/\/www.amuz.krakow.pl\/wydzialy\/wydzial-ii-instrumentalny\/"},{"@type":"ListItem","position":4,"name":"Katedra Fortepianu","item":"https:\/\/www.amuz.krakow.pl\/wydzialy\/wydzial-ii-instrumentalny\/katedra-fortepianu\/"},{"@type":"ListItem","position":5,"name":"Pracownicy Katedry","item":"https:\/\/www.amuz.krakow.pl\/wydzialy\/wydzial-ii-instrumentalny\/katedra-fortepianu\/pracownicy-katedry\/"},{"@type":"ListItem","position":6,"name":"dr Krzysztof Ksi\u0105\u017cek"}]},{"@type":"WebSite","@id":"https:\/\/www.amuz.krakow.pl\/#website","url":"https:\/\/www.amuz.krakow.pl\/","name":"Akademia Muzyczna im. Krzysztofa Pendereckiego w Krakowie","description":"Oficjalna strona Akademii Muzycznej im. Krzysztofa Pendereckiego w Krakowie (AMKP).","publisher":{"@id":"https:\/\/www.amuz.krakow.pl\/#organization"},"alternateName":"AMKP","potentialAction":[{"@type":"SearchAction","target":{"@type":"EntryPoint","urlTemplate":"https:\/\/www.amuz.krakow.pl\/?s={search_term_string}"},"query-input":{"@type":"PropertyValueSpecification","valueRequired":true,"valueName":"search_term_string"}}],"inLanguage":"en-US"},{"@type":"Organization","@id":"https:\/\/www.amuz.krakow.pl\/#organization","name":"Akademia Muzyczna im. Krzysztofa Pendereckiego w Krakowie","alternateName":"AMKP","url":"https:\/\/www.amuz.krakow.pl\/","logo":{"@type":"ImageObject","inLanguage":"en-US","@id":"https:\/\/www.amuz.krakow.pl\/#\/schema\/logo\/image\/","url":"https:\/\/www.amuz.krakow.pl\/wp-content\/uploads\/2021\/11\/amkp.jpg","contentUrl":"https:\/\/www.amuz.krakow.pl\/wp-content\/uploads\/2021\/11\/amkp.jpg","width":1193,"height":591,"caption":"Akademia Muzyczna im. Krzysztofa Pendereckiego w Krakowie"},"image":{"@id":"https:\/\/www.amuz.krakow.pl\/#\/schema\/logo\/image\/"},"sameAs":["https:\/\/www.facebook.com\/amuz.krakow","https:\/\/www.instagram.com\/amkpenderecki\/","https:\/\/www.youtube.com\/@amkpenderecki4806"]}]}},"_links":{"self":[{"href":"https:\/\/www.amuz.krakow.pl\/en\/wp-json\/wp\/v2\/pages\/65724","targetHints":{"allow":["GET"]}}],"collection":[{"href":"https:\/\/www.amuz.krakow.pl\/en\/wp-json\/wp\/v2\/pages"}],"about":[{"href":"https:\/\/www.amuz.krakow.pl\/en\/wp-json\/wp\/v2\/types\/page"}],"author":[{"embeddable":true,"href":"https:\/\/www.amuz.krakow.pl\/en\/wp-json\/wp\/v2\/users\/72"}],"replies":[{"embeddable":true,"href":"https:\/\/www.amuz.krakow.pl\/en\/wp-json\/wp\/v2\/comments?post=65724"}],"version-history":[{"count":4,"href":"https:\/\/www.amuz.krakow.pl\/en\/wp-json\/wp\/v2\/pages\/65724\/revisions"}],"predecessor-version":[{"id":68807,"href":"https:\/\/www.amuz.krakow.pl\/en\/wp-json\/wp\/v2\/pages\/65724\/revisions\/68807"}],"up":[{"embeddable":true,"href":"https:\/\/www.amuz.krakow.pl\/en\/wp-json\/wp\/v2\/pages\/1641"}],"wp:attachment":[{"href":"https:\/\/www.amuz.krakow.pl\/en\/wp-json\/wp\/v2\/media?parent=65724"}],"curies":[{"name":"wp","href":"https:\/\/api.w.org\/{rel}","templated":true}]}}