{"id":65336,"date":"2022-09-08T13:47:25","date_gmt":"2022-09-08T11:47:25","guid":{"rendered":"https:\/\/www.amuz.krakow.pl\/?page_id=65336"},"modified":"2022-10-19T11:54:12","modified_gmt":"2022-10-19T09:54:12","slug":"konferencja-strefa","status":"publish","type":"page","link":"https:\/\/www.amuz.krakow.pl\/en\/wydzialy\/wydzial-i-tworczosci-interpretacji-i-edukacji-muzycznej\/katedra-kompozycji\/aktualnosci22\/konferencja-strefa\/","title":{"rendered":"STREFA Conference | 13-15.10.2022"},"content":{"rendered":"<p><a href=\"https:\/\/www.amuz.krakow.pl\/wp-content\/uploads\/2022\/10\/strefa-plakat.jpg\" target=\"_blank\" rel=\"noopener\"><img loading=\"lazy\" decoding=\"async\" class=\"alignleft wp-image-66254 size-full\" src=\"https:\/\/www.amuz.krakow.pl\/wp-content\/uploads\/2022\/10\/strefa-plakat.jpg\" alt=\"\" width=\"1200\" height=\"1721\" srcset=\"https:\/\/www.amuz.krakow.pl\/wp-content\/uploads\/2022\/10\/strefa-plakat.jpg 1200w, https:\/\/www.amuz.krakow.pl\/wp-content\/uploads\/2022\/10\/strefa-plakat-209x300.jpg 209w, https:\/\/www.amuz.krakow.pl\/wp-content\/uploads\/2022\/10\/strefa-plakat-768x1101.jpg 768w, https:\/\/www.amuz.krakow.pl\/wp-content\/uploads\/2022\/10\/strefa-plakat-1071x1536.jpg 1071w\" sizes=\"auto, (max-width: 1200px) 100vw, 1200px\" \/><\/a><\/p>\n<p><strong>The Zone conference<\/strong> concerns both time and space and their specific zonal approach to contemporary art, electroacoustic music, audiovisual and interactive art, media art and sound art, and other forms of artistic activity using modern technology, both analog and digital.<\/p>\n<p>The conference is about art and science, it can also refer to politics, social and military strategies and many others. Zoning in these areas has become one of the<br \/>\nmost important determinants of modern civilization and its culture.<\/p>\n<p>All events will take place <strong>between 13-15 October 2022<\/strong> at \u015bw. Tomasza 43 in Krak\u00f3w.<\/p>\n<p>Please join the conference!<\/p>\n<p><a href=\"https:\/\/www.amuz.krakow.pl\/wp-content\/uploads\/doc\/Strefa.pdf\">Strefa &#8211; call for papers<\/a><\/p>\n<p><strong>Conference Coordinator:<\/strong><br \/>\nProf. Marek Choloniewski<br \/>\nmarek.choloniewski@amuz.krakow.pl<\/p>\n<h6>PROGRAMME<\/h6>\n<h6>13 October 2022, 8 pm<br \/>\nAMKP Concert Hall<br \/>\nul. \u015bw. Tomasza 43<\/h6>\n<p>Concert<\/p>\n<p>Anton Stuk <em>russalochki go home!<\/em> (2022) UAEM<br \/>\nLaryssa Kim <em>Foresta Magique<\/em> (2022) M&amp;R<br \/>\nJon Christopher Nelson <em>Toward the Event Horizon<\/em> (2022) * CEMI<br \/>\nABC Trio <em>Memorias de un espacio compartido<\/em> (2022) FARME<br \/>\nAfshin Motlghfard <em>Piece for two or three channels<\/em> (2020) Spectro<br \/>\nMahoor Pourmoghadam <em>Another World<\/em> (2016) Spectro<br \/>\nMariana Vieira <em>The unexpected encounter with diversity<\/em> (2021) DME<br \/>\nCarolyn Borcherding <em>Life Is<\/em> (2018) SEAMUS<br \/>\nRobert McClure <em>bloom<\/em> (2021) SEAMUS<br \/>\nReyes Oteo <em>Martinete<\/em> (2018) * AMEE<br \/>\nPedro Linde <em>Le vol de nuit d\u2019Antonin Momo et Fran\u00e7oise Barri\u00e8re<\/em> (2021) AMEE<br \/>\nClarence Barlow <em>Evanescent Evidence<\/em> (2021) AMEE<br \/>\nStelios Giannoulakis <em>Particle Chant<\/em> (2019) HELMCA<br \/>\nFrancis Dhomont <em>Vol d&#8217;arondes<\/em> (<em>Flight of Swallows<\/em>) (1999-2001) France<\/p>\n<h6>14 October 2022<br \/>\nAMKP Chamber Hall<br \/>\nul. \u015bw. Tomasza 43<\/h6>\n<p><strong>10:00 &#8211; 10:30<\/strong> Marek Cho\u0142oniewski<br \/>\nIntroduction<\/p>\n<p><strong>10:30 &#8211; 11:00<\/strong> Myroslaw Trofymuk<br \/>\n<em>The Mutezone: brief sketch of Ukrainian independent music\u00a0<\/em><\/p>\n<p><strong>11:00 &#8211; 11:30<\/strong> Dorota B\u0142aszczak<br \/>\n<em>Sound timelapse and eco-acoustics<\/em><\/p>\n<p><strong>11:30 &#8211; 12:00<\/strong> German Toro-Perez<br \/>\n<em>On the epistemic potential of \u201elive\u201d electronic music<\/em><\/p>\n<p><strong>12:00 &#8211; 12:30<\/strong> Bo\u017cena Boba-Dyga<br \/>\n<em>The safety zone versus the anxiety zone on the example of the sound installation from the #Soundpictures series entitled Borderlands and afterimages of Bo\u017cena Boba-Dyga<\/em><\/p>\n<p><strong>12:30 &#8211; 13:00<\/strong> Adam Stanowi\u0107<br \/>\n<em>Spaces, Places, and the Democratic Right to Sculpt: reflections on three recent acousmatic compositions \/ Przestrzenie, miejsca i demokratyczne prawo do rze\u017aby: refleksje na temat trzech ostatnich kompozycji akusmatycznych<\/em><\/p>\n<p><strong>13:00 &#8211; 13:30<\/strong> Todor Todorof<br \/>\n<em>Reflexions about my compositional processes, their evolution and the importance of the musical gesture \/ Refleksje na temat moich proces\u00f3w kompozytorskich, ich ewolucji i znaczenia gestu muzycznego<\/em><\/p>\n<p><strong>14:30 &#8211; 15:00 <\/strong>Piotr Peszat<br \/>\n<em>Non-Lieux #1 (Krak\u00f3w, \u015bw. Tomasza 43)<\/em><\/p>\n<p><strong>15:00 &#8211; 15:30 <\/strong>Artur Tajber<br \/>\n<em>Sekwencja czasu \/ Time sequence<\/em><\/p>\n<p><strong>15:30 &#8211; 16:00<\/strong> Monika Tomaszewska<br \/>\n<em>Zamiana r\u00f3l. Wp\u0142yw artywizmu na indyferencj\u0119 wsp\u00f3\u0142czesnego cz\u0142owieka \/ influence of artivism on the indifference of modern man<\/em><\/p>\n<p><strong>16:00 &#8211; 16:30 <\/strong>Pawe\u0142 Malinowski<br \/>\n<em>Cyfrowe narz\u0119dzie wspieraj\u0105ce proces kompozycji na zesp\u00f3\u0142 instrumentalny \/ <\/em><em>A digital tool supporting the process of composition for an instrumental ensemble<\/em><\/p>\n<h6>14 October 2022, 7 pm<br \/>\nAMKP Concert Hall<br \/>\nul. \u015bw. Tomasza 43<\/h6>\n<p>Concert<\/p>\n<p>Piotr Roemer <em>Panopticum. Is this the end?<\/em> (2020) * PSeME<br \/>\nEdward Sielicki <em>Big Softness<\/em> (2022) * PSeME<\/p>\n<p><strong>Karol \u017bmija<\/strong> percussion<br \/>\n<strong>Edward Sielicki<\/strong> electronics<\/p>\n<p>Harmony <em>Mac\u00e9donie<\/em> (2021) ICST<br \/>\nManolo M\u00fcller <em>mubtuuukbbunh<\/em> (2021) ICST<br \/>\nAxel Kolb <em>Billes<\/em> (2022) ICST<br \/>\nDimitri Coppe <em>Fragment of a life<\/em> (2022) FeBeME<br \/>\nRapha\u00ebl Vens <em>Dans les spires du serpent<\/em> (2022) FeBeME<br \/>\nCharo Calvo <em>Le go\u00fbt des titres<\/em> (<em>The Taste of a Title<\/em>) (2022) FeBeME<br \/>\nTodor Todoroff<em> Tant de souvenirs<\/em> (2022) FeBeME<br \/>\nAdam Stanovi\u0107 <em>Baltazar\u2019s Adventure Through the Great Machine<\/em> (2019) BEAN<br \/>\nBerk Yagli <em>Ideological Distortion<\/em> (2020) BEAN<br \/>\nManuel Rocha Iturbide <em>Ecosistemas<\/em> (2009) AARSOM<br \/>\nAntonio Russek <em>Eight Short Pieces<\/em> (2019) AARSOM<br \/>\nMauricio San Emeterio Vald\u00e9z <em>Post Vodnikova 2<\/em> (2017) AARSOM<br \/>\nOleksandr Chornyi <em>Umbra<\/em> (2022) UAEM<\/p>\n<p><strong>Anastazja Krewniak<\/strong> violin<br \/>\n<strong>Jeremy Wexler<\/strong> electronics<\/p>\n<h6>15 October 2022<br \/>\nAMKP Chamber Hall<br \/>\nul. \u015bw. Tomasza 43<\/h6>\n<p><strong>10:00 &#8211; 10:30<\/strong> Maciej Walczak<br \/>\n<em>Carefully with energy\u2026<\/em><\/p>\n<p><strong>10:30 &#8211; 11:00<\/strong> Annika Miko\u0142ajko<br \/>\n<em>\u201eShe divine\u201d &#8211; cosmological miniatures for soprano solo<\/em><\/p>\n<p><strong>11:00 &#8211; 11:30<\/strong> \u0141ukasz Sza\u0142ankiewicz<br \/>\n<em>Temporary autonomous zones<\/em><\/p>\n<p><strong>11:30 &#8211; 12:00<\/strong> Artur Lis<br \/>\n<em>Wavezone<\/em><\/p>\n<p><strong>12:00 &#8211; 12:30<\/strong> Piotr Madej<br \/>\n<em>Crush zone. Are you there? Interpretation of the fabric as a carrier of musical information<\/em><\/p>\n<p><strong>12:30 &#8211; 13:30 <\/strong>discussion<\/p>\n<h6>15 October 2022, 7 pm<br \/>\nAMKP Concert Hall<br \/>\nul. \u015bw. Tomasza 43<\/h6>\n<p>Concert<\/p>\n<p>Maciej Walczak <em>Energetyk<\/em> (2022) * Strefa PSeME<br \/>\nSimonluca Laitempergher <em>Prima Ipotesi sul reale<\/em> (2019-2021) Tempo Reale<br \/>\n\u0141ukasz Sza\u0142ankiewicz <em>Leon Kowalski, serial number N6MAC41717<\/em> (2021) Strefa PSeME<br \/>\nUjif_Notfound <em>TER.RAIN #18 5 19 21 18 18 5 3 20 9 15 14<\/em> (2022) UAEM<br \/>\nDimitris Karageorgos <em>Xerakas<\/em> (2020) Strefa HELMCA<br \/>\nOlena Ilnytska <em>Univers vivant<\/em> (2022) Strefa UAEM<br \/>\nJuan Luis de Pablo Enriquez Rohen <em>She-Divine<\/em> (2004) * Strefa<\/p>\n<p><strong>Annika Miko\u0142ajko-Osman<\/strong> soprano<\/p>\n<p>Panayiotis Kokoras<em> Stone Age<\/em> (2022) Strefa CEMI<br \/>\nPiotr Peszat <em>Non-Lieux #1<\/em> (Krak\u00f3w, \u015bw. Tomasza 43) (2022) * Strefa PSeME<\/p>\n<p><strong>Piotr Peszat<\/strong> live electronics<br \/>\n* World premiere<\/p>","protected":false},"excerpt":{"rendered":"<p>The Zone conference concerns both time and space and their specific zonal approach to contemporary art, electroacoustic music, audiovisual and interactive art, media art and sound art, and other forms&hellip; <a href=\"https:\/\/www.amuz.krakow.pl\/en\/wydzialy\/wydzial-i-tworczosci-interpretacji-i-edukacji-muzycznej\/katedra-kompozycji\/aktualnosci22\/konferencja-strefa\/\">Continue reading<\/a><\/p>\n","protected":false},"author":72,"featured_media":66253,"parent":65330,"menu_order":-2,"comment_status":"closed","ping_status":"closed","template":"","meta":{"footnotes":"","_links_to":"","_links_to_target":""},"class_list":["post-65336","page","type-page","status-publish","has-post-thumbnail","hentry"],"yoast_head":"<!-- This site is optimized with the Yoast SEO plugin v27.2 - https:\/\/yoast.com\/product\/yoast-seo-wordpress\/ -->\n<title>AMKP - Akademia Muzyczna im. Krzysztofa Pendereckiego w Krakowie<\/title>\n<meta name=\"robots\" content=\"index, follow, max-snippet:-1, max-image-preview:large, max-video-preview:-1\" \/>\n<link rel=\"canonical\" href=\"https:\/\/www.amuz.krakow.pl\/wydzialy\/wydzial-i-tworczosci-interpretacji-i-edukacji-muzycznej\/katedra-kompozycji\/aktualnosci22\/konferencja-strefa\/\" \/>\n<meta property=\"og:locale\" content=\"en_US\" \/>\n<meta property=\"og:type\" content=\"article\" \/>\n<meta property=\"og:title\" content=\"AMKP - Akademia Muzyczna im. Krzysztofa Pendereckiego w Krakowie\" \/>\n<meta property=\"og:description\" content=\"The Zone conference concerns both time and space and their specific zonal approach to contemporary art, electroacoustic music, audiovisual and interactive art, media art and sound art, and other forms&hellip; Continue reading\" \/>\n<meta property=\"og:url\" content=\"https:\/\/www.amuz.krakow.pl\/wydzialy\/wydzial-i-tworczosci-interpretacji-i-edukacji-muzycznej\/katedra-kompozycji\/aktualnosci22\/konferencja-strefa\/\" \/>\n<meta property=\"og:site_name\" content=\"Akademia Muzyczna im. Krzysztofa Pendereckiego w Krakowie\" \/>\n<meta property=\"article:publisher\" content=\"https:\/\/www.facebook.com\/amuz.krakow\" \/>\n<meta property=\"article:modified_time\" content=\"2022-10-19T09:54:12+00:00\" \/>\n<meta property=\"og:image\" content=\"https:\/\/www.amuz.krakow.pl\/wp-content\/uploads\/2022\/10\/strefa-web.jpg\" \/>\n\t<meta property=\"og:image:width\" content=\"1134\" \/>\n\t<meta property=\"og:image:height\" content=\"567\" \/>\n\t<meta property=\"og:image:type\" content=\"image\/jpeg\" \/>\n<meta name=\"twitter:card\" content=\"summary_large_image\" \/>\n<meta name=\"twitter:label1\" content=\"Est. reading time\" \/>\n\t<meta name=\"twitter:data1\" content=\"6 minutes\" \/>\n<script type=\"application\/ld+json\" class=\"yoast-schema-graph\">{\"@context\":\"https:\/\/schema.org\",\"@graph\":[{\"@type\":\"WebPage\",\"@id\":\"https:\/\/www.amuz.krakow.pl\/wydzialy\/wydzial-i-tworczosci-interpretacji-i-edukacji-muzycznej\/katedra-kompozycji\/aktualnosci22\/konferencja-strefa\/\",\"url\":\"https:\/\/www.amuz.krakow.pl\/wydzialy\/wydzial-i-tworczosci-interpretacji-i-edukacji-muzycznej\/katedra-kompozycji\/aktualnosci22\/konferencja-strefa\/\",\"name\":\"AMKP - Akademia Muzyczna im. Krzysztofa Pendereckiego w Krakowie\",\"isPartOf\":{\"@id\":\"https:\/\/www.amuz.krakow.pl\/#website\"},\"primaryImageOfPage\":{\"@id\":\"https:\/\/www.amuz.krakow.pl\/wydzialy\/wydzial-i-tworczosci-interpretacji-i-edukacji-muzycznej\/katedra-kompozycji\/aktualnosci22\/konferencja-strefa\/#primaryimage\"},\"image\":{\"@id\":\"https:\/\/www.amuz.krakow.pl\/wydzialy\/wydzial-i-tworczosci-interpretacji-i-edukacji-muzycznej\/katedra-kompozycji\/aktualnosci22\/konferencja-strefa\/#primaryimage\"},\"thumbnailUrl\":\"https:\/\/www.amuz.krakow.pl\/wp-content\/uploads\/2022\/10\/strefa-web.jpg\",\"datePublished\":\"2022-09-08T11:47:25+00:00\",\"dateModified\":\"2022-10-19T09:54:12+00:00\",\"breadcrumb\":{\"@id\":\"https:\/\/www.amuz.krakow.pl\/wydzialy\/wydzial-i-tworczosci-interpretacji-i-edukacji-muzycznej\/katedra-kompozycji\/aktualnosci22\/konferencja-strefa\/#breadcrumb\"},\"inLanguage\":\"en-US\",\"potentialAction\":[{\"@type\":\"ReadAction\",\"target\":[\"https:\/\/www.amuz.krakow.pl\/wydzialy\/wydzial-i-tworczosci-interpretacji-i-edukacji-muzycznej\/katedra-kompozycji\/aktualnosci22\/konferencja-strefa\/\"]}]},{\"@type\":\"ImageObject\",\"inLanguage\":\"en-US\",\"@id\":\"https:\/\/www.amuz.krakow.pl\/wydzialy\/wydzial-i-tworczosci-interpretacji-i-edukacji-muzycznej\/katedra-kompozycji\/aktualnosci22\/konferencja-strefa\/#primaryimage\",\"url\":\"https:\/\/www.amuz.krakow.pl\/wp-content\/uploads\/2022\/10\/strefa-web.jpg\",\"contentUrl\":\"https:\/\/www.amuz.krakow.pl\/wp-content\/uploads\/2022\/10\/strefa-web.jpg\",\"width\":1134,\"height\":567},{\"@type\":\"BreadcrumbList\",\"@id\":\"https:\/\/www.amuz.krakow.pl\/wydzialy\/wydzial-i-tworczosci-interpretacji-i-edukacji-muzycznej\/katedra-kompozycji\/aktualnosci22\/konferencja-strefa\/#breadcrumb\",\"itemListElement\":[{\"@type\":\"ListItem\",\"position\":1,\"name\":\"Strona g\u0142\u00f3wna\",\"item\":\"https:\/\/www.amuz.krakow.pl\/\"},{\"@type\":\"ListItem\",\"position\":2,\"name\":\"WYDZIA\u0141Y\",\"item\":\"https:\/\/www.amuz.krakow.pl\/wydzialy\/\"},{\"@type\":\"ListItem\",\"position\":3,\"name\":\"Wydzia\u0142 Tw\u00f3rczo\u015bci, Interpretacji i Edukacji Muzycznej\",\"item\":\"https:\/\/www.amuz.krakow.pl\/wydzialy\/wydzial-i-tworczosci-interpretacji-i-edukacji-muzycznej\/\"},{\"@type\":\"ListItem\",\"position\":4,\"name\":\"Katedra Kompozycji\",\"item\":\"https:\/\/www.amuz.krakow.pl\/wydzialy\/wydzial-i-tworczosci-interpretacji-i-edukacji-muzycznej\/katedra-kompozycji\/\"},{\"@type\":\"ListItem\",\"position\":5,\"name\":\"Archiwum wydarze\u0144 2022\/2023\",\"item\":\"https:\/\/www.amuz.krakow.pl\/wydzialy\/wydzial-i-tworczosci-interpretacji-i-edukacji-muzycznej\/katedra-kompozycji\/aktualnosci22\/\"},{\"@type\":\"ListItem\",\"position\":6,\"name\":\"Konferencja STREFA | 13-15.10.2022\"}]},{\"@type\":\"WebSite\",\"@id\":\"https:\/\/www.amuz.krakow.pl\/#website\",\"url\":\"https:\/\/www.amuz.krakow.pl\/\",\"name\":\"Akademia Muzyczna im. Krzysztofa Pendereckiego w Krakowie\",\"description\":\"Oficjalna strona Akademii Muzycznej im. Krzysztofa Pendereckiego w Krakowie (AMKP).\",\"publisher\":{\"@id\":\"https:\/\/www.amuz.krakow.pl\/#organization\"},\"alternateName\":\"AMKP\",\"potentialAction\":[{\"@type\":\"SearchAction\",\"target\":{\"@type\":\"EntryPoint\",\"urlTemplate\":\"https:\/\/www.amuz.krakow.pl\/?s={search_term_string}\"},\"query-input\":{\"@type\":\"PropertyValueSpecification\",\"valueRequired\":true,\"valueName\":\"search_term_string\"}}],\"inLanguage\":\"en-US\"},{\"@type\":\"Organization\",\"@id\":\"https:\/\/www.amuz.krakow.pl\/#organization\",\"name\":\"Akademia Muzyczna im. Krzysztofa Pendereckiego w Krakowie\",\"alternateName\":\"AMKP\",\"url\":\"https:\/\/www.amuz.krakow.pl\/\",\"logo\":{\"@type\":\"ImageObject\",\"inLanguage\":\"en-US\",\"@id\":\"https:\/\/www.amuz.krakow.pl\/#\/schema\/logo\/image\/\",\"url\":\"https:\/\/www.amuz.krakow.pl\/wp-content\/uploads\/2021\/11\/amkp.jpg\",\"contentUrl\":\"https:\/\/www.amuz.krakow.pl\/wp-content\/uploads\/2021\/11\/amkp.jpg\",\"width\":1193,\"height\":591,\"caption\":\"Akademia Muzyczna im. Krzysztofa Pendereckiego w Krakowie\"},\"image\":{\"@id\":\"https:\/\/www.amuz.krakow.pl\/#\/schema\/logo\/image\/\"},\"sameAs\":[\"https:\/\/www.facebook.com\/amuz.krakow\",\"https:\/\/www.instagram.com\/amkpenderecki\/\",\"https:\/\/www.youtube.com\/@amkpenderecki4806\"]}]}<\/script>\n<!-- \/ Yoast SEO plugin. -->","yoast_head_json":{"title":"AMKP - Akademia Muzyczna im. Krzysztofa Pendereckiego w Krakowie","robots":{"index":"index","follow":"follow","max-snippet":"max-snippet:-1","max-image-preview":"max-image-preview:large","max-video-preview":"max-video-preview:-1"},"canonical":"https:\/\/www.amuz.krakow.pl\/wydzialy\/wydzial-i-tworczosci-interpretacji-i-edukacji-muzycznej\/katedra-kompozycji\/aktualnosci22\/konferencja-strefa\/","og_locale":"en_US","og_type":"article","og_title":"AMKP - Akademia Muzyczna im. Krzysztofa Pendereckiego w Krakowie","og_description":"The Zone conference concerns both time and space and their specific zonal approach to contemporary art, electroacoustic music, audiovisual and interactive art, media art and sound art, and other forms&hellip; Continue reading","og_url":"https:\/\/www.amuz.krakow.pl\/wydzialy\/wydzial-i-tworczosci-interpretacji-i-edukacji-muzycznej\/katedra-kompozycji\/aktualnosci22\/konferencja-strefa\/","og_site_name":"Akademia Muzyczna im. Krzysztofa Pendereckiego w Krakowie","article_publisher":"https:\/\/www.facebook.com\/amuz.krakow","article_modified_time":"2022-10-19T09:54:12+00:00","og_image":[{"width":1134,"height":567,"url":"https:\/\/www.amuz.krakow.pl\/wp-content\/uploads\/2022\/10\/strefa-web.jpg","type":"image\/jpeg"}],"twitter_card":"summary_large_image","twitter_misc":{"Est. reading time":"6 minutes"},"schema":{"@context":"https:\/\/schema.org","@graph":[{"@type":"WebPage","@id":"https:\/\/www.amuz.krakow.pl\/wydzialy\/wydzial-i-tworczosci-interpretacji-i-edukacji-muzycznej\/katedra-kompozycji\/aktualnosci22\/konferencja-strefa\/","url":"https:\/\/www.amuz.krakow.pl\/wydzialy\/wydzial-i-tworczosci-interpretacji-i-edukacji-muzycznej\/katedra-kompozycji\/aktualnosci22\/konferencja-strefa\/","name":"AMKP - Akademia Muzyczna im. Krzysztofa Pendereckiego w Krakowie","isPartOf":{"@id":"https:\/\/www.amuz.krakow.pl\/#website"},"primaryImageOfPage":{"@id":"https:\/\/www.amuz.krakow.pl\/wydzialy\/wydzial-i-tworczosci-interpretacji-i-edukacji-muzycznej\/katedra-kompozycji\/aktualnosci22\/konferencja-strefa\/#primaryimage"},"image":{"@id":"https:\/\/www.amuz.krakow.pl\/wydzialy\/wydzial-i-tworczosci-interpretacji-i-edukacji-muzycznej\/katedra-kompozycji\/aktualnosci22\/konferencja-strefa\/#primaryimage"},"thumbnailUrl":"https:\/\/www.amuz.krakow.pl\/wp-content\/uploads\/2022\/10\/strefa-web.jpg","datePublished":"2022-09-08T11:47:25+00:00","dateModified":"2022-10-19T09:54:12+00:00","breadcrumb":{"@id":"https:\/\/www.amuz.krakow.pl\/wydzialy\/wydzial-i-tworczosci-interpretacji-i-edukacji-muzycznej\/katedra-kompozycji\/aktualnosci22\/konferencja-strefa\/#breadcrumb"},"inLanguage":"en-US","potentialAction":[{"@type":"ReadAction","target":["https:\/\/www.amuz.krakow.pl\/wydzialy\/wydzial-i-tworczosci-interpretacji-i-edukacji-muzycznej\/katedra-kompozycji\/aktualnosci22\/konferencja-strefa\/"]}]},{"@type":"ImageObject","inLanguage":"en-US","@id":"https:\/\/www.amuz.krakow.pl\/wydzialy\/wydzial-i-tworczosci-interpretacji-i-edukacji-muzycznej\/katedra-kompozycji\/aktualnosci22\/konferencja-strefa\/#primaryimage","url":"https:\/\/www.amuz.krakow.pl\/wp-content\/uploads\/2022\/10\/strefa-web.jpg","contentUrl":"https:\/\/www.amuz.krakow.pl\/wp-content\/uploads\/2022\/10\/strefa-web.jpg","width":1134,"height":567},{"@type":"BreadcrumbList","@id":"https:\/\/www.amuz.krakow.pl\/wydzialy\/wydzial-i-tworczosci-interpretacji-i-edukacji-muzycznej\/katedra-kompozycji\/aktualnosci22\/konferencja-strefa\/#breadcrumb","itemListElement":[{"@type":"ListItem","position":1,"name":"Strona g\u0142\u00f3wna","item":"https:\/\/www.amuz.krakow.pl\/"},{"@type":"ListItem","position":2,"name":"WYDZIA\u0141Y","item":"https:\/\/www.amuz.krakow.pl\/wydzialy\/"},{"@type":"ListItem","position":3,"name":"Wydzia\u0142 Tw\u00f3rczo\u015bci, Interpretacji i Edukacji Muzycznej","item":"https:\/\/www.amuz.krakow.pl\/wydzialy\/wydzial-i-tworczosci-interpretacji-i-edukacji-muzycznej\/"},{"@type":"ListItem","position":4,"name":"Katedra Kompozycji","item":"https:\/\/www.amuz.krakow.pl\/wydzialy\/wydzial-i-tworczosci-interpretacji-i-edukacji-muzycznej\/katedra-kompozycji\/"},{"@type":"ListItem","position":5,"name":"Archiwum wydarze\u0144 2022\/2023","item":"https:\/\/www.amuz.krakow.pl\/wydzialy\/wydzial-i-tworczosci-interpretacji-i-edukacji-muzycznej\/katedra-kompozycji\/aktualnosci22\/"},{"@type":"ListItem","position":6,"name":"Konferencja STREFA | 13-15.10.2022"}]},{"@type":"WebSite","@id":"https:\/\/www.amuz.krakow.pl\/#website","url":"https:\/\/www.amuz.krakow.pl\/","name":"Akademia Muzyczna im. Krzysztofa Pendereckiego w Krakowie","description":"Oficjalna strona Akademii Muzycznej im. Krzysztofa Pendereckiego w Krakowie (AMKP).","publisher":{"@id":"https:\/\/www.amuz.krakow.pl\/#organization"},"alternateName":"AMKP","potentialAction":[{"@type":"SearchAction","target":{"@type":"EntryPoint","urlTemplate":"https:\/\/www.amuz.krakow.pl\/?s={search_term_string}"},"query-input":{"@type":"PropertyValueSpecification","valueRequired":true,"valueName":"search_term_string"}}],"inLanguage":"en-US"},{"@type":"Organization","@id":"https:\/\/www.amuz.krakow.pl\/#organization","name":"Akademia Muzyczna im. Krzysztofa Pendereckiego w Krakowie","alternateName":"AMKP","url":"https:\/\/www.amuz.krakow.pl\/","logo":{"@type":"ImageObject","inLanguage":"en-US","@id":"https:\/\/www.amuz.krakow.pl\/#\/schema\/logo\/image\/","url":"https:\/\/www.amuz.krakow.pl\/wp-content\/uploads\/2021\/11\/amkp.jpg","contentUrl":"https:\/\/www.amuz.krakow.pl\/wp-content\/uploads\/2021\/11\/amkp.jpg","width":1193,"height":591,"caption":"Akademia Muzyczna im. Krzysztofa Pendereckiego w Krakowie"},"image":{"@id":"https:\/\/www.amuz.krakow.pl\/#\/schema\/logo\/image\/"},"sameAs":["https:\/\/www.facebook.com\/amuz.krakow","https:\/\/www.instagram.com\/amkpenderecki\/","https:\/\/www.youtube.com\/@amkpenderecki4806"]}]}},"_links":{"self":[{"href":"https:\/\/www.amuz.krakow.pl\/en\/wp-json\/wp\/v2\/pages\/65336","targetHints":{"allow":["GET"]}}],"collection":[{"href":"https:\/\/www.amuz.krakow.pl\/en\/wp-json\/wp\/v2\/pages"}],"about":[{"href":"https:\/\/www.amuz.krakow.pl\/en\/wp-json\/wp\/v2\/types\/page"}],"author":[{"embeddable":true,"href":"https:\/\/www.amuz.krakow.pl\/en\/wp-json\/wp\/v2\/users\/72"}],"replies":[{"embeddable":true,"href":"https:\/\/www.amuz.krakow.pl\/en\/wp-json\/wp\/v2\/comments?post=65336"}],"version-history":[{"count":13,"href":"https:\/\/www.amuz.krakow.pl\/en\/wp-json\/wp\/v2\/pages\/65336\/revisions"}],"predecessor-version":[{"id":66576,"href":"https:\/\/www.amuz.krakow.pl\/en\/wp-json\/wp\/v2\/pages\/65336\/revisions\/66576"}],"up":[{"embeddable":true,"href":"https:\/\/www.amuz.krakow.pl\/en\/wp-json\/wp\/v2\/pages\/65330"}],"wp:featuredmedia":[{"embeddable":true,"href":"https:\/\/www.amuz.krakow.pl\/en\/wp-json\/wp\/v2\/media\/66253"}],"wp:attachment":[{"href":"https:\/\/www.amuz.krakow.pl\/en\/wp-json\/wp\/v2\/media?parent=65336"}],"curies":[{"name":"wp","href":"https:\/\/api.w.org\/{rel}","templated":true}]}}