{"id":65031,"date":"2022-08-29T10:21:43","date_gmt":"2022-08-29T08:21:43","guid":{"rendered":"https:\/\/www.amuz.krakow.pl\/?page_id=65031"},"modified":"2022-08-29T10:21:43","modified_gmt":"2022-08-29T08:21:43","slug":"bohema-trio-anna-prucnal-jagoda-prucnal-podgorska-jacek-podgorski","status":"publish","type":"page","link":"https:\/\/www.amuz.krakow.pl\/en\/nasze-sukcesy\/archiwum-ix-2021-ix-2022\/bohema-trio-anna-prucnal-jagoda-prucnal-podgorska-jacek-podgorski\/","title":{"rendered":"Bohema Trio: Anna Prucnal, Jagoda Prucnal-Podg\u00f3rska, Jacek Podg\u00f3rski"},"content":{"rendered":"<p><strong>Zesp\u00f3\u0142 Bohema Trio<\/strong>, w sk\u0142adzie:<\/p>\n<ul>\n<li><strong>Anna Prucnal <\/strong>&#8211; skrzypce; studentka drugiego roku studi\u00f3w licencjackich klasy skrzypiec prof. dr h. c. Kai Danczowskiej oraz klasy kameralistyki prof. Justyny Danczowskiej,<\/li>\n<li><strong>Jagoda Prucnal-Podg\u00f3rska<\/strong> &#8211; skrzypce; absolwentka Akademii Muzycznej im. Krzysztofa Pendereckiego w Krakowie oraz Universitat fur Musik und darstellende Kunst w Wiedniu, doktorantka sztuk muzycznych na Uniwersytecie Marii Curie-Sk\u0142odowskiej,<\/li>\n<li><strong>Jacek Podg\u00f3rski<\/strong> &#8211; wiolonczela; absolwent Akademii Muzycznej im. Krzysztofa Pendereckiego w Krakowie oraz Universitat fur Musik und darstellende Kunst w Wiedniu, doktorant sztuk muzycznych na Uniwersytecie Marii Curie-Sk\u0142odowskiej<\/li>\n<\/ul>\n<p>zdobyli nast\u0119puj\u0105ce nagrody:<\/p>\n<ul>\n<li><strong>I miejsce<\/strong> w konkursie <strong>Las Conchillas International Music Competition<\/strong> (Chile); 11 lipca 2022,<\/li>\n<li><strong>nagrod\u0119 Marsza\u0142ka Wojew\u00f3dztwa Podkarpackiego &#8220;Znak Kultury&#8221;<\/strong> ; 30 czerwca 2022,<\/li>\n<li><strong>I miejsce<\/strong> w konkursie <strong>IX Rome International Music Competition<\/strong> (W\u0142ochy); 1 kwietnia 2022- 1 maja 2022,<\/li>\n<li><strong>I miejsce<\/strong> w konkursie <strong>IMKA Music Competition Sarajevo<\/strong> (Bo\u015bnia i Hercegowina); 15 marca 2022,<\/li>\n<li><strong>I miejsce<\/strong> w konkursie <strong>Valencia Awards 21, Autumn Session 21<\/strong>; pa\u017adziernik 2021.<\/li>\n<\/ul>\n<hr \/>\n<figure id=\"attachment_65032\" aria-describedby=\"caption-attachment-65032\" style=\"width: 200px\" class=\"wp-caption alignleft\"><a href=\"https:\/\/www.amuz.krakow.pl\/wp-content\/uploads\/2022\/08\/Zalacznik-bez-tytulu-00006-scaled.jpg\" target=\"_blank\" rel=\"noopener\"><img loading=\"lazy\" decoding=\"async\" class=\"wp-image-65032 size-medium\" src=\"https:\/\/www.amuz.krakow.pl\/wp-content\/uploads\/2022\/08\/Zalacznik-bez-tytulu-00006-200x300.jpg\" alt=\"\" width=\"200\" height=\"300\" srcset=\"https:\/\/www.amuz.krakow.pl\/wp-content\/uploads\/2022\/08\/Zalacznik-bez-tytulu-00006-200x300.jpg 200w, https:\/\/www.amuz.krakow.pl\/wp-content\/uploads\/2022\/08\/Zalacznik-bez-tytulu-00006-scaled.jpg 1367w, https:\/\/www.amuz.krakow.pl\/wp-content\/uploads\/2022\/08\/Zalacznik-bez-tytulu-00006-768x1150.jpg 768w, https:\/\/www.amuz.krakow.pl\/wp-content\/uploads\/2022\/08\/Zalacznik-bez-tytulu-00006-1025x1536.jpg 1025w\" sizes=\"auto, (max-width: 200px) 100vw, 200px\" \/><\/a><figcaption id=\"caption-attachment-65032\" class=\"wp-caption-text\">fot. Dorian Kapiszewski<\/figcaption><\/figure>\n<p><strong>Anna Prucnal<\/strong> (ur. 2002) &#8211; studentka II roku studi\u00f3w pierwszego stopnia klasy skrzypiec prof. dr h. c. Kai Danczowskiej oraz klasy kameralistyki prof. Justyny Danczowskiej, skrzypaczka w zespole Bohema Trio. Laureatka licznych konkurs\u00f3w skrzypcowych, teoretycznych, o randze og\u00f3lnokrajowej, jak i mi\u0119dzynarodowej, m.in. I miejsca w konkursie Las Conchillas International Music Competition (Chile, 2022); nagrody Marsza\u0142ka Wojew\u00f3dztwa Podkarpackiego &#8220;Znak Kultury&#8221; (2022), I miejsca w konkursie IX Rome International Music Competition (W\u0142ochy, 2022); II miejsca w konkursie 7th International Music Competition Vienna (Austria, 2022); I miejsca w konkursie IMKA Music Competition Sarajevo (Bo\u015bnia i Hercegowina, 2022); I miejsca w konkursie Valencia Awards 21 (Hiszpania, 2021); III miejsca w 4th International Moscow Music Competition (Rosja, 2021); I miejsca oraz nagrody specjalnej w konkursie 2nd International Music Competition Vienna (Austria, 2021), II miejsca w konkursie International Music Awards Vienna (Austria, 2021).<\/p>\n<p>W roku akademickim 2021\/2022 otrzyma\u0142a Stypendium Rektora AMKP dla najlepszych student\u00f3w.<\/p>","protected":false},"excerpt":{"rendered":"<p>Zesp\u00f3\u0142 Bohema Trio, w sk\u0142adzie: Anna Prucnal &#8211; skrzypce; studentka drugiego roku studi\u00f3w licencjackich klasy skrzypiec prof. dr h. c. Kai Danczowskiej oraz klasy kameralistyki prof. Justyny Danczowskiej, Jagoda Prucnal-Podg\u00f3rska&hellip; <a href=\"https:\/\/www.amuz.krakow.pl\/en\/nasze-sukcesy\/archiwum-ix-2021-ix-2022\/bohema-trio-anna-prucnal-jagoda-prucnal-podgorska-jacek-podgorski\/\">Continue reading<\/a><\/p>\n","protected":false},"author":72,"featured_media":65033,"parent":43415,"menu_order":-172,"comment_status":"closed","ping_status":"closed","template":"","meta":{"footnotes":"","_links_to":"","_links_to_target":""},"class_list":["post-65031","page","type-page","status-publish","has-post-thumbnail","hentry"],"yoast_head":"<!-- This site is optimized with the Yoast SEO plugin v27.2 - https:\/\/yoast.com\/product\/yoast-seo-wordpress\/ -->\n<title>AMKP - Akademia Muzyczna im. Krzysztofa Pendereckiego w Krakowie<\/title>\n<meta name=\"robots\" content=\"index, follow, max-snippet:-1, max-image-preview:large, max-video-preview:-1\" \/>\n<link rel=\"canonical\" href=\"https:\/\/www.amuz.krakow.pl\/nasze-sukcesy\/archiwum-ix-2021-ix-2022\/bohema-trio-anna-prucnal-jagoda-prucnal-podgorska-jacek-podgorski\/\" \/>\n<meta property=\"og:locale\" content=\"en_US\" \/>\n<meta property=\"og:type\" content=\"article\" \/>\n<meta property=\"og:title\" content=\"AMKP - Akademia Muzyczna im. Krzysztofa Pendereckiego w Krakowie\" \/>\n<meta property=\"og:description\" content=\"Zesp\u00f3\u0142 Bohema Trio, w sk\u0142adzie: Anna Prucnal &#8211; skrzypce; studentka drugiego roku studi\u00f3w licencjackich klasy skrzypiec prof. dr h. c. Kai Danczowskiej oraz klasy kameralistyki prof. Justyny Danczowskiej, Jagoda Prucnal-Podg\u00f3rska&hellip; Continue reading\" \/>\n<meta property=\"og:url\" content=\"https:\/\/www.amuz.krakow.pl\/nasze-sukcesy\/archiwum-ix-2021-ix-2022\/bohema-trio-anna-prucnal-jagoda-prucnal-podgorska-jacek-podgorski\/\" \/>\n<meta property=\"og:site_name\" content=\"Akademia Muzyczna im. Krzysztofa Pendereckiego w Krakowie\" \/>\n<meta property=\"article:publisher\" content=\"https:\/\/www.facebook.com\/amuz.krakow\" \/>\n<meta property=\"og:image\" content=\"https:\/\/www.amuz.krakow.pl\/wp-content\/uploads\/2022\/08\/Bohema-Trio_miniatura-scaled.jpg\" \/>\n\t<meta property=\"og:image:width\" content=\"2048\" \/>\n\t<meta property=\"og:image:height\" content=\"1167\" \/>\n\t<meta property=\"og:image:type\" content=\"image\/jpeg\" \/>\n<meta name=\"twitter:card\" content=\"summary_large_image\" \/>\n<meta name=\"twitter:label1\" content=\"Est. reading time\" \/>\n\t<meta name=\"twitter:data1\" content=\"4 minutes\" \/>\n<script type=\"application\/ld+json\" class=\"yoast-schema-graph\">{\"@context\":\"https:\/\/schema.org\",\"@graph\":[{\"@type\":\"WebPage\",\"@id\":\"https:\/\/www.amuz.krakow.pl\/nasze-sukcesy\/archiwum-ix-2021-ix-2022\/bohema-trio-anna-prucnal-jagoda-prucnal-podgorska-jacek-podgorski\/\",\"url\":\"https:\/\/www.amuz.krakow.pl\/nasze-sukcesy\/archiwum-ix-2021-ix-2022\/bohema-trio-anna-prucnal-jagoda-prucnal-podgorska-jacek-podgorski\/\",\"name\":\"AMKP - Akademia Muzyczna im. Krzysztofa Pendereckiego w Krakowie\",\"isPartOf\":{\"@id\":\"https:\/\/www.amuz.krakow.pl\/#website\"},\"primaryImageOfPage\":{\"@id\":\"https:\/\/www.amuz.krakow.pl\/nasze-sukcesy\/archiwum-ix-2021-ix-2022\/bohema-trio-anna-prucnal-jagoda-prucnal-podgorska-jacek-podgorski\/#primaryimage\"},\"image\":{\"@id\":\"https:\/\/www.amuz.krakow.pl\/nasze-sukcesy\/archiwum-ix-2021-ix-2022\/bohema-trio-anna-prucnal-jagoda-prucnal-podgorska-jacek-podgorski\/#primaryimage\"},\"thumbnailUrl\":\"https:\/\/www.amuz.krakow.pl\/wp-content\/uploads\/2022\/08\/Bohema-Trio_miniatura-scaled.jpg\",\"datePublished\":\"2022-08-29T08:21:43+00:00\",\"breadcrumb\":{\"@id\":\"https:\/\/www.amuz.krakow.pl\/nasze-sukcesy\/archiwum-ix-2021-ix-2022\/bohema-trio-anna-prucnal-jagoda-prucnal-podgorska-jacek-podgorski\/#breadcrumb\"},\"inLanguage\":\"en-US\",\"potentialAction\":[{\"@type\":\"ReadAction\",\"target\":[\"https:\/\/www.amuz.krakow.pl\/nasze-sukcesy\/archiwum-ix-2021-ix-2022\/bohema-trio-anna-prucnal-jagoda-prucnal-podgorska-jacek-podgorski\/\"]}]},{\"@type\":\"ImageObject\",\"inLanguage\":\"en-US\",\"@id\":\"https:\/\/www.amuz.krakow.pl\/nasze-sukcesy\/archiwum-ix-2021-ix-2022\/bohema-trio-anna-prucnal-jagoda-prucnal-podgorska-jacek-podgorski\/#primaryimage\",\"url\":\"https:\/\/www.amuz.krakow.pl\/wp-content\/uploads\/2022\/08\/Bohema-Trio_miniatura-scaled.jpg\",\"contentUrl\":\"https:\/\/www.amuz.krakow.pl\/wp-content\/uploads\/2022\/08\/Bohema-Trio_miniatura-scaled.jpg\",\"width\":2048,\"height\":1167},{\"@type\":\"BreadcrumbList\",\"@id\":\"https:\/\/www.amuz.krakow.pl\/nasze-sukcesy\/archiwum-ix-2021-ix-2022\/bohema-trio-anna-prucnal-jagoda-prucnal-podgorska-jacek-podgorski\/#breadcrumb\",\"itemListElement\":[{\"@type\":\"ListItem\",\"position\":1,\"name\":\"Strona g\u0142\u00f3wna\",\"item\":\"https:\/\/www.amuz.krakow.pl\/\"},{\"@type\":\"ListItem\",\"position\":2,\"name\":\"Nasze sukcesy\",\"item\":\"https:\/\/www.amuz.krakow.pl\/nasze-sukcesy\/\"},{\"@type\":\"ListItem\",\"position\":3,\"name\":\"Archiwum IX 2021 &#8211; IX 2022\",\"item\":\"https:\/\/www.amuz.krakow.pl\/nasze-sukcesy\/archiwum-ix-2021-ix-2022\/\"},{\"@type\":\"ListItem\",\"position\":4,\"name\":\"Bohema Trio: Anna Prucnal, Jagoda Prucnal-Podg\u00f3rska, Jacek Podg\u00f3rski\"}]},{\"@type\":\"WebSite\",\"@id\":\"https:\/\/www.amuz.krakow.pl\/#website\",\"url\":\"https:\/\/www.amuz.krakow.pl\/\",\"name\":\"Akademia Muzyczna im. Krzysztofa Pendereckiego w Krakowie\",\"description\":\"Oficjalna strona Akademii Muzycznej im. Krzysztofa Pendereckiego w Krakowie (AMKP).\",\"publisher\":{\"@id\":\"https:\/\/www.amuz.krakow.pl\/#organization\"},\"alternateName\":\"AMKP\",\"potentialAction\":[{\"@type\":\"SearchAction\",\"target\":{\"@type\":\"EntryPoint\",\"urlTemplate\":\"https:\/\/www.amuz.krakow.pl\/?s={search_term_string}\"},\"query-input\":{\"@type\":\"PropertyValueSpecification\",\"valueRequired\":true,\"valueName\":\"search_term_string\"}}],\"inLanguage\":\"en-US\"},{\"@type\":\"Organization\",\"@id\":\"https:\/\/www.amuz.krakow.pl\/#organization\",\"name\":\"Akademia Muzyczna im. Krzysztofa Pendereckiego w Krakowie\",\"alternateName\":\"AMKP\",\"url\":\"https:\/\/www.amuz.krakow.pl\/\",\"logo\":{\"@type\":\"ImageObject\",\"inLanguage\":\"en-US\",\"@id\":\"https:\/\/www.amuz.krakow.pl\/#\/schema\/logo\/image\/\",\"url\":\"https:\/\/www.amuz.krakow.pl\/wp-content\/uploads\/2021\/11\/amkp.jpg\",\"contentUrl\":\"https:\/\/www.amuz.krakow.pl\/wp-content\/uploads\/2021\/11\/amkp.jpg\",\"width\":1193,\"height\":591,\"caption\":\"Akademia Muzyczna im. Krzysztofa Pendereckiego w Krakowie\"},\"image\":{\"@id\":\"https:\/\/www.amuz.krakow.pl\/#\/schema\/logo\/image\/\"},\"sameAs\":[\"https:\/\/www.facebook.com\/amuz.krakow\",\"https:\/\/www.instagram.com\/amkpenderecki\/\",\"https:\/\/www.youtube.com\/@amkpenderecki4806\"]}]}<\/script>\n<!-- \/ Yoast SEO plugin. -->","yoast_head_json":{"title":"AMKP - Akademia Muzyczna im. Krzysztofa Pendereckiego w Krakowie","robots":{"index":"index","follow":"follow","max-snippet":"max-snippet:-1","max-image-preview":"max-image-preview:large","max-video-preview":"max-video-preview:-1"},"canonical":"https:\/\/www.amuz.krakow.pl\/nasze-sukcesy\/archiwum-ix-2021-ix-2022\/bohema-trio-anna-prucnal-jagoda-prucnal-podgorska-jacek-podgorski\/","og_locale":"en_US","og_type":"article","og_title":"AMKP - Akademia Muzyczna im. Krzysztofa Pendereckiego w Krakowie","og_description":"Zesp\u00f3\u0142 Bohema Trio, w sk\u0142adzie: Anna Prucnal &#8211; skrzypce; studentka drugiego roku studi\u00f3w licencjackich klasy skrzypiec prof. dr h. c. Kai Danczowskiej oraz klasy kameralistyki prof. Justyny Danczowskiej, Jagoda Prucnal-Podg\u00f3rska&hellip; Continue reading","og_url":"https:\/\/www.amuz.krakow.pl\/nasze-sukcesy\/archiwum-ix-2021-ix-2022\/bohema-trio-anna-prucnal-jagoda-prucnal-podgorska-jacek-podgorski\/","og_site_name":"Akademia Muzyczna im. Krzysztofa Pendereckiego w Krakowie","article_publisher":"https:\/\/www.facebook.com\/amuz.krakow","og_image":[{"width":2048,"height":1167,"url":"https:\/\/www.amuz.krakow.pl\/wp-content\/uploads\/2022\/08\/Bohema-Trio_miniatura-scaled.jpg","type":"image\/jpeg"}],"twitter_card":"summary_large_image","twitter_misc":{"Est. reading time":"4 minutes"},"schema":{"@context":"https:\/\/schema.org","@graph":[{"@type":"WebPage","@id":"https:\/\/www.amuz.krakow.pl\/nasze-sukcesy\/archiwum-ix-2021-ix-2022\/bohema-trio-anna-prucnal-jagoda-prucnal-podgorska-jacek-podgorski\/","url":"https:\/\/www.amuz.krakow.pl\/nasze-sukcesy\/archiwum-ix-2021-ix-2022\/bohema-trio-anna-prucnal-jagoda-prucnal-podgorska-jacek-podgorski\/","name":"AMKP - Akademia Muzyczna im. Krzysztofa Pendereckiego w Krakowie","isPartOf":{"@id":"https:\/\/www.amuz.krakow.pl\/#website"},"primaryImageOfPage":{"@id":"https:\/\/www.amuz.krakow.pl\/nasze-sukcesy\/archiwum-ix-2021-ix-2022\/bohema-trio-anna-prucnal-jagoda-prucnal-podgorska-jacek-podgorski\/#primaryimage"},"image":{"@id":"https:\/\/www.amuz.krakow.pl\/nasze-sukcesy\/archiwum-ix-2021-ix-2022\/bohema-trio-anna-prucnal-jagoda-prucnal-podgorska-jacek-podgorski\/#primaryimage"},"thumbnailUrl":"https:\/\/www.amuz.krakow.pl\/wp-content\/uploads\/2022\/08\/Bohema-Trio_miniatura-scaled.jpg","datePublished":"2022-08-29T08:21:43+00:00","breadcrumb":{"@id":"https:\/\/www.amuz.krakow.pl\/nasze-sukcesy\/archiwum-ix-2021-ix-2022\/bohema-trio-anna-prucnal-jagoda-prucnal-podgorska-jacek-podgorski\/#breadcrumb"},"inLanguage":"en-US","potentialAction":[{"@type":"ReadAction","target":["https:\/\/www.amuz.krakow.pl\/nasze-sukcesy\/archiwum-ix-2021-ix-2022\/bohema-trio-anna-prucnal-jagoda-prucnal-podgorska-jacek-podgorski\/"]}]},{"@type":"ImageObject","inLanguage":"en-US","@id":"https:\/\/www.amuz.krakow.pl\/nasze-sukcesy\/archiwum-ix-2021-ix-2022\/bohema-trio-anna-prucnal-jagoda-prucnal-podgorska-jacek-podgorski\/#primaryimage","url":"https:\/\/www.amuz.krakow.pl\/wp-content\/uploads\/2022\/08\/Bohema-Trio_miniatura-scaled.jpg","contentUrl":"https:\/\/www.amuz.krakow.pl\/wp-content\/uploads\/2022\/08\/Bohema-Trio_miniatura-scaled.jpg","width":2048,"height":1167},{"@type":"BreadcrumbList","@id":"https:\/\/www.amuz.krakow.pl\/nasze-sukcesy\/archiwum-ix-2021-ix-2022\/bohema-trio-anna-prucnal-jagoda-prucnal-podgorska-jacek-podgorski\/#breadcrumb","itemListElement":[{"@type":"ListItem","position":1,"name":"Strona g\u0142\u00f3wna","item":"https:\/\/www.amuz.krakow.pl\/"},{"@type":"ListItem","position":2,"name":"Nasze sukcesy","item":"https:\/\/www.amuz.krakow.pl\/nasze-sukcesy\/"},{"@type":"ListItem","position":3,"name":"Archiwum IX 2021 &#8211; IX 2022","item":"https:\/\/www.amuz.krakow.pl\/nasze-sukcesy\/archiwum-ix-2021-ix-2022\/"},{"@type":"ListItem","position":4,"name":"Bohema Trio: Anna Prucnal, Jagoda Prucnal-Podg\u00f3rska, Jacek Podg\u00f3rski"}]},{"@type":"WebSite","@id":"https:\/\/www.amuz.krakow.pl\/#website","url":"https:\/\/www.amuz.krakow.pl\/","name":"Akademia Muzyczna im. Krzysztofa Pendereckiego w Krakowie","description":"Oficjalna strona Akademii Muzycznej im. Krzysztofa Pendereckiego w Krakowie (AMKP).","publisher":{"@id":"https:\/\/www.amuz.krakow.pl\/#organization"},"alternateName":"AMKP","potentialAction":[{"@type":"SearchAction","target":{"@type":"EntryPoint","urlTemplate":"https:\/\/www.amuz.krakow.pl\/?s={search_term_string}"},"query-input":{"@type":"PropertyValueSpecification","valueRequired":true,"valueName":"search_term_string"}}],"inLanguage":"en-US"},{"@type":"Organization","@id":"https:\/\/www.amuz.krakow.pl\/#organization","name":"Akademia Muzyczna im. Krzysztofa Pendereckiego w Krakowie","alternateName":"AMKP","url":"https:\/\/www.amuz.krakow.pl\/","logo":{"@type":"ImageObject","inLanguage":"en-US","@id":"https:\/\/www.amuz.krakow.pl\/#\/schema\/logo\/image\/","url":"https:\/\/www.amuz.krakow.pl\/wp-content\/uploads\/2021\/11\/amkp.jpg","contentUrl":"https:\/\/www.amuz.krakow.pl\/wp-content\/uploads\/2021\/11\/amkp.jpg","width":1193,"height":591,"caption":"Akademia Muzyczna im. Krzysztofa Pendereckiego w Krakowie"},"image":{"@id":"https:\/\/www.amuz.krakow.pl\/#\/schema\/logo\/image\/"},"sameAs":["https:\/\/www.facebook.com\/amuz.krakow","https:\/\/www.instagram.com\/amkpenderecki\/","https:\/\/www.youtube.com\/@amkpenderecki4806"]}]}},"_links":{"self":[{"href":"https:\/\/www.amuz.krakow.pl\/en\/wp-json\/wp\/v2\/pages\/65031","targetHints":{"allow":["GET"]}}],"collection":[{"href":"https:\/\/www.amuz.krakow.pl\/en\/wp-json\/wp\/v2\/pages"}],"about":[{"href":"https:\/\/www.amuz.krakow.pl\/en\/wp-json\/wp\/v2\/types\/page"}],"author":[{"embeddable":true,"href":"https:\/\/www.amuz.krakow.pl\/en\/wp-json\/wp\/v2\/users\/72"}],"replies":[{"embeddable":true,"href":"https:\/\/www.amuz.krakow.pl\/en\/wp-json\/wp\/v2\/comments?post=65031"}],"version-history":[{"count":2,"href":"https:\/\/www.amuz.krakow.pl\/en\/wp-json\/wp\/v2\/pages\/65031\/revisions"}],"predecessor-version":[{"id":65046,"href":"https:\/\/www.amuz.krakow.pl\/en\/wp-json\/wp\/v2\/pages\/65031\/revisions\/65046"}],"up":[{"embeddable":true,"href":"https:\/\/www.amuz.krakow.pl\/en\/wp-json\/wp\/v2\/pages\/43415"}],"wp:featuredmedia":[{"embeddable":true,"href":"https:\/\/www.amuz.krakow.pl\/en\/wp-json\/wp\/v2\/media\/65033"}],"wp:attachment":[{"href":"https:\/\/www.amuz.krakow.pl\/en\/wp-json\/wp\/v2\/media?parent=65031"}],"curies":[{"name":"wp","href":"https:\/\/api.w.org\/{rel}","templated":true}]}}