{"id":6471,"date":"2016-04-11T22:10:20","date_gmt":"2016-04-11T20:10:20","guid":{"rendered":"http:\/\/www.amuz.krakow.pl\/?page_id=6471"},"modified":"2026-04-16T10:32:39","modified_gmt":"2026-04-16T08:32:39","slug":"incoming-students","status":"publish","type":"page","link":"https:\/\/www.amuz.krakow.pl\/en\/erasmus\/dla-studentow-sms\/incoming-students\/","title":{"rendered":"Incoming students"},"content":{"rendered":"<p><span style=\"font-size: 14pt;\"><strong>APPLICATION PROCEDURE<\/strong><\/span><\/p>\n<p><strong>NOMINATION<\/strong><br \/>\nAsk your IRC to nominate you via e-mail to:<\/p>\n<p><a href=\"mailto:international@amuz.krakow.pl\">international@amuz.krakow.pl<\/a><\/p>\n<p>Name and surname:<br \/>\nE-mail:<br \/>\nCitizenship:<br \/>\nProgramme: (e.g. instrumental)<br \/>\nMajor (specialty): (e.g. violin performance)<br \/>\nLevel and year of Erasmus studies: (e.g. BA, year 3 if you are currently on year 2)<br \/>\nTerm: (e.g. first semester 2021\/22)<br \/>\nSending institution:<br \/>\nReceiving institution: The Krzysztof Penderecki Academy of Music in Krakow (PL KRAKOW09)<\/p>\n<p><strong>APPLICATION<\/strong><\/p>\n<p>Application process takes place via our application platform: <a href=\"https:\/\/nesos.amuz.krakow.pl\/rekruter\/\">https:\/\/nesos.amuz.krakow.pl\/rekruter\/<\/a><\/p>\n<p><strong>Deadlines: 30th of April (for the whole academic year or the first semester) and 15th of November (for the second semester).<\/strong><\/p>\n<p>Learning Agreement is not required at this stage. You will have time to do that once you are accepted.<\/p>\n<p>When accepted please prepare Learning Agreement in <a href=\"https:\/\/learning-agreement.eu\/\" target=\"_blank\" rel=\"noopener\"><strong>OLA<\/strong><\/a>.<\/p>\n<p>Please note that you must be a legal and a regular student of your institution in order to apply for Erasmus mobility.<\/p>\n<p>You will receive information regarding the results of the selection process by email at the beginning of June (for winter semester and full academic year applications) and at the beginning of January (for summer semester applications).<\/p>\n<hr \/>\n<p><span style=\"font-size: 14pt;\"><strong><span lang=\"EN-US\">INSTITUTIONAL INFO<\/span><\/strong><\/span><\/p>\n<p><strong>NAME<\/strong><br \/>\nAkademia Muzyczna im. Krzysztofa Pendereckiego w Krakowie<br \/>\nThe Krzysztof Penderecki Academy of Music in Krakow<\/p>\n<p><strong>ERASMUS CODE<\/strong><br \/>\nPL KRAKOW09<\/p>\n<p><strong>ERASMUS+ COORDINATOR<\/strong><br \/>\nDr hab. Piotr R\u00f3\u017ca\u0144ski, prof. AMKP<br \/>\nVice-Rector for Teaching and International Cooperation<\/p>\n<p><strong>ERASMUS+ CONTACT PERSON, IRC<\/strong><br \/>\nDr Karolina Jarosz<br \/>\nInternational Relations Coordinator<br \/>\nPromotion and International Cooperation Unit<br \/>\n<a href=\"mailto:international@amuz.krakow.pl\">international@amuz.krakow.pl<\/a><br \/>\n+48 12 426 29 70<\/p>\n<p><strong>ADDRESS<\/strong><br \/>\nul. \u015bw. Tomasza 43 PL 31-027 Krak\u00f3w, POLAND<\/p>\n<p><strong>TERMS<\/strong><br \/>\nFirst semester (fall semester): the beginning of October till mid-February<br \/>\nSecond semester (spring semester): mid-February till mid-June<\/p>\n<p><strong>LANGUAGE REQUIREMENTS<\/strong><br \/>\nPlease note that all candidates must represent at least B2 level in English. We do not require any official certificate but please keep in mind this requirement.<\/p>\n<p><strong>COURSES<\/strong><\/p>\n<p><a href=\"https:\/\/www.amuz.krakow.pl\/en\/erasmus\/ects\/\">COURSES\/ECTS<\/a><\/p>\n<p><strong>GRADING SYSTEM<\/strong><br \/>\n<a href=\"https:\/\/www.amuz.krakow.pl\/en\/erasmus\/ects\/\" target=\"_blank\" rel=\"noopener\">https:\/\/www.amuz.krakow.pl\/en\/erasmus\/ects\/<\/a><\/p>\n<p><strong>VISA<\/strong><br \/>\nStudents make private Visa arrangements. For EU citizens Visa is not required<br \/>\n<a href=\"https:\/\/www.amuz.krakow.pl\/erasmus\/dla-studentow-sms\/incoming-students\/\" target=\"_blank\" rel=\"noopener\">https:\/\/www.amuz.krakow.pl\/erasmus\/dla-studentow-sms\/incoming-students\/<\/a><\/p>\n<p><strong>INSURANCE<\/strong><br \/>\nEuropean Health Insurance Card or private insurance<br \/>\n<a href=\"https:\/\/www.amuz.krakow.pl\/erasmus\/dla-studentow-sms\/incoming-students\/\" target=\"_blank\" rel=\"noopener\">https:\/\/www.amuz.krakow.pl\/erasmus\/dla-studentow-sms\/incoming-students\/<\/a><br \/>\n<a href=\"https:\/\/ec.europa.eu\/social\/main.jsp?catId=559\" target=\"_blank\" rel=\"noopener\">https:\/\/ec.europa.eu\/social\/main.jsp?catId=559<\/a><\/p>\n<p><strong>HOUSING<\/strong><br \/>\nStudents make private housing arrangements. In some cases dormitory will be available<br \/>\n<a href=\"https:\/\/www.amuz.krakow.pl\/en\/dom-studencki\/\" target=\"_blank\" rel=\"noopener\">https:\/\/www.amuz.krakow.pl\/en\/dom-studencki\/<\/a><\/p>\n<p><strong>ACADEMIC CALENDAR<\/strong><br \/>\n<a href=\"https:\/\/www.amuz.krakow.pl\/en\/erasmus\/academic-calendar\/\" target=\"_blank\" rel=\"noopener\">https:\/\/www.amuz.krakow.pl\/en\/erasmus\/academic-calendar\/<\/a><\/p>\n<p><strong>ADDITIONAL INFORMATION<\/strong><br \/>\nEWP Connection: Yes<br \/>\nDashboard: Yes<br \/>\nEASY: Yes<br \/>\nOLA: Yes<br \/>\nPIONIER.Id for Erasmus: Yes<br \/>\nPIC, OID: 949486441, E10096090<\/p>\n<hr \/>\n<p>Regular entrance exams info: <a role=\"link\" href=\"mailto:rekrutacja_amkp@amuz.krakow.pl\">rekrutacja_amkp@amuz.krakow.pl<\/a><\/p>\n<p>&nbsp;<\/p>\n<p><span style=\"font-size: 12pt;\"><strong id=\"documents\">DOCUMENTS AND LINKS<\/strong><\/span><\/p>\n<p><a href=\"https:\/\/www.amuz.krakow.pl\/wp-content\/uploads\/doc\/STUDENT-APPLICATION-FORM-TO-KRAKOW-3.doc\">STUDENT APPLICATION FORM TO KRAK\u00d3W_updated 24.04.2025<\/a><\/p>\n<p><a href=\"https:\/\/www.amuz.krakow.pl\/erasmus\/dla-studentow-sms\/incoming-students\/learning-agreement-2\/\" rel=\"attachment wp-att-47105\">LEARNING AGREEMENT SAMPLE<\/a><\/p>\n<p><a href=\"https:\/\/learning-agreement.eu\/\"><b>ON-LINE LEARNING AGREEMENT <\/b><\/a>(use your Google account to sign up)<\/p>\n<p><a href=\"https:\/\/www.amuz.krakow.pl\/wp-content\/uploads\/doc\/Erasmusplus-Student-Charter-Brochure.pdf\">Erasmusplus Student Charter Brochure<\/a><\/p>\n<p><a href=\"https:\/\/www.amuz.krakow.pl\/wp-content\/uploads\/doc\/Karta-studenta-Erasmus.pdf\">Karta studenta Erasmus<\/a><\/p>\n<p><a href=\"https:\/\/www.amuz.krakow.pl\/erasmus\/dla-studentow-sms\/incoming-students\/information-sheet-for-foreign-students-and-staff\/\" rel=\"attachment wp-att-47959\">Information sheet for foreign students and staff<\/a><\/p>\n<p><a href=\"https:\/\/www.amuz.krakow.pl\/erasmus\/dla-studentow-sms\/incoming-students\/facilities-for-special-needs-students\/\" rel=\"attachment wp-att-47960\">Facilities for special needs students<\/a><\/p>\n<p><a href=\"https:\/\/www.amuz.krakow.pl\/erasmus\/dla-studentow-sms\/incoming-students\/medical-facilities\/\" rel=\"attachment wp-att-47961\">Medical Facilities<\/a><\/p>\n<p><a href=\"http:\/\/www.amuz.krakow.pl\/wp-content\/uploads\/doc\/karta_uczelni_erasmusa.pdf\" rel=\"\">KARTA UCZELNI ERASMUSA<\/a><\/p>\n<p><a href=\"http:\/\/www.amuz.krakow.pl\/wp-content\/uploads\/doc\/consulates_2011.doc\" rel=\"\">CONSULATES<\/a><\/p>\n<p><a href=\"http:\/\/www.amuz.krakow.pl\/wp-content\/uploads\/doc\/costs_of_living_2011.doc\" rel=\"\"> COSTS of LIVING<\/a><\/p>\n<p><a href=\"http:\/\/www.amuz.krakow.pl\/wp-content\/uploads\/doc\/doctors_2011-2.xls\" rel=\"\">DOCTORS<\/a><\/p>\n<p><a href=\"http:\/\/www.amuz.krakow.pl\/wp-content\/uploads\/doc\/erasmus_student_charter.doc\" rel=\"\">Erasmus Student Charter<\/a><\/p>\n<p><a href=\"http:\/\/www.amuz.krakow.pl\/wp-content\/uploads\/doc\/libraries_2011.doc\" rel=\"\">LIBRARIES<\/a><\/p>\n<p><a href=\"http:\/\/www.amuz.krakow.pl\/wp-content\/uploads\/doc\/public_transport_2011.doc\" rel=\"\">Public transport<\/a><\/p>\n<p><a href=\"http:\/\/www.amuz.krakow.pl\/wp-content\/uploads\/doc\/useful_links.doc\" rel=\"\">Useful links<\/a><\/p>","protected":false},"excerpt":{"rendered":"<p>APPLICATION PROCEDURE NOMINATION Ask your IRC to nominate you via e-mail to: international@amuz.krakow.pl Name and surname: E-mail: Citizenship: Programme: (e.g. instrumental) Major (specialty): (e.g. violin performance) Level and year of&hellip; <a href=\"https:\/\/www.amuz.krakow.pl\/en\/erasmus\/dla-studentow-sms\/incoming-students\/\">Continue reading<\/a><\/p>\n","protected":false},"author":72,"featured_media":0,"parent":6467,"menu_order":2,"comment_status":"closed","ping_status":"closed","template":"","meta":{"footnotes":"","_links_to":"","_links_to_target":""},"class_list":["post-6471","page","type-page","status-publish","hentry"],"yoast_head":"<!-- This site is optimized with the Yoast SEO plugin v27.2 - https:\/\/yoast.com\/product\/yoast-seo-wordpress\/ -->\n<title>AMKP - Akademia Muzyczna im. Krzysztofa Pendereckiego w Krakowie<\/title>\n<meta name=\"robots\" content=\"index, follow, max-snippet:-1, max-image-preview:large, max-video-preview:-1\" \/>\n<link rel=\"canonical\" href=\"https:\/\/www.amuz.krakow.pl\/erasmus\/dla-studentow-sms\/incoming-students\/\" \/>\n<meta property=\"og:locale\" content=\"en_US\" \/>\n<meta property=\"og:type\" content=\"article\" \/>\n<meta property=\"og:title\" content=\"AMKP - Akademia Muzyczna im. Krzysztofa Pendereckiego w Krakowie\" \/>\n<meta property=\"og:description\" content=\"APPLICATION PROCEDURE NOMINATION Ask your IRC to nominate you via e-mail to: international@amuz.krakow.pl Name and surname: E-mail: Citizenship: Programme: (e.g. instrumental) Major (specialty): (e.g. violin performance) Level and year of&hellip; Continue reading\" \/>\n<meta property=\"og:url\" content=\"https:\/\/www.amuz.krakow.pl\/erasmus\/dla-studentow-sms\/incoming-students\/\" \/>\n<meta property=\"og:site_name\" content=\"Akademia Muzyczna im. Krzysztofa Pendereckiego w Krakowie\" \/>\n<meta property=\"article:publisher\" content=\"https:\/\/www.facebook.com\/amuz.krakow\" \/>\n<meta property=\"article:modified_time\" content=\"2026-04-16T08:32:39+00:00\" \/>\n<meta property=\"og:image\" content=\"https:\/\/www.amuz.krakow.pl\/wp-content\/uploads\/2021\/11\/amkp.jpg\" \/>\n\t<meta property=\"og:image:width\" content=\"1193\" \/>\n\t<meta property=\"og:image:height\" content=\"591\" \/>\n\t<meta property=\"og:image:type\" content=\"image\/jpeg\" \/>\n<meta name=\"twitter:card\" content=\"summary_large_image\" \/>\n<meta name=\"twitter:label1\" content=\"Est. reading time\" \/>\n\t<meta name=\"twitter:data1\" content=\"3 minutes\" \/>\n<script type=\"application\/ld+json\" class=\"yoast-schema-graph\">{\"@context\":\"https:\/\/schema.org\",\"@graph\":[{\"@type\":\"WebPage\",\"@id\":\"https:\/\/www.amuz.krakow.pl\/erasmus\/dla-studentow-sms\/incoming-students\/\",\"url\":\"https:\/\/www.amuz.krakow.pl\/erasmus\/dla-studentow-sms\/incoming-students\/\",\"name\":\"AMKP - Akademia Muzyczna im. Krzysztofa Pendereckiego w Krakowie\",\"isPartOf\":{\"@id\":\"https:\/\/www.amuz.krakow.pl\/#website\"},\"datePublished\":\"2016-04-11T20:10:20+00:00\",\"dateModified\":\"2026-04-16T08:32:39+00:00\",\"breadcrumb\":{\"@id\":\"https:\/\/www.amuz.krakow.pl\/erasmus\/dla-studentow-sms\/incoming-students\/#breadcrumb\"},\"inLanguage\":\"en-US\",\"potentialAction\":[{\"@type\":\"ReadAction\",\"target\":[\"https:\/\/www.amuz.krakow.pl\/erasmus\/dla-studentow-sms\/incoming-students\/\"]}]},{\"@type\":\"BreadcrumbList\",\"@id\":\"https:\/\/www.amuz.krakow.pl\/erasmus\/dla-studentow-sms\/incoming-students\/#breadcrumb\",\"itemListElement\":[{\"@type\":\"ListItem\",\"position\":1,\"name\":\"Strona g\u0142\u00f3wna\",\"item\":\"https:\/\/www.amuz.krakow.pl\/\"},{\"@type\":\"ListItem\",\"position\":2,\"name\":\"ERASMUS+\",\"item\":\"https:\/\/www.amuz.krakow.pl\/erasmus\/\"},{\"@type\":\"ListItem\",\"position\":3,\"name\":\"Dla student\u00f3w\",\"item\":\"https:\/\/www.amuz.krakow.pl\/erasmus\/dla-studentow-sms\/\"},{\"@type\":\"ListItem\",\"position\":4,\"name\":\"Incoming students\"}]},{\"@type\":\"WebSite\",\"@id\":\"https:\/\/www.amuz.krakow.pl\/#website\",\"url\":\"https:\/\/www.amuz.krakow.pl\/\",\"name\":\"Akademia Muzyczna im. Krzysztofa Pendereckiego w Krakowie\",\"description\":\"Oficjalna strona Akademii Muzycznej im. Krzysztofa Pendereckiego w Krakowie (AMKP).\",\"publisher\":{\"@id\":\"https:\/\/www.amuz.krakow.pl\/#organization\"},\"alternateName\":\"AMKP\",\"potentialAction\":[{\"@type\":\"SearchAction\",\"target\":{\"@type\":\"EntryPoint\",\"urlTemplate\":\"https:\/\/www.amuz.krakow.pl\/?s={search_term_string}\"},\"query-input\":{\"@type\":\"PropertyValueSpecification\",\"valueRequired\":true,\"valueName\":\"search_term_string\"}}],\"inLanguage\":\"en-US\"},{\"@type\":\"Organization\",\"@id\":\"https:\/\/www.amuz.krakow.pl\/#organization\",\"name\":\"Akademia Muzyczna im. Krzysztofa Pendereckiego w Krakowie\",\"alternateName\":\"AMKP\",\"url\":\"https:\/\/www.amuz.krakow.pl\/\",\"logo\":{\"@type\":\"ImageObject\",\"inLanguage\":\"en-US\",\"@id\":\"https:\/\/www.amuz.krakow.pl\/#\/schema\/logo\/image\/\",\"url\":\"https:\/\/www.amuz.krakow.pl\/wp-content\/uploads\/2021\/11\/amkp.jpg\",\"contentUrl\":\"https:\/\/www.amuz.krakow.pl\/wp-content\/uploads\/2021\/11\/amkp.jpg\",\"width\":1193,\"height\":591,\"caption\":\"Akademia Muzyczna im. Krzysztofa Pendereckiego w Krakowie\"},\"image\":{\"@id\":\"https:\/\/www.amuz.krakow.pl\/#\/schema\/logo\/image\/\"},\"sameAs\":[\"https:\/\/www.facebook.com\/amuz.krakow\",\"https:\/\/www.instagram.com\/amkpenderecki\/\",\"https:\/\/www.youtube.com\/@amkpenderecki4806\"]}]}<\/script>\n<!-- \/ Yoast SEO plugin. -->","yoast_head_json":{"title":"AMKP - Akademia Muzyczna im. Krzysztofa Pendereckiego w Krakowie","robots":{"index":"index","follow":"follow","max-snippet":"max-snippet:-1","max-image-preview":"max-image-preview:large","max-video-preview":"max-video-preview:-1"},"canonical":"https:\/\/www.amuz.krakow.pl\/erasmus\/dla-studentow-sms\/incoming-students\/","og_locale":"en_US","og_type":"article","og_title":"AMKP - Akademia Muzyczna im. Krzysztofa Pendereckiego w Krakowie","og_description":"APPLICATION PROCEDURE NOMINATION Ask your IRC to nominate you via e-mail to: international@amuz.krakow.pl Name and surname: E-mail: Citizenship: Programme: (e.g. instrumental) Major (specialty): (e.g. violin performance) Level and year of&hellip; Continue reading","og_url":"https:\/\/www.amuz.krakow.pl\/erasmus\/dla-studentow-sms\/incoming-students\/","og_site_name":"Akademia Muzyczna im. Krzysztofa Pendereckiego w Krakowie","article_publisher":"https:\/\/www.facebook.com\/amuz.krakow","article_modified_time":"2026-04-16T08:32:39+00:00","og_image":[{"width":1193,"height":591,"url":"https:\/\/www.amuz.krakow.pl\/wp-content\/uploads\/2021\/11\/amkp.jpg","type":"image\/jpeg"}],"twitter_card":"summary_large_image","twitter_misc":{"Est. reading time":"3 minutes"},"schema":{"@context":"https:\/\/schema.org","@graph":[{"@type":"WebPage","@id":"https:\/\/www.amuz.krakow.pl\/erasmus\/dla-studentow-sms\/incoming-students\/","url":"https:\/\/www.amuz.krakow.pl\/erasmus\/dla-studentow-sms\/incoming-students\/","name":"AMKP - Akademia Muzyczna im. Krzysztofa Pendereckiego w Krakowie","isPartOf":{"@id":"https:\/\/www.amuz.krakow.pl\/#website"},"datePublished":"2016-04-11T20:10:20+00:00","dateModified":"2026-04-16T08:32:39+00:00","breadcrumb":{"@id":"https:\/\/www.amuz.krakow.pl\/erasmus\/dla-studentow-sms\/incoming-students\/#breadcrumb"},"inLanguage":"en-US","potentialAction":[{"@type":"ReadAction","target":["https:\/\/www.amuz.krakow.pl\/erasmus\/dla-studentow-sms\/incoming-students\/"]}]},{"@type":"BreadcrumbList","@id":"https:\/\/www.amuz.krakow.pl\/erasmus\/dla-studentow-sms\/incoming-students\/#breadcrumb","itemListElement":[{"@type":"ListItem","position":1,"name":"Strona g\u0142\u00f3wna","item":"https:\/\/www.amuz.krakow.pl\/"},{"@type":"ListItem","position":2,"name":"ERASMUS+","item":"https:\/\/www.amuz.krakow.pl\/erasmus\/"},{"@type":"ListItem","position":3,"name":"Dla student\u00f3w","item":"https:\/\/www.amuz.krakow.pl\/erasmus\/dla-studentow-sms\/"},{"@type":"ListItem","position":4,"name":"Incoming students"}]},{"@type":"WebSite","@id":"https:\/\/www.amuz.krakow.pl\/#website","url":"https:\/\/www.amuz.krakow.pl\/","name":"Akademia Muzyczna im. Krzysztofa Pendereckiego w Krakowie","description":"Oficjalna strona Akademii Muzycznej im. Krzysztofa Pendereckiego w Krakowie (AMKP).","publisher":{"@id":"https:\/\/www.amuz.krakow.pl\/#organization"},"alternateName":"AMKP","potentialAction":[{"@type":"SearchAction","target":{"@type":"EntryPoint","urlTemplate":"https:\/\/www.amuz.krakow.pl\/?s={search_term_string}"},"query-input":{"@type":"PropertyValueSpecification","valueRequired":true,"valueName":"search_term_string"}}],"inLanguage":"en-US"},{"@type":"Organization","@id":"https:\/\/www.amuz.krakow.pl\/#organization","name":"Akademia Muzyczna im. Krzysztofa Pendereckiego w Krakowie","alternateName":"AMKP","url":"https:\/\/www.amuz.krakow.pl\/","logo":{"@type":"ImageObject","inLanguage":"en-US","@id":"https:\/\/www.amuz.krakow.pl\/#\/schema\/logo\/image\/","url":"https:\/\/www.amuz.krakow.pl\/wp-content\/uploads\/2021\/11\/amkp.jpg","contentUrl":"https:\/\/www.amuz.krakow.pl\/wp-content\/uploads\/2021\/11\/amkp.jpg","width":1193,"height":591,"caption":"Akademia Muzyczna im. Krzysztofa Pendereckiego w Krakowie"},"image":{"@id":"https:\/\/www.amuz.krakow.pl\/#\/schema\/logo\/image\/"},"sameAs":["https:\/\/www.facebook.com\/amuz.krakow","https:\/\/www.instagram.com\/amkpenderecki\/","https:\/\/www.youtube.com\/@amkpenderecki4806"]}]}},"_links":{"self":[{"href":"https:\/\/www.amuz.krakow.pl\/en\/wp-json\/wp\/v2\/pages\/6471","targetHints":{"allow":["GET"]}}],"collection":[{"href":"https:\/\/www.amuz.krakow.pl\/en\/wp-json\/wp\/v2\/pages"}],"about":[{"href":"https:\/\/www.amuz.krakow.pl\/en\/wp-json\/wp\/v2\/types\/page"}],"author":[{"embeddable":true,"href":"https:\/\/www.amuz.krakow.pl\/en\/wp-json\/wp\/v2\/users\/72"}],"replies":[{"embeddable":true,"href":"https:\/\/www.amuz.krakow.pl\/en\/wp-json\/wp\/v2\/comments?post=6471"}],"version-history":[{"count":54,"href":"https:\/\/www.amuz.krakow.pl\/en\/wp-json\/wp\/v2\/pages\/6471\/revisions"}],"predecessor-version":[{"id":118613,"href":"https:\/\/www.amuz.krakow.pl\/en\/wp-json\/wp\/v2\/pages\/6471\/revisions\/118613"}],"up":[{"embeddable":true,"href":"https:\/\/www.amuz.krakow.pl\/en\/wp-json\/wp\/v2\/pages\/6467"}],"wp:attachment":[{"href":"https:\/\/www.amuz.krakow.pl\/en\/wp-json\/wp\/v2\/media?parent=6471"}],"curies":[{"name":"wp","href":"https:\/\/api.w.org\/{rel}","templated":true}]}}