{"id":643,"date":"2015-12-21T11:59:19","date_gmt":"2015-12-21T10:59:19","guid":{"rendered":"http:\/\/strony.amuz.krakow.pl\/?page_id=643"},"modified":"2021-03-06T22:57:52","modified_gmt":"2021-03-06T21:57:52","slug":"excellence-in-teaching","status":"publish","type":"page","link":"https:\/\/www.amuz.krakow.pl\/en\/excellence-in-teaching\/","title":{"rendered":"EXCELLENCE IN TEACHING"},"content":{"rendered":"<p><\/p>\n<p style=\"text-align: justify;\"><b>EXCELLENCE IN TEACHING award was founded in 1995 by Prof. Ray E. and Ruth A. Robinson from the USA.<\/b><\/p>\n<p style=\"text-align: justify;\">The award is an act of recognition for academic teachers of The Krzysztof Penderecki Music Academy in Krak\u00f3w for outstanding pedagogical and artistic achievements as well as involvement in the School\u2019s affairs. It is awarded for lifetime achievement, with particular emphasis on the activity in the academic year when it is granted.<\/p>\n<p style=\"text-align: justify;\">&#8220;&#8230;Our aim in founding the Excellence in Teaching award is to encourage the teachers to persevere in search of perfection in every phase of their life, in the sphere of teaching, performing as well as in the sphere of active participation in the life of the Academy. We wish to honour, distinguish and award those who in the opinion of their colleagues in a\u00a0measurable way prove their perfection&#8230;&#8221;<\/p>\n<p style=\"text-align: justify;\">(A fragment of Prof. Ray E. Robinson\u2019s speech at the inauguration of the academic year 1999\/2000)<br \/>\n<b><br \/>\nThe recipients of the EXCELLENCE IN TEACHING award:<\/b><\/p>\n<p style=\"text-align: justify;\">1996 &#8211;\u00a0prof. Barbara \u015awi\u0105tek-\u017belazna<br \/>\n1997 &#8211;\u00a0prof. Marek Stachowski<br \/>\n1998 &#8211;\u00a0prof. Kaja Danczowska<br \/>\n1999 &#8211;\u00a0prof. Zbigniew Bujarski<br \/>\n2000 &#8211;\u00a0prof. El\u017cbieta Stefa\u0144ska-K\u0142y\u015b<br \/>\n2001 &#8211;\u00a0prof. Witold Herman<br \/>\n2002 &#8211;\u00a0prof. Andrzej Godek<br \/>\n2003 &#8211;\u00a0prof. Regina Ch\u0142opicka<br \/>\n2004 &#8211;\u00a0prof. Wies\u0142aw Kwa\u015bny<br \/>\n2005 &#8211;\u00a0prof. Stanis\u0142aw Krawczy\u0144ski<br \/>\n2006 &#8211;\u00a0prof. Teresa Malecka<br \/>\n2007 &#8211;\u00a0prof. Andrzej Pikul<br \/>\n2008 &#8211;\u00a0ad. Maria Rydzewska, profesor AM w\u00a0Krakowie<br \/>\n2009 &#8211;\u00a0prof. J\u00f3zef Serafin<br \/>\n2010 &#8211;\u00a0prof. Leszek Polony<br \/>\n2011 &#8211;\u00a0ad. Stefan Wojtas, prof. AM w\u00a0Krakowie<br \/>\n2012 &#8211; dr Ma\u0142gorzata Janicka-S\u0142ysz, prof. AMKP<br \/>\n2013 &#8211;\u00a0prof. Jerzy Kotyczka<br \/>\n2014 &#8211;\u00a0prof. Jan Pilch<br \/>\n2015 &#8211;\u00a0dr hab. Zdzis\u0142aw Stolarczyk<br \/>\n2016 &#8211;\u00a0prof. Miros\u0142awa Semeniuk-Podraza<br \/>\n2017 &#8211; prof. dr hab. Anna Zawadzka-Go\u0142osz<br \/>\n2018 &#8211; dr Janusz Pater<\/p>\n<p><\/p>","protected":false},"excerpt":{"rendered":"<p>EXCELLENCE IN TEACHING award was founded in 1995 by Prof. Ray E. and Ruth A. Robinson from the USA. The award is an act of recognition for academic teachers of&hellip; <a href=\"https:\/\/www.amuz.krakow.pl\/en\/excellence-in-teaching\/\">Continue reading<\/a><\/p>\n","protected":false},"author":72,"featured_media":0,"parent":0,"menu_order":0,"comment_status":"closed","ping_status":"closed","template":"","meta":{"footnotes":"","_links_to":"","_links_to_target":""},"class_list":["post-643","page","type-page","status-publish","hentry"],"yoast_head":"<!-- This site is optimized with the Yoast SEO plugin v27.5 - https:\/\/yoast.com\/product\/yoast-seo-wordpress\/ -->\n<title>AMKP - Akademia Muzyczna im. Krzysztofa Pendereckiego w Krakowie<\/title>\n<meta name=\"robots\" content=\"index, follow, max-snippet:-1, max-image-preview:large, max-video-preview:-1\" \/>\n<link rel=\"canonical\" href=\"https:\/\/www.amuz.krakow.pl\/excellence-in-teaching\/\" \/>\n<meta property=\"og:locale\" content=\"en_US\" \/>\n<meta property=\"og:type\" content=\"article\" \/>\n<meta property=\"og:title\" content=\"AMKP - Akademia Muzyczna im. Krzysztofa Pendereckiego w Krakowie\" \/>\n<meta property=\"og:description\" content=\"EXCELLENCE IN TEACHING award was founded in 1995 by Prof. Ray E. and Ruth A. Robinson from the USA. The award is an act of recognition for academic teachers of&hellip; Continue reading\" \/>\n<meta property=\"og:url\" content=\"https:\/\/www.amuz.krakow.pl\/excellence-in-teaching\/\" \/>\n<meta property=\"og:site_name\" content=\"Akademia Muzyczna im. Krzysztofa Pendereckiego w Krakowie\" \/>\n<meta property=\"article:publisher\" content=\"https:\/\/www.facebook.com\/amuz.krakow\" \/>\n<meta property=\"article:modified_time\" content=\"2021-03-06T21:57:52+00:00\" \/>\n<meta property=\"og:image\" content=\"https:\/\/www.amuz.krakow.pl\/wp-content\/uploads\/2021\/11\/amkp.jpg\" \/>\n\t<meta property=\"og:image:width\" content=\"1193\" \/>\n\t<meta property=\"og:image:height\" content=\"591\" \/>\n\t<meta property=\"og:image:type\" content=\"image\/jpeg\" \/>\n<meta name=\"twitter:card\" content=\"summary_large_image\" \/>\n<meta name=\"twitter:label1\" content=\"Est. reading time\" \/>\n\t<meta name=\"twitter:data1\" content=\"2 minutes\" \/>\n<script type=\"application\/ld+json\" class=\"yoast-schema-graph\">{\"@context\":\"https:\\\/\\\/schema.org\",\"@graph\":[{\"@type\":\"WebPage\",\"@id\":\"https:\\\/\\\/www.amuz.krakow.pl\\\/excellence-in-teaching\\\/\",\"url\":\"https:\\\/\\\/www.amuz.krakow.pl\\\/excellence-in-teaching\\\/\",\"name\":\"AMKP - Akademia Muzyczna im. Krzysztofa Pendereckiego w Krakowie\",\"isPartOf\":{\"@id\":\"https:\\\/\\\/www.amuz.krakow.pl\\\/#website\"},\"datePublished\":\"2015-12-21T10:59:19+00:00\",\"dateModified\":\"2021-03-06T21:57:52+00:00\",\"breadcrumb\":{\"@id\":\"https:\\\/\\\/www.amuz.krakow.pl\\\/excellence-in-teaching\\\/#breadcrumb\"},\"inLanguage\":\"en-US\",\"potentialAction\":[{\"@type\":\"ReadAction\",\"target\":[\"https:\\\/\\\/www.amuz.krakow.pl\\\/excellence-in-teaching\\\/\"]}]},{\"@type\":\"BreadcrumbList\",\"@id\":\"https:\\\/\\\/www.amuz.krakow.pl\\\/excellence-in-teaching\\\/#breadcrumb\",\"itemListElement\":[{\"@type\":\"ListItem\",\"position\":1,\"name\":\"Strona g\u0142\u00f3wna\",\"item\":\"https:\\\/\\\/www.amuz.krakow.pl\\\/\"},{\"@type\":\"ListItem\",\"position\":2,\"name\":\"EXCELLENCE IN TEACHING\"}]},{\"@type\":\"WebSite\",\"@id\":\"https:\\\/\\\/www.amuz.krakow.pl\\\/#website\",\"url\":\"https:\\\/\\\/www.amuz.krakow.pl\\\/\",\"name\":\"Akademia Muzyczna im. Krzysztofa Pendereckiego w Krakowie\",\"description\":\"Oficjalna strona Akademii Muzycznej im. Krzysztofa Pendereckiego w Krakowie (AMKP).\",\"publisher\":{\"@id\":\"https:\\\/\\\/www.amuz.krakow.pl\\\/#organization\"},\"alternateName\":\"AMKP\",\"potentialAction\":[{\"@type\":\"SearchAction\",\"target\":{\"@type\":\"EntryPoint\",\"urlTemplate\":\"https:\\\/\\\/www.amuz.krakow.pl\\\/?s={search_term_string}\"},\"query-input\":{\"@type\":\"PropertyValueSpecification\",\"valueRequired\":true,\"valueName\":\"search_term_string\"}}],\"inLanguage\":\"en-US\"},{\"@type\":\"Organization\",\"@id\":\"https:\\\/\\\/www.amuz.krakow.pl\\\/#organization\",\"name\":\"Akademia Muzyczna im. Krzysztofa Pendereckiego w Krakowie\",\"alternateName\":\"AMKP\",\"url\":\"https:\\\/\\\/www.amuz.krakow.pl\\\/\",\"logo\":{\"@type\":\"ImageObject\",\"inLanguage\":\"en-US\",\"@id\":\"https:\\\/\\\/www.amuz.krakow.pl\\\/#\\\/schema\\\/logo\\\/image\\\/\",\"url\":\"https:\\\/\\\/www.amuz.krakow.pl\\\/wp-content\\\/uploads\\\/2021\\\/11\\\/amkp.jpg\",\"contentUrl\":\"https:\\\/\\\/www.amuz.krakow.pl\\\/wp-content\\\/uploads\\\/2021\\\/11\\\/amkp.jpg\",\"width\":1193,\"height\":591,\"caption\":\"Akademia Muzyczna im. Krzysztofa Pendereckiego w Krakowie\"},\"image\":{\"@id\":\"https:\\\/\\\/www.amuz.krakow.pl\\\/#\\\/schema\\\/logo\\\/image\\\/\"},\"sameAs\":[\"https:\\\/\\\/www.facebook.com\\\/amuz.krakow\",\"https:\\\/\\\/www.instagram.com\\\/amkpenderecki\\\/\",\"https:\\\/\\\/www.youtube.com\\\/@amkpenderecki4806\"]}]}<\/script>\n<!-- \/ Yoast SEO plugin. -->","yoast_head_json":{"title":"AMKP - Akademia Muzyczna im. Krzysztofa Pendereckiego w Krakowie","robots":{"index":"index","follow":"follow","max-snippet":"max-snippet:-1","max-image-preview":"max-image-preview:large","max-video-preview":"max-video-preview:-1"},"canonical":"https:\/\/www.amuz.krakow.pl\/excellence-in-teaching\/","og_locale":"en_US","og_type":"article","og_title":"AMKP - Akademia Muzyczna im. Krzysztofa Pendereckiego w Krakowie","og_description":"EXCELLENCE IN TEACHING award was founded in 1995 by Prof. Ray E. and Ruth A. Robinson from the USA. The award is an act of recognition for academic teachers of&hellip; Continue reading","og_url":"https:\/\/www.amuz.krakow.pl\/excellence-in-teaching\/","og_site_name":"Akademia Muzyczna im. Krzysztofa Pendereckiego w Krakowie","article_publisher":"https:\/\/www.facebook.com\/amuz.krakow","article_modified_time":"2021-03-06T21:57:52+00:00","og_image":[{"width":1193,"height":591,"url":"https:\/\/www.amuz.krakow.pl\/wp-content\/uploads\/2021\/11\/amkp.jpg","type":"image\/jpeg"}],"twitter_card":"summary_large_image","twitter_misc":{"Est. reading time":"2 minutes"},"schema":{"@context":"https:\/\/schema.org","@graph":[{"@type":"WebPage","@id":"https:\/\/www.amuz.krakow.pl\/excellence-in-teaching\/","url":"https:\/\/www.amuz.krakow.pl\/excellence-in-teaching\/","name":"AMKP - Akademia Muzyczna im. Krzysztofa Pendereckiego w Krakowie","isPartOf":{"@id":"https:\/\/www.amuz.krakow.pl\/#website"},"datePublished":"2015-12-21T10:59:19+00:00","dateModified":"2021-03-06T21:57:52+00:00","breadcrumb":{"@id":"https:\/\/www.amuz.krakow.pl\/excellence-in-teaching\/#breadcrumb"},"inLanguage":"en-US","potentialAction":[{"@type":"ReadAction","target":["https:\/\/www.amuz.krakow.pl\/excellence-in-teaching\/"]}]},{"@type":"BreadcrumbList","@id":"https:\/\/www.amuz.krakow.pl\/excellence-in-teaching\/#breadcrumb","itemListElement":[{"@type":"ListItem","position":1,"name":"Strona g\u0142\u00f3wna","item":"https:\/\/www.amuz.krakow.pl\/"},{"@type":"ListItem","position":2,"name":"EXCELLENCE IN TEACHING"}]},{"@type":"WebSite","@id":"https:\/\/www.amuz.krakow.pl\/#website","url":"https:\/\/www.amuz.krakow.pl\/","name":"Akademia Muzyczna im. Krzysztofa Pendereckiego w Krakowie","description":"Oficjalna strona Akademii Muzycznej im. Krzysztofa Pendereckiego w Krakowie (AMKP).","publisher":{"@id":"https:\/\/www.amuz.krakow.pl\/#organization"},"alternateName":"AMKP","potentialAction":[{"@type":"SearchAction","target":{"@type":"EntryPoint","urlTemplate":"https:\/\/www.amuz.krakow.pl\/?s={search_term_string}"},"query-input":{"@type":"PropertyValueSpecification","valueRequired":true,"valueName":"search_term_string"}}],"inLanguage":"en-US"},{"@type":"Organization","@id":"https:\/\/www.amuz.krakow.pl\/#organization","name":"Akademia Muzyczna im. Krzysztofa Pendereckiego w Krakowie","alternateName":"AMKP","url":"https:\/\/www.amuz.krakow.pl\/","logo":{"@type":"ImageObject","inLanguage":"en-US","@id":"https:\/\/www.amuz.krakow.pl\/#\/schema\/logo\/image\/","url":"https:\/\/www.amuz.krakow.pl\/wp-content\/uploads\/2021\/11\/amkp.jpg","contentUrl":"https:\/\/www.amuz.krakow.pl\/wp-content\/uploads\/2021\/11\/amkp.jpg","width":1193,"height":591,"caption":"Akademia Muzyczna im. Krzysztofa Pendereckiego w Krakowie"},"image":{"@id":"https:\/\/www.amuz.krakow.pl\/#\/schema\/logo\/image\/"},"sameAs":["https:\/\/www.facebook.com\/amuz.krakow","https:\/\/www.instagram.com\/amkpenderecki\/","https:\/\/www.youtube.com\/@amkpenderecki4806"]}]}},"_links":{"self":[{"href":"https:\/\/www.amuz.krakow.pl\/en\/wp-json\/wp\/v2\/pages\/643","targetHints":{"allow":["GET"]}}],"collection":[{"href":"https:\/\/www.amuz.krakow.pl\/en\/wp-json\/wp\/v2\/pages"}],"about":[{"href":"https:\/\/www.amuz.krakow.pl\/en\/wp-json\/wp\/v2\/types\/page"}],"author":[{"embeddable":true,"href":"https:\/\/www.amuz.krakow.pl\/en\/wp-json\/wp\/v2\/users\/72"}],"replies":[{"embeddable":true,"href":"https:\/\/www.amuz.krakow.pl\/en\/wp-json\/wp\/v2\/comments?post=643"}],"version-history":[{"count":5,"href":"https:\/\/www.amuz.krakow.pl\/en\/wp-json\/wp\/v2\/pages\/643\/revisions"}],"predecessor-version":[{"id":47526,"href":"https:\/\/www.amuz.krakow.pl\/en\/wp-json\/wp\/v2\/pages\/643\/revisions\/47526"}],"wp:attachment":[{"href":"https:\/\/www.amuz.krakow.pl\/en\/wp-json\/wp\/v2\/media?parent=643"}],"curies":[{"name":"wp","href":"https:\/\/api.w.org\/{rel}","templated":true}]}}