{"id":64222,"date":"2022-07-01T14:05:12","date_gmt":"2022-07-01T12:05:12","guid":{"rendered":"https:\/\/www.amuz.krakow.pl\/?page_id=64222"},"modified":"2022-07-01T14:05:12","modified_gmt":"2022-07-01T12:05:12","slug":"centrum-innowacji-erasmus-innhub-juz-otwarte","status":"publish","type":"page","link":"https:\/\/www.amuz.krakow.pl\/en\/centrum-innowacji-erasmus-innhub-juz-otwarte\/","title":{"rendered":"Centrum innowacji Erasmus+ InnHUB ju\u017c otwarte"},"content":{"rendered":"<p>Ju\u017c od 28 czerwca, 3 razy w tygodniu, zapraszamy wszystkich zainteresowanych ofert\u0105 Programu Erasmus+ do biura Erasmus+ InnHUB Krak\u00f3w, kt\u00f3re ma swoj\u0105 siedzib\u0119 na Kampusie Uniwersytetu Ekonomicznego w Krakowie. Z naszego Erasmus+ InnHUB mog\u0105 skorzysta\u0107 wszyscy zainteresowani, nie tylko studenci czy pracownicy Uniwersytetu Ekonomicznego. Program Erasmus+ jest skierowany jest do os\u00f3b w r\u00f3\u017cnym wieku. Korzystaj\u0105 z niego uczniowie, nauczyciele, studenci, naukowcy, uczelnie i instytucje, pracodawcy, a tak\u017ce ma\u0142e i \u015brednie przedsi\u0119biorstwa.<\/p>\n<p><strong>Kiedy?<\/strong><br \/>\nponiedzia\u0142ek: 12:00-16:00<br \/>\nwtorek: 8:00-12:00<br \/>\npi\u0105tek: 8:00-12:00<\/p>\n<p><strong>Gdzie?<\/strong><br \/>\nUniwersytet Ekonomiczny w Krakowie<br \/>\nPawilon C, pok\u00f3j 173A<br \/>\nul. Rakowicka 27<br \/>\n31-510 Krak\u00f3w<\/p>\n<p>Partnerami krakowskiego InnHUB jest 15 uczelni wy\u017cszych z Ma\u0142opolski, kt\u00f3re podpisa\u0142y porozumienie na rzecz wspierania innowacji poprzez Program Erasmus+, w tym AMKP.<\/p>\n<p>Erasmus+ InnHUB to mi\u0119dzysektorowe centrum innowacji, kt\u00f3re pe\u0142ni rol\u0119 punktu informacyjnego Programu Erasmus+ i Europejskiego Korpusu Solidarno\u015bci. Skupiamy si\u0119 na mo\u017cliwo\u015bciach pozyskania \u015brodk\u00f3w finansowych dla projekt\u00f3w wspieraj\u0105cych budow\u0119 nowoczesnego systemu kszta\u0142cenia i\u00a0wzmacniaj\u0105cych rozw\u00f3j kompetencji zawodowych os\u00f3b w r\u00f3\u017cnym wieku i r\u00f3\u017cnych profesji.<br \/>\nZ nami dowiesz si\u0119 wi\u0119cej o Akcji 2, czyli Wsp\u00f3\u0142pracy organizacji i instytucji, ale tak\u017ce poznasz ca\u0142\u0105 ofert\u0119 Programu Erasmus+ i Europejskiego Korpusu Solidarno\u015bci w sektorach szkolnictwa wy\u017cszego, a\u00a0tak\u017ce edukacji szkolnej, m\u0142odzie\u017cy, edukacji zawodowej, edukacji doros\u0142ych, sporcie i wolontariacie europejskim.<\/p>\n<p>W Erasmus+ InnHUB znajdziesz r\u00f3wnie\u017c cenne poradniki i publikacje, kt\u00f3re pomog\u0105 przygotowa\u0107 Tw\u00f3j projekt, a tak\u017ce u\u0142atwi\u0105 kolejny krok, czyli jego prowadzenie &#8211; <a href=\"https:\/\/www.frse.org.pl\/czytelnia\">Czytelnia &#8211; Fundacja Rozwoju Systemu Edukacji.<\/a><\/p>\n<p>Ze wzgl\u0119d\u00f3w organizacyjnych prosimy o kontakt e-mail <strong>marta.iwanska@frse.org.pl<\/strong> w celu um\u00f3wienia spotkania w godzinach pracy naszego biura oraz przes\u0142anie zagadnie\u0144 do poruszenia na spotkaniu \u2013 w ten spos\u00f3b b\u0119dziemy mogli lepiej przygotowa\u0107 si\u0119 na spotkanie.<\/p>\n<p>Wi\u0119cej informacji znajduje si\u0119 na stronie: <a href=\"https:\/\/erasmusplus.org.pl\/erasmus-innhub\">https:\/\/erasmusplus.org.pl\/erasmus-innhub<\/a>.<\/p>","protected":false},"excerpt":{"rendered":"<p>Ju\u017c od 28 czerwca, 3 razy w tygodniu, zapraszamy wszystkich zainteresowanych ofert\u0105 Programu Erasmus+ do biura Erasmus+ InnHUB Krak\u00f3w, kt\u00f3re ma swoj\u0105 siedzib\u0119 na Kampusie Uniwersytetu Ekonomicznego w Krakowie. Z&hellip; <a href=\"https:\/\/www.amuz.krakow.pl\/en\/centrum-innowacji-erasmus-innhub-juz-otwarte\/\">Continue reading<\/a><\/p>\n","protected":false},"author":72,"featured_media":0,"parent":0,"menu_order":0,"comment_status":"closed","ping_status":"closed","template":"","meta":{"footnotes":"","_links_to":"","_links_to_target":""},"class_list":["post-64222","page","type-page","status-publish","hentry"],"yoast_head":"<!-- This site is optimized with the Yoast SEO plugin v27.4 - https:\/\/yoast.com\/product\/yoast-seo-wordpress\/ -->\n<title>AMKP - Akademia Muzyczna im. Krzysztofa Pendereckiego w Krakowie<\/title>\n<meta name=\"robots\" content=\"index, follow, max-snippet:-1, max-image-preview:large, max-video-preview:-1\" \/>\n<link rel=\"canonical\" href=\"https:\/\/www.amuz.krakow.pl\/centrum-innowacji-erasmus-innhub-juz-otwarte\/\" \/>\n<meta property=\"og:locale\" content=\"en_US\" \/>\n<meta property=\"og:type\" content=\"article\" \/>\n<meta property=\"og:title\" content=\"AMKP - Akademia Muzyczna im. Krzysztofa Pendereckiego w Krakowie\" \/>\n<meta property=\"og:description\" content=\"Ju\u017c od 28 czerwca, 3 razy w tygodniu, zapraszamy wszystkich zainteresowanych ofert\u0105 Programu Erasmus+ do biura Erasmus+ InnHUB Krak\u00f3w, kt\u00f3re ma swoj\u0105 siedzib\u0119 na Kampusie Uniwersytetu Ekonomicznego w Krakowie. Z&hellip; Continue reading\" \/>\n<meta property=\"og:url\" content=\"https:\/\/www.amuz.krakow.pl\/centrum-innowacji-erasmus-innhub-juz-otwarte\/\" \/>\n<meta property=\"og:site_name\" content=\"Akademia Muzyczna im. Krzysztofa Pendereckiego w Krakowie\" \/>\n<meta property=\"article:publisher\" content=\"https:\/\/www.facebook.com\/amuz.krakow\" \/>\n<meta property=\"og:image\" content=\"https:\/\/www.amuz.krakow.pl\/wp-content\/uploads\/2021\/11\/amkp.jpg\" \/>\n\t<meta property=\"og:image:width\" content=\"1193\" \/>\n\t<meta property=\"og:image:height\" content=\"591\" \/>\n\t<meta property=\"og:image:type\" content=\"image\/jpeg\" \/>\n<meta name=\"twitter:card\" content=\"summary_large_image\" \/>\n<meta name=\"twitter:label1\" content=\"Est. reading time\" \/>\n\t<meta name=\"twitter:data1\" content=\"2 minutes\" \/>\n<script type=\"application\/ld+json\" class=\"yoast-schema-graph\">{\"@context\":\"https:\\\/\\\/schema.org\",\"@graph\":[{\"@type\":\"WebPage\",\"@id\":\"https:\\\/\\\/www.amuz.krakow.pl\\\/centrum-innowacji-erasmus-innhub-juz-otwarte\\\/\",\"url\":\"https:\\\/\\\/www.amuz.krakow.pl\\\/centrum-innowacji-erasmus-innhub-juz-otwarte\\\/\",\"name\":\"AMKP - Akademia Muzyczna im. Krzysztofa Pendereckiego w Krakowie\",\"isPartOf\":{\"@id\":\"https:\\\/\\\/www.amuz.krakow.pl\\\/#website\"},\"datePublished\":\"2022-07-01T12:05:12+00:00\",\"breadcrumb\":{\"@id\":\"https:\\\/\\\/www.amuz.krakow.pl\\\/centrum-innowacji-erasmus-innhub-juz-otwarte\\\/#breadcrumb\"},\"inLanguage\":\"en-US\",\"potentialAction\":[{\"@type\":\"ReadAction\",\"target\":[\"https:\\\/\\\/www.amuz.krakow.pl\\\/centrum-innowacji-erasmus-innhub-juz-otwarte\\\/\"]}]},{\"@type\":\"BreadcrumbList\",\"@id\":\"https:\\\/\\\/www.amuz.krakow.pl\\\/centrum-innowacji-erasmus-innhub-juz-otwarte\\\/#breadcrumb\",\"itemListElement\":[{\"@type\":\"ListItem\",\"position\":1,\"name\":\"Strona g\u0142\u00f3wna\",\"item\":\"https:\\\/\\\/www.amuz.krakow.pl\\\/\"},{\"@type\":\"ListItem\",\"position\":2,\"name\":\"Centrum innowacji Erasmus+ InnHUB ju\u017c otwarte\"}]},{\"@type\":\"WebSite\",\"@id\":\"https:\\\/\\\/www.amuz.krakow.pl\\\/#website\",\"url\":\"https:\\\/\\\/www.amuz.krakow.pl\\\/\",\"name\":\"Akademia Muzyczna im. Krzysztofa Pendereckiego w Krakowie\",\"description\":\"Oficjalna strona Akademii Muzycznej im. Krzysztofa Pendereckiego w Krakowie (AMKP).\",\"publisher\":{\"@id\":\"https:\\\/\\\/www.amuz.krakow.pl\\\/#organization\"},\"alternateName\":\"AMKP\",\"potentialAction\":[{\"@type\":\"SearchAction\",\"target\":{\"@type\":\"EntryPoint\",\"urlTemplate\":\"https:\\\/\\\/www.amuz.krakow.pl\\\/?s={search_term_string}\"},\"query-input\":{\"@type\":\"PropertyValueSpecification\",\"valueRequired\":true,\"valueName\":\"search_term_string\"}}],\"inLanguage\":\"en-US\"},{\"@type\":\"Organization\",\"@id\":\"https:\\\/\\\/www.amuz.krakow.pl\\\/#organization\",\"name\":\"Akademia Muzyczna im. Krzysztofa Pendereckiego w Krakowie\",\"alternateName\":\"AMKP\",\"url\":\"https:\\\/\\\/www.amuz.krakow.pl\\\/\",\"logo\":{\"@type\":\"ImageObject\",\"inLanguage\":\"en-US\",\"@id\":\"https:\\\/\\\/www.amuz.krakow.pl\\\/#\\\/schema\\\/logo\\\/image\\\/\",\"url\":\"https:\\\/\\\/www.amuz.krakow.pl\\\/wp-content\\\/uploads\\\/2021\\\/11\\\/amkp.jpg\",\"contentUrl\":\"https:\\\/\\\/www.amuz.krakow.pl\\\/wp-content\\\/uploads\\\/2021\\\/11\\\/amkp.jpg\",\"width\":1193,\"height\":591,\"caption\":\"Akademia Muzyczna im. Krzysztofa Pendereckiego w Krakowie\"},\"image\":{\"@id\":\"https:\\\/\\\/www.amuz.krakow.pl\\\/#\\\/schema\\\/logo\\\/image\\\/\"},\"sameAs\":[\"https:\\\/\\\/www.facebook.com\\\/amuz.krakow\",\"https:\\\/\\\/www.instagram.com\\\/amkpenderecki\\\/\",\"https:\\\/\\\/www.youtube.com\\\/@amkpenderecki4806\"]}]}<\/script>\n<!-- \/ Yoast SEO plugin. -->","yoast_head_json":{"title":"AMKP - Akademia Muzyczna im. Krzysztofa Pendereckiego w Krakowie","robots":{"index":"index","follow":"follow","max-snippet":"max-snippet:-1","max-image-preview":"max-image-preview:large","max-video-preview":"max-video-preview:-1"},"canonical":"https:\/\/www.amuz.krakow.pl\/centrum-innowacji-erasmus-innhub-juz-otwarte\/","og_locale":"en_US","og_type":"article","og_title":"AMKP - Akademia Muzyczna im. Krzysztofa Pendereckiego w Krakowie","og_description":"Ju\u017c od 28 czerwca, 3 razy w tygodniu, zapraszamy wszystkich zainteresowanych ofert\u0105 Programu Erasmus+ do biura Erasmus+ InnHUB Krak\u00f3w, kt\u00f3re ma swoj\u0105 siedzib\u0119 na Kampusie Uniwersytetu Ekonomicznego w Krakowie. Z&hellip; Continue reading","og_url":"https:\/\/www.amuz.krakow.pl\/centrum-innowacji-erasmus-innhub-juz-otwarte\/","og_site_name":"Akademia Muzyczna im. Krzysztofa Pendereckiego w Krakowie","article_publisher":"https:\/\/www.facebook.com\/amuz.krakow","og_image":[{"width":1193,"height":591,"url":"https:\/\/www.amuz.krakow.pl\/wp-content\/uploads\/2021\/11\/amkp.jpg","type":"image\/jpeg"}],"twitter_card":"summary_large_image","twitter_misc":{"Est. reading time":"2 minutes"},"schema":{"@context":"https:\/\/schema.org","@graph":[{"@type":"WebPage","@id":"https:\/\/www.amuz.krakow.pl\/centrum-innowacji-erasmus-innhub-juz-otwarte\/","url":"https:\/\/www.amuz.krakow.pl\/centrum-innowacji-erasmus-innhub-juz-otwarte\/","name":"AMKP - Akademia Muzyczna im. Krzysztofa Pendereckiego w Krakowie","isPartOf":{"@id":"https:\/\/www.amuz.krakow.pl\/#website"},"datePublished":"2022-07-01T12:05:12+00:00","breadcrumb":{"@id":"https:\/\/www.amuz.krakow.pl\/centrum-innowacji-erasmus-innhub-juz-otwarte\/#breadcrumb"},"inLanguage":"en-US","potentialAction":[{"@type":"ReadAction","target":["https:\/\/www.amuz.krakow.pl\/centrum-innowacji-erasmus-innhub-juz-otwarte\/"]}]},{"@type":"BreadcrumbList","@id":"https:\/\/www.amuz.krakow.pl\/centrum-innowacji-erasmus-innhub-juz-otwarte\/#breadcrumb","itemListElement":[{"@type":"ListItem","position":1,"name":"Strona g\u0142\u00f3wna","item":"https:\/\/www.amuz.krakow.pl\/"},{"@type":"ListItem","position":2,"name":"Centrum innowacji Erasmus+ InnHUB ju\u017c otwarte"}]},{"@type":"WebSite","@id":"https:\/\/www.amuz.krakow.pl\/#website","url":"https:\/\/www.amuz.krakow.pl\/","name":"Akademia Muzyczna im. Krzysztofa Pendereckiego w Krakowie","description":"Oficjalna strona Akademii Muzycznej im. Krzysztofa Pendereckiego w Krakowie (AMKP).","publisher":{"@id":"https:\/\/www.amuz.krakow.pl\/#organization"},"alternateName":"AMKP","potentialAction":[{"@type":"SearchAction","target":{"@type":"EntryPoint","urlTemplate":"https:\/\/www.amuz.krakow.pl\/?s={search_term_string}"},"query-input":{"@type":"PropertyValueSpecification","valueRequired":true,"valueName":"search_term_string"}}],"inLanguage":"en-US"},{"@type":"Organization","@id":"https:\/\/www.amuz.krakow.pl\/#organization","name":"Akademia Muzyczna im. Krzysztofa Pendereckiego w Krakowie","alternateName":"AMKP","url":"https:\/\/www.amuz.krakow.pl\/","logo":{"@type":"ImageObject","inLanguage":"en-US","@id":"https:\/\/www.amuz.krakow.pl\/#\/schema\/logo\/image\/","url":"https:\/\/www.amuz.krakow.pl\/wp-content\/uploads\/2021\/11\/amkp.jpg","contentUrl":"https:\/\/www.amuz.krakow.pl\/wp-content\/uploads\/2021\/11\/amkp.jpg","width":1193,"height":591,"caption":"Akademia Muzyczna im. Krzysztofa Pendereckiego w Krakowie"},"image":{"@id":"https:\/\/www.amuz.krakow.pl\/#\/schema\/logo\/image\/"},"sameAs":["https:\/\/www.facebook.com\/amuz.krakow","https:\/\/www.instagram.com\/amkpenderecki\/","https:\/\/www.youtube.com\/@amkpenderecki4806"]}]}},"_links":{"self":[{"href":"https:\/\/www.amuz.krakow.pl\/en\/wp-json\/wp\/v2\/pages\/64222","targetHints":{"allow":["GET"]}}],"collection":[{"href":"https:\/\/www.amuz.krakow.pl\/en\/wp-json\/wp\/v2\/pages"}],"about":[{"href":"https:\/\/www.amuz.krakow.pl\/en\/wp-json\/wp\/v2\/types\/page"}],"author":[{"embeddable":true,"href":"https:\/\/www.amuz.krakow.pl\/en\/wp-json\/wp\/v2\/users\/72"}],"replies":[{"embeddable":true,"href":"https:\/\/www.amuz.krakow.pl\/en\/wp-json\/wp\/v2\/comments?post=64222"}],"version-history":[{"count":1,"href":"https:\/\/www.amuz.krakow.pl\/en\/wp-json\/wp\/v2\/pages\/64222\/revisions"}],"predecessor-version":[{"id":64225,"href":"https:\/\/www.amuz.krakow.pl\/en\/wp-json\/wp\/v2\/pages\/64222\/revisions\/64225"}],"wp:attachment":[{"href":"https:\/\/www.amuz.krakow.pl\/en\/wp-json\/wp\/v2\/media?parent=64222"}],"curies":[{"name":"wp","href":"https:\/\/api.w.org\/{rel}","templated":true}]}}