{"id":63703,"date":"2022-06-14T13:06:46","date_gmt":"2022-06-14T11:06:46","guid":{"rendered":"https:\/\/www.amuz.krakow.pl\/?page_id=63703"},"modified":"2022-06-21T14:33:22","modified_gmt":"2022-06-21T12:33:22","slug":"anne-sophie-mutter-2022","status":"publish","type":"page","link":"https:\/\/www.amuz.krakow.pl\/en\/doktoraty-hc\/doktorzy-honoris-causa\/anne-sophie-mutter-2022\/","title":{"rendered":"Anne-Sophie Mutter (2022)"},"content":{"rendered":"<p><\/p>\n<p style=\"text-align: justify;\"><a href=\"https:\/\/www.amuz.krakow.pl\/wp-content\/uploads\/2022\/06\/Sophie-Mutter-1200x815-1.png\"><img loading=\"lazy\" decoding=\"async\" class=\"alignleft wp-image-63705 size-medium\" src=\"https:\/\/www.amuz.krakow.pl\/wp-content\/uploads\/2022\/06\/Sophie-Mutter-1200x815-1-200x300.png\" alt=\"\" width=\"200\" height=\"300\" srcset=\"https:\/\/www.amuz.krakow.pl\/wp-content\/uploads\/2022\/06\/Sophie-Mutter-1200x815-1-200x300.png 200w, https:\/\/www.amuz.krakow.pl\/wp-content\/uploads\/2022\/06\/Sophie-Mutter-1200x815-1-768x1152.png 768w, https:\/\/www.amuz.krakow.pl\/wp-content\/uploads\/2022\/06\/Sophie-Mutter-1200x815-1.png 800w\" sizes=\"auto, (max-width: 200px) 100vw, 200px\" \/><\/a>Anne-Sophie Mutter is a musical phenomenon: a violin master, who has been a regular guest of all the world&#8217;s most important concert halls for 46 years, who has a significant impact on the world of classical music as an outstanding soloist, as well as a mentor and inspirer of next generations of artists.<\/p>\n<p style=\"text-align: justify;\">She is a four-time Grammy Award winner, equally committed to the performance of the music of previous eras and the latest works. She performed 30 world premieres of musical works &#8211; artists such as Unsuk Chin, Sebastian Currier, Henri Dutilleux, Sofija Gubajdulina, Witold Lutos\u0142awski, Norbert Moret, Krzysztof Penderecki, Sir Andr\u00e9 Previn, Wolfgang Rihm, J\u00f6rg Widmann and John Williams composed especially for her. Anne-Sophie Mutter actively supports the development of future music elites and engages in numerous charity and culture-creating projects. Since 2021, the artist has been the president of the German charity German Cancer Aid (Deutsche Krebshilfe), which works to fight cancer. In January 2022, she joined the board of the Lucerne Festival foundation. In the fall of 1997, the violinist founded the Association of Friends of the Anne-Sophie Mutter Foundation e.V., and in 2008 she founded the Anne-Sophie Mutter Foundation &#8211; these two organizations provide support tailored to the individual needs of their scholarship holders. Since 2011, the artist regularly performs with the Mutter&#8217;s Virtuosi scholarship holders team.<\/p>\n<p style=\"text-align: justify;\">In 2022, she received an honorary doctorate from the Krzysztof Penderecki Academy of Music in Krakow.<\/p>\n<p><\/p>","protected":false},"excerpt":{"rendered":"<p>Anne-Sophie Mutter is a musical phenomenon: a violin master, who has been a regular guest of all the world&#8217;s most important concert halls for 46 years, who has a significant&hellip; <a href=\"https:\/\/www.amuz.krakow.pl\/en\/doktoraty-hc\/doktorzy-honoris-causa\/anne-sophie-mutter-2022\/\">Continue reading<\/a><\/p>\n","protected":false},"author":72,"featured_media":58975,"parent":633,"menu_order":-14,"comment_status":"closed","ping_status":"closed","template":"","meta":{"footnotes":"","_links_to":"","_links_to_target":""},"class_list":["post-63703","page","type-page","status-publish","has-post-thumbnail","hentry"],"yoast_head":"<!-- This site is optimized with the Yoast SEO plugin v27.2 - https:\/\/yoast.com\/product\/yoast-seo-wordpress\/ -->\n<title>AMKP - Akademia Muzyczna im. Krzysztofa Pendereckiego w Krakowie<\/title>\n<meta name=\"robots\" content=\"index, follow, max-snippet:-1, max-image-preview:large, max-video-preview:-1\" \/>\n<link rel=\"canonical\" href=\"https:\/\/www.amuz.krakow.pl\/doktoraty-hc\/doktorzy-honoris-causa\/anne-sophie-mutter-2022\/\" \/>\n<meta property=\"og:locale\" content=\"en_US\" \/>\n<meta property=\"og:type\" content=\"article\" \/>\n<meta property=\"og:title\" content=\"AMKP - Akademia Muzyczna im. Krzysztofa Pendereckiego w Krakowie\" \/>\n<meta property=\"og:description\" content=\"Anne-Sophie Mutter is a musical phenomenon: a violin master, who has been a regular guest of all the world&#8217;s most important concert halls for 46 years, who has a significant&hellip; Continue reading\" \/>\n<meta property=\"og:url\" content=\"https:\/\/www.amuz.krakow.pl\/doktoraty-hc\/doktorzy-honoris-causa\/anne-sophie-mutter-2022\/\" \/>\n<meta property=\"og:site_name\" content=\"Akademia Muzyczna im. Krzysztofa Pendereckiego w Krakowie\" \/>\n<meta property=\"article:publisher\" content=\"https:\/\/www.facebook.com\/amuz.krakow\" \/>\n<meta property=\"article:modified_time\" content=\"2022-06-21T12:33:22+00:00\" \/>\n<meta property=\"og:image\" content=\"https:\/\/www.amuz.krakow.pl\/wp-content\/uploads\/2022\/03\/mutter-web.jpg\" \/>\n\t<meta property=\"og:image:width\" content=\"1200\" \/>\n\t<meta property=\"og:image:height\" content=\"600\" \/>\n\t<meta property=\"og:image:type\" content=\"image\/jpeg\" \/>\n<meta name=\"twitter:card\" content=\"summary_large_image\" \/>\n<meta name=\"twitter:label1\" content=\"Est. reading time\" \/>\n\t<meta name=\"twitter:data1\" content=\"2 minutes\" \/>\n<script type=\"application\/ld+json\" class=\"yoast-schema-graph\">{\"@context\":\"https:\/\/schema.org\",\"@graph\":[{\"@type\":\"WebPage\",\"@id\":\"https:\/\/www.amuz.krakow.pl\/doktoraty-hc\/doktorzy-honoris-causa\/anne-sophie-mutter-2022\/\",\"url\":\"https:\/\/www.amuz.krakow.pl\/doktoraty-hc\/doktorzy-honoris-causa\/anne-sophie-mutter-2022\/\",\"name\":\"AMKP - Akademia Muzyczna im. Krzysztofa Pendereckiego w Krakowie\",\"isPartOf\":{\"@id\":\"https:\/\/www.amuz.krakow.pl\/#website\"},\"primaryImageOfPage\":{\"@id\":\"https:\/\/www.amuz.krakow.pl\/doktoraty-hc\/doktorzy-honoris-causa\/anne-sophie-mutter-2022\/#primaryimage\"},\"image\":{\"@id\":\"https:\/\/www.amuz.krakow.pl\/doktoraty-hc\/doktorzy-honoris-causa\/anne-sophie-mutter-2022\/#primaryimage\"},\"thumbnailUrl\":\"https:\/\/www.amuz.krakow.pl\/wp-content\/uploads\/2022\/03\/mutter-web.jpg\",\"datePublished\":\"2022-06-14T11:06:46+00:00\",\"dateModified\":\"2022-06-21T12:33:22+00:00\",\"breadcrumb\":{\"@id\":\"https:\/\/www.amuz.krakow.pl\/doktoraty-hc\/doktorzy-honoris-causa\/anne-sophie-mutter-2022\/#breadcrumb\"},\"inLanguage\":\"en-US\",\"potentialAction\":[{\"@type\":\"ReadAction\",\"target\":[\"https:\/\/www.amuz.krakow.pl\/doktoraty-hc\/doktorzy-honoris-causa\/anne-sophie-mutter-2022\/\"]}]},{\"@type\":\"ImageObject\",\"inLanguage\":\"en-US\",\"@id\":\"https:\/\/www.amuz.krakow.pl\/doktoraty-hc\/doktorzy-honoris-causa\/anne-sophie-mutter-2022\/#primaryimage\",\"url\":\"https:\/\/www.amuz.krakow.pl\/wp-content\/uploads\/2022\/03\/mutter-web.jpg\",\"contentUrl\":\"https:\/\/www.amuz.krakow.pl\/wp-content\/uploads\/2022\/03\/mutter-web.jpg\",\"width\":1200,\"height\":600},{\"@type\":\"BreadcrumbList\",\"@id\":\"https:\/\/www.amuz.krakow.pl\/doktoraty-hc\/doktorzy-honoris-causa\/anne-sophie-mutter-2022\/#breadcrumb\",\"itemListElement\":[{\"@type\":\"ListItem\",\"position\":1,\"name\":\"Strona g\u0142\u00f3wna\",\"item\":\"https:\/\/www.amuz.krakow.pl\/\"},{\"@type\":\"ListItem\",\"position\":2,\"name\":\"Doktoraty honoris causa\",\"item\":\"https:\/\/www.amuz.krakow.pl\/doktoraty-hc\/\"},{\"@type\":\"ListItem\",\"position\":3,\"name\":\"Doktorzy Honoris Causa\",\"item\":\"https:\/\/www.amuz.krakow.pl\/doktoraty-hc\/doktorzy-honoris-causa\/\"},{\"@type\":\"ListItem\",\"position\":4,\"name\":\"Anne-Sophie Mutter (2022)\"}]},{\"@type\":\"WebSite\",\"@id\":\"https:\/\/www.amuz.krakow.pl\/#website\",\"url\":\"https:\/\/www.amuz.krakow.pl\/\",\"name\":\"Akademia Muzyczna im. Krzysztofa Pendereckiego w Krakowie\",\"description\":\"Oficjalna strona Akademii Muzycznej im. Krzysztofa Pendereckiego w Krakowie (AMKP).\",\"publisher\":{\"@id\":\"https:\/\/www.amuz.krakow.pl\/#organization\"},\"alternateName\":\"AMKP\",\"potentialAction\":[{\"@type\":\"SearchAction\",\"target\":{\"@type\":\"EntryPoint\",\"urlTemplate\":\"https:\/\/www.amuz.krakow.pl\/?s={search_term_string}\"},\"query-input\":{\"@type\":\"PropertyValueSpecification\",\"valueRequired\":true,\"valueName\":\"search_term_string\"}}],\"inLanguage\":\"en-US\"},{\"@type\":\"Organization\",\"@id\":\"https:\/\/www.amuz.krakow.pl\/#organization\",\"name\":\"Akademia Muzyczna im. Krzysztofa Pendereckiego w Krakowie\",\"alternateName\":\"AMKP\",\"url\":\"https:\/\/www.amuz.krakow.pl\/\",\"logo\":{\"@type\":\"ImageObject\",\"inLanguage\":\"en-US\",\"@id\":\"https:\/\/www.amuz.krakow.pl\/#\/schema\/logo\/image\/\",\"url\":\"https:\/\/www.amuz.krakow.pl\/wp-content\/uploads\/2021\/11\/amkp.jpg\",\"contentUrl\":\"https:\/\/www.amuz.krakow.pl\/wp-content\/uploads\/2021\/11\/amkp.jpg\",\"width\":1193,\"height\":591,\"caption\":\"Akademia Muzyczna im. Krzysztofa Pendereckiego w Krakowie\"},\"image\":{\"@id\":\"https:\/\/www.amuz.krakow.pl\/#\/schema\/logo\/image\/\"},\"sameAs\":[\"https:\/\/www.facebook.com\/amuz.krakow\",\"https:\/\/www.instagram.com\/amkpenderecki\/\",\"https:\/\/www.youtube.com\/@amkpenderecki4806\"]}]}<\/script>\n<!-- \/ Yoast SEO plugin. -->","yoast_head_json":{"title":"AMKP - Akademia Muzyczna im. Krzysztofa Pendereckiego w Krakowie","robots":{"index":"index","follow":"follow","max-snippet":"max-snippet:-1","max-image-preview":"max-image-preview:large","max-video-preview":"max-video-preview:-1"},"canonical":"https:\/\/www.amuz.krakow.pl\/doktoraty-hc\/doktorzy-honoris-causa\/anne-sophie-mutter-2022\/","og_locale":"en_US","og_type":"article","og_title":"AMKP - Akademia Muzyczna im. Krzysztofa Pendereckiego w Krakowie","og_description":"Anne-Sophie Mutter is a musical phenomenon: a violin master, who has been a regular guest of all the world&#8217;s most important concert halls for 46 years, who has a significant&hellip; Continue reading","og_url":"https:\/\/www.amuz.krakow.pl\/doktoraty-hc\/doktorzy-honoris-causa\/anne-sophie-mutter-2022\/","og_site_name":"Akademia Muzyczna im. Krzysztofa Pendereckiego w Krakowie","article_publisher":"https:\/\/www.facebook.com\/amuz.krakow","article_modified_time":"2022-06-21T12:33:22+00:00","og_image":[{"width":1200,"height":600,"url":"https:\/\/www.amuz.krakow.pl\/wp-content\/uploads\/2022\/03\/mutter-web.jpg","type":"image\/jpeg"}],"twitter_card":"summary_large_image","twitter_misc":{"Est. reading time":"2 minutes"},"schema":{"@context":"https:\/\/schema.org","@graph":[{"@type":"WebPage","@id":"https:\/\/www.amuz.krakow.pl\/doktoraty-hc\/doktorzy-honoris-causa\/anne-sophie-mutter-2022\/","url":"https:\/\/www.amuz.krakow.pl\/doktoraty-hc\/doktorzy-honoris-causa\/anne-sophie-mutter-2022\/","name":"AMKP - Akademia Muzyczna im. Krzysztofa Pendereckiego w Krakowie","isPartOf":{"@id":"https:\/\/www.amuz.krakow.pl\/#website"},"primaryImageOfPage":{"@id":"https:\/\/www.amuz.krakow.pl\/doktoraty-hc\/doktorzy-honoris-causa\/anne-sophie-mutter-2022\/#primaryimage"},"image":{"@id":"https:\/\/www.amuz.krakow.pl\/doktoraty-hc\/doktorzy-honoris-causa\/anne-sophie-mutter-2022\/#primaryimage"},"thumbnailUrl":"https:\/\/www.amuz.krakow.pl\/wp-content\/uploads\/2022\/03\/mutter-web.jpg","datePublished":"2022-06-14T11:06:46+00:00","dateModified":"2022-06-21T12:33:22+00:00","breadcrumb":{"@id":"https:\/\/www.amuz.krakow.pl\/doktoraty-hc\/doktorzy-honoris-causa\/anne-sophie-mutter-2022\/#breadcrumb"},"inLanguage":"en-US","potentialAction":[{"@type":"ReadAction","target":["https:\/\/www.amuz.krakow.pl\/doktoraty-hc\/doktorzy-honoris-causa\/anne-sophie-mutter-2022\/"]}]},{"@type":"ImageObject","inLanguage":"en-US","@id":"https:\/\/www.amuz.krakow.pl\/doktoraty-hc\/doktorzy-honoris-causa\/anne-sophie-mutter-2022\/#primaryimage","url":"https:\/\/www.amuz.krakow.pl\/wp-content\/uploads\/2022\/03\/mutter-web.jpg","contentUrl":"https:\/\/www.amuz.krakow.pl\/wp-content\/uploads\/2022\/03\/mutter-web.jpg","width":1200,"height":600},{"@type":"BreadcrumbList","@id":"https:\/\/www.amuz.krakow.pl\/doktoraty-hc\/doktorzy-honoris-causa\/anne-sophie-mutter-2022\/#breadcrumb","itemListElement":[{"@type":"ListItem","position":1,"name":"Strona g\u0142\u00f3wna","item":"https:\/\/www.amuz.krakow.pl\/"},{"@type":"ListItem","position":2,"name":"Doktoraty honoris causa","item":"https:\/\/www.amuz.krakow.pl\/doktoraty-hc\/"},{"@type":"ListItem","position":3,"name":"Doktorzy Honoris Causa","item":"https:\/\/www.amuz.krakow.pl\/doktoraty-hc\/doktorzy-honoris-causa\/"},{"@type":"ListItem","position":4,"name":"Anne-Sophie Mutter (2022)"}]},{"@type":"WebSite","@id":"https:\/\/www.amuz.krakow.pl\/#website","url":"https:\/\/www.amuz.krakow.pl\/","name":"Akademia Muzyczna im. Krzysztofa Pendereckiego w Krakowie","description":"Oficjalna strona Akademii Muzycznej im. Krzysztofa Pendereckiego w Krakowie (AMKP).","publisher":{"@id":"https:\/\/www.amuz.krakow.pl\/#organization"},"alternateName":"AMKP","potentialAction":[{"@type":"SearchAction","target":{"@type":"EntryPoint","urlTemplate":"https:\/\/www.amuz.krakow.pl\/?s={search_term_string}"},"query-input":{"@type":"PropertyValueSpecification","valueRequired":true,"valueName":"search_term_string"}}],"inLanguage":"en-US"},{"@type":"Organization","@id":"https:\/\/www.amuz.krakow.pl\/#organization","name":"Akademia Muzyczna im. Krzysztofa Pendereckiego w Krakowie","alternateName":"AMKP","url":"https:\/\/www.amuz.krakow.pl\/","logo":{"@type":"ImageObject","inLanguage":"en-US","@id":"https:\/\/www.amuz.krakow.pl\/#\/schema\/logo\/image\/","url":"https:\/\/www.amuz.krakow.pl\/wp-content\/uploads\/2021\/11\/amkp.jpg","contentUrl":"https:\/\/www.amuz.krakow.pl\/wp-content\/uploads\/2021\/11\/amkp.jpg","width":1193,"height":591,"caption":"Akademia Muzyczna im. Krzysztofa Pendereckiego w Krakowie"},"image":{"@id":"https:\/\/www.amuz.krakow.pl\/#\/schema\/logo\/image\/"},"sameAs":["https:\/\/www.facebook.com\/amuz.krakow","https:\/\/www.instagram.com\/amkpenderecki\/","https:\/\/www.youtube.com\/@amkpenderecki4806"]}]}},"_links":{"self":[{"href":"https:\/\/www.amuz.krakow.pl\/en\/wp-json\/wp\/v2\/pages\/63703","targetHints":{"allow":["GET"]}}],"collection":[{"href":"https:\/\/www.amuz.krakow.pl\/en\/wp-json\/wp\/v2\/pages"}],"about":[{"href":"https:\/\/www.amuz.krakow.pl\/en\/wp-json\/wp\/v2\/types\/page"}],"author":[{"embeddable":true,"href":"https:\/\/www.amuz.krakow.pl\/en\/wp-json\/wp\/v2\/users\/72"}],"replies":[{"embeddable":true,"href":"https:\/\/www.amuz.krakow.pl\/en\/wp-json\/wp\/v2\/comments?post=63703"}],"version-history":[{"count":2,"href":"https:\/\/www.amuz.krakow.pl\/en\/wp-json\/wp\/v2\/pages\/63703\/revisions"}],"predecessor-version":[{"id":63707,"href":"https:\/\/www.amuz.krakow.pl\/en\/wp-json\/wp\/v2\/pages\/63703\/revisions\/63707"}],"up":[{"embeddable":true,"href":"https:\/\/www.amuz.krakow.pl\/en\/wp-json\/wp\/v2\/pages\/633"}],"wp:featuredmedia":[{"embeddable":true,"href":"https:\/\/www.amuz.krakow.pl\/en\/wp-json\/wp\/v2\/media\/58975"}],"wp:attachment":[{"href":"https:\/\/www.amuz.krakow.pl\/en\/wp-json\/wp\/v2\/media?parent=63703"}],"curies":[{"name":"wp","href":"https:\/\/api.w.org\/{rel}","templated":true}]}}