{"id":627,"date":"2015-12-21T10:12:17","date_gmt":"2015-12-21T09:12:17","guid":{"rendered":"http:\/\/strony.amuz.krakow.pl\/?page_id=627"},"modified":"2020-11-30T23:15:58","modified_gmt":"2020-11-30T22:15:58","slug":"prof-krzysztof-penderecki-1994","status":"publish","type":"page","link":"https:\/\/www.amuz.krakow.pl\/en\/doktoraty-hc\/doktorzy-honoris-causa\/prof-krzysztof-penderecki-1994\/","title":{"rendered":"prof. Krzysztof Penderecki (1994)"},"content":{"rendered":"<p><\/p>\n<p style=\"text-align: justify;\"><a href=\"https:\/\/www.amuz.krakow.pl\/wp-content\/uploads\/2015\/12\/01.-prof.-Krzysztof-Penderecki-1994-e1486330884536.jpeg\"><img loading=\"lazy\" decoding=\"async\" class=\"alignleft wp-image-628\" src=\"https:\/\/www.amuz.krakow.pl\/wp-content\/uploads\/2015\/12\/01.-prof.-Krzysztof-Penderecki-1994-e1486330884536.jpeg\" alt=\"\" width=\"300\" height=\"300\" srcset=\"https:\/\/www.amuz.krakow.pl\/wp-content\/uploads\/2015\/12\/01.-prof.-Krzysztof-Penderecki-1994-e1486330884536.jpeg 404w, https:\/\/www.amuz.krakow.pl\/wp-content\/uploads\/2015\/12\/01.-prof.-Krzysztof-Penderecki-1994-e1486330884536-150x150.jpeg 150w, https:\/\/www.amuz.krakow.pl\/wp-content\/uploads\/2015\/12\/01.-prof.-Krzysztof-Penderecki-1994-e1486330884536-300x300.jpeg 300w\" sizes=\"auto, (max-width: 300px) 100vw, 300px\" \/><\/a>Born on November 23, 1933 in D\u0119bica, Poland. Studied composition with F. Sko\u0142yszewski and later with A. Malawski and S. Wiechowicz at the State higher School of Music in Krak\u00f3w which he graduated with honours.<\/p>\n<p style=\"text-align: justify;\">Krzysztof Penderecki is laureate of numerous Polish and international artistic award, such as: 1st, 2nd and 3rd prize at the Young Composers\u2019 Competition of the Polish Composers\u2019 Union (1959), UNESCO award for the<i>Threnody for the Victims of Hiroshima<\/i> (1961), State Award of the first degree (1968, 1983), the award of the Polish Composes\u2019 Union (1970), Herder (1977), Honegger (1976), and Sibelius (1983) awards, Premio Lorenzo Magnifico (1985), Karl Wolf Foundation award (1987), Grammy Award (1998), Grawemeyer Music Award (1992), the UNESCO award of the International Music Council (1993), Best Living World Composer Award (2000), Grammy Best Choral Composition (for <i>Credo<\/i>) Premio Principe de Asturias de las Artes (2001), theMunich Catholic Award (2002).<\/p>\n<p style=\"text-align: justify;\">Krzysztof Penderecki was granted an honorary doctorate from several universities (including Rochester, Bordeaux, Leuven, Washington, Belgrade, Madrid, Pozna\u0144, Warsaw, Buenos Aires, Glasgow, Krak\u00f3w). He is an honorary member of the Royal Academy of Music in London, Accademia Nazionale di Santa Cecilia in Rome, Kungliga Musikaliska Akademien in Stockholm, Akademie der K\u00fcnste in Berlin, Academia National de Bellas Artes in Buenos Aires, Acad\u00e9mie Internationale de Philosophie et de l\u2019art in Bern, Acad\u00e9mie Nationale des Sciences, Belles-lettres et Arts in Bordeaux, Royal Irish Academy of Music in Dublin, American Academy of Arts and Letters.<\/p>\n<p style=\"text-align: justify;\">Krzysztof Penderecki has received high state distinctions in Poland and abroad.<br \/>\nHe has conducted the greatest orchestras of the world. His repertoire, apart from his own works, covers symphonic works of composers from various historical periods.<\/p>\n<p style=\"text-align: justify;\">The compositional output of K. Penderecki is immense; it covers all musical genres from solo and chamber works to symphonies and operas.<br \/>\nThe most important works:<\/p>\n<p style=\"text-align: justify;\">* <i>Psalms of David<\/i> (1958)<br \/>\n* <i>Strophes<\/i> (1959)<br \/>\n* <i>Anaklasis for percussion and strings <\/i>(1960)<br \/>\n* <i>Threnody for the Victims of Hiroshima<\/i> (1960)<br \/>\n* <i>String Quartet<\/i> No.1 (1960)<br \/>\n* <i>Fonogrammi <\/i>for flute and chamber orchestra (1961)<br \/>\n* <i>Psalmus 1961<\/i><br \/>\n* <i>Polymorphia<\/i> for strings (1961)<br \/>\n* <i>Fluorescences<\/i> for orchestra (1962)<br \/>\n* <i>Canon<\/i> for strings and two tapes (1962)<br \/>\n* <i>Passio et mors Domini nostri Iesu Christi secundum Lucam<\/i> (1965)<br \/>\n* <i>Dies Irae<\/i> (1967) \u2013 oratorio in memory of those murdered at Auschwitz<br \/>\n* <i>Devils of Loudun<\/i>, opera in three acts (1966-1969)<br \/>\n* <i>Utrenya<\/i> (1970-1971)<br \/>\n* <i>Cosmogony<\/i> (1970)<br \/>\n* <i>Magnificat<\/i> (1974)<br \/>\n* <i>Paradise Lost<\/i>, sacra rappresentatione (1976-1978)<br \/>\n* <i>Te Deum<\/i> for choir and orchestra (1979-1980)<br \/>\n* <i>Polish Requiem<\/i> (1980-1984)<br \/>\n* <i>Black Mask<\/i>, opera in one act (1984-1986)<br \/>\n* <i>Symphony <\/i>No.4 \u2013 Adagio (1989)<br \/>\n* <i>Ubu Rex<\/i>, opera in two acts (1991)<br \/>\n* <i>Symphony<\/i> No.5 &#8220;Korean&#8221;(1992)<br \/>\n* <i>Concerto<\/i> for flute and chamber orchestra (1992)<br \/>\n* <i>Credo<\/i> for solo voices, choir and orchestra (1998)<br \/>\n* <i>Hymn to St. Daniil<\/i> for choir and orchestra (1997) \u2013 one thousandth anniversary of Moscow<br \/>\n* <i>Hymn to St. Adalbert <\/i>for choir and orchestra (1997) \u2013 one thousandth anniversary of Gda\u0144sk<br \/>\n* <i>Concerto grosso<\/i> for three cellos and orchestra (2001)<br \/>\n* <i>Sextet<\/i> for piano, violin, viola, cello, clarinet and horn (2000)<br \/>\n* <i>Sonata <\/i>for violin and piano (2000)<br \/>\n* <i>Piano Concerto &#8220;Resurrection&#8221;<\/i> (2002)<\/p>\n<p><\/p>","protected":false},"excerpt":{"rendered":"<p>Born on November 23, 1933 in D\u0119bica, Poland. Studied composition with F. Sko\u0142yszewski and later with A. Malawski and S. Wiechowicz at the State higher School of Music in Krak\u00f3w&hellip; <a href=\"https:\/\/www.amuz.krakow.pl\/en\/doktoraty-hc\/doktorzy-honoris-causa\/prof-krzysztof-penderecki-1994\/\">Continue reading<\/a><\/p>\n","protected":false},"author":72,"featured_media":0,"parent":633,"menu_order":0,"comment_status":"closed","ping_status":"closed","template":"","meta":{"footnotes":"","_links_to":"","_links_to_target":""},"class_list":["post-627","page","type-page","status-publish","hentry"],"yoast_head":"<!-- This site is optimized with the Yoast SEO plugin v27.2 - https:\/\/yoast.com\/product\/yoast-seo-wordpress\/ -->\n<title>AMKP - Akademia Muzyczna im. Krzysztofa Pendereckiego w Krakowie<\/title>\n<meta name=\"robots\" content=\"index, follow, max-snippet:-1, max-image-preview:large, max-video-preview:-1\" \/>\n<link rel=\"canonical\" href=\"https:\/\/www.amuz.krakow.pl\/doktoraty-hc\/doktorzy-honoris-causa\/prof-krzysztof-penderecki-1994\/\" \/>\n<meta property=\"og:locale\" content=\"en_US\" \/>\n<meta property=\"og:type\" content=\"article\" \/>\n<meta property=\"og:title\" content=\"AMKP - Akademia Muzyczna im. Krzysztofa Pendereckiego w Krakowie\" \/>\n<meta property=\"og:description\" content=\"Born on November 23, 1933 in D\u0119bica, Poland. Studied composition with F. Sko\u0142yszewski and later with A. Malawski and S. Wiechowicz at the State higher School of Music in Krak\u00f3w&hellip; Continue reading\" \/>\n<meta property=\"og:url\" content=\"https:\/\/www.amuz.krakow.pl\/doktoraty-hc\/doktorzy-honoris-causa\/prof-krzysztof-penderecki-1994\/\" \/>\n<meta property=\"og:site_name\" content=\"Akademia Muzyczna im. Krzysztofa Pendereckiego w Krakowie\" \/>\n<meta property=\"article:publisher\" content=\"https:\/\/www.facebook.com\/amuz.krakow\" \/>\n<meta property=\"article:modified_time\" content=\"2020-11-30T22:15:58+00:00\" \/>\n<meta property=\"og:image\" content=\"https:\/\/www.amuz.krakow.pl\/wp-content\/uploads\/2015\/12\/01.-prof.-Krzysztof-Penderecki-1994-e1486330884536.jpeg\" \/>\n<meta name=\"twitter:card\" content=\"summary_large_image\" \/>\n<meta name=\"twitter:label1\" content=\"Est. reading time\" \/>\n\t<meta name=\"twitter:data1\" content=\"5 minutes\" \/>\n<script type=\"application\/ld+json\" class=\"yoast-schema-graph\">{\"@context\":\"https:\/\/schema.org\",\"@graph\":[{\"@type\":\"WebPage\",\"@id\":\"https:\/\/www.amuz.krakow.pl\/doktoraty-hc\/doktorzy-honoris-causa\/prof-krzysztof-penderecki-1994\/\",\"url\":\"https:\/\/www.amuz.krakow.pl\/doktoraty-hc\/doktorzy-honoris-causa\/prof-krzysztof-penderecki-1994\/\",\"name\":\"AMKP - Akademia Muzyczna im. Krzysztofa Pendereckiego w Krakowie\",\"isPartOf\":{\"@id\":\"https:\/\/www.amuz.krakow.pl\/#website\"},\"primaryImageOfPage\":{\"@id\":\"https:\/\/www.amuz.krakow.pl\/doktoraty-hc\/doktorzy-honoris-causa\/prof-krzysztof-penderecki-1994\/#primaryimage\"},\"image\":{\"@id\":\"https:\/\/www.amuz.krakow.pl\/doktoraty-hc\/doktorzy-honoris-causa\/prof-krzysztof-penderecki-1994\/#primaryimage\"},\"thumbnailUrl\":\"https:\/\/www.amuz.krakow.pl\/wp-content\/uploads\/2015\/12\/01.-prof.-Krzysztof-Penderecki-1994-e1486330884536.jpeg\",\"datePublished\":\"2015-12-21T09:12:17+00:00\",\"dateModified\":\"2020-11-30T22:15:58+00:00\",\"breadcrumb\":{\"@id\":\"https:\/\/www.amuz.krakow.pl\/doktoraty-hc\/doktorzy-honoris-causa\/prof-krzysztof-penderecki-1994\/#breadcrumb\"},\"inLanguage\":\"en-US\",\"potentialAction\":[{\"@type\":\"ReadAction\",\"target\":[\"https:\/\/www.amuz.krakow.pl\/doktoraty-hc\/doktorzy-honoris-causa\/prof-krzysztof-penderecki-1994\/\"]}]},{\"@type\":\"ImageObject\",\"inLanguage\":\"en-US\",\"@id\":\"https:\/\/www.amuz.krakow.pl\/doktoraty-hc\/doktorzy-honoris-causa\/prof-krzysztof-penderecki-1994\/#primaryimage\",\"url\":\"https:\/\/www.amuz.krakow.pl\/wp-content\/uploads\/2015\/12\/01.-prof.-Krzysztof-Penderecki-1994-e1486330884536.jpeg\",\"contentUrl\":\"https:\/\/www.amuz.krakow.pl\/wp-content\/uploads\/2015\/12\/01.-prof.-Krzysztof-Penderecki-1994-e1486330884536.jpeg\"},{\"@type\":\"BreadcrumbList\",\"@id\":\"https:\/\/www.amuz.krakow.pl\/doktoraty-hc\/doktorzy-honoris-causa\/prof-krzysztof-penderecki-1994\/#breadcrumb\",\"itemListElement\":[{\"@type\":\"ListItem\",\"position\":1,\"name\":\"Strona g\u0142\u00f3wna\",\"item\":\"https:\/\/www.amuz.krakow.pl\/\"},{\"@type\":\"ListItem\",\"position\":2,\"name\":\"Doktoraty honoris causa\",\"item\":\"https:\/\/www.amuz.krakow.pl\/doktoraty-hc\/\"},{\"@type\":\"ListItem\",\"position\":3,\"name\":\"Doktorzy Honoris Causa\",\"item\":\"https:\/\/www.amuz.krakow.pl\/doktoraty-hc\/doktorzy-honoris-causa\/\"},{\"@type\":\"ListItem\",\"position\":4,\"name\":\"prof. Krzysztof Penderecki (1994)\"}]},{\"@type\":\"WebSite\",\"@id\":\"https:\/\/www.amuz.krakow.pl\/#website\",\"url\":\"https:\/\/www.amuz.krakow.pl\/\",\"name\":\"Akademia Muzyczna im. Krzysztofa Pendereckiego w Krakowie\",\"description\":\"Oficjalna strona Akademii Muzycznej im. Krzysztofa Pendereckiego w Krakowie (AMKP).\",\"publisher\":{\"@id\":\"https:\/\/www.amuz.krakow.pl\/#organization\"},\"alternateName\":\"AMKP\",\"potentialAction\":[{\"@type\":\"SearchAction\",\"target\":{\"@type\":\"EntryPoint\",\"urlTemplate\":\"https:\/\/www.amuz.krakow.pl\/?s={search_term_string}\"},\"query-input\":{\"@type\":\"PropertyValueSpecification\",\"valueRequired\":true,\"valueName\":\"search_term_string\"}}],\"inLanguage\":\"en-US\"},{\"@type\":\"Organization\",\"@id\":\"https:\/\/www.amuz.krakow.pl\/#organization\",\"name\":\"Akademia Muzyczna im. Krzysztofa Pendereckiego w Krakowie\",\"alternateName\":\"AMKP\",\"url\":\"https:\/\/www.amuz.krakow.pl\/\",\"logo\":{\"@type\":\"ImageObject\",\"inLanguage\":\"en-US\",\"@id\":\"https:\/\/www.amuz.krakow.pl\/#\/schema\/logo\/image\/\",\"url\":\"https:\/\/www.amuz.krakow.pl\/wp-content\/uploads\/2021\/11\/amkp.jpg\",\"contentUrl\":\"https:\/\/www.amuz.krakow.pl\/wp-content\/uploads\/2021\/11\/amkp.jpg\",\"width\":1193,\"height\":591,\"caption\":\"Akademia Muzyczna im. Krzysztofa Pendereckiego w Krakowie\"},\"image\":{\"@id\":\"https:\/\/www.amuz.krakow.pl\/#\/schema\/logo\/image\/\"},\"sameAs\":[\"https:\/\/www.facebook.com\/amuz.krakow\",\"https:\/\/www.instagram.com\/amkpenderecki\/\",\"https:\/\/www.youtube.com\/@amkpenderecki4806\"]}]}<\/script>\n<!-- \/ Yoast SEO plugin. -->","yoast_head_json":{"title":"AMKP - Akademia Muzyczna im. Krzysztofa Pendereckiego w Krakowie","robots":{"index":"index","follow":"follow","max-snippet":"max-snippet:-1","max-image-preview":"max-image-preview:large","max-video-preview":"max-video-preview:-1"},"canonical":"https:\/\/www.amuz.krakow.pl\/doktoraty-hc\/doktorzy-honoris-causa\/prof-krzysztof-penderecki-1994\/","og_locale":"en_US","og_type":"article","og_title":"AMKP - Akademia Muzyczna im. Krzysztofa Pendereckiego w Krakowie","og_description":"Born on November 23, 1933 in D\u0119bica, Poland. Studied composition with F. Sko\u0142yszewski and later with A. Malawski and S. Wiechowicz at the State higher School of Music in Krak\u00f3w&hellip; Continue reading","og_url":"https:\/\/www.amuz.krakow.pl\/doktoraty-hc\/doktorzy-honoris-causa\/prof-krzysztof-penderecki-1994\/","og_site_name":"Akademia Muzyczna im. Krzysztofa Pendereckiego w Krakowie","article_publisher":"https:\/\/www.facebook.com\/amuz.krakow","article_modified_time":"2020-11-30T22:15:58+00:00","og_image":[{"url":"https:\/\/www.amuz.krakow.pl\/wp-content\/uploads\/2015\/12\/01.-prof.-Krzysztof-Penderecki-1994-e1486330884536.jpeg","type":"","width":"","height":""}],"twitter_card":"summary_large_image","twitter_misc":{"Est. reading time":"5 minutes"},"schema":{"@context":"https:\/\/schema.org","@graph":[{"@type":"WebPage","@id":"https:\/\/www.amuz.krakow.pl\/doktoraty-hc\/doktorzy-honoris-causa\/prof-krzysztof-penderecki-1994\/","url":"https:\/\/www.amuz.krakow.pl\/doktoraty-hc\/doktorzy-honoris-causa\/prof-krzysztof-penderecki-1994\/","name":"AMKP - Akademia Muzyczna im. Krzysztofa Pendereckiego w Krakowie","isPartOf":{"@id":"https:\/\/www.amuz.krakow.pl\/#website"},"primaryImageOfPage":{"@id":"https:\/\/www.amuz.krakow.pl\/doktoraty-hc\/doktorzy-honoris-causa\/prof-krzysztof-penderecki-1994\/#primaryimage"},"image":{"@id":"https:\/\/www.amuz.krakow.pl\/doktoraty-hc\/doktorzy-honoris-causa\/prof-krzysztof-penderecki-1994\/#primaryimage"},"thumbnailUrl":"https:\/\/www.amuz.krakow.pl\/wp-content\/uploads\/2015\/12\/01.-prof.-Krzysztof-Penderecki-1994-e1486330884536.jpeg","datePublished":"2015-12-21T09:12:17+00:00","dateModified":"2020-11-30T22:15:58+00:00","breadcrumb":{"@id":"https:\/\/www.amuz.krakow.pl\/doktoraty-hc\/doktorzy-honoris-causa\/prof-krzysztof-penderecki-1994\/#breadcrumb"},"inLanguage":"en-US","potentialAction":[{"@type":"ReadAction","target":["https:\/\/www.amuz.krakow.pl\/doktoraty-hc\/doktorzy-honoris-causa\/prof-krzysztof-penderecki-1994\/"]}]},{"@type":"ImageObject","inLanguage":"en-US","@id":"https:\/\/www.amuz.krakow.pl\/doktoraty-hc\/doktorzy-honoris-causa\/prof-krzysztof-penderecki-1994\/#primaryimage","url":"https:\/\/www.amuz.krakow.pl\/wp-content\/uploads\/2015\/12\/01.-prof.-Krzysztof-Penderecki-1994-e1486330884536.jpeg","contentUrl":"https:\/\/www.amuz.krakow.pl\/wp-content\/uploads\/2015\/12\/01.-prof.-Krzysztof-Penderecki-1994-e1486330884536.jpeg"},{"@type":"BreadcrumbList","@id":"https:\/\/www.amuz.krakow.pl\/doktoraty-hc\/doktorzy-honoris-causa\/prof-krzysztof-penderecki-1994\/#breadcrumb","itemListElement":[{"@type":"ListItem","position":1,"name":"Strona g\u0142\u00f3wna","item":"https:\/\/www.amuz.krakow.pl\/"},{"@type":"ListItem","position":2,"name":"Doktoraty honoris causa","item":"https:\/\/www.amuz.krakow.pl\/doktoraty-hc\/"},{"@type":"ListItem","position":3,"name":"Doktorzy Honoris Causa","item":"https:\/\/www.amuz.krakow.pl\/doktoraty-hc\/doktorzy-honoris-causa\/"},{"@type":"ListItem","position":4,"name":"prof. Krzysztof Penderecki (1994)"}]},{"@type":"WebSite","@id":"https:\/\/www.amuz.krakow.pl\/#website","url":"https:\/\/www.amuz.krakow.pl\/","name":"Akademia Muzyczna im. Krzysztofa Pendereckiego w Krakowie","description":"Oficjalna strona Akademii Muzycznej im. Krzysztofa Pendereckiego w Krakowie (AMKP).","publisher":{"@id":"https:\/\/www.amuz.krakow.pl\/#organization"},"alternateName":"AMKP","potentialAction":[{"@type":"SearchAction","target":{"@type":"EntryPoint","urlTemplate":"https:\/\/www.amuz.krakow.pl\/?s={search_term_string}"},"query-input":{"@type":"PropertyValueSpecification","valueRequired":true,"valueName":"search_term_string"}}],"inLanguage":"en-US"},{"@type":"Organization","@id":"https:\/\/www.amuz.krakow.pl\/#organization","name":"Akademia Muzyczna im. Krzysztofa Pendereckiego w Krakowie","alternateName":"AMKP","url":"https:\/\/www.amuz.krakow.pl\/","logo":{"@type":"ImageObject","inLanguage":"en-US","@id":"https:\/\/www.amuz.krakow.pl\/#\/schema\/logo\/image\/","url":"https:\/\/www.amuz.krakow.pl\/wp-content\/uploads\/2021\/11\/amkp.jpg","contentUrl":"https:\/\/www.amuz.krakow.pl\/wp-content\/uploads\/2021\/11\/amkp.jpg","width":1193,"height":591,"caption":"Akademia Muzyczna im. Krzysztofa Pendereckiego w Krakowie"},"image":{"@id":"https:\/\/www.amuz.krakow.pl\/#\/schema\/logo\/image\/"},"sameAs":["https:\/\/www.facebook.com\/amuz.krakow","https:\/\/www.instagram.com\/amkpenderecki\/","https:\/\/www.youtube.com\/@amkpenderecki4806"]}]}},"_links":{"self":[{"href":"https:\/\/www.amuz.krakow.pl\/en\/wp-json\/wp\/v2\/pages\/627","targetHints":{"allow":["GET"]}}],"collection":[{"href":"https:\/\/www.amuz.krakow.pl\/en\/wp-json\/wp\/v2\/pages"}],"about":[{"href":"https:\/\/www.amuz.krakow.pl\/en\/wp-json\/wp\/v2\/types\/page"}],"author":[{"embeddable":true,"href":"https:\/\/www.amuz.krakow.pl\/en\/wp-json\/wp\/v2\/users\/72"}],"replies":[{"embeddable":true,"href":"https:\/\/www.amuz.krakow.pl\/en\/wp-json\/wp\/v2\/comments?post=627"}],"version-history":[{"count":1,"href":"https:\/\/www.amuz.krakow.pl\/en\/wp-json\/wp\/v2\/pages\/627\/revisions"}],"predecessor-version":[{"id":45209,"href":"https:\/\/www.amuz.krakow.pl\/en\/wp-json\/wp\/v2\/pages\/627\/revisions\/45209"}],"up":[{"embeddable":true,"href":"https:\/\/www.amuz.krakow.pl\/en\/wp-json\/wp\/v2\/pages\/633"}],"wp:attachment":[{"href":"https:\/\/www.amuz.krakow.pl\/en\/wp-json\/wp\/v2\/media?parent=627"}],"curies":[{"name":"wp","href":"https:\/\/api.w.org\/{rel}","templated":true}]}}