{"id":6217,"date":"2016-04-06T23:28:36","date_gmt":"2016-04-06T21:28:36","guid":{"rendered":"http:\/\/www.amuz.krakow.pl\/?page_id=6217"},"modified":"2026-04-10T13:15:44","modified_gmt":"2026-04-10T11:15:44","slug":"rekrutacja","status":"publish","type":"page","link":"https:\/\/www.amuz.krakow.pl\/en\/doktoranci\/kandydaci\/rekrutacja\/","title":{"rendered":"Admissions 2026\/2027"},"content":{"rendered":"<p>Pursuant to Decision No. 1\/2026 of the Rector of the Krzysztof Penderecki Academy of Music in Krak\u00f3w of 8 April 2026, the <strong>admission limit<\/strong> for the educational programme in the artistic discipline of musical arts in the Doctoral School of the Krzysztof Penderecki Academy of Music in Krak\u00f3w for the 2026\/2027 academic year <strong>is 3<\/strong>, and includes the following areas:<\/p>\n<ol>\n<li><strong>Instrumental Studies<\/strong> \u2013 2 places;<\/li>\n<li><strong>Conducting<\/strong> \u2013 1 place.<\/li>\n<\/ol>\n<hr \/>\n<p style=\"text-align: center;\"><span style=\"font-size: 12pt;\"><strong>Admissions dates<\/strong><\/span><\/p>\n<p>In fulfilment of the obligation arising from \u00a7 1(5) of the Admission Rules for the AMKP Doctoral School, adopted by the Senate by Resolution No. 11\/2025 of 20 March 2025, the Director of the Doctoral School of the Krzysztof Penderecki Academy of Music in Krak\u00f3w has established the following recruitment schedule of admissions to the Doctoral School for the 2026\/2027 academic year:<\/p>\n<p>1. Online registration of applicants:<br \/>\n<strong>1 September 2026 (from 00:01 AM) \u2013 5 September 2026 (to 11:59 PM).<\/strong><\/p>\n<p>2. Applicants will be informed of being admitted or non-admitted to the entrance examination:<br \/>\n<strong>by 12 September 2026<\/strong><\/p>\n<p>3. Entrance examinations will be held on-site at the AMKP Main Building:<br \/>\n<strong>from 20 to 22 September 2026<\/strong><\/p>\n<p>4. Applicants will be informed on the results of the examination and being admitted or non-admitted to the Doctoral School:<br \/>\n<strong>by 25 September 2026<\/strong><\/p>\n<p>A detailed schedule for the entrance examinations will be announced once the list of applicants admitted to the examinations is established.<\/p>\n<hr \/>\n<p>Rules of admission to the AMKP Doctoral School: <a href=\"https:\/\/www.amuz.krakow.pl\/doktoranci\/kandydaci\/zasady-rekrutacji\/\">Za\u0142\u0105cznik do Uchwa\u0142y nr 11\/2025 Senatu z\u00a0dnia 20 marca 2025 r.<\/a><\/p>\n<hr \/>\n<p><a href=\"https:\/\/www.amuz.krakow.pl\/wp-content\/uploads\/doc\/Decyzja-Nr-1-w-sprawie-limitow-przyjec-do-Szkoly-Doktorskiej-AMKP-w-roku-akademickim-20262027.pdf\">Decyzja Nr 1\/2026 Rektora AMKP w sprawie limit\u00f3w przyj\u0119\u0107 do Szko\u0142y Doktorskiej AMKP w roku akademickim 2026\/2027<\/a><\/p>\n<p><a href=\"https:\/\/www.amuz.krakow.pl\/wp-content\/uploads\/doc\/Komunikat-nr-3-SD-2026.pdf\">Komunikat nr 3\/SD\/2026 Dyrektora Szko\u0142y Doktorskiej AMKP w sprawie rekrutacji na rok akademicki 2026\/2027<\/a><\/p>","protected":false},"excerpt":{"rendered":"<p>Pursuant to Decision No. 1\/2026 of the Rector of the Krzysztof Penderecki Academy of Music in Krak\u00f3w of 8 April 2026, the admission limit for the educational programme in the&hellip; <a href=\"https:\/\/www.amuz.krakow.pl\/en\/doktoranci\/kandydaci\/rekrutacja\/\">Continue reading<\/a><\/p>\n","protected":false},"author":72,"featured_media":118294,"parent":90392,"menu_order":2,"comment_status":"closed","ping_status":"closed","template":"","meta":{"footnotes":"","_links_to":"","_links_to_target":""},"class_list":["post-6217","page","type-page","status-publish","has-post-thumbnail","hentry"],"yoast_head":"<!-- This site is optimized with the Yoast SEO plugin v27.4 - https:\/\/yoast.com\/product\/yoast-seo-wordpress\/ -->\n<title>AMKP - Akademia Muzyczna im. Krzysztofa Pendereckiego w Krakowie<\/title>\n<meta name=\"robots\" content=\"index, follow, max-snippet:-1, max-image-preview:large, max-video-preview:-1\" \/>\n<link rel=\"canonical\" href=\"https:\/\/www.amuz.krakow.pl\/doktoranci\/kandydaci\/rekrutacja\/\" \/>\n<meta property=\"og:locale\" content=\"en_US\" \/>\n<meta property=\"og:type\" content=\"article\" \/>\n<meta property=\"og:title\" content=\"AMKP - Akademia Muzyczna im. Krzysztofa Pendereckiego w Krakowie\" \/>\n<meta property=\"og:description\" content=\"Pursuant to Decision No. 1\/2026 of the Rector of the Krzysztof Penderecki Academy of Music in Krak\u00f3w of 8 April 2026, the admission limit for the educational programme in the&hellip; Continue reading\" \/>\n<meta property=\"og:url\" content=\"https:\/\/www.amuz.krakow.pl\/doktoranci\/kandydaci\/rekrutacja\/\" \/>\n<meta property=\"og:site_name\" content=\"Akademia Muzyczna im. Krzysztofa Pendereckiego w Krakowie\" \/>\n<meta property=\"article:publisher\" content=\"https:\/\/www.facebook.com\/amuz.krakow\" \/>\n<meta property=\"article:modified_time\" content=\"2026-04-10T11:15:44+00:00\" \/>\n<meta property=\"og:image\" content=\"https:\/\/www.amuz.krakow.pl\/wp-content\/uploads\/2026\/04\/szkola-doktorska-i-loga-2027.jpg\" \/>\n\t<meta property=\"og:image:width\" content=\"900\" \/>\n\t<meta property=\"og:image:height\" content=\"449\" \/>\n\t<meta property=\"og:image:type\" content=\"image\/jpeg\" \/>\n<meta name=\"twitter:card\" content=\"summary_large_image\" \/>\n<meta name=\"twitter:label1\" content=\"Est. reading time\" \/>\n\t<meta name=\"twitter:data1\" content=\"2 minutes\" \/>\n<script type=\"application\/ld+json\" class=\"yoast-schema-graph\">{\"@context\":\"https:\\\/\\\/schema.org\",\"@graph\":[{\"@type\":\"WebPage\",\"@id\":\"https:\\\/\\\/www.amuz.krakow.pl\\\/doktoranci\\\/kandydaci\\\/rekrutacja\\\/\",\"url\":\"https:\\\/\\\/www.amuz.krakow.pl\\\/doktoranci\\\/kandydaci\\\/rekrutacja\\\/\",\"name\":\"AMKP - Akademia Muzyczna im. Krzysztofa Pendereckiego w Krakowie\",\"isPartOf\":{\"@id\":\"https:\\\/\\\/www.amuz.krakow.pl\\\/#website\"},\"primaryImageOfPage\":{\"@id\":\"https:\\\/\\\/www.amuz.krakow.pl\\\/doktoranci\\\/kandydaci\\\/rekrutacja\\\/#primaryimage\"},\"image\":{\"@id\":\"https:\\\/\\\/www.amuz.krakow.pl\\\/doktoranci\\\/kandydaci\\\/rekrutacja\\\/#primaryimage\"},\"thumbnailUrl\":\"https:\\\/\\\/www.amuz.krakow.pl\\\/wp-content\\\/uploads\\\/2026\\\/04\\\/szkola-doktorska-i-loga-2027.jpg\",\"datePublished\":\"2016-04-06T21:28:36+00:00\",\"dateModified\":\"2026-04-10T11:15:44+00:00\",\"breadcrumb\":{\"@id\":\"https:\\\/\\\/www.amuz.krakow.pl\\\/doktoranci\\\/kandydaci\\\/rekrutacja\\\/#breadcrumb\"},\"inLanguage\":\"en-US\",\"potentialAction\":[{\"@type\":\"ReadAction\",\"target\":[\"https:\\\/\\\/www.amuz.krakow.pl\\\/doktoranci\\\/kandydaci\\\/rekrutacja\\\/\"]}]},{\"@type\":\"ImageObject\",\"inLanguage\":\"en-US\",\"@id\":\"https:\\\/\\\/www.amuz.krakow.pl\\\/doktoranci\\\/kandydaci\\\/rekrutacja\\\/#primaryimage\",\"url\":\"https:\\\/\\\/www.amuz.krakow.pl\\\/wp-content\\\/uploads\\\/2026\\\/04\\\/szkola-doktorska-i-loga-2027.jpg\",\"contentUrl\":\"https:\\\/\\\/www.amuz.krakow.pl\\\/wp-content\\\/uploads\\\/2026\\\/04\\\/szkola-doktorska-i-loga-2027.jpg\",\"width\":900,\"height\":449},{\"@type\":\"BreadcrumbList\",\"@id\":\"https:\\\/\\\/www.amuz.krakow.pl\\\/doktoranci\\\/kandydaci\\\/rekrutacja\\\/#breadcrumb\",\"itemListElement\":[{\"@type\":\"ListItem\",\"position\":1,\"name\":\"Strona g\u0142\u00f3wna\",\"item\":\"https:\\\/\\\/www.amuz.krakow.pl\\\/\"},{\"@type\":\"ListItem\",\"position\":2,\"name\":\"Szko\u0142a Doktorska\",\"item\":\"https:\\\/\\\/www.amuz.krakow.pl\\\/doktoranci\\\/\"},{\"@type\":\"ListItem\",\"position\":3,\"name\":\"Kandydaci\",\"item\":\"https:\\\/\\\/www.amuz.krakow.pl\\\/doktoranci\\\/kandydaci\\\/\"},{\"@type\":\"ListItem\",\"position\":4,\"name\":\"Rekrutacja 2026\\\/2027\"}]},{\"@type\":\"WebSite\",\"@id\":\"https:\\\/\\\/www.amuz.krakow.pl\\\/#website\",\"url\":\"https:\\\/\\\/www.amuz.krakow.pl\\\/\",\"name\":\"Akademia Muzyczna im. Krzysztofa Pendereckiego w Krakowie\",\"description\":\"Oficjalna strona Akademii Muzycznej im. Krzysztofa Pendereckiego w Krakowie (AMKP).\",\"publisher\":{\"@id\":\"https:\\\/\\\/www.amuz.krakow.pl\\\/#organization\"},\"alternateName\":\"AMKP\",\"potentialAction\":[{\"@type\":\"SearchAction\",\"target\":{\"@type\":\"EntryPoint\",\"urlTemplate\":\"https:\\\/\\\/www.amuz.krakow.pl\\\/?s={search_term_string}\"},\"query-input\":{\"@type\":\"PropertyValueSpecification\",\"valueRequired\":true,\"valueName\":\"search_term_string\"}}],\"inLanguage\":\"en-US\"},{\"@type\":\"Organization\",\"@id\":\"https:\\\/\\\/www.amuz.krakow.pl\\\/#organization\",\"name\":\"Akademia Muzyczna im. Krzysztofa Pendereckiego w Krakowie\",\"alternateName\":\"AMKP\",\"url\":\"https:\\\/\\\/www.amuz.krakow.pl\\\/\",\"logo\":{\"@type\":\"ImageObject\",\"inLanguage\":\"en-US\",\"@id\":\"https:\\\/\\\/www.amuz.krakow.pl\\\/#\\\/schema\\\/logo\\\/image\\\/\",\"url\":\"https:\\\/\\\/www.amuz.krakow.pl\\\/wp-content\\\/uploads\\\/2021\\\/11\\\/amkp.jpg\",\"contentUrl\":\"https:\\\/\\\/www.amuz.krakow.pl\\\/wp-content\\\/uploads\\\/2021\\\/11\\\/amkp.jpg\",\"width\":1193,\"height\":591,\"caption\":\"Akademia Muzyczna im. Krzysztofa Pendereckiego w Krakowie\"},\"image\":{\"@id\":\"https:\\\/\\\/www.amuz.krakow.pl\\\/#\\\/schema\\\/logo\\\/image\\\/\"},\"sameAs\":[\"https:\\\/\\\/www.facebook.com\\\/amuz.krakow\",\"https:\\\/\\\/www.instagram.com\\\/amkpenderecki\\\/\",\"https:\\\/\\\/www.youtube.com\\\/@amkpenderecki4806\"]}]}<\/script>\n<!-- \/ Yoast SEO plugin. -->","yoast_head_json":{"title":"AMKP - Akademia Muzyczna im. Krzysztofa Pendereckiego w Krakowie","robots":{"index":"index","follow":"follow","max-snippet":"max-snippet:-1","max-image-preview":"max-image-preview:large","max-video-preview":"max-video-preview:-1"},"canonical":"https:\/\/www.amuz.krakow.pl\/doktoranci\/kandydaci\/rekrutacja\/","og_locale":"en_US","og_type":"article","og_title":"AMKP - Akademia Muzyczna im. Krzysztofa Pendereckiego w Krakowie","og_description":"Pursuant to Decision No. 1\/2026 of the Rector of the Krzysztof Penderecki Academy of Music in Krak\u00f3w of 8 April 2026, the admission limit for the educational programme in the&hellip; Continue reading","og_url":"https:\/\/www.amuz.krakow.pl\/doktoranci\/kandydaci\/rekrutacja\/","og_site_name":"Akademia Muzyczna im. Krzysztofa Pendereckiego w Krakowie","article_publisher":"https:\/\/www.facebook.com\/amuz.krakow","article_modified_time":"2026-04-10T11:15:44+00:00","og_image":[{"width":900,"height":449,"url":"https:\/\/www.amuz.krakow.pl\/wp-content\/uploads\/2026\/04\/szkola-doktorska-i-loga-2027.jpg","type":"image\/jpeg"}],"twitter_card":"summary_large_image","twitter_misc":{"Est. reading time":"2 minutes"},"schema":{"@context":"https:\/\/schema.org","@graph":[{"@type":"WebPage","@id":"https:\/\/www.amuz.krakow.pl\/doktoranci\/kandydaci\/rekrutacja\/","url":"https:\/\/www.amuz.krakow.pl\/doktoranci\/kandydaci\/rekrutacja\/","name":"AMKP - Akademia Muzyczna im. Krzysztofa Pendereckiego w Krakowie","isPartOf":{"@id":"https:\/\/www.amuz.krakow.pl\/#website"},"primaryImageOfPage":{"@id":"https:\/\/www.amuz.krakow.pl\/doktoranci\/kandydaci\/rekrutacja\/#primaryimage"},"image":{"@id":"https:\/\/www.amuz.krakow.pl\/doktoranci\/kandydaci\/rekrutacja\/#primaryimage"},"thumbnailUrl":"https:\/\/www.amuz.krakow.pl\/wp-content\/uploads\/2026\/04\/szkola-doktorska-i-loga-2027.jpg","datePublished":"2016-04-06T21:28:36+00:00","dateModified":"2026-04-10T11:15:44+00:00","breadcrumb":{"@id":"https:\/\/www.amuz.krakow.pl\/doktoranci\/kandydaci\/rekrutacja\/#breadcrumb"},"inLanguage":"en-US","potentialAction":[{"@type":"ReadAction","target":["https:\/\/www.amuz.krakow.pl\/doktoranci\/kandydaci\/rekrutacja\/"]}]},{"@type":"ImageObject","inLanguage":"en-US","@id":"https:\/\/www.amuz.krakow.pl\/doktoranci\/kandydaci\/rekrutacja\/#primaryimage","url":"https:\/\/www.amuz.krakow.pl\/wp-content\/uploads\/2026\/04\/szkola-doktorska-i-loga-2027.jpg","contentUrl":"https:\/\/www.amuz.krakow.pl\/wp-content\/uploads\/2026\/04\/szkola-doktorska-i-loga-2027.jpg","width":900,"height":449},{"@type":"BreadcrumbList","@id":"https:\/\/www.amuz.krakow.pl\/doktoranci\/kandydaci\/rekrutacja\/#breadcrumb","itemListElement":[{"@type":"ListItem","position":1,"name":"Strona g\u0142\u00f3wna","item":"https:\/\/www.amuz.krakow.pl\/"},{"@type":"ListItem","position":2,"name":"Szko\u0142a Doktorska","item":"https:\/\/www.amuz.krakow.pl\/doktoranci\/"},{"@type":"ListItem","position":3,"name":"Kandydaci","item":"https:\/\/www.amuz.krakow.pl\/doktoranci\/kandydaci\/"},{"@type":"ListItem","position":4,"name":"Rekrutacja 2026\/2027"}]},{"@type":"WebSite","@id":"https:\/\/www.amuz.krakow.pl\/#website","url":"https:\/\/www.amuz.krakow.pl\/","name":"Akademia Muzyczna im. Krzysztofa Pendereckiego w Krakowie","description":"Oficjalna strona Akademii Muzycznej im. Krzysztofa Pendereckiego w Krakowie (AMKP).","publisher":{"@id":"https:\/\/www.amuz.krakow.pl\/#organization"},"alternateName":"AMKP","potentialAction":[{"@type":"SearchAction","target":{"@type":"EntryPoint","urlTemplate":"https:\/\/www.amuz.krakow.pl\/?s={search_term_string}"},"query-input":{"@type":"PropertyValueSpecification","valueRequired":true,"valueName":"search_term_string"}}],"inLanguage":"en-US"},{"@type":"Organization","@id":"https:\/\/www.amuz.krakow.pl\/#organization","name":"Akademia Muzyczna im. Krzysztofa Pendereckiego w Krakowie","alternateName":"AMKP","url":"https:\/\/www.amuz.krakow.pl\/","logo":{"@type":"ImageObject","inLanguage":"en-US","@id":"https:\/\/www.amuz.krakow.pl\/#\/schema\/logo\/image\/","url":"https:\/\/www.amuz.krakow.pl\/wp-content\/uploads\/2021\/11\/amkp.jpg","contentUrl":"https:\/\/www.amuz.krakow.pl\/wp-content\/uploads\/2021\/11\/amkp.jpg","width":1193,"height":591,"caption":"Akademia Muzyczna im. Krzysztofa Pendereckiego w Krakowie"},"image":{"@id":"https:\/\/www.amuz.krakow.pl\/#\/schema\/logo\/image\/"},"sameAs":["https:\/\/www.facebook.com\/amuz.krakow","https:\/\/www.instagram.com\/amkpenderecki\/","https:\/\/www.youtube.com\/@amkpenderecki4806"]}]}},"_links":{"self":[{"href":"https:\/\/www.amuz.krakow.pl\/en\/wp-json\/wp\/v2\/pages\/6217","targetHints":{"allow":["GET"]}}],"collection":[{"href":"https:\/\/www.amuz.krakow.pl\/en\/wp-json\/wp\/v2\/pages"}],"about":[{"href":"https:\/\/www.amuz.krakow.pl\/en\/wp-json\/wp\/v2\/types\/page"}],"author":[{"embeddable":true,"href":"https:\/\/www.amuz.krakow.pl\/en\/wp-json\/wp\/v2\/users\/72"}],"replies":[{"embeddable":true,"href":"https:\/\/www.amuz.krakow.pl\/en\/wp-json\/wp\/v2\/comments?post=6217"}],"version-history":[{"count":74,"href":"https:\/\/www.amuz.krakow.pl\/en\/wp-json\/wp\/v2\/pages\/6217\/revisions"}],"predecessor-version":[{"id":118300,"href":"https:\/\/www.amuz.krakow.pl\/en\/wp-json\/wp\/v2\/pages\/6217\/revisions\/118300"}],"up":[{"embeddable":true,"href":"https:\/\/www.amuz.krakow.pl\/en\/wp-json\/wp\/v2\/pages\/90392"}],"wp:featuredmedia":[{"embeddable":true,"href":"https:\/\/www.amuz.krakow.pl\/en\/wp-json\/wp\/v2\/media\/118294"}],"wp:attachment":[{"href":"https:\/\/www.amuz.krakow.pl\/en\/wp-json\/wp\/v2\/media?parent=6217"}],"curies":[{"name":"wp","href":"https:\/\/api.w.org\/{rel}","templated":true}]}}