{"id":62154,"date":"2022-05-12T13:54:24","date_gmt":"2022-05-12T11:54:24","guid":{"rendered":"https:\/\/www.amuz.krakow.pl\/?page_id=62154"},"modified":"2022-05-18T14:27:42","modified_gmt":"2022-05-18T12:27:42","slug":"koncert-strefa-522","status":"publish","type":"page","link":"https:\/\/www.amuz.krakow.pl\/en\/wydzialy\/wydzial-i-tworczosci-interpretacji-i-edukacji-muzycznej\/katedra-kompozycji\/aktualnosci\/koncert-strefa-522\/","title":{"rendered":"STREFA 522 &#8211; concert"},"content":{"rendered":"<p><\/p>\n<p style=\"text-align: justify;\">Composition Faculty and Studio of Electroacoustic Music &#8211; SME, Polish Society of Electroacoustic Music &#8211; PSeME and International Confederation of Electroacoustic Music &#8211; CIME\/ICEM invite to the concert <em><strong>STREFA 522<\/strong>.<\/em><\/p>\n<h6>13 May 2022, 19:00<br \/>\nCSW Solvay<br \/>\nul. Zakopia\u0144ska 62, Krak\u00f3w<\/h6>\n<p>W\u0142odzimierz Koto\u0144ski <em>Mikrostruktury<\/em> (1961) for tape SEPR<br \/>\nMichael Selvaggi <em>Fetid Echoes, Rebirth<\/em> (2022) for bass clarinet, accordion, piano and electronics *<br \/>\nJeremy Wexler <em>Meeting halfway<\/em> (2022) * fixed media<br \/>\nOstap Manulyak <em>Transgression<\/em> (2021) for flute and electronics<br \/>\nGrupLab <em>Plejrek 324<\/em><\/p>\n<p>Marek Cho\u0142oniewski, Dominika Czachor, Leszek Hefi Wi\u015bniowski, Jan Kucharski, Piotr Madej, Wojciech Skowronek, Anton Stuk and others<\/p>\n<p><strong>Dominika Czachor<\/strong> bass clarinet<br \/>\n<strong>Jan Kucharski<\/strong> accordion<br \/>\n<strong>Dominika Peszko<\/strong> piano<br \/>\n<strong>Michael Selvaggi<\/strong> electronics<br \/>\n<strong>GrupLab<\/strong><\/p>\n<p>*World Premiere<\/p>\n<p>Michael Selvaggi &#8211; winner of Residence Prix CIME 2021 &#8211; AMKP<\/p>\n<hr \/>\n<p>www.sme.amuz.krakow.pl<\/p>\n<p style=\"text-align: justify;\"><strong>Michael Selvaggi<\/strong> is a Toronto-based composer of experimental and electroacoustic music, soon to complete his Bachelor&#8217;s in Music Composition at the University of Toronto\u2019s Faculty of Music. He has been a participant of various programs, some of which are: the Precept.Concept.Percept masterclasses, the ACTIVATE Reading Sessions hosted by the Canadian Music Centre, the EMERGE Workshops and Concert hosted by the Julius Quartet, the 2021 Arraymusic Young Composer\u2019s Workshop, the Du Vert a L\u2019infini Call for Collaborative Projects, and the ConneXions Mentorship Program hosted through the Canadian New Music Network.<\/p>\n<p style=\"text-align: justify;\">He has been the recipient of multiple awards and commissions, some including: Honourable Mention in the Louise MacPherson Memorial Award, selection as Eastman School of Music\u2019s 2020 OSSIA International Call for Scores Winner, a commission for the Kamrat\u014dn Ensemble as part of the 2021 Society of Composers, Inc. National Conference, two separate interactive multimedia installation and spatialized percussion ensemble commissions from Redshift Music, selection as the winner of two separate SOCAN Foundation Young Composer Awards in both the Chamber Music category and the Electroacoustic category, and most notably has recently been selected for an artistic residency in May at the SME AMKP Studio for Electroacoustic Music at the Academy of Music in Krakow, Poland through the Residency Prix CIME 2021 (ICEM).<\/p>\n<p style=\"text-align: justify;\">Michael has collaborated with multiple organizations, including: Redshift Music, Women on the Verge, the Julius Quartet, the Kamrat\u014dn Ensemble, the Canadian Music Centre, the Canadian New Music Network, Du Vert a L\u2019infini, and is a current Lead Composer for Green Room Sound Collective\u2019s newest spectral-multimedia installation, \u201cThe Gallery\u201d. His interest in exploratory music manifests through combining the familiar with the unfamiliar, specializing in the unknown and often pleasantly discomforting realm of noise. Having previously worked under the instruction of mentors such as Norbert Palej, Jacob Adler, James Rolfe, and Raven Chacon, he is now studying under the mentorship of two notable electroacoustic composers, Bekah Simms and Darren Copeland. In his research, Michael is exploring the limits of spectral composition, experimental sound art, microtonality, and soundscape, with a musical output that lies within a wide variety of genres, often incorporating various forms of complex multi-media\u2014and anything between.<\/p>\n<p style=\"text-align: justify;\"><strong><em>Fetid Echoes, Rebirth<\/em><\/strong> was written for the Krzysztof Penderecki Academy of Music in Krakow, as part of my artistic residency at the Electroacoustic Music Studio, which I had graciously been granted through the support of the International Confederation of Electroacoustic Music. The idea for this work emerged in May of 2021, as I was reflecting on a previous body of music I had composed. This set of three pieces dealt with the gradual progression of seasonal decay\u2014a movement from liveliness to stagnancy that occurs between the months of August to January\u2014 and sought to make musical all of the grotesque sounds that emerged from this disintegration of organic matter. Within this reflection, \u201cMidwinter Fractures\u201d sparked the most inspiration, as its material\u2014derived from spectral analysis of winter-based sounds\u2014explored a sort of encapsulation of the material that preceded it, a process of \u201cfreezing-over\u201d the remnants of Autumnal decay.<br \/>\n\u201cFetid Echoes, Rebirth\u201d explores the subsequent vernal thawing of this environment\u2014both as a literal ecosystem and as a figurative collection of aesthetic matter\u2014and sources sonic material from personal field recordings of this seasonal rebirth, processed material from a previous recording of \u201cMidwinter Fractures\u201d by the Julius Quartet, as well as excerpts from the electronics of the previously mentioned pieces. Spectral structures from these earlier works are retuned in just-intonation, preserving their aforementioned grotesque character, while altering their relationship to the surrounding material; in this way, almost all structures can exist on one plane. Spectral shapes and structural form in the instrumental and electronic sound worlds are derived from analysis of the new and existing material. \u201cEchoes\u201d of former sonic matter are scattered throughout the newly introduced soundscape in the electronics, tainting the beautiful rebirth with fetid remnants of past decay. As the seasons turn and as the ice begins to melt on the forest floor, earlier putrefaction is uncovered and given space to emerge, warranting all sorts of new phenomena.<br \/>\nAmplification permits highly unstable techniques and nuances in instrumental preparation to be brought to the foreground, allowing such to work in tandem with electronics to craft an environment indicative of renewal, while fostering a newfound artificiality not present in the preceding body of work.<\/p>\n<p><\/p>","protected":false},"excerpt":{"rendered":"<p>Composition Faculty and Studio of Electroacoustic Music &#8211; SME, Polish Society of Electroacoustic Music &#8211; PSeME and International Confederation of Electroacoustic Music &#8211; CIME\/ICEM invite to the concert STREFA 522.&hellip; <a href=\"https:\/\/www.amuz.krakow.pl\/en\/wydzialy\/wydzial-i-tworczosci-interpretacji-i-edukacji-muzycznej\/katedra-kompozycji\/aktualnosci\/koncert-strefa-522\/\">Continue reading<\/a><\/p>\n","protected":false},"author":72,"featured_media":62156,"parent":33607,"menu_order":-46,"comment_status":"closed","ping_status":"closed","template":"","meta":{"footnotes":"","_links_to":"","_links_to_target":""},"class_list":["post-62154","page","type-page","status-publish","has-post-thumbnail","hentry"],"yoast_head":"<!-- This site is optimized with the Yoast SEO plugin v27.2 - https:\/\/yoast.com\/product\/yoast-seo-wordpress\/ -->\n<title>AMKP - Akademia Muzyczna im. Krzysztofa Pendereckiego w Krakowie<\/title>\n<meta name=\"robots\" content=\"index, follow, max-snippet:-1, max-image-preview:large, max-video-preview:-1\" \/>\n<link rel=\"canonical\" href=\"https:\/\/www.amuz.krakow.pl\/wydzialy\/wydzial-i-tworczosci-interpretacji-i-edukacji-muzycznej\/katedra-kompozycji\/aktualnosci\/koncert-strefa-522\/\" \/>\n<meta property=\"og:locale\" content=\"en_US\" \/>\n<meta property=\"og:type\" content=\"article\" \/>\n<meta property=\"og:title\" content=\"AMKP - Akademia Muzyczna im. Krzysztofa Pendereckiego w Krakowie\" \/>\n<meta property=\"og:description\" content=\"Composition Faculty and Studio of Electroacoustic Music &#8211; SME, Polish Society of Electroacoustic Music &#8211; PSeME and International Confederation of Electroacoustic Music &#8211; CIME\/ICEM invite to the concert STREFA 522.&hellip; Continue reading\" \/>\n<meta property=\"og:url\" content=\"https:\/\/www.amuz.krakow.pl\/wydzialy\/wydzial-i-tworczosci-interpretacji-i-edukacji-muzycznej\/katedra-kompozycji\/aktualnosci\/koncert-strefa-522\/\" \/>\n<meta property=\"og:site_name\" content=\"Akademia Muzyczna im. Krzysztofa Pendereckiego w Krakowie\" \/>\n<meta property=\"article:publisher\" content=\"https:\/\/www.facebook.com\/amuz.krakow\" \/>\n<meta property=\"article:modified_time\" content=\"2022-05-18T12:27:42+00:00\" \/>\n<meta property=\"og:image\" content=\"https:\/\/www.amuz.krakow.pl\/wp-content\/uploads\/2022\/05\/koncert-1.jpg\" \/>\n\t<meta property=\"og:image:width\" content=\"850\" \/>\n\t<meta property=\"og:image:height\" content=\"425\" \/>\n\t<meta property=\"og:image:type\" content=\"image\/jpeg\" \/>\n<meta name=\"twitter:card\" content=\"summary_large_image\" \/>\n<meta name=\"twitter:label1\" content=\"Est. reading time\" \/>\n\t<meta name=\"twitter:data1\" content=\"6 minutes\" \/>\n<script type=\"application\/ld+json\" class=\"yoast-schema-graph\">{\"@context\":\"https:\/\/schema.org\",\"@graph\":[{\"@type\":\"WebPage\",\"@id\":\"https:\/\/www.amuz.krakow.pl\/wydzialy\/wydzial-i-tworczosci-interpretacji-i-edukacji-muzycznej\/katedra-kompozycji\/aktualnosci\/koncert-strefa-522\/\",\"url\":\"https:\/\/www.amuz.krakow.pl\/wydzialy\/wydzial-i-tworczosci-interpretacji-i-edukacji-muzycznej\/katedra-kompozycji\/aktualnosci\/koncert-strefa-522\/\",\"name\":\"AMKP - Akademia Muzyczna im. Krzysztofa Pendereckiego w Krakowie\",\"isPartOf\":{\"@id\":\"https:\/\/www.amuz.krakow.pl\/#website\"},\"primaryImageOfPage\":{\"@id\":\"https:\/\/www.amuz.krakow.pl\/wydzialy\/wydzial-i-tworczosci-interpretacji-i-edukacji-muzycznej\/katedra-kompozycji\/aktualnosci\/koncert-strefa-522\/#primaryimage\"},\"image\":{\"@id\":\"https:\/\/www.amuz.krakow.pl\/wydzialy\/wydzial-i-tworczosci-interpretacji-i-edukacji-muzycznej\/katedra-kompozycji\/aktualnosci\/koncert-strefa-522\/#primaryimage\"},\"thumbnailUrl\":\"https:\/\/www.amuz.krakow.pl\/wp-content\/uploads\/2022\/05\/koncert-1.jpg\",\"datePublished\":\"2022-05-12T11:54:24+00:00\",\"dateModified\":\"2022-05-18T12:27:42+00:00\",\"breadcrumb\":{\"@id\":\"https:\/\/www.amuz.krakow.pl\/wydzialy\/wydzial-i-tworczosci-interpretacji-i-edukacji-muzycznej\/katedra-kompozycji\/aktualnosci\/koncert-strefa-522\/#breadcrumb\"},\"inLanguage\":\"en-US\",\"potentialAction\":[{\"@type\":\"ReadAction\",\"target\":[\"https:\/\/www.amuz.krakow.pl\/wydzialy\/wydzial-i-tworczosci-interpretacji-i-edukacji-muzycznej\/katedra-kompozycji\/aktualnosci\/koncert-strefa-522\/\"]}]},{\"@type\":\"ImageObject\",\"inLanguage\":\"en-US\",\"@id\":\"https:\/\/www.amuz.krakow.pl\/wydzialy\/wydzial-i-tworczosci-interpretacji-i-edukacji-muzycznej\/katedra-kompozycji\/aktualnosci\/koncert-strefa-522\/#primaryimage\",\"url\":\"https:\/\/www.amuz.krakow.pl\/wp-content\/uploads\/2022\/05\/koncert-1.jpg\",\"contentUrl\":\"https:\/\/www.amuz.krakow.pl\/wp-content\/uploads\/2022\/05\/koncert-1.jpg\",\"width\":850,\"height\":425},{\"@type\":\"BreadcrumbList\",\"@id\":\"https:\/\/www.amuz.krakow.pl\/wydzialy\/wydzial-i-tworczosci-interpretacji-i-edukacji-muzycznej\/katedra-kompozycji\/aktualnosci\/koncert-strefa-522\/#breadcrumb\",\"itemListElement\":[{\"@type\":\"ListItem\",\"position\":1,\"name\":\"Strona g\u0142\u00f3wna\",\"item\":\"https:\/\/www.amuz.krakow.pl\/\"},{\"@type\":\"ListItem\",\"position\":2,\"name\":\"WYDZIA\u0141Y\",\"item\":\"https:\/\/www.amuz.krakow.pl\/wydzialy\/\"},{\"@type\":\"ListItem\",\"position\":3,\"name\":\"Wydzia\u0142 Tw\u00f3rczo\u015bci, Interpretacji i Edukacji Muzycznej\",\"item\":\"https:\/\/www.amuz.krakow.pl\/wydzialy\/wydzial-i-tworczosci-interpretacji-i-edukacji-muzycznej\/\"},{\"@type\":\"ListItem\",\"position\":4,\"name\":\"Katedra Kompozycji\",\"item\":\"https:\/\/www.amuz.krakow.pl\/wydzialy\/wydzial-i-tworczosci-interpretacji-i-edukacji-muzycznej\/katedra-kompozycji\/\"},{\"@type\":\"ListItem\",\"position\":5,\"name\":\"Archiwum wydarze\u0144 2021\/2022\",\"item\":\"https:\/\/www.amuz.krakow.pl\/wydzialy\/wydzial-i-tworczosci-interpretacji-i-edukacji-muzycznej\/katedra-kompozycji\/aktualnosci\/\"},{\"@type\":\"ListItem\",\"position\":6,\"name\":\"Koncert &#8220;STREFA 522&#8243;\"}]},{\"@type\":\"WebSite\",\"@id\":\"https:\/\/www.amuz.krakow.pl\/#website\",\"url\":\"https:\/\/www.amuz.krakow.pl\/\",\"name\":\"Akademia Muzyczna im. Krzysztofa Pendereckiego w Krakowie\",\"description\":\"Oficjalna strona Akademii Muzycznej im. Krzysztofa Pendereckiego w Krakowie (AMKP).\",\"publisher\":{\"@id\":\"https:\/\/www.amuz.krakow.pl\/#organization\"},\"alternateName\":\"AMKP\",\"potentialAction\":[{\"@type\":\"SearchAction\",\"target\":{\"@type\":\"EntryPoint\",\"urlTemplate\":\"https:\/\/www.amuz.krakow.pl\/?s={search_term_string}\"},\"query-input\":{\"@type\":\"PropertyValueSpecification\",\"valueRequired\":true,\"valueName\":\"search_term_string\"}}],\"inLanguage\":\"en-US\"},{\"@type\":\"Organization\",\"@id\":\"https:\/\/www.amuz.krakow.pl\/#organization\",\"name\":\"Akademia Muzyczna im. Krzysztofa Pendereckiego w Krakowie\",\"alternateName\":\"AMKP\",\"url\":\"https:\/\/www.amuz.krakow.pl\/\",\"logo\":{\"@type\":\"ImageObject\",\"inLanguage\":\"en-US\",\"@id\":\"https:\/\/www.amuz.krakow.pl\/#\/schema\/logo\/image\/\",\"url\":\"https:\/\/www.amuz.krakow.pl\/wp-content\/uploads\/2021\/11\/amkp.jpg\",\"contentUrl\":\"https:\/\/www.amuz.krakow.pl\/wp-content\/uploads\/2021\/11\/amkp.jpg\",\"width\":1193,\"height\":591,\"caption\":\"Akademia Muzyczna im. Krzysztofa Pendereckiego w Krakowie\"},\"image\":{\"@id\":\"https:\/\/www.amuz.krakow.pl\/#\/schema\/logo\/image\/\"},\"sameAs\":[\"https:\/\/www.facebook.com\/amuz.krakow\",\"https:\/\/www.instagram.com\/amkpenderecki\/\",\"https:\/\/www.youtube.com\/@amkpenderecki4806\"]}]}<\/script>\n<!-- \/ Yoast SEO plugin. -->","yoast_head_json":{"title":"AMKP - Akademia Muzyczna im. Krzysztofa Pendereckiego w Krakowie","robots":{"index":"index","follow":"follow","max-snippet":"max-snippet:-1","max-image-preview":"max-image-preview:large","max-video-preview":"max-video-preview:-1"},"canonical":"https:\/\/www.amuz.krakow.pl\/wydzialy\/wydzial-i-tworczosci-interpretacji-i-edukacji-muzycznej\/katedra-kompozycji\/aktualnosci\/koncert-strefa-522\/","og_locale":"en_US","og_type":"article","og_title":"AMKP - Akademia Muzyczna im. Krzysztofa Pendereckiego w Krakowie","og_description":"Composition Faculty and Studio of Electroacoustic Music &#8211; SME, Polish Society of Electroacoustic Music &#8211; PSeME and International Confederation of Electroacoustic Music &#8211; CIME\/ICEM invite to the concert STREFA 522.&hellip; Continue reading","og_url":"https:\/\/www.amuz.krakow.pl\/wydzialy\/wydzial-i-tworczosci-interpretacji-i-edukacji-muzycznej\/katedra-kompozycji\/aktualnosci\/koncert-strefa-522\/","og_site_name":"Akademia Muzyczna im. Krzysztofa Pendereckiego w Krakowie","article_publisher":"https:\/\/www.facebook.com\/amuz.krakow","article_modified_time":"2022-05-18T12:27:42+00:00","og_image":[{"width":850,"height":425,"url":"https:\/\/www.amuz.krakow.pl\/wp-content\/uploads\/2022\/05\/koncert-1.jpg","type":"image\/jpeg"}],"twitter_card":"summary_large_image","twitter_misc":{"Est. reading time":"6 minutes"},"schema":{"@context":"https:\/\/schema.org","@graph":[{"@type":"WebPage","@id":"https:\/\/www.amuz.krakow.pl\/wydzialy\/wydzial-i-tworczosci-interpretacji-i-edukacji-muzycznej\/katedra-kompozycji\/aktualnosci\/koncert-strefa-522\/","url":"https:\/\/www.amuz.krakow.pl\/wydzialy\/wydzial-i-tworczosci-interpretacji-i-edukacji-muzycznej\/katedra-kompozycji\/aktualnosci\/koncert-strefa-522\/","name":"AMKP - Akademia Muzyczna im. Krzysztofa Pendereckiego w Krakowie","isPartOf":{"@id":"https:\/\/www.amuz.krakow.pl\/#website"},"primaryImageOfPage":{"@id":"https:\/\/www.amuz.krakow.pl\/wydzialy\/wydzial-i-tworczosci-interpretacji-i-edukacji-muzycznej\/katedra-kompozycji\/aktualnosci\/koncert-strefa-522\/#primaryimage"},"image":{"@id":"https:\/\/www.amuz.krakow.pl\/wydzialy\/wydzial-i-tworczosci-interpretacji-i-edukacji-muzycznej\/katedra-kompozycji\/aktualnosci\/koncert-strefa-522\/#primaryimage"},"thumbnailUrl":"https:\/\/www.amuz.krakow.pl\/wp-content\/uploads\/2022\/05\/koncert-1.jpg","datePublished":"2022-05-12T11:54:24+00:00","dateModified":"2022-05-18T12:27:42+00:00","breadcrumb":{"@id":"https:\/\/www.amuz.krakow.pl\/wydzialy\/wydzial-i-tworczosci-interpretacji-i-edukacji-muzycznej\/katedra-kompozycji\/aktualnosci\/koncert-strefa-522\/#breadcrumb"},"inLanguage":"en-US","potentialAction":[{"@type":"ReadAction","target":["https:\/\/www.amuz.krakow.pl\/wydzialy\/wydzial-i-tworczosci-interpretacji-i-edukacji-muzycznej\/katedra-kompozycji\/aktualnosci\/koncert-strefa-522\/"]}]},{"@type":"ImageObject","inLanguage":"en-US","@id":"https:\/\/www.amuz.krakow.pl\/wydzialy\/wydzial-i-tworczosci-interpretacji-i-edukacji-muzycznej\/katedra-kompozycji\/aktualnosci\/koncert-strefa-522\/#primaryimage","url":"https:\/\/www.amuz.krakow.pl\/wp-content\/uploads\/2022\/05\/koncert-1.jpg","contentUrl":"https:\/\/www.amuz.krakow.pl\/wp-content\/uploads\/2022\/05\/koncert-1.jpg","width":850,"height":425},{"@type":"BreadcrumbList","@id":"https:\/\/www.amuz.krakow.pl\/wydzialy\/wydzial-i-tworczosci-interpretacji-i-edukacji-muzycznej\/katedra-kompozycji\/aktualnosci\/koncert-strefa-522\/#breadcrumb","itemListElement":[{"@type":"ListItem","position":1,"name":"Strona g\u0142\u00f3wna","item":"https:\/\/www.amuz.krakow.pl\/"},{"@type":"ListItem","position":2,"name":"WYDZIA\u0141Y","item":"https:\/\/www.amuz.krakow.pl\/wydzialy\/"},{"@type":"ListItem","position":3,"name":"Wydzia\u0142 Tw\u00f3rczo\u015bci, Interpretacji i Edukacji Muzycznej","item":"https:\/\/www.amuz.krakow.pl\/wydzialy\/wydzial-i-tworczosci-interpretacji-i-edukacji-muzycznej\/"},{"@type":"ListItem","position":4,"name":"Katedra Kompozycji","item":"https:\/\/www.amuz.krakow.pl\/wydzialy\/wydzial-i-tworczosci-interpretacji-i-edukacji-muzycznej\/katedra-kompozycji\/"},{"@type":"ListItem","position":5,"name":"Archiwum wydarze\u0144 2021\/2022","item":"https:\/\/www.amuz.krakow.pl\/wydzialy\/wydzial-i-tworczosci-interpretacji-i-edukacji-muzycznej\/katedra-kompozycji\/aktualnosci\/"},{"@type":"ListItem","position":6,"name":"Koncert &#8220;STREFA 522&#8243;"}]},{"@type":"WebSite","@id":"https:\/\/www.amuz.krakow.pl\/#website","url":"https:\/\/www.amuz.krakow.pl\/","name":"Akademia Muzyczna im. Krzysztofa Pendereckiego w Krakowie","description":"Oficjalna strona Akademii Muzycznej im. Krzysztofa Pendereckiego w Krakowie (AMKP).","publisher":{"@id":"https:\/\/www.amuz.krakow.pl\/#organization"},"alternateName":"AMKP","potentialAction":[{"@type":"SearchAction","target":{"@type":"EntryPoint","urlTemplate":"https:\/\/www.amuz.krakow.pl\/?s={search_term_string}"},"query-input":{"@type":"PropertyValueSpecification","valueRequired":true,"valueName":"search_term_string"}}],"inLanguage":"en-US"},{"@type":"Organization","@id":"https:\/\/www.amuz.krakow.pl\/#organization","name":"Akademia Muzyczna im. Krzysztofa Pendereckiego w Krakowie","alternateName":"AMKP","url":"https:\/\/www.amuz.krakow.pl\/","logo":{"@type":"ImageObject","inLanguage":"en-US","@id":"https:\/\/www.amuz.krakow.pl\/#\/schema\/logo\/image\/","url":"https:\/\/www.amuz.krakow.pl\/wp-content\/uploads\/2021\/11\/amkp.jpg","contentUrl":"https:\/\/www.amuz.krakow.pl\/wp-content\/uploads\/2021\/11\/amkp.jpg","width":1193,"height":591,"caption":"Akademia Muzyczna im. Krzysztofa Pendereckiego w Krakowie"},"image":{"@id":"https:\/\/www.amuz.krakow.pl\/#\/schema\/logo\/image\/"},"sameAs":["https:\/\/www.facebook.com\/amuz.krakow","https:\/\/www.instagram.com\/amkpenderecki\/","https:\/\/www.youtube.com\/@amkpenderecki4806"]}]}},"_links":{"self":[{"href":"https:\/\/www.amuz.krakow.pl\/en\/wp-json\/wp\/v2\/pages\/62154","targetHints":{"allow":["GET"]}}],"collection":[{"href":"https:\/\/www.amuz.krakow.pl\/en\/wp-json\/wp\/v2\/pages"}],"about":[{"href":"https:\/\/www.amuz.krakow.pl\/en\/wp-json\/wp\/v2\/types\/page"}],"author":[{"embeddable":true,"href":"https:\/\/www.amuz.krakow.pl\/en\/wp-json\/wp\/v2\/users\/72"}],"replies":[{"embeddable":true,"href":"https:\/\/www.amuz.krakow.pl\/en\/wp-json\/wp\/v2\/comments?post=62154"}],"version-history":[{"count":4,"href":"https:\/\/www.amuz.krakow.pl\/en\/wp-json\/wp\/v2\/pages\/62154\/revisions"}],"predecessor-version":[{"id":62161,"href":"https:\/\/www.amuz.krakow.pl\/en\/wp-json\/wp\/v2\/pages\/62154\/revisions\/62161"}],"up":[{"embeddable":true,"href":"https:\/\/www.amuz.krakow.pl\/en\/wp-json\/wp\/v2\/pages\/33607"}],"wp:featuredmedia":[{"embeddable":true,"href":"https:\/\/www.amuz.krakow.pl\/en\/wp-json\/wp\/v2\/media\/62156"}],"wp:attachment":[{"href":"https:\/\/www.amuz.krakow.pl\/en\/wp-json\/wp\/v2\/media?parent=62154"}],"curies":[{"name":"wp","href":"https:\/\/api.w.org\/{rel}","templated":true}]}}