{"id":6194,"date":"2016-04-06T22:52:20","date_gmt":"2016-04-06T20:52:20","guid":{"rendered":"http:\/\/www.amuz.krakow.pl\/?page_id=6194"},"modified":"2023-09-26T10:42:52","modified_gmt":"2023-09-26T08:42:52","slug":"dr-hab-maria-slawek","status":"publish","type":"page","link":"https:\/\/www.amuz.krakow.pl\/en\/wydzialy\/wydzial-ii-instrumentalny\/katedra-skrzypiec-i-altowki\/pracownicy-katedry\/dr-hab-maria-slawek\/","title":{"rendered":"dr hab. Maria S\u0142awek"},"content":{"rendered":"<p><figure id=\"attachment_47101\" aria-describedby=\"caption-attachment-47101\" style=\"width: 200px\" class=\"wp-caption alignleft\"><a href=\"https:\/\/www.amuz.krakow.pl\/wydzialy\/wydzial-ii-instrumentalny\/katedra-skrzypiec-i-altowki\/pracownicy-katedry\/dr-hab-maria-slawek\/maria-slawek-fot-natalia-jansen\/\" rel=\"attachment wp-att-47101\"><img loading=\"lazy\" decoding=\"async\" class=\"size-medium wp-image-47101\" src=\"https:\/\/www.amuz.krakow.pl\/wp-content\/uploads\/2021\/02\/Maria-Slawek-fot.-Natalia-Jansen-200x300.jpg\" alt=\"\" width=\"200\" height=\"300\" srcset=\"https:\/\/www.amuz.krakow.pl\/wp-content\/uploads\/2021\/02\/Maria-Slawek-fot.-Natalia-Jansen-200x300.jpg 200w, https:\/\/www.amuz.krakow.pl\/wp-content\/uploads\/2021\/02\/Maria-Slawek-fot.-Natalia-Jansen-scaled.jpg 1365w, https:\/\/www.amuz.krakow.pl\/wp-content\/uploads\/2021\/02\/Maria-Slawek-fot.-Natalia-Jansen-768x1152.jpg 768w, https:\/\/www.amuz.krakow.pl\/wp-content\/uploads\/2021\/02\/Maria-Slawek-fot.-Natalia-Jansen-1024x1536.jpg 1024w\" sizes=\"auto, (max-width: 200px) 100vw, 200px\" \/><\/a><figcaption id=\"caption-attachment-47101\" class=\"wp-caption-text\">photo by Natalia Jansen<\/figcaption><\/figure><\/p>\n<p style=\"text-align: justify;\">Soloist and chamber musician, she performs pieces from various periods, from Baroque to contemporary music \u2013 Mieczys\u0142aw Weinberg\u2019s works occupy a special place in her repertoire. She has appeared in numerous cities across Poland, Germany, Israel, Great Britain, Brazil, Belgium, Italy, France, Ukraine, and the US. In the concert season 2017\/2018, Maria S\u0142awek was an artist-in-residence of the Karol Szymanowski Philharmonic in Cracow.<br \/>\nMaria S\u0142awek has been performing in a duet with pianist Piotr R\u00f3\u017ca\u0144ski since 2007.<br \/>\nIn 2012, the duo released their debut album with sonatas by Schumann and Prokofiev, published by the \u201cCastello\u201d Creative Group. Three years later, the artists recorded another album with works for violin and piano by Mieczys\u0142aw Weinberg. The CD was released by the CD Accord Music Edition, under the auspices of Polish Radio 2. The album received favorable reviews in both Polish and foreign press (e.g. The Strad magazine).<br \/>\nHer most recent recording, available both as a CD and LP \u2013 \u2018Rejoice\u2019 recorded alongside one of the best Polish cellists, Marcin Zdunik, includes works by J.S.Bach (Two-part Inventions in their own arrangement), E. Ysa\u00ffe (Sonata No. 2 for violin solo), K. Penderecki (Ciaccona in memoriam Giovanni Paolo Secondo) and S. Gubaidulina (Sonata \u2018Rejoice\u2019 for violin and cello).<br \/>\nIn 2009, along with Anna Maria Sta\u015bkiewicz, Katarzyna Budnik, Artur Rozmys\u0142owicz, Marcin Zdunik, and Rafa\u0142 Kwiatkowski, she has founded a unique chamber music ensemble \u2013 a string sextet. Recordings with her participation have been repeatedly broadcast by Polish Radio.<br \/>\nIn 2010, 2013 and 2018 she was awarded with scholarships from the Ministry of Culture and National Heritage (the \u201cYoung Poland\u201d scholarship, among others). In 2011, she received Creative Scholarship from the Mayor of the city of Cracow, and she was also among the winners of the Solti Foundation Award.<br \/>\nMaria S\u0142awek is a graduate of the Academy of Music in Cracow, where she has been working at the Violin and Viola Department since 2011, currently as an Assistant Professor. She studied with outstanding musicians \u2013 Wies\u0142aw Kwa\u015bny and Dora Schwarzberg (in Vienna), and perfected her skills with artists such as Kaja Danczowska, Maxim Vengerov and Wanda Wi\u0142komirska. In 2019, she earned a post-graduate degree in Polish-Jewish Studies at the Institute of Literary Research of the Polish Academy of Sciences in Warsaw.<br \/>\nIn 2020 together with Ania Karpowicz Maria established a Mieczys\u0142aw Wajnberg Institute.<br \/>\nMaria S\u0142awek plays the Charles Fran\u00e7ois Gand violin from the Nicolas Lupot studio (Paris 1817) on a kindly loan from an anonymous donor.<\/p>\n<p><a href=\"mailto:maria.slawek@amuz.krakow.pl\">maria.slawek@amuz.krakow.pl<\/a><\/p>","protected":false},"excerpt":{"rendered":"<p>Soloist and chamber musician, she performs pieces from various periods, from Baroque to contemporary music \u2013 Mieczys\u0142aw Weinberg\u2019s works occupy a special place in her repertoire. She has appeared in&hellip; <a href=\"https:\/\/www.amuz.krakow.pl\/en\/wydzialy\/wydzial-ii-instrumentalny\/katedra-skrzypiec-i-altowki\/pracownicy-katedry\/dr-hab-maria-slawek\/\">Continue reading<\/a><\/p>\n","protected":false},"author":72,"featured_media":47101,"parent":2009,"menu_order":130,"comment_status":"closed","ping_status":"closed","template":"","meta":{"footnotes":"","_links_to":"","_links_to_target":""},"class_list":["post-6194","page","type-page","status-publish","has-post-thumbnail","hentry"],"yoast_head":"<!-- This site is optimized with the Yoast SEO plugin v27.2 - https:\/\/yoast.com\/product\/yoast-seo-wordpress\/ -->\n<title>AMKP - Akademia Muzyczna im. Krzysztofa Pendereckiego w Krakowie<\/title>\n<meta name=\"robots\" content=\"index, follow, max-snippet:-1, max-image-preview:large, max-video-preview:-1\" \/>\n<link rel=\"canonical\" href=\"https:\/\/www.amuz.krakow.pl\/wydzialy\/wydzial-ii-instrumentalny\/katedra-skrzypiec-i-altowki\/pracownicy-katedry\/dr-hab-maria-slawek\/\" \/>\n<meta property=\"og:locale\" content=\"en_US\" \/>\n<meta property=\"og:type\" content=\"article\" \/>\n<meta property=\"og:title\" content=\"AMKP - Akademia Muzyczna im. Krzysztofa Pendereckiego w Krakowie\" \/>\n<meta property=\"og:description\" content=\"Soloist and chamber musician, she performs pieces from various periods, from Baroque to contemporary music \u2013 Mieczys\u0142aw Weinberg\u2019s works occupy a special place in her repertoire. She has appeared in&hellip; Continue reading\" \/>\n<meta property=\"og:url\" content=\"https:\/\/www.amuz.krakow.pl\/wydzialy\/wydzial-ii-instrumentalny\/katedra-skrzypiec-i-altowki\/pracownicy-katedry\/dr-hab-maria-slawek\/\" \/>\n<meta property=\"og:site_name\" content=\"Akademia Muzyczna im. Krzysztofa Pendereckiego w Krakowie\" \/>\n<meta property=\"article:publisher\" content=\"https:\/\/www.facebook.com\/amuz.krakow\" \/>\n<meta property=\"article:modified_time\" content=\"2023-09-26T08:42:52+00:00\" \/>\n<meta property=\"og:image\" content=\"https:\/\/www.amuz.krakow.pl\/wp-content\/uploads\/2021\/02\/Maria-Slawek-fot.-Natalia-Jansen-scaled.jpg\" \/>\n\t<meta property=\"og:image:width\" content=\"1365\" \/>\n\t<meta property=\"og:image:height\" content=\"2048\" \/>\n\t<meta property=\"og:image:type\" content=\"image\/jpeg\" \/>\n<meta name=\"twitter:card\" content=\"summary_large_image\" \/>\n<meta name=\"twitter:label1\" content=\"Est. reading time\" \/>\n\t<meta name=\"twitter:data1\" content=\"3 minutes\" \/>\n<script type=\"application\/ld+json\" class=\"yoast-schema-graph\">{\"@context\":\"https:\/\/schema.org\",\"@graph\":[{\"@type\":\"WebPage\",\"@id\":\"https:\/\/www.amuz.krakow.pl\/wydzialy\/wydzial-ii-instrumentalny\/katedra-skrzypiec-i-altowki\/pracownicy-katedry\/dr-hab-maria-slawek\/\",\"url\":\"https:\/\/www.amuz.krakow.pl\/wydzialy\/wydzial-ii-instrumentalny\/katedra-skrzypiec-i-altowki\/pracownicy-katedry\/dr-hab-maria-slawek\/\",\"name\":\"AMKP - Akademia Muzyczna im. Krzysztofa Pendereckiego w Krakowie\",\"isPartOf\":{\"@id\":\"https:\/\/www.amuz.krakow.pl\/#website\"},\"primaryImageOfPage\":{\"@id\":\"https:\/\/www.amuz.krakow.pl\/wydzialy\/wydzial-ii-instrumentalny\/katedra-skrzypiec-i-altowki\/pracownicy-katedry\/dr-hab-maria-slawek\/#primaryimage\"},\"image\":{\"@id\":\"https:\/\/www.amuz.krakow.pl\/wydzialy\/wydzial-ii-instrumentalny\/katedra-skrzypiec-i-altowki\/pracownicy-katedry\/dr-hab-maria-slawek\/#primaryimage\"},\"thumbnailUrl\":\"https:\/\/www.amuz.krakow.pl\/wp-content\/uploads\/2021\/02\/Maria-Slawek-fot.-Natalia-Jansen-scaled.jpg\",\"datePublished\":\"2016-04-06T20:52:20+00:00\",\"dateModified\":\"2023-09-26T08:42:52+00:00\",\"breadcrumb\":{\"@id\":\"https:\/\/www.amuz.krakow.pl\/wydzialy\/wydzial-ii-instrumentalny\/katedra-skrzypiec-i-altowki\/pracownicy-katedry\/dr-hab-maria-slawek\/#breadcrumb\"},\"inLanguage\":\"en-US\",\"potentialAction\":[{\"@type\":\"ReadAction\",\"target\":[\"https:\/\/www.amuz.krakow.pl\/wydzialy\/wydzial-ii-instrumentalny\/katedra-skrzypiec-i-altowki\/pracownicy-katedry\/dr-hab-maria-slawek\/\"]}]},{\"@type\":\"ImageObject\",\"inLanguage\":\"en-US\",\"@id\":\"https:\/\/www.amuz.krakow.pl\/wydzialy\/wydzial-ii-instrumentalny\/katedra-skrzypiec-i-altowki\/pracownicy-katedry\/dr-hab-maria-slawek\/#primaryimage\",\"url\":\"https:\/\/www.amuz.krakow.pl\/wp-content\/uploads\/2021\/02\/Maria-Slawek-fot.-Natalia-Jansen-scaled.jpg\",\"contentUrl\":\"https:\/\/www.amuz.krakow.pl\/wp-content\/uploads\/2021\/02\/Maria-Slawek-fot.-Natalia-Jansen-scaled.jpg\",\"width\":1365,\"height\":2048,\"caption\":\"fot. Natalia Jansen\"},{\"@type\":\"BreadcrumbList\",\"@id\":\"https:\/\/www.amuz.krakow.pl\/wydzialy\/wydzial-ii-instrumentalny\/katedra-skrzypiec-i-altowki\/pracownicy-katedry\/dr-hab-maria-slawek\/#breadcrumb\",\"itemListElement\":[{\"@type\":\"ListItem\",\"position\":1,\"name\":\"Strona g\u0142\u00f3wna\",\"item\":\"https:\/\/www.amuz.krakow.pl\/\"},{\"@type\":\"ListItem\",\"position\":2,\"name\":\"WYDZIA\u0141Y\",\"item\":\"https:\/\/www.amuz.krakow.pl\/wydzialy\/\"},{\"@type\":\"ListItem\",\"position\":3,\"name\":\"Wydzia\u0142 Instrumentalny\",\"item\":\"https:\/\/www.amuz.krakow.pl\/wydzialy\/wydzial-ii-instrumentalny\/\"},{\"@type\":\"ListItem\",\"position\":4,\"name\":\"Katedra Skrzypiec i Alt\u00f3wki\",\"item\":\"https:\/\/www.amuz.krakow.pl\/wydzialy\/wydzial-ii-instrumentalny\/katedra-skrzypiec-i-altowki\/\"},{\"@type\":\"ListItem\",\"position\":5,\"name\":\"Pracownicy Katedry\",\"item\":\"https:\/\/www.amuz.krakow.pl\/wydzialy\/wydzial-ii-instrumentalny\/katedra-skrzypiec-i-altowki\/pracownicy-katedry\/\"},{\"@type\":\"ListItem\",\"position\":6,\"name\":\"dr hab. Maria S\u0142awek\"}]},{\"@type\":\"WebSite\",\"@id\":\"https:\/\/www.amuz.krakow.pl\/#website\",\"url\":\"https:\/\/www.amuz.krakow.pl\/\",\"name\":\"Akademia Muzyczna im. Krzysztofa Pendereckiego w Krakowie\",\"description\":\"Oficjalna strona Akademii Muzycznej im. Krzysztofa Pendereckiego w Krakowie (AMKP).\",\"publisher\":{\"@id\":\"https:\/\/www.amuz.krakow.pl\/#organization\"},\"alternateName\":\"AMKP\",\"potentialAction\":[{\"@type\":\"SearchAction\",\"target\":{\"@type\":\"EntryPoint\",\"urlTemplate\":\"https:\/\/www.amuz.krakow.pl\/?s={search_term_string}\"},\"query-input\":{\"@type\":\"PropertyValueSpecification\",\"valueRequired\":true,\"valueName\":\"search_term_string\"}}],\"inLanguage\":\"en-US\"},{\"@type\":\"Organization\",\"@id\":\"https:\/\/www.amuz.krakow.pl\/#organization\",\"name\":\"Akademia Muzyczna im. Krzysztofa Pendereckiego w Krakowie\",\"alternateName\":\"AMKP\",\"url\":\"https:\/\/www.amuz.krakow.pl\/\",\"logo\":{\"@type\":\"ImageObject\",\"inLanguage\":\"en-US\",\"@id\":\"https:\/\/www.amuz.krakow.pl\/#\/schema\/logo\/image\/\",\"url\":\"https:\/\/www.amuz.krakow.pl\/wp-content\/uploads\/2021\/11\/amkp.jpg\",\"contentUrl\":\"https:\/\/www.amuz.krakow.pl\/wp-content\/uploads\/2021\/11\/amkp.jpg\",\"width\":1193,\"height\":591,\"caption\":\"Akademia Muzyczna im. Krzysztofa Pendereckiego w Krakowie\"},\"image\":{\"@id\":\"https:\/\/www.amuz.krakow.pl\/#\/schema\/logo\/image\/\"},\"sameAs\":[\"https:\/\/www.facebook.com\/amuz.krakow\",\"https:\/\/www.instagram.com\/amkpenderecki\/\",\"https:\/\/www.youtube.com\/@amkpenderecki4806\"]}]}<\/script>\n<!-- \/ Yoast SEO plugin. -->","yoast_head_json":{"title":"AMKP - Akademia Muzyczna im. Krzysztofa Pendereckiego w Krakowie","robots":{"index":"index","follow":"follow","max-snippet":"max-snippet:-1","max-image-preview":"max-image-preview:large","max-video-preview":"max-video-preview:-1"},"canonical":"https:\/\/www.amuz.krakow.pl\/wydzialy\/wydzial-ii-instrumentalny\/katedra-skrzypiec-i-altowki\/pracownicy-katedry\/dr-hab-maria-slawek\/","og_locale":"en_US","og_type":"article","og_title":"AMKP - Akademia Muzyczna im. Krzysztofa Pendereckiego w Krakowie","og_description":"Soloist and chamber musician, she performs pieces from various periods, from Baroque to contemporary music \u2013 Mieczys\u0142aw Weinberg\u2019s works occupy a special place in her repertoire. She has appeared in&hellip; Continue reading","og_url":"https:\/\/www.amuz.krakow.pl\/wydzialy\/wydzial-ii-instrumentalny\/katedra-skrzypiec-i-altowki\/pracownicy-katedry\/dr-hab-maria-slawek\/","og_site_name":"Akademia Muzyczna im. Krzysztofa Pendereckiego w Krakowie","article_publisher":"https:\/\/www.facebook.com\/amuz.krakow","article_modified_time":"2023-09-26T08:42:52+00:00","og_image":[{"width":1365,"height":2048,"url":"https:\/\/www.amuz.krakow.pl\/wp-content\/uploads\/2021\/02\/Maria-Slawek-fot.-Natalia-Jansen-scaled.jpg","type":"image\/jpeg"}],"twitter_card":"summary_large_image","twitter_misc":{"Est. reading time":"3 minutes"},"schema":{"@context":"https:\/\/schema.org","@graph":[{"@type":"WebPage","@id":"https:\/\/www.amuz.krakow.pl\/wydzialy\/wydzial-ii-instrumentalny\/katedra-skrzypiec-i-altowki\/pracownicy-katedry\/dr-hab-maria-slawek\/","url":"https:\/\/www.amuz.krakow.pl\/wydzialy\/wydzial-ii-instrumentalny\/katedra-skrzypiec-i-altowki\/pracownicy-katedry\/dr-hab-maria-slawek\/","name":"AMKP - Akademia Muzyczna im. Krzysztofa Pendereckiego w Krakowie","isPartOf":{"@id":"https:\/\/www.amuz.krakow.pl\/#website"},"primaryImageOfPage":{"@id":"https:\/\/www.amuz.krakow.pl\/wydzialy\/wydzial-ii-instrumentalny\/katedra-skrzypiec-i-altowki\/pracownicy-katedry\/dr-hab-maria-slawek\/#primaryimage"},"image":{"@id":"https:\/\/www.amuz.krakow.pl\/wydzialy\/wydzial-ii-instrumentalny\/katedra-skrzypiec-i-altowki\/pracownicy-katedry\/dr-hab-maria-slawek\/#primaryimage"},"thumbnailUrl":"https:\/\/www.amuz.krakow.pl\/wp-content\/uploads\/2021\/02\/Maria-Slawek-fot.-Natalia-Jansen-scaled.jpg","datePublished":"2016-04-06T20:52:20+00:00","dateModified":"2023-09-26T08:42:52+00:00","breadcrumb":{"@id":"https:\/\/www.amuz.krakow.pl\/wydzialy\/wydzial-ii-instrumentalny\/katedra-skrzypiec-i-altowki\/pracownicy-katedry\/dr-hab-maria-slawek\/#breadcrumb"},"inLanguage":"en-US","potentialAction":[{"@type":"ReadAction","target":["https:\/\/www.amuz.krakow.pl\/wydzialy\/wydzial-ii-instrumentalny\/katedra-skrzypiec-i-altowki\/pracownicy-katedry\/dr-hab-maria-slawek\/"]}]},{"@type":"ImageObject","inLanguage":"en-US","@id":"https:\/\/www.amuz.krakow.pl\/wydzialy\/wydzial-ii-instrumentalny\/katedra-skrzypiec-i-altowki\/pracownicy-katedry\/dr-hab-maria-slawek\/#primaryimage","url":"https:\/\/www.amuz.krakow.pl\/wp-content\/uploads\/2021\/02\/Maria-Slawek-fot.-Natalia-Jansen-scaled.jpg","contentUrl":"https:\/\/www.amuz.krakow.pl\/wp-content\/uploads\/2021\/02\/Maria-Slawek-fot.-Natalia-Jansen-scaled.jpg","width":1365,"height":2048,"caption":"fot. Natalia Jansen"},{"@type":"BreadcrumbList","@id":"https:\/\/www.amuz.krakow.pl\/wydzialy\/wydzial-ii-instrumentalny\/katedra-skrzypiec-i-altowki\/pracownicy-katedry\/dr-hab-maria-slawek\/#breadcrumb","itemListElement":[{"@type":"ListItem","position":1,"name":"Strona g\u0142\u00f3wna","item":"https:\/\/www.amuz.krakow.pl\/"},{"@type":"ListItem","position":2,"name":"WYDZIA\u0141Y","item":"https:\/\/www.amuz.krakow.pl\/wydzialy\/"},{"@type":"ListItem","position":3,"name":"Wydzia\u0142 Instrumentalny","item":"https:\/\/www.amuz.krakow.pl\/wydzialy\/wydzial-ii-instrumentalny\/"},{"@type":"ListItem","position":4,"name":"Katedra Skrzypiec i Alt\u00f3wki","item":"https:\/\/www.amuz.krakow.pl\/wydzialy\/wydzial-ii-instrumentalny\/katedra-skrzypiec-i-altowki\/"},{"@type":"ListItem","position":5,"name":"Pracownicy Katedry","item":"https:\/\/www.amuz.krakow.pl\/wydzialy\/wydzial-ii-instrumentalny\/katedra-skrzypiec-i-altowki\/pracownicy-katedry\/"},{"@type":"ListItem","position":6,"name":"dr hab. Maria S\u0142awek"}]},{"@type":"WebSite","@id":"https:\/\/www.amuz.krakow.pl\/#website","url":"https:\/\/www.amuz.krakow.pl\/","name":"Akademia Muzyczna im. Krzysztofa Pendereckiego w Krakowie","description":"Oficjalna strona Akademii Muzycznej im. Krzysztofa Pendereckiego w Krakowie (AMKP).","publisher":{"@id":"https:\/\/www.amuz.krakow.pl\/#organization"},"alternateName":"AMKP","potentialAction":[{"@type":"SearchAction","target":{"@type":"EntryPoint","urlTemplate":"https:\/\/www.amuz.krakow.pl\/?s={search_term_string}"},"query-input":{"@type":"PropertyValueSpecification","valueRequired":true,"valueName":"search_term_string"}}],"inLanguage":"en-US"},{"@type":"Organization","@id":"https:\/\/www.amuz.krakow.pl\/#organization","name":"Akademia Muzyczna im. Krzysztofa Pendereckiego w Krakowie","alternateName":"AMKP","url":"https:\/\/www.amuz.krakow.pl\/","logo":{"@type":"ImageObject","inLanguage":"en-US","@id":"https:\/\/www.amuz.krakow.pl\/#\/schema\/logo\/image\/","url":"https:\/\/www.amuz.krakow.pl\/wp-content\/uploads\/2021\/11\/amkp.jpg","contentUrl":"https:\/\/www.amuz.krakow.pl\/wp-content\/uploads\/2021\/11\/amkp.jpg","width":1193,"height":591,"caption":"Akademia Muzyczna im. Krzysztofa Pendereckiego w Krakowie"},"image":{"@id":"https:\/\/www.amuz.krakow.pl\/#\/schema\/logo\/image\/"},"sameAs":["https:\/\/www.facebook.com\/amuz.krakow","https:\/\/www.instagram.com\/amkpenderecki\/","https:\/\/www.youtube.com\/@amkpenderecki4806"]}]}},"_links":{"self":[{"href":"https:\/\/www.amuz.krakow.pl\/en\/wp-json\/wp\/v2\/pages\/6194","targetHints":{"allow":["GET"]}}],"collection":[{"href":"https:\/\/www.amuz.krakow.pl\/en\/wp-json\/wp\/v2\/pages"}],"about":[{"href":"https:\/\/www.amuz.krakow.pl\/en\/wp-json\/wp\/v2\/types\/page"}],"author":[{"embeddable":true,"href":"https:\/\/www.amuz.krakow.pl\/en\/wp-json\/wp\/v2\/users\/72"}],"replies":[{"embeddable":true,"href":"https:\/\/www.amuz.krakow.pl\/en\/wp-json\/wp\/v2\/comments?post=6194"}],"version-history":[{"count":10,"href":"https:\/\/www.amuz.krakow.pl\/en\/wp-json\/wp\/v2\/pages\/6194\/revisions"}],"predecessor-version":[{"id":47102,"href":"https:\/\/www.amuz.krakow.pl\/en\/wp-json\/wp\/v2\/pages\/6194\/revisions\/47102"}],"up":[{"embeddable":true,"href":"https:\/\/www.amuz.krakow.pl\/en\/wp-json\/wp\/v2\/pages\/2009"}],"wp:featuredmedia":[{"embeddable":true,"href":"https:\/\/www.amuz.krakow.pl\/en\/wp-json\/wp\/v2\/media\/47101"}],"wp:attachment":[{"href":"https:\/\/www.amuz.krakow.pl\/en\/wp-json\/wp\/v2\/media?parent=6194"}],"curies":[{"name":"wp","href":"https:\/\/api.w.org\/{rel}","templated":true}]}}