{"id":61516,"date":"2022-05-06T11:44:19","date_gmt":"2022-05-06T09:44:19","guid":{"rendered":"https:\/\/www.amuz.krakow.pl\/?page_id=61516"},"modified":"2024-10-31T11:17:35","modified_gmt":"2024-10-31T10:17:35","slug":"orkiestra-kameralna","status":"publish","type":"page","link":"https:\/\/www.amuz.krakow.pl\/en\/orkiestry-akademickie\/orkiestra-kameralna\/","title":{"rendered":"Chamber Orchestra"},"content":{"rendered":"<p><figure id=\"attachment_61521\" aria-describedby=\"caption-attachment-61521\" style=\"width: 2048px\" class=\"wp-caption alignnone\"><a href=\"https:\/\/www.amuz.krakow.pl\/wp-content\/uploads\/2022\/05\/IMG_210518_1160_fot.Piotr_Markowski-scaled.jpg\" target=\"_blank\" rel=\"noopener\"><img loading=\"lazy\" decoding=\"async\" class=\"wp-image-61521 size-large\" src=\"https:\/\/www.amuz.krakow.pl\/wp-content\/uploads\/2022\/05\/IMG_210518_1160_fot.Piotr_Markowski-2048x1365.jpg\" alt=\"\" width=\"2048\" height=\"1365\" srcset=\"https:\/\/www.amuz.krakow.pl\/wp-content\/uploads\/2022\/05\/IMG_210518_1160_fot.Piotr_Markowski-scaled.jpg 2048w, https:\/\/www.amuz.krakow.pl\/wp-content\/uploads\/2022\/05\/IMG_210518_1160_fot.Piotr_Markowski-300x200.jpg 300w, https:\/\/www.amuz.krakow.pl\/wp-content\/uploads\/2022\/05\/IMG_210518_1160_fot.Piotr_Markowski-768x512.jpg 768w, https:\/\/www.amuz.krakow.pl\/wp-content\/uploads\/2022\/05\/IMG_210518_1160_fot.Piotr_Markowski-1536x1024.jpg 1536w\" sizes=\"auto, (max-width: 2048px) 100vw, 2048px\" \/><\/a><figcaption id=\"caption-attachment-61521\" class=\"wp-caption-text\">photo by Piotr Markowski<\/figcaption><\/figure><\/p>\n<figure id=\"attachment_91782\" aria-describedby=\"caption-attachment-91782\" style=\"width: 2048px\" class=\"wp-caption aligncenter\"><a href=\"https:\/\/www.amuz.krakow.pl\/wp-content\/uploads\/2024\/10\/Prewki_2048px_IMG_230426_0899_fot.Piotr_Markowski.jpg\" target=\"_blank\" rel=\"noopener\"><img loading=\"lazy\" decoding=\"async\" class=\"wp-image-91782 size-full\" src=\"https:\/\/www.amuz.krakow.pl\/wp-content\/uploads\/2024\/10\/Prewki_2048px_IMG_230426_0899_fot.Piotr_Markowski.jpg\" alt=\"\" width=\"2048\" height=\"1365\" srcset=\"https:\/\/www.amuz.krakow.pl\/wp-content\/uploads\/2024\/10\/Prewki_2048px_IMG_230426_0899_fot.Piotr_Markowski.jpg 2048w, https:\/\/www.amuz.krakow.pl\/wp-content\/uploads\/2024\/10\/Prewki_2048px_IMG_230426_0899_fot.Piotr_Markowski-300x200.jpg 300w, https:\/\/www.amuz.krakow.pl\/wp-content\/uploads\/2024\/10\/Prewki_2048px_IMG_230426_0899_fot.Piotr_Markowski-768x512.jpg 768w, https:\/\/www.amuz.krakow.pl\/wp-content\/uploads\/2024\/10\/Prewki_2048px_IMG_230426_0899_fot.Piotr_Markowski-1536x1024.jpg 1536w\" sizes=\"auto, (max-width: 2048px) 100vw, 2048px\" \/><\/a><figcaption id=\"caption-attachment-91782\" class=\"wp-caption-text\">photo by Piotr Markowski<\/figcaption><\/figure>\n<p style=\"text-align: justify;\">The repertoire of monthly concerts given by the Chamber Orchestra, founded in 1993, includes pieces from the international musical canon. The Orchestra has performed in France, the UK, Slovakia and Germany. Collaboration with prominent conductors and educators (including Wies\u0142aw Kwa\u015bny, Mieczys\u0142aw Szlezer, Zdzis\u0142aw \u0141api\u0144ski, Wojciech Czepiel, Daniel Stabrawa, Jan Stanienda, Kai Bumann, Piotr Wajrak, and Marek Mo\u015b) ensures that its young musicians perform at the highest artistic level.<\/p>\n<p>The Orchestra is led by prof. dr hab. Maciej Tworek.<\/p>\n<p><figure id=\"attachment_68246\" aria-describedby=\"caption-attachment-68246\" style=\"width: 2048px\" class=\"wp-caption alignleft\"><a href=\"https:\/\/www.amuz.krakow.pl\/wp-content\/uploads\/2022\/11\/IMG_221109_0364_fot.Piotr_Markowski-scaled.jpg\"><img loading=\"lazy\" decoding=\"async\" class=\"wp-image-68246 size-full\" src=\"https:\/\/www.amuz.krakow.pl\/wp-content\/uploads\/2022\/11\/IMG_221109_0364_fot.Piotr_Markowski-scaled.jpg\" alt=\"\" width=\"2048\" height=\"1365\" srcset=\"https:\/\/www.amuz.krakow.pl\/wp-content\/uploads\/2022\/11\/IMG_221109_0364_fot.Piotr_Markowski-scaled.jpg 2048w, https:\/\/www.amuz.krakow.pl\/wp-content\/uploads\/2022\/11\/IMG_221109_0364_fot.Piotr_Markowski-300x200.jpg 300w, https:\/\/www.amuz.krakow.pl\/wp-content\/uploads\/2022\/11\/IMG_221109_0364_fot.Piotr_Markowski-768x512.jpg 768w, https:\/\/www.amuz.krakow.pl\/wp-content\/uploads\/2022\/11\/IMG_221109_0364_fot.Piotr_Markowski-1536x1024.jpg 1536w\" sizes=\"auto, (max-width: 2048px) 100vw, 2048px\" \/><\/a><figcaption id=\"caption-attachment-68246\" class=\"wp-caption-text\">Prof. dr hab. Maciej Tworek. Photo by Piotr Markowski<\/figcaption><\/figure><\/p>","protected":false},"excerpt":{"rendered":"<p>The repertoire of monthly concerts given by the Chamber Orchestra, founded in 1993, includes pieces from the international musical canon. The Orchestra has performed in France, the UK, Slovakia and&hellip; <a href=\"https:\/\/www.amuz.krakow.pl\/en\/orkiestry-akademickie\/orkiestra-kameralna\/\">Continue reading<\/a><\/p>\n","protected":false},"author":72,"featured_media":91782,"parent":61503,"menu_order":2,"comment_status":"closed","ping_status":"closed","template":"","meta":{"footnotes":"","_links_to":"","_links_to_target":""},"class_list":["post-61516","page","type-page","status-publish","has-post-thumbnail","hentry"],"yoast_head":"<!-- This site is optimized with the Yoast SEO plugin v27.4 - https:\/\/yoast.com\/product\/yoast-seo-wordpress\/ -->\n<title>AMKP - Akademia Muzyczna im. Krzysztofa Pendereckiego w Krakowie<\/title>\n<meta name=\"robots\" content=\"index, follow, max-snippet:-1, max-image-preview:large, max-video-preview:-1\" \/>\n<link rel=\"canonical\" href=\"https:\/\/www.amuz.krakow.pl\/orkiestry-akademickie\/orkiestra-kameralna\/\" \/>\n<meta property=\"og:locale\" content=\"en_US\" \/>\n<meta property=\"og:type\" content=\"article\" \/>\n<meta property=\"og:title\" content=\"AMKP - Akademia Muzyczna im. Krzysztofa Pendereckiego w Krakowie\" \/>\n<meta property=\"og:description\" content=\"The repertoire of monthly concerts given by the Chamber Orchestra, founded in 1993, includes pieces from the international musical canon. The Orchestra has performed in France, the UK, Slovakia and&hellip; Continue reading\" \/>\n<meta property=\"og:url\" content=\"https:\/\/www.amuz.krakow.pl\/orkiestry-akademickie\/orkiestra-kameralna\/\" \/>\n<meta property=\"og:site_name\" content=\"Akademia Muzyczna im. Krzysztofa Pendereckiego w Krakowie\" \/>\n<meta property=\"article:publisher\" content=\"https:\/\/www.facebook.com\/amuz.krakow\" \/>\n<meta property=\"article:modified_time\" content=\"2024-10-31T10:17:35+00:00\" \/>\n<meta property=\"og:image\" content=\"https:\/\/www.amuz.krakow.pl\/wp-content\/uploads\/2024\/10\/Prewki_2048px_IMG_230426_0899_fot.Piotr_Markowski.jpg\" \/>\n\t<meta property=\"og:image:width\" content=\"2048\" \/>\n\t<meta property=\"og:image:height\" content=\"1365\" \/>\n\t<meta property=\"og:image:type\" content=\"image\/jpeg\" \/>\n<meta name=\"twitter:card\" content=\"summary_large_image\" \/>\n<meta name=\"twitter:label1\" content=\"Est. reading time\" \/>\n\t<meta name=\"twitter:data1\" content=\"2 minutes\" \/>\n<script type=\"application\/ld+json\" class=\"yoast-schema-graph\">{\"@context\":\"https:\\\/\\\/schema.org\",\"@graph\":[{\"@type\":\"WebPage\",\"@id\":\"https:\\\/\\\/www.amuz.krakow.pl\\\/orkiestry-akademickie\\\/orkiestra-kameralna\\\/\",\"url\":\"https:\\\/\\\/www.amuz.krakow.pl\\\/orkiestry-akademickie\\\/orkiestra-kameralna\\\/\",\"name\":\"AMKP - Akademia Muzyczna im. Krzysztofa Pendereckiego w Krakowie\",\"isPartOf\":{\"@id\":\"https:\\\/\\\/www.amuz.krakow.pl\\\/#website\"},\"primaryImageOfPage\":{\"@id\":\"https:\\\/\\\/www.amuz.krakow.pl\\\/orkiestry-akademickie\\\/orkiestra-kameralna\\\/#primaryimage\"},\"image\":{\"@id\":\"https:\\\/\\\/www.amuz.krakow.pl\\\/orkiestry-akademickie\\\/orkiestra-kameralna\\\/#primaryimage\"},\"thumbnailUrl\":\"https:\\\/\\\/www.amuz.krakow.pl\\\/wp-content\\\/uploads\\\/2024\\\/10\\\/Prewki_2048px_IMG_230426_0899_fot.Piotr_Markowski.jpg\",\"datePublished\":\"2022-05-06T09:44:19+00:00\",\"dateModified\":\"2024-10-31T10:17:35+00:00\",\"breadcrumb\":{\"@id\":\"https:\\\/\\\/www.amuz.krakow.pl\\\/orkiestry-akademickie\\\/orkiestra-kameralna\\\/#breadcrumb\"},\"inLanguage\":\"en-US\",\"potentialAction\":[{\"@type\":\"ReadAction\",\"target\":[\"https:\\\/\\\/www.amuz.krakow.pl\\\/orkiestry-akademickie\\\/orkiestra-kameralna\\\/\"]}]},{\"@type\":\"ImageObject\",\"inLanguage\":\"en-US\",\"@id\":\"https:\\\/\\\/www.amuz.krakow.pl\\\/orkiestry-akademickie\\\/orkiestra-kameralna\\\/#primaryimage\",\"url\":\"https:\\\/\\\/www.amuz.krakow.pl\\\/wp-content\\\/uploads\\\/2024\\\/10\\\/Prewki_2048px_IMG_230426_0899_fot.Piotr_Markowski.jpg\",\"contentUrl\":\"https:\\\/\\\/www.amuz.krakow.pl\\\/wp-content\\\/uploads\\\/2024\\\/10\\\/Prewki_2048px_IMG_230426_0899_fot.Piotr_Markowski.jpg\",\"width\":2048,\"height\":1365},{\"@type\":\"BreadcrumbList\",\"@id\":\"https:\\\/\\\/www.amuz.krakow.pl\\\/orkiestry-akademickie\\\/orkiestra-kameralna\\\/#breadcrumb\",\"itemListElement\":[{\"@type\":\"ListItem\",\"position\":1,\"name\":\"Strona g\u0142\u00f3wna\",\"item\":\"https:\\\/\\\/www.amuz.krakow.pl\\\/\"},{\"@type\":\"ListItem\",\"position\":2,\"name\":\"ORKIESTRY AKADEMICKIE I CH\u00d3R AMKP\",\"item\":\"https:\\\/\\\/www.amuz.krakow.pl\\\/orkiestry-akademickie\\\/\"},{\"@type\":\"ListItem\",\"position\":3,\"name\":\"Orkiestra Kameralna\"}]},{\"@type\":\"WebSite\",\"@id\":\"https:\\\/\\\/www.amuz.krakow.pl\\\/#website\",\"url\":\"https:\\\/\\\/www.amuz.krakow.pl\\\/\",\"name\":\"Akademia Muzyczna im. Krzysztofa Pendereckiego w Krakowie\",\"description\":\"Oficjalna strona Akademii Muzycznej im. Krzysztofa Pendereckiego w Krakowie (AMKP).\",\"publisher\":{\"@id\":\"https:\\\/\\\/www.amuz.krakow.pl\\\/#organization\"},\"alternateName\":\"AMKP\",\"potentialAction\":[{\"@type\":\"SearchAction\",\"target\":{\"@type\":\"EntryPoint\",\"urlTemplate\":\"https:\\\/\\\/www.amuz.krakow.pl\\\/?s={search_term_string}\"},\"query-input\":{\"@type\":\"PropertyValueSpecification\",\"valueRequired\":true,\"valueName\":\"search_term_string\"}}],\"inLanguage\":\"en-US\"},{\"@type\":\"Organization\",\"@id\":\"https:\\\/\\\/www.amuz.krakow.pl\\\/#organization\",\"name\":\"Akademia Muzyczna im. Krzysztofa Pendereckiego w Krakowie\",\"alternateName\":\"AMKP\",\"url\":\"https:\\\/\\\/www.amuz.krakow.pl\\\/\",\"logo\":{\"@type\":\"ImageObject\",\"inLanguage\":\"en-US\",\"@id\":\"https:\\\/\\\/www.amuz.krakow.pl\\\/#\\\/schema\\\/logo\\\/image\\\/\",\"url\":\"https:\\\/\\\/www.amuz.krakow.pl\\\/wp-content\\\/uploads\\\/2021\\\/11\\\/amkp.jpg\",\"contentUrl\":\"https:\\\/\\\/www.amuz.krakow.pl\\\/wp-content\\\/uploads\\\/2021\\\/11\\\/amkp.jpg\",\"width\":1193,\"height\":591,\"caption\":\"Akademia Muzyczna im. Krzysztofa Pendereckiego w Krakowie\"},\"image\":{\"@id\":\"https:\\\/\\\/www.amuz.krakow.pl\\\/#\\\/schema\\\/logo\\\/image\\\/\"},\"sameAs\":[\"https:\\\/\\\/www.facebook.com\\\/amuz.krakow\",\"https:\\\/\\\/www.instagram.com\\\/amkpenderecki\\\/\",\"https:\\\/\\\/www.youtube.com\\\/@amkpenderecki4806\"]}]}<\/script>\n<!-- \/ Yoast SEO plugin. -->","yoast_head_json":{"title":"AMKP - Akademia Muzyczna im. Krzysztofa Pendereckiego w Krakowie","robots":{"index":"index","follow":"follow","max-snippet":"max-snippet:-1","max-image-preview":"max-image-preview:large","max-video-preview":"max-video-preview:-1"},"canonical":"https:\/\/www.amuz.krakow.pl\/orkiestry-akademickie\/orkiestra-kameralna\/","og_locale":"en_US","og_type":"article","og_title":"AMKP - Akademia Muzyczna im. Krzysztofa Pendereckiego w Krakowie","og_description":"The repertoire of monthly concerts given by the Chamber Orchestra, founded in 1993, includes pieces from the international musical canon. The Orchestra has performed in France, the UK, Slovakia and&hellip; Continue reading","og_url":"https:\/\/www.amuz.krakow.pl\/orkiestry-akademickie\/orkiestra-kameralna\/","og_site_name":"Akademia Muzyczna im. Krzysztofa Pendereckiego w Krakowie","article_publisher":"https:\/\/www.facebook.com\/amuz.krakow","article_modified_time":"2024-10-31T10:17:35+00:00","og_image":[{"width":2048,"height":1365,"url":"https:\/\/www.amuz.krakow.pl\/wp-content\/uploads\/2024\/10\/Prewki_2048px_IMG_230426_0899_fot.Piotr_Markowski.jpg","type":"image\/jpeg"}],"twitter_card":"summary_large_image","twitter_misc":{"Est. reading time":"2 minutes"},"schema":{"@context":"https:\/\/schema.org","@graph":[{"@type":"WebPage","@id":"https:\/\/www.amuz.krakow.pl\/orkiestry-akademickie\/orkiestra-kameralna\/","url":"https:\/\/www.amuz.krakow.pl\/orkiestry-akademickie\/orkiestra-kameralna\/","name":"AMKP - Akademia Muzyczna im. Krzysztofa Pendereckiego w Krakowie","isPartOf":{"@id":"https:\/\/www.amuz.krakow.pl\/#website"},"primaryImageOfPage":{"@id":"https:\/\/www.amuz.krakow.pl\/orkiestry-akademickie\/orkiestra-kameralna\/#primaryimage"},"image":{"@id":"https:\/\/www.amuz.krakow.pl\/orkiestry-akademickie\/orkiestra-kameralna\/#primaryimage"},"thumbnailUrl":"https:\/\/www.amuz.krakow.pl\/wp-content\/uploads\/2024\/10\/Prewki_2048px_IMG_230426_0899_fot.Piotr_Markowski.jpg","datePublished":"2022-05-06T09:44:19+00:00","dateModified":"2024-10-31T10:17:35+00:00","breadcrumb":{"@id":"https:\/\/www.amuz.krakow.pl\/orkiestry-akademickie\/orkiestra-kameralna\/#breadcrumb"},"inLanguage":"en-US","potentialAction":[{"@type":"ReadAction","target":["https:\/\/www.amuz.krakow.pl\/orkiestry-akademickie\/orkiestra-kameralna\/"]}]},{"@type":"ImageObject","inLanguage":"en-US","@id":"https:\/\/www.amuz.krakow.pl\/orkiestry-akademickie\/orkiestra-kameralna\/#primaryimage","url":"https:\/\/www.amuz.krakow.pl\/wp-content\/uploads\/2024\/10\/Prewki_2048px_IMG_230426_0899_fot.Piotr_Markowski.jpg","contentUrl":"https:\/\/www.amuz.krakow.pl\/wp-content\/uploads\/2024\/10\/Prewki_2048px_IMG_230426_0899_fot.Piotr_Markowski.jpg","width":2048,"height":1365},{"@type":"BreadcrumbList","@id":"https:\/\/www.amuz.krakow.pl\/orkiestry-akademickie\/orkiestra-kameralna\/#breadcrumb","itemListElement":[{"@type":"ListItem","position":1,"name":"Strona g\u0142\u00f3wna","item":"https:\/\/www.amuz.krakow.pl\/"},{"@type":"ListItem","position":2,"name":"ORKIESTRY AKADEMICKIE I CH\u00d3R AMKP","item":"https:\/\/www.amuz.krakow.pl\/orkiestry-akademickie\/"},{"@type":"ListItem","position":3,"name":"Orkiestra Kameralna"}]},{"@type":"WebSite","@id":"https:\/\/www.amuz.krakow.pl\/#website","url":"https:\/\/www.amuz.krakow.pl\/","name":"Akademia Muzyczna im. Krzysztofa Pendereckiego w Krakowie","description":"Oficjalna strona Akademii Muzycznej im. Krzysztofa Pendereckiego w Krakowie (AMKP).","publisher":{"@id":"https:\/\/www.amuz.krakow.pl\/#organization"},"alternateName":"AMKP","potentialAction":[{"@type":"SearchAction","target":{"@type":"EntryPoint","urlTemplate":"https:\/\/www.amuz.krakow.pl\/?s={search_term_string}"},"query-input":{"@type":"PropertyValueSpecification","valueRequired":true,"valueName":"search_term_string"}}],"inLanguage":"en-US"},{"@type":"Organization","@id":"https:\/\/www.amuz.krakow.pl\/#organization","name":"Akademia Muzyczna im. Krzysztofa Pendereckiego w Krakowie","alternateName":"AMKP","url":"https:\/\/www.amuz.krakow.pl\/","logo":{"@type":"ImageObject","inLanguage":"en-US","@id":"https:\/\/www.amuz.krakow.pl\/#\/schema\/logo\/image\/","url":"https:\/\/www.amuz.krakow.pl\/wp-content\/uploads\/2021\/11\/amkp.jpg","contentUrl":"https:\/\/www.amuz.krakow.pl\/wp-content\/uploads\/2021\/11\/amkp.jpg","width":1193,"height":591,"caption":"Akademia Muzyczna im. Krzysztofa Pendereckiego w Krakowie"},"image":{"@id":"https:\/\/www.amuz.krakow.pl\/#\/schema\/logo\/image\/"},"sameAs":["https:\/\/www.facebook.com\/amuz.krakow","https:\/\/www.instagram.com\/amkpenderecki\/","https:\/\/www.youtube.com\/@amkpenderecki4806"]}]}},"_links":{"self":[{"href":"https:\/\/www.amuz.krakow.pl\/en\/wp-json\/wp\/v2\/pages\/61516","targetHints":{"allow":["GET"]}}],"collection":[{"href":"https:\/\/www.amuz.krakow.pl\/en\/wp-json\/wp\/v2\/pages"}],"about":[{"href":"https:\/\/www.amuz.krakow.pl\/en\/wp-json\/wp\/v2\/types\/page"}],"author":[{"embeddable":true,"href":"https:\/\/www.amuz.krakow.pl\/en\/wp-json\/wp\/v2\/users\/72"}],"replies":[{"embeddable":true,"href":"https:\/\/www.amuz.krakow.pl\/en\/wp-json\/wp\/v2\/comments?post=61516"}],"version-history":[{"count":6,"href":"https:\/\/www.amuz.krakow.pl\/en\/wp-json\/wp\/v2\/pages\/61516\/revisions"}],"predecessor-version":[{"id":91785,"href":"https:\/\/www.amuz.krakow.pl\/en\/wp-json\/wp\/v2\/pages\/61516\/revisions\/91785"}],"up":[{"embeddable":true,"href":"https:\/\/www.amuz.krakow.pl\/en\/wp-json\/wp\/v2\/pages\/61503"}],"wp:featuredmedia":[{"embeddable":true,"href":"https:\/\/www.amuz.krakow.pl\/en\/wp-json\/wp\/v2\/media\/91782"}],"wp:attachment":[{"href":"https:\/\/www.amuz.krakow.pl\/en\/wp-json\/wp\/v2\/media?parent=61516"}],"curies":[{"name":"wp","href":"https:\/\/api.w.org\/{rel}","templated":true}]}}