{"id":61506,"date":"2022-05-06T11:20:49","date_gmt":"2022-05-06T09:20:49","guid":{"rendered":"https:\/\/www.amuz.krakow.pl\/?page_id=61506"},"modified":"2024-10-31T11:13:30","modified_gmt":"2024-10-31T10:13:30","slug":"orkiestra-symfoniczna","status":"publish","type":"page","link":"https:\/\/www.amuz.krakow.pl\/en\/orkiestry-akademickie\/orkiestra-symfoniczna\/","title":{"rendered":"Symphony Orchestra"},"content":{"rendered":"<p><figure id=\"attachment_61507\" aria-describedby=\"caption-attachment-61507\" style=\"width: 2048px\" class=\"wp-caption alignnone\"><a href=\"https:\/\/www.amuz.krakow.pl\/wp-content\/uploads\/2022\/05\/IMG_211212_0992_fot.Piotr_Markowski-scaled.jpg\" target=\"_blank\" rel=\"noopener\"><img loading=\"lazy\" decoding=\"async\" class=\"wp-image-61507 size-large\" src=\"https:\/\/www.amuz.krakow.pl\/wp-content\/uploads\/2022\/05\/IMG_211212_0992_fot.Piotr_Markowski-2048x1365.jpg\" alt=\"\" width=\"2048\" height=\"1365\" srcset=\"https:\/\/www.amuz.krakow.pl\/wp-content\/uploads\/2022\/05\/IMG_211212_0992_fot.Piotr_Markowski-scaled.jpg 2048w, https:\/\/www.amuz.krakow.pl\/wp-content\/uploads\/2022\/05\/IMG_211212_0992_fot.Piotr_Markowski-300x200.jpg 300w, https:\/\/www.amuz.krakow.pl\/wp-content\/uploads\/2022\/05\/IMG_211212_0992_fot.Piotr_Markowski-768x512.jpg 768w, https:\/\/www.amuz.krakow.pl\/wp-content\/uploads\/2022\/05\/IMG_211212_0992_fot.Piotr_Markowski-1536x1024.jpg 1536w\" sizes=\"auto, (max-width: 2048px) 100vw, 2048px\" \/><\/a><figcaption id=\"caption-attachment-61507\" class=\"wp-caption-text\">photo by Piotr Markowski<\/figcaption><\/figure><\/p>\n<p style=\"text-align: justify;\">The Academy\u2019s oldest ensemble is the Symphony Orchestra, which performs about ten concert programmes a year. The breadth and depth of its repertoire ensures students acquire the best possible skills in performing as part of a group. The Orchestra has performed the premieres of works by composers associated with, among others, the Krakow Composers\u2019 School: Krystyna Moszuma\u0144ska-Nazar, Adam Walaci\u0144ski, Zbigniew Bujarski, Marek Stachowski and Wojciech Wid\u0142ak.<\/p>\n<p style=\"text-align: justify;\">It has collaborated with many outstanding conductors, including Jerzy Katlewicz, Jerzy Maksymiuk, Antoni Wit, Helmuth Rilling, Tadeusz Struga\u0142a and Neville Marriner. In the past the Orchestra performed Krzysztof Penderecki\u2019s own compositions under his baton.<\/p>\n<p style=\"text-align: justify;\">The Orchestra\u2019s recordings include albums featuring <em>Symphony No. 5<\/em> by Piotr Tchaikovsky, <em>Symphony in B minor \u201cPolonia\u201d <\/em>by Ignacy Jan Paderewski, as well as works by Krakow composers. The Orchestra has a strong tradition of performing oratorios in collaboration with the AMKP Choir and various soloists \u2013 students of the Faculty of Voice and Drama.<\/p>\n<p>In the past decades, the Orchestra was led by Krzysztof Missona, Wojciech Czepiel, Pawe\u0142 Przytocki, Rafa\u0142 Jacek Delekta, and Tomasz Tokarczyk. From October 2024, it is led by prof. dr hab. Rafa\u0142 Jacek Delekta.<\/p>","protected":false},"excerpt":{"rendered":"<p>The Academy\u2019s oldest ensemble is the Symphony Orchestra, which performs about ten concert programmes a year. The breadth and depth of its repertoire ensures students acquire the best possible skills&hellip; <a href=\"https:\/\/www.amuz.krakow.pl\/en\/orkiestry-akademickie\/orkiestra-symfoniczna\/\">Continue reading<\/a><\/p>\n","protected":false},"author":72,"featured_media":0,"parent":61503,"menu_order":1,"comment_status":"closed","ping_status":"closed","template":"","meta":{"footnotes":"","_links_to":"","_links_to_target":""},"class_list":["post-61506","page","type-page","status-publish","hentry"],"yoast_head":"<!-- This site is optimized with the Yoast SEO plugin v27.4 - https:\/\/yoast.com\/product\/yoast-seo-wordpress\/ -->\n<title>AMKP - Akademia Muzyczna im. Krzysztofa Pendereckiego w Krakowie<\/title>\n<meta name=\"robots\" content=\"index, follow, max-snippet:-1, max-image-preview:large, max-video-preview:-1\" \/>\n<link rel=\"canonical\" href=\"https:\/\/www.amuz.krakow.pl\/orkiestry-akademickie\/orkiestra-symfoniczna\/\" \/>\n<meta property=\"og:locale\" content=\"en_US\" \/>\n<meta property=\"og:type\" content=\"article\" \/>\n<meta property=\"og:title\" content=\"AMKP - Akademia Muzyczna im. Krzysztofa Pendereckiego w Krakowie\" \/>\n<meta property=\"og:description\" content=\"The Academy\u2019s oldest ensemble is the Symphony Orchestra, which performs about ten concert programmes a year. The breadth and depth of its repertoire ensures students acquire the best possible skills&hellip; Continue reading\" \/>\n<meta property=\"og:url\" content=\"https:\/\/www.amuz.krakow.pl\/orkiestry-akademickie\/orkiestra-symfoniczna\/\" \/>\n<meta property=\"og:site_name\" content=\"Akademia Muzyczna im. Krzysztofa Pendereckiego w Krakowie\" \/>\n<meta property=\"article:publisher\" content=\"https:\/\/www.facebook.com\/amuz.krakow\" \/>\n<meta property=\"article:modified_time\" content=\"2024-10-31T10:13:30+00:00\" \/>\n<meta property=\"og:image\" content=\"https:\/\/www.amuz.krakow.pl\/wp-content\/uploads\/2022\/05\/IMG_211212_0992_fot.Piotr_Markowski-2048x1365.jpg\" \/>\n<meta name=\"twitter:card\" content=\"summary_large_image\" \/>\n<meta name=\"twitter:label1\" content=\"Est. reading time\" \/>\n\t<meta name=\"twitter:data1\" content=\"2 minutes\" \/>\n<script type=\"application\/ld+json\" class=\"yoast-schema-graph\">{\"@context\":\"https:\\\/\\\/schema.org\",\"@graph\":[{\"@type\":\"WebPage\",\"@id\":\"https:\\\/\\\/www.amuz.krakow.pl\\\/orkiestry-akademickie\\\/orkiestra-symfoniczna\\\/\",\"url\":\"https:\\\/\\\/www.amuz.krakow.pl\\\/orkiestry-akademickie\\\/orkiestra-symfoniczna\\\/\",\"name\":\"AMKP - Akademia Muzyczna im. Krzysztofa Pendereckiego w Krakowie\",\"isPartOf\":{\"@id\":\"https:\\\/\\\/www.amuz.krakow.pl\\\/#website\"},\"primaryImageOfPage\":{\"@id\":\"https:\\\/\\\/www.amuz.krakow.pl\\\/orkiestry-akademickie\\\/orkiestra-symfoniczna\\\/#primaryimage\"},\"image\":{\"@id\":\"https:\\\/\\\/www.amuz.krakow.pl\\\/orkiestry-akademickie\\\/orkiestra-symfoniczna\\\/#primaryimage\"},\"thumbnailUrl\":\"https:\\\/\\\/www.amuz.krakow.pl\\\/wp-content\\\/uploads\\\/2022\\\/05\\\/IMG_211212_0992_fot.Piotr_Markowski-2048x1365.jpg\",\"datePublished\":\"2022-05-06T09:20:49+00:00\",\"dateModified\":\"2024-10-31T10:13:30+00:00\",\"breadcrumb\":{\"@id\":\"https:\\\/\\\/www.amuz.krakow.pl\\\/orkiestry-akademickie\\\/orkiestra-symfoniczna\\\/#breadcrumb\"},\"inLanguage\":\"en-US\",\"potentialAction\":[{\"@type\":\"ReadAction\",\"target\":[\"https:\\\/\\\/www.amuz.krakow.pl\\\/orkiestry-akademickie\\\/orkiestra-symfoniczna\\\/\"]}]},{\"@type\":\"ImageObject\",\"inLanguage\":\"en-US\",\"@id\":\"https:\\\/\\\/www.amuz.krakow.pl\\\/orkiestry-akademickie\\\/orkiestra-symfoniczna\\\/#primaryimage\",\"url\":\"https:\\\/\\\/www.amuz.krakow.pl\\\/wp-content\\\/uploads\\\/2022\\\/05\\\/IMG_211212_0992_fot.Piotr_Markowski-2048x1365.jpg\",\"contentUrl\":\"https:\\\/\\\/www.amuz.krakow.pl\\\/wp-content\\\/uploads\\\/2022\\\/05\\\/IMG_211212_0992_fot.Piotr_Markowski-2048x1365.jpg\"},{\"@type\":\"BreadcrumbList\",\"@id\":\"https:\\\/\\\/www.amuz.krakow.pl\\\/orkiestry-akademickie\\\/orkiestra-symfoniczna\\\/#breadcrumb\",\"itemListElement\":[{\"@type\":\"ListItem\",\"position\":1,\"name\":\"Strona g\u0142\u00f3wna\",\"item\":\"https:\\\/\\\/www.amuz.krakow.pl\\\/\"},{\"@type\":\"ListItem\",\"position\":2,\"name\":\"ORKIESTRY AKADEMICKIE I CH\u00d3R AMKP\",\"item\":\"https:\\\/\\\/www.amuz.krakow.pl\\\/orkiestry-akademickie\\\/\"},{\"@type\":\"ListItem\",\"position\":3,\"name\":\"Orkiestra Symfoniczna\"}]},{\"@type\":\"WebSite\",\"@id\":\"https:\\\/\\\/www.amuz.krakow.pl\\\/#website\",\"url\":\"https:\\\/\\\/www.amuz.krakow.pl\\\/\",\"name\":\"Akademia Muzyczna im. Krzysztofa Pendereckiego w Krakowie\",\"description\":\"Oficjalna strona Akademii Muzycznej im. Krzysztofa Pendereckiego w Krakowie (AMKP).\",\"publisher\":{\"@id\":\"https:\\\/\\\/www.amuz.krakow.pl\\\/#organization\"},\"alternateName\":\"AMKP\",\"potentialAction\":[{\"@type\":\"SearchAction\",\"target\":{\"@type\":\"EntryPoint\",\"urlTemplate\":\"https:\\\/\\\/www.amuz.krakow.pl\\\/?s={search_term_string}\"},\"query-input\":{\"@type\":\"PropertyValueSpecification\",\"valueRequired\":true,\"valueName\":\"search_term_string\"}}],\"inLanguage\":\"en-US\"},{\"@type\":\"Organization\",\"@id\":\"https:\\\/\\\/www.amuz.krakow.pl\\\/#organization\",\"name\":\"Akademia Muzyczna im. Krzysztofa Pendereckiego w Krakowie\",\"alternateName\":\"AMKP\",\"url\":\"https:\\\/\\\/www.amuz.krakow.pl\\\/\",\"logo\":{\"@type\":\"ImageObject\",\"inLanguage\":\"en-US\",\"@id\":\"https:\\\/\\\/www.amuz.krakow.pl\\\/#\\\/schema\\\/logo\\\/image\\\/\",\"url\":\"https:\\\/\\\/www.amuz.krakow.pl\\\/wp-content\\\/uploads\\\/2021\\\/11\\\/amkp.jpg\",\"contentUrl\":\"https:\\\/\\\/www.amuz.krakow.pl\\\/wp-content\\\/uploads\\\/2021\\\/11\\\/amkp.jpg\",\"width\":1193,\"height\":591,\"caption\":\"Akademia Muzyczna im. Krzysztofa Pendereckiego w Krakowie\"},\"image\":{\"@id\":\"https:\\\/\\\/www.amuz.krakow.pl\\\/#\\\/schema\\\/logo\\\/image\\\/\"},\"sameAs\":[\"https:\\\/\\\/www.facebook.com\\\/amuz.krakow\",\"https:\\\/\\\/www.instagram.com\\\/amkpenderecki\\\/\",\"https:\\\/\\\/www.youtube.com\\\/@amkpenderecki4806\"]}]}<\/script>\n<!-- \/ Yoast SEO plugin. -->","yoast_head_json":{"title":"AMKP - Akademia Muzyczna im. Krzysztofa Pendereckiego w Krakowie","robots":{"index":"index","follow":"follow","max-snippet":"max-snippet:-1","max-image-preview":"max-image-preview:large","max-video-preview":"max-video-preview:-1"},"canonical":"https:\/\/www.amuz.krakow.pl\/orkiestry-akademickie\/orkiestra-symfoniczna\/","og_locale":"en_US","og_type":"article","og_title":"AMKP - Akademia Muzyczna im. Krzysztofa Pendereckiego w Krakowie","og_description":"The Academy\u2019s oldest ensemble is the Symphony Orchestra, which performs about ten concert programmes a year. The breadth and depth of its repertoire ensures students acquire the best possible skills&hellip; Continue reading","og_url":"https:\/\/www.amuz.krakow.pl\/orkiestry-akademickie\/orkiestra-symfoniczna\/","og_site_name":"Akademia Muzyczna im. Krzysztofa Pendereckiego w Krakowie","article_publisher":"https:\/\/www.facebook.com\/amuz.krakow","article_modified_time":"2024-10-31T10:13:30+00:00","og_image":[{"url":"https:\/\/www.amuz.krakow.pl\/wp-content\/uploads\/2022\/05\/IMG_211212_0992_fot.Piotr_Markowski-2048x1365.jpg","type":"","width":"","height":""}],"twitter_card":"summary_large_image","twitter_misc":{"Est. reading time":"2 minutes"},"schema":{"@context":"https:\/\/schema.org","@graph":[{"@type":"WebPage","@id":"https:\/\/www.amuz.krakow.pl\/orkiestry-akademickie\/orkiestra-symfoniczna\/","url":"https:\/\/www.amuz.krakow.pl\/orkiestry-akademickie\/orkiestra-symfoniczna\/","name":"AMKP - Akademia Muzyczna im. Krzysztofa Pendereckiego w Krakowie","isPartOf":{"@id":"https:\/\/www.amuz.krakow.pl\/#website"},"primaryImageOfPage":{"@id":"https:\/\/www.amuz.krakow.pl\/orkiestry-akademickie\/orkiestra-symfoniczna\/#primaryimage"},"image":{"@id":"https:\/\/www.amuz.krakow.pl\/orkiestry-akademickie\/orkiestra-symfoniczna\/#primaryimage"},"thumbnailUrl":"https:\/\/www.amuz.krakow.pl\/wp-content\/uploads\/2022\/05\/IMG_211212_0992_fot.Piotr_Markowski-2048x1365.jpg","datePublished":"2022-05-06T09:20:49+00:00","dateModified":"2024-10-31T10:13:30+00:00","breadcrumb":{"@id":"https:\/\/www.amuz.krakow.pl\/orkiestry-akademickie\/orkiestra-symfoniczna\/#breadcrumb"},"inLanguage":"en-US","potentialAction":[{"@type":"ReadAction","target":["https:\/\/www.amuz.krakow.pl\/orkiestry-akademickie\/orkiestra-symfoniczna\/"]}]},{"@type":"ImageObject","inLanguage":"en-US","@id":"https:\/\/www.amuz.krakow.pl\/orkiestry-akademickie\/orkiestra-symfoniczna\/#primaryimage","url":"https:\/\/www.amuz.krakow.pl\/wp-content\/uploads\/2022\/05\/IMG_211212_0992_fot.Piotr_Markowski-2048x1365.jpg","contentUrl":"https:\/\/www.amuz.krakow.pl\/wp-content\/uploads\/2022\/05\/IMG_211212_0992_fot.Piotr_Markowski-2048x1365.jpg"},{"@type":"BreadcrumbList","@id":"https:\/\/www.amuz.krakow.pl\/orkiestry-akademickie\/orkiestra-symfoniczna\/#breadcrumb","itemListElement":[{"@type":"ListItem","position":1,"name":"Strona g\u0142\u00f3wna","item":"https:\/\/www.amuz.krakow.pl\/"},{"@type":"ListItem","position":2,"name":"ORKIESTRY AKADEMICKIE I CH\u00d3R AMKP","item":"https:\/\/www.amuz.krakow.pl\/orkiestry-akademickie\/"},{"@type":"ListItem","position":3,"name":"Orkiestra Symfoniczna"}]},{"@type":"WebSite","@id":"https:\/\/www.amuz.krakow.pl\/#website","url":"https:\/\/www.amuz.krakow.pl\/","name":"Akademia Muzyczna im. Krzysztofa Pendereckiego w Krakowie","description":"Oficjalna strona Akademii Muzycznej im. Krzysztofa Pendereckiego w Krakowie (AMKP).","publisher":{"@id":"https:\/\/www.amuz.krakow.pl\/#organization"},"alternateName":"AMKP","potentialAction":[{"@type":"SearchAction","target":{"@type":"EntryPoint","urlTemplate":"https:\/\/www.amuz.krakow.pl\/?s={search_term_string}"},"query-input":{"@type":"PropertyValueSpecification","valueRequired":true,"valueName":"search_term_string"}}],"inLanguage":"en-US"},{"@type":"Organization","@id":"https:\/\/www.amuz.krakow.pl\/#organization","name":"Akademia Muzyczna im. Krzysztofa Pendereckiego w Krakowie","alternateName":"AMKP","url":"https:\/\/www.amuz.krakow.pl\/","logo":{"@type":"ImageObject","inLanguage":"en-US","@id":"https:\/\/www.amuz.krakow.pl\/#\/schema\/logo\/image\/","url":"https:\/\/www.amuz.krakow.pl\/wp-content\/uploads\/2021\/11\/amkp.jpg","contentUrl":"https:\/\/www.amuz.krakow.pl\/wp-content\/uploads\/2021\/11\/amkp.jpg","width":1193,"height":591,"caption":"Akademia Muzyczna im. Krzysztofa Pendereckiego w Krakowie"},"image":{"@id":"https:\/\/www.amuz.krakow.pl\/#\/schema\/logo\/image\/"},"sameAs":["https:\/\/www.facebook.com\/amuz.krakow","https:\/\/www.instagram.com\/amkpenderecki\/","https:\/\/www.youtube.com\/@amkpenderecki4806"]}]}},"_links":{"self":[{"href":"https:\/\/www.amuz.krakow.pl\/en\/wp-json\/wp\/v2\/pages\/61506","targetHints":{"allow":["GET"]}}],"collection":[{"href":"https:\/\/www.amuz.krakow.pl\/en\/wp-json\/wp\/v2\/pages"}],"about":[{"href":"https:\/\/www.amuz.krakow.pl\/en\/wp-json\/wp\/v2\/types\/page"}],"author":[{"embeddable":true,"href":"https:\/\/www.amuz.krakow.pl\/en\/wp-json\/wp\/v2\/users\/72"}],"replies":[{"embeddable":true,"href":"https:\/\/www.amuz.krakow.pl\/en\/wp-json\/wp\/v2\/comments?post=61506"}],"version-history":[{"count":8,"href":"https:\/\/www.amuz.krakow.pl\/en\/wp-json\/wp\/v2\/pages\/61506\/revisions"}],"predecessor-version":[{"id":70230,"href":"https:\/\/www.amuz.krakow.pl\/en\/wp-json\/wp\/v2\/pages\/61506\/revisions\/70230"}],"up":[{"embeddable":true,"href":"https:\/\/www.amuz.krakow.pl\/en\/wp-json\/wp\/v2\/pages\/61503"}],"wp:attachment":[{"href":"https:\/\/www.amuz.krakow.pl\/en\/wp-json\/wp\/v2\/media?parent=61506"}],"curies":[{"name":"wp","href":"https:\/\/api.w.org\/{rel}","templated":true}]}}