{"id":59310,"date":"2022-03-30T13:49:20","date_gmt":"2022-03-30T11:49:20","guid":{"rendered":"https:\/\/www.amuz.krakow.pl\/?page_id=59310"},"modified":"2026-02-05T15:07:45","modified_gmt":"2026-02-05T14:07:45","slug":"akty-prawne","status":"publish","type":"page","link":"https:\/\/www.amuz.krakow.pl\/en\/kandydaci\/akty-prawne\/","title":{"rendered":"Legal acts"},"content":{"rendered":"<p><strong>Admissions for academic year 2026\/2027<\/strong><\/p>\n<p><a href=\"https:\/\/www.amuz.krakow.pl\/wp-content\/uploads\/doc\/Powolanie-WKR-decyzja-Przew.-UKR-1.pdf\">Decision No. 1\/2026 of the President of Academic Admissions Commitee of 5 February 2026<\/a>\u00a0on the<strong> appointment of faculty admissions committees<\/strong> to conduct admissions procedures for first-cycle and second-cycle studies for the 2026\/2027 academic year<\/p>\n<p><a href=\"https:\/\/www.amuz.krakow.pl\/bip\/zarzadzenie-nr-6-2026-z-dnia-29-stycznia-2026-r\/\">Ordinance No. 6\/2026 of 29 January 2026<\/a> on <strong>entrance examinations dates<\/strong><\/p>\n<p><a href=\"https:\/\/www.amuz.krakow.pl\/bip\/zarzadzenie-nr-4-2026-z-dnia-16-stycznia-2026-r\/\">Ordinance No. 4\/2026 of 16 January 2026<\/a>\u00a0on the appointment of the <strong>Academic Admissions Committee<\/strong> to conduct admissions for the 2026\/2027 academic year<\/p>\n<p><a href=\"https:\/\/www.amuz.krakow.pl\/wp-content\/uploads\/doc\/Uchwala-Nr-22-w-sprawie-warunkow-trybu-terminu-rozpoczecia-i-zakonczenia-rekrutacji-na-rok-akademicki-2026_272.pdf\">Resolution No. 22\/2025 of the AMKP Senate of 27 June 2025<\/a>\u00a0on the <strong>conditions, procedure, start and end dates, and method of admissions<\/strong> for the first year of full-time first- and second-cycle studies at AMKP for the 2026\/2027 academic year<\/p>\n<p>&nbsp;<\/p>\n<p><span style=\"font-size: 12pt;\"><div class='yrm-content yrm-content-1 yrm-content-hide  ' id='yrm-sdABR' data-id='1' data-show-status='false' data-after-action='' style=\"visibility: hidden;height: 0;\">\n\t\t\t<div id='yrm-inner-content-yrm-sdABR' class='yrm-inner-content-wrapper yrm-cntent-1'><\/span><\/p>\n<p><strong>Rekrutacja na rok akademicki 2025\/2026<\/strong><\/p>\n<p><a href=\"https:\/\/www.amuz.krakow.pl\/bip\/uchwala-nr-15-2024-z-dnia-25-czerwca-2024-r\/\">Uchwa\u0142a nr 15\/2024 z dnia 25 czerwca 2024 r.<\/a> w sprawie <strong>warunk\u00f3w, trybu, terminu rozpocz\u0119cia i zako\u0144czenia oraz sposobu przeprowadzania rekrutacji<\/strong> na I rok stacjonarnych studi\u00f3w pierwszego i drugiego stopnia w Akademii Muzycznej im. Krzysztofa Pendereckiego w Krakowie na rok akademicki 2025\/2026<\/p>\n<p><a href=\"https:\/\/www.amuz.krakow.pl\/bip\/uchwala-nr-21-2025-z-dnia-27-czerwca-2025-r\/\">Uchwa\u0142a Nr 21\/2025 Senatu AMKP z dnia 27 czerwca 2025 r.<\/a> zmieniaj\u0105ca Uchwa\u0142\u0119 Nr 15\/2024 z dnia 25 czerwca 2024 r.<\/p>\n<p><a href=\"https:\/\/www.amuz.krakow.pl\/bip\/zarzadzenie-nr-2-2025-z-dnia-16-stycznia-2025-r\/\">Zarz\u0105dzenie nr 2\/2025 z dnia 16 stycznia 2025 r.<\/a> w sprawie <strong>powo\u0142ania Uczelnianej Komisji Rekrutacyjnej<\/strong> do przeprowadzenia rekrutacji na rok akademicki 2025\/2026<\/p>\n<p><a href=\"https:\/\/www.amuz.krakow.pl\/bip\/zarzadzenie-nr-4-2025-z-dnia-17-stycznia-2025-r\/\">Zarz\u0105dzenie nr 4\/2025 z dnia 17 stycznia 2025 r.<\/a> w sprawie <strong>ustalenia egzamin\u00f3w wst\u0119pnych<\/strong> na I rok studi\u00f3w pierwszego i drugiego stopnia w roku akademickim 2025\/2026<\/p>\n<p><a href=\"https:\/\/www.amuz.krakow.pl\/wp-content\/uploads\/doc\/Powolanie-WKR-decyzja-Przew.-UKR.pdf\">Decyzja nr 1\/2025 Przewodnicz\u0105cego UKR z dnia 7 lutego 2025 r.<\/a> w sprawie<strong> powo\u0142ania wydzia\u0142owych komisji rekrutacyjnych<\/strong> do przeprowadzenia post\u0119powa\u0144 rekrutacyjnych na studia I i II stopnia na rok akademicki 2025\/2026 <span style=\"font-size: 12pt;\"><\/div>\n\t\t<\/div><div class='yrm-btn-wrapper yrm-btn-wrapper-1 yrm-more-button-wrapper  '\n\t\tdata-custom-more-class-name='' data-custom-less-class-name=''><span title='' data-less-title='' data-more-title='' class='yrm-toggle-expand  yrm-toggle-expand-1 yrm-button-auto-mode' data-rel='yrm-sdABR' data-more='Admissions for academic year 2025\/2026' data-less='Hide'><span class='yrm-text-wrapper '><span class=\"yrm-button-text-1 yrm-button-text-span\">Admissions for academic year 2025\/2026<\/span><\/span><\/span><\/div><\/span><\/p>","protected":false},"excerpt":{"rendered":"<p>Admissions for academic year 2026\/2027 Decision No. 1\/2026 of the President of Academic Admissions Commitee of 5 February 2026\u00a0on the appointment of faculty admissions committees to conduct admissions procedures for&hellip; <a href=\"https:\/\/www.amuz.krakow.pl\/en\/kandydaci\/akty-prawne\/\">Continue reading<\/a><\/p>\n","protected":false},"author":72,"featured_media":111443,"parent":5,"menu_order":6,"comment_status":"closed","ping_status":"closed","template":"","meta":{"footnotes":"","_links_to":"","_links_to_target":""},"class_list":["post-59310","page","type-page","status-publish","has-post-thumbnail","hentry"],"yoast_head":"<!-- This site is optimized with the Yoast SEO plugin v27.4 - https:\/\/yoast.com\/product\/yoast-seo-wordpress\/ -->\n<title>AMKP - Akademia Muzyczna im. Krzysztofa Pendereckiego w Krakowie<\/title>\n<meta name=\"robots\" content=\"index, follow, max-snippet:-1, max-image-preview:large, max-video-preview:-1\" \/>\n<link rel=\"canonical\" href=\"https:\/\/www.amuz.krakow.pl\/kandydaci\/akty-prawne\/\" \/>\n<meta property=\"og:locale\" content=\"en_US\" \/>\n<meta property=\"og:type\" content=\"article\" \/>\n<meta property=\"og:title\" content=\"AMKP - Akademia Muzyczna im. Krzysztofa Pendereckiego w Krakowie\" \/>\n<meta property=\"og:description\" content=\"Admissions for academic year 2026\/2027 Decision No. 1\/2026 of the President of Academic Admissions Commitee of 5 February 2026\u00a0on the appointment of faculty admissions committees to conduct admissions procedures for&hellip; Continue reading\" \/>\n<meta property=\"og:url\" content=\"https:\/\/www.amuz.krakow.pl\/kandydaci\/akty-prawne\/\" \/>\n<meta property=\"og:site_name\" content=\"Akademia Muzyczna im. Krzysztofa Pendereckiego w Krakowie\" \/>\n<meta property=\"article:publisher\" content=\"https:\/\/www.facebook.com\/amuz.krakow\" \/>\n<meta property=\"article:modified_time\" content=\"2026-02-05T14:07:45+00:00\" \/>\n<meta property=\"og:image\" content=\"https:\/\/www.amuz.krakow.pl\/wp-content\/uploads\/2025\/12\/Rekrutacja-2026_2027-scaled.jpg\" \/>\n\t<meta property=\"og:image:width\" content=\"2048\" \/>\n\t<meta property=\"og:image:height\" content=\"1024\" \/>\n\t<meta property=\"og:image:type\" content=\"image\/jpeg\" \/>\n<meta name=\"twitter:card\" content=\"summary_large_image\" \/>\n<meta name=\"twitter:label1\" content=\"Est. reading time\" \/>\n\t<meta name=\"twitter:data1\" content=\"2 minutes\" \/>\n<script type=\"application\/ld+json\" class=\"yoast-schema-graph\">{\"@context\":\"https:\\\/\\\/schema.org\",\"@graph\":[{\"@type\":\"WebPage\",\"@id\":\"https:\\\/\\\/www.amuz.krakow.pl\\\/kandydaci\\\/akty-prawne\\\/\",\"url\":\"https:\\\/\\\/www.amuz.krakow.pl\\\/kandydaci\\\/akty-prawne\\\/\",\"name\":\"AMKP - Akademia Muzyczna im. Krzysztofa Pendereckiego w Krakowie\",\"isPartOf\":{\"@id\":\"https:\\\/\\\/www.amuz.krakow.pl\\\/#website\"},\"primaryImageOfPage\":{\"@id\":\"https:\\\/\\\/www.amuz.krakow.pl\\\/kandydaci\\\/akty-prawne\\\/#primaryimage\"},\"image\":{\"@id\":\"https:\\\/\\\/www.amuz.krakow.pl\\\/kandydaci\\\/akty-prawne\\\/#primaryimage\"},\"thumbnailUrl\":\"https:\\\/\\\/www.amuz.krakow.pl\\\/wp-content\\\/uploads\\\/2025\\\/12\\\/Rekrutacja-2026_2027-scaled.jpg\",\"datePublished\":\"2022-03-30T11:49:20+00:00\",\"dateModified\":\"2026-02-05T14:07:45+00:00\",\"breadcrumb\":{\"@id\":\"https:\\\/\\\/www.amuz.krakow.pl\\\/kandydaci\\\/akty-prawne\\\/#breadcrumb\"},\"inLanguage\":\"en-US\",\"potentialAction\":[{\"@type\":\"ReadAction\",\"target\":[\"https:\\\/\\\/www.amuz.krakow.pl\\\/kandydaci\\\/akty-prawne\\\/\"]}]},{\"@type\":\"ImageObject\",\"inLanguage\":\"en-US\",\"@id\":\"https:\\\/\\\/www.amuz.krakow.pl\\\/kandydaci\\\/akty-prawne\\\/#primaryimage\",\"url\":\"https:\\\/\\\/www.amuz.krakow.pl\\\/wp-content\\\/uploads\\\/2025\\\/12\\\/Rekrutacja-2026_2027-scaled.jpg\",\"contentUrl\":\"https:\\\/\\\/www.amuz.krakow.pl\\\/wp-content\\\/uploads\\\/2025\\\/12\\\/Rekrutacja-2026_2027-scaled.jpg\",\"width\":2048,\"height\":1024},{\"@type\":\"BreadcrumbList\",\"@id\":\"https:\\\/\\\/www.amuz.krakow.pl\\\/kandydaci\\\/akty-prawne\\\/#breadcrumb\",\"itemListElement\":[{\"@type\":\"ListItem\",\"position\":1,\"name\":\"Strona g\u0142\u00f3wna\",\"item\":\"https:\\\/\\\/www.amuz.krakow.pl\\\/\"},{\"@type\":\"ListItem\",\"position\":2,\"name\":\"Kandydaci\",\"item\":\"https:\\\/\\\/www.amuz.krakow.pl\\\/kandydaci\\\/\"},{\"@type\":\"ListItem\",\"position\":3,\"name\":\"Akty prawne\"}]},{\"@type\":\"WebSite\",\"@id\":\"https:\\\/\\\/www.amuz.krakow.pl\\\/#website\",\"url\":\"https:\\\/\\\/www.amuz.krakow.pl\\\/\",\"name\":\"Akademia Muzyczna im. Krzysztofa Pendereckiego w Krakowie\",\"description\":\"Oficjalna strona Akademii Muzycznej im. Krzysztofa Pendereckiego w Krakowie (AMKP).\",\"publisher\":{\"@id\":\"https:\\\/\\\/www.amuz.krakow.pl\\\/#organization\"},\"alternateName\":\"AMKP\",\"potentialAction\":[{\"@type\":\"SearchAction\",\"target\":{\"@type\":\"EntryPoint\",\"urlTemplate\":\"https:\\\/\\\/www.amuz.krakow.pl\\\/?s={search_term_string}\"},\"query-input\":{\"@type\":\"PropertyValueSpecification\",\"valueRequired\":true,\"valueName\":\"search_term_string\"}}],\"inLanguage\":\"en-US\"},{\"@type\":\"Organization\",\"@id\":\"https:\\\/\\\/www.amuz.krakow.pl\\\/#organization\",\"name\":\"Akademia Muzyczna im. Krzysztofa Pendereckiego w Krakowie\",\"alternateName\":\"AMKP\",\"url\":\"https:\\\/\\\/www.amuz.krakow.pl\\\/\",\"logo\":{\"@type\":\"ImageObject\",\"inLanguage\":\"en-US\",\"@id\":\"https:\\\/\\\/www.amuz.krakow.pl\\\/#\\\/schema\\\/logo\\\/image\\\/\",\"url\":\"https:\\\/\\\/www.amuz.krakow.pl\\\/wp-content\\\/uploads\\\/2021\\\/11\\\/amkp.jpg\",\"contentUrl\":\"https:\\\/\\\/www.amuz.krakow.pl\\\/wp-content\\\/uploads\\\/2021\\\/11\\\/amkp.jpg\",\"width\":1193,\"height\":591,\"caption\":\"Akademia Muzyczna im. Krzysztofa Pendereckiego w Krakowie\"},\"image\":{\"@id\":\"https:\\\/\\\/www.amuz.krakow.pl\\\/#\\\/schema\\\/logo\\\/image\\\/\"},\"sameAs\":[\"https:\\\/\\\/www.facebook.com\\\/amuz.krakow\",\"https:\\\/\\\/www.instagram.com\\\/amkpenderecki\\\/\",\"https:\\\/\\\/www.youtube.com\\\/@amkpenderecki4806\"]}]}<\/script>\n<!-- \/ Yoast SEO plugin. -->","yoast_head_json":{"title":"AMKP - Akademia Muzyczna im. Krzysztofa Pendereckiego w Krakowie","robots":{"index":"index","follow":"follow","max-snippet":"max-snippet:-1","max-image-preview":"max-image-preview:large","max-video-preview":"max-video-preview:-1"},"canonical":"https:\/\/www.amuz.krakow.pl\/kandydaci\/akty-prawne\/","og_locale":"en_US","og_type":"article","og_title":"AMKP - Akademia Muzyczna im. Krzysztofa Pendereckiego w Krakowie","og_description":"Admissions for academic year 2026\/2027 Decision No. 1\/2026 of the President of Academic Admissions Commitee of 5 February 2026\u00a0on the appointment of faculty admissions committees to conduct admissions procedures for&hellip; Continue reading","og_url":"https:\/\/www.amuz.krakow.pl\/kandydaci\/akty-prawne\/","og_site_name":"Akademia Muzyczna im. Krzysztofa Pendereckiego w Krakowie","article_publisher":"https:\/\/www.facebook.com\/amuz.krakow","article_modified_time":"2026-02-05T14:07:45+00:00","og_image":[{"width":2048,"height":1024,"url":"https:\/\/www.amuz.krakow.pl\/wp-content\/uploads\/2025\/12\/Rekrutacja-2026_2027-scaled.jpg","type":"image\/jpeg"}],"twitter_card":"summary_large_image","twitter_misc":{"Est. reading time":"2 minutes"},"schema":{"@context":"https:\/\/schema.org","@graph":[{"@type":"WebPage","@id":"https:\/\/www.amuz.krakow.pl\/kandydaci\/akty-prawne\/","url":"https:\/\/www.amuz.krakow.pl\/kandydaci\/akty-prawne\/","name":"AMKP - Akademia Muzyczna im. Krzysztofa Pendereckiego w Krakowie","isPartOf":{"@id":"https:\/\/www.amuz.krakow.pl\/#website"},"primaryImageOfPage":{"@id":"https:\/\/www.amuz.krakow.pl\/kandydaci\/akty-prawne\/#primaryimage"},"image":{"@id":"https:\/\/www.amuz.krakow.pl\/kandydaci\/akty-prawne\/#primaryimage"},"thumbnailUrl":"https:\/\/www.amuz.krakow.pl\/wp-content\/uploads\/2025\/12\/Rekrutacja-2026_2027-scaled.jpg","datePublished":"2022-03-30T11:49:20+00:00","dateModified":"2026-02-05T14:07:45+00:00","breadcrumb":{"@id":"https:\/\/www.amuz.krakow.pl\/kandydaci\/akty-prawne\/#breadcrumb"},"inLanguage":"en-US","potentialAction":[{"@type":"ReadAction","target":["https:\/\/www.amuz.krakow.pl\/kandydaci\/akty-prawne\/"]}]},{"@type":"ImageObject","inLanguage":"en-US","@id":"https:\/\/www.amuz.krakow.pl\/kandydaci\/akty-prawne\/#primaryimage","url":"https:\/\/www.amuz.krakow.pl\/wp-content\/uploads\/2025\/12\/Rekrutacja-2026_2027-scaled.jpg","contentUrl":"https:\/\/www.amuz.krakow.pl\/wp-content\/uploads\/2025\/12\/Rekrutacja-2026_2027-scaled.jpg","width":2048,"height":1024},{"@type":"BreadcrumbList","@id":"https:\/\/www.amuz.krakow.pl\/kandydaci\/akty-prawne\/#breadcrumb","itemListElement":[{"@type":"ListItem","position":1,"name":"Strona g\u0142\u00f3wna","item":"https:\/\/www.amuz.krakow.pl\/"},{"@type":"ListItem","position":2,"name":"Kandydaci","item":"https:\/\/www.amuz.krakow.pl\/kandydaci\/"},{"@type":"ListItem","position":3,"name":"Akty prawne"}]},{"@type":"WebSite","@id":"https:\/\/www.amuz.krakow.pl\/#website","url":"https:\/\/www.amuz.krakow.pl\/","name":"Akademia Muzyczna im. Krzysztofa Pendereckiego w Krakowie","description":"Oficjalna strona Akademii Muzycznej im. Krzysztofa Pendereckiego w Krakowie (AMKP).","publisher":{"@id":"https:\/\/www.amuz.krakow.pl\/#organization"},"alternateName":"AMKP","potentialAction":[{"@type":"SearchAction","target":{"@type":"EntryPoint","urlTemplate":"https:\/\/www.amuz.krakow.pl\/?s={search_term_string}"},"query-input":{"@type":"PropertyValueSpecification","valueRequired":true,"valueName":"search_term_string"}}],"inLanguage":"en-US"},{"@type":"Organization","@id":"https:\/\/www.amuz.krakow.pl\/#organization","name":"Akademia Muzyczna im. Krzysztofa Pendereckiego w Krakowie","alternateName":"AMKP","url":"https:\/\/www.amuz.krakow.pl\/","logo":{"@type":"ImageObject","inLanguage":"en-US","@id":"https:\/\/www.amuz.krakow.pl\/#\/schema\/logo\/image\/","url":"https:\/\/www.amuz.krakow.pl\/wp-content\/uploads\/2021\/11\/amkp.jpg","contentUrl":"https:\/\/www.amuz.krakow.pl\/wp-content\/uploads\/2021\/11\/amkp.jpg","width":1193,"height":591,"caption":"Akademia Muzyczna im. Krzysztofa Pendereckiego w Krakowie"},"image":{"@id":"https:\/\/www.amuz.krakow.pl\/#\/schema\/logo\/image\/"},"sameAs":["https:\/\/www.facebook.com\/amuz.krakow","https:\/\/www.instagram.com\/amkpenderecki\/","https:\/\/www.youtube.com\/@amkpenderecki4806"]}]}},"_links":{"self":[{"href":"https:\/\/www.amuz.krakow.pl\/en\/wp-json\/wp\/v2\/pages\/59310","targetHints":{"allow":["GET"]}}],"collection":[{"href":"https:\/\/www.amuz.krakow.pl\/en\/wp-json\/wp\/v2\/pages"}],"about":[{"href":"https:\/\/www.amuz.krakow.pl\/en\/wp-json\/wp\/v2\/types\/page"}],"author":[{"embeddable":true,"href":"https:\/\/www.amuz.krakow.pl\/en\/wp-json\/wp\/v2\/users\/72"}],"replies":[{"embeddable":true,"href":"https:\/\/www.amuz.krakow.pl\/en\/wp-json\/wp\/v2\/comments?post=59310"}],"version-history":[{"count":26,"href":"https:\/\/www.amuz.krakow.pl\/en\/wp-json\/wp\/v2\/pages\/59310\/revisions"}],"predecessor-version":[{"id":114569,"href":"https:\/\/www.amuz.krakow.pl\/en\/wp-json\/wp\/v2\/pages\/59310\/revisions\/114569"}],"up":[{"embeddable":true,"href":"https:\/\/www.amuz.krakow.pl\/en\/wp-json\/wp\/v2\/pages\/5"}],"wp:featuredmedia":[{"embeddable":true,"href":"https:\/\/www.amuz.krakow.pl\/en\/wp-json\/wp\/v2\/media\/111443"}],"wp:attachment":[{"href":"https:\/\/www.amuz.krakow.pl\/en\/wp-json\/wp\/v2\/media?parent=59310"}],"curies":[{"name":"wp","href":"https:\/\/api.w.org\/{rel}","templated":true}]}}