{"id":59281,"date":"2022-03-30T12:59:25","date_gmt":"2022-03-30T10:59:25","guid":{"rendered":"https:\/\/www.amuz.krakow.pl\/?page_id=59281"},"modified":"2022-04-11T13:58:19","modified_gmt":"2022-04-11T11:58:19","slug":"xxv-miedzynarodowe-sympozjum-beethoven-ojciec-wielkiego-symfonizmu","status":"publish","type":"page","link":"https:\/\/www.amuz.krakow.pl\/en\/wydzialy\/wydzial-i-tworczosci-interpretacji-i-edukacji-muzycznej\/katedra-teorii-i-interpretacji-dziela-muzycznego\/aktualnosci\/xxv-miedzynarodowe-sympozjum-beethoven-ojciec-wielkiego-symfonizmu\/","title":{"rendered":"25th International Symposium &#8220;Beethoven \u2013 father of great symphonism&#8221;"},"content":{"rendered":"<p><\/p>\n<p style=\"text-align: justify;\">Music Theory and Interpretation Department of Academy of Music in Krak\u00f3w invites to participate in <strong>25th International Symposium &#8220;Beethoven \u2013 father of great symphonism&#8221;<\/strong>, which is a part of the 26th Easter Festival of Ludwig van Beethoven, and will take place in Warsaw on <strong>4th-5th April, 2022<\/strong>.<\/p>\n<p style=\"text-align: justify;\">Location: Zach\u0119ta &#8211; National Gallery of Art, Warsaw, 3 Plac Ma\u0142achowskiego<\/p>\n<hr \/>\n<h6 style=\"text-align: justify;\">PROGRAMME<\/h6>\n<h6 style=\"text-align: justify;\">Monday, April 4, 2022<\/h6>\n<p style=\"text-align: justify;\"><strong>10.00<\/strong> Welcome address<br \/>\n(E. Penderecka, Head of Music Theory and Interpretation Department\u00a0of The Krzysztof Penderecki Academy of Music in Krak\u00f3w, the director of \u201cZach\u0119ta\u201d)<\/p>\n<p style=\"text-align: justify;\"><strong>10.30 \u2013 12.00<\/strong><\/p>\n<p style=\"text-align: justify;\"><strong>Christine Siegert<\/strong> (BEETHOVEN-HAUS BONN)<br \/>\nA great symphony for reduced forces: Beethoven\u2019s \u201eEroica\u201d arranged for quartet<\/p>\n<p style=\"text-align: justify;\"><strong>Susanne Cox<\/strong> (BEETHOVEN-HAUS BONN)<br \/>\nBeethoven\u2019s early sketches for the Ninth Symphony<\/p>\n<p style=\"text-align: justify;\"><strong>Michael Ladenburger<\/strong> (BEETHOVEN-HAUS BONN)<br \/>\nBeethoven\u2019 so-called 10th Symphony and its so-called first performance in Bonn in October 2021 \u2013 is there anything from Beethoven himself? Artificial intelligence versus human ingenuity<\/p>\n<p style=\"text-align: justify;\">12.00 \u2013 12.30 Break<\/p>\n<p style=\"text-align: justify;\"><strong>12.30 \u2013 14.30<\/strong><\/p>\n<p style=\"text-align: justify;\"><strong>Renata Skupin<\/strong> (THE STANIS\u0141AW MONIUSZKO ACADEMY OF MUSIC IN GDA\u0143SK)<br \/>\nTurcisisms in Beethoven\u2019s 9th Symphony: troubling exoticness and unconsummated symbols<\/p>\n<p style=\"text-align: justify;\"><strong>Helmut Loos<\/strong> (UNIVERSIT\u00c4T LEIPZIG)<br \/>\nThe somewhat different Beethoven image of Ludwig Bischoff and his Rheinische and Niederrheinische Musik-Zeitung<\/p>\n<p style=\"text-align: justify;\"><strong>Susana Zapke<\/strong> (MUSIK UND KUNST PRIVATUNIVERSIT\u00c4T DER STADT WIEN)<br \/>\nBeethoven in visual culture: the sinfonie as imaginarium<\/p>\n<p style=\"text-align: justify;\"><strong>Ewa Schreiber<\/strong> (ADAM MICKIEWICZ UNIVERSITY IN POZNA\u0143)<br \/>\nChildish speech of the orchestra. On Speakings (2007-2008) by Jonathan Harvey<\/p>\n<h6 style=\"text-align: justify;\">Tuesday, April 5, 2022<\/h6>\n<p style=\"text-align: justify;\"><strong>10.00 \u2013 12.00<\/strong><\/p>\n<p style=\"text-align: justify;\"><strong>Daniel Golianek<\/strong> (ADAM MICKIEWICZ UNIVERSITY IN POZNA\u0143)<br \/>\nMehr Ausdruck der Empfindung als Malerei? The Pastoral Symphonies of Beethoven,<br \/>\nBerlioz, and Mahler<\/p>\n<p style=\"text-align: justify;\"><strong>Ma\u0142gorzata Grajter<\/strong> (THE GRA\u017bYNA AND KIEJSTUT BACEWICZOWIE ACADEMY OF MUSIC IN \u0141\u00d3D\u0179)<br \/>\nTone painting in different colours: representations of nature in piano and chamber<br \/>\narrangements of Beethoven&#8217;s Pastoral Symphony.<\/p>\n<p style=\"text-align: justify;\"><strong>Michael Heinemann<\/strong> (HOCHSCHULE F\u00dcR MUSIK CARL MARIA VON WEBER DRESDEN)<br \/>\nNature sounds. Beethoven\u2019s Pastorale and New Music<\/p>\n<p style=\"text-align: justify;\"><strong>Marta Szoka<\/strong> (THE GRA\u017bYNA AND KIEJSTUT BACEWICZOWIE ACADEMY OF MUSIC IN \u0141\u00d3D\u0179)<br \/>\n\u201cSymphonic\u201d organ music \u2013 a metaphor or a separate style?<\/p>\n<p style=\"text-align: justify;\">12.00 \u2013 12.30\u00a0 P r z e r w a<\/p>\n<p style=\"text-align: justify;\"><strong>12.30 \u2013 15. 00<\/strong><\/p>\n<p style=\"text-align: justify;\"><strong>Teresa Malecka<\/strong> (THE KRZYSZTOF PENDERECKI ACADEMY OF MUSIC IN KRAK\u00d3W)<br \/>\n\u201cTraditions may come and go. Beethoven will remain.\u201d G\u00f3recki\u2019s journey to Symphony<br \/>\nNo. 4 \u201cTansman Episodes&#8221;<\/p>\n<p style=\"text-align: justify;\"><strong>Agnieszka Draus<\/strong> (THE KRZYSZTOF PENDERECKI ACADEMY OF MUSIC IN KRAK\u00d3W)<br \/>\nSymphonic Music I and II, Plenitudo temporis and Ich und Du \u2013 the periphery of symphonism in J\u00f3zef Rychlik\u2019s oeuvre<\/p>\n<p style=\"text-align: justify;\"><strong>Katarzyna Szyma\u0144ska-Stu\u0142ka<\/strong> (CHOPIN UNIVERSITY OF MUSIC)<br \/>\nSymphonic portrait of a \u2018disappeared\u2019 \u2013 Ignacy Zalewski. Symphony no 2 dedicated to the Memory of Dominik Po\u0142o\u0144ski<\/p>\n<p style=\"text-align: justify;\"><strong>FINAL DISCUSSION<\/strong><\/p>\n<p><\/p>","protected":false},"excerpt":{"rendered":"<p>Music Theory and Interpretation Department of Academy of Music in Krak\u00f3w invites to participate in 25th International Symposium &#8220;Beethoven \u2013 father of great symphonism&#8221;, which is a part of the&hellip; <a href=\"https:\/\/www.amuz.krakow.pl\/en\/wydzialy\/wydzial-i-tworczosci-interpretacji-i-edukacji-muzycznej\/katedra-teorii-i-interpretacji-dziela-muzycznego\/aktualnosci\/xxv-miedzynarodowe-sympozjum-beethoven-ojciec-wielkiego-symfonizmu\/\">Continue reading<\/a><\/p>\n","protected":false},"author":72,"featured_media":0,"parent":43871,"menu_order":-1,"comment_status":"closed","ping_status":"closed","template":"","meta":{"footnotes":"","_links_to":"","_links_to_target":""},"class_list":["post-59281","page","type-page","status-publish","hentry"],"yoast_head":"<!-- This site is optimized with the Yoast SEO plugin v27.2 - https:\/\/yoast.com\/product\/yoast-seo-wordpress\/ -->\n<title>AMKP - Akademia Muzyczna im. Krzysztofa Pendereckiego w Krakowie<\/title>\n<meta name=\"robots\" content=\"index, follow, max-snippet:-1, max-image-preview:large, max-video-preview:-1\" \/>\n<link rel=\"canonical\" href=\"https:\/\/www.amuz.krakow.pl\/wydzialy\/wydzial-i-tworczosci-interpretacji-i-edukacji-muzycznej\/katedra-teorii-i-interpretacji-dziela-muzycznego\/aktualnosci\/xxv-miedzynarodowe-sympozjum-beethoven-ojciec-wielkiego-symfonizmu\/\" \/>\n<meta property=\"og:locale\" content=\"en_US\" \/>\n<meta property=\"og:type\" content=\"article\" \/>\n<meta property=\"og:title\" content=\"AMKP - Akademia Muzyczna im. Krzysztofa Pendereckiego w Krakowie\" \/>\n<meta property=\"og:description\" content=\"Music Theory and Interpretation Department of Academy of Music in Krak\u00f3w invites to participate in 25th International Symposium &#8220;Beethoven \u2013 father of great symphonism&#8221;, which is a part of the&hellip; Continue reading\" \/>\n<meta property=\"og:url\" content=\"https:\/\/www.amuz.krakow.pl\/wydzialy\/wydzial-i-tworczosci-interpretacji-i-edukacji-muzycznej\/katedra-teorii-i-interpretacji-dziela-muzycznego\/aktualnosci\/xxv-miedzynarodowe-sympozjum-beethoven-ojciec-wielkiego-symfonizmu\/\" \/>\n<meta property=\"og:site_name\" content=\"Akademia Muzyczna im. Krzysztofa Pendereckiego w Krakowie\" \/>\n<meta property=\"article:publisher\" content=\"https:\/\/www.facebook.com\/amuz.krakow\" \/>\n<meta property=\"article:modified_time\" content=\"2022-04-11T11:58:19+00:00\" \/>\n<meta property=\"og:image\" content=\"https:\/\/www.amuz.krakow.pl\/wp-content\/uploads\/2021\/11\/amkp.jpg\" \/>\n\t<meta property=\"og:image:width\" content=\"1193\" \/>\n\t<meta property=\"og:image:height\" content=\"591\" \/>\n\t<meta property=\"og:image:type\" content=\"image\/jpeg\" \/>\n<meta name=\"twitter:card\" content=\"summary_large_image\" \/>\n<meta name=\"twitter:label1\" content=\"Est. reading time\" \/>\n\t<meta name=\"twitter:data1\" content=\"3 minutes\" \/>\n<script type=\"application\/ld+json\" class=\"yoast-schema-graph\">{\"@context\":\"https:\/\/schema.org\",\"@graph\":[{\"@type\":\"WebPage\",\"@id\":\"https:\/\/www.amuz.krakow.pl\/wydzialy\/wydzial-i-tworczosci-interpretacji-i-edukacji-muzycznej\/katedra-teorii-i-interpretacji-dziela-muzycznego\/aktualnosci\/xxv-miedzynarodowe-sympozjum-beethoven-ojciec-wielkiego-symfonizmu\/\",\"url\":\"https:\/\/www.amuz.krakow.pl\/wydzialy\/wydzial-i-tworczosci-interpretacji-i-edukacji-muzycznej\/katedra-teorii-i-interpretacji-dziela-muzycznego\/aktualnosci\/xxv-miedzynarodowe-sympozjum-beethoven-ojciec-wielkiego-symfonizmu\/\",\"name\":\"AMKP - Akademia Muzyczna im. Krzysztofa Pendereckiego w Krakowie\",\"isPartOf\":{\"@id\":\"https:\/\/www.amuz.krakow.pl\/#website\"},\"datePublished\":\"2022-03-30T10:59:25+00:00\",\"dateModified\":\"2022-04-11T11:58:19+00:00\",\"breadcrumb\":{\"@id\":\"https:\/\/www.amuz.krakow.pl\/wydzialy\/wydzial-i-tworczosci-interpretacji-i-edukacji-muzycznej\/katedra-teorii-i-interpretacji-dziela-muzycznego\/aktualnosci\/xxv-miedzynarodowe-sympozjum-beethoven-ojciec-wielkiego-symfonizmu\/#breadcrumb\"},\"inLanguage\":\"en-US\",\"potentialAction\":[{\"@type\":\"ReadAction\",\"target\":[\"https:\/\/www.amuz.krakow.pl\/wydzialy\/wydzial-i-tworczosci-interpretacji-i-edukacji-muzycznej\/katedra-teorii-i-interpretacji-dziela-muzycznego\/aktualnosci\/xxv-miedzynarodowe-sympozjum-beethoven-ojciec-wielkiego-symfonizmu\/\"]}]},{\"@type\":\"BreadcrumbList\",\"@id\":\"https:\/\/www.amuz.krakow.pl\/wydzialy\/wydzial-i-tworczosci-interpretacji-i-edukacji-muzycznej\/katedra-teorii-i-interpretacji-dziela-muzycznego\/aktualnosci\/xxv-miedzynarodowe-sympozjum-beethoven-ojciec-wielkiego-symfonizmu\/#breadcrumb\",\"itemListElement\":[{\"@type\":\"ListItem\",\"position\":1,\"name\":\"Strona g\u0142\u00f3wna\",\"item\":\"https:\/\/www.amuz.krakow.pl\/\"},{\"@type\":\"ListItem\",\"position\":2,\"name\":\"WYDZIA\u0141Y\",\"item\":\"https:\/\/www.amuz.krakow.pl\/wydzialy\/\"},{\"@type\":\"ListItem\",\"position\":3,\"name\":\"Wydzia\u0142 Tw\u00f3rczo\u015bci, Interpretacji i Edukacji Muzycznej\",\"item\":\"https:\/\/www.amuz.krakow.pl\/wydzialy\/wydzial-i-tworczosci-interpretacji-i-edukacji-muzycznej\/\"},{\"@type\":\"ListItem\",\"position\":4,\"name\":\"Katedra Teorii i Interpretacji Dzie\u0142a Muzycznego\",\"item\":\"https:\/\/www.amuz.krakow.pl\/wydzialy\/wydzial-i-tworczosci-interpretacji-i-edukacji-muzycznej\/katedra-teorii-i-interpretacji-dziela-muzycznego\/\"},{\"@type\":\"ListItem\",\"position\":5,\"name\":\"Archiwum wydarze\u0144 2022\/2023\",\"item\":\"https:\/\/www.amuz.krakow.pl\/wydzialy\/wydzial-i-tworczosci-interpretacji-i-edukacji-muzycznej\/katedra-teorii-i-interpretacji-dziela-muzycznego\/aktualnosci\/\"},{\"@type\":\"ListItem\",\"position\":6,\"name\":\"XXV Mi\u0119dzynarodowe Sympozjum &#8220;Beethoven \u2013 ojciec wielkiego symfonizmu&#8221;, 4-5.04.2022\"}]},{\"@type\":\"WebSite\",\"@id\":\"https:\/\/www.amuz.krakow.pl\/#website\",\"url\":\"https:\/\/www.amuz.krakow.pl\/\",\"name\":\"Akademia Muzyczna im. Krzysztofa Pendereckiego w Krakowie\",\"description\":\"Oficjalna strona Akademii Muzycznej im. Krzysztofa Pendereckiego w Krakowie (AMKP).\",\"publisher\":{\"@id\":\"https:\/\/www.amuz.krakow.pl\/#organization\"},\"alternateName\":\"AMKP\",\"potentialAction\":[{\"@type\":\"SearchAction\",\"target\":{\"@type\":\"EntryPoint\",\"urlTemplate\":\"https:\/\/www.amuz.krakow.pl\/?s={search_term_string}\"},\"query-input\":{\"@type\":\"PropertyValueSpecification\",\"valueRequired\":true,\"valueName\":\"search_term_string\"}}],\"inLanguage\":\"en-US\"},{\"@type\":\"Organization\",\"@id\":\"https:\/\/www.amuz.krakow.pl\/#organization\",\"name\":\"Akademia Muzyczna im. Krzysztofa Pendereckiego w Krakowie\",\"alternateName\":\"AMKP\",\"url\":\"https:\/\/www.amuz.krakow.pl\/\",\"logo\":{\"@type\":\"ImageObject\",\"inLanguage\":\"en-US\",\"@id\":\"https:\/\/www.amuz.krakow.pl\/#\/schema\/logo\/image\/\",\"url\":\"https:\/\/www.amuz.krakow.pl\/wp-content\/uploads\/2021\/11\/amkp.jpg\",\"contentUrl\":\"https:\/\/www.amuz.krakow.pl\/wp-content\/uploads\/2021\/11\/amkp.jpg\",\"width\":1193,\"height\":591,\"caption\":\"Akademia Muzyczna im. Krzysztofa Pendereckiego w Krakowie\"},\"image\":{\"@id\":\"https:\/\/www.amuz.krakow.pl\/#\/schema\/logo\/image\/\"},\"sameAs\":[\"https:\/\/www.facebook.com\/amuz.krakow\",\"https:\/\/www.instagram.com\/amkpenderecki\/\",\"https:\/\/www.youtube.com\/@amkpenderecki4806\"]}]}<\/script>\n<!-- \/ Yoast SEO plugin. -->","yoast_head_json":{"title":"AMKP - Akademia Muzyczna im. Krzysztofa Pendereckiego w Krakowie","robots":{"index":"index","follow":"follow","max-snippet":"max-snippet:-1","max-image-preview":"max-image-preview:large","max-video-preview":"max-video-preview:-1"},"canonical":"https:\/\/www.amuz.krakow.pl\/wydzialy\/wydzial-i-tworczosci-interpretacji-i-edukacji-muzycznej\/katedra-teorii-i-interpretacji-dziela-muzycznego\/aktualnosci\/xxv-miedzynarodowe-sympozjum-beethoven-ojciec-wielkiego-symfonizmu\/","og_locale":"en_US","og_type":"article","og_title":"AMKP - Akademia Muzyczna im. Krzysztofa Pendereckiego w Krakowie","og_description":"Music Theory and Interpretation Department of Academy of Music in Krak\u00f3w invites to participate in 25th International Symposium &#8220;Beethoven \u2013 father of great symphonism&#8221;, which is a part of the&hellip; Continue reading","og_url":"https:\/\/www.amuz.krakow.pl\/wydzialy\/wydzial-i-tworczosci-interpretacji-i-edukacji-muzycznej\/katedra-teorii-i-interpretacji-dziela-muzycznego\/aktualnosci\/xxv-miedzynarodowe-sympozjum-beethoven-ojciec-wielkiego-symfonizmu\/","og_site_name":"Akademia Muzyczna im. Krzysztofa Pendereckiego w Krakowie","article_publisher":"https:\/\/www.facebook.com\/amuz.krakow","article_modified_time":"2022-04-11T11:58:19+00:00","og_image":[{"width":1193,"height":591,"url":"https:\/\/www.amuz.krakow.pl\/wp-content\/uploads\/2021\/11\/amkp.jpg","type":"image\/jpeg"}],"twitter_card":"summary_large_image","twitter_misc":{"Est. reading time":"3 minutes"},"schema":{"@context":"https:\/\/schema.org","@graph":[{"@type":"WebPage","@id":"https:\/\/www.amuz.krakow.pl\/wydzialy\/wydzial-i-tworczosci-interpretacji-i-edukacji-muzycznej\/katedra-teorii-i-interpretacji-dziela-muzycznego\/aktualnosci\/xxv-miedzynarodowe-sympozjum-beethoven-ojciec-wielkiego-symfonizmu\/","url":"https:\/\/www.amuz.krakow.pl\/wydzialy\/wydzial-i-tworczosci-interpretacji-i-edukacji-muzycznej\/katedra-teorii-i-interpretacji-dziela-muzycznego\/aktualnosci\/xxv-miedzynarodowe-sympozjum-beethoven-ojciec-wielkiego-symfonizmu\/","name":"AMKP - Akademia Muzyczna im. Krzysztofa Pendereckiego w Krakowie","isPartOf":{"@id":"https:\/\/www.amuz.krakow.pl\/#website"},"datePublished":"2022-03-30T10:59:25+00:00","dateModified":"2022-04-11T11:58:19+00:00","breadcrumb":{"@id":"https:\/\/www.amuz.krakow.pl\/wydzialy\/wydzial-i-tworczosci-interpretacji-i-edukacji-muzycznej\/katedra-teorii-i-interpretacji-dziela-muzycznego\/aktualnosci\/xxv-miedzynarodowe-sympozjum-beethoven-ojciec-wielkiego-symfonizmu\/#breadcrumb"},"inLanguage":"en-US","potentialAction":[{"@type":"ReadAction","target":["https:\/\/www.amuz.krakow.pl\/wydzialy\/wydzial-i-tworczosci-interpretacji-i-edukacji-muzycznej\/katedra-teorii-i-interpretacji-dziela-muzycznego\/aktualnosci\/xxv-miedzynarodowe-sympozjum-beethoven-ojciec-wielkiego-symfonizmu\/"]}]},{"@type":"BreadcrumbList","@id":"https:\/\/www.amuz.krakow.pl\/wydzialy\/wydzial-i-tworczosci-interpretacji-i-edukacji-muzycznej\/katedra-teorii-i-interpretacji-dziela-muzycznego\/aktualnosci\/xxv-miedzynarodowe-sympozjum-beethoven-ojciec-wielkiego-symfonizmu\/#breadcrumb","itemListElement":[{"@type":"ListItem","position":1,"name":"Strona g\u0142\u00f3wna","item":"https:\/\/www.amuz.krakow.pl\/"},{"@type":"ListItem","position":2,"name":"WYDZIA\u0141Y","item":"https:\/\/www.amuz.krakow.pl\/wydzialy\/"},{"@type":"ListItem","position":3,"name":"Wydzia\u0142 Tw\u00f3rczo\u015bci, Interpretacji i Edukacji Muzycznej","item":"https:\/\/www.amuz.krakow.pl\/wydzialy\/wydzial-i-tworczosci-interpretacji-i-edukacji-muzycznej\/"},{"@type":"ListItem","position":4,"name":"Katedra Teorii i Interpretacji Dzie\u0142a Muzycznego","item":"https:\/\/www.amuz.krakow.pl\/wydzialy\/wydzial-i-tworczosci-interpretacji-i-edukacji-muzycznej\/katedra-teorii-i-interpretacji-dziela-muzycznego\/"},{"@type":"ListItem","position":5,"name":"Archiwum wydarze\u0144 2022\/2023","item":"https:\/\/www.amuz.krakow.pl\/wydzialy\/wydzial-i-tworczosci-interpretacji-i-edukacji-muzycznej\/katedra-teorii-i-interpretacji-dziela-muzycznego\/aktualnosci\/"},{"@type":"ListItem","position":6,"name":"XXV Mi\u0119dzynarodowe Sympozjum &#8220;Beethoven \u2013 ojciec wielkiego symfonizmu&#8221;, 4-5.04.2022"}]},{"@type":"WebSite","@id":"https:\/\/www.amuz.krakow.pl\/#website","url":"https:\/\/www.amuz.krakow.pl\/","name":"Akademia Muzyczna im. Krzysztofa Pendereckiego w Krakowie","description":"Oficjalna strona Akademii Muzycznej im. Krzysztofa Pendereckiego w Krakowie (AMKP).","publisher":{"@id":"https:\/\/www.amuz.krakow.pl\/#organization"},"alternateName":"AMKP","potentialAction":[{"@type":"SearchAction","target":{"@type":"EntryPoint","urlTemplate":"https:\/\/www.amuz.krakow.pl\/?s={search_term_string}"},"query-input":{"@type":"PropertyValueSpecification","valueRequired":true,"valueName":"search_term_string"}}],"inLanguage":"en-US"},{"@type":"Organization","@id":"https:\/\/www.amuz.krakow.pl\/#organization","name":"Akademia Muzyczna im. Krzysztofa Pendereckiego w Krakowie","alternateName":"AMKP","url":"https:\/\/www.amuz.krakow.pl\/","logo":{"@type":"ImageObject","inLanguage":"en-US","@id":"https:\/\/www.amuz.krakow.pl\/#\/schema\/logo\/image\/","url":"https:\/\/www.amuz.krakow.pl\/wp-content\/uploads\/2021\/11\/amkp.jpg","contentUrl":"https:\/\/www.amuz.krakow.pl\/wp-content\/uploads\/2021\/11\/amkp.jpg","width":1193,"height":591,"caption":"Akademia Muzyczna im. Krzysztofa Pendereckiego w Krakowie"},"image":{"@id":"https:\/\/www.amuz.krakow.pl\/#\/schema\/logo\/image\/"},"sameAs":["https:\/\/www.facebook.com\/amuz.krakow","https:\/\/www.instagram.com\/amkpenderecki\/","https:\/\/www.youtube.com\/@amkpenderecki4806"]}]}},"_links":{"self":[{"href":"https:\/\/www.amuz.krakow.pl\/en\/wp-json\/wp\/v2\/pages\/59281","targetHints":{"allow":["GET"]}}],"collection":[{"href":"https:\/\/www.amuz.krakow.pl\/en\/wp-json\/wp\/v2\/pages"}],"about":[{"href":"https:\/\/www.amuz.krakow.pl\/en\/wp-json\/wp\/v2\/types\/page"}],"author":[{"embeddable":true,"href":"https:\/\/www.amuz.krakow.pl\/en\/wp-json\/wp\/v2\/users\/72"}],"replies":[{"embeddable":true,"href":"https:\/\/www.amuz.krakow.pl\/en\/wp-json\/wp\/v2\/comments?post=59281"}],"version-history":[{"count":11,"href":"https:\/\/www.amuz.krakow.pl\/en\/wp-json\/wp\/v2\/pages\/59281\/revisions"}],"predecessor-version":[{"id":60060,"href":"https:\/\/www.amuz.krakow.pl\/en\/wp-json\/wp\/v2\/pages\/59281\/revisions\/60060"}],"up":[{"embeddable":true,"href":"https:\/\/www.amuz.krakow.pl\/en\/wp-json\/wp\/v2\/pages\/43871"}],"wp:attachment":[{"href":"https:\/\/www.amuz.krakow.pl\/en\/wp-json\/wp\/v2\/media?parent=59281"}],"curies":[{"name":"wp","href":"https:\/\/api.w.org\/{rel}","templated":true}]}}