{"id":590,"date":"2015-12-15T23:36:34","date_gmt":"2015-12-15T22:36:34","guid":{"rendered":"http:\/\/strony.amuz.krakow.pl\/?page_id=590"},"modified":"2017-02-05T22:34:41","modified_gmt":"2017-02-05T21:34:41","slug":"krystyna-moszumanska-nazar-1987-1993","status":"publish","type":"page","link":"https:\/\/www.amuz.krakow.pl\/en\/o-nas\/poczet-rektorow\/rektorzy-akademii-muzycznej\/krystyna-moszumanska-nazar-1987-1993\/","title":{"rendered":"Krystyna Moszuma\u0144ska-Nazar 1987-1993"},"content":{"rendered":"<p><\/p>\n<p style=\"text-align: justify;\"><strong><a href=\"https:\/\/www.amuz.krakow.pl\/wp-content\/uploads\/2015\/12\/12.-Krystyna-MOSZUMA\u0143SKA-NAZAR-1987-1993.jpg\"><img loading=\"lazy\" decoding=\"async\" class=\"alignleft wp-image-591 size-full\" src=\"https:\/\/www.amuz.krakow.pl\/wp-content\/uploads\/2015\/12\/12.-Krystyna-MOSZUMA\u0143SKA-NAZAR-1987-1993.jpg\" alt=\"Krystyna MOSZUMA\u0143SKA-NAZAR (1987-1993)\" width=\"126\" height=\"198\" \/><\/a>b Lvov 5 September 1924 d Krak\u00f3w 27 November 2008<\/strong><\/p>\n<p style=\"text-align: justify;\">Rector of the AM (1987-93)<br \/>\nComposer and teacher<br \/>\nDoctor Honoris Causa of the Academy of Music in Krak\u00f3w<\/p>\n<p style=\"text-align: justify;\">In the years 1950-55 she studied at the PWSM in Krak\u00f3w in the class of composition of Stanis\u0142aw Wiechowicz, she also studied piano with Jan Hoffman. Among the works of Prof. Moszuma\u0144ska-Nazar the most outstanding are: her orchestral works \u2013 <i>Hexaedre<\/i>1960; <i>Music for Strings<\/i> 1962; <i>Exodus<\/i> for symphonic orchestra and tape 1964; <i>Variazioni concertanti<\/i> for flute and chamber orchestra 1966; <i>Pour orchestre<\/i> 1969; <i>Rhapsody I<\/i> 1975;<i>Rhapsody II<\/i> 1980; <i>Sinfonietta<\/i> for string orchestra 1983; <i>Concerto for Orchestra <\/i>1986;<i>Frecos cycle<\/i> (<i>I<\/i> 1988; <i>II<\/i> 1991; <i>III<\/i> 1991; <i>IV \u201eLwow\u201d<\/i> 1997); <i>Concerto for Percussion and Orchestra <\/i>1998; <i>Violin Concerto<\/i> 2000. Her chamber works cover 3 string quartets (No.1 1974, No.2 1980, No.3 1995); works for various instrumental ensembles and solo instruments including solo percussion. Other works of Krystyna Moszuma\u0144ska-Nazar are<i>Intonations<\/i> for two mixed choirs and orchestra 1968; <i>Bel canto<\/i> for soprano, celesta and percussion 1972; <i>Polish Madonnas<\/i> for mixed choir and orchestra 1974; <i>Confession<\/i> for baritone and chamber orchestra 1977; <i>Song of Songs<\/i> for soprano, reciting voice, men\u2019s choir and chamber orchestra 1984 and <i>Pater Noster<\/i> for men\u2019s choir and organ 1997. As a\u00a0composition teacher, she educated a\u00a0circle of significant composers such as Magdalena D\u0142ugosz, Aleksandra Gryka, Marzena Korzeniowska, Jerzy Kluzowicz, Micha\u0142 Kluzowicz, Adrian Konarski, Anna Mikulska, Anna Zawadzka-Go\u0142osz.<\/p>\n<p style=\"text-align: justify;\">Krystyna Moszuma\u0144ska-Nazar held the post of Rector in a\u00a0difficult period of political transformation, during which the Academy of Music gained a\u00a0new location on Tomasza Street 43, the Department of Interpretation of Contemporary Music was created (1991), annual cycle of Early Music Performance Courses led by Dutch specialists in 17th and 18th century music from the Amsterdam Conservatory were initiated (1991). The time was also a\u00a0period of preparation and introduction of significant modernizations of syllabi.<\/p>\n<p style=\"text-align: justify;\">In recognition of her entire oeuvre as well as of her diverse cultural activity Krystyna Moszuma\u0144ska-Nazar hsa been honoured with: the Prize of the Minister of Culture and Art (five times), the City of Krak\u00f3w Prize, Golden Cross of Merit, the Prime Minister\u2019s Award (for works for children and youth), Cavalier\u2019s Cross of the Order of Polonia Restituta, the Award of the Polish Composers\u2019 Union, the Award of Merit for National Culture, Officer\u2019s Cross of the Order of Polonia Restituta. On the occasion of her 75th birthday and 45th anniversary of artistic work she was honoured with Commander\u2019s Cross of the Order of Polonia Restituta, with the Honorary Prize of Polish Culture Foundation in Krak\u00f3w and with the Medaille de l\u2019Officier de l\u2019ordre des Arts et des Lettres.<\/p>\n<p style=\"text-align: justify;\">Maciej Jab\u0142o\u0144ski<\/p>\n<p><\/p>","protected":false},"excerpt":{"rendered":"<p>b Lvov 5 September 1924 d Krak\u00f3w 27 November 2008 Rector of the AM (1987-93) Composer and teacher Doctor Honoris Causa of the Academy of Music in Krak\u00f3w In the&hellip; <a href=\"https:\/\/www.amuz.krakow.pl\/en\/o-nas\/poczet-rektorow\/rektorzy-akademii-muzycznej\/krystyna-moszumanska-nazar-1987-1993\/\">Continue reading<\/a><\/p>\n","protected":false},"author":72,"featured_media":0,"parent":478,"menu_order":12,"comment_status":"closed","ping_status":"closed","template":"","meta":{"footnotes":"","_links_to":"","_links_to_target":""},"class_list":["post-590","page","type-page","status-publish","hentry"],"yoast_head":"<!-- This site is optimized with the Yoast SEO plugin v27.4 - https:\/\/yoast.com\/product\/yoast-seo-wordpress\/ -->\n<title>AMKP - Akademia Muzyczna im. Krzysztofa Pendereckiego w Krakowie<\/title>\n<meta name=\"robots\" content=\"index, follow, max-snippet:-1, max-image-preview:large, max-video-preview:-1\" \/>\n<link rel=\"canonical\" href=\"https:\/\/www.amuz.krakow.pl\/o-nas\/poczet-rektorow\/rektorzy-akademii-muzycznej\/krystyna-moszumanska-nazar-1987-1993\/\" \/>\n<meta property=\"og:locale\" content=\"en_US\" \/>\n<meta property=\"og:type\" content=\"article\" \/>\n<meta property=\"og:title\" content=\"AMKP - Akademia Muzyczna im. Krzysztofa Pendereckiego w Krakowie\" \/>\n<meta property=\"og:description\" content=\"b Lvov 5 September 1924 d Krak\u00f3w 27 November 2008 Rector of the AM (1987-93) Composer and teacher Doctor Honoris Causa of the Academy of Music in Krak\u00f3w In the&hellip; Continue reading\" \/>\n<meta property=\"og:url\" content=\"https:\/\/www.amuz.krakow.pl\/o-nas\/poczet-rektorow\/rektorzy-akademii-muzycznej\/krystyna-moszumanska-nazar-1987-1993\/\" \/>\n<meta property=\"og:site_name\" content=\"Akademia Muzyczna im. Krzysztofa Pendereckiego w Krakowie\" \/>\n<meta property=\"article:publisher\" content=\"https:\/\/www.facebook.com\/amuz.krakow\" \/>\n<meta property=\"article:modified_time\" content=\"2017-02-05T21:34:41+00:00\" \/>\n<meta property=\"og:image\" content=\"https:\/\/www.amuz.krakow.pl\/wp-content\/uploads\/2021\/11\/amkp.jpg\" \/>\n\t<meta property=\"og:image:width\" content=\"1193\" \/>\n\t<meta property=\"og:image:height\" content=\"591\" \/>\n\t<meta property=\"og:image:type\" content=\"image\/jpeg\" \/>\n<meta name=\"twitter:card\" content=\"summary_large_image\" \/>\n<meta name=\"twitter:label1\" content=\"Est. reading time\" \/>\n\t<meta name=\"twitter:data1\" content=\"4 minutes\" \/>\n<script type=\"application\/ld+json\" class=\"yoast-schema-graph\">{\"@context\":\"https:\\\/\\\/schema.org\",\"@graph\":[{\"@type\":\"WebPage\",\"@id\":\"https:\\\/\\\/www.amuz.krakow.pl\\\/o-nas\\\/poczet-rektorow\\\/rektorzy-akademii-muzycznej\\\/krystyna-moszumanska-nazar-1987-1993\\\/\",\"url\":\"https:\\\/\\\/www.amuz.krakow.pl\\\/o-nas\\\/poczet-rektorow\\\/rektorzy-akademii-muzycznej\\\/krystyna-moszumanska-nazar-1987-1993\\\/\",\"name\":\"AMKP - Akademia Muzyczna im. Krzysztofa Pendereckiego w Krakowie\",\"isPartOf\":{\"@id\":\"https:\\\/\\\/www.amuz.krakow.pl\\\/#website\"},\"datePublished\":\"2015-12-15T22:36:34+00:00\",\"dateModified\":\"2017-02-05T21:34:41+00:00\",\"breadcrumb\":{\"@id\":\"https:\\\/\\\/www.amuz.krakow.pl\\\/o-nas\\\/poczet-rektorow\\\/rektorzy-akademii-muzycznej\\\/krystyna-moszumanska-nazar-1987-1993\\\/#breadcrumb\"},\"inLanguage\":\"en-US\",\"potentialAction\":[{\"@type\":\"ReadAction\",\"target\":[\"https:\\\/\\\/www.amuz.krakow.pl\\\/o-nas\\\/poczet-rektorow\\\/rektorzy-akademii-muzycznej\\\/krystyna-moszumanska-nazar-1987-1993\\\/\"]}]},{\"@type\":\"BreadcrumbList\",\"@id\":\"https:\\\/\\\/www.amuz.krakow.pl\\\/o-nas\\\/poczet-rektorow\\\/rektorzy-akademii-muzycznej\\\/krystyna-moszumanska-nazar-1987-1993\\\/#breadcrumb\",\"itemListElement\":[{\"@type\":\"ListItem\",\"position\":1,\"name\":\"Strona g\u0142\u00f3wna\",\"item\":\"https:\\\/\\\/www.amuz.krakow.pl\\\/\"},{\"@type\":\"ListItem\",\"position\":2,\"name\":\"O&nbsp;nas\",\"item\":\"https:\\\/\\\/www.amuz.krakow.pl\\\/o-nas\\\/\"},{\"@type\":\"ListItem\",\"position\":3,\"name\":\"Poczet Rektor\u00f3w\",\"item\":\"https:\\\/\\\/www.amuz.krakow.pl\\\/o-nas\\\/poczet-rektorow\\\/\"},{\"@type\":\"ListItem\",\"position\":4,\"name\":\"Rektorzy Akademii Muzycznej im. Krzysztofa Pendereckiego\",\"item\":\"https:\\\/\\\/www.amuz.krakow.pl\\\/o-nas\\\/poczet-rektorow\\\/rektorzy-akademii-muzycznej\\\/mariusz-sielski-2024\\\/\"},{\"@type\":\"ListItem\",\"position\":5,\"name\":\"Krystyna Moszuma\u0144ska-Nazar 1987-1993\"}]},{\"@type\":\"WebSite\",\"@id\":\"https:\\\/\\\/www.amuz.krakow.pl\\\/#website\",\"url\":\"https:\\\/\\\/www.amuz.krakow.pl\\\/\",\"name\":\"Akademia Muzyczna im. Krzysztofa Pendereckiego w Krakowie\",\"description\":\"Oficjalna strona Akademii Muzycznej im. Krzysztofa Pendereckiego w Krakowie (AMKP).\",\"publisher\":{\"@id\":\"https:\\\/\\\/www.amuz.krakow.pl\\\/#organization\"},\"alternateName\":\"AMKP\",\"potentialAction\":[{\"@type\":\"SearchAction\",\"target\":{\"@type\":\"EntryPoint\",\"urlTemplate\":\"https:\\\/\\\/www.amuz.krakow.pl\\\/?s={search_term_string}\"},\"query-input\":{\"@type\":\"PropertyValueSpecification\",\"valueRequired\":true,\"valueName\":\"search_term_string\"}}],\"inLanguage\":\"en-US\"},{\"@type\":\"Organization\",\"@id\":\"https:\\\/\\\/www.amuz.krakow.pl\\\/#organization\",\"name\":\"Akademia Muzyczna im. Krzysztofa Pendereckiego w Krakowie\",\"alternateName\":\"AMKP\",\"url\":\"https:\\\/\\\/www.amuz.krakow.pl\\\/\",\"logo\":{\"@type\":\"ImageObject\",\"inLanguage\":\"en-US\",\"@id\":\"https:\\\/\\\/www.amuz.krakow.pl\\\/#\\\/schema\\\/logo\\\/image\\\/\",\"url\":\"https:\\\/\\\/www.amuz.krakow.pl\\\/wp-content\\\/uploads\\\/2021\\\/11\\\/amkp.jpg\",\"contentUrl\":\"https:\\\/\\\/www.amuz.krakow.pl\\\/wp-content\\\/uploads\\\/2021\\\/11\\\/amkp.jpg\",\"width\":1193,\"height\":591,\"caption\":\"Akademia Muzyczna im. Krzysztofa Pendereckiego w Krakowie\"},\"image\":{\"@id\":\"https:\\\/\\\/www.amuz.krakow.pl\\\/#\\\/schema\\\/logo\\\/image\\\/\"},\"sameAs\":[\"https:\\\/\\\/www.facebook.com\\\/amuz.krakow\",\"https:\\\/\\\/www.instagram.com\\\/amkpenderecki\\\/\",\"https:\\\/\\\/www.youtube.com\\\/@amkpenderecki4806\"]}]}<\/script>\n<!-- \/ Yoast SEO plugin. -->","yoast_head_json":{"title":"AMKP - Akademia Muzyczna im. Krzysztofa Pendereckiego w Krakowie","robots":{"index":"index","follow":"follow","max-snippet":"max-snippet:-1","max-image-preview":"max-image-preview:large","max-video-preview":"max-video-preview:-1"},"canonical":"https:\/\/www.amuz.krakow.pl\/o-nas\/poczet-rektorow\/rektorzy-akademii-muzycznej\/krystyna-moszumanska-nazar-1987-1993\/","og_locale":"en_US","og_type":"article","og_title":"AMKP - Akademia Muzyczna im. Krzysztofa Pendereckiego w Krakowie","og_description":"b Lvov 5 September 1924 d Krak\u00f3w 27 November 2008 Rector of the AM (1987-93) Composer and teacher Doctor Honoris Causa of the Academy of Music in Krak\u00f3w In the&hellip; Continue reading","og_url":"https:\/\/www.amuz.krakow.pl\/o-nas\/poczet-rektorow\/rektorzy-akademii-muzycznej\/krystyna-moszumanska-nazar-1987-1993\/","og_site_name":"Akademia Muzyczna im. Krzysztofa Pendereckiego w Krakowie","article_publisher":"https:\/\/www.facebook.com\/amuz.krakow","article_modified_time":"2017-02-05T21:34:41+00:00","og_image":[{"width":1193,"height":591,"url":"https:\/\/www.amuz.krakow.pl\/wp-content\/uploads\/2021\/11\/amkp.jpg","type":"image\/jpeg"}],"twitter_card":"summary_large_image","twitter_misc":{"Est. reading time":"4 minutes"},"schema":{"@context":"https:\/\/schema.org","@graph":[{"@type":"WebPage","@id":"https:\/\/www.amuz.krakow.pl\/o-nas\/poczet-rektorow\/rektorzy-akademii-muzycznej\/krystyna-moszumanska-nazar-1987-1993\/","url":"https:\/\/www.amuz.krakow.pl\/o-nas\/poczet-rektorow\/rektorzy-akademii-muzycznej\/krystyna-moszumanska-nazar-1987-1993\/","name":"AMKP - Akademia Muzyczna im. Krzysztofa Pendereckiego w Krakowie","isPartOf":{"@id":"https:\/\/www.amuz.krakow.pl\/#website"},"datePublished":"2015-12-15T22:36:34+00:00","dateModified":"2017-02-05T21:34:41+00:00","breadcrumb":{"@id":"https:\/\/www.amuz.krakow.pl\/o-nas\/poczet-rektorow\/rektorzy-akademii-muzycznej\/krystyna-moszumanska-nazar-1987-1993\/#breadcrumb"},"inLanguage":"en-US","potentialAction":[{"@type":"ReadAction","target":["https:\/\/www.amuz.krakow.pl\/o-nas\/poczet-rektorow\/rektorzy-akademii-muzycznej\/krystyna-moszumanska-nazar-1987-1993\/"]}]},{"@type":"BreadcrumbList","@id":"https:\/\/www.amuz.krakow.pl\/o-nas\/poczet-rektorow\/rektorzy-akademii-muzycznej\/krystyna-moszumanska-nazar-1987-1993\/#breadcrumb","itemListElement":[{"@type":"ListItem","position":1,"name":"Strona g\u0142\u00f3wna","item":"https:\/\/www.amuz.krakow.pl\/"},{"@type":"ListItem","position":2,"name":"O&nbsp;nas","item":"https:\/\/www.amuz.krakow.pl\/o-nas\/"},{"@type":"ListItem","position":3,"name":"Poczet Rektor\u00f3w","item":"https:\/\/www.amuz.krakow.pl\/o-nas\/poczet-rektorow\/"},{"@type":"ListItem","position":4,"name":"Rektorzy Akademii Muzycznej im. Krzysztofa Pendereckiego","item":"https:\/\/www.amuz.krakow.pl\/o-nas\/poczet-rektorow\/rektorzy-akademii-muzycznej\/mariusz-sielski-2024\/"},{"@type":"ListItem","position":5,"name":"Krystyna Moszuma\u0144ska-Nazar 1987-1993"}]},{"@type":"WebSite","@id":"https:\/\/www.amuz.krakow.pl\/#website","url":"https:\/\/www.amuz.krakow.pl\/","name":"Akademia Muzyczna im. Krzysztofa Pendereckiego w Krakowie","description":"Oficjalna strona Akademii Muzycznej im. Krzysztofa Pendereckiego w Krakowie (AMKP).","publisher":{"@id":"https:\/\/www.amuz.krakow.pl\/#organization"},"alternateName":"AMKP","potentialAction":[{"@type":"SearchAction","target":{"@type":"EntryPoint","urlTemplate":"https:\/\/www.amuz.krakow.pl\/?s={search_term_string}"},"query-input":{"@type":"PropertyValueSpecification","valueRequired":true,"valueName":"search_term_string"}}],"inLanguage":"en-US"},{"@type":"Organization","@id":"https:\/\/www.amuz.krakow.pl\/#organization","name":"Akademia Muzyczna im. Krzysztofa Pendereckiego w Krakowie","alternateName":"AMKP","url":"https:\/\/www.amuz.krakow.pl\/","logo":{"@type":"ImageObject","inLanguage":"en-US","@id":"https:\/\/www.amuz.krakow.pl\/#\/schema\/logo\/image\/","url":"https:\/\/www.amuz.krakow.pl\/wp-content\/uploads\/2021\/11\/amkp.jpg","contentUrl":"https:\/\/www.amuz.krakow.pl\/wp-content\/uploads\/2021\/11\/amkp.jpg","width":1193,"height":591,"caption":"Akademia Muzyczna im. Krzysztofa Pendereckiego w Krakowie"},"image":{"@id":"https:\/\/www.amuz.krakow.pl\/#\/schema\/logo\/image\/"},"sameAs":["https:\/\/www.facebook.com\/amuz.krakow","https:\/\/www.instagram.com\/amkpenderecki\/","https:\/\/www.youtube.com\/@amkpenderecki4806"]}]}},"_links":{"self":[{"href":"https:\/\/www.amuz.krakow.pl\/en\/wp-json\/wp\/v2\/pages\/590","targetHints":{"allow":["GET"]}}],"collection":[{"href":"https:\/\/www.amuz.krakow.pl\/en\/wp-json\/wp\/v2\/pages"}],"about":[{"href":"https:\/\/www.amuz.krakow.pl\/en\/wp-json\/wp\/v2\/types\/page"}],"author":[{"embeddable":true,"href":"https:\/\/www.amuz.krakow.pl\/en\/wp-json\/wp\/v2\/users\/72"}],"replies":[{"embeddable":true,"href":"https:\/\/www.amuz.krakow.pl\/en\/wp-json\/wp\/v2\/comments?post=590"}],"version-history":[{"count":0,"href":"https:\/\/www.amuz.krakow.pl\/en\/wp-json\/wp\/v2\/pages\/590\/revisions"}],"up":[{"embeddable":true,"href":"https:\/\/www.amuz.krakow.pl\/en\/wp-json\/wp\/v2\/pages\/478"}],"wp:attachment":[{"href":"https:\/\/www.amuz.krakow.pl\/en\/wp-json\/wp\/v2\/media?parent=590"}],"curies":[{"name":"wp","href":"https:\/\/api.w.org\/{rel}","templated":true}]}}