{"id":58973,"date":"2022-03-24T12:51:19","date_gmt":"2022-03-24T11:51:19","guid":{"rendered":"https:\/\/www.amuz.krakow.pl\/?page_id=58973"},"modified":"2022-03-31T11:43:36","modified_gmt":"2022-03-31T09:43:36","slug":"uroczystosc-nadania-godnosci-doktora-honoris-causa-anne-sophie-mutter","status":"publish","type":"page","link":"https:\/\/www.amuz.krakow.pl\/en\/uroczystosc-nadania-godnosci-doktora-honoris-causa-anne-sophie-mutter\/","title":{"rendered":"Conferment of the Honorary Degree of Doctor Honoris Causa on Anne-Sophie Mutter"},"content":{"rendered":"<p><img loading=\"lazy\" decoding=\"async\" class=\"alignnone wp-image-58975 size-full\" src=\"https:\/\/www.amuz.krakow.pl\/wp-content\/uploads\/2022\/03\/mutter-web.jpg\" alt=\"\" width=\"1200\" height=\"600\" srcset=\"https:\/\/www.amuz.krakow.pl\/wp-content\/uploads\/2022\/03\/mutter-web.jpg 1200w, https:\/\/www.amuz.krakow.pl\/wp-content\/uploads\/2022\/03\/mutter-web-300x150.jpg 300w, https:\/\/www.amuz.krakow.pl\/wp-content\/uploads\/2022\/03\/mutter-web-768x384.jpg 768w\" sizes=\"auto, (max-width: 1200px) 100vw, 1200px\" \/><\/p>\n<p style=\"text-align: justify;\">On 30 March 2022 at 12, in The Bronis\u0142aw Rutkowski \u201cFlorianka\u201d Hall, 15 Sereno Fenn\u2019a Street, Krak\u00f3w, during a ceremonial session of the Senate of the Krzysztof Penderecki Academy of Music in Krakow, the eminent violinist Anne-Sophie Mutter will receive the Honorary Degree of Doctor Honoris Causa of the Krzysztof Penderecki Academy of Music in Krak\u00f3w.<\/p>\n<h5>PROGRAMME<\/h5>\n<p>Ceremonial Entrance of the Senate and Governing Bodies of AMKP<\/p>\n<p>National Anthem<\/p>\n<p>Opening of the Ceremony \u2014 <strong>HM Rector<\/strong><\/p>\n<p>Laudation \u2014 <strong>prof. dr hab. Wojciech Wid\u0142ak<\/strong><\/p>\n<p>Reading out of the Diploma \u2014 <strong>dr hab. Mariusz Sielski<\/strong>, prof. AMKP, Dean of the Instrumental Faculty<\/p>\n<p>Awarding of the Degree of Doctor Honoris Causa<\/p>\n<p>Address of Doctor Honoris Causa \u2014 <strong>Maestra Anne-Sophie Mutter<\/strong><\/p>\n<p>Johann Sebastian Bach<br \/>\n<em>Air<\/em> from second movement of Orchestra Suite No. 3 BWV 1068<br \/>\nAnne-Sophie Mutter &#8211; violin<br \/>\nAgata Szymczewska &#8211; violin<br \/>\nVolodymyr Mykytka &#8211; viola<br \/>\nAdam Krzeszowiec &#8211; cello<\/p>\n<p><em>Gaude Mater Polonia<\/em><\/p>\n<p>Admission only for members of the AMKP community and for the invited guests.<\/p>\n<hr \/>\n<p style=\"text-align: justify;\"><strong>Anne-Sophie Mutter<\/strong> is a musical phenomenon: for 46 years the virtuoso has now been a fixture in all the world\u2019s major concert halls, making her mark on the classical music scene as a soloist, mentor and visionary.<\/p>\n<p style=\"text-align: justify;\">The four-time Grammy Award winner is equally committed to the performance of traditional composers as to the future of music: so far she has given world premieres of 30 works \u2013 Unsuk Chin, Sebastian Currier, Henri Dutilleux, Sofia Gubaidulina, Witold Lutoslawski, Norbert Moret, Krzysztof Penderecki, Sir Andr\u00e9 Previn, Wolfgang Rihm, J\u00f6rg Widmann and John Williams have all composed for Anne-Sophie Mutter. She dedicates herself to supporting tomorrow\u2019s musical elite and numerous benefit projects. Furthermore, the board of trustees of the German cancer charity Deutsche Krebshilfe elected her the new president of the non-profit organization in 2021. Starting in January 2022, she joins the foundation board of the Lucerne Festival. In the autumn of 1997 she founded the Association of Friends of the Anne-Sophie Mutter Foundation e.V., to which the Anne-Sophie Mutter Foundation was added in 2008. These two charitable institutions provide support for the scholarship recipients, support which is tailored to the fellows\u2019 individual needs. Since 2011, Anne-Sophie Mutter has regularly shared the spotlight on stage with her ensemble of fellows, Mutter\u2019s Virtuosi.<\/p>\n<p><\/p>","protected":false},"excerpt":{"rendered":"<p>On 30 March 2022 at 12, in The Bronis\u0142aw Rutkowski \u201cFlorianka\u201d Hall, 15 Sereno Fenn\u2019a Street, Krak\u00f3w, during a ceremonial session of the Senate of the Krzysztof Penderecki Academy of&hellip; <a href=\"https:\/\/www.amuz.krakow.pl\/en\/uroczystosc-nadania-godnosci-doktora-honoris-causa-anne-sophie-mutter\/\">Continue reading<\/a><\/p>\n","protected":false},"author":72,"featured_media":0,"parent":0,"menu_order":0,"comment_status":"closed","ping_status":"closed","template":"","meta":{"footnotes":"","_links_to":"","_links_to_target":""},"class_list":["post-58973","page","type-page","status-publish","hentry"],"yoast_head":"<!-- This site is optimized with the Yoast SEO plugin v27.4 - https:\/\/yoast.com\/product\/yoast-seo-wordpress\/ -->\n<title>AMKP - Akademia Muzyczna im. Krzysztofa Pendereckiego w Krakowie<\/title>\n<meta name=\"robots\" content=\"index, follow, max-snippet:-1, max-image-preview:large, max-video-preview:-1\" \/>\n<link rel=\"canonical\" href=\"https:\/\/www.amuz.krakow.pl\/uroczystosc-nadania-godnosci-doktora-honoris-causa-anne-sophie-mutter\/\" \/>\n<meta property=\"og:locale\" content=\"en_US\" \/>\n<meta property=\"og:type\" content=\"article\" \/>\n<meta property=\"og:title\" content=\"AMKP - Akademia Muzyczna im. Krzysztofa Pendereckiego w Krakowie\" \/>\n<meta property=\"og:description\" content=\"On 30 March 2022 at 12, in The Bronis\u0142aw Rutkowski \u201cFlorianka\u201d Hall, 15 Sereno Fenn\u2019a Street, Krak\u00f3w, during a ceremonial session of the Senate of the Krzysztof Penderecki Academy of&hellip; Continue reading\" \/>\n<meta property=\"og:url\" content=\"https:\/\/www.amuz.krakow.pl\/uroczystosc-nadania-godnosci-doktora-honoris-causa-anne-sophie-mutter\/\" \/>\n<meta property=\"og:site_name\" content=\"Akademia Muzyczna im. Krzysztofa Pendereckiego w Krakowie\" \/>\n<meta property=\"article:publisher\" content=\"https:\/\/www.facebook.com\/amuz.krakow\" \/>\n<meta property=\"article:modified_time\" content=\"2022-03-31T09:43:36+00:00\" \/>\n<meta property=\"og:image\" content=\"https:\/\/www.amuz.krakow.pl\/wp-content\/uploads\/2022\/03\/mutter-web.jpg\" \/>\n<meta name=\"twitter:card\" content=\"summary_large_image\" \/>\n<meta name=\"twitter:label1\" content=\"Est. reading time\" \/>\n\t<meta name=\"twitter:data1\" content=\"3 minutes\" \/>\n<script type=\"application\/ld+json\" class=\"yoast-schema-graph\">{\"@context\":\"https:\\\/\\\/schema.org\",\"@graph\":[{\"@type\":\"WebPage\",\"@id\":\"https:\\\/\\\/www.amuz.krakow.pl\\\/uroczystosc-nadania-godnosci-doktora-honoris-causa-anne-sophie-mutter\\\/\",\"url\":\"https:\\\/\\\/www.amuz.krakow.pl\\\/uroczystosc-nadania-godnosci-doktora-honoris-causa-anne-sophie-mutter\\\/\",\"name\":\"AMKP - Akademia Muzyczna im. Krzysztofa Pendereckiego w Krakowie\",\"isPartOf\":{\"@id\":\"https:\\\/\\\/www.amuz.krakow.pl\\\/#website\"},\"primaryImageOfPage\":{\"@id\":\"https:\\\/\\\/www.amuz.krakow.pl\\\/uroczystosc-nadania-godnosci-doktora-honoris-causa-anne-sophie-mutter\\\/#primaryimage\"},\"image\":{\"@id\":\"https:\\\/\\\/www.amuz.krakow.pl\\\/uroczystosc-nadania-godnosci-doktora-honoris-causa-anne-sophie-mutter\\\/#primaryimage\"},\"thumbnailUrl\":\"https:\\\/\\\/www.amuz.krakow.pl\\\/wp-content\\\/uploads\\\/2022\\\/03\\\/mutter-web.jpg\",\"datePublished\":\"2022-03-24T11:51:19+00:00\",\"dateModified\":\"2022-03-31T09:43:36+00:00\",\"breadcrumb\":{\"@id\":\"https:\\\/\\\/www.amuz.krakow.pl\\\/uroczystosc-nadania-godnosci-doktora-honoris-causa-anne-sophie-mutter\\\/#breadcrumb\"},\"inLanguage\":\"en-US\",\"potentialAction\":[{\"@type\":\"ReadAction\",\"target\":[\"https:\\\/\\\/www.amuz.krakow.pl\\\/uroczystosc-nadania-godnosci-doktora-honoris-causa-anne-sophie-mutter\\\/\"]}]},{\"@type\":\"ImageObject\",\"inLanguage\":\"en-US\",\"@id\":\"https:\\\/\\\/www.amuz.krakow.pl\\\/uroczystosc-nadania-godnosci-doktora-honoris-causa-anne-sophie-mutter\\\/#primaryimage\",\"url\":\"https:\\\/\\\/www.amuz.krakow.pl\\\/wp-content\\\/uploads\\\/2022\\\/03\\\/mutter-web.jpg\",\"contentUrl\":\"https:\\\/\\\/www.amuz.krakow.pl\\\/wp-content\\\/uploads\\\/2022\\\/03\\\/mutter-web.jpg\"},{\"@type\":\"BreadcrumbList\",\"@id\":\"https:\\\/\\\/www.amuz.krakow.pl\\\/uroczystosc-nadania-godnosci-doktora-honoris-causa-anne-sophie-mutter\\\/#breadcrumb\",\"itemListElement\":[{\"@type\":\"ListItem\",\"position\":1,\"name\":\"Strona g\u0142\u00f3wna\",\"item\":\"https:\\\/\\\/www.amuz.krakow.pl\\\/\"},{\"@type\":\"ListItem\",\"position\":2,\"name\":\"Uroczysto\u015b\u0107 nadania godno\u015bci doktora honoris causa Anne-Sophie Mutter\"}]},{\"@type\":\"WebSite\",\"@id\":\"https:\\\/\\\/www.amuz.krakow.pl\\\/#website\",\"url\":\"https:\\\/\\\/www.amuz.krakow.pl\\\/\",\"name\":\"Akademia Muzyczna im. Krzysztofa Pendereckiego w Krakowie\",\"description\":\"Oficjalna strona Akademii Muzycznej im. Krzysztofa Pendereckiego w Krakowie (AMKP).\",\"publisher\":{\"@id\":\"https:\\\/\\\/www.amuz.krakow.pl\\\/#organization\"},\"alternateName\":\"AMKP\",\"potentialAction\":[{\"@type\":\"SearchAction\",\"target\":{\"@type\":\"EntryPoint\",\"urlTemplate\":\"https:\\\/\\\/www.amuz.krakow.pl\\\/?s={search_term_string}\"},\"query-input\":{\"@type\":\"PropertyValueSpecification\",\"valueRequired\":true,\"valueName\":\"search_term_string\"}}],\"inLanguage\":\"en-US\"},{\"@type\":\"Organization\",\"@id\":\"https:\\\/\\\/www.amuz.krakow.pl\\\/#organization\",\"name\":\"Akademia Muzyczna im. Krzysztofa Pendereckiego w Krakowie\",\"alternateName\":\"AMKP\",\"url\":\"https:\\\/\\\/www.amuz.krakow.pl\\\/\",\"logo\":{\"@type\":\"ImageObject\",\"inLanguage\":\"en-US\",\"@id\":\"https:\\\/\\\/www.amuz.krakow.pl\\\/#\\\/schema\\\/logo\\\/image\\\/\",\"url\":\"https:\\\/\\\/www.amuz.krakow.pl\\\/wp-content\\\/uploads\\\/2021\\\/11\\\/amkp.jpg\",\"contentUrl\":\"https:\\\/\\\/www.amuz.krakow.pl\\\/wp-content\\\/uploads\\\/2021\\\/11\\\/amkp.jpg\",\"width\":1193,\"height\":591,\"caption\":\"Akademia Muzyczna im. Krzysztofa Pendereckiego w Krakowie\"},\"image\":{\"@id\":\"https:\\\/\\\/www.amuz.krakow.pl\\\/#\\\/schema\\\/logo\\\/image\\\/\"},\"sameAs\":[\"https:\\\/\\\/www.facebook.com\\\/amuz.krakow\",\"https:\\\/\\\/www.instagram.com\\\/amkpenderecki\\\/\",\"https:\\\/\\\/www.youtube.com\\\/@amkpenderecki4806\"]}]}<\/script>\n<!-- \/ Yoast SEO plugin. -->","yoast_head_json":{"title":"AMKP - Akademia Muzyczna im. Krzysztofa Pendereckiego w Krakowie","robots":{"index":"index","follow":"follow","max-snippet":"max-snippet:-1","max-image-preview":"max-image-preview:large","max-video-preview":"max-video-preview:-1"},"canonical":"https:\/\/www.amuz.krakow.pl\/uroczystosc-nadania-godnosci-doktora-honoris-causa-anne-sophie-mutter\/","og_locale":"en_US","og_type":"article","og_title":"AMKP - Akademia Muzyczna im. Krzysztofa Pendereckiego w Krakowie","og_description":"On 30 March 2022 at 12, in The Bronis\u0142aw Rutkowski \u201cFlorianka\u201d Hall, 15 Sereno Fenn\u2019a Street, Krak\u00f3w, during a ceremonial session of the Senate of the Krzysztof Penderecki Academy of&hellip; Continue reading","og_url":"https:\/\/www.amuz.krakow.pl\/uroczystosc-nadania-godnosci-doktora-honoris-causa-anne-sophie-mutter\/","og_site_name":"Akademia Muzyczna im. Krzysztofa Pendereckiego w Krakowie","article_publisher":"https:\/\/www.facebook.com\/amuz.krakow","article_modified_time":"2022-03-31T09:43:36+00:00","og_image":[{"url":"https:\/\/www.amuz.krakow.pl\/wp-content\/uploads\/2022\/03\/mutter-web.jpg","type":"","width":"","height":""}],"twitter_card":"summary_large_image","twitter_misc":{"Est. reading time":"3 minutes"},"schema":{"@context":"https:\/\/schema.org","@graph":[{"@type":"WebPage","@id":"https:\/\/www.amuz.krakow.pl\/uroczystosc-nadania-godnosci-doktora-honoris-causa-anne-sophie-mutter\/","url":"https:\/\/www.amuz.krakow.pl\/uroczystosc-nadania-godnosci-doktora-honoris-causa-anne-sophie-mutter\/","name":"AMKP - Akademia Muzyczna im. Krzysztofa Pendereckiego w Krakowie","isPartOf":{"@id":"https:\/\/www.amuz.krakow.pl\/#website"},"primaryImageOfPage":{"@id":"https:\/\/www.amuz.krakow.pl\/uroczystosc-nadania-godnosci-doktora-honoris-causa-anne-sophie-mutter\/#primaryimage"},"image":{"@id":"https:\/\/www.amuz.krakow.pl\/uroczystosc-nadania-godnosci-doktora-honoris-causa-anne-sophie-mutter\/#primaryimage"},"thumbnailUrl":"https:\/\/www.amuz.krakow.pl\/wp-content\/uploads\/2022\/03\/mutter-web.jpg","datePublished":"2022-03-24T11:51:19+00:00","dateModified":"2022-03-31T09:43:36+00:00","breadcrumb":{"@id":"https:\/\/www.amuz.krakow.pl\/uroczystosc-nadania-godnosci-doktora-honoris-causa-anne-sophie-mutter\/#breadcrumb"},"inLanguage":"en-US","potentialAction":[{"@type":"ReadAction","target":["https:\/\/www.amuz.krakow.pl\/uroczystosc-nadania-godnosci-doktora-honoris-causa-anne-sophie-mutter\/"]}]},{"@type":"ImageObject","inLanguage":"en-US","@id":"https:\/\/www.amuz.krakow.pl\/uroczystosc-nadania-godnosci-doktora-honoris-causa-anne-sophie-mutter\/#primaryimage","url":"https:\/\/www.amuz.krakow.pl\/wp-content\/uploads\/2022\/03\/mutter-web.jpg","contentUrl":"https:\/\/www.amuz.krakow.pl\/wp-content\/uploads\/2022\/03\/mutter-web.jpg"},{"@type":"BreadcrumbList","@id":"https:\/\/www.amuz.krakow.pl\/uroczystosc-nadania-godnosci-doktora-honoris-causa-anne-sophie-mutter\/#breadcrumb","itemListElement":[{"@type":"ListItem","position":1,"name":"Strona g\u0142\u00f3wna","item":"https:\/\/www.amuz.krakow.pl\/"},{"@type":"ListItem","position":2,"name":"Uroczysto\u015b\u0107 nadania godno\u015bci doktora honoris causa Anne-Sophie Mutter"}]},{"@type":"WebSite","@id":"https:\/\/www.amuz.krakow.pl\/#website","url":"https:\/\/www.amuz.krakow.pl\/","name":"Akademia Muzyczna im. Krzysztofa Pendereckiego w Krakowie","description":"Oficjalna strona Akademii Muzycznej im. Krzysztofa Pendereckiego w Krakowie (AMKP).","publisher":{"@id":"https:\/\/www.amuz.krakow.pl\/#organization"},"alternateName":"AMKP","potentialAction":[{"@type":"SearchAction","target":{"@type":"EntryPoint","urlTemplate":"https:\/\/www.amuz.krakow.pl\/?s={search_term_string}"},"query-input":{"@type":"PropertyValueSpecification","valueRequired":true,"valueName":"search_term_string"}}],"inLanguage":"en-US"},{"@type":"Organization","@id":"https:\/\/www.amuz.krakow.pl\/#organization","name":"Akademia Muzyczna im. Krzysztofa Pendereckiego w Krakowie","alternateName":"AMKP","url":"https:\/\/www.amuz.krakow.pl\/","logo":{"@type":"ImageObject","inLanguage":"en-US","@id":"https:\/\/www.amuz.krakow.pl\/#\/schema\/logo\/image\/","url":"https:\/\/www.amuz.krakow.pl\/wp-content\/uploads\/2021\/11\/amkp.jpg","contentUrl":"https:\/\/www.amuz.krakow.pl\/wp-content\/uploads\/2021\/11\/amkp.jpg","width":1193,"height":591,"caption":"Akademia Muzyczna im. Krzysztofa Pendereckiego w Krakowie"},"image":{"@id":"https:\/\/www.amuz.krakow.pl\/#\/schema\/logo\/image\/"},"sameAs":["https:\/\/www.facebook.com\/amuz.krakow","https:\/\/www.instagram.com\/amkpenderecki\/","https:\/\/www.youtube.com\/@amkpenderecki4806"]}]}},"_links":{"self":[{"href":"https:\/\/www.amuz.krakow.pl\/en\/wp-json\/wp\/v2\/pages\/58973","targetHints":{"allow":["GET"]}}],"collection":[{"href":"https:\/\/www.amuz.krakow.pl\/en\/wp-json\/wp\/v2\/pages"}],"about":[{"href":"https:\/\/www.amuz.krakow.pl\/en\/wp-json\/wp\/v2\/types\/page"}],"author":[{"embeddable":true,"href":"https:\/\/www.amuz.krakow.pl\/en\/wp-json\/wp\/v2\/users\/72"}],"replies":[{"embeddable":true,"href":"https:\/\/www.amuz.krakow.pl\/en\/wp-json\/wp\/v2\/comments?post=58973"}],"version-history":[{"count":12,"href":"https:\/\/www.amuz.krakow.pl\/en\/wp-json\/wp\/v2\/pages\/58973\/revisions"}],"predecessor-version":[{"id":59378,"href":"https:\/\/www.amuz.krakow.pl\/en\/wp-json\/wp\/v2\/pages\/58973\/revisions\/59378"}],"wp:attachment":[{"href":"https:\/\/www.amuz.krakow.pl\/en\/wp-json\/wp\/v2\/media?parent=58973"}],"curies":[{"name":"wp","href":"https:\/\/api.w.org\/{rel}","templated":true}]}}