{"id":58712,"date":"2022-03-18T14:37:33","date_gmt":"2022-03-18T13:37:33","guid":{"rendered":"https:\/\/www.amuz.krakow.pl\/?page_id=58712"},"modified":"2022-03-24T13:25:14","modified_gmt":"2022-03-24T12:25:14","slug":"dni-muzyki-karola-szymanowskiego2022","status":"publish","type":"page","link":"https:\/\/www.amuz.krakow.pl\/en\/wydzialy\/wydzial-ii-instrumentalny\/katedra-fortepianu\/aktualnosci\/dni-muzyki-karola-szymanowskiego2022\/","title":{"rendered":"Dni Muzyki Karola Szymanowskiego. Hommage a Tadeusz \u017bmudzi\u0144ski w 30. rocznic\u0119 \u015bmierci"},"content":{"rendered":"<p><\/p>\n<h5>Katedra Fortepianu AMKP<\/h5>\n<h6>zaprasza na<\/h6>\n<h5><em>Dni Muzyki Karola Szymanowskiego<\/em><br \/>\n<em>Hommage a Tadeusz \u017bmudzi\u0144ski w 30. rocznic\u0119 \u015bmierci<\/em><br \/>\n27 marca \u2013 1 kwietnia 2022<br \/>\nAula Florianka, ul. Sereno Fenn&#8217;a 15<\/h5>\n<p style=\"text-align: justify;\">W sto czterdziest\u0105 rocznic\u0119 urodzin Karola Szymanowskiego oraz trzydziest\u0105 rocznic\u0105 \u015bmierci Tadeusza \u017bmudzi\u0144skiego, studenci i absolwenci klasy prof. dra hab. Andrzeja Pikula wykonaj\u0105 wszystkie utwory fortepianowe Karola Szymanowskiego. Cykl koncert\u00f3w &#8220;DNI MUZYKI KAROLA SZYMANOWSKIEGO Hommage a Tadeusz \u017bmudzi\u0144ski w 30 rocznic\u0119 \u015bmierci&#8221; opr\u00f3cz dzie\u0142 fortepianowych wzbogacony zostanie r\u00f3wnie\u017c o arcydzie\u0142a kameralistyki kompozytora przy wsp\u00f3\u0142pracy z Katedr\u0105 Skrzypiec i Alt\u00f3wki, Katedr\u0105 Kameralistyki, Wydzia\u0142em Wokalno-Aktorskim oraz Katedr\u0105 Jazzu. W projekcie wezm\u0105 udzia\u0142 r\u00f3wnie\u017c laureaci Konkursu im. Tadeusza \u017bmudzi\u0144skiego. Jest to trzecie integralne wykonanie dzie\u0142 fortepianowych Szymanowskiego organizowane przez prof. Andrzeja Pikula, b\u0119d\u0105cego kontynuatorem artystycznej drogi swojego Mistrza &#8211; Tadeusza \u017bmudzi\u0144skiego.<\/p>\n<h6>niedziela 27 marca, 19:00, Aula Florianka<\/h6>\n<p>Karol Szymanowski (1882-1937)<\/p>\n<p><em>Etiuda b-moll<\/em> op. 4 nr 3<\/p>\n<p><strong>Andrzej Pikul<\/strong> fortepian<\/p>\n<p><em>Trzy fragmenty z poemat\u00f3w Jana Kasprowicza<\/em> op.5<br \/>\n<em>\u015awi\u0119ty Bo\u017ce<\/em><br \/>\n<em>Jestem i p\u0142acz\u0119<\/em><br \/>\n<em>Moja pie\u015b\u0144 wieczorna<\/em><\/p>\n<p><strong>Wiktoria Zawistowska-Tyliba<\/strong> mezzosopran<br \/>\n<strong>Andrzej Pikul<\/strong> fortepian<\/p>\n<p><em>Taniec z baletu Harnasie<\/em><\/p>\n<p><strong>Oksana Masternak<\/strong> skrzypce<br \/>\n<strong>Monika Wili\u0144ska-Tarcholik<\/strong> fortepian<\/p>\n<p><em>Pie\u015bni kurpiowskie<\/em> op. 58<\/p>\n<p><strong>Wiktoria Oleksi\u0144ska<\/strong> sopran<br \/>\n<strong>Dominika Peszko<\/strong> fortepian<\/p>\n<p><em>Mazurki<\/em> op. 50 nr 1, 6, 15, 16<\/p>\n<p><strong>Andrzej Pikul<\/strong> fortepian<\/p>\n<p><em>Nokturn i tarantella<\/em> op. 28<\/p>\n<p><strong>Oksana Masternak<\/strong> skrzypce<br \/>\n<strong>Monika Wili\u0144ska-Tarcholik<\/strong> fortepian<\/p>\n<p><em>Improwizacja na temat Szymanowskiego<\/em><\/p>\n<p><strong>Dominik Wania<\/strong> fortepian<\/p>\n<h6>poniedzia\u0142ek 28 marca, 19:00, Aula Florianka<\/h6>\n<p>Karol Szymanowski (1882-1937)<\/p>\n<p><em>Preludium i fuga cis-moll<\/em><\/p>\n<p><strong>Tamar Jincharadze<\/strong> fortepian<\/p>\n<p><em>Preludia<\/em> op. 1<\/p>\n<p><strong>Mateusz Zubik<\/strong> fortepian<\/p>\n<p><em>Wariacje b-moll<\/em> op. 3<\/p>\n<p><strong>Yiuning Pan<\/strong> fortepian<\/p>\n<p><em>Etiudy<\/em> op.4<\/p>\n<p><strong>Jan Kochma\u0144ski<\/strong> fortepian<\/p>\n<p><em>Wariacje h-moll<\/em> op. 10<\/p>\n<p><strong>Piotr Kowal<\/strong> fortepian<\/p>\n<h6>wtorek 29 marca, 19:00, Aula Florianka<\/h6>\n<p>Karol Szymanowski (1882-1937)<\/p>\n<p><em>I Sonata c-moll<\/em> op. 8<br \/>\n<em>Allegro moderato<\/em><br \/>\n<em>Adagio. Moltotranquillo e dolce<\/em><br \/>\n<em>Tem po di Minuetto. Comodo<\/em><br \/>\n<em>Finale. Introduzione. Adagio \/ Fuga Allegro energico<\/em><\/p>\n<p><strong>Grzegorz Witkowski<\/strong> fortepian<\/p>\n<p><em>Fantazja C-dur<\/em> op. 14<br \/>\n<em>Grave<\/em><br \/>\n<em>Non troppo allegro ma molto passionato e affettuoso<\/em><br \/>\n<em>Allegro molto, deciso, energico<\/em><\/p>\n<p><strong>Katarzyna Gabry\u015b<\/strong> fortepian<\/p>\n<p><em>II Sonata A-dur<\/em> op. 21<br \/>\n<em>Allegro assai. Molto appasionato<\/em><br \/>\n<em>Tema. Allegretto tranquillo. Grazioso.<\/em><\/p>\n<p><strong>Lily Phee<\/strong> fortepian<\/p>\n<h6>\u015broda 30 marca, 19:00, Aula Florianka<\/h6>\n<p>Karol Szymanowski (1882-1937)<\/p>\n<p><em>\u0141ab\u0119d\u017a<\/em> op. 7 (tekst Wac\u0142aw Berent)<br \/>\n<em>Pie\u015bni<\/em> op. 11 (tekst Tadeusz Mici\u0144ski)<br \/>\n<em>Tak jestem sm\u0119tny<\/em><br \/>\n<em>W zaczarowanym lesie<\/em><br \/>\n<em>Nade mn\u0105 leci w szafir nieba <\/em><br \/>\n<em>Rycz burzo<\/em><\/p>\n<p><strong>Magdalena Sowa-Zyzia\u0144ska<\/strong> sopran<br \/>\n<strong>Marta Ziobro<\/strong> fortepian<\/p>\n<p><em>Romans D-dur<\/em> op. 23<br \/>\n<em>Nokturn i tarantella<\/em> op. 28<\/p>\n<p><strong>Maciej Lulek<\/strong> skrzypce<br \/>\n<strong>Anna D\u0119bowska-Jaroszek<\/strong> fortepian<\/p>\n<p><em>Pie\u015bni Ksi\u0119\u017cniczki z ba\u015bni<\/em> op. 31 (tekst Zofia Szymanowska)<br \/>\n<em>Samotny ksi\u0119\u017cyc<\/em><br \/>\n<em>Slowik<\/em><br \/>\n<em>Taniec<\/em><br \/>\n<em>Zlote trzewiki<\/em><br \/>\n<em>Pie\u015b\u0144 o fali<\/em><\/p>\n<p><strong>Zuzanna Hwang<\/strong> sopran<br \/>\n<strong>Katarzyna Gabry\u015b<\/strong> fortepian<\/p>\n<p><em>Pie\u015b\u0144 Roksany<\/em><br \/>\n<em>Mity<\/em> op. 30<br \/>\n<em>\u0179r\u00f3d\u0142o Aretuzy<\/em><br \/>\n<em>Narcyz<\/em><br \/>\n<em>Driady i Pan<\/em><\/p>\n<p><strong>Roman Reiner<\/strong> skrzypce<br \/>\n<strong>S\u0142awomir Cierpik<\/strong> fortepian<\/p>\n<h6>czwartek 31 marca, 19:00, Aula Florianka<\/h6>\n<p>Karol Szymanowski (1882-1937)<\/p>\n<p><em>Mazurki<\/em> op. 50<\/p>\n<p><strong>Radoslaw Go\u017adzikowski<\/strong> fortepian<br \/>\n<strong>Jakub Sta\u015bto<\/strong> fortepian<br \/>\n<strong>Jan Olesz<\/strong> fortepian<br \/>\n<strong>Aleksandra Zag\u00f3rska<\/strong> fortepian<br \/>\n<strong>Marian Michalski<\/strong> fortepian<\/p>\n<p><em>2 Mazurki<\/em> op. 62<br \/>\n<em>Walc romantyczny<\/em><\/p>\n<p><strong>Lanyao Hao<\/strong> fortepian<\/p>\n<p><em>Ta\u0144ce Polskie<\/em><\/p>\n<p><strong>Radoslaw Go\u017adzikowski<\/strong> fortepian<\/p>\n<h6>pi\u0105tek 1 kwietnia, 19:00, Aula Florianka<\/h6>\n<p>Karol Szymanowski (1882-1937)<\/p>\n<p><em>Metopy<\/em> op. 29<br \/>\n<em>Wyspa syren <\/em><br \/>\n<em>Kalipso<\/em><br \/>\n<em>Nauzykaa<\/em><\/p>\n<p><strong>Radoslaw Go\u017adzikowski<\/strong> fortepian<\/p>\n<p><em>Etiudy<\/em> op. 33<br \/>\n<em>Maski<\/em> op. 34<br \/>\n<em>Szecherezada <\/em><br \/>\n<em>B\u0142azen Tantris<\/em><br \/>\n<em>Serenada don Juana<\/em><\/p>\n<p><strong>Aaron Sit<\/strong> fortepian<\/p>\n<p><em>III Sonata<\/em> op. 36<\/p>\n<p><strong>Piotr Kowal<\/strong> fortepian<\/p>\n<p>&nbsp;<\/p>","protected":false},"excerpt":{"rendered":"<p>Katedra Fortepianu AMKP zaprasza na Dni Muzyki Karola Szymanowskiego Hommage a Tadeusz \u017bmudzi\u0144ski w 30. rocznic\u0119 \u015bmierci 27 marca \u2013 1 kwietnia 2022 Aula Florianka, ul. Sereno Fenn&#8217;a 15 W&hellip; <a href=\"https:\/\/www.amuz.krakow.pl\/en\/wydzialy\/wydzial-ii-instrumentalny\/katedra-fortepianu\/aktualnosci\/dni-muzyki-karola-szymanowskiego2022\/\">Continue reading<\/a><\/p>\n","protected":false},"author":71,"featured_media":0,"parent":42979,"menu_order":-12,"comment_status":"closed","ping_status":"closed","template":"","meta":{"footnotes":"","_links_to":"","_links_to_target":""},"class_list":["post-58712","page","type-page","status-publish","hentry"],"yoast_head":"<!-- This site is optimized with the Yoast SEO plugin v27.4 - https:\/\/yoast.com\/product\/yoast-seo-wordpress\/ -->\n<title>AMKP - Akademia Muzyczna im. Krzysztofa Pendereckiego w Krakowie<\/title>\n<meta name=\"robots\" content=\"index, follow, max-snippet:-1, max-image-preview:large, max-video-preview:-1\" \/>\n<link rel=\"canonical\" href=\"https:\/\/www.amuz.krakow.pl\/wydzialy\/wydzial-ii-instrumentalny\/katedra-fortepianu\/aktualnosci\/dni-muzyki-karola-szymanowskiego2022\/\" \/>\n<meta property=\"og:locale\" content=\"en_US\" \/>\n<meta property=\"og:type\" content=\"article\" \/>\n<meta property=\"og:title\" content=\"AMKP - Akademia Muzyczna im. Krzysztofa Pendereckiego w Krakowie\" \/>\n<meta property=\"og:description\" content=\"Katedra Fortepianu AMKP zaprasza na Dni Muzyki Karola Szymanowskiego Hommage a Tadeusz \u017bmudzi\u0144ski w 30. rocznic\u0119 \u015bmierci 27 marca \u2013 1 kwietnia 2022 Aula Florianka, ul. Sereno Fenn&#8217;a 15 W&hellip; Continue reading\" \/>\n<meta property=\"og:url\" content=\"https:\/\/www.amuz.krakow.pl\/wydzialy\/wydzial-ii-instrumentalny\/katedra-fortepianu\/aktualnosci\/dni-muzyki-karola-szymanowskiego2022\/\" \/>\n<meta property=\"og:site_name\" content=\"Akademia Muzyczna im. Krzysztofa Pendereckiego w Krakowie\" \/>\n<meta property=\"article:publisher\" content=\"https:\/\/www.facebook.com\/amuz.krakow\" \/>\n<meta property=\"article:modified_time\" content=\"2022-03-24T12:25:14+00:00\" \/>\n<meta property=\"og:image\" content=\"https:\/\/www.amuz.krakow.pl\/wp-content\/uploads\/2021\/11\/amkp.jpg\" \/>\n\t<meta property=\"og:image:width\" content=\"1193\" \/>\n\t<meta property=\"og:image:height\" content=\"591\" \/>\n\t<meta property=\"og:image:type\" content=\"image\/jpeg\" \/>\n<meta name=\"twitter:card\" content=\"summary_large_image\" \/>\n<meta name=\"twitter:label1\" content=\"Est. reading time\" \/>\n\t<meta name=\"twitter:data1\" content=\"4 minutes\" \/>\n<script type=\"application\/ld+json\" class=\"yoast-schema-graph\">{\"@context\":\"https:\\\/\\\/schema.org\",\"@graph\":[{\"@type\":\"WebPage\",\"@id\":\"https:\\\/\\\/www.amuz.krakow.pl\\\/wydzialy\\\/wydzial-ii-instrumentalny\\\/katedra-fortepianu\\\/aktualnosci\\\/dni-muzyki-karola-szymanowskiego2022\\\/\",\"url\":\"https:\\\/\\\/www.amuz.krakow.pl\\\/wydzialy\\\/wydzial-ii-instrumentalny\\\/katedra-fortepianu\\\/aktualnosci\\\/dni-muzyki-karola-szymanowskiego2022\\\/\",\"name\":\"AMKP - Akademia Muzyczna im. Krzysztofa Pendereckiego w Krakowie\",\"isPartOf\":{\"@id\":\"https:\\\/\\\/www.amuz.krakow.pl\\\/#website\"},\"datePublished\":\"2022-03-18T13:37:33+00:00\",\"dateModified\":\"2022-03-24T12:25:14+00:00\",\"breadcrumb\":{\"@id\":\"https:\\\/\\\/www.amuz.krakow.pl\\\/wydzialy\\\/wydzial-ii-instrumentalny\\\/katedra-fortepianu\\\/aktualnosci\\\/dni-muzyki-karola-szymanowskiego2022\\\/#breadcrumb\"},\"inLanguage\":\"en-US\",\"potentialAction\":[{\"@type\":\"ReadAction\",\"target\":[\"https:\\\/\\\/www.amuz.krakow.pl\\\/wydzialy\\\/wydzial-ii-instrumentalny\\\/katedra-fortepianu\\\/aktualnosci\\\/dni-muzyki-karola-szymanowskiego2022\\\/\"]}]},{\"@type\":\"BreadcrumbList\",\"@id\":\"https:\\\/\\\/www.amuz.krakow.pl\\\/wydzialy\\\/wydzial-ii-instrumentalny\\\/katedra-fortepianu\\\/aktualnosci\\\/dni-muzyki-karola-szymanowskiego2022\\\/#breadcrumb\",\"itemListElement\":[{\"@type\":\"ListItem\",\"position\":1,\"name\":\"Strona g\u0142\u00f3wna\",\"item\":\"https:\\\/\\\/www.amuz.krakow.pl\\\/\"},{\"@type\":\"ListItem\",\"position\":2,\"name\":\"WYDZIA\u0141Y\",\"item\":\"https:\\\/\\\/www.amuz.krakow.pl\\\/wydzialy\\\/\"},{\"@type\":\"ListItem\",\"position\":3,\"name\":\"Wydzia\u0142 Instrumentalny\",\"item\":\"https:\\\/\\\/www.amuz.krakow.pl\\\/wydzialy\\\/wydzial-ii-instrumentalny\\\/\"},{\"@type\":\"ListItem\",\"position\":4,\"name\":\"Katedra Fortepianu\",\"item\":\"https:\\\/\\\/www.amuz.krakow.pl\\\/wydzialy\\\/wydzial-ii-instrumentalny\\\/katedra-fortepianu\\\/\"},{\"@type\":\"ListItem\",\"position\":5,\"name\":\"Archiwum wydarze\u0144 2021\\\/2022\",\"item\":\"https:\\\/\\\/www.amuz.krakow.pl\\\/wydzialy\\\/wydzial-ii-instrumentalny\\\/katedra-fortepianu\\\/aktualnosci\\\/\"},{\"@type\":\"ListItem\",\"position\":6,\"name\":\"Dni Muzyki Karola Szymanowskiego. Hommage \u00e0 Tadeusz \u017bmudzi\u0144ski w 30. rocznic\u0119 \u015bmierci\"}]},{\"@type\":\"WebSite\",\"@id\":\"https:\\\/\\\/www.amuz.krakow.pl\\\/#website\",\"url\":\"https:\\\/\\\/www.amuz.krakow.pl\\\/\",\"name\":\"Akademia Muzyczna im. Krzysztofa Pendereckiego w Krakowie\",\"description\":\"Oficjalna strona Akademii Muzycznej im. Krzysztofa Pendereckiego w Krakowie (AMKP).\",\"publisher\":{\"@id\":\"https:\\\/\\\/www.amuz.krakow.pl\\\/#organization\"},\"alternateName\":\"AMKP\",\"potentialAction\":[{\"@type\":\"SearchAction\",\"target\":{\"@type\":\"EntryPoint\",\"urlTemplate\":\"https:\\\/\\\/www.amuz.krakow.pl\\\/?s={search_term_string}\"},\"query-input\":{\"@type\":\"PropertyValueSpecification\",\"valueRequired\":true,\"valueName\":\"search_term_string\"}}],\"inLanguage\":\"en-US\"},{\"@type\":\"Organization\",\"@id\":\"https:\\\/\\\/www.amuz.krakow.pl\\\/#organization\",\"name\":\"Akademia Muzyczna im. Krzysztofa Pendereckiego w Krakowie\",\"alternateName\":\"AMKP\",\"url\":\"https:\\\/\\\/www.amuz.krakow.pl\\\/\",\"logo\":{\"@type\":\"ImageObject\",\"inLanguage\":\"en-US\",\"@id\":\"https:\\\/\\\/www.amuz.krakow.pl\\\/#\\\/schema\\\/logo\\\/image\\\/\",\"url\":\"https:\\\/\\\/www.amuz.krakow.pl\\\/wp-content\\\/uploads\\\/2021\\\/11\\\/amkp.jpg\",\"contentUrl\":\"https:\\\/\\\/www.amuz.krakow.pl\\\/wp-content\\\/uploads\\\/2021\\\/11\\\/amkp.jpg\",\"width\":1193,\"height\":591,\"caption\":\"Akademia Muzyczna im. Krzysztofa Pendereckiego w Krakowie\"},\"image\":{\"@id\":\"https:\\\/\\\/www.amuz.krakow.pl\\\/#\\\/schema\\\/logo\\\/image\\\/\"},\"sameAs\":[\"https:\\\/\\\/www.facebook.com\\\/amuz.krakow\",\"https:\\\/\\\/www.instagram.com\\\/amkpenderecki\\\/\",\"https:\\\/\\\/www.youtube.com\\\/@amkpenderecki4806\"]}]}<\/script>\n<!-- \/ Yoast SEO plugin. -->","yoast_head_json":{"title":"AMKP - Akademia Muzyczna im. Krzysztofa Pendereckiego w Krakowie","robots":{"index":"index","follow":"follow","max-snippet":"max-snippet:-1","max-image-preview":"max-image-preview:large","max-video-preview":"max-video-preview:-1"},"canonical":"https:\/\/www.amuz.krakow.pl\/wydzialy\/wydzial-ii-instrumentalny\/katedra-fortepianu\/aktualnosci\/dni-muzyki-karola-szymanowskiego2022\/","og_locale":"en_US","og_type":"article","og_title":"AMKP - Akademia Muzyczna im. Krzysztofa Pendereckiego w Krakowie","og_description":"Katedra Fortepianu AMKP zaprasza na Dni Muzyki Karola Szymanowskiego Hommage a Tadeusz \u017bmudzi\u0144ski w 30. rocznic\u0119 \u015bmierci 27 marca \u2013 1 kwietnia 2022 Aula Florianka, ul. Sereno Fenn&#8217;a 15 W&hellip; Continue reading","og_url":"https:\/\/www.amuz.krakow.pl\/wydzialy\/wydzial-ii-instrumentalny\/katedra-fortepianu\/aktualnosci\/dni-muzyki-karola-szymanowskiego2022\/","og_site_name":"Akademia Muzyczna im. Krzysztofa Pendereckiego w Krakowie","article_publisher":"https:\/\/www.facebook.com\/amuz.krakow","article_modified_time":"2022-03-24T12:25:14+00:00","og_image":[{"width":1193,"height":591,"url":"https:\/\/www.amuz.krakow.pl\/wp-content\/uploads\/2021\/11\/amkp.jpg","type":"image\/jpeg"}],"twitter_card":"summary_large_image","twitter_misc":{"Est. reading time":"4 minutes"},"schema":{"@context":"https:\/\/schema.org","@graph":[{"@type":"WebPage","@id":"https:\/\/www.amuz.krakow.pl\/wydzialy\/wydzial-ii-instrumentalny\/katedra-fortepianu\/aktualnosci\/dni-muzyki-karola-szymanowskiego2022\/","url":"https:\/\/www.amuz.krakow.pl\/wydzialy\/wydzial-ii-instrumentalny\/katedra-fortepianu\/aktualnosci\/dni-muzyki-karola-szymanowskiego2022\/","name":"AMKP - Akademia Muzyczna im. Krzysztofa Pendereckiego w Krakowie","isPartOf":{"@id":"https:\/\/www.amuz.krakow.pl\/#website"},"datePublished":"2022-03-18T13:37:33+00:00","dateModified":"2022-03-24T12:25:14+00:00","breadcrumb":{"@id":"https:\/\/www.amuz.krakow.pl\/wydzialy\/wydzial-ii-instrumentalny\/katedra-fortepianu\/aktualnosci\/dni-muzyki-karola-szymanowskiego2022\/#breadcrumb"},"inLanguage":"en-US","potentialAction":[{"@type":"ReadAction","target":["https:\/\/www.amuz.krakow.pl\/wydzialy\/wydzial-ii-instrumentalny\/katedra-fortepianu\/aktualnosci\/dni-muzyki-karola-szymanowskiego2022\/"]}]},{"@type":"BreadcrumbList","@id":"https:\/\/www.amuz.krakow.pl\/wydzialy\/wydzial-ii-instrumentalny\/katedra-fortepianu\/aktualnosci\/dni-muzyki-karola-szymanowskiego2022\/#breadcrumb","itemListElement":[{"@type":"ListItem","position":1,"name":"Strona g\u0142\u00f3wna","item":"https:\/\/www.amuz.krakow.pl\/"},{"@type":"ListItem","position":2,"name":"WYDZIA\u0141Y","item":"https:\/\/www.amuz.krakow.pl\/wydzialy\/"},{"@type":"ListItem","position":3,"name":"Wydzia\u0142 Instrumentalny","item":"https:\/\/www.amuz.krakow.pl\/wydzialy\/wydzial-ii-instrumentalny\/"},{"@type":"ListItem","position":4,"name":"Katedra Fortepianu","item":"https:\/\/www.amuz.krakow.pl\/wydzialy\/wydzial-ii-instrumentalny\/katedra-fortepianu\/"},{"@type":"ListItem","position":5,"name":"Archiwum wydarze\u0144 2021\/2022","item":"https:\/\/www.amuz.krakow.pl\/wydzialy\/wydzial-ii-instrumentalny\/katedra-fortepianu\/aktualnosci\/"},{"@type":"ListItem","position":6,"name":"Dni Muzyki Karola Szymanowskiego. Hommage \u00e0 Tadeusz \u017bmudzi\u0144ski w 30. rocznic\u0119 \u015bmierci"}]},{"@type":"WebSite","@id":"https:\/\/www.amuz.krakow.pl\/#website","url":"https:\/\/www.amuz.krakow.pl\/","name":"Akademia Muzyczna im. Krzysztofa Pendereckiego w Krakowie","description":"Oficjalna strona Akademii Muzycznej im. Krzysztofa Pendereckiego w Krakowie (AMKP).","publisher":{"@id":"https:\/\/www.amuz.krakow.pl\/#organization"},"alternateName":"AMKP","potentialAction":[{"@type":"SearchAction","target":{"@type":"EntryPoint","urlTemplate":"https:\/\/www.amuz.krakow.pl\/?s={search_term_string}"},"query-input":{"@type":"PropertyValueSpecification","valueRequired":true,"valueName":"search_term_string"}}],"inLanguage":"en-US"},{"@type":"Organization","@id":"https:\/\/www.amuz.krakow.pl\/#organization","name":"Akademia Muzyczna im. Krzysztofa Pendereckiego w Krakowie","alternateName":"AMKP","url":"https:\/\/www.amuz.krakow.pl\/","logo":{"@type":"ImageObject","inLanguage":"en-US","@id":"https:\/\/www.amuz.krakow.pl\/#\/schema\/logo\/image\/","url":"https:\/\/www.amuz.krakow.pl\/wp-content\/uploads\/2021\/11\/amkp.jpg","contentUrl":"https:\/\/www.amuz.krakow.pl\/wp-content\/uploads\/2021\/11\/amkp.jpg","width":1193,"height":591,"caption":"Akademia Muzyczna im. Krzysztofa Pendereckiego w Krakowie"},"image":{"@id":"https:\/\/www.amuz.krakow.pl\/#\/schema\/logo\/image\/"},"sameAs":["https:\/\/www.facebook.com\/amuz.krakow","https:\/\/www.instagram.com\/amkpenderecki\/","https:\/\/www.youtube.com\/@amkpenderecki4806"]}]}},"_links":{"self":[{"href":"https:\/\/www.amuz.krakow.pl\/en\/wp-json\/wp\/v2\/pages\/58712","targetHints":{"allow":["GET"]}}],"collection":[{"href":"https:\/\/www.amuz.krakow.pl\/en\/wp-json\/wp\/v2\/pages"}],"about":[{"href":"https:\/\/www.amuz.krakow.pl\/en\/wp-json\/wp\/v2\/types\/page"}],"author":[{"embeddable":true,"href":"https:\/\/www.amuz.krakow.pl\/en\/wp-json\/wp\/v2\/users\/71"}],"replies":[{"embeddable":true,"href":"https:\/\/www.amuz.krakow.pl\/en\/wp-json\/wp\/v2\/comments?post=58712"}],"version-history":[{"count":17,"href":"https:\/\/www.amuz.krakow.pl\/en\/wp-json\/wp\/v2\/pages\/58712\/revisions"}],"predecessor-version":[{"id":58990,"href":"https:\/\/www.amuz.krakow.pl\/en\/wp-json\/wp\/v2\/pages\/58712\/revisions\/58990"}],"up":[{"embeddable":true,"href":"https:\/\/www.amuz.krakow.pl\/en\/wp-json\/wp\/v2\/pages\/42979"}],"wp:attachment":[{"href":"https:\/\/www.amuz.krakow.pl\/en\/wp-json\/wp\/v2\/media?parent=58712"}],"curies":[{"name":"wp","href":"https:\/\/api.w.org\/{rel}","templated":true}]}}