{"id":58440,"date":"2022-03-13T15:18:04","date_gmt":"2022-03-13T14:18:04","guid":{"rendered":"https:\/\/www.amuz.krakow.pl\/?page_id=58440"},"modified":"2026-04-01T11:42:32","modified_gmt":"2026-04-01T09:42:32","slug":"biblioteka-komunikaty","status":"publish","type":"page","link":"https:\/\/www.amuz.krakow.pl\/en\/biblioteka-komunikaty\/","title":{"rendered":"Library &#8211; News"},"content":{"rendered":"<p><\/p>\n<table style=\"border-collapse: collapse; width: 100%;\">\n<tbody>\n<tr>\n<td style=\"width: 11.5%;\"><\/td>\n<td style=\"width: 77.0%;\"><span style=\"font-size: 12pt;\"><a href=\"https:\/\/www.amuz.krakow.pl\/en\/biblioteka-amkp\/\"><img loading=\"lazy\" decoding=\"async\" class=\"alignleft wp-image-64613\" src=\"https:\/\/www.amuz.krakow.pl\/wp-content\/uploads\/2022\/07\/back.png\" alt=\"\" width=\"100\" height=\"100\" srcset=\"https:\/\/www.amuz.krakow.pl\/wp-content\/uploads\/2022\/07\/back.png 300w, https:\/\/www.amuz.krakow.pl\/wp-content\/uploads\/2022\/07\/back-150x150.png 150w\" sizes=\"auto, (max-width: 100px) 100vw, 100px\" \/><\/a><\/span><\/p>\n<p>&nbsp;<\/p>\n<p>&nbsp;<\/p>\n<p>&nbsp;<\/p>\n<hr \/>\n<p style=\"text-align: center;\"><span style=\"font-size: 12pt;\">Remember to check short-term last-minute announcements on our <a href=\"https:\/\/www.facebook.com\/BibliotekaAkademiiMuzycznejwKrakowie\" target=\"_blank\" rel=\"noopener noreferrer\">Facebook page.<\/a><\/span><\/p>\n<hr \/>\n<p><span style=\"font-size: 12pt;\">Dear Teachers and Students,<\/span><\/p>\n<p><span style=\"font-size: 12pt;\">We kindly inform that on Maundy Thursday, i.e. <strong>2 April<\/strong>, and on Tuesday <strong>7 April<\/strong>, the Library will be open <strong>from 10:00 AM to 12:00 PM<\/strong>.<\/span><\/p>\n<p><span style=\"font-size: 12pt;\">We wish you a very happy Easter.<\/span><\/p>\n<p style=\"text-align: right;\"><span style=\"font-size: 12pt;\">AMKP Library Staff<\/span><\/p>\n<hr \/>\n<p style=\"text-align: center;\"><span style=\"font-size: 12pt;\"><strong>Exhibition <em>Opera creations \u2013 stage visions. Publications, recordings, posters in the AMKP Library collection<\/em><\/strong><\/span><\/p>\n<p><span style=\"font-size: 12pt;\"><img loading=\"lazy\" decoding=\"async\" class=\"aligncenter wp-image-113267 size-medium\" src=\"https:\/\/www.amuz.krakow.pl\/wp-content\/uploads\/2025\/12\/Kreacje-operowe-wystawa_kafel-300x155.jpg\" alt=\"\" width=\"300\" height=\"155\" srcset=\"https:\/\/www.amuz.krakow.pl\/wp-content\/uploads\/2025\/12\/Kreacje-operowe-wystawa_kafel-300x155.jpg 300w, https:\/\/www.amuz.krakow.pl\/wp-content\/uploads\/2025\/12\/Kreacje-operowe-wystawa_kafel-768x397.jpg 768w, https:\/\/www.amuz.krakow.pl\/wp-content\/uploads\/2025\/12\/Kreacje-operowe-wystawa_kafel-1536x793.jpg 1536w, https:\/\/www.amuz.krakow.pl\/wp-content\/uploads\/2025\/12\/Kreacje-operowe-wystawa_kafel.jpg 1832w\" sizes=\"auto, (max-width: 300px) 100vw, 300px\" \/><\/span><\/p>\n<p><span style=\"font-size: 12pt;\">AMKP Library invites to the exhibition <em><strong>Opera creations \u2013 stage visions. Publications, recordings, posters in the AMKP Library collection<\/strong><\/em> organized with support of the Krak\u00f3w Opera.<\/span><\/p>\n<p><span style=\"font-size: 12pt;\">The exhibition open from January 19th ti February 27th, 2026 in the AMKP Main Building.<\/span><\/p>\n<p><span style=\"font-size: 12pt;\"><a href=\"https:\/\/www.amuz.krakow.pl\/kreacje-operowe-wizje-sceniczne-wydawnictwa-nagrania-plakaty-w-zbiorach-biblioteki-amkp-19-01-27-02-2026\/\">More information<\/a><\/span><\/p>\n<hr \/>\n<p style=\"text-align: center;\"><span style=\"font-size: 12pt;\"><strong>Concert as part of the 16th Polish Music Librarians\u2019 Conference<\/strong><\/span><\/p>\n<p><img loading=\"lazy\" decoding=\"async\" class=\"aligncenter wp-image-110071 size-medium\" src=\"https:\/\/www.amuz.krakow.pl\/wp-content\/uploads\/2025\/11\/koncert-biblio-kafel-300x150.jpg\" alt=\"\" width=\"300\" height=\"150\" srcset=\"https:\/\/www.amuz.krakow.pl\/wp-content\/uploads\/2025\/11\/koncert-biblio-kafel-300x150.jpg 300w, https:\/\/www.amuz.krakow.pl\/wp-content\/uploads\/2025\/11\/koncert-biblio-kafel-768x384.jpg 768w, https:\/\/www.amuz.krakow.pl\/wp-content\/uploads\/2025\/11\/koncert-biblio-kafel.jpg 1417w\" sizes=\"auto, (max-width: 300px) 100vw, 300px\" \/><\/p>\n<p><span style=\"font-size: 12pt;\">AMKP Library invites to the Concert of the Department of Early Music which will take place on the November 17th, 2025 at 7:15 PM in Florianka Recital Hall (Sereno Fenn&#8217;a 15 Street in Krak\u00f3w). More information <a href=\"https:\/\/www.amuz.krakow.pl\/wydzialy\/wydzial-ii-instrumentalny\/katedra-muzyki-dawnej\/aktualnosci-25\/koncert-katedry-muzyki-dawnej-w-ramach-xvi-ogolnopolskiej-konferencji-bibliotekarzy-muzycznych-17-11-2025\/\">HERE<\/a>.<\/span><\/p>\n<hr \/>\n<p style=\"text-align: center;\"><span style=\"font-size: 12pt;\"><strong id=\"repozytorium\">Digital Repository of AMKP Library already available<\/strong><\/span><\/p>\n<p><span style=\"font-size: 12pt;\"><img loading=\"lazy\" decoding=\"async\" class=\"aligncenter wp-image-102107 size-medium\" src=\"https:\/\/www.amuz.krakow.pl\/wp-content\/uploads\/2025\/04\/Kafelek-strona_repozytorium-300x150.jpg\" alt=\"\" width=\"300\" height=\"150\" srcset=\"https:\/\/www.amuz.krakow.pl\/wp-content\/uploads\/2025\/04\/Kafelek-strona_repozytorium-300x150.jpg 300w, https:\/\/www.amuz.krakow.pl\/wp-content\/uploads\/2025\/04\/Kafelek-strona_repozytorium-768x384.jpg 768w, https:\/\/www.amuz.krakow.pl\/wp-content\/uploads\/2025\/04\/Kafelek-strona_repozytorium.jpg 850w\" sizes=\"auto, (max-width: 300px) 100vw, 300px\" \/><\/span><\/p>\n<p><span style=\"font-size: 12pt;\">In October 2023, AMKP Library started the realization of the project called the Repository of AMKP Library, including preservation and digitalization of selected valuable library archival items, purchasing software integrated with the library catalogue, and providing online access to digital copies of selected music prints and books. The results of this stage of the project are available in the <a href=\"https:\/\/bibliotekacyfrowa.amuz.krakow.pl\/\">AMKP Digital Library<\/a>. In the future, we are planning to digitise<span style=\"font-family: inherit;\"> further copies of music prints.<\/span><\/span><\/p>\n<p><span style=\"font-size: 12pt;\"><img loading=\"lazy\" decoding=\"async\" class=\"aligncenter wp-image-104893 size-medium\" src=\"https:\/\/www.amuz.krakow.pl\/wp-content\/uploads\/2025\/06\/01_znak_siatka_podstawowy_kolor_biale_tlo-300x62.png\" alt=\"\" width=\"300\" height=\"62\" srcset=\"https:\/\/www.amuz.krakow.pl\/wp-content\/uploads\/2025\/06\/01_znak_siatka_podstawowy_kolor_biale_tlo-300x62.png 300w, https:\/\/www.amuz.krakow.pl\/wp-content\/uploads\/2025\/06\/01_znak_siatka_podstawowy_kolor_biale_tlo-2048x423.png 2048w, https:\/\/www.amuz.krakow.pl\/wp-content\/uploads\/2025\/06\/01_znak_siatka_podstawowy_kolor_biale_tlo-768x159.png 768w, https:\/\/www.amuz.krakow.pl\/wp-content\/uploads\/2025\/06\/01_znak_siatka_podstawowy_kolor_biale_tlo-1536x317.png 1536w\" sizes=\"auto, (max-width: 300px) 100vw, 300px\" \/> <a href=\"https:\/\/www.amuz.krakow.pl\/wp-content\/uploads\/2025\/04\/4_Podstawowy-znak-w-kolorze-w-poziomie.jpg\"><img loading=\"lazy\" decoding=\"async\" class=\"aligncenter wp-image-102091\" src=\"https:\/\/www.amuz.krakow.pl\/wp-content\/uploads\/2025\/04\/4_Podstawowy-znak-w-kolorze-w-poziomie.jpg\" alt=\"\" width=\"307\" height=\"173\" srcset=\"https:\/\/www.amuz.krakow.pl\/wp-content\/uploads\/2025\/04\/4_Podstawowy-znak-w-kolorze-w-poziomie.jpg 1920w, https:\/\/www.amuz.krakow.pl\/wp-content\/uploads\/2025\/04\/4_Podstawowy-znak-w-kolorze-w-poziomie-300x169.jpg 300w, https:\/\/www.amuz.krakow.pl\/wp-content\/uploads\/2025\/04\/4_Podstawowy-znak-w-kolorze-w-poziomie-768x432.jpg 768w, https:\/\/www.amuz.krakow.pl\/wp-content\/uploads\/2025\/04\/4_Podstawowy-znak-w-kolorze-w-poziomie-1536x864.jpg 1536w\" sizes=\"auto, (max-width: 307px) 100vw, 307px\" \/><\/a><\/span><\/p>\n<p style=\"text-align: center;\"><span style=\"font-size: 12pt;\"><strong>Project is co-funded from stage budget, assigned by the Minister of Science, as part of the programme \u201eSpo\u0142eczna odpowiedzialno\u015b\u0107 nauki II\u201d \u2013 modu\u0142 \u201eWsparcie dla bibliotek naukowych\u201d.<br \/>\n(POLAND)<\/strong><\/span><\/p>\n<p>&nbsp;<\/p>\n<p><span style=\"font-size: 12pt;\"><a href=\"#top\">Back to top<\/a><\/span><\/p>\n<p><span style=\"font-size: 12pt;\"><a href=\"https:\/\/www.amuz.krakow.pl\/en\/biblioteka-amkp\/\"><img loading=\"lazy\" decoding=\"async\" class=\"alignleft wp-image-64613\" src=\"https:\/\/www.amuz.krakow.pl\/wp-content\/uploads\/2022\/07\/back.png\" alt=\"\" width=\"100\" height=\"100\" srcset=\"https:\/\/www.amuz.krakow.pl\/wp-content\/uploads\/2022\/07\/back.png 300w, https:\/\/www.amuz.krakow.pl\/wp-content\/uploads\/2022\/07\/back-150x150.png 150w\" sizes=\"auto, (max-width: 100px) 100vw, 100px\" \/><\/a><\/span><\/td>\n<td style=\"width: 11.5023%;\"><\/td>\n<\/tr>\n<\/tbody>\n<\/table>\n<p>&nbsp;<\/p>\n<hr \/>\n<table style=\"border-collapse: collapse; width: 100%; height: 132px;\">\n<tbody>\n<tr style=\"height: 132px;\">\n<td style=\"width: 16.6667%; height: 132px;\"><a href=\"https:\/\/katalog.amuz.krakow.pl\/catalog\"><span style=\"color: #333333;\"><span style=\"color: #333333;\"><span style=\"color: #333333;\"><span style=\"color: #333333;\"><span style=\"color: #333333;\"><img loading=\"lazy\" decoding=\"async\" class=\"aligncenter wp-image-64621 size-full\" src=\"https:\/\/www.amuz.krakow.pl\/wp-content\/uploads\/2022\/07\/main.png\" alt=\"\" width=\"300\" height=\"300\" srcset=\"https:\/\/www.amuz.krakow.pl\/wp-content\/uploads\/2022\/07\/main.png 300w, https:\/\/www.amuz.krakow.pl\/wp-content\/uploads\/2022\/07\/main-150x150.png 150w\" sizes=\"auto, (max-width: 300px) 100vw, 300px\" \/><\/span><\/span><\/span><\/span><\/span><\/a><\/td>\n<td style=\"width: 16.6667%; height: 132px;\"><a href=\"http:\/\/149.156.54.39\/prezentacja\/Default.aspx\"><span style=\"color: #333333;\"><span style=\"color: #333333;\"><span style=\"color: #333333;\"><span style=\"color: #333333;\"><span style=\"color: #333333;\"><img loading=\"lazy\" decoding=\"async\" class=\"aligncenter wp-image-64614 size-full\" src=\"https:\/\/www.amuz.krakow.pl\/wp-content\/uploads\/2022\/07\/card.png\" alt=\"\" width=\"300\" height=\"300\" srcset=\"https:\/\/www.amuz.krakow.pl\/wp-content\/uploads\/2022\/07\/card.png 300w, https:\/\/www.amuz.krakow.pl\/wp-content\/uploads\/2022\/07\/card-150x150.png 150w\" sizes=\"auto, (max-width: 300px) 100vw, 300px\" \/><\/span><\/span><\/span><\/span><\/span><\/a><\/td>\n<td style=\"width: 16.6667%; height: 132px;\"><a href=\"http:\/\/149.156.54.37\/wwwisis\/MGR_AM.01\/form.htm\"><span style=\"color: #333333;\"><span style=\"color: #333333;\"><span style=\"color: #333333;\"><span style=\"color: #333333;\"><span style=\"color: #333333;\"><img loading=\"lazy\" decoding=\"async\" class=\"aligncenter wp-image-64617 size-full\" src=\"https:\/\/www.amuz.krakow.pl\/wp-content\/uploads\/2022\/07\/diploma.png\" alt=\"\" width=\"300\" height=\"300\" srcset=\"https:\/\/www.amuz.krakow.pl\/wp-content\/uploads\/2022\/07\/diploma.png 300w, https:\/\/www.amuz.krakow.pl\/wp-content\/uploads\/2022\/07\/diploma-150x150.png 150w\" sizes=\"auto, (max-width: 300px) 100vw, 300px\" \/><\/span><\/span><\/span><\/span><\/span><\/a><\/td>\n<td style=\"width: 16.6667%; height: 132px;\"><a href=\"https:\/\/www.oxfordmusiconline.com\/\"><span style=\"color: #333333;\"><img loading=\"lazy\" decoding=\"async\" class=\"alignleft wp-image-63975 size-full\" src=\"https:\/\/www.amuz.krakow.pl\/wp-content\/uploads\/2022\/06\/katalog-1.png\" alt=\"\" width=\"300\" height=\"300\" srcset=\"https:\/\/www.amuz.krakow.pl\/wp-content\/uploads\/2022\/06\/katalog-1.png 300w, https:\/\/www.amuz.krakow.pl\/wp-content\/uploads\/2022\/06\/katalog-1-150x150.png 150w\" sizes=\"auto, (max-width: 300px) 100vw, 300px\" \/><\/span><\/a><\/td>\n<td style=\"width: 16.6667%; height: 132px;\"><span style=\"color: #333333;\"><a href=\"https:\/\/www.jstor.org\/\" target=\"_blank\" rel=\"noopener\"><img loading=\"lazy\" decoding=\"async\" class=\"aligncenter wp-image-95616\" src=\"https:\/\/www.amuz.krakow.pl\/wp-content\/uploads\/2025\/01\/JSTOR-Logo-Wide-300x77.png\" alt=\"\" width=\"272\" height=\"70\" srcset=\"https:\/\/www.amuz.krakow.pl\/wp-content\/uploads\/2025\/01\/JSTOR-Logo-Wide-300x77.png 300w, https:\/\/www.amuz.krakow.pl\/wp-content\/uploads\/2025\/01\/JSTOR-Logo-Wide-768x198.png 768w, https:\/\/www.amuz.krakow.pl\/wp-content\/uploads\/2025\/01\/JSTOR-Logo-Wide-1536x396.png 1536w, https:\/\/www.amuz.krakow.pl\/wp-content\/uploads\/2025\/01\/JSTOR-Logo-Wide.png 1560w\" sizes=\"auto, (max-width: 272px) 100vw, 272px\" \/><\/a><a href=\"https:\/\/research.ebsco.com\/c\/fsdw6c\/search?defaultdb=rft\" target=\"_blank\" rel=\"noopener\"><img loading=\"lazy\" decoding=\"async\" class=\"aligncenter wp-image-95613\" src=\"https:\/\/www.amuz.krakow.pl\/wp-content\/uploads\/2025\/01\/RILM-ikonka.png\" alt=\"\" width=\"168\" height=\"70\" \/><\/a><\/span><\/td>\n<td style=\"width: 16.6667%; height: 132px;\"><span style=\"color: #333333;\"><a href=\"https:\/\/amuzkrakow.naxosmusiclibrary.com\/\" target=\"_blank\" rel=\"noopener\"><img loading=\"lazy\" decoding=\"async\" class=\"aligncenter wp-image-68469\" src=\"https:\/\/www.amuz.krakow.pl\/wp-content\/uploads\/2022\/11\/NaxosMusicLibrary_Neg_Logo.jpg\" alt=\"\" width=\"120\" height=\"60\" srcset=\"https:\/\/www.amuz.krakow.pl\/wp-content\/uploads\/2022\/11\/NaxosMusicLibrary_Neg_Logo.jpg 1501w, https:\/\/www.amuz.krakow.pl\/wp-content\/uploads\/2022\/11\/NaxosMusicLibrary_Neg_Logo-300x150.jpg 300w, https:\/\/www.amuz.krakow.pl\/wp-content\/uploads\/2022\/11\/NaxosMusicLibrary_Neg_Logo-768x384.jpg 768w\" sizes=\"auto, (max-width: 120px) 100vw, 120px\" \/><\/a> <a href=\"https:\/\/amuzkrakow.naxosvideolibrary.com\/\" target=\"_blank\" rel=\"noopener\"><img loading=\"lazy\" decoding=\"async\" class=\"aligncenter wp-image-68470\" src=\"https:\/\/www.amuz.krakow.pl\/wp-content\/uploads\/2022\/11\/NaxosVideoLibrary_Pos_Logo.jpg\" alt=\"\" width=\"120\" height=\"60\" srcset=\"https:\/\/www.amuz.krakow.pl\/wp-content\/uploads\/2022\/11\/NaxosVideoLibrary_Pos_Logo.jpg 1501w, https:\/\/www.amuz.krakow.pl\/wp-content\/uploads\/2022\/11\/NaxosVideoLibrary_Pos_Logo-300x150.jpg 300w, https:\/\/www.amuz.krakow.pl\/wp-content\/uploads\/2022\/11\/NaxosVideoLibrary_Pos_Logo-768x384.jpg 768w\" sizes=\"auto, (max-width: 120px) 100vw, 120px\" \/><\/a><\/span><\/td>\n<\/tr>\n<\/tbody>\n<\/table>\n<p><\/p>","protected":false},"excerpt":{"rendered":"<p>&nbsp; &nbsp; &nbsp; Remember to check short-term last-minute announcements on our Facebook page. Dear Teachers and Students, We kindly inform that on Maundy Thursday, i.e. 2 April, and on Tuesday&hellip; <a href=\"https:\/\/www.amuz.krakow.pl\/en\/biblioteka-komunikaty\/\">Continue reading<\/a><\/p>\n","protected":false},"author":70,"featured_media":54081,"parent":0,"menu_order":0,"comment_status":"closed","ping_status":"closed","template":"cala_strona.php","meta":{"footnotes":"","_links_to":"","_links_to_target":""},"class_list":["post-58440","page","type-page","status-publish","has-post-thumbnail","hentry"],"yoast_head":"<!-- This site is optimized with the Yoast SEO plugin v27.4 - https:\/\/yoast.com\/product\/yoast-seo-wordpress\/ -->\n<title>AMKP - Akademia Muzyczna im. Krzysztofa Pendereckiego w Krakowie<\/title>\n<meta name=\"robots\" content=\"index, follow, max-snippet:-1, max-image-preview:large, max-video-preview:-1\" \/>\n<link rel=\"canonical\" href=\"https:\/\/www.amuz.krakow.pl\/biblioteka-komunikaty\/\" \/>\n<meta property=\"og:locale\" content=\"en_US\" \/>\n<meta property=\"og:type\" content=\"article\" \/>\n<meta property=\"og:title\" content=\"AMKP - Akademia Muzyczna im. Krzysztofa Pendereckiego w Krakowie\" \/>\n<meta property=\"og:description\" content=\"&nbsp; &nbsp; &nbsp; Remember to check short-term last-minute announcements on our Facebook page. Dear Teachers and Students, We kindly inform that on Maundy Thursday, i.e. 2 April, and on Tuesday&hellip; Continue reading\" \/>\n<meta property=\"og:url\" content=\"https:\/\/www.amuz.krakow.pl\/biblioteka-komunikaty\/\" \/>\n<meta property=\"og:site_name\" content=\"Akademia Muzyczna im. Krzysztofa Pendereckiego w Krakowie\" \/>\n<meta property=\"article:publisher\" content=\"https:\/\/www.facebook.com\/amuz.krakow\" \/>\n<meta property=\"article:modified_time\" content=\"2026-04-01T09:42:32+00:00\" \/>\n<meta property=\"og:image\" content=\"https:\/\/www.amuz.krakow.pl\/wp-content\/uploads\/2021\/10\/Biblioteka-kafelek.png\" \/>\n\t<meta property=\"og:image:width\" content=\"850\" \/>\n\t<meta property=\"og:image:height\" content=\"425\" \/>\n\t<meta property=\"og:image:type\" content=\"image\/png\" \/>\n<meta name=\"twitter:card\" content=\"summary_large_image\" \/>\n<meta name=\"twitter:label1\" content=\"Est. reading time\" \/>\n\t<meta name=\"twitter:data1\" content=\"5 minutes\" \/>\n<script type=\"application\/ld+json\" class=\"yoast-schema-graph\">{\"@context\":\"https:\\\/\\\/schema.org\",\"@graph\":[{\"@type\":\"WebPage\",\"@id\":\"https:\\\/\\\/www.amuz.krakow.pl\\\/biblioteka-komunikaty\\\/\",\"url\":\"https:\\\/\\\/www.amuz.krakow.pl\\\/biblioteka-komunikaty\\\/\",\"name\":\"AMKP - Akademia Muzyczna im. Krzysztofa Pendereckiego w Krakowie\",\"isPartOf\":{\"@id\":\"https:\\\/\\\/www.amuz.krakow.pl\\\/#website\"},\"primaryImageOfPage\":{\"@id\":\"https:\\\/\\\/www.amuz.krakow.pl\\\/biblioteka-komunikaty\\\/#primaryimage\"},\"image\":{\"@id\":\"https:\\\/\\\/www.amuz.krakow.pl\\\/biblioteka-komunikaty\\\/#primaryimage\"},\"thumbnailUrl\":\"https:\\\/\\\/www.amuz.krakow.pl\\\/wp-content\\\/uploads\\\/2021\\\/10\\\/Biblioteka-kafelek.png\",\"datePublished\":\"2022-03-13T14:18:04+00:00\",\"dateModified\":\"2026-04-01T09:42:32+00:00\",\"breadcrumb\":{\"@id\":\"https:\\\/\\\/www.amuz.krakow.pl\\\/biblioteka-komunikaty\\\/#breadcrumb\"},\"inLanguage\":\"en-US\",\"potentialAction\":[{\"@type\":\"ReadAction\",\"target\":[\"https:\\\/\\\/www.amuz.krakow.pl\\\/biblioteka-komunikaty\\\/\"]}]},{\"@type\":\"ImageObject\",\"inLanguage\":\"en-US\",\"@id\":\"https:\\\/\\\/www.amuz.krakow.pl\\\/biblioteka-komunikaty\\\/#primaryimage\",\"url\":\"https:\\\/\\\/www.amuz.krakow.pl\\\/wp-content\\\/uploads\\\/2021\\\/10\\\/Biblioteka-kafelek.png\",\"contentUrl\":\"https:\\\/\\\/www.amuz.krakow.pl\\\/wp-content\\\/uploads\\\/2021\\\/10\\\/Biblioteka-kafelek.png\",\"width\":850,\"height\":425},{\"@type\":\"BreadcrumbList\",\"@id\":\"https:\\\/\\\/www.amuz.krakow.pl\\\/biblioteka-komunikaty\\\/#breadcrumb\",\"itemListElement\":[{\"@type\":\"ListItem\",\"position\":1,\"name\":\"Strona g\u0142\u00f3wna\",\"item\":\"https:\\\/\\\/www.amuz.krakow.pl\\\/\"},{\"@type\":\"ListItem\",\"position\":2,\"name\":\"Biblioteka &#8211; Komunikaty\"}]},{\"@type\":\"WebSite\",\"@id\":\"https:\\\/\\\/www.amuz.krakow.pl\\\/#website\",\"url\":\"https:\\\/\\\/www.amuz.krakow.pl\\\/\",\"name\":\"Akademia Muzyczna im. Krzysztofa Pendereckiego w Krakowie\",\"description\":\"Oficjalna strona Akademii Muzycznej im. Krzysztofa Pendereckiego w Krakowie (AMKP).\",\"publisher\":{\"@id\":\"https:\\\/\\\/www.amuz.krakow.pl\\\/#organization\"},\"alternateName\":\"AMKP\",\"potentialAction\":[{\"@type\":\"SearchAction\",\"target\":{\"@type\":\"EntryPoint\",\"urlTemplate\":\"https:\\\/\\\/www.amuz.krakow.pl\\\/?s={search_term_string}\"},\"query-input\":{\"@type\":\"PropertyValueSpecification\",\"valueRequired\":true,\"valueName\":\"search_term_string\"}}],\"inLanguage\":\"en-US\"},{\"@type\":\"Organization\",\"@id\":\"https:\\\/\\\/www.amuz.krakow.pl\\\/#organization\",\"name\":\"Akademia Muzyczna im. Krzysztofa Pendereckiego w Krakowie\",\"alternateName\":\"AMKP\",\"url\":\"https:\\\/\\\/www.amuz.krakow.pl\\\/\",\"logo\":{\"@type\":\"ImageObject\",\"inLanguage\":\"en-US\",\"@id\":\"https:\\\/\\\/www.amuz.krakow.pl\\\/#\\\/schema\\\/logo\\\/image\\\/\",\"url\":\"https:\\\/\\\/www.amuz.krakow.pl\\\/wp-content\\\/uploads\\\/2021\\\/11\\\/amkp.jpg\",\"contentUrl\":\"https:\\\/\\\/www.amuz.krakow.pl\\\/wp-content\\\/uploads\\\/2021\\\/11\\\/amkp.jpg\",\"width\":1193,\"height\":591,\"caption\":\"Akademia Muzyczna im. Krzysztofa Pendereckiego w Krakowie\"},\"image\":{\"@id\":\"https:\\\/\\\/www.amuz.krakow.pl\\\/#\\\/schema\\\/logo\\\/image\\\/\"},\"sameAs\":[\"https:\\\/\\\/www.facebook.com\\\/amuz.krakow\",\"https:\\\/\\\/www.instagram.com\\\/amkpenderecki\\\/\",\"https:\\\/\\\/www.youtube.com\\\/@amkpenderecki4806\"]}]}<\/script>\n<!-- \/ Yoast SEO plugin. -->","yoast_head_json":{"title":"AMKP - Akademia Muzyczna im. Krzysztofa Pendereckiego w Krakowie","robots":{"index":"index","follow":"follow","max-snippet":"max-snippet:-1","max-image-preview":"max-image-preview:large","max-video-preview":"max-video-preview:-1"},"canonical":"https:\/\/www.amuz.krakow.pl\/biblioteka-komunikaty\/","og_locale":"en_US","og_type":"article","og_title":"AMKP - Akademia Muzyczna im. Krzysztofa Pendereckiego w Krakowie","og_description":"&nbsp; &nbsp; &nbsp; Remember to check short-term last-minute announcements on our Facebook page. Dear Teachers and Students, We kindly inform that on Maundy Thursday, i.e. 2 April, and on Tuesday&hellip; Continue reading","og_url":"https:\/\/www.amuz.krakow.pl\/biblioteka-komunikaty\/","og_site_name":"Akademia Muzyczna im. Krzysztofa Pendereckiego w Krakowie","article_publisher":"https:\/\/www.facebook.com\/amuz.krakow","article_modified_time":"2026-04-01T09:42:32+00:00","og_image":[{"width":850,"height":425,"url":"https:\/\/www.amuz.krakow.pl\/wp-content\/uploads\/2021\/10\/Biblioteka-kafelek.png","type":"image\/png"}],"twitter_card":"summary_large_image","twitter_misc":{"Est. reading time":"5 minutes"},"schema":{"@context":"https:\/\/schema.org","@graph":[{"@type":"WebPage","@id":"https:\/\/www.amuz.krakow.pl\/biblioteka-komunikaty\/","url":"https:\/\/www.amuz.krakow.pl\/biblioteka-komunikaty\/","name":"AMKP - Akademia Muzyczna im. Krzysztofa Pendereckiego w Krakowie","isPartOf":{"@id":"https:\/\/www.amuz.krakow.pl\/#website"},"primaryImageOfPage":{"@id":"https:\/\/www.amuz.krakow.pl\/biblioteka-komunikaty\/#primaryimage"},"image":{"@id":"https:\/\/www.amuz.krakow.pl\/biblioteka-komunikaty\/#primaryimage"},"thumbnailUrl":"https:\/\/www.amuz.krakow.pl\/wp-content\/uploads\/2021\/10\/Biblioteka-kafelek.png","datePublished":"2022-03-13T14:18:04+00:00","dateModified":"2026-04-01T09:42:32+00:00","breadcrumb":{"@id":"https:\/\/www.amuz.krakow.pl\/biblioteka-komunikaty\/#breadcrumb"},"inLanguage":"en-US","potentialAction":[{"@type":"ReadAction","target":["https:\/\/www.amuz.krakow.pl\/biblioteka-komunikaty\/"]}]},{"@type":"ImageObject","inLanguage":"en-US","@id":"https:\/\/www.amuz.krakow.pl\/biblioteka-komunikaty\/#primaryimage","url":"https:\/\/www.amuz.krakow.pl\/wp-content\/uploads\/2021\/10\/Biblioteka-kafelek.png","contentUrl":"https:\/\/www.amuz.krakow.pl\/wp-content\/uploads\/2021\/10\/Biblioteka-kafelek.png","width":850,"height":425},{"@type":"BreadcrumbList","@id":"https:\/\/www.amuz.krakow.pl\/biblioteka-komunikaty\/#breadcrumb","itemListElement":[{"@type":"ListItem","position":1,"name":"Strona g\u0142\u00f3wna","item":"https:\/\/www.amuz.krakow.pl\/"},{"@type":"ListItem","position":2,"name":"Biblioteka &#8211; Komunikaty"}]},{"@type":"WebSite","@id":"https:\/\/www.amuz.krakow.pl\/#website","url":"https:\/\/www.amuz.krakow.pl\/","name":"Akademia Muzyczna im. Krzysztofa Pendereckiego w Krakowie","description":"Oficjalna strona Akademii Muzycznej im. Krzysztofa Pendereckiego w Krakowie (AMKP).","publisher":{"@id":"https:\/\/www.amuz.krakow.pl\/#organization"},"alternateName":"AMKP","potentialAction":[{"@type":"SearchAction","target":{"@type":"EntryPoint","urlTemplate":"https:\/\/www.amuz.krakow.pl\/?s={search_term_string}"},"query-input":{"@type":"PropertyValueSpecification","valueRequired":true,"valueName":"search_term_string"}}],"inLanguage":"en-US"},{"@type":"Organization","@id":"https:\/\/www.amuz.krakow.pl\/#organization","name":"Akademia Muzyczna im. Krzysztofa Pendereckiego w Krakowie","alternateName":"AMKP","url":"https:\/\/www.amuz.krakow.pl\/","logo":{"@type":"ImageObject","inLanguage":"en-US","@id":"https:\/\/www.amuz.krakow.pl\/#\/schema\/logo\/image\/","url":"https:\/\/www.amuz.krakow.pl\/wp-content\/uploads\/2021\/11\/amkp.jpg","contentUrl":"https:\/\/www.amuz.krakow.pl\/wp-content\/uploads\/2021\/11\/amkp.jpg","width":1193,"height":591,"caption":"Akademia Muzyczna im. Krzysztofa Pendereckiego w Krakowie"},"image":{"@id":"https:\/\/www.amuz.krakow.pl\/#\/schema\/logo\/image\/"},"sameAs":["https:\/\/www.facebook.com\/amuz.krakow","https:\/\/www.instagram.com\/amkpenderecki\/","https:\/\/www.youtube.com\/@amkpenderecki4806"]}]}},"_links":{"self":[{"href":"https:\/\/www.amuz.krakow.pl\/en\/wp-json\/wp\/v2\/pages\/58440","targetHints":{"allow":["GET"]}}],"collection":[{"href":"https:\/\/www.amuz.krakow.pl\/en\/wp-json\/wp\/v2\/pages"}],"about":[{"href":"https:\/\/www.amuz.krakow.pl\/en\/wp-json\/wp\/v2\/types\/page"}],"author":[{"embeddable":true,"href":"https:\/\/www.amuz.krakow.pl\/en\/wp-json\/wp\/v2\/users\/70"}],"replies":[{"embeddable":true,"href":"https:\/\/www.amuz.krakow.pl\/en\/wp-json\/wp\/v2\/comments?post=58440"}],"version-history":[{"count":62,"href":"https:\/\/www.amuz.krakow.pl\/en\/wp-json\/wp\/v2\/pages\/58440\/revisions"}],"predecessor-version":[{"id":117648,"href":"https:\/\/www.amuz.krakow.pl\/en\/wp-json\/wp\/v2\/pages\/58440\/revisions\/117648"}],"wp:featuredmedia":[{"embeddable":true,"href":"https:\/\/www.amuz.krakow.pl\/en\/wp-json\/wp\/v2\/media\/54081"}],"wp:attachment":[{"href":"https:\/\/www.amuz.krakow.pl\/en\/wp-json\/wp\/v2\/media?parent=58440"}],"curies":[{"name":"wp","href":"https:\/\/api.w.org\/{rel}","templated":true}]}}