{"id":5832,"date":"2016-04-03T23:36:59","date_gmt":"2016-04-03T21:36:59","guid":{"rendered":"http:\/\/www.amuz.krakow.pl\/?page_id=5832"},"modified":"2025-10-01T15:16:11","modified_gmt":"2025-10-01T13:16:11","slug":"mgr-halina-boniszewska-jezyk-angielski","status":"publish","type":"page","link":"https:\/\/www.amuz.krakow.pl\/en\/ogolnouczelniany-zespol-dydaktyczny\/lektoraty\/mgr-halina-boniszewska-jezyk-angielski\/","title":{"rendered":"mgr Halina Boniszewska (English)"},"content":{"rendered":"<p><figure id=\"attachment_46240\" aria-describedby=\"caption-attachment-46240\" style=\"width: 232px\" class=\"wp-caption alignleft\"><a href=\"https:\/\/www.amuz.krakow.pl\/jednostki-miedzywydzialowe\/ogolnouczelniany-zespol-dydaktyczny\/mgr-halina-boniszewska-jezyk-angielski\/halina-boniszewska\/\" rel=\"attachment wp-att-46240\"><img loading=\"lazy\" decoding=\"async\" class=\"size-medium wp-image-46240\" src=\"https:\/\/www.amuz.krakow.pl\/wp-content\/uploads\/2021\/01\/Halina-Boniszewska-232x300.jpg\" alt=\"\" width=\"232\" height=\"300\" srcset=\"https:\/\/www.amuz.krakow.pl\/wp-content\/uploads\/2021\/01\/Halina-Boniszewska-232x300.jpg 232w, https:\/\/www.amuz.krakow.pl\/wp-content\/uploads\/2021\/01\/Halina-Boniszewska-768x995.jpg 768w, https:\/\/www.amuz.krakow.pl\/wp-content\/uploads\/2021\/01\/Halina-Boniszewska-1186x1536.jpg 1186w, https:\/\/www.amuz.krakow.pl\/wp-content\/uploads\/2021\/01\/Halina-Boniszewska.jpg 1235w\" sizes=\"auto, (max-width: 232px) 100vw, 232px\" \/><\/a><figcaption id=\"caption-attachment-46240\" class=\"wp-caption-text\">photo &#8211; private archive<\/figcaption><\/figure><\/p>\n<p style=\"text-align: justify;\">Halina Boniszewska \u2013 lecturer of English at the Academy of Music in Cracow, employed since 2011. A graduate of the English Philology Department of the Jagiellonian University in Cracow in 1998. [Specialisation: Literature and Pedagogy. M.A. Thesis: &#8220;The Archetype of the Fool in 20-th Century American Literature of the Apocalypse&#8221;, M.A. degree]. She holds the license of a sworn translator granted by Cracow District Court and was entered into the list of sworn translators of the Polish Minister of Justice in 2002. As a translator she specializes in law, business, accounting, commerce, psychology, fine arts, film, education and popular science. In 2006 she was granted the licence of a certified &#8220;matura&#8221; examiner. In 2007 she was awarded the title of a certified teacher by the Education Supervisory Board for the Ma\u0142opolska Region. She completed postgraduate studies at the Pedagogical University in Cracow in the field of occupational advising for adolescents in 2006. In 2008 she also completed postgraduate studies in the realm of culture and film at the Institute of Audiovisual Arts of the Jagiellonian University in Cracow [final thesis on &#8220;Requiem for a Dream&#8221; by Darren Aronofsky]. In 2009 she continued her education by participating in a pedagogical and cultural course at Trinity College in Dublin, Ireland. In 2015 she completed postgraduate studies in photography at the Cracow University of Technology. As a teacher with plenty of experience in both business and public sector she specialises in audiovisual and interactive educational tools. She has participated in educational programmes designed for all social sectors, ranging from the unemployed, toddlers, high school students, law students to corporate professionals and military forces. She refers to her present workplace as her greatest source of enjoyment in professional development so far and a neverending learning experience.<\/p>\n<p><a href=\"mailto:halina.boniszewska@amuz.krakow.pl\">halina.boniszewska@amuz.krakow.pl<\/a><\/p>","protected":false},"excerpt":{"rendered":"<p>Halina Boniszewska \u2013 lecturer of English at the Academy of Music in Cracow, employed since 2011. A graduate of the English Philology Department of the Jagiellonian University in Cracow in&hellip; <a href=\"https:\/\/www.amuz.krakow.pl\/en\/ogolnouczelniany-zespol-dydaktyczny\/lektoraty\/mgr-halina-boniszewska-jezyk-angielski\/\">Continue reading<\/a><\/p>\n","protected":false},"author":72,"featured_media":0,"parent":66166,"menu_order":30,"comment_status":"closed","ping_status":"closed","template":"","meta":{"footnotes":"","_links_to":"","_links_to_target":""},"class_list":["post-5832","page","type-page","status-publish","hentry"],"yoast_head":"<!-- This site is optimized with the Yoast SEO plugin v27.2 - https:\/\/yoast.com\/product\/yoast-seo-wordpress\/ -->\n<title>AMKP - Akademia Muzyczna im. Krzysztofa Pendereckiego w Krakowie<\/title>\n<meta name=\"robots\" content=\"index, follow, max-snippet:-1, max-image-preview:large, max-video-preview:-1\" \/>\n<link rel=\"canonical\" href=\"https:\/\/www.amuz.krakow.pl\/ogolnouczelniany-zespol-dydaktyczny\/lektoraty\/mgr-halina-boniszewska-jezyk-angielski\/\" \/>\n<meta property=\"og:locale\" content=\"en_US\" \/>\n<meta property=\"og:type\" content=\"article\" \/>\n<meta property=\"og:title\" content=\"AMKP - Akademia Muzyczna im. Krzysztofa Pendereckiego w Krakowie\" \/>\n<meta property=\"og:description\" content=\"Halina Boniszewska \u2013 lecturer of English at the Academy of Music in Cracow, employed since 2011. A graduate of the English Philology Department of the Jagiellonian University in Cracow in&hellip; Continue reading\" \/>\n<meta property=\"og:url\" content=\"https:\/\/www.amuz.krakow.pl\/ogolnouczelniany-zespol-dydaktyczny\/lektoraty\/mgr-halina-boniszewska-jezyk-angielski\/\" \/>\n<meta property=\"og:site_name\" content=\"Akademia Muzyczna im. Krzysztofa Pendereckiego w Krakowie\" \/>\n<meta property=\"article:publisher\" content=\"https:\/\/www.facebook.com\/amuz.krakow\" \/>\n<meta property=\"article:modified_time\" content=\"2025-10-01T13:16:11+00:00\" \/>\n<meta property=\"og:image\" content=\"https:\/\/www.amuz.krakow.pl\/wp-content\/uploads\/2021\/01\/Halina-Boniszewska.jpg\" \/>\n\t<meta property=\"og:image:width\" content=\"1235\" \/>\n\t<meta property=\"og:image:height\" content=\"1600\" \/>\n\t<meta property=\"og:image:type\" content=\"image\/jpeg\" \/>\n<meta name=\"twitter:card\" content=\"summary_large_image\" \/>\n<meta name=\"twitter:label1\" content=\"Est. reading time\" \/>\n\t<meta name=\"twitter:data1\" content=\"1 minute\" \/>\n<script type=\"application\/ld+json\" class=\"yoast-schema-graph\">{\"@context\":\"https:\/\/schema.org\",\"@graph\":[{\"@type\":\"WebPage\",\"@id\":\"https:\/\/www.amuz.krakow.pl\/ogolnouczelniany-zespol-dydaktyczny\/lektoraty\/mgr-halina-boniszewska-jezyk-angielski\/\",\"url\":\"https:\/\/www.amuz.krakow.pl\/ogolnouczelniany-zespol-dydaktyczny\/lektoraty\/mgr-halina-boniszewska-jezyk-angielski\/\",\"name\":\"AMKP - Akademia Muzyczna im. Krzysztofa Pendereckiego w Krakowie\",\"isPartOf\":{\"@id\":\"https:\/\/www.amuz.krakow.pl\/#website\"},\"primaryImageOfPage\":{\"@id\":\"https:\/\/www.amuz.krakow.pl\/ogolnouczelniany-zespol-dydaktyczny\/lektoraty\/mgr-halina-boniszewska-jezyk-angielski\/#primaryimage\"},\"image\":{\"@id\":\"https:\/\/www.amuz.krakow.pl\/ogolnouczelniany-zespol-dydaktyczny\/lektoraty\/mgr-halina-boniszewska-jezyk-angielski\/#primaryimage\"},\"thumbnailUrl\":\"https:\/\/www.amuz.krakow.pl\/wp-content\/uploads\/2021\/01\/Halina-Boniszewska-232x300.jpg\",\"datePublished\":\"2016-04-03T21:36:59+00:00\",\"dateModified\":\"2025-10-01T13:16:11+00:00\",\"breadcrumb\":{\"@id\":\"https:\/\/www.amuz.krakow.pl\/ogolnouczelniany-zespol-dydaktyczny\/lektoraty\/mgr-halina-boniszewska-jezyk-angielski\/#breadcrumb\"},\"inLanguage\":\"en-US\",\"potentialAction\":[{\"@type\":\"ReadAction\",\"target\":[\"https:\/\/www.amuz.krakow.pl\/ogolnouczelniany-zespol-dydaktyczny\/lektoraty\/mgr-halina-boniszewska-jezyk-angielski\/\"]}]},{\"@type\":\"ImageObject\",\"inLanguage\":\"en-US\",\"@id\":\"https:\/\/www.amuz.krakow.pl\/ogolnouczelniany-zespol-dydaktyczny\/lektoraty\/mgr-halina-boniszewska-jezyk-angielski\/#primaryimage\",\"url\":\"https:\/\/www.amuz.krakow.pl\/wp-content\/uploads\/2021\/01\/Halina-Boniszewska-232x300.jpg\",\"contentUrl\":\"https:\/\/www.amuz.krakow.pl\/wp-content\/uploads\/2021\/01\/Halina-Boniszewska-232x300.jpg\"},{\"@type\":\"BreadcrumbList\",\"@id\":\"https:\/\/www.amuz.krakow.pl\/ogolnouczelniany-zespol-dydaktyczny\/lektoraty\/mgr-halina-boniszewska-jezyk-angielski\/#breadcrumb\",\"itemListElement\":[{\"@type\":\"ListItem\",\"position\":1,\"name\":\"Strona g\u0142\u00f3wna\",\"item\":\"https:\/\/www.amuz.krakow.pl\/\"},{\"@type\":\"ListItem\",\"position\":2,\"name\":\"Og\u00f3lnouczelniany Zesp\u00f3\u0142 Dydaktyczny\",\"item\":\"https:\/\/www.amuz.krakow.pl\/ogolnouczelniany-zespol-dydaktyczny\/\"},{\"@type\":\"ListItem\",\"position\":3,\"name\":\"Lektoraty\",\"item\":\"https:\/\/www.amuz.krakow.pl\/ogolnouczelniany-zespol-dydaktyczny\/lektoraty\/\"},{\"@type\":\"ListItem\",\"position\":4,\"name\":\"mgr Halina Boniszewska (j\u0119zyk angielski)\"}]},{\"@type\":\"WebSite\",\"@id\":\"https:\/\/www.amuz.krakow.pl\/#website\",\"url\":\"https:\/\/www.amuz.krakow.pl\/\",\"name\":\"Akademia Muzyczna im. Krzysztofa Pendereckiego w Krakowie\",\"description\":\"Oficjalna strona Akademii Muzycznej im. Krzysztofa Pendereckiego w Krakowie (AMKP).\",\"publisher\":{\"@id\":\"https:\/\/www.amuz.krakow.pl\/#organization\"},\"alternateName\":\"AMKP\",\"potentialAction\":[{\"@type\":\"SearchAction\",\"target\":{\"@type\":\"EntryPoint\",\"urlTemplate\":\"https:\/\/www.amuz.krakow.pl\/?s={search_term_string}\"},\"query-input\":{\"@type\":\"PropertyValueSpecification\",\"valueRequired\":true,\"valueName\":\"search_term_string\"}}],\"inLanguage\":\"en-US\"},{\"@type\":\"Organization\",\"@id\":\"https:\/\/www.amuz.krakow.pl\/#organization\",\"name\":\"Akademia Muzyczna im. Krzysztofa Pendereckiego w Krakowie\",\"alternateName\":\"AMKP\",\"url\":\"https:\/\/www.amuz.krakow.pl\/\",\"logo\":{\"@type\":\"ImageObject\",\"inLanguage\":\"en-US\",\"@id\":\"https:\/\/www.amuz.krakow.pl\/#\/schema\/logo\/image\/\",\"url\":\"https:\/\/www.amuz.krakow.pl\/wp-content\/uploads\/2021\/11\/amkp.jpg\",\"contentUrl\":\"https:\/\/www.amuz.krakow.pl\/wp-content\/uploads\/2021\/11\/amkp.jpg\",\"width\":1193,\"height\":591,\"caption\":\"Akademia Muzyczna im. Krzysztofa Pendereckiego w Krakowie\"},\"image\":{\"@id\":\"https:\/\/www.amuz.krakow.pl\/#\/schema\/logo\/image\/\"},\"sameAs\":[\"https:\/\/www.facebook.com\/amuz.krakow\",\"https:\/\/www.instagram.com\/amkpenderecki\/\",\"https:\/\/www.youtube.com\/@amkpenderecki4806\"]}]}<\/script>\n<!-- \/ Yoast SEO plugin. -->","yoast_head_json":{"title":"AMKP - Akademia Muzyczna im. Krzysztofa Pendereckiego w Krakowie","robots":{"index":"index","follow":"follow","max-snippet":"max-snippet:-1","max-image-preview":"max-image-preview:large","max-video-preview":"max-video-preview:-1"},"canonical":"https:\/\/www.amuz.krakow.pl\/ogolnouczelniany-zespol-dydaktyczny\/lektoraty\/mgr-halina-boniszewska-jezyk-angielski\/","og_locale":"en_US","og_type":"article","og_title":"AMKP - Akademia Muzyczna im. Krzysztofa Pendereckiego w Krakowie","og_description":"Halina Boniszewska \u2013 lecturer of English at the Academy of Music in Cracow, employed since 2011. A graduate of the English Philology Department of the Jagiellonian University in Cracow in&hellip; Continue reading","og_url":"https:\/\/www.amuz.krakow.pl\/ogolnouczelniany-zespol-dydaktyczny\/lektoraty\/mgr-halina-boniszewska-jezyk-angielski\/","og_site_name":"Akademia Muzyczna im. Krzysztofa Pendereckiego w Krakowie","article_publisher":"https:\/\/www.facebook.com\/amuz.krakow","article_modified_time":"2025-10-01T13:16:11+00:00","og_image":[{"width":1235,"height":1600,"url":"https:\/\/www.amuz.krakow.pl\/wp-content\/uploads\/2021\/01\/Halina-Boniszewska.jpg","type":"image\/jpeg"}],"twitter_card":"summary_large_image","twitter_misc":{"Est. reading time":"1 minute"},"schema":{"@context":"https:\/\/schema.org","@graph":[{"@type":"WebPage","@id":"https:\/\/www.amuz.krakow.pl\/ogolnouczelniany-zespol-dydaktyczny\/lektoraty\/mgr-halina-boniszewska-jezyk-angielski\/","url":"https:\/\/www.amuz.krakow.pl\/ogolnouczelniany-zespol-dydaktyczny\/lektoraty\/mgr-halina-boniszewska-jezyk-angielski\/","name":"AMKP - Akademia Muzyczna im. Krzysztofa Pendereckiego w Krakowie","isPartOf":{"@id":"https:\/\/www.amuz.krakow.pl\/#website"},"primaryImageOfPage":{"@id":"https:\/\/www.amuz.krakow.pl\/ogolnouczelniany-zespol-dydaktyczny\/lektoraty\/mgr-halina-boniszewska-jezyk-angielski\/#primaryimage"},"image":{"@id":"https:\/\/www.amuz.krakow.pl\/ogolnouczelniany-zespol-dydaktyczny\/lektoraty\/mgr-halina-boniszewska-jezyk-angielski\/#primaryimage"},"thumbnailUrl":"https:\/\/www.amuz.krakow.pl\/wp-content\/uploads\/2021\/01\/Halina-Boniszewska-232x300.jpg","datePublished":"2016-04-03T21:36:59+00:00","dateModified":"2025-10-01T13:16:11+00:00","breadcrumb":{"@id":"https:\/\/www.amuz.krakow.pl\/ogolnouczelniany-zespol-dydaktyczny\/lektoraty\/mgr-halina-boniszewska-jezyk-angielski\/#breadcrumb"},"inLanguage":"en-US","potentialAction":[{"@type":"ReadAction","target":["https:\/\/www.amuz.krakow.pl\/ogolnouczelniany-zespol-dydaktyczny\/lektoraty\/mgr-halina-boniszewska-jezyk-angielski\/"]}]},{"@type":"ImageObject","inLanguage":"en-US","@id":"https:\/\/www.amuz.krakow.pl\/ogolnouczelniany-zespol-dydaktyczny\/lektoraty\/mgr-halina-boniszewska-jezyk-angielski\/#primaryimage","url":"https:\/\/www.amuz.krakow.pl\/wp-content\/uploads\/2021\/01\/Halina-Boniszewska-232x300.jpg","contentUrl":"https:\/\/www.amuz.krakow.pl\/wp-content\/uploads\/2021\/01\/Halina-Boniszewska-232x300.jpg"},{"@type":"BreadcrumbList","@id":"https:\/\/www.amuz.krakow.pl\/ogolnouczelniany-zespol-dydaktyczny\/lektoraty\/mgr-halina-boniszewska-jezyk-angielski\/#breadcrumb","itemListElement":[{"@type":"ListItem","position":1,"name":"Strona g\u0142\u00f3wna","item":"https:\/\/www.amuz.krakow.pl\/"},{"@type":"ListItem","position":2,"name":"Og\u00f3lnouczelniany Zesp\u00f3\u0142 Dydaktyczny","item":"https:\/\/www.amuz.krakow.pl\/ogolnouczelniany-zespol-dydaktyczny\/"},{"@type":"ListItem","position":3,"name":"Lektoraty","item":"https:\/\/www.amuz.krakow.pl\/ogolnouczelniany-zespol-dydaktyczny\/lektoraty\/"},{"@type":"ListItem","position":4,"name":"mgr Halina Boniszewska (j\u0119zyk angielski)"}]},{"@type":"WebSite","@id":"https:\/\/www.amuz.krakow.pl\/#website","url":"https:\/\/www.amuz.krakow.pl\/","name":"Akademia Muzyczna im. Krzysztofa Pendereckiego w Krakowie","description":"Oficjalna strona Akademii Muzycznej im. Krzysztofa Pendereckiego w Krakowie (AMKP).","publisher":{"@id":"https:\/\/www.amuz.krakow.pl\/#organization"},"alternateName":"AMKP","potentialAction":[{"@type":"SearchAction","target":{"@type":"EntryPoint","urlTemplate":"https:\/\/www.amuz.krakow.pl\/?s={search_term_string}"},"query-input":{"@type":"PropertyValueSpecification","valueRequired":true,"valueName":"search_term_string"}}],"inLanguage":"en-US"},{"@type":"Organization","@id":"https:\/\/www.amuz.krakow.pl\/#organization","name":"Akademia Muzyczna im. Krzysztofa Pendereckiego w Krakowie","alternateName":"AMKP","url":"https:\/\/www.amuz.krakow.pl\/","logo":{"@type":"ImageObject","inLanguage":"en-US","@id":"https:\/\/www.amuz.krakow.pl\/#\/schema\/logo\/image\/","url":"https:\/\/www.amuz.krakow.pl\/wp-content\/uploads\/2021\/11\/amkp.jpg","contentUrl":"https:\/\/www.amuz.krakow.pl\/wp-content\/uploads\/2021\/11\/amkp.jpg","width":1193,"height":591,"caption":"Akademia Muzyczna im. Krzysztofa Pendereckiego w Krakowie"},"image":{"@id":"https:\/\/www.amuz.krakow.pl\/#\/schema\/logo\/image\/"},"sameAs":["https:\/\/www.facebook.com\/amuz.krakow","https:\/\/www.instagram.com\/amkpenderecki\/","https:\/\/www.youtube.com\/@amkpenderecki4806"]}]}},"_links":{"self":[{"href":"https:\/\/www.amuz.krakow.pl\/en\/wp-json\/wp\/v2\/pages\/5832","targetHints":{"allow":["GET"]}}],"collection":[{"href":"https:\/\/www.amuz.krakow.pl\/en\/wp-json\/wp\/v2\/pages"}],"about":[{"href":"https:\/\/www.amuz.krakow.pl\/en\/wp-json\/wp\/v2\/types\/page"}],"author":[{"embeddable":true,"href":"https:\/\/www.amuz.krakow.pl\/en\/wp-json\/wp\/v2\/users\/72"}],"replies":[{"embeddable":true,"href":"https:\/\/www.amuz.krakow.pl\/en\/wp-json\/wp\/v2\/comments?post=5832"}],"version-history":[{"count":7,"href":"https:\/\/www.amuz.krakow.pl\/en\/wp-json\/wp\/v2\/pages\/5832\/revisions"}],"predecessor-version":[{"id":90560,"href":"https:\/\/www.amuz.krakow.pl\/en\/wp-json\/wp\/v2\/pages\/5832\/revisions\/90560"}],"up":[{"embeddable":true,"href":"https:\/\/www.amuz.krakow.pl\/en\/wp-json\/wp\/v2\/pages\/66166"}],"wp:attachment":[{"href":"https:\/\/www.amuz.krakow.pl\/en\/wp-json\/wp\/v2\/media?parent=5832"}],"curies":[{"name":"wp","href":"https:\/\/api.w.org\/{rel}","templated":true}]}}