{"id":58176,"date":"2022-03-08T10:08:19","date_gmt":"2022-03-08T09:08:19","guid":{"rendered":"https:\/\/www.amuz.krakow.pl\/?page_id=58176"},"modified":"2022-03-09T16:17:36","modified_gmt":"2022-03-09T15:17:36","slug":"sesja-muzyka-fortepianowa-kobiet","status":"publish","type":"page","link":"https:\/\/www.amuz.krakow.pl\/en\/wydzialy\/wydzial-ii-instrumentalny\/katedra-fortepianu\/aktualnosci\/sesja-muzyka-fortepianowa-kobiet\/","title":{"rendered":"Sesja naukowa Muzyka fortepianowa w tw\u00f3rczo\u015bci kompozytorskiej kobiet \u2013 wyk\u0142ady   14.03.2022 Sala Koncertowa    W kr\u0119gu kompozytorek zagranicznych   10.00-10.40 prof. dr hab. Andrzej Pikul  Tw\u00f3rczo\u015b\u0107 fortepianowa Fanny Hensel w kontek\u015bcie problem\u00f3w kobiet w pierwszej po\u0142owie XIX wieku  10.40-11.20 dr Wies\u0142awa P\u0142awska  Clara Schumann \u2013 nie tylko pianistka  11.20-12.00 mgr Aleksandra Bi\u015bta  Muzyka fortepianowa Amy Beach  12.00-12.20 przerwa  12.20-13.00 dr hab. Piotr R\u00f3\u017ca\u0144ski  Tw\u00f3rczo\u015b\u0107 fortepianowa Shulamit Ran i Betty Olivero w kontek\u015bcie wymog\u00f3w repertuarowych Mi\u0119dzynarodowego Mistrzowskiego Konkursu Pianistycznego im. Artura Rubinsteina w Tel Awiwie  13.00-13.40 dr hab. Ma\u0142gorzata Janicka-S\u0142ysz, prof. AMKP  Podmiotowo\u015b\u0107 liryczna. Onut\u0117 Narbutait\u0117 i oblicza muzyki fortepianowej    15.03.2022 Sala Koncertowa  W kr\u0119gu kompozytorek polskich  10.00-10.40 dr hab. Marek Szlezer, prof. AMKP  Tw\u00f3rczo\u015b\u0107 fortepianowa Jadwigi Sarneckiej  10.40-11.20 mgr Maciej Kie\u0142pi\u0144ski  Natalia Janotha \u2013 fortepian i Tatry  11.20-12.00 dr Katarzyna Vernet  Poldowski \u2013 w stron\u0119 historii tw\u00f3rcy nieodgadnionego  12.00-12.20 przerwa  12.20-13.00 dr Mateusz Kurcab  Tw\u00f3rczo\u015b\u0107 kompozytorska Ewy Synowiec. Partytura muzyczna jako dzie\u0142o sztuki  13.00-13.40 mgr Aleksandra D\u0105bek  W\u0142adys\u0142awa Markiewicz\u00f3wna we wspomnieniach uczni\u00f3w  13.40-14.20 dr Martyna Zakrzewska  Czas osobisty w tw\u00f3rczo\u015bci Barbary Buczek  14.20-15.00 dr Piotr Kowal  Fortepian w tw\u00f3rczo\u015bci Joanny Bruzdowicz"},"content":{"rendered":"<p class=\"qtranxs-available-languages-message qtranxs-available-languages-message-en\">Sorry, this entry is only available in <a href=\"https:\/\/www.amuz.krakow.pl\/pl\/wp-json\/wp\/v2\/pages\/58176\" class=\"qtranxs-available-language-link qtranxs-available-language-link-pl\" title=\"Polski\">Polski<\/a>.<\/p>","protected":false},"excerpt":{"rendered":"<p>Sorry, this entry is only available in Polski.<\/p>\n","protected":false},"author":71,"featured_media":0,"parent":42979,"menu_order":-10,"comment_status":"closed","ping_status":"closed","template":"","meta":{"footnotes":"","_links_to":"","_links_to_target":""},"class_list":["post-58176","page","type-page","status-publish","hentry"],"yoast_head":"<!-- This site is optimized with the Yoast SEO plugin v27.4 - https:\/\/yoast.com\/product\/yoast-seo-wordpress\/ -->\n<title>AMKP - Akademia Muzyczna im. Krzysztofa Pendereckiego w Krakowie<\/title>\n<meta name=\"robots\" content=\"index, follow, max-snippet:-1, max-image-preview:large, max-video-preview:-1\" \/>\n<link rel=\"canonical\" href=\"https:\/\/www.amuz.krakow.pl\/wydzialy\/wydzial-ii-instrumentalny\/katedra-fortepianu\/aktualnosci\/sesja-muzyka-fortepianowa-kobiet\/\" \/>\n<meta property=\"og:locale\" content=\"en_US\" \/>\n<meta property=\"og:type\" content=\"article\" \/>\n<meta property=\"og:title\" content=\"AMKP - Akademia Muzyczna im. Krzysztofa Pendereckiego w Krakowie\" \/>\n<meta property=\"og:description\" content=\"Sorry, this entry is only available in Polski.\" \/>\n<meta property=\"og:url\" content=\"https:\/\/www.amuz.krakow.pl\/wydzialy\/wydzial-ii-instrumentalny\/katedra-fortepianu\/aktualnosci\/sesja-muzyka-fortepianowa-kobiet\/\" \/>\n<meta property=\"og:site_name\" content=\"Akademia Muzyczna im. Krzysztofa Pendereckiego w Krakowie\" \/>\n<meta property=\"article:publisher\" content=\"https:\/\/www.facebook.com\/amuz.krakow\" \/>\n<meta property=\"article:modified_time\" content=\"2022-03-09T15:17:36+00:00\" \/>\n<meta property=\"og:image\" content=\"https:\/\/www.amuz.krakow.pl\/wp-content\/uploads\/2022\/03\/kobiety-kompozytorki-web.jpg\" \/>\n<meta name=\"twitter:card\" content=\"summary_large_image\" \/>\n<meta name=\"twitter:label1\" content=\"Est. reading time\" \/>\n\t<meta name=\"twitter:data1\" content=\"2 minutes\" \/>\n<script type=\"application\/ld+json\" class=\"yoast-schema-graph\">{\"@context\":\"https:\\\/\\\/schema.org\",\"@graph\":[{\"@type\":\"WebPage\",\"@id\":\"https:\\\/\\\/www.amuz.krakow.pl\\\/wydzialy\\\/wydzial-ii-instrumentalny\\\/katedra-fortepianu\\\/aktualnosci\\\/sesja-muzyka-fortepianowa-kobiet\\\/\",\"url\":\"https:\\\/\\\/www.amuz.krakow.pl\\\/wydzialy\\\/wydzial-ii-instrumentalny\\\/katedra-fortepianu\\\/aktualnosci\\\/sesja-muzyka-fortepianowa-kobiet\\\/\",\"name\":\"AMKP - Akademia Muzyczna im. Krzysztofa Pendereckiego w Krakowie\",\"isPartOf\":{\"@id\":\"https:\\\/\\\/www.amuz.krakow.pl\\\/#website\"},\"primaryImageOfPage\":{\"@id\":\"https:\\\/\\\/www.amuz.krakow.pl\\\/wydzialy\\\/wydzial-ii-instrumentalny\\\/katedra-fortepianu\\\/aktualnosci\\\/sesja-muzyka-fortepianowa-kobiet\\\/#primaryimage\"},\"image\":{\"@id\":\"https:\\\/\\\/www.amuz.krakow.pl\\\/wydzialy\\\/wydzial-ii-instrumentalny\\\/katedra-fortepianu\\\/aktualnosci\\\/sesja-muzyka-fortepianowa-kobiet\\\/#primaryimage\"},\"thumbnailUrl\":\"https:\\\/\\\/www.amuz.krakow.pl\\\/wp-content\\\/uploads\\\/2022\\\/03\\\/kobiety-kompozytorki-web.jpg\",\"datePublished\":\"2022-03-08T09:08:19+00:00\",\"dateModified\":\"2022-03-09T15:17:36+00:00\",\"breadcrumb\":{\"@id\":\"https:\\\/\\\/www.amuz.krakow.pl\\\/wydzialy\\\/wydzial-ii-instrumentalny\\\/katedra-fortepianu\\\/aktualnosci\\\/sesja-muzyka-fortepianowa-kobiet\\\/#breadcrumb\"},\"inLanguage\":\"en-US\",\"potentialAction\":[{\"@type\":\"ReadAction\",\"target\":[\"https:\\\/\\\/www.amuz.krakow.pl\\\/wydzialy\\\/wydzial-ii-instrumentalny\\\/katedra-fortepianu\\\/aktualnosci\\\/sesja-muzyka-fortepianowa-kobiet\\\/\"]}]},{\"@type\":\"ImageObject\",\"inLanguage\":\"en-US\",\"@id\":\"https:\\\/\\\/www.amuz.krakow.pl\\\/wydzialy\\\/wydzial-ii-instrumentalny\\\/katedra-fortepianu\\\/aktualnosci\\\/sesja-muzyka-fortepianowa-kobiet\\\/#primaryimage\",\"url\":\"https:\\\/\\\/www.amuz.krakow.pl\\\/wp-content\\\/uploads\\\/2022\\\/03\\\/kobiety-kompozytorki-web.jpg\",\"contentUrl\":\"https:\\\/\\\/www.amuz.krakow.pl\\\/wp-content\\\/uploads\\\/2022\\\/03\\\/kobiety-kompozytorki-web.jpg\"},{\"@type\":\"BreadcrumbList\",\"@id\":\"https:\\\/\\\/www.amuz.krakow.pl\\\/wydzialy\\\/wydzial-ii-instrumentalny\\\/katedra-fortepianu\\\/aktualnosci\\\/sesja-muzyka-fortepianowa-kobiet\\\/#breadcrumb\",\"itemListElement\":[{\"@type\":\"ListItem\",\"position\":1,\"name\":\"Strona g\u0142\u00f3wna\",\"item\":\"https:\\\/\\\/www.amuz.krakow.pl\\\/\"},{\"@type\":\"ListItem\",\"position\":2,\"name\":\"WYDZIA\u0141Y\",\"item\":\"https:\\\/\\\/www.amuz.krakow.pl\\\/wydzialy\\\/\"},{\"@type\":\"ListItem\",\"position\":3,\"name\":\"Wydzia\u0142 Instrumentalny\",\"item\":\"https:\\\/\\\/www.amuz.krakow.pl\\\/wydzialy\\\/wydzial-ii-instrumentalny\\\/\"},{\"@type\":\"ListItem\",\"position\":4,\"name\":\"Katedra Fortepianu\",\"item\":\"https:\\\/\\\/www.amuz.krakow.pl\\\/wydzialy\\\/wydzial-ii-instrumentalny\\\/katedra-fortepianu\\\/\"},{\"@type\":\"ListItem\",\"position\":5,\"name\":\"Archiwum wydarze\u0144 2021\\\/2022\",\"item\":\"https:\\\/\\\/www.amuz.krakow.pl\\\/wydzialy\\\/wydzial-ii-instrumentalny\\\/katedra-fortepianu\\\/aktualnosci\\\/\"},{\"@type\":\"ListItem\",\"position\":6,\"name\":\"Sesja naukowa \u201eKobiety-kompozytorki muzyki fortepianowej\u201d \u2013 wyk\u0142ady\"}]},{\"@type\":\"WebSite\",\"@id\":\"https:\\\/\\\/www.amuz.krakow.pl\\\/#website\",\"url\":\"https:\\\/\\\/www.amuz.krakow.pl\\\/\",\"name\":\"Akademia Muzyczna im. Krzysztofa Pendereckiego w Krakowie\",\"description\":\"Oficjalna strona Akademii Muzycznej im. Krzysztofa Pendereckiego w Krakowie (AMKP).\",\"publisher\":{\"@id\":\"https:\\\/\\\/www.amuz.krakow.pl\\\/#organization\"},\"alternateName\":\"AMKP\",\"potentialAction\":[{\"@type\":\"SearchAction\",\"target\":{\"@type\":\"EntryPoint\",\"urlTemplate\":\"https:\\\/\\\/www.amuz.krakow.pl\\\/?s={search_term_string}\"},\"query-input\":{\"@type\":\"PropertyValueSpecification\",\"valueRequired\":true,\"valueName\":\"search_term_string\"}}],\"inLanguage\":\"en-US\"},{\"@type\":\"Organization\",\"@id\":\"https:\\\/\\\/www.amuz.krakow.pl\\\/#organization\",\"name\":\"Akademia Muzyczna im. Krzysztofa Pendereckiego w Krakowie\",\"alternateName\":\"AMKP\",\"url\":\"https:\\\/\\\/www.amuz.krakow.pl\\\/\",\"logo\":{\"@type\":\"ImageObject\",\"inLanguage\":\"en-US\",\"@id\":\"https:\\\/\\\/www.amuz.krakow.pl\\\/#\\\/schema\\\/logo\\\/image\\\/\",\"url\":\"https:\\\/\\\/www.amuz.krakow.pl\\\/wp-content\\\/uploads\\\/2021\\\/11\\\/amkp.jpg\",\"contentUrl\":\"https:\\\/\\\/www.amuz.krakow.pl\\\/wp-content\\\/uploads\\\/2021\\\/11\\\/amkp.jpg\",\"width\":1193,\"height\":591,\"caption\":\"Akademia Muzyczna im. Krzysztofa Pendereckiego w Krakowie\"},\"image\":{\"@id\":\"https:\\\/\\\/www.amuz.krakow.pl\\\/#\\\/schema\\\/logo\\\/image\\\/\"},\"sameAs\":[\"https:\\\/\\\/www.facebook.com\\\/amuz.krakow\",\"https:\\\/\\\/www.instagram.com\\\/amkpenderecki\\\/\",\"https:\\\/\\\/www.youtube.com\\\/@amkpenderecki4806\"]}]}<\/script>\n<!-- \/ Yoast SEO plugin. -->","yoast_head_json":{"title":"AMKP - Akademia Muzyczna im. Krzysztofa Pendereckiego w Krakowie","robots":{"index":"index","follow":"follow","max-snippet":"max-snippet:-1","max-image-preview":"max-image-preview:large","max-video-preview":"max-video-preview:-1"},"canonical":"https:\/\/www.amuz.krakow.pl\/wydzialy\/wydzial-ii-instrumentalny\/katedra-fortepianu\/aktualnosci\/sesja-muzyka-fortepianowa-kobiet\/","og_locale":"en_US","og_type":"article","og_title":"AMKP - Akademia Muzyczna im. Krzysztofa Pendereckiego w Krakowie","og_description":"Sorry, this entry is only available in Polski.","og_url":"https:\/\/www.amuz.krakow.pl\/wydzialy\/wydzial-ii-instrumentalny\/katedra-fortepianu\/aktualnosci\/sesja-muzyka-fortepianowa-kobiet\/","og_site_name":"Akademia Muzyczna im. Krzysztofa Pendereckiego w Krakowie","article_publisher":"https:\/\/www.facebook.com\/amuz.krakow","article_modified_time":"2022-03-09T15:17:36+00:00","og_image":[{"url":"https:\/\/www.amuz.krakow.pl\/wp-content\/uploads\/2022\/03\/kobiety-kompozytorki-web.jpg","type":"","width":"","height":""}],"twitter_card":"summary_large_image","twitter_misc":{"Est. reading time":"2 minutes"},"schema":{"@context":"https:\/\/schema.org","@graph":[{"@type":"WebPage","@id":"https:\/\/www.amuz.krakow.pl\/wydzialy\/wydzial-ii-instrumentalny\/katedra-fortepianu\/aktualnosci\/sesja-muzyka-fortepianowa-kobiet\/","url":"https:\/\/www.amuz.krakow.pl\/wydzialy\/wydzial-ii-instrumentalny\/katedra-fortepianu\/aktualnosci\/sesja-muzyka-fortepianowa-kobiet\/","name":"AMKP - Akademia Muzyczna im. Krzysztofa Pendereckiego w Krakowie","isPartOf":{"@id":"https:\/\/www.amuz.krakow.pl\/#website"},"primaryImageOfPage":{"@id":"https:\/\/www.amuz.krakow.pl\/wydzialy\/wydzial-ii-instrumentalny\/katedra-fortepianu\/aktualnosci\/sesja-muzyka-fortepianowa-kobiet\/#primaryimage"},"image":{"@id":"https:\/\/www.amuz.krakow.pl\/wydzialy\/wydzial-ii-instrumentalny\/katedra-fortepianu\/aktualnosci\/sesja-muzyka-fortepianowa-kobiet\/#primaryimage"},"thumbnailUrl":"https:\/\/www.amuz.krakow.pl\/wp-content\/uploads\/2022\/03\/kobiety-kompozytorki-web.jpg","datePublished":"2022-03-08T09:08:19+00:00","dateModified":"2022-03-09T15:17:36+00:00","breadcrumb":{"@id":"https:\/\/www.amuz.krakow.pl\/wydzialy\/wydzial-ii-instrumentalny\/katedra-fortepianu\/aktualnosci\/sesja-muzyka-fortepianowa-kobiet\/#breadcrumb"},"inLanguage":"en-US","potentialAction":[{"@type":"ReadAction","target":["https:\/\/www.amuz.krakow.pl\/wydzialy\/wydzial-ii-instrumentalny\/katedra-fortepianu\/aktualnosci\/sesja-muzyka-fortepianowa-kobiet\/"]}]},{"@type":"ImageObject","inLanguage":"en-US","@id":"https:\/\/www.amuz.krakow.pl\/wydzialy\/wydzial-ii-instrumentalny\/katedra-fortepianu\/aktualnosci\/sesja-muzyka-fortepianowa-kobiet\/#primaryimage","url":"https:\/\/www.amuz.krakow.pl\/wp-content\/uploads\/2022\/03\/kobiety-kompozytorki-web.jpg","contentUrl":"https:\/\/www.amuz.krakow.pl\/wp-content\/uploads\/2022\/03\/kobiety-kompozytorki-web.jpg"},{"@type":"BreadcrumbList","@id":"https:\/\/www.amuz.krakow.pl\/wydzialy\/wydzial-ii-instrumentalny\/katedra-fortepianu\/aktualnosci\/sesja-muzyka-fortepianowa-kobiet\/#breadcrumb","itemListElement":[{"@type":"ListItem","position":1,"name":"Strona g\u0142\u00f3wna","item":"https:\/\/www.amuz.krakow.pl\/"},{"@type":"ListItem","position":2,"name":"WYDZIA\u0141Y","item":"https:\/\/www.amuz.krakow.pl\/wydzialy\/"},{"@type":"ListItem","position":3,"name":"Wydzia\u0142 Instrumentalny","item":"https:\/\/www.amuz.krakow.pl\/wydzialy\/wydzial-ii-instrumentalny\/"},{"@type":"ListItem","position":4,"name":"Katedra Fortepianu","item":"https:\/\/www.amuz.krakow.pl\/wydzialy\/wydzial-ii-instrumentalny\/katedra-fortepianu\/"},{"@type":"ListItem","position":5,"name":"Archiwum wydarze\u0144 2021\/2022","item":"https:\/\/www.amuz.krakow.pl\/wydzialy\/wydzial-ii-instrumentalny\/katedra-fortepianu\/aktualnosci\/"},{"@type":"ListItem","position":6,"name":"Sesja naukowa \u201eKobiety-kompozytorki muzyki fortepianowej\u201d \u2013 wyk\u0142ady"}]},{"@type":"WebSite","@id":"https:\/\/www.amuz.krakow.pl\/#website","url":"https:\/\/www.amuz.krakow.pl\/","name":"Akademia Muzyczna im. Krzysztofa Pendereckiego w Krakowie","description":"Oficjalna strona Akademii Muzycznej im. Krzysztofa Pendereckiego w Krakowie (AMKP).","publisher":{"@id":"https:\/\/www.amuz.krakow.pl\/#organization"},"alternateName":"AMKP","potentialAction":[{"@type":"SearchAction","target":{"@type":"EntryPoint","urlTemplate":"https:\/\/www.amuz.krakow.pl\/?s={search_term_string}"},"query-input":{"@type":"PropertyValueSpecification","valueRequired":true,"valueName":"search_term_string"}}],"inLanguage":"en-US"},{"@type":"Organization","@id":"https:\/\/www.amuz.krakow.pl\/#organization","name":"Akademia Muzyczna im. Krzysztofa Pendereckiego w Krakowie","alternateName":"AMKP","url":"https:\/\/www.amuz.krakow.pl\/","logo":{"@type":"ImageObject","inLanguage":"en-US","@id":"https:\/\/www.amuz.krakow.pl\/#\/schema\/logo\/image\/","url":"https:\/\/www.amuz.krakow.pl\/wp-content\/uploads\/2021\/11\/amkp.jpg","contentUrl":"https:\/\/www.amuz.krakow.pl\/wp-content\/uploads\/2021\/11\/amkp.jpg","width":1193,"height":591,"caption":"Akademia Muzyczna im. Krzysztofa Pendereckiego w Krakowie"},"image":{"@id":"https:\/\/www.amuz.krakow.pl\/#\/schema\/logo\/image\/"},"sameAs":["https:\/\/www.facebook.com\/amuz.krakow","https:\/\/www.instagram.com\/amkpenderecki\/","https:\/\/www.youtube.com\/@amkpenderecki4806"]}]}},"_links":{"self":[{"href":"https:\/\/www.amuz.krakow.pl\/en\/wp-json\/wp\/v2\/pages\/58176","targetHints":{"allow":["GET"]}}],"collection":[{"href":"https:\/\/www.amuz.krakow.pl\/en\/wp-json\/wp\/v2\/pages"}],"about":[{"href":"https:\/\/www.amuz.krakow.pl\/en\/wp-json\/wp\/v2\/types\/page"}],"author":[{"embeddable":true,"href":"https:\/\/www.amuz.krakow.pl\/en\/wp-json\/wp\/v2\/users\/71"}],"replies":[{"embeddable":true,"href":"https:\/\/www.amuz.krakow.pl\/en\/wp-json\/wp\/v2\/comments?post=58176"}],"version-history":[{"count":0,"href":"https:\/\/www.amuz.krakow.pl\/en\/wp-json\/wp\/v2\/pages\/58176\/revisions"}],"up":[{"embeddable":true,"href":"https:\/\/www.amuz.krakow.pl\/en\/wp-json\/wp\/v2\/pages\/42979"}],"wp:attachment":[{"href":"https:\/\/www.amuz.krakow.pl\/en\/wp-json\/wp\/v2\/media?parent=58176"}],"curies":[{"name":"wp","href":"https:\/\/api.w.org\/{rel}","templated":true}]}}