{"id":57542,"date":"2022-01-11T11:28:28","date_gmt":"2022-01-11T10:28:28","guid":{"rendered":"https:\/\/www.amuz.krakow.pl\/?page_id=57542"},"modified":"2022-02-25T14:48:19","modified_gmt":"2022-02-25T13:48:19","slug":"miedzynarodowa-konferencja-obojowa1","status":"publish","type":"page","link":"https:\/\/www.amuz.krakow.pl\/en\/wydzialy\/wydzial-ii-instrumentalny\/katedra-instrumentow-detych-i-akordeonu\/aktualnosci\/miedzynarodowa-konferencja-obojowa1\/","title":{"rendered":"I Mi\u0119dzynarodowa Konferencja Obojowa"},"content":{"rendered":"<p><\/p>\n<p style=\"text-align: center;\"><strong>I Mi\u0119dzynarodowa Konferencja Obojowa (28 lutego \u2013 2 marca 2022 r.)<\/strong><br \/>\n<em><strong>Wsp\u00f3\u0142czesne aspekty gry na oboju<\/strong><\/em><\/p>\n<p style=\"text-align: center;\"><strong>Organizator:<\/strong><br \/>\n<strong>Katedra Instrument\u00f3w D\u0119tych Drewnianych i Akordeonu<\/strong><\/p>\n<p style=\"text-align: justify;\">Konferencja adresowana jest do wykonawc\u00f3w, kompozytor\u00f3w i muzykolog\u00f3w. Ma na celu integracj\u0119 i wymian\u0119 do\u015bwiadcze\u0144 zdobywanych na r\u00f3\u017cnych p\u0142aszczyznach dzia\u0142ania tw\u00f3rczego. Do najtrudniejszych problem\u00f3w wsp\u00f3\u0142czesnej praktyki muzycznej zaliczy\u0107 nale\u017cy zagadnienia poprawnej realizacji dzie\u0142 muzycznych powsta\u0142ych przed wiekiem XIX.<br \/>\nRozw\u00f3j wiedzy muzycznej XX stulecia, a wraz z nim wzrastaj\u0105cy szacunek dla osi\u0105gni\u0119\u0107 artystycznych minionych wiek\u00f3w stawiaj\u0105 przed wykonawcami coraz surowsze wymagania w zakresie historycznej wierno\u015bci interpretacyjnej, autentyczno\u015bci w odtwarzaniu dawnej muzyki. Dotyczy to zw\u0142aszcza praktyki instrumentalnej. Aby zatem dotrze\u0107 do \u017ar\u00f3de\u0142 wiedzy o zasadach realizacji dawnej muzyki, nale\u017cy ich szuka\u0107 w traktatach teoretycznych, szko\u0142ach gry na dawnych instrumentach, w lu\u017anych uwagach kompozytor\u00f3w, jakie zamie\u015bcili oni w swych utworach.<br \/>\nWiele wa\u017cnych informacji o obowi\u0105zuj\u0105cych manierach wykonawczych odnajdujemy w traktatach J.J. Quantza, J. Hotteterre\u2019a i F.-J. Garniera. Jest to warstwa szczeg\u00f3lnie wa\u017cnych informacji, poniewa\u017c warunkuje prawid\u0142owo\u015b\u0107 historycznie wiernego wykonania utworu, zawiera wiedz\u0119 o sposobach atakowania d\u017awi\u0119ku w r\u00f3\u017cnych uk\u0142adach artykulacyjnych, o niuansach agogicznych, o obiektywnym przebiegu dynamicznym, o precyzji intonacyjnej itd.<br \/>\n<strong>Zaproszeni go\u015bcie:<\/strong><br \/>\nprof. David Walter \/ Conservatoire National Sup\u00e9rieur de Musique et de Danse de Paris,<br \/>\nprof. Jan Thuri \/ Konserwatorium Muzyczne w Pradze,<br \/>\nprof. Tomasz Miczka \/ Akademia Muzyczna w Katowicach,<br \/>\nprof. Tomasz Guba\u0144ski \/ Akademia Muzyczna w Poznaniu,<br \/>\ndr hab. Tytus Wojnowicz \/ Uniwersytet Muzyczny Fryderyka Chopina w Warszawie,<br \/>\ngwarantuj\u0105 wysoki, merytoryczny poziom Konferencji. Konferencj\u0119 uzupe\u0142ni\u0105 wyst\u0119py muzyczne: recital obojowy w wykonaniu Davida Waltera z towarzyszeniem Magdaleny Du\u015b oraz koncerty student\u00f3w klasy oboju AMKP.<\/p>\n<p><strong>PROGRAM KONFERENCJI<\/strong><br \/>\n<strong>28 lutego \u2013 2 marca 2022<\/strong><\/p>\n<p>\u2022 prof. Dawid Walter (Conservatoire National Sup\u00e9rieur de Musique et de Danse de Paris)<br \/>\n\u2022 prof. Jan Thuri (Konserwatorium Muzyczne w Pradze)<br \/>\n\u2022 prof. Tomasz Miczka (Akademia Muzyczna w Katowicach)<br \/>\n\u2022 prof. Tomasz Guba\u0144ski (Akademia Muzyczna w Poznaniu)<br \/>\n\u2022 dr hab. Tytus Wojnowicz (Uniwersytet Muzyczny Fryderyka Chopina w Warszawie)<br \/>\n\u2022 prof. Marek Mleczko, dr Monika S\u0119k, mgr Maksymilian Lipie\u0144 (Akademia Muzyczna im. Krzysztofa Pendereckiego w Krakowie)<br \/>\n\u2022 mgr Jan Wi\u015bniowski \u2013 Cz\u0119stochowa, producent maszyn do stroik\u00f3w<\/p>\n<p><strong>Poniedzia\u0142ek 28.02<\/strong><br \/>\n10.00-14.00 Wyk\u0142ad i prezentacja, prof. Dawid Walter \u2013 Aula Florianka<br \/>\n15.00-18.00 Wyk\u0142ad i prezentacja, prof. Tomasz Guba\u0144ski \u2013 Aula Florianka<br \/>\n<strong>19.00 Koncert student\u00f3w klasy oboju AMKP \u2013 Sala Koncertowa AMKP<\/strong><\/p>\n<p><strong>Wtorek 01.03<\/strong><br \/>\n10.00-14.00 Wyk\u0142ad i prezentacja, prof. Jan Thuri \u2013 Aula Florianka<br \/>\n15.00-18.00 Wyk\u0142ad i prezentacja, prof. Tytus Wojnowicz \u2013 Aula Florianka<br \/>\n<strong>19:00 RECITAL OBOJOWY \u2013 Aula Florianka<\/strong><br \/>\nw programie:<\/p>\n<p>Francis Poulenc (1899-1963) <em>Sonate na ob\u00f3j i fortepian<\/em><br \/>\nFryderyk Chopin (1810-1849) <em>Pr\u00e9lude op.28 n\u00b0 15<\/em><br \/>\nCamille Saint-Sa\u00ebns (1835-1921)<em> Sonate op. 166 na ob\u00f3j i fortepian<\/em><br \/>\nRobert Schumann (1810-1856) <em>Phantasiest\u00fccke op. na ob\u00f3j i fortepian<\/em><br \/>\nMaurice Ravel (1875-1937) <em>Sonatine na ob\u00f3j i fortepian<\/em><\/p>\n<p><strong>Dawid Walter<\/strong> \u2013 ob\u00f3j<br \/>\n<strong>Magdalena Du\u015b<\/strong> \u2013 fortepian<\/p>\n<p><strong>\u015aroda 02.03<\/strong><br \/>\n10-13 Wyk\u0142ad i prezentacja, prof. Jan Thuri \u2013 Aula Florianka<br \/>\n14-15 Prezentacja maszyn do stroik\u00f3w, referat mgr Jan Wi\u015bniowski &#8211; Sala Senacka AMKP<br \/>\n15 -18 Wyk\u0142ad i prezentacja, prof. Tomasz Miczka \u2013 Aula Florianka<br \/>\n<strong>19:00 Koncert student\u00f3w klasy oboju AMKP \u2013 Sala Koncertowa AMKP<\/strong><\/p>","protected":false},"excerpt":{"rendered":"<p>I Mi\u0119dzynarodowa Konferencja Obojowa (28 lutego \u2013 2 marca 2022 r.) Wsp\u00f3\u0142czesne aspekty gry na oboju Organizator: Katedra Instrument\u00f3w D\u0119tych Drewnianych i Akordeonu Konferencja adresowana jest do wykonawc\u00f3w, kompozytor\u00f3w i&hellip; <a href=\"https:\/\/www.amuz.krakow.pl\/en\/wydzialy\/wydzial-ii-instrumentalny\/katedra-instrumentow-detych-i-akordeonu\/aktualnosci\/miedzynarodowa-konferencja-obojowa1\/\">Continue reading<\/a><\/p>\n","protected":false},"author":71,"featured_media":0,"parent":43666,"menu_order":-10,"comment_status":"closed","ping_status":"closed","template":"","meta":{"footnotes":"","_links_to":"","_links_to_target":""},"class_list":["post-57542","page","type-page","status-publish","hentry"],"yoast_head":"<!-- This site is optimized with the Yoast SEO plugin v27.2 - https:\/\/yoast.com\/product\/yoast-seo-wordpress\/ -->\n<title>AMKP - Akademia Muzyczna im. Krzysztofa Pendereckiego w Krakowie<\/title>\n<meta name=\"robots\" content=\"index, follow, max-snippet:-1, max-image-preview:large, max-video-preview:-1\" \/>\n<link rel=\"canonical\" href=\"https:\/\/www.amuz.krakow.pl\/wydzialy\/wydzial-ii-instrumentalny\/katedra-instrumentow-detych-i-akordeonu\/aktualnosci\/miedzynarodowa-konferencja-obojowa1\/\" \/>\n<meta property=\"og:locale\" content=\"en_US\" \/>\n<meta property=\"og:type\" content=\"article\" \/>\n<meta property=\"og:title\" content=\"AMKP - Akademia Muzyczna im. Krzysztofa Pendereckiego w Krakowie\" \/>\n<meta property=\"og:description\" content=\"I Mi\u0119dzynarodowa Konferencja Obojowa (28 lutego \u2013 2 marca 2022 r.) Wsp\u00f3\u0142czesne aspekty gry na oboju Organizator: Katedra Instrument\u00f3w D\u0119tych Drewnianych i Akordeonu Konferencja adresowana jest do wykonawc\u00f3w, kompozytor\u00f3w i&hellip; Continue reading\" \/>\n<meta property=\"og:url\" content=\"https:\/\/www.amuz.krakow.pl\/wydzialy\/wydzial-ii-instrumentalny\/katedra-instrumentow-detych-i-akordeonu\/aktualnosci\/miedzynarodowa-konferencja-obojowa1\/\" \/>\n<meta property=\"og:site_name\" content=\"Akademia Muzyczna im. Krzysztofa Pendereckiego w Krakowie\" \/>\n<meta property=\"article:publisher\" content=\"https:\/\/www.facebook.com\/amuz.krakow\" \/>\n<meta property=\"article:modified_time\" content=\"2022-02-25T13:48:19+00:00\" \/>\n<meta property=\"og:image\" content=\"https:\/\/www.amuz.krakow.pl\/wp-content\/uploads\/2022\/02\/KONFERENCJA-OBOJOWA-B2.png\" \/>\n\t<meta property=\"og:image:width\" content=\"1400\" \/>\n\t<meta property=\"og:image:height\" content=\"1971\" \/>\n\t<meta property=\"og:image:type\" content=\"image\/png\" \/>\n<meta name=\"twitter:card\" content=\"summary_large_image\" \/>\n<meta name=\"twitter:label1\" content=\"Est. reading time\" \/>\n\t<meta name=\"twitter:data1\" content=\"5 minutes\" \/>\n<script type=\"application\/ld+json\" class=\"yoast-schema-graph\">{\"@context\":\"https:\/\/schema.org\",\"@graph\":[{\"@type\":\"WebPage\",\"@id\":\"https:\/\/www.amuz.krakow.pl\/wydzialy\/wydzial-ii-instrumentalny\/katedra-instrumentow-detych-i-akordeonu\/aktualnosci\/miedzynarodowa-konferencja-obojowa1\/\",\"url\":\"https:\/\/www.amuz.krakow.pl\/wydzialy\/wydzial-ii-instrumentalny\/katedra-instrumentow-detych-i-akordeonu\/aktualnosci\/miedzynarodowa-konferencja-obojowa1\/\",\"name\":\"AMKP - Akademia Muzyczna im. Krzysztofa Pendereckiego w Krakowie\",\"isPartOf\":{\"@id\":\"https:\/\/www.amuz.krakow.pl\/#website\"},\"datePublished\":\"2022-01-11T10:28:28+00:00\",\"dateModified\":\"2022-02-25T13:48:19+00:00\",\"breadcrumb\":{\"@id\":\"https:\/\/www.amuz.krakow.pl\/wydzialy\/wydzial-ii-instrumentalny\/katedra-instrumentow-detych-i-akordeonu\/aktualnosci\/miedzynarodowa-konferencja-obojowa1\/#breadcrumb\"},\"inLanguage\":\"en-US\",\"potentialAction\":[{\"@type\":\"ReadAction\",\"target\":[\"https:\/\/www.amuz.krakow.pl\/wydzialy\/wydzial-ii-instrumentalny\/katedra-instrumentow-detych-i-akordeonu\/aktualnosci\/miedzynarodowa-konferencja-obojowa1\/\"]}]},{\"@type\":\"BreadcrumbList\",\"@id\":\"https:\/\/www.amuz.krakow.pl\/wydzialy\/wydzial-ii-instrumentalny\/katedra-instrumentow-detych-i-akordeonu\/aktualnosci\/miedzynarodowa-konferencja-obojowa1\/#breadcrumb\",\"itemListElement\":[{\"@type\":\"ListItem\",\"position\":1,\"name\":\"Strona g\u0142\u00f3wna\",\"item\":\"https:\/\/www.amuz.krakow.pl\/\"},{\"@type\":\"ListItem\",\"position\":2,\"name\":\"WYDZIA\u0141Y\",\"item\":\"https:\/\/www.amuz.krakow.pl\/wydzialy\/\"},{\"@type\":\"ListItem\",\"position\":3,\"name\":\"Wydzia\u0142 Instrumentalny\",\"item\":\"https:\/\/www.amuz.krakow.pl\/wydzialy\/wydzial-ii-instrumentalny\/\"},{\"@type\":\"ListItem\",\"position\":4,\"name\":\"Katedra Instrument\u00f3w D\u0119tych i Akordeonu\",\"item\":\"https:\/\/www.amuz.krakow.pl\/wydzialy\/wydzial-ii-instrumentalny\/katedra-instrumentow-detych-i-akordeonu\/\"},{\"@type\":\"ListItem\",\"position\":5,\"name\":\"Archiwum wydarze\u0144 2021\/2022\",\"item\":\"https:\/\/www.amuz.krakow.pl\/wydzialy\/wydzial-ii-instrumentalny\/katedra-instrumentow-detych-i-akordeonu\/aktualnosci\/\"},{\"@type\":\"ListItem\",\"position\":6,\"name\":\"I Mi\u0119dzynarodowa Konferencja Obojowa\"}]},{\"@type\":\"WebSite\",\"@id\":\"https:\/\/www.amuz.krakow.pl\/#website\",\"url\":\"https:\/\/www.amuz.krakow.pl\/\",\"name\":\"Akademia Muzyczna im. Krzysztofa Pendereckiego w Krakowie\",\"description\":\"Oficjalna strona Akademii Muzycznej im. Krzysztofa Pendereckiego w Krakowie (AMKP).\",\"publisher\":{\"@id\":\"https:\/\/www.amuz.krakow.pl\/#organization\"},\"alternateName\":\"AMKP\",\"potentialAction\":[{\"@type\":\"SearchAction\",\"target\":{\"@type\":\"EntryPoint\",\"urlTemplate\":\"https:\/\/www.amuz.krakow.pl\/?s={search_term_string}\"},\"query-input\":{\"@type\":\"PropertyValueSpecification\",\"valueRequired\":true,\"valueName\":\"search_term_string\"}}],\"inLanguage\":\"en-US\"},{\"@type\":\"Organization\",\"@id\":\"https:\/\/www.amuz.krakow.pl\/#organization\",\"name\":\"Akademia Muzyczna im. Krzysztofa Pendereckiego w Krakowie\",\"alternateName\":\"AMKP\",\"url\":\"https:\/\/www.amuz.krakow.pl\/\",\"logo\":{\"@type\":\"ImageObject\",\"inLanguage\":\"en-US\",\"@id\":\"https:\/\/www.amuz.krakow.pl\/#\/schema\/logo\/image\/\",\"url\":\"https:\/\/www.amuz.krakow.pl\/wp-content\/uploads\/2021\/11\/amkp.jpg\",\"contentUrl\":\"https:\/\/www.amuz.krakow.pl\/wp-content\/uploads\/2021\/11\/amkp.jpg\",\"width\":1193,\"height\":591,\"caption\":\"Akademia Muzyczna im. Krzysztofa Pendereckiego w Krakowie\"},\"image\":{\"@id\":\"https:\/\/www.amuz.krakow.pl\/#\/schema\/logo\/image\/\"},\"sameAs\":[\"https:\/\/www.facebook.com\/amuz.krakow\",\"https:\/\/www.instagram.com\/amkpenderecki\/\",\"https:\/\/www.youtube.com\/@amkpenderecki4806\"]}]}<\/script>\n<!-- \/ Yoast SEO plugin. -->","yoast_head_json":{"title":"AMKP - Akademia Muzyczna im. Krzysztofa Pendereckiego w Krakowie","robots":{"index":"index","follow":"follow","max-snippet":"max-snippet:-1","max-image-preview":"max-image-preview:large","max-video-preview":"max-video-preview:-1"},"canonical":"https:\/\/www.amuz.krakow.pl\/wydzialy\/wydzial-ii-instrumentalny\/katedra-instrumentow-detych-i-akordeonu\/aktualnosci\/miedzynarodowa-konferencja-obojowa1\/","og_locale":"en_US","og_type":"article","og_title":"AMKP - Akademia Muzyczna im. Krzysztofa Pendereckiego w Krakowie","og_description":"I Mi\u0119dzynarodowa Konferencja Obojowa (28 lutego \u2013 2 marca 2022 r.) Wsp\u00f3\u0142czesne aspekty gry na oboju Organizator: Katedra Instrument\u00f3w D\u0119tych Drewnianych i Akordeonu Konferencja adresowana jest do wykonawc\u00f3w, kompozytor\u00f3w i&hellip; Continue reading","og_url":"https:\/\/www.amuz.krakow.pl\/wydzialy\/wydzial-ii-instrumentalny\/katedra-instrumentow-detych-i-akordeonu\/aktualnosci\/miedzynarodowa-konferencja-obojowa1\/","og_site_name":"Akademia Muzyczna im. Krzysztofa Pendereckiego w Krakowie","article_publisher":"https:\/\/www.facebook.com\/amuz.krakow","article_modified_time":"2022-02-25T13:48:19+00:00","og_image":[{"width":1400,"height":1971,"url":"https:\/\/www.amuz.krakow.pl\/wp-content\/uploads\/2022\/02\/KONFERENCJA-OBOJOWA-B2.png","type":"image\/png"}],"twitter_card":"summary_large_image","twitter_misc":{"Est. reading time":"5 minutes"},"schema":{"@context":"https:\/\/schema.org","@graph":[{"@type":"WebPage","@id":"https:\/\/www.amuz.krakow.pl\/wydzialy\/wydzial-ii-instrumentalny\/katedra-instrumentow-detych-i-akordeonu\/aktualnosci\/miedzynarodowa-konferencja-obojowa1\/","url":"https:\/\/www.amuz.krakow.pl\/wydzialy\/wydzial-ii-instrumentalny\/katedra-instrumentow-detych-i-akordeonu\/aktualnosci\/miedzynarodowa-konferencja-obojowa1\/","name":"AMKP - Akademia Muzyczna im. Krzysztofa Pendereckiego w Krakowie","isPartOf":{"@id":"https:\/\/www.amuz.krakow.pl\/#website"},"datePublished":"2022-01-11T10:28:28+00:00","dateModified":"2022-02-25T13:48:19+00:00","breadcrumb":{"@id":"https:\/\/www.amuz.krakow.pl\/wydzialy\/wydzial-ii-instrumentalny\/katedra-instrumentow-detych-i-akordeonu\/aktualnosci\/miedzynarodowa-konferencja-obojowa1\/#breadcrumb"},"inLanguage":"en-US","potentialAction":[{"@type":"ReadAction","target":["https:\/\/www.amuz.krakow.pl\/wydzialy\/wydzial-ii-instrumentalny\/katedra-instrumentow-detych-i-akordeonu\/aktualnosci\/miedzynarodowa-konferencja-obojowa1\/"]}]},{"@type":"BreadcrumbList","@id":"https:\/\/www.amuz.krakow.pl\/wydzialy\/wydzial-ii-instrumentalny\/katedra-instrumentow-detych-i-akordeonu\/aktualnosci\/miedzynarodowa-konferencja-obojowa1\/#breadcrumb","itemListElement":[{"@type":"ListItem","position":1,"name":"Strona g\u0142\u00f3wna","item":"https:\/\/www.amuz.krakow.pl\/"},{"@type":"ListItem","position":2,"name":"WYDZIA\u0141Y","item":"https:\/\/www.amuz.krakow.pl\/wydzialy\/"},{"@type":"ListItem","position":3,"name":"Wydzia\u0142 Instrumentalny","item":"https:\/\/www.amuz.krakow.pl\/wydzialy\/wydzial-ii-instrumentalny\/"},{"@type":"ListItem","position":4,"name":"Katedra Instrument\u00f3w D\u0119tych i Akordeonu","item":"https:\/\/www.amuz.krakow.pl\/wydzialy\/wydzial-ii-instrumentalny\/katedra-instrumentow-detych-i-akordeonu\/"},{"@type":"ListItem","position":5,"name":"Archiwum wydarze\u0144 2021\/2022","item":"https:\/\/www.amuz.krakow.pl\/wydzialy\/wydzial-ii-instrumentalny\/katedra-instrumentow-detych-i-akordeonu\/aktualnosci\/"},{"@type":"ListItem","position":6,"name":"I Mi\u0119dzynarodowa Konferencja Obojowa"}]},{"@type":"WebSite","@id":"https:\/\/www.amuz.krakow.pl\/#website","url":"https:\/\/www.amuz.krakow.pl\/","name":"Akademia Muzyczna im. Krzysztofa Pendereckiego w Krakowie","description":"Oficjalna strona Akademii Muzycznej im. Krzysztofa Pendereckiego w Krakowie (AMKP).","publisher":{"@id":"https:\/\/www.amuz.krakow.pl\/#organization"},"alternateName":"AMKP","potentialAction":[{"@type":"SearchAction","target":{"@type":"EntryPoint","urlTemplate":"https:\/\/www.amuz.krakow.pl\/?s={search_term_string}"},"query-input":{"@type":"PropertyValueSpecification","valueRequired":true,"valueName":"search_term_string"}}],"inLanguage":"en-US"},{"@type":"Organization","@id":"https:\/\/www.amuz.krakow.pl\/#organization","name":"Akademia Muzyczna im. Krzysztofa Pendereckiego w Krakowie","alternateName":"AMKP","url":"https:\/\/www.amuz.krakow.pl\/","logo":{"@type":"ImageObject","inLanguage":"en-US","@id":"https:\/\/www.amuz.krakow.pl\/#\/schema\/logo\/image\/","url":"https:\/\/www.amuz.krakow.pl\/wp-content\/uploads\/2021\/11\/amkp.jpg","contentUrl":"https:\/\/www.amuz.krakow.pl\/wp-content\/uploads\/2021\/11\/amkp.jpg","width":1193,"height":591,"caption":"Akademia Muzyczna im. Krzysztofa Pendereckiego w Krakowie"},"image":{"@id":"https:\/\/www.amuz.krakow.pl\/#\/schema\/logo\/image\/"},"sameAs":["https:\/\/www.facebook.com\/amuz.krakow","https:\/\/www.instagram.com\/amkpenderecki\/","https:\/\/www.youtube.com\/@amkpenderecki4806"]}]}},"_links":{"self":[{"href":"https:\/\/www.amuz.krakow.pl\/en\/wp-json\/wp\/v2\/pages\/57542","targetHints":{"allow":["GET"]}}],"collection":[{"href":"https:\/\/www.amuz.krakow.pl\/en\/wp-json\/wp\/v2\/pages"}],"about":[{"href":"https:\/\/www.amuz.krakow.pl\/en\/wp-json\/wp\/v2\/types\/page"}],"author":[{"embeddable":true,"href":"https:\/\/www.amuz.krakow.pl\/en\/wp-json\/wp\/v2\/users\/71"}],"replies":[{"embeddable":true,"href":"https:\/\/www.amuz.krakow.pl\/en\/wp-json\/wp\/v2\/comments?post=57542"}],"version-history":[{"count":8,"href":"https:\/\/www.amuz.krakow.pl\/en\/wp-json\/wp\/v2\/pages\/57542\/revisions"}],"predecessor-version":[{"id":57840,"href":"https:\/\/www.amuz.krakow.pl\/en\/wp-json\/wp\/v2\/pages\/57542\/revisions\/57840"}],"up":[{"embeddable":true,"href":"https:\/\/www.amuz.krakow.pl\/en\/wp-json\/wp\/v2\/pages\/43666"}],"wp:attachment":[{"href":"https:\/\/www.amuz.krakow.pl\/en\/wp-json\/wp\/v2\/media?parent=57542"}],"curies":[{"name":"wp","href":"https:\/\/api.w.org\/{rel}","templated":true}]}}