{"id":568,"date":"2015-12-15T23:25:24","date_gmt":"2015-12-15T22:25:24","guid":{"rendered":"http:\/\/strony.amuz.krakow.pl\/?page_id=568"},"modified":"2017-01-19T21:32:49","modified_gmt":"2017-01-19T20:32:49","slug":"jan-hoffman-1966-1969","status":"publish","type":"page","link":"https:\/\/www.amuz.krakow.pl\/en\/o-nas\/poczet-rektorow\/rektorzy-akademii-muzycznej\/jan-hoffman-1966-1969\/","title":{"rendered":"Jan Hoffman 1966-1969"},"content":{"rendered":"<p><\/p>\n<p style=\"text-align: justify;\"><strong><a href=\"https:\/\/www.amuz.krakow.pl\/wp-content\/uploads\/2015\/12\/09.-Jan-HOFFMAN-1966-1969.jpg\"><img loading=\"lazy\" decoding=\"async\" class=\"alignleft wp-image-569 size-medium\" src=\"http:\/\/strony.amuz.krakow.pl\/wp-content\/uploads\/2015\/12\/09.-Jan-HOFFMAN-1966-1969-253x300.jpg\" alt=\"Jan HOFFMAN (1966-1969)\" width=\"253\" height=\"300\" srcset=\"https:\/\/www.amuz.krakow.pl\/wp-content\/uploads\/2015\/12\/09.-Jan-HOFFMAN-1966-1969-253x300.jpg 253w, https:\/\/www.amuz.krakow.pl\/wp-content\/uploads\/2015\/12\/09.-Jan-HOFFMAN-1966-1969.jpg 283w\" sizes=\"auto, (max-width: 253px) 100vw, 253px\" \/><\/a>b Krak\u00f3w 11 June 1906, d Krak\u00f3w 25 October 1995<\/strong><\/p>\n<p style=\"text-align: justify;\">Rector of the PWSM (1966-69)<br \/>\nPianist, teacher and music editor<\/p>\n<p style=\"text-align: justify;\">Studied piano with J. \u015aliwi\u0144ski and W. \u0141abu\u0144ski at the Conservatory of the Music Society in Krak\u00f3w, and after graduating from the conservatory (1928) \u2013 with E. Petri in Krak\u00f3w and Berlin. Professor of the Krak\u00f3w Conservatory in the years 1931-33. Gave private piano lessons in Krak\u00f3w, Lvov and Bielsko. The outbreak of war found him in Lvov; in the years 1940-41 he was associate professor at the Lvov Conservatory. After the war, together with Z. Drzewiecki, he co-organized PWSM in Krak\u00f3w. Five times he was a\u00a0jury member of the International Chopin Competition in Warsaw, as well as member of the jury of prestigious piano competitions abroad. He edited about 170 piano works for PWM. He willingly performed Polish contemporary music (Lutos\u0142awski, Spisak, Sza\u0142owski i\u00a0Malawski), he was the first performer of Symphonic Etudes by Malawski. However, a\u00a0special place in his repertoire was reserved for the music of Bach, including the famous performances of concertos for 2, 3 and 4 pianos with Z. Drzewiecki, B. Wojtowicz and J. Ekier. As a\u00a0teacher, he paid particular attention to musical and psychological side of interpretation and on the development of artistic personality. Among his students were: W. K\u0119dra, J. Baster, J. Dolny, M. Drewnowski, A. Wodnicki.<\/p>\n<p style=\"text-align: justify;\">His rectorship was marked by animation in the life of the School. In 1966 he initiated Postgraduate Study in Music Editing, led by the director and editor of PWM edition M. Tomaszewski. He placed particular importance on the work of academic orchestra (under K. Missona) and choir (under J. Przybylski) \u2013 PWSM Orchestra and Choir appeared at the Higher Schools of Music Festival in Pozna\u0144 and in the National Philharmonic Hall in Warsaw performing Mozart Requiem. He also invited distinguished scholars to give lectures open to all students. Friendly, but also very demanding towards the youth, he willingly supported the activities of youth organizations, especially these of the Polish Students Association.<\/p>\n<p style=\"text-align: justify;\">For his activity he was honoured with the Commander\u2019s Cross with Star of the Order of Polonia Restituta (1980), Order of the Labour Banner 1st class. (1988), three times he received the 1st degree Prize of the Ministry of Culture and Art (1964, 1968, 1986).<\/p>\n<p style=\"text-align: justify;\">Leszek Polony<\/p>\n<p><\/p>","protected":false},"excerpt":{"rendered":"<p>b Krak\u00f3w 11 June 1906, d Krak\u00f3w 25 October 1995 Rector of the PWSM (1966-69) Pianist, teacher and music editor Studied piano with J. \u015aliwi\u0144ski and W. \u0141abu\u0144ski at the&hellip; <a href=\"https:\/\/www.amuz.krakow.pl\/en\/o-nas\/poczet-rektorow\/rektorzy-akademii-muzycznej\/jan-hoffman-1966-1969\/\">Continue reading<\/a><\/p>\n","protected":false},"author":72,"featured_media":0,"parent":478,"menu_order":9,"comment_status":"closed","ping_status":"closed","template":"","meta":{"footnotes":"","_links_to":"","_links_to_target":""},"class_list":["post-568","page","type-page","status-publish","hentry"],"yoast_head":"<!-- This site is optimized with the Yoast SEO plugin v27.2 - https:\/\/yoast.com\/product\/yoast-seo-wordpress\/ -->\n<title>AMKP - Akademia Muzyczna im. Krzysztofa Pendereckiego w Krakowie<\/title>\n<meta name=\"robots\" content=\"index, follow, max-snippet:-1, max-image-preview:large, max-video-preview:-1\" \/>\n<link rel=\"canonical\" href=\"https:\/\/www.amuz.krakow.pl\/o-nas\/poczet-rektorow\/rektorzy-akademii-muzycznej\/jan-hoffman-1966-1969\/\" \/>\n<meta property=\"og:locale\" content=\"en_US\" \/>\n<meta property=\"og:type\" content=\"article\" \/>\n<meta property=\"og:title\" content=\"AMKP - Akademia Muzyczna im. Krzysztofa Pendereckiego w Krakowie\" \/>\n<meta property=\"og:description\" content=\"b Krak\u00f3w 11 June 1906, d Krak\u00f3w 25 October 1995 Rector of the PWSM (1966-69) Pianist, teacher and music editor Studied piano with J. \u015aliwi\u0144ski and W. \u0141abu\u0144ski at the&hellip; Continue reading\" \/>\n<meta property=\"og:url\" content=\"https:\/\/www.amuz.krakow.pl\/o-nas\/poczet-rektorow\/rektorzy-akademii-muzycznej\/jan-hoffman-1966-1969\/\" \/>\n<meta property=\"og:site_name\" content=\"Akademia Muzyczna im. Krzysztofa Pendereckiego w Krakowie\" \/>\n<meta property=\"article:publisher\" content=\"https:\/\/www.facebook.com\/amuz.krakow\" \/>\n<meta property=\"article:modified_time\" content=\"2017-01-19T20:32:49+00:00\" \/>\n<meta property=\"og:image\" content=\"https:\/\/www.amuz.krakow.pl\/wp-content\/uploads\/2015\/12\/09.-Jan-HOFFMAN-1966-1969-253x300.jpg\" \/>\n<meta name=\"twitter:card\" content=\"summary_large_image\" \/>\n<meta name=\"twitter:label1\" content=\"Est. reading time\" \/>\n\t<meta name=\"twitter:data1\" content=\"4 minutes\" \/>\n<script type=\"application\/ld+json\" class=\"yoast-schema-graph\">{\"@context\":\"https:\/\/schema.org\",\"@graph\":[{\"@type\":\"WebPage\",\"@id\":\"https:\/\/www.amuz.krakow.pl\/o-nas\/poczet-rektorow\/rektorzy-akademii-muzycznej\/jan-hoffman-1966-1969\/\",\"url\":\"https:\/\/www.amuz.krakow.pl\/o-nas\/poczet-rektorow\/rektorzy-akademii-muzycznej\/jan-hoffman-1966-1969\/\",\"name\":\"AMKP - Akademia Muzyczna im. Krzysztofa Pendereckiego w Krakowie\",\"isPartOf\":{\"@id\":\"https:\/\/www.amuz.krakow.pl\/#website\"},\"primaryImageOfPage\":{\"@id\":\"https:\/\/www.amuz.krakow.pl\/o-nas\/poczet-rektorow\/rektorzy-akademii-muzycznej\/jan-hoffman-1966-1969\/#primaryimage\"},\"image\":{\"@id\":\"https:\/\/www.amuz.krakow.pl\/o-nas\/poczet-rektorow\/rektorzy-akademii-muzycznej\/jan-hoffman-1966-1969\/#primaryimage\"},\"thumbnailUrl\":\"https:\/\/www.amuz.krakow.pl\/wp-content\/uploads\/2015\/12\/09.-Jan-HOFFMAN-1966-1969-253x300.jpg\",\"datePublished\":\"2015-12-15T22:25:24+00:00\",\"dateModified\":\"2017-01-19T20:32:49+00:00\",\"breadcrumb\":{\"@id\":\"https:\/\/www.amuz.krakow.pl\/o-nas\/poczet-rektorow\/rektorzy-akademii-muzycznej\/jan-hoffman-1966-1969\/#breadcrumb\"},\"inLanguage\":\"en-US\",\"potentialAction\":[{\"@type\":\"ReadAction\",\"target\":[\"https:\/\/www.amuz.krakow.pl\/o-nas\/poczet-rektorow\/rektorzy-akademii-muzycznej\/jan-hoffman-1966-1969\/\"]}]},{\"@type\":\"ImageObject\",\"inLanguage\":\"en-US\",\"@id\":\"https:\/\/www.amuz.krakow.pl\/o-nas\/poczet-rektorow\/rektorzy-akademii-muzycznej\/jan-hoffman-1966-1969\/#primaryimage\",\"url\":\"https:\/\/www.amuz.krakow.pl\/wp-content\/uploads\/2015\/12\/09.-Jan-HOFFMAN-1966-1969-253x300.jpg\",\"contentUrl\":\"https:\/\/www.amuz.krakow.pl\/wp-content\/uploads\/2015\/12\/09.-Jan-HOFFMAN-1966-1969-253x300.jpg\"},{\"@type\":\"BreadcrumbList\",\"@id\":\"https:\/\/www.amuz.krakow.pl\/o-nas\/poczet-rektorow\/rektorzy-akademii-muzycznej\/jan-hoffman-1966-1969\/#breadcrumb\",\"itemListElement\":[{\"@type\":\"ListItem\",\"position\":1,\"name\":\"Strona g\u0142\u00f3wna\",\"item\":\"https:\/\/www.amuz.krakow.pl\/\"},{\"@type\":\"ListItem\",\"position\":2,\"name\":\"O&nbsp;nas\",\"item\":\"https:\/\/www.amuz.krakow.pl\/o-nas\/\"},{\"@type\":\"ListItem\",\"position\":3,\"name\":\"Poczet Rektor\u00f3w\",\"item\":\"https:\/\/www.amuz.krakow.pl\/o-nas\/poczet-rektorow\/\"},{\"@type\":\"ListItem\",\"position\":4,\"name\":\"Rektorzy Akademii Muzycznej im. Krzysztofa Pendereckiego\",\"item\":\"https:\/\/www.amuz.krakow.pl\/o-nas\/poczet-rektorow\/rektorzy-akademii-muzycznej\/mariusz-sielski-2024\/\"},{\"@type\":\"ListItem\",\"position\":5,\"name\":\"Jan Hoffman 1966-1969\"}]},{\"@type\":\"WebSite\",\"@id\":\"https:\/\/www.amuz.krakow.pl\/#website\",\"url\":\"https:\/\/www.amuz.krakow.pl\/\",\"name\":\"Akademia Muzyczna im. Krzysztofa Pendereckiego w Krakowie\",\"description\":\"Oficjalna strona Akademii Muzycznej im. Krzysztofa Pendereckiego w Krakowie (AMKP).\",\"publisher\":{\"@id\":\"https:\/\/www.amuz.krakow.pl\/#organization\"},\"alternateName\":\"AMKP\",\"potentialAction\":[{\"@type\":\"SearchAction\",\"target\":{\"@type\":\"EntryPoint\",\"urlTemplate\":\"https:\/\/www.amuz.krakow.pl\/?s={search_term_string}\"},\"query-input\":{\"@type\":\"PropertyValueSpecification\",\"valueRequired\":true,\"valueName\":\"search_term_string\"}}],\"inLanguage\":\"en-US\"},{\"@type\":\"Organization\",\"@id\":\"https:\/\/www.amuz.krakow.pl\/#organization\",\"name\":\"Akademia Muzyczna im. Krzysztofa Pendereckiego w Krakowie\",\"alternateName\":\"AMKP\",\"url\":\"https:\/\/www.amuz.krakow.pl\/\",\"logo\":{\"@type\":\"ImageObject\",\"inLanguage\":\"en-US\",\"@id\":\"https:\/\/www.amuz.krakow.pl\/#\/schema\/logo\/image\/\",\"url\":\"https:\/\/www.amuz.krakow.pl\/wp-content\/uploads\/2021\/11\/amkp.jpg\",\"contentUrl\":\"https:\/\/www.amuz.krakow.pl\/wp-content\/uploads\/2021\/11\/amkp.jpg\",\"width\":1193,\"height\":591,\"caption\":\"Akademia Muzyczna im. Krzysztofa Pendereckiego w Krakowie\"},\"image\":{\"@id\":\"https:\/\/www.amuz.krakow.pl\/#\/schema\/logo\/image\/\"},\"sameAs\":[\"https:\/\/www.facebook.com\/amuz.krakow\",\"https:\/\/www.instagram.com\/amkpenderecki\/\",\"https:\/\/www.youtube.com\/@amkpenderecki4806\"]}]}<\/script>\n<!-- \/ Yoast SEO plugin. -->","yoast_head_json":{"title":"AMKP - Akademia Muzyczna im. Krzysztofa Pendereckiego w Krakowie","robots":{"index":"index","follow":"follow","max-snippet":"max-snippet:-1","max-image-preview":"max-image-preview:large","max-video-preview":"max-video-preview:-1"},"canonical":"https:\/\/www.amuz.krakow.pl\/o-nas\/poczet-rektorow\/rektorzy-akademii-muzycznej\/jan-hoffman-1966-1969\/","og_locale":"en_US","og_type":"article","og_title":"AMKP - Akademia Muzyczna im. Krzysztofa Pendereckiego w Krakowie","og_description":"b Krak\u00f3w 11 June 1906, d Krak\u00f3w 25 October 1995 Rector of the PWSM (1966-69) Pianist, teacher and music editor Studied piano with J. \u015aliwi\u0144ski and W. \u0141abu\u0144ski at the&hellip; Continue reading","og_url":"https:\/\/www.amuz.krakow.pl\/o-nas\/poczet-rektorow\/rektorzy-akademii-muzycznej\/jan-hoffman-1966-1969\/","og_site_name":"Akademia Muzyczna im. Krzysztofa Pendereckiego w Krakowie","article_publisher":"https:\/\/www.facebook.com\/amuz.krakow","article_modified_time":"2017-01-19T20:32:49+00:00","og_image":[{"url":"https:\/\/www.amuz.krakow.pl\/wp-content\/uploads\/2015\/12\/09.-Jan-HOFFMAN-1966-1969-253x300.jpg","type":"","width":"","height":""}],"twitter_card":"summary_large_image","twitter_misc":{"Est. reading time":"4 minutes"},"schema":{"@context":"https:\/\/schema.org","@graph":[{"@type":"WebPage","@id":"https:\/\/www.amuz.krakow.pl\/o-nas\/poczet-rektorow\/rektorzy-akademii-muzycznej\/jan-hoffman-1966-1969\/","url":"https:\/\/www.amuz.krakow.pl\/o-nas\/poczet-rektorow\/rektorzy-akademii-muzycznej\/jan-hoffman-1966-1969\/","name":"AMKP - Akademia Muzyczna im. Krzysztofa Pendereckiego w Krakowie","isPartOf":{"@id":"https:\/\/www.amuz.krakow.pl\/#website"},"primaryImageOfPage":{"@id":"https:\/\/www.amuz.krakow.pl\/o-nas\/poczet-rektorow\/rektorzy-akademii-muzycznej\/jan-hoffman-1966-1969\/#primaryimage"},"image":{"@id":"https:\/\/www.amuz.krakow.pl\/o-nas\/poczet-rektorow\/rektorzy-akademii-muzycznej\/jan-hoffman-1966-1969\/#primaryimage"},"thumbnailUrl":"https:\/\/www.amuz.krakow.pl\/wp-content\/uploads\/2015\/12\/09.-Jan-HOFFMAN-1966-1969-253x300.jpg","datePublished":"2015-12-15T22:25:24+00:00","dateModified":"2017-01-19T20:32:49+00:00","breadcrumb":{"@id":"https:\/\/www.amuz.krakow.pl\/o-nas\/poczet-rektorow\/rektorzy-akademii-muzycznej\/jan-hoffman-1966-1969\/#breadcrumb"},"inLanguage":"en-US","potentialAction":[{"@type":"ReadAction","target":["https:\/\/www.amuz.krakow.pl\/o-nas\/poczet-rektorow\/rektorzy-akademii-muzycznej\/jan-hoffman-1966-1969\/"]}]},{"@type":"ImageObject","inLanguage":"en-US","@id":"https:\/\/www.amuz.krakow.pl\/o-nas\/poczet-rektorow\/rektorzy-akademii-muzycznej\/jan-hoffman-1966-1969\/#primaryimage","url":"https:\/\/www.amuz.krakow.pl\/wp-content\/uploads\/2015\/12\/09.-Jan-HOFFMAN-1966-1969-253x300.jpg","contentUrl":"https:\/\/www.amuz.krakow.pl\/wp-content\/uploads\/2015\/12\/09.-Jan-HOFFMAN-1966-1969-253x300.jpg"},{"@type":"BreadcrumbList","@id":"https:\/\/www.amuz.krakow.pl\/o-nas\/poczet-rektorow\/rektorzy-akademii-muzycznej\/jan-hoffman-1966-1969\/#breadcrumb","itemListElement":[{"@type":"ListItem","position":1,"name":"Strona g\u0142\u00f3wna","item":"https:\/\/www.amuz.krakow.pl\/"},{"@type":"ListItem","position":2,"name":"O&nbsp;nas","item":"https:\/\/www.amuz.krakow.pl\/o-nas\/"},{"@type":"ListItem","position":3,"name":"Poczet Rektor\u00f3w","item":"https:\/\/www.amuz.krakow.pl\/o-nas\/poczet-rektorow\/"},{"@type":"ListItem","position":4,"name":"Rektorzy Akademii Muzycznej im. Krzysztofa Pendereckiego","item":"https:\/\/www.amuz.krakow.pl\/o-nas\/poczet-rektorow\/rektorzy-akademii-muzycznej\/mariusz-sielski-2024\/"},{"@type":"ListItem","position":5,"name":"Jan Hoffman 1966-1969"}]},{"@type":"WebSite","@id":"https:\/\/www.amuz.krakow.pl\/#website","url":"https:\/\/www.amuz.krakow.pl\/","name":"Akademia Muzyczna im. Krzysztofa Pendereckiego w Krakowie","description":"Oficjalna strona Akademii Muzycznej im. Krzysztofa Pendereckiego w Krakowie (AMKP).","publisher":{"@id":"https:\/\/www.amuz.krakow.pl\/#organization"},"alternateName":"AMKP","potentialAction":[{"@type":"SearchAction","target":{"@type":"EntryPoint","urlTemplate":"https:\/\/www.amuz.krakow.pl\/?s={search_term_string}"},"query-input":{"@type":"PropertyValueSpecification","valueRequired":true,"valueName":"search_term_string"}}],"inLanguage":"en-US"},{"@type":"Organization","@id":"https:\/\/www.amuz.krakow.pl\/#organization","name":"Akademia Muzyczna im. Krzysztofa Pendereckiego w Krakowie","alternateName":"AMKP","url":"https:\/\/www.amuz.krakow.pl\/","logo":{"@type":"ImageObject","inLanguage":"en-US","@id":"https:\/\/www.amuz.krakow.pl\/#\/schema\/logo\/image\/","url":"https:\/\/www.amuz.krakow.pl\/wp-content\/uploads\/2021\/11\/amkp.jpg","contentUrl":"https:\/\/www.amuz.krakow.pl\/wp-content\/uploads\/2021\/11\/amkp.jpg","width":1193,"height":591,"caption":"Akademia Muzyczna im. Krzysztofa Pendereckiego w Krakowie"},"image":{"@id":"https:\/\/www.amuz.krakow.pl\/#\/schema\/logo\/image\/"},"sameAs":["https:\/\/www.facebook.com\/amuz.krakow","https:\/\/www.instagram.com\/amkpenderecki\/","https:\/\/www.youtube.com\/@amkpenderecki4806"]}]}},"_links":{"self":[{"href":"https:\/\/www.amuz.krakow.pl\/en\/wp-json\/wp\/v2\/pages\/568","targetHints":{"allow":["GET"]}}],"collection":[{"href":"https:\/\/www.amuz.krakow.pl\/en\/wp-json\/wp\/v2\/pages"}],"about":[{"href":"https:\/\/www.amuz.krakow.pl\/en\/wp-json\/wp\/v2\/types\/page"}],"author":[{"embeddable":true,"href":"https:\/\/www.amuz.krakow.pl\/en\/wp-json\/wp\/v2\/users\/72"}],"replies":[{"embeddable":true,"href":"https:\/\/www.amuz.krakow.pl\/en\/wp-json\/wp\/v2\/comments?post=568"}],"version-history":[{"count":0,"href":"https:\/\/www.amuz.krakow.pl\/en\/wp-json\/wp\/v2\/pages\/568\/revisions"}],"up":[{"embeddable":true,"href":"https:\/\/www.amuz.krakow.pl\/en\/wp-json\/wp\/v2\/pages\/478"}],"wp:attachment":[{"href":"https:\/\/www.amuz.krakow.pl\/en\/wp-json\/wp\/v2\/media?parent=568"}],"curies":[{"name":"wp","href":"https:\/\/api.w.org\/{rel}","templated":true}]}}