{"id":560,"date":"2015-12-14T22:33:08","date_gmt":"2015-12-14T21:33:08","guid":{"rendered":"http:\/\/strony.amuz.krakow.pl\/?page_id=560"},"modified":"2024-11-04T14:50:08","modified_gmt":"2024-11-04T13:50:08","slug":"eugenia-uminska-1964-1966","status":"publish","type":"page","link":"https:\/\/www.amuz.krakow.pl\/en\/o-nas\/poczet-rektorow\/rektorzy-akademii-muzycznej\/eugenia-uminska-1964-1966\/","title":{"rendered":"Eugenia Umi\u0144ska 1964-1966"},"content":{"rendered":"<p><\/p>\n<p style=\"text-align: justify;\"><strong><a href=\"https:\/\/www.amuz.krakow.pl\/wp-content\/uploads\/2015\/12\/08.-Eugenia-UMI\u0143SKA-1964-1966.jpg\"><img loading=\"lazy\" decoding=\"async\" class=\"alignleft wp-image-561 size-medium\" src=\"http:\/\/strony.amuz.krakow.pl\/wp-content\/uploads\/2015\/12\/08.-Eugenia-UMI\u0143SKA-1964-1966-253x300.jpg\" alt=\"Eugenia UMI\u0143SKA (1964-1966)\" width=\"253\" height=\"300\" srcset=\"https:\/\/www.amuz.krakow.pl\/wp-content\/uploads\/2015\/12\/08.-Eugenia-UMI\u0143SKA-1964-1966-253x300.jpg 253w, https:\/\/www.amuz.krakow.pl\/wp-content\/uploads\/2015\/12\/08.-Eugenia-UMI\u0143SKA-1964-1966.jpg 283w\" sizes=\"auto, (max-width: 253px) 100vw, 253px\" \/><\/a>b Warsaw 4 October 1910, d Krak\u00f3w 20 November 1980<\/strong><\/p>\n<p style=\"text-align: justify;\">Rector of the PWSM (1964-66)<br \/>\nViolinist, teacher and music editor<\/p>\n<p style=\"text-align: justify;\">She studied violin wit J. Jarz\u0119bski at the conservatory in Warsaw, with O. \u0160evcik in Prague and with G. Enescu in Paris. She gave concerts in many European countries. She was the first performer of many works written by Polish composers and an outstanding interpreter of the works of K. Szymanowski, with whom she performed and recorded. During the Nazi occupation she performed as a\u00a0soloist and chamber musician in the music caf\u00e9 of B. Woytowicz and other places accessible to Polish citizens. Then, as a\u00a0consequence of her patriotic attitude, she had to hide from the Gestapo. Awarded by PWM Edition for her initiative in performing Polish music (1948). In 1949 she was honoured with the Order of the Banner of Labour. At PWM she prepared for print many works of Polish composers, such as K. Szymanowski, H. Wieniawski, Z. Noskowski, A. Andrzejewski, A. Zarzycki, A. Malawski. Among her students are: K. Danczowska, J. Kaliszewska, T. G\u0142\u0105b\u00f3wna, W. Kwa\u015bny.<\/p>\n<p style=\"text-align: justify;\">She was the Rector of the School in the difficult times after the death of B. Rutkowski, helped by Prorector J. Hoffman. In 1965, in cooperation with Krak\u00f3w Philhamonics, the school initiated the festival Days of Organ Music.<\/p>\n<p style=\"text-align: justify;\">Leszek Polony<\/p>\n<p><\/p>","protected":false},"excerpt":{"rendered":"<p>b Warsaw 4 October 1910, d Krak\u00f3w 20 November 1980 Rector of the PWSM (1964-66) Violinist, teacher and music editor She studied violin wit J. Jarz\u0119bski at the conservatory in&hellip; <a href=\"https:\/\/www.amuz.krakow.pl\/en\/o-nas\/poczet-rektorow\/rektorzy-akademii-muzycznej\/eugenia-uminska-1964-1966\/\">Continue reading<\/a><\/p>\n","protected":false},"author":72,"featured_media":0,"parent":478,"menu_order":8,"comment_status":"closed","ping_status":"closed","template":"","meta":{"footnotes":"","_links_to":"","_links_to_target":""},"class_list":["post-560","page","type-page","status-publish","hentry"],"yoast_head":"<!-- This site is optimized with the Yoast SEO plugin v27.4 - https:\/\/yoast.com\/product\/yoast-seo-wordpress\/ -->\n<title>AMKP - Akademia Muzyczna im. Krzysztofa Pendereckiego w Krakowie<\/title>\n<meta name=\"robots\" content=\"index, follow, max-snippet:-1, max-image-preview:large, max-video-preview:-1\" \/>\n<link rel=\"canonical\" href=\"https:\/\/www.amuz.krakow.pl\/o-nas\/poczet-rektorow\/rektorzy-akademii-muzycznej\/eugenia-uminska-1964-1966\/\" \/>\n<meta property=\"og:locale\" content=\"en_US\" \/>\n<meta property=\"og:type\" content=\"article\" \/>\n<meta property=\"og:title\" content=\"AMKP - Akademia Muzyczna im. Krzysztofa Pendereckiego w Krakowie\" \/>\n<meta property=\"og:description\" content=\"b Warsaw 4 October 1910, d Krak\u00f3w 20 November 1980 Rector of the PWSM (1964-66) Violinist, teacher and music editor She studied violin wit J. Jarz\u0119bski at the conservatory in&hellip; Continue reading\" \/>\n<meta property=\"og:url\" content=\"https:\/\/www.amuz.krakow.pl\/o-nas\/poczet-rektorow\/rektorzy-akademii-muzycznej\/eugenia-uminska-1964-1966\/\" \/>\n<meta property=\"og:site_name\" content=\"Akademia Muzyczna im. Krzysztofa Pendereckiego w Krakowie\" \/>\n<meta property=\"article:publisher\" content=\"https:\/\/www.facebook.com\/amuz.krakow\" \/>\n<meta property=\"article:modified_time\" content=\"2024-11-04T13:50:08+00:00\" \/>\n<meta property=\"og:image\" content=\"https:\/\/www.amuz.krakow.pl\/wp-content\/uploads\/2021\/11\/amkp.jpg\" \/>\n\t<meta property=\"og:image:width\" content=\"1193\" \/>\n\t<meta property=\"og:image:height\" content=\"591\" \/>\n\t<meta property=\"og:image:type\" content=\"image\/jpeg\" \/>\n<meta name=\"twitter:card\" content=\"summary_large_image\" \/>\n<meta name=\"twitter:label1\" content=\"Est. reading time\" \/>\n\t<meta name=\"twitter:data1\" content=\"2 minutes\" \/>\n<script type=\"application\/ld+json\" class=\"yoast-schema-graph\">{\"@context\":\"https:\\\/\\\/schema.org\",\"@graph\":[{\"@type\":\"WebPage\",\"@id\":\"https:\\\/\\\/www.amuz.krakow.pl\\\/o-nas\\\/poczet-rektorow\\\/rektorzy-akademii-muzycznej\\\/eugenia-uminska-1964-1966\\\/\",\"url\":\"https:\\\/\\\/www.amuz.krakow.pl\\\/o-nas\\\/poczet-rektorow\\\/rektorzy-akademii-muzycznej\\\/eugenia-uminska-1964-1966\\\/\",\"name\":\"AMKP - Akademia Muzyczna im. Krzysztofa Pendereckiego w Krakowie\",\"isPartOf\":{\"@id\":\"https:\\\/\\\/www.amuz.krakow.pl\\\/#website\"},\"datePublished\":\"2015-12-14T21:33:08+00:00\",\"dateModified\":\"2024-11-04T13:50:08+00:00\",\"breadcrumb\":{\"@id\":\"https:\\\/\\\/www.amuz.krakow.pl\\\/o-nas\\\/poczet-rektorow\\\/rektorzy-akademii-muzycznej\\\/eugenia-uminska-1964-1966\\\/#breadcrumb\"},\"inLanguage\":\"en-US\",\"potentialAction\":[{\"@type\":\"ReadAction\",\"target\":[\"https:\\\/\\\/www.amuz.krakow.pl\\\/o-nas\\\/poczet-rektorow\\\/rektorzy-akademii-muzycznej\\\/eugenia-uminska-1964-1966\\\/\"]}]},{\"@type\":\"BreadcrumbList\",\"@id\":\"https:\\\/\\\/www.amuz.krakow.pl\\\/o-nas\\\/poczet-rektorow\\\/rektorzy-akademii-muzycznej\\\/eugenia-uminska-1964-1966\\\/#breadcrumb\",\"itemListElement\":[{\"@type\":\"ListItem\",\"position\":1,\"name\":\"Strona g\u0142\u00f3wna\",\"item\":\"https:\\\/\\\/www.amuz.krakow.pl\\\/\"},{\"@type\":\"ListItem\",\"position\":2,\"name\":\"O&nbsp;nas\",\"item\":\"https:\\\/\\\/www.amuz.krakow.pl\\\/o-nas\\\/\"},{\"@type\":\"ListItem\",\"position\":3,\"name\":\"Poczet Rektor\u00f3w\",\"item\":\"https:\\\/\\\/www.amuz.krakow.pl\\\/o-nas\\\/poczet-rektorow\\\/\"},{\"@type\":\"ListItem\",\"position\":4,\"name\":\"Rektorzy Akademii Muzycznej im. Krzysztofa Pendereckiego\",\"item\":\"https:\\\/\\\/www.amuz.krakow.pl\\\/o-nas\\\/poczet-rektorow\\\/rektorzy-akademii-muzycznej\\\/mariusz-sielski-2024\\\/\"},{\"@type\":\"ListItem\",\"position\":5,\"name\":\"Eugenia Umi\u0144ska 1964-1966\"}]},{\"@type\":\"WebSite\",\"@id\":\"https:\\\/\\\/www.amuz.krakow.pl\\\/#website\",\"url\":\"https:\\\/\\\/www.amuz.krakow.pl\\\/\",\"name\":\"Akademia Muzyczna im. Krzysztofa Pendereckiego w Krakowie\",\"description\":\"Oficjalna strona Akademii Muzycznej im. Krzysztofa Pendereckiego w Krakowie (AMKP).\",\"publisher\":{\"@id\":\"https:\\\/\\\/www.amuz.krakow.pl\\\/#organization\"},\"alternateName\":\"AMKP\",\"potentialAction\":[{\"@type\":\"SearchAction\",\"target\":{\"@type\":\"EntryPoint\",\"urlTemplate\":\"https:\\\/\\\/www.amuz.krakow.pl\\\/?s={search_term_string}\"},\"query-input\":{\"@type\":\"PropertyValueSpecification\",\"valueRequired\":true,\"valueName\":\"search_term_string\"}}],\"inLanguage\":\"en-US\"},{\"@type\":\"Organization\",\"@id\":\"https:\\\/\\\/www.amuz.krakow.pl\\\/#organization\",\"name\":\"Akademia Muzyczna im. Krzysztofa Pendereckiego w Krakowie\",\"alternateName\":\"AMKP\",\"url\":\"https:\\\/\\\/www.amuz.krakow.pl\\\/\",\"logo\":{\"@type\":\"ImageObject\",\"inLanguage\":\"en-US\",\"@id\":\"https:\\\/\\\/www.amuz.krakow.pl\\\/#\\\/schema\\\/logo\\\/image\\\/\",\"url\":\"https:\\\/\\\/www.amuz.krakow.pl\\\/wp-content\\\/uploads\\\/2021\\\/11\\\/amkp.jpg\",\"contentUrl\":\"https:\\\/\\\/www.amuz.krakow.pl\\\/wp-content\\\/uploads\\\/2021\\\/11\\\/amkp.jpg\",\"width\":1193,\"height\":591,\"caption\":\"Akademia Muzyczna im. Krzysztofa Pendereckiego w Krakowie\"},\"image\":{\"@id\":\"https:\\\/\\\/www.amuz.krakow.pl\\\/#\\\/schema\\\/logo\\\/image\\\/\"},\"sameAs\":[\"https:\\\/\\\/www.facebook.com\\\/amuz.krakow\",\"https:\\\/\\\/www.instagram.com\\\/amkpenderecki\\\/\",\"https:\\\/\\\/www.youtube.com\\\/@amkpenderecki4806\"]}]}<\/script>\n<!-- \/ Yoast SEO plugin. -->","yoast_head_json":{"title":"AMKP - Akademia Muzyczna im. Krzysztofa Pendereckiego w Krakowie","robots":{"index":"index","follow":"follow","max-snippet":"max-snippet:-1","max-image-preview":"max-image-preview:large","max-video-preview":"max-video-preview:-1"},"canonical":"https:\/\/www.amuz.krakow.pl\/o-nas\/poczet-rektorow\/rektorzy-akademii-muzycznej\/eugenia-uminska-1964-1966\/","og_locale":"en_US","og_type":"article","og_title":"AMKP - Akademia Muzyczna im. Krzysztofa Pendereckiego w Krakowie","og_description":"b Warsaw 4 October 1910, d Krak\u00f3w 20 November 1980 Rector of the PWSM (1964-66) Violinist, teacher and music editor She studied violin wit J. Jarz\u0119bski at the conservatory in&hellip; Continue reading","og_url":"https:\/\/www.amuz.krakow.pl\/o-nas\/poczet-rektorow\/rektorzy-akademii-muzycznej\/eugenia-uminska-1964-1966\/","og_site_name":"Akademia Muzyczna im. Krzysztofa Pendereckiego w Krakowie","article_publisher":"https:\/\/www.facebook.com\/amuz.krakow","article_modified_time":"2024-11-04T13:50:08+00:00","og_image":[{"width":1193,"height":591,"url":"https:\/\/www.amuz.krakow.pl\/wp-content\/uploads\/2021\/11\/amkp.jpg","type":"image\/jpeg"}],"twitter_card":"summary_large_image","twitter_misc":{"Est. reading time":"2 minutes"},"schema":{"@context":"https:\/\/schema.org","@graph":[{"@type":"WebPage","@id":"https:\/\/www.amuz.krakow.pl\/o-nas\/poczet-rektorow\/rektorzy-akademii-muzycznej\/eugenia-uminska-1964-1966\/","url":"https:\/\/www.amuz.krakow.pl\/o-nas\/poczet-rektorow\/rektorzy-akademii-muzycznej\/eugenia-uminska-1964-1966\/","name":"AMKP - Akademia Muzyczna im. Krzysztofa Pendereckiego w Krakowie","isPartOf":{"@id":"https:\/\/www.amuz.krakow.pl\/#website"},"datePublished":"2015-12-14T21:33:08+00:00","dateModified":"2024-11-04T13:50:08+00:00","breadcrumb":{"@id":"https:\/\/www.amuz.krakow.pl\/o-nas\/poczet-rektorow\/rektorzy-akademii-muzycznej\/eugenia-uminska-1964-1966\/#breadcrumb"},"inLanguage":"en-US","potentialAction":[{"@type":"ReadAction","target":["https:\/\/www.amuz.krakow.pl\/o-nas\/poczet-rektorow\/rektorzy-akademii-muzycznej\/eugenia-uminska-1964-1966\/"]}]},{"@type":"BreadcrumbList","@id":"https:\/\/www.amuz.krakow.pl\/o-nas\/poczet-rektorow\/rektorzy-akademii-muzycznej\/eugenia-uminska-1964-1966\/#breadcrumb","itemListElement":[{"@type":"ListItem","position":1,"name":"Strona g\u0142\u00f3wna","item":"https:\/\/www.amuz.krakow.pl\/"},{"@type":"ListItem","position":2,"name":"O&nbsp;nas","item":"https:\/\/www.amuz.krakow.pl\/o-nas\/"},{"@type":"ListItem","position":3,"name":"Poczet Rektor\u00f3w","item":"https:\/\/www.amuz.krakow.pl\/o-nas\/poczet-rektorow\/"},{"@type":"ListItem","position":4,"name":"Rektorzy Akademii Muzycznej im. Krzysztofa Pendereckiego","item":"https:\/\/www.amuz.krakow.pl\/o-nas\/poczet-rektorow\/rektorzy-akademii-muzycznej\/mariusz-sielski-2024\/"},{"@type":"ListItem","position":5,"name":"Eugenia Umi\u0144ska 1964-1966"}]},{"@type":"WebSite","@id":"https:\/\/www.amuz.krakow.pl\/#website","url":"https:\/\/www.amuz.krakow.pl\/","name":"Akademia Muzyczna im. Krzysztofa Pendereckiego w Krakowie","description":"Oficjalna strona Akademii Muzycznej im. Krzysztofa Pendereckiego w Krakowie (AMKP).","publisher":{"@id":"https:\/\/www.amuz.krakow.pl\/#organization"},"alternateName":"AMKP","potentialAction":[{"@type":"SearchAction","target":{"@type":"EntryPoint","urlTemplate":"https:\/\/www.amuz.krakow.pl\/?s={search_term_string}"},"query-input":{"@type":"PropertyValueSpecification","valueRequired":true,"valueName":"search_term_string"}}],"inLanguage":"en-US"},{"@type":"Organization","@id":"https:\/\/www.amuz.krakow.pl\/#organization","name":"Akademia Muzyczna im. Krzysztofa Pendereckiego w Krakowie","alternateName":"AMKP","url":"https:\/\/www.amuz.krakow.pl\/","logo":{"@type":"ImageObject","inLanguage":"en-US","@id":"https:\/\/www.amuz.krakow.pl\/#\/schema\/logo\/image\/","url":"https:\/\/www.amuz.krakow.pl\/wp-content\/uploads\/2021\/11\/amkp.jpg","contentUrl":"https:\/\/www.amuz.krakow.pl\/wp-content\/uploads\/2021\/11\/amkp.jpg","width":1193,"height":591,"caption":"Akademia Muzyczna im. Krzysztofa Pendereckiego w Krakowie"},"image":{"@id":"https:\/\/www.amuz.krakow.pl\/#\/schema\/logo\/image\/"},"sameAs":["https:\/\/www.facebook.com\/amuz.krakow","https:\/\/www.instagram.com\/amkpenderecki\/","https:\/\/www.youtube.com\/@amkpenderecki4806"]}]}},"_links":{"self":[{"href":"https:\/\/www.amuz.krakow.pl\/en\/wp-json\/wp\/v2\/pages\/560","targetHints":{"allow":["GET"]}}],"collection":[{"href":"https:\/\/www.amuz.krakow.pl\/en\/wp-json\/wp\/v2\/pages"}],"about":[{"href":"https:\/\/www.amuz.krakow.pl\/en\/wp-json\/wp\/v2\/types\/page"}],"author":[{"embeddable":true,"href":"https:\/\/www.amuz.krakow.pl\/en\/wp-json\/wp\/v2\/users\/72"}],"replies":[{"embeddable":true,"href":"https:\/\/www.amuz.krakow.pl\/en\/wp-json\/wp\/v2\/comments?post=560"}],"version-history":[{"count":2,"href":"https:\/\/www.amuz.krakow.pl\/en\/wp-json\/wp\/v2\/pages\/560\/revisions"}],"predecessor-version":[{"id":91977,"href":"https:\/\/www.amuz.krakow.pl\/en\/wp-json\/wp\/v2\/pages\/560\/revisions\/91977"}],"up":[{"embeddable":true,"href":"https:\/\/www.amuz.krakow.pl\/en\/wp-json\/wp\/v2\/pages\/478"}],"wp:attachment":[{"href":"https:\/\/www.amuz.krakow.pl\/en\/wp-json\/wp\/v2\/media?parent=560"}],"curies":[{"name":"wp","href":"https:\/\/api.w.org\/{rel}","templated":true}]}}