{"id":54629,"date":"2021-10-29T23:29:25","date_gmt":"2021-10-29T21:29:25","guid":{"rendered":"https:\/\/www.amuz.krakow.pl\/?page_id=54629"},"modified":"2023-11-29T14:33:04","modified_gmt":"2023-11-29T13:33:04","slug":"tatiana-stachak","status":"publish","type":"page","link":"https:\/\/www.amuz.krakow.pl\/en\/wydzialy\/wydzial-ii-instrumentalny\/katedra-gitary-i-harfy\/wspolpracownicy\/tatiana-stachak\/","title":{"rendered":"mgr Tatiana Stachak"},"content":{"rendered":"<p><figure id=\"attachment_80735\" aria-describedby=\"caption-attachment-80735\" style=\"width: 208px\" class=\"wp-caption alignleft\"><a href=\"https:\/\/www.amuz.krakow.pl\/wp-content\/uploads\/2023\/11\/Tatiana-fot.-archiwum-Wydawnictwa-Euterpe-scaled.jpg\" target=\"_blank\" rel=\"noopener\"><img loading=\"lazy\" decoding=\"async\" class=\"wp-image-80735 size-medium\" src=\"https:\/\/www.amuz.krakow.pl\/wp-content\/uploads\/2023\/11\/Tatiana-fot.-archiwum-Wydawnictwa-Euterpe-208x300.jpg\" alt=\"\" width=\"208\" height=\"300\" srcset=\"https:\/\/www.amuz.krakow.pl\/wp-content\/uploads\/2023\/11\/Tatiana-fot.-archiwum-Wydawnictwa-Euterpe-208x300.jpg 208w, https:\/\/www.amuz.krakow.pl\/wp-content\/uploads\/2023\/11\/Tatiana-fot.-archiwum-Wydawnictwa-Euterpe-scaled.jpg 1422w, https:\/\/www.amuz.krakow.pl\/wp-content\/uploads\/2023\/11\/Tatiana-fot.-archiwum-Wydawnictwa-Euterpe-768x1106.jpg 768w, https:\/\/www.amuz.krakow.pl\/wp-content\/uploads\/2023\/11\/Tatiana-fot.-archiwum-Wydawnictwa-Euterpe-1066x1536.jpg 1066w\" sizes=\"auto, (max-width: 208px) 100vw, 208px\" \/><\/a><figcaption id=\"caption-attachment-80735\" class=\"wp-caption-text\">fot. archiwum Wydawnictwa Euterpe<\/figcaption><\/figure><\/p>\n<p style=\"text-align: justify;\">Guitarist, composer and educator.<\/p>\n<p style=\"text-align: justify;\">Whilst still a student at the Academy of Music, she directed her interest toward the education of young children. Her experience in working with children has led to the publication of numerous educational titles for beginner and intermediate guitarists. EUTERPE has published Stachak\u2019s series of duets\u00a0Ucze\u0144 i Nauczyciel\u00a0[Pupil and Teacher] (vol. 1-3), her collection of miniatures\u00a0Zaproszenie do walca\u00a0[Invitation to the Waltz], two collections of carols &#8211;\u00a0Pierwsza gwiazdka z gitar\u0105\u00a0[The Christmas Eve Star with the Guitar] and\u00a0W dzie\u0144 Bo\u017cego Narodzenia\u00a0[In the Day of Christmas], collection Znam i gram (I play what I know) &#8211; and, with Miros\u0142aw Dro\u017cd\u017cowski, the publication\u00a0Solo &amp; Duo. Her textbooks\u00a0Gitara pierwsza klasa\u00a0[First Class Guitar] and\u00a0Gitara ekstra klasa\u00a0[Extra Class Guitar] have become a permanent fixture in the canon of music education in Poland, whilst gaining ever more recognition abroad. Stachak is also co-author of the series of textbooks for ear and rhythm training\u00a0Nasza muzyka\u00a0[Our Music] (vol. 1-6) and\u00a0Nowy solfe\u017c\u00a0[New Solfeggio], prepared together with Ilona Tomera-Chmiel and Lidia Florek-Stok\u0142osa.<br \/>\nShe is currently actively engaged in educational activities; giving lectures and workshops in music schools, guitar courses and at festivals, and promoting her methods of teaching.<br \/>\nTatiana Stachak graduated from the Wroc\u0142aw Academy of Music, in the class of Prof. Piotr Zaleski. She has won national and international guitar competitions, including 1st place at the National Guitar Competition in Konin (Poland, 1990), 2nd place at the International Guitar Competition in Frosinone (Italy, 1991) and 2nd place at the International Guitar Competition in Ingenio (Spain, 1995). In the years 1998-2005 she wrote articles on guitar literature and teaching methodology for the music magazine\u00a0\u015awiat Gitary.<\/p>\n<p><a href=\"mailto:tatiana.stachak@amuz.krakow.pl\">tatiana.stachak@amuz.krakow.pl<\/a><\/p>","protected":false},"excerpt":{"rendered":"<p>Guitarist, composer and educator. Whilst still a student at the Academy of Music, she directed her interest toward the education of young children. Her experience in working with children has&hellip; <a href=\"https:\/\/www.amuz.krakow.pl\/en\/wydzialy\/wydzial-ii-instrumentalny\/katedra-gitary-i-harfy\/wspolpracownicy\/tatiana-stachak\/\">Continue reading<\/a><\/p>\n","protected":false},"author":72,"featured_media":80748,"parent":43905,"menu_order":30,"comment_status":"closed","ping_status":"closed","template":"","meta":{"footnotes":"","_links_to":"","_links_to_target":""},"class_list":["post-54629","page","type-page","status-publish","has-post-thumbnail","hentry"],"yoast_head":"<!-- This site is optimized with the Yoast SEO plugin v27.4 - https:\/\/yoast.com\/product\/yoast-seo-wordpress\/ -->\n<title>AMKP - Akademia Muzyczna im. Krzysztofa Pendereckiego w Krakowie<\/title>\n<meta name=\"robots\" content=\"index, follow, max-snippet:-1, max-image-preview:large, max-video-preview:-1\" \/>\n<link rel=\"canonical\" href=\"https:\/\/www.amuz.krakow.pl\/wydzialy\/wydzial-ii-instrumentalny\/katedra-gitary-i-harfy\/wspolpracownicy\/tatiana-stachak\/\" \/>\n<meta property=\"og:locale\" content=\"en_US\" \/>\n<meta property=\"og:type\" content=\"article\" \/>\n<meta property=\"og:title\" content=\"AMKP - Akademia Muzyczna im. Krzysztofa Pendereckiego w Krakowie\" \/>\n<meta property=\"og:description\" content=\"Guitarist, composer and educator. Whilst still a student at the Academy of Music, she directed her interest toward the education of young children. Her experience in working with children has&hellip; Continue reading\" \/>\n<meta property=\"og:url\" content=\"https:\/\/www.amuz.krakow.pl\/wydzialy\/wydzial-ii-instrumentalny\/katedra-gitary-i-harfy\/wspolpracownicy\/tatiana-stachak\/\" \/>\n<meta property=\"og:site_name\" content=\"Akademia Muzyczna im. Krzysztofa Pendereckiego w Krakowie\" \/>\n<meta property=\"article:publisher\" content=\"https:\/\/www.facebook.com\/amuz.krakow\" \/>\n<meta property=\"article:modified_time\" content=\"2023-11-29T13:33:04+00:00\" \/>\n<meta property=\"og:image\" content=\"https:\/\/www.amuz.krakow.pl\/wp-content\/uploads\/2023\/11\/Tatiana-Stachak-2x1-fot.-archiwum-Wydawnictwa-Euterpe-scaled.jpg\" \/>\n\t<meta property=\"og:image:width\" content=\"2048\" \/>\n\t<meta property=\"og:image:height\" content=\"1024\" \/>\n\t<meta property=\"og:image:type\" content=\"image\/jpeg\" \/>\n<meta name=\"twitter:card\" content=\"summary_large_image\" \/>\n<meta name=\"twitter:label1\" content=\"Est. reading time\" \/>\n\t<meta name=\"twitter:data1\" content=\"3 minutes\" \/>\n<script type=\"application\/ld+json\" class=\"yoast-schema-graph\">{\"@context\":\"https:\\\/\\\/schema.org\",\"@graph\":[{\"@type\":\"WebPage\",\"@id\":\"https:\\\/\\\/www.amuz.krakow.pl\\\/wydzialy\\\/wydzial-ii-instrumentalny\\\/katedra-gitary-i-harfy\\\/wspolpracownicy\\\/tatiana-stachak\\\/\",\"url\":\"https:\\\/\\\/www.amuz.krakow.pl\\\/wydzialy\\\/wydzial-ii-instrumentalny\\\/katedra-gitary-i-harfy\\\/wspolpracownicy\\\/tatiana-stachak\\\/\",\"name\":\"AMKP - Akademia Muzyczna im. Krzysztofa Pendereckiego w Krakowie\",\"isPartOf\":{\"@id\":\"https:\\\/\\\/www.amuz.krakow.pl\\\/#website\"},\"primaryImageOfPage\":{\"@id\":\"https:\\\/\\\/www.amuz.krakow.pl\\\/wydzialy\\\/wydzial-ii-instrumentalny\\\/katedra-gitary-i-harfy\\\/wspolpracownicy\\\/tatiana-stachak\\\/#primaryimage\"},\"image\":{\"@id\":\"https:\\\/\\\/www.amuz.krakow.pl\\\/wydzialy\\\/wydzial-ii-instrumentalny\\\/katedra-gitary-i-harfy\\\/wspolpracownicy\\\/tatiana-stachak\\\/#primaryimage\"},\"thumbnailUrl\":\"https:\\\/\\\/www.amuz.krakow.pl\\\/wp-content\\\/uploads\\\/2023\\\/11\\\/Tatiana-Stachak-2x1-fot.-archiwum-Wydawnictwa-Euterpe-scaled.jpg\",\"datePublished\":\"2021-10-29T21:29:25+00:00\",\"dateModified\":\"2023-11-29T13:33:04+00:00\",\"breadcrumb\":{\"@id\":\"https:\\\/\\\/www.amuz.krakow.pl\\\/wydzialy\\\/wydzial-ii-instrumentalny\\\/katedra-gitary-i-harfy\\\/wspolpracownicy\\\/tatiana-stachak\\\/#breadcrumb\"},\"inLanguage\":\"en-US\",\"potentialAction\":[{\"@type\":\"ReadAction\",\"target\":[\"https:\\\/\\\/www.amuz.krakow.pl\\\/wydzialy\\\/wydzial-ii-instrumentalny\\\/katedra-gitary-i-harfy\\\/wspolpracownicy\\\/tatiana-stachak\\\/\"]}]},{\"@type\":\"ImageObject\",\"inLanguage\":\"en-US\",\"@id\":\"https:\\\/\\\/www.amuz.krakow.pl\\\/wydzialy\\\/wydzial-ii-instrumentalny\\\/katedra-gitary-i-harfy\\\/wspolpracownicy\\\/tatiana-stachak\\\/#primaryimage\",\"url\":\"https:\\\/\\\/www.amuz.krakow.pl\\\/wp-content\\\/uploads\\\/2023\\\/11\\\/Tatiana-Stachak-2x1-fot.-archiwum-Wydawnictwa-Euterpe-scaled.jpg\",\"contentUrl\":\"https:\\\/\\\/www.amuz.krakow.pl\\\/wp-content\\\/uploads\\\/2023\\\/11\\\/Tatiana-Stachak-2x1-fot.-archiwum-Wydawnictwa-Euterpe-scaled.jpg\",\"width\":2048,\"height\":1024},{\"@type\":\"BreadcrumbList\",\"@id\":\"https:\\\/\\\/www.amuz.krakow.pl\\\/wydzialy\\\/wydzial-ii-instrumentalny\\\/katedra-gitary-i-harfy\\\/wspolpracownicy\\\/tatiana-stachak\\\/#breadcrumb\",\"itemListElement\":[{\"@type\":\"ListItem\",\"position\":1,\"name\":\"Strona g\u0142\u00f3wna\",\"item\":\"https:\\\/\\\/www.amuz.krakow.pl\\\/\"},{\"@type\":\"ListItem\",\"position\":2,\"name\":\"WYDZIA\u0141Y\",\"item\":\"https:\\\/\\\/www.amuz.krakow.pl\\\/wydzialy\\\/\"},{\"@type\":\"ListItem\",\"position\":3,\"name\":\"Wydzia\u0142 Instrumentalny\",\"item\":\"https:\\\/\\\/www.amuz.krakow.pl\\\/wydzialy\\\/wydzial-ii-instrumentalny\\\/\"},{\"@type\":\"ListItem\",\"position\":4,\"name\":\"Katedra Gitary i Harfy\",\"item\":\"https:\\\/\\\/www.amuz.krakow.pl\\\/wydzialy\\\/wydzial-ii-instrumentalny\\\/katedra-gitary-i-harfy\\\/\"},{\"@type\":\"ListItem\",\"position\":5,\"name\":\"Wsp\u00f3\u0142pracownicy\",\"item\":\"https:\\\/\\\/www.amuz.krakow.pl\\\/wydzialy\\\/wydzial-ii-instrumentalny\\\/katedra-gitary-i-harfy\\\/wspolpracownicy\\\/\"},{\"@type\":\"ListItem\",\"position\":6,\"name\":\"mgr Tatiana Stachak\"}]},{\"@type\":\"WebSite\",\"@id\":\"https:\\\/\\\/www.amuz.krakow.pl\\\/#website\",\"url\":\"https:\\\/\\\/www.amuz.krakow.pl\\\/\",\"name\":\"Akademia Muzyczna im. Krzysztofa Pendereckiego w Krakowie\",\"description\":\"Oficjalna strona Akademii Muzycznej im. Krzysztofa Pendereckiego w Krakowie (AMKP).\",\"publisher\":{\"@id\":\"https:\\\/\\\/www.amuz.krakow.pl\\\/#organization\"},\"alternateName\":\"AMKP\",\"potentialAction\":[{\"@type\":\"SearchAction\",\"target\":{\"@type\":\"EntryPoint\",\"urlTemplate\":\"https:\\\/\\\/www.amuz.krakow.pl\\\/?s={search_term_string}\"},\"query-input\":{\"@type\":\"PropertyValueSpecification\",\"valueRequired\":true,\"valueName\":\"search_term_string\"}}],\"inLanguage\":\"en-US\"},{\"@type\":\"Organization\",\"@id\":\"https:\\\/\\\/www.amuz.krakow.pl\\\/#organization\",\"name\":\"Akademia Muzyczna im. Krzysztofa Pendereckiego w Krakowie\",\"alternateName\":\"AMKP\",\"url\":\"https:\\\/\\\/www.amuz.krakow.pl\\\/\",\"logo\":{\"@type\":\"ImageObject\",\"inLanguage\":\"en-US\",\"@id\":\"https:\\\/\\\/www.amuz.krakow.pl\\\/#\\\/schema\\\/logo\\\/image\\\/\",\"url\":\"https:\\\/\\\/www.amuz.krakow.pl\\\/wp-content\\\/uploads\\\/2021\\\/11\\\/amkp.jpg\",\"contentUrl\":\"https:\\\/\\\/www.amuz.krakow.pl\\\/wp-content\\\/uploads\\\/2021\\\/11\\\/amkp.jpg\",\"width\":1193,\"height\":591,\"caption\":\"Akademia Muzyczna im. Krzysztofa Pendereckiego w Krakowie\"},\"image\":{\"@id\":\"https:\\\/\\\/www.amuz.krakow.pl\\\/#\\\/schema\\\/logo\\\/image\\\/\"},\"sameAs\":[\"https:\\\/\\\/www.facebook.com\\\/amuz.krakow\",\"https:\\\/\\\/www.instagram.com\\\/amkpenderecki\\\/\",\"https:\\\/\\\/www.youtube.com\\\/@amkpenderecki4806\"]}]}<\/script>\n<!-- \/ Yoast SEO plugin. -->","yoast_head_json":{"title":"AMKP - Akademia Muzyczna im. Krzysztofa Pendereckiego w Krakowie","robots":{"index":"index","follow":"follow","max-snippet":"max-snippet:-1","max-image-preview":"max-image-preview:large","max-video-preview":"max-video-preview:-1"},"canonical":"https:\/\/www.amuz.krakow.pl\/wydzialy\/wydzial-ii-instrumentalny\/katedra-gitary-i-harfy\/wspolpracownicy\/tatiana-stachak\/","og_locale":"en_US","og_type":"article","og_title":"AMKP - Akademia Muzyczna im. Krzysztofa Pendereckiego w Krakowie","og_description":"Guitarist, composer and educator. Whilst still a student at the Academy of Music, she directed her interest toward the education of young children. Her experience in working with children has&hellip; Continue reading","og_url":"https:\/\/www.amuz.krakow.pl\/wydzialy\/wydzial-ii-instrumentalny\/katedra-gitary-i-harfy\/wspolpracownicy\/tatiana-stachak\/","og_site_name":"Akademia Muzyczna im. Krzysztofa Pendereckiego w Krakowie","article_publisher":"https:\/\/www.facebook.com\/amuz.krakow","article_modified_time":"2023-11-29T13:33:04+00:00","og_image":[{"width":2048,"height":1024,"url":"https:\/\/www.amuz.krakow.pl\/wp-content\/uploads\/2023\/11\/Tatiana-Stachak-2x1-fot.-archiwum-Wydawnictwa-Euterpe-scaled.jpg","type":"image\/jpeg"}],"twitter_card":"summary_large_image","twitter_misc":{"Est. reading time":"3 minutes"},"schema":{"@context":"https:\/\/schema.org","@graph":[{"@type":"WebPage","@id":"https:\/\/www.amuz.krakow.pl\/wydzialy\/wydzial-ii-instrumentalny\/katedra-gitary-i-harfy\/wspolpracownicy\/tatiana-stachak\/","url":"https:\/\/www.amuz.krakow.pl\/wydzialy\/wydzial-ii-instrumentalny\/katedra-gitary-i-harfy\/wspolpracownicy\/tatiana-stachak\/","name":"AMKP - Akademia Muzyczna im. Krzysztofa Pendereckiego w Krakowie","isPartOf":{"@id":"https:\/\/www.amuz.krakow.pl\/#website"},"primaryImageOfPage":{"@id":"https:\/\/www.amuz.krakow.pl\/wydzialy\/wydzial-ii-instrumentalny\/katedra-gitary-i-harfy\/wspolpracownicy\/tatiana-stachak\/#primaryimage"},"image":{"@id":"https:\/\/www.amuz.krakow.pl\/wydzialy\/wydzial-ii-instrumentalny\/katedra-gitary-i-harfy\/wspolpracownicy\/tatiana-stachak\/#primaryimage"},"thumbnailUrl":"https:\/\/www.amuz.krakow.pl\/wp-content\/uploads\/2023\/11\/Tatiana-Stachak-2x1-fot.-archiwum-Wydawnictwa-Euterpe-scaled.jpg","datePublished":"2021-10-29T21:29:25+00:00","dateModified":"2023-11-29T13:33:04+00:00","breadcrumb":{"@id":"https:\/\/www.amuz.krakow.pl\/wydzialy\/wydzial-ii-instrumentalny\/katedra-gitary-i-harfy\/wspolpracownicy\/tatiana-stachak\/#breadcrumb"},"inLanguage":"en-US","potentialAction":[{"@type":"ReadAction","target":["https:\/\/www.amuz.krakow.pl\/wydzialy\/wydzial-ii-instrumentalny\/katedra-gitary-i-harfy\/wspolpracownicy\/tatiana-stachak\/"]}]},{"@type":"ImageObject","inLanguage":"en-US","@id":"https:\/\/www.amuz.krakow.pl\/wydzialy\/wydzial-ii-instrumentalny\/katedra-gitary-i-harfy\/wspolpracownicy\/tatiana-stachak\/#primaryimage","url":"https:\/\/www.amuz.krakow.pl\/wp-content\/uploads\/2023\/11\/Tatiana-Stachak-2x1-fot.-archiwum-Wydawnictwa-Euterpe-scaled.jpg","contentUrl":"https:\/\/www.amuz.krakow.pl\/wp-content\/uploads\/2023\/11\/Tatiana-Stachak-2x1-fot.-archiwum-Wydawnictwa-Euterpe-scaled.jpg","width":2048,"height":1024},{"@type":"BreadcrumbList","@id":"https:\/\/www.amuz.krakow.pl\/wydzialy\/wydzial-ii-instrumentalny\/katedra-gitary-i-harfy\/wspolpracownicy\/tatiana-stachak\/#breadcrumb","itemListElement":[{"@type":"ListItem","position":1,"name":"Strona g\u0142\u00f3wna","item":"https:\/\/www.amuz.krakow.pl\/"},{"@type":"ListItem","position":2,"name":"WYDZIA\u0141Y","item":"https:\/\/www.amuz.krakow.pl\/wydzialy\/"},{"@type":"ListItem","position":3,"name":"Wydzia\u0142 Instrumentalny","item":"https:\/\/www.amuz.krakow.pl\/wydzialy\/wydzial-ii-instrumentalny\/"},{"@type":"ListItem","position":4,"name":"Katedra Gitary i Harfy","item":"https:\/\/www.amuz.krakow.pl\/wydzialy\/wydzial-ii-instrumentalny\/katedra-gitary-i-harfy\/"},{"@type":"ListItem","position":5,"name":"Wsp\u00f3\u0142pracownicy","item":"https:\/\/www.amuz.krakow.pl\/wydzialy\/wydzial-ii-instrumentalny\/katedra-gitary-i-harfy\/wspolpracownicy\/"},{"@type":"ListItem","position":6,"name":"mgr Tatiana Stachak"}]},{"@type":"WebSite","@id":"https:\/\/www.amuz.krakow.pl\/#website","url":"https:\/\/www.amuz.krakow.pl\/","name":"Akademia Muzyczna im. Krzysztofa Pendereckiego w Krakowie","description":"Oficjalna strona Akademii Muzycznej im. Krzysztofa Pendereckiego w Krakowie (AMKP).","publisher":{"@id":"https:\/\/www.amuz.krakow.pl\/#organization"},"alternateName":"AMKP","potentialAction":[{"@type":"SearchAction","target":{"@type":"EntryPoint","urlTemplate":"https:\/\/www.amuz.krakow.pl\/?s={search_term_string}"},"query-input":{"@type":"PropertyValueSpecification","valueRequired":true,"valueName":"search_term_string"}}],"inLanguage":"en-US"},{"@type":"Organization","@id":"https:\/\/www.amuz.krakow.pl\/#organization","name":"Akademia Muzyczna im. Krzysztofa Pendereckiego w Krakowie","alternateName":"AMKP","url":"https:\/\/www.amuz.krakow.pl\/","logo":{"@type":"ImageObject","inLanguage":"en-US","@id":"https:\/\/www.amuz.krakow.pl\/#\/schema\/logo\/image\/","url":"https:\/\/www.amuz.krakow.pl\/wp-content\/uploads\/2021\/11\/amkp.jpg","contentUrl":"https:\/\/www.amuz.krakow.pl\/wp-content\/uploads\/2021\/11\/amkp.jpg","width":1193,"height":591,"caption":"Akademia Muzyczna im. Krzysztofa Pendereckiego w Krakowie"},"image":{"@id":"https:\/\/www.amuz.krakow.pl\/#\/schema\/logo\/image\/"},"sameAs":["https:\/\/www.facebook.com\/amuz.krakow","https:\/\/www.instagram.com\/amkpenderecki\/","https:\/\/www.youtube.com\/@amkpenderecki4806"]}]}},"_links":{"self":[{"href":"https:\/\/www.amuz.krakow.pl\/en\/wp-json\/wp\/v2\/pages\/54629","targetHints":{"allow":["GET"]}}],"collection":[{"href":"https:\/\/www.amuz.krakow.pl\/en\/wp-json\/wp\/v2\/pages"}],"about":[{"href":"https:\/\/www.amuz.krakow.pl\/en\/wp-json\/wp\/v2\/types\/page"}],"author":[{"embeddable":true,"href":"https:\/\/www.amuz.krakow.pl\/en\/wp-json\/wp\/v2\/users\/72"}],"replies":[{"embeddable":true,"href":"https:\/\/www.amuz.krakow.pl\/en\/wp-json\/wp\/v2\/comments?post=54629"}],"version-history":[{"count":3,"href":"https:\/\/www.amuz.krakow.pl\/en\/wp-json\/wp\/v2\/pages\/54629\/revisions"}],"predecessor-version":[{"id":80749,"href":"https:\/\/www.amuz.krakow.pl\/en\/wp-json\/wp\/v2\/pages\/54629\/revisions\/80749"}],"up":[{"embeddable":true,"href":"https:\/\/www.amuz.krakow.pl\/en\/wp-json\/wp\/v2\/pages\/43905"}],"wp:featuredmedia":[{"embeddable":true,"href":"https:\/\/www.amuz.krakow.pl\/en\/wp-json\/wp\/v2\/media\/80748"}],"wp:attachment":[{"href":"https:\/\/www.amuz.krakow.pl\/en\/wp-json\/wp\/v2\/media?parent=54629"}],"curies":[{"name":"wp","href":"https:\/\/api.w.org\/{rel}","templated":true}]}}