{"id":54237,"date":"2021-10-20T23:02:54","date_gmt":"2021-10-20T21:02:54","guid":{"rendered":"https:\/\/www.amuz.krakow.pl\/?page_id=54237"},"modified":"2024-12-04T09:51:02","modified_gmt":"2024-12-04T08:51:02","slug":"mgr-malwina-tkaczyk","status":"publish","type":"page","link":"https:\/\/www.amuz.krakow.pl\/en\/wydzialy\/wydzial-ii-instrumentalny\/katedra-kameralistyki\/zaklad-kameralistyki-instrumentow-smyczkowych\/mgr-malwina-tkaczyk\/","title":{"rendered":"mgr Malwina Tkaczyk"},"content":{"rendered":"<p><figure id=\"attachment_93911\" aria-describedby=\"caption-attachment-93911\" style=\"width: 450px\" class=\"wp-caption aligncenter\"><a href=\"https:\/\/www.amuz.krakow.pl\/wp-content\/uploads\/2024\/12\/Malwina-Tkaczyk_fot.Bartek-Barczyk_206-scaled.jpg\" target=\"_blank\" rel=\"noopener\"><img loading=\"lazy\" decoding=\"async\" class=\"wp-image-93911\" src=\"https:\/\/www.amuz.krakow.pl\/wp-content\/uploads\/2024\/12\/Malwina-Tkaczyk_fot.Bartek-Barczyk_206-300x200.jpg\" alt=\"\" width=\"450\" height=\"300\" srcset=\"https:\/\/www.amuz.krakow.pl\/wp-content\/uploads\/2024\/12\/Malwina-Tkaczyk_fot.Bartek-Barczyk_206-300x200.jpg 300w, https:\/\/www.amuz.krakow.pl\/wp-content\/uploads\/2024\/12\/Malwina-Tkaczyk_fot.Bartek-Barczyk_206-scaled.jpg 2048w, https:\/\/www.amuz.krakow.pl\/wp-content\/uploads\/2024\/12\/Malwina-Tkaczyk_fot.Bartek-Barczyk_206-768x512.jpg 768w, https:\/\/www.amuz.krakow.pl\/wp-content\/uploads\/2024\/12\/Malwina-Tkaczyk_fot.Bartek-Barczyk_206-1536x1024.jpg 1536w\" sizes=\"auto, (max-width: 450px) 100vw, 450px\" \/><\/a><figcaption id=\"caption-attachment-93911\" class=\"wp-caption-text\">photo by Bartek Barczyk<\/figcaption><\/figure><\/p>\n<p>Graduate of the Karol Szymanowski Academy of Music in Katowice in the viola class of Professor Piotr Szumiel and postgraduate studies in the chamber music class of Professor Arkadiusz Kubica and Assistant Professor Marek Mo\u015b.<\/p>\n<p>She has performed several times as a soloist, including with the Silesian Philharmonic &#8211; in 2011 under the direction of Miroslaw Jacek Blaszczyk and in 2016 under the baton of Massimiliano Caldi. In November 2014, as part of the \u2018\u015aroda M\u0142odych\u2019 series, she performed a recital with piano accompaniment at the Chamber Hall of the Polish National Radio Symphony Orchestra in Katowice. Two years later, she performed again on the same stage, presenting Sofia Gubaidulina&#8217;s chamber repertoire.<\/p>\n<p>She is a laureate of many auditions and competitions, both national and international. Her most important achievements include 2nd prize at the National Violin and Viola Class Auditions in Warsaw (Poland, 2010), 2nd prize and the special prize \u2018Musica Arvensis\u2019 at the 14th International Competition of Bohdan Warchal in playing the bow string instruments in Dolny Kubin (Slovakia, 2010), 1st prize at the 2nd International String Instruments Competition in Elbl\u0105g (Poland, 2011), 1st prize at the 16th International Competition of Bohdan Warchal in playing the bow string instruments in Dolny Kubin (Slovakia, 2012), 2nd prize at the XV International Chamber Music Review in Jawor (Poland, 2013), 1st prize at the 15th Valsesia Musica Juniores International Competition Monterosa &#8211; Kawai Prize in Varallo Sesia (Italy, 2014), 1st prize at the 10th International Musica Insieme Competition in Musile di Piave (Italy, 2015), Finalist title at the 2nd Stanis\u0142aw Moniuszko International Competition of Polish Music 2021 in Rzesz\u00f3w (Poland, 2021).<\/p>\n<p>She has received numerous awards and scholarships for her achievements, including the OFAM (2008-2009, 2010-2011), the Scholarship of the Mayor of the City of \u015awi\u0119toch\u0142owice (2009-2017), the Rector of the Karol Szymanowski Academy of Music in Katowice (2012-2016), the Minister of Science and Higher Education (2012-2014), the Award of the Minister of Culture and National Heritage (2014) and the Minister of Culture and National Heritage&#8217;s scholarship programme for young artists &#8220;M\u0142oda Polska 2020&#8221;.<\/p>\n<p>Since 2019, he has been a co-founder of the Airis String Quartet, which is the winner of the prestigious programme for 38 string quartets from all over Europe, MERITA Project 2023-2025. The ensemble is actively touring, performing at many renowned festivals, such as the 36th Krakow International Festival Of Composers (2024, premiere of Maciej Jab\u0142o\u0144ski&#8217;s work \u2018Festina lente. Hommage \u00e0 \u00c9rasme de Rotterdam for two accordions and string quartet\u2018), the Silesian Tribune of Composers 2023 Festival (Katowice, 2023, premiere performance of Adam Potera&#8217;s composition \u2018Love without Tomorrow\u2019 and Bartosz Witkowski&#8217;s \u2018Es gab stille satze\u2019), the 8th Music Festival TRZY-CZTE-RY. Contexts. Contrasts. Confrontations. (Warsaw, 2023, premiere of Anna Ignatowicz-Gli\u0144ska&#8217;s work \u2018Suite for clarinet and string quartet\u2019 with clarinettist Krzysztof Zbijowski), Creator&#8217;s Labyrinth &#8211; Krzysztof Penderecki in memoriam as part of the Krzysztof Penderecki Festival in Warsaw (2023), 40th International Festival Przemyska Jesie\u0144 Muzyczna (2023, premiere of Przemys\u0142aw Scheller&#8217;s piece Sensation of an Elusive Observation), concerts from the series HEAR, SEE, FEEL, EXPRESS &#8211; mindfulness journey as part of the MERITA programme 2023-2025 (e.g. Megchelen, the Netherlands; Quartetissimo Festival in Feh\u00e9rv\u00e1rcsurg\u00f3, Hungary), XXXIV International Festival of Young Laureates of Music Competitions in Katowice (2022), XXXII Adam Didur Festival in Sanok (2022, premiere of the composition \u2018Clouds\u2019 by Jakub Borodziuk with mezzo-soprano Magda Niedba\u0142a-Solarz), 11th EMANATIONS Festival (2022), KaTonacje Festival 2022, 44th Karol Szymanowski Music Days in Zakopane (2021), Opera Rara Festival (2021), 7th Krak\u00f3w Musical Autumn (2020), 20th International Salesian Summer Festival in Przemy\u015bl (2020), XXIX International Festival of Young Laureates of Music Competitions (Zakopane 2019, premiere of \u2018Mistic Circles\u2019 by Mi\u0142osz Bembinow with saxophonist Bart\u0142omiej Du\u015b).<\/p>\n<p>The quartet has a diverse phonographic output. Among others, it co-produces the album D\u00e9j\u00e0 vu, which includes the compositions Ludvig van\/Ludvig Fun by Ren\u0101te Stivri\u0146a and the organ concerto Hommage \u00e0 Haendel by Henryk Jan Botor (organ &#8211; Daniel Prajzner). In 2022, the quartet made a recording of Anders Koppel&#8217;s work \u2018Concerto for Mandolin and String Quartet\u2019 with mandolinist Alon Sariel, and also collaborated with the artist on Clark Nichols&#8217; doctoral album, featuring the composition \u201cInvocation and Verses\u201d for string quartet and mandolin (2022). Together with the duoAccosphere, the ensemble also recorded Wojciech Ziemowit Zych&#8217;s piece \u2018The Ray of Ultimate Whiteness\u2019, which was included on the album \u2018Accosphere &#8211; new accordion chamber music\u2019 (2022).<\/p>\n<p><a href=\"mailto:malwina.tkaczyk@amuz.krakow.pl\"><span id=\"gv_pracownicy_FormView1_185_Label9\">malwina.tkaczyk@amuz.krakow.pl<\/span><\/a><\/p>","protected":false},"excerpt":{"rendered":"<p>Graduate of the Karol Szymanowski Academy of Music in Katowice in the viola class of Professor Piotr Szumiel and postgraduate studies in the chamber music class of Professor Arkadiusz Kubica&hellip; <a href=\"https:\/\/www.amuz.krakow.pl\/en\/wydzialy\/wydzial-ii-instrumentalny\/katedra-kameralistyki\/zaklad-kameralistyki-instrumentow-smyczkowych\/mgr-malwina-tkaczyk\/\">Continue reading<\/a><\/p>\n","protected":false},"author":72,"featured_media":93911,"parent":44252,"menu_order":50,"comment_status":"closed","ping_status":"closed","template":"","meta":{"footnotes":"","_links_to":"","_links_to_target":""},"class_list":["post-54237","page","type-page","status-publish","has-post-thumbnail","hentry"],"yoast_head":"<!-- This site is optimized with the Yoast SEO plugin v27.2 - https:\/\/yoast.com\/product\/yoast-seo-wordpress\/ -->\n<title>AMKP - Akademia Muzyczna im. Krzysztofa Pendereckiego w Krakowie<\/title>\n<meta name=\"robots\" content=\"index, follow, max-snippet:-1, max-image-preview:large, max-video-preview:-1\" \/>\n<link rel=\"canonical\" href=\"https:\/\/www.amuz.krakow.pl\/wydzialy\/wydzial-ii-instrumentalny\/katedra-kameralistyki\/zaklad-kameralistyki-instrumentow-smyczkowych\/mgr-malwina-tkaczyk\/\" \/>\n<meta property=\"og:locale\" content=\"en_US\" \/>\n<meta property=\"og:type\" content=\"article\" \/>\n<meta property=\"og:title\" content=\"AMKP - Akademia Muzyczna im. Krzysztofa Pendereckiego w Krakowie\" \/>\n<meta property=\"og:description\" content=\"Graduate of the Karol Szymanowski Academy of Music in Katowice in the viola class of Professor Piotr Szumiel and postgraduate studies in the chamber music class of Professor Arkadiusz Kubica&hellip; Continue reading\" \/>\n<meta property=\"og:url\" content=\"https:\/\/www.amuz.krakow.pl\/wydzialy\/wydzial-ii-instrumentalny\/katedra-kameralistyki\/zaklad-kameralistyki-instrumentow-smyczkowych\/mgr-malwina-tkaczyk\/\" \/>\n<meta property=\"og:site_name\" content=\"Akademia Muzyczna im. Krzysztofa Pendereckiego w Krakowie\" \/>\n<meta property=\"article:publisher\" content=\"https:\/\/www.facebook.com\/amuz.krakow\" \/>\n<meta property=\"article:modified_time\" content=\"2024-12-04T08:51:02+00:00\" \/>\n<meta property=\"og:image\" content=\"https:\/\/www.amuz.krakow.pl\/wp-content\/uploads\/2024\/12\/Malwina-Tkaczyk_fot.Bartek-Barczyk_206-scaled.jpg\" \/>\n\t<meta property=\"og:image:width\" content=\"2048\" \/>\n\t<meta property=\"og:image:height\" content=\"1365\" \/>\n\t<meta property=\"og:image:type\" content=\"image\/jpeg\" \/>\n<meta name=\"twitter:card\" content=\"summary_large_image\" \/>\n<meta name=\"twitter:label1\" content=\"Est. reading time\" \/>\n\t<meta name=\"twitter:data1\" content=\"5 minutes\" \/>\n<script type=\"application\/ld+json\" class=\"yoast-schema-graph\">{\"@context\":\"https:\/\/schema.org\",\"@graph\":[{\"@type\":\"WebPage\",\"@id\":\"https:\/\/www.amuz.krakow.pl\/wydzialy\/wydzial-ii-instrumentalny\/katedra-kameralistyki\/zaklad-kameralistyki-instrumentow-smyczkowych\/mgr-malwina-tkaczyk\/\",\"url\":\"https:\/\/www.amuz.krakow.pl\/wydzialy\/wydzial-ii-instrumentalny\/katedra-kameralistyki\/zaklad-kameralistyki-instrumentow-smyczkowych\/mgr-malwina-tkaczyk\/\",\"name\":\"AMKP - Akademia Muzyczna im. Krzysztofa Pendereckiego w Krakowie\",\"isPartOf\":{\"@id\":\"https:\/\/www.amuz.krakow.pl\/#website\"},\"primaryImageOfPage\":{\"@id\":\"https:\/\/www.amuz.krakow.pl\/wydzialy\/wydzial-ii-instrumentalny\/katedra-kameralistyki\/zaklad-kameralistyki-instrumentow-smyczkowych\/mgr-malwina-tkaczyk\/#primaryimage\"},\"image\":{\"@id\":\"https:\/\/www.amuz.krakow.pl\/wydzialy\/wydzial-ii-instrumentalny\/katedra-kameralistyki\/zaklad-kameralistyki-instrumentow-smyczkowych\/mgr-malwina-tkaczyk\/#primaryimage\"},\"thumbnailUrl\":\"https:\/\/www.amuz.krakow.pl\/wp-content\/uploads\/2024\/12\/Malwina-Tkaczyk_fot.Bartek-Barczyk_206-scaled.jpg\",\"datePublished\":\"2021-10-20T21:02:54+00:00\",\"dateModified\":\"2024-12-04T08:51:02+00:00\",\"breadcrumb\":{\"@id\":\"https:\/\/www.amuz.krakow.pl\/wydzialy\/wydzial-ii-instrumentalny\/katedra-kameralistyki\/zaklad-kameralistyki-instrumentow-smyczkowych\/mgr-malwina-tkaczyk\/#breadcrumb\"},\"inLanguage\":\"en-US\",\"potentialAction\":[{\"@type\":\"ReadAction\",\"target\":[\"https:\/\/www.amuz.krakow.pl\/wydzialy\/wydzial-ii-instrumentalny\/katedra-kameralistyki\/zaklad-kameralistyki-instrumentow-smyczkowych\/mgr-malwina-tkaczyk\/\"]}]},{\"@type\":\"ImageObject\",\"inLanguage\":\"en-US\",\"@id\":\"https:\/\/www.amuz.krakow.pl\/wydzialy\/wydzial-ii-instrumentalny\/katedra-kameralistyki\/zaklad-kameralistyki-instrumentow-smyczkowych\/mgr-malwina-tkaczyk\/#primaryimage\",\"url\":\"https:\/\/www.amuz.krakow.pl\/wp-content\/uploads\/2024\/12\/Malwina-Tkaczyk_fot.Bartek-Barczyk_206-scaled.jpg\",\"contentUrl\":\"https:\/\/www.amuz.krakow.pl\/wp-content\/uploads\/2024\/12\/Malwina-Tkaczyk_fot.Bartek-Barczyk_206-scaled.jpg\",\"width\":2048,\"height\":1365},{\"@type\":\"BreadcrumbList\",\"@id\":\"https:\/\/www.amuz.krakow.pl\/wydzialy\/wydzial-ii-instrumentalny\/katedra-kameralistyki\/zaklad-kameralistyki-instrumentow-smyczkowych\/mgr-malwina-tkaczyk\/#breadcrumb\",\"itemListElement\":[{\"@type\":\"ListItem\",\"position\":1,\"name\":\"Strona g\u0142\u00f3wna\",\"item\":\"https:\/\/www.amuz.krakow.pl\/\"},{\"@type\":\"ListItem\",\"position\":2,\"name\":\"WYDZIA\u0141Y\",\"item\":\"https:\/\/www.amuz.krakow.pl\/wydzialy\/\"},{\"@type\":\"ListItem\",\"position\":3,\"name\":\"Wydzia\u0142 Instrumentalny\",\"item\":\"https:\/\/www.amuz.krakow.pl\/wydzialy\/wydzial-ii-instrumentalny\/\"},{\"@type\":\"ListItem\",\"position\":4,\"name\":\"Katedra Kameralistyki\",\"item\":\"https:\/\/www.amuz.krakow.pl\/wydzialy\/wydzial-ii-instrumentalny\/katedra-kameralistyki\/\"},{\"@type\":\"ListItem\",\"position\":5,\"name\":\"Zak\u0142ad Kameralistyki Instrument\u00f3w Smyczkowych\",\"item\":\"https:\/\/www.amuz.krakow.pl\/wydzialy\/wydzial-ii-instrumentalny\/katedra-kameralistyki\/zaklad-kameralistyki-instrumentow-smyczkowych\/\"},{\"@type\":\"ListItem\",\"position\":6,\"name\":\"mgr Malwina Tkaczyk\"}]},{\"@type\":\"WebSite\",\"@id\":\"https:\/\/www.amuz.krakow.pl\/#website\",\"url\":\"https:\/\/www.amuz.krakow.pl\/\",\"name\":\"Akademia Muzyczna im. Krzysztofa Pendereckiego w Krakowie\",\"description\":\"Oficjalna strona Akademii Muzycznej im. Krzysztofa Pendereckiego w Krakowie (AMKP).\",\"publisher\":{\"@id\":\"https:\/\/www.amuz.krakow.pl\/#organization\"},\"alternateName\":\"AMKP\",\"potentialAction\":[{\"@type\":\"SearchAction\",\"target\":{\"@type\":\"EntryPoint\",\"urlTemplate\":\"https:\/\/www.amuz.krakow.pl\/?s={search_term_string}\"},\"query-input\":{\"@type\":\"PropertyValueSpecification\",\"valueRequired\":true,\"valueName\":\"search_term_string\"}}],\"inLanguage\":\"en-US\"},{\"@type\":\"Organization\",\"@id\":\"https:\/\/www.amuz.krakow.pl\/#organization\",\"name\":\"Akademia Muzyczna im. Krzysztofa Pendereckiego w Krakowie\",\"alternateName\":\"AMKP\",\"url\":\"https:\/\/www.amuz.krakow.pl\/\",\"logo\":{\"@type\":\"ImageObject\",\"inLanguage\":\"en-US\",\"@id\":\"https:\/\/www.amuz.krakow.pl\/#\/schema\/logo\/image\/\",\"url\":\"https:\/\/www.amuz.krakow.pl\/wp-content\/uploads\/2021\/11\/amkp.jpg\",\"contentUrl\":\"https:\/\/www.amuz.krakow.pl\/wp-content\/uploads\/2021\/11\/amkp.jpg\",\"width\":1193,\"height\":591,\"caption\":\"Akademia Muzyczna im. Krzysztofa Pendereckiego w Krakowie\"},\"image\":{\"@id\":\"https:\/\/www.amuz.krakow.pl\/#\/schema\/logo\/image\/\"},\"sameAs\":[\"https:\/\/www.facebook.com\/amuz.krakow\",\"https:\/\/www.instagram.com\/amkpenderecki\/\",\"https:\/\/www.youtube.com\/@amkpenderecki4806\"]}]}<\/script>\n<!-- \/ Yoast SEO plugin. -->","yoast_head_json":{"title":"AMKP - Akademia Muzyczna im. Krzysztofa Pendereckiego w Krakowie","robots":{"index":"index","follow":"follow","max-snippet":"max-snippet:-1","max-image-preview":"max-image-preview:large","max-video-preview":"max-video-preview:-1"},"canonical":"https:\/\/www.amuz.krakow.pl\/wydzialy\/wydzial-ii-instrumentalny\/katedra-kameralistyki\/zaklad-kameralistyki-instrumentow-smyczkowych\/mgr-malwina-tkaczyk\/","og_locale":"en_US","og_type":"article","og_title":"AMKP - Akademia Muzyczna im. Krzysztofa Pendereckiego w Krakowie","og_description":"Graduate of the Karol Szymanowski Academy of Music in Katowice in the viola class of Professor Piotr Szumiel and postgraduate studies in the chamber music class of Professor Arkadiusz Kubica&hellip; Continue reading","og_url":"https:\/\/www.amuz.krakow.pl\/wydzialy\/wydzial-ii-instrumentalny\/katedra-kameralistyki\/zaklad-kameralistyki-instrumentow-smyczkowych\/mgr-malwina-tkaczyk\/","og_site_name":"Akademia Muzyczna im. Krzysztofa Pendereckiego w Krakowie","article_publisher":"https:\/\/www.facebook.com\/amuz.krakow","article_modified_time":"2024-12-04T08:51:02+00:00","og_image":[{"width":2048,"height":1365,"url":"https:\/\/www.amuz.krakow.pl\/wp-content\/uploads\/2024\/12\/Malwina-Tkaczyk_fot.Bartek-Barczyk_206-scaled.jpg","type":"image\/jpeg"}],"twitter_card":"summary_large_image","twitter_misc":{"Est. reading time":"5 minutes"},"schema":{"@context":"https:\/\/schema.org","@graph":[{"@type":"WebPage","@id":"https:\/\/www.amuz.krakow.pl\/wydzialy\/wydzial-ii-instrumentalny\/katedra-kameralistyki\/zaklad-kameralistyki-instrumentow-smyczkowych\/mgr-malwina-tkaczyk\/","url":"https:\/\/www.amuz.krakow.pl\/wydzialy\/wydzial-ii-instrumentalny\/katedra-kameralistyki\/zaklad-kameralistyki-instrumentow-smyczkowych\/mgr-malwina-tkaczyk\/","name":"AMKP - Akademia Muzyczna im. Krzysztofa Pendereckiego w Krakowie","isPartOf":{"@id":"https:\/\/www.amuz.krakow.pl\/#website"},"primaryImageOfPage":{"@id":"https:\/\/www.amuz.krakow.pl\/wydzialy\/wydzial-ii-instrumentalny\/katedra-kameralistyki\/zaklad-kameralistyki-instrumentow-smyczkowych\/mgr-malwina-tkaczyk\/#primaryimage"},"image":{"@id":"https:\/\/www.amuz.krakow.pl\/wydzialy\/wydzial-ii-instrumentalny\/katedra-kameralistyki\/zaklad-kameralistyki-instrumentow-smyczkowych\/mgr-malwina-tkaczyk\/#primaryimage"},"thumbnailUrl":"https:\/\/www.amuz.krakow.pl\/wp-content\/uploads\/2024\/12\/Malwina-Tkaczyk_fot.Bartek-Barczyk_206-scaled.jpg","datePublished":"2021-10-20T21:02:54+00:00","dateModified":"2024-12-04T08:51:02+00:00","breadcrumb":{"@id":"https:\/\/www.amuz.krakow.pl\/wydzialy\/wydzial-ii-instrumentalny\/katedra-kameralistyki\/zaklad-kameralistyki-instrumentow-smyczkowych\/mgr-malwina-tkaczyk\/#breadcrumb"},"inLanguage":"en-US","potentialAction":[{"@type":"ReadAction","target":["https:\/\/www.amuz.krakow.pl\/wydzialy\/wydzial-ii-instrumentalny\/katedra-kameralistyki\/zaklad-kameralistyki-instrumentow-smyczkowych\/mgr-malwina-tkaczyk\/"]}]},{"@type":"ImageObject","inLanguage":"en-US","@id":"https:\/\/www.amuz.krakow.pl\/wydzialy\/wydzial-ii-instrumentalny\/katedra-kameralistyki\/zaklad-kameralistyki-instrumentow-smyczkowych\/mgr-malwina-tkaczyk\/#primaryimage","url":"https:\/\/www.amuz.krakow.pl\/wp-content\/uploads\/2024\/12\/Malwina-Tkaczyk_fot.Bartek-Barczyk_206-scaled.jpg","contentUrl":"https:\/\/www.amuz.krakow.pl\/wp-content\/uploads\/2024\/12\/Malwina-Tkaczyk_fot.Bartek-Barczyk_206-scaled.jpg","width":2048,"height":1365},{"@type":"BreadcrumbList","@id":"https:\/\/www.amuz.krakow.pl\/wydzialy\/wydzial-ii-instrumentalny\/katedra-kameralistyki\/zaklad-kameralistyki-instrumentow-smyczkowych\/mgr-malwina-tkaczyk\/#breadcrumb","itemListElement":[{"@type":"ListItem","position":1,"name":"Strona g\u0142\u00f3wna","item":"https:\/\/www.amuz.krakow.pl\/"},{"@type":"ListItem","position":2,"name":"WYDZIA\u0141Y","item":"https:\/\/www.amuz.krakow.pl\/wydzialy\/"},{"@type":"ListItem","position":3,"name":"Wydzia\u0142 Instrumentalny","item":"https:\/\/www.amuz.krakow.pl\/wydzialy\/wydzial-ii-instrumentalny\/"},{"@type":"ListItem","position":4,"name":"Katedra Kameralistyki","item":"https:\/\/www.amuz.krakow.pl\/wydzialy\/wydzial-ii-instrumentalny\/katedra-kameralistyki\/"},{"@type":"ListItem","position":5,"name":"Zak\u0142ad Kameralistyki Instrument\u00f3w Smyczkowych","item":"https:\/\/www.amuz.krakow.pl\/wydzialy\/wydzial-ii-instrumentalny\/katedra-kameralistyki\/zaklad-kameralistyki-instrumentow-smyczkowych\/"},{"@type":"ListItem","position":6,"name":"mgr Malwina Tkaczyk"}]},{"@type":"WebSite","@id":"https:\/\/www.amuz.krakow.pl\/#website","url":"https:\/\/www.amuz.krakow.pl\/","name":"Akademia Muzyczna im. Krzysztofa Pendereckiego w Krakowie","description":"Oficjalna strona Akademii Muzycznej im. Krzysztofa Pendereckiego w Krakowie (AMKP).","publisher":{"@id":"https:\/\/www.amuz.krakow.pl\/#organization"},"alternateName":"AMKP","potentialAction":[{"@type":"SearchAction","target":{"@type":"EntryPoint","urlTemplate":"https:\/\/www.amuz.krakow.pl\/?s={search_term_string}"},"query-input":{"@type":"PropertyValueSpecification","valueRequired":true,"valueName":"search_term_string"}}],"inLanguage":"en-US"},{"@type":"Organization","@id":"https:\/\/www.amuz.krakow.pl\/#organization","name":"Akademia Muzyczna im. Krzysztofa Pendereckiego w Krakowie","alternateName":"AMKP","url":"https:\/\/www.amuz.krakow.pl\/","logo":{"@type":"ImageObject","inLanguage":"en-US","@id":"https:\/\/www.amuz.krakow.pl\/#\/schema\/logo\/image\/","url":"https:\/\/www.amuz.krakow.pl\/wp-content\/uploads\/2021\/11\/amkp.jpg","contentUrl":"https:\/\/www.amuz.krakow.pl\/wp-content\/uploads\/2021\/11\/amkp.jpg","width":1193,"height":591,"caption":"Akademia Muzyczna im. Krzysztofa Pendereckiego w Krakowie"},"image":{"@id":"https:\/\/www.amuz.krakow.pl\/#\/schema\/logo\/image\/"},"sameAs":["https:\/\/www.facebook.com\/amuz.krakow","https:\/\/www.instagram.com\/amkpenderecki\/","https:\/\/www.youtube.com\/@amkpenderecki4806"]}]}},"_links":{"self":[{"href":"https:\/\/www.amuz.krakow.pl\/en\/wp-json\/wp\/v2\/pages\/54237","targetHints":{"allow":["GET"]}}],"collection":[{"href":"https:\/\/www.amuz.krakow.pl\/en\/wp-json\/wp\/v2\/pages"}],"about":[{"href":"https:\/\/www.amuz.krakow.pl\/en\/wp-json\/wp\/v2\/types\/page"}],"author":[{"embeddable":true,"href":"https:\/\/www.amuz.krakow.pl\/en\/wp-json\/wp\/v2\/users\/72"}],"replies":[{"embeddable":true,"href":"https:\/\/www.amuz.krakow.pl\/en\/wp-json\/wp\/v2\/comments?post=54237"}],"version-history":[{"count":6,"href":"https:\/\/www.amuz.krakow.pl\/en\/wp-json\/wp\/v2\/pages\/54237\/revisions"}],"predecessor-version":[{"id":93912,"href":"https:\/\/www.amuz.krakow.pl\/en\/wp-json\/wp\/v2\/pages\/54237\/revisions\/93912"}],"up":[{"embeddable":true,"href":"https:\/\/www.amuz.krakow.pl\/en\/wp-json\/wp\/v2\/pages\/44252"}],"wp:featuredmedia":[{"embeddable":true,"href":"https:\/\/www.amuz.krakow.pl\/en\/wp-json\/wp\/v2\/media\/93911"}],"wp:attachment":[{"href":"https:\/\/www.amuz.krakow.pl\/en\/wp-json\/wp\/v2\/media?parent=54237"}],"curies":[{"name":"wp","href":"https:\/\/api.w.org\/{rel}","templated":true}]}}