{"id":541,"date":"2015-12-14T22:20:41","date_gmt":"2015-12-14T21:20:41","guid":{"rendered":"http:\/\/strony.amuz.krakow.pl\/?page_id=541"},"modified":"2017-01-19T21:30:23","modified_gmt":"2017-01-19T20:30:23","slug":"stefania-lobaczewska-1952-1955","status":"publish","type":"page","link":"https:\/\/www.amuz.krakow.pl\/en\/o-nas\/poczet-rektorow\/rektorzy-akademii-muzycznej\/stefania-lobaczewska-1952-1955\/","title":{"rendered":"Stefania \u0141obaczewska 1952-1955"},"content":{"rendered":"<p><\/p>\n<p style=\"text-align: justify;\"><strong><a href=\"https:\/\/www.amuz.krakow.pl\/wp-content\/uploads\/2015\/12\/06.-Stefania-\u0141OBACZEWSKA-1952-1955.jpg\"><img loading=\"lazy\" decoding=\"async\" class=\"alignleft wp-image-542 size-medium\" src=\"https:\/\/www.amuz.krakow.pl\/wp-content\/uploads\/2015\/12\/06.-Stefania-\u0141OBACZEWSKA-1952-1955-252x300.jpg\" alt=\"Stefania \u0141OBACZEWSKA (1952-1955)\" width=\"252\" height=\"300\" srcset=\"https:\/\/www.amuz.krakow.pl\/wp-content\/uploads\/2015\/12\/06.-Stefania-\u0141OBACZEWSKA-1952-1955-252x300.jpg 252w, https:\/\/www.amuz.krakow.pl\/wp-content\/uploads\/2015\/12\/06.-Stefania-\u0141OBACZEWSKA-1952-1955.jpg 283w\" sizes=\"auto, (max-width: 252px) 100vw, 252px\" \/><\/a>b Lvov 31 July 1888, d Krak\u00f3w 16 January 1963<\/strong><\/p>\n<p style=\"text-align: justify;\">Rector of the PWSM (1952-55)<br \/>\nMusicologist, music critic<\/p>\n<p style=\"text-align: justify;\">Studied musicology with A. Chybi\u0144ski in Lvov and G. Adler in Vienna. She received her doctoral degree on the basis of a\u00a0dissertation entitled Of K.A. Debussy\u2019s Harmony in His First Creative Period (1930). In 1937 she published Overview of Musical Aesthetics. There, she presented a\u00a0radical, dualistic, psychological and relativistic concept of music as sound-sensual expression of feelings. In her views on music she combined psychologism with historical-sociological perspective. During the interwar period she cooperated as a\u00a0music reviewer with Gazeta Lwowska, and in the first years after the war with Dziennik Polski in Krak\u00f3w. In the years 1939-41 she taught music history and theory at the Ukrainian Conservatory in Lvov. In 1944 she came to live in Krak\u00f3w. The city remained the place of all her postwar activities. She cooperated with Rector Z. Drzewiecki on the organization of PWSM, where she undertook pedagogical activity. Her Music History Charts with Commentaries (1949) and Overview of the History of Musical Forms. An Attempt at Sociological Perspective (1950) were used by many generations of students as basic textbooks for music history and forms. She habilitated at the University in Pozna\u0144 (1949). In 1950 she published a\u00a0monograph K. Szymanowski. Life and Work and in the years 1960-62 a\u00a0fundamental 2-volume work Musical Styles, which she did not manage to finish. The issue of musical style was at the center of her professional interests. In the presentation of the subject she put particular emphasis on social functions of musical work and on the relation between content and form. From 1954 to the end of her life, she was in charge of the Music History and Theory Department at the Jagiellonian University. In 1959 she was honoured with the Cavalier\u2019s Cross of the Order of Polonia Restituta.<\/p>\n<p style=\"text-align: justify;\">She was head of the School during the most difficult years of ideological pressure, times when art as well as academic and cultural life were strictly administered. In that specific situation her role was that of a\u00a0protective umbrella over the faculty members and students. In her own academic activity she accepted the doctrine of socialist realism, but she tried to criticize its dogmatic threads, she opposed the depreciation of both instrumental music and of modern developments in composition techniques. In the years of her Rectorship the opera section, created by W\u0142odzimierz Kaczmar, developed its activity. The section prepared stagings of fragments, and with time of entire operas, such as Straszny Dw\u00f3r, Rigoletto, Faust, Halka as well as the complete Traviata and Eugene Onegin. In those unfavorable circumstances a\u00a0Student Academic Association began its activity. In March 1955, the association organized a\u00a0convention of student academic associations combined with a\u00a0three-day session devoted to the issue of propagating music. In 1952 the Ministry of Culture and Art introduced postgraduate studentship in the form of a\u00a0three- year study combined with a\u00a0state scholarship, which enabled the particularly talented students further artistic development. In the Krak\u00f3w PWSM such form of studies was opened in the specialties of piano and composition; among the students who completed the postgraduate studentship were pianists J. Drath and Z. \u015aliwi\u0144ski, and composers W. Kilar and J. \u015awider.<\/p>\n<p style=\"text-align: justify;\">Leszek Polony<\/p>\n<p><\/p>","protected":false},"excerpt":{"rendered":"<p>b Lvov 31 July 1888, d Krak\u00f3w 16 January 1963 Rector of the PWSM (1952-55) Musicologist, music critic Studied musicology with A. Chybi\u0144ski in Lvov and G. Adler in Vienna.&hellip; <a href=\"https:\/\/www.amuz.krakow.pl\/en\/o-nas\/poczet-rektorow\/rektorzy-akademii-muzycznej\/stefania-lobaczewska-1952-1955\/\">Continue reading<\/a><\/p>\n","protected":false},"author":72,"featured_media":0,"parent":478,"menu_order":6,"comment_status":"closed","ping_status":"closed","template":"","meta":{"footnotes":"","_links_to":"","_links_to_target":""},"class_list":["post-541","page","type-page","status-publish","hentry"],"yoast_head":"<!-- This site is optimized with the Yoast SEO plugin v27.4 - https:\/\/yoast.com\/product\/yoast-seo-wordpress\/ -->\n<title>AMKP - Akademia Muzyczna im. Krzysztofa Pendereckiego w Krakowie<\/title>\n<meta name=\"robots\" content=\"index, follow, max-snippet:-1, max-image-preview:large, max-video-preview:-1\" \/>\n<link rel=\"canonical\" href=\"https:\/\/www.amuz.krakow.pl\/o-nas\/poczet-rektorow\/rektorzy-akademii-muzycznej\/stefania-lobaczewska-1952-1955\/\" \/>\n<meta property=\"og:locale\" content=\"en_US\" \/>\n<meta property=\"og:type\" content=\"article\" \/>\n<meta property=\"og:title\" content=\"AMKP - Akademia Muzyczna im. Krzysztofa Pendereckiego w Krakowie\" \/>\n<meta property=\"og:description\" content=\"b Lvov 31 July 1888, d Krak\u00f3w 16 January 1963 Rector of the PWSM (1952-55) Musicologist, music critic Studied musicology with A. Chybi\u0144ski in Lvov and G. Adler in Vienna.&hellip; Continue reading\" \/>\n<meta property=\"og:url\" content=\"https:\/\/www.amuz.krakow.pl\/o-nas\/poczet-rektorow\/rektorzy-akademii-muzycznej\/stefania-lobaczewska-1952-1955\/\" \/>\n<meta property=\"og:site_name\" content=\"Akademia Muzyczna im. Krzysztofa Pendereckiego w Krakowie\" \/>\n<meta property=\"article:publisher\" content=\"https:\/\/www.facebook.com\/amuz.krakow\" \/>\n<meta property=\"article:modified_time\" content=\"2017-01-19T20:30:23+00:00\" \/>\n<meta property=\"og:image\" content=\"https:\/\/www.amuz.krakow.pl\/wp-content\/uploads\/2021\/11\/amkp.jpg\" \/>\n\t<meta property=\"og:image:width\" content=\"1193\" \/>\n\t<meta property=\"og:image:height\" content=\"591\" \/>\n\t<meta property=\"og:image:type\" content=\"image\/jpeg\" \/>\n<meta name=\"twitter:card\" content=\"summary_large_image\" \/>\n<meta name=\"twitter:label1\" content=\"Est. reading time\" \/>\n\t<meta name=\"twitter:data1\" content=\"5 minutes\" \/>\n<script type=\"application\/ld+json\" class=\"yoast-schema-graph\">{\"@context\":\"https:\\\/\\\/schema.org\",\"@graph\":[{\"@type\":\"WebPage\",\"@id\":\"https:\\\/\\\/www.amuz.krakow.pl\\\/o-nas\\\/poczet-rektorow\\\/rektorzy-akademii-muzycznej\\\/stefania-lobaczewska-1952-1955\\\/\",\"url\":\"https:\\\/\\\/www.amuz.krakow.pl\\\/o-nas\\\/poczet-rektorow\\\/rektorzy-akademii-muzycznej\\\/stefania-lobaczewska-1952-1955\\\/\",\"name\":\"AMKP - Akademia Muzyczna im. Krzysztofa Pendereckiego w Krakowie\",\"isPartOf\":{\"@id\":\"https:\\\/\\\/www.amuz.krakow.pl\\\/#website\"},\"datePublished\":\"2015-12-14T21:20:41+00:00\",\"dateModified\":\"2017-01-19T20:30:23+00:00\",\"breadcrumb\":{\"@id\":\"https:\\\/\\\/www.amuz.krakow.pl\\\/o-nas\\\/poczet-rektorow\\\/rektorzy-akademii-muzycznej\\\/stefania-lobaczewska-1952-1955\\\/#breadcrumb\"},\"inLanguage\":\"en-US\",\"potentialAction\":[{\"@type\":\"ReadAction\",\"target\":[\"https:\\\/\\\/www.amuz.krakow.pl\\\/o-nas\\\/poczet-rektorow\\\/rektorzy-akademii-muzycznej\\\/stefania-lobaczewska-1952-1955\\\/\"]}]},{\"@type\":\"BreadcrumbList\",\"@id\":\"https:\\\/\\\/www.amuz.krakow.pl\\\/o-nas\\\/poczet-rektorow\\\/rektorzy-akademii-muzycznej\\\/stefania-lobaczewska-1952-1955\\\/#breadcrumb\",\"itemListElement\":[{\"@type\":\"ListItem\",\"position\":1,\"name\":\"Strona g\u0142\u00f3wna\",\"item\":\"https:\\\/\\\/www.amuz.krakow.pl\\\/\"},{\"@type\":\"ListItem\",\"position\":2,\"name\":\"O&nbsp;nas\",\"item\":\"https:\\\/\\\/www.amuz.krakow.pl\\\/o-nas\\\/\"},{\"@type\":\"ListItem\",\"position\":3,\"name\":\"Poczet Rektor\u00f3w\",\"item\":\"https:\\\/\\\/www.amuz.krakow.pl\\\/o-nas\\\/poczet-rektorow\\\/\"},{\"@type\":\"ListItem\",\"position\":4,\"name\":\"Rektorzy Akademii Muzycznej im. Krzysztofa Pendereckiego\",\"item\":\"https:\\\/\\\/www.amuz.krakow.pl\\\/o-nas\\\/poczet-rektorow\\\/rektorzy-akademii-muzycznej\\\/mariusz-sielski-2024\\\/\"},{\"@type\":\"ListItem\",\"position\":5,\"name\":\"Stefania \u0141obaczewska 1952-1955\"}]},{\"@type\":\"WebSite\",\"@id\":\"https:\\\/\\\/www.amuz.krakow.pl\\\/#website\",\"url\":\"https:\\\/\\\/www.amuz.krakow.pl\\\/\",\"name\":\"Akademia Muzyczna im. Krzysztofa Pendereckiego w Krakowie\",\"description\":\"Oficjalna strona Akademii Muzycznej im. Krzysztofa Pendereckiego w Krakowie (AMKP).\",\"publisher\":{\"@id\":\"https:\\\/\\\/www.amuz.krakow.pl\\\/#organization\"},\"alternateName\":\"AMKP\",\"potentialAction\":[{\"@type\":\"SearchAction\",\"target\":{\"@type\":\"EntryPoint\",\"urlTemplate\":\"https:\\\/\\\/www.amuz.krakow.pl\\\/?s={search_term_string}\"},\"query-input\":{\"@type\":\"PropertyValueSpecification\",\"valueRequired\":true,\"valueName\":\"search_term_string\"}}],\"inLanguage\":\"en-US\"},{\"@type\":\"Organization\",\"@id\":\"https:\\\/\\\/www.amuz.krakow.pl\\\/#organization\",\"name\":\"Akademia Muzyczna im. Krzysztofa Pendereckiego w Krakowie\",\"alternateName\":\"AMKP\",\"url\":\"https:\\\/\\\/www.amuz.krakow.pl\\\/\",\"logo\":{\"@type\":\"ImageObject\",\"inLanguage\":\"en-US\",\"@id\":\"https:\\\/\\\/www.amuz.krakow.pl\\\/#\\\/schema\\\/logo\\\/image\\\/\",\"url\":\"https:\\\/\\\/www.amuz.krakow.pl\\\/wp-content\\\/uploads\\\/2021\\\/11\\\/amkp.jpg\",\"contentUrl\":\"https:\\\/\\\/www.amuz.krakow.pl\\\/wp-content\\\/uploads\\\/2021\\\/11\\\/amkp.jpg\",\"width\":1193,\"height\":591,\"caption\":\"Akademia Muzyczna im. Krzysztofa Pendereckiego w Krakowie\"},\"image\":{\"@id\":\"https:\\\/\\\/www.amuz.krakow.pl\\\/#\\\/schema\\\/logo\\\/image\\\/\"},\"sameAs\":[\"https:\\\/\\\/www.facebook.com\\\/amuz.krakow\",\"https:\\\/\\\/www.instagram.com\\\/amkpenderecki\\\/\",\"https:\\\/\\\/www.youtube.com\\\/@amkpenderecki4806\"]}]}<\/script>\n<!-- \/ Yoast SEO plugin. -->","yoast_head_json":{"title":"AMKP - Akademia Muzyczna im. Krzysztofa Pendereckiego w Krakowie","robots":{"index":"index","follow":"follow","max-snippet":"max-snippet:-1","max-image-preview":"max-image-preview:large","max-video-preview":"max-video-preview:-1"},"canonical":"https:\/\/www.amuz.krakow.pl\/o-nas\/poczet-rektorow\/rektorzy-akademii-muzycznej\/stefania-lobaczewska-1952-1955\/","og_locale":"en_US","og_type":"article","og_title":"AMKP - Akademia Muzyczna im. Krzysztofa Pendereckiego w Krakowie","og_description":"b Lvov 31 July 1888, d Krak\u00f3w 16 January 1963 Rector of the PWSM (1952-55) Musicologist, music critic Studied musicology with A. Chybi\u0144ski in Lvov and G. Adler in Vienna.&hellip; Continue reading","og_url":"https:\/\/www.amuz.krakow.pl\/o-nas\/poczet-rektorow\/rektorzy-akademii-muzycznej\/stefania-lobaczewska-1952-1955\/","og_site_name":"Akademia Muzyczna im. Krzysztofa Pendereckiego w Krakowie","article_publisher":"https:\/\/www.facebook.com\/amuz.krakow","article_modified_time":"2017-01-19T20:30:23+00:00","og_image":[{"width":1193,"height":591,"url":"https:\/\/www.amuz.krakow.pl\/wp-content\/uploads\/2021\/11\/amkp.jpg","type":"image\/jpeg"}],"twitter_card":"summary_large_image","twitter_misc":{"Est. reading time":"5 minutes"},"schema":{"@context":"https:\/\/schema.org","@graph":[{"@type":"WebPage","@id":"https:\/\/www.amuz.krakow.pl\/o-nas\/poczet-rektorow\/rektorzy-akademii-muzycznej\/stefania-lobaczewska-1952-1955\/","url":"https:\/\/www.amuz.krakow.pl\/o-nas\/poczet-rektorow\/rektorzy-akademii-muzycznej\/stefania-lobaczewska-1952-1955\/","name":"AMKP - Akademia Muzyczna im. Krzysztofa Pendereckiego w Krakowie","isPartOf":{"@id":"https:\/\/www.amuz.krakow.pl\/#website"},"datePublished":"2015-12-14T21:20:41+00:00","dateModified":"2017-01-19T20:30:23+00:00","breadcrumb":{"@id":"https:\/\/www.amuz.krakow.pl\/o-nas\/poczet-rektorow\/rektorzy-akademii-muzycznej\/stefania-lobaczewska-1952-1955\/#breadcrumb"},"inLanguage":"en-US","potentialAction":[{"@type":"ReadAction","target":["https:\/\/www.amuz.krakow.pl\/o-nas\/poczet-rektorow\/rektorzy-akademii-muzycznej\/stefania-lobaczewska-1952-1955\/"]}]},{"@type":"BreadcrumbList","@id":"https:\/\/www.amuz.krakow.pl\/o-nas\/poczet-rektorow\/rektorzy-akademii-muzycznej\/stefania-lobaczewska-1952-1955\/#breadcrumb","itemListElement":[{"@type":"ListItem","position":1,"name":"Strona g\u0142\u00f3wna","item":"https:\/\/www.amuz.krakow.pl\/"},{"@type":"ListItem","position":2,"name":"O&nbsp;nas","item":"https:\/\/www.amuz.krakow.pl\/o-nas\/"},{"@type":"ListItem","position":3,"name":"Poczet Rektor\u00f3w","item":"https:\/\/www.amuz.krakow.pl\/o-nas\/poczet-rektorow\/"},{"@type":"ListItem","position":4,"name":"Rektorzy Akademii Muzycznej im. Krzysztofa Pendereckiego","item":"https:\/\/www.amuz.krakow.pl\/o-nas\/poczet-rektorow\/rektorzy-akademii-muzycznej\/mariusz-sielski-2024\/"},{"@type":"ListItem","position":5,"name":"Stefania \u0141obaczewska 1952-1955"}]},{"@type":"WebSite","@id":"https:\/\/www.amuz.krakow.pl\/#website","url":"https:\/\/www.amuz.krakow.pl\/","name":"Akademia Muzyczna im. Krzysztofa Pendereckiego w Krakowie","description":"Oficjalna strona Akademii Muzycznej im. Krzysztofa Pendereckiego w Krakowie (AMKP).","publisher":{"@id":"https:\/\/www.amuz.krakow.pl\/#organization"},"alternateName":"AMKP","potentialAction":[{"@type":"SearchAction","target":{"@type":"EntryPoint","urlTemplate":"https:\/\/www.amuz.krakow.pl\/?s={search_term_string}"},"query-input":{"@type":"PropertyValueSpecification","valueRequired":true,"valueName":"search_term_string"}}],"inLanguage":"en-US"},{"@type":"Organization","@id":"https:\/\/www.amuz.krakow.pl\/#organization","name":"Akademia Muzyczna im. Krzysztofa Pendereckiego w Krakowie","alternateName":"AMKP","url":"https:\/\/www.amuz.krakow.pl\/","logo":{"@type":"ImageObject","inLanguage":"en-US","@id":"https:\/\/www.amuz.krakow.pl\/#\/schema\/logo\/image\/","url":"https:\/\/www.amuz.krakow.pl\/wp-content\/uploads\/2021\/11\/amkp.jpg","contentUrl":"https:\/\/www.amuz.krakow.pl\/wp-content\/uploads\/2021\/11\/amkp.jpg","width":1193,"height":591,"caption":"Akademia Muzyczna im. Krzysztofa Pendereckiego w Krakowie"},"image":{"@id":"https:\/\/www.amuz.krakow.pl\/#\/schema\/logo\/image\/"},"sameAs":["https:\/\/www.facebook.com\/amuz.krakow","https:\/\/www.instagram.com\/amkpenderecki\/","https:\/\/www.youtube.com\/@amkpenderecki4806"]}]}},"_links":{"self":[{"href":"https:\/\/www.amuz.krakow.pl\/en\/wp-json\/wp\/v2\/pages\/541","targetHints":{"allow":["GET"]}}],"collection":[{"href":"https:\/\/www.amuz.krakow.pl\/en\/wp-json\/wp\/v2\/pages"}],"about":[{"href":"https:\/\/www.amuz.krakow.pl\/en\/wp-json\/wp\/v2\/types\/page"}],"author":[{"embeddable":true,"href":"https:\/\/www.amuz.krakow.pl\/en\/wp-json\/wp\/v2\/users\/72"}],"replies":[{"embeddable":true,"href":"https:\/\/www.amuz.krakow.pl\/en\/wp-json\/wp\/v2\/comments?post=541"}],"version-history":[{"count":0,"href":"https:\/\/www.amuz.krakow.pl\/en\/wp-json\/wp\/v2\/pages\/541\/revisions"}],"up":[{"embeddable":true,"href":"https:\/\/www.amuz.krakow.pl\/en\/wp-json\/wp\/v2\/pages\/478"}],"wp:attachment":[{"href":"https:\/\/www.amuz.krakow.pl\/en\/wp-json\/wp\/v2\/media?parent=541"}],"curies":[{"name":"wp","href":"https:\/\/api.w.org\/{rel}","templated":true}]}}