{"id":53225,"date":"2021-09-29T13:28:17","date_gmt":"2021-09-29T11:28:17","guid":{"rendered":"https:\/\/www.amuz.krakow.pl\/?page_id=53225"},"modified":"2025-06-11T12:11:26","modified_gmt":"2025-06-11T10:11:26","slug":"weryfikacja-efektow-uczenia-sie-dla-kwalifikacji-na-poziomie-8-prk","status":"publish","type":"page","link":"https:\/\/www.amuz.krakow.pl\/en\/postepowania-awansowe\/doktoraty\/tryb-eksternistyczny\/weryfikacja-efektow-uczenia-sie-dla-kwalifikacji-na-poziomie-8-prk\/","title":{"rendered":"Verification of learning outcomes for qualifications at the 8th level of the Polish Qualifications Framework"},"content":{"rendered":"<p><a href=\"https:\/\/www.amuz.krakow.pl\/wp-content\/uploads\/doc\/Wzor_wniosek_2023-1.docx\">Template of application for verification of learning outcomes &#8211; to be submitted in Polish<\/a><\/p>\n<p><a href=\"https:\/\/www.amuz.krakow.pl\/wp-content\/uploads\/doc\/Application-for-verification-of-learning-outcomes-with-English-explanations-2.docx\">Application for verification of learning outcomes with English explanations<\/a><\/p>\n<blockquote><p>NOTE: A diploma obtained abroad, giving the right to apply for the award of a degree of doktor, must be <strong>apostilled or legalised<\/strong>.<\/p>\n<p>The Academy <strong>does not<\/strong> act as an intermediary in the procedure for obtaining the apostille\/legalization.<\/p>\n<p>In the case of foreign diplomas, the candidate is required to submit <strong>a certificate from the National Agency for Academic Exchange<\/strong> on the recognition of the diploma in order to apply for the award of a doctoral degree in Poland.<\/p><\/blockquote>\n<hr \/>\n<p><strong>PQF level 8<\/strong> descriptors reflect the preparation of a person with a qualification at this level to analyse and creatively synthesise world scientific and artistic achievements to identify, formulate and innovatively solve very complex problems or conduct research to develop new achievements in the field.<\/p>\n<p><strong>They indicate that the person<\/strong>:<\/p>\n<p>&#8211; is able to define the purpose and object of study and formulate a research hypothesis,<\/p>\n<p>&#8211; is able to use scientific and artistic achievements to develop existing and new methods, techniques and research tools, and creatively apply them in practice, including in the development of new materials, methods, technologies\u00a0and\u00a0products;<br \/>\n&#8211; is able to transfer the results of his\/her work to the economic and social spheres,<\/p>\n<p>&#8211; is able to design the legal and organisational conditions conducive to the development of conducted business,<\/p>\n<p>&#8211; is able to plan and implement individual and collaborative research or creative projects;<\/p>\n<p>&#8211; lead a group and take responsibility for it;<\/p>\n<p>&#8211; participate in the exchange of ideas, also in the internationalcommunity,<\/p>\n<p>&#8211; is able to independently plan personal development and to inspire and organise the development of other people; develop education\/training programmes and conduct tchem using modern methods and tools,<\/p>\n<p>&#8211; is ready to uphold and develop the ethos of the research and artistic communities, develop and establish models of proper conduct in the workplace and in other environments, contribute creatively to improving quality and the culture of cooperation.<\/p>\n<p>&nbsp;<\/p>\n<p><strong>Knows and understands:<\/strong><\/p>\n<p>&#8211; the world\u2019s achievements relating to: theoretical foundations, general and selected specific issues of the academic or artistic discipline at a level enabling the revision of existing paradigms,<\/p>\n<p>&#8211; the main scientific developments in the academic or artistic disciplines essential to the study programme;<\/p>\n<p>&#8211; the methodology of scientific research.<\/p>\n<p>&nbsp;<\/p>\n<p><strong>Is able to: <\/strong><\/p>\n<p>&#8211; take advantage of knowledge from different academic or artistic fields to creatively identify, formulate and innovatively solve complex problems or perform research activities, especially:<\/p>\n<ul>\n<li>to define the aim and subject of the research, formulate a research hypothesis,<\/li>\n<li>develop research methods, techniques and tools and use them creatively,<\/li>\n<li>draw conclusions on the basis of research results,<\/li>\n<\/ul>\n<p>&#8211; disseminate research results, also to the general public;<\/p>\n<p>&#8211; initiate debates;<\/p>\n<p>&#8211; participate in academic discourse;<br \/>\n&#8211; use a foreign language at a level that enables participation in international academic and professional communities.<\/p>\n<p>&nbsp;<\/p>\n<p><strong>Is ready to: <\/strong><\/p>\n<p>&#8211; critically evaluate the achievements of one\u2019s academic discipline;<br \/>\n&#8211; critically evaluate one\u2019s contributions to the development of that field;<br \/>\n&#8211; recognize the value of knowledge in solving cognitive and practical problems;<br \/>\n&#8211; fulfil the social obligations of researchers and artists;<\/p>\n<p>&#8211; initiate activities on behalf of the public interest;<br \/>\n&#8211; think and act in an enterprising manner;<br \/>\n&#8211; uphold and develop the ethos of the research and artistic communities,<\/p>\n<p>including:<\/p>\n<p>\u2022 conducting research in an independent manner<br \/>\n\u2022 respecting the principle of the public ownership of academicresearch results, taking into account intellectual property rights.<\/p>\n<p>&nbsp;<\/p>\n<p><a href=\"https:\/\/www.amuz.krakow.pl\/bip\/zarzadzenie-nr-4-2020-z-dnia-30-stycznia-2020-r\/\">Zarz\u0105dzenie nr 4 (Rector&#8217;s Ordinance No. 4\/2020) w sprawie wysoko\u015bci i sposobu wnoszenia op\u0142at za us\u0142ugi edukacyjne zwi\u0105zane z weryfikacj\u0105 efekt\u00f3w uczenia si\u0119 dla kwalifikacji na poziomie VIII Polskiej Ramy Kwalifikacji na potrzeby post\u0119powania w sprawie nadania stopnia doktora<\/a><\/p>\n<p>In accordance with the Rector\u2019s Ordinance No. 4, the candidate applying for verification of learning outcomes at the 8th level of the Polish Qualifications Framework pays a fee to the bank account number: PL 41 1240 2294 1111 0000 3708 8240 in the amount of: PLN 1,500 (SWIFT\/BIC PKOPPLPW). It is important to make the payment in the currency: Polish zloty.<\/p>","protected":false},"excerpt":{"rendered":"<p>Template of application for verification of learning outcomes &#8211; to be submitted in Polish Application for verification of learning outcomes with English explanations NOTE: A diploma obtained abroad, giving the&hellip; <a href=\"https:\/\/www.amuz.krakow.pl\/en\/postepowania-awansowe\/doktoraty\/tryb-eksternistyczny\/weryfikacja-efektow-uczenia-sie-dla-kwalifikacji-na-poziomie-8-prk\/\">Continue reading<\/a><\/p>\n","protected":false},"author":72,"featured_media":0,"parent":68696,"menu_order":1,"comment_status":"closed","ping_status":"closed","template":"","meta":{"footnotes":"","_links_to":"","_links_to_target":""},"class_list":["post-53225","page","type-page","status-publish","hentry"],"yoast_head":"<!-- This site is optimized with the Yoast SEO plugin v27.2 - https:\/\/yoast.com\/product\/yoast-seo-wordpress\/ -->\n<title>AMKP - Akademia Muzyczna im. Krzysztofa Pendereckiego w Krakowie<\/title>\n<meta name=\"robots\" content=\"index, follow, max-snippet:-1, max-image-preview:large, max-video-preview:-1\" \/>\n<link rel=\"canonical\" href=\"https:\/\/www.amuz.krakow.pl\/postepowania-awansowe\/doktoraty\/tryb-eksternistyczny\/weryfikacja-efektow-uczenia-sie-dla-kwalifikacji-na-poziomie-8-prk\/\" \/>\n<meta property=\"og:locale\" content=\"en_US\" \/>\n<meta property=\"og:type\" content=\"article\" \/>\n<meta property=\"og:title\" content=\"AMKP - Akademia Muzyczna im. Krzysztofa Pendereckiego w Krakowie\" \/>\n<meta property=\"og:description\" content=\"Template of application for verification of learning outcomes &#8211; to be submitted in Polish Application for verification of learning outcomes with English explanations NOTE: A diploma obtained abroad, giving the&hellip; Continue reading\" \/>\n<meta property=\"og:url\" content=\"https:\/\/www.amuz.krakow.pl\/postepowania-awansowe\/doktoraty\/tryb-eksternistyczny\/weryfikacja-efektow-uczenia-sie-dla-kwalifikacji-na-poziomie-8-prk\/\" \/>\n<meta property=\"og:site_name\" content=\"Akademia Muzyczna im. Krzysztofa Pendereckiego w Krakowie\" \/>\n<meta property=\"article:publisher\" content=\"https:\/\/www.facebook.com\/amuz.krakow\" \/>\n<meta property=\"article:modified_time\" content=\"2025-06-11T10:11:26+00:00\" \/>\n<meta property=\"og:image\" content=\"https:\/\/www.amuz.krakow.pl\/wp-content\/uploads\/2021\/11\/amkp.jpg\" \/>\n\t<meta property=\"og:image:width\" content=\"1193\" \/>\n\t<meta property=\"og:image:height\" content=\"591\" \/>\n\t<meta property=\"og:image:type\" content=\"image\/jpeg\" \/>\n<meta name=\"twitter:card\" content=\"summary_large_image\" \/>\n<meta name=\"twitter:label1\" content=\"Est. reading time\" \/>\n\t<meta name=\"twitter:data1\" content=\"1 minute\" \/>\n<script type=\"application\/ld+json\" class=\"yoast-schema-graph\">{\"@context\":\"https:\/\/schema.org\",\"@graph\":[{\"@type\":\"WebPage\",\"@id\":\"https:\/\/www.amuz.krakow.pl\/postepowania-awansowe\/doktoraty\/tryb-eksternistyczny\/weryfikacja-efektow-uczenia-sie-dla-kwalifikacji-na-poziomie-8-prk\/\",\"url\":\"https:\/\/www.amuz.krakow.pl\/postepowania-awansowe\/doktoraty\/tryb-eksternistyczny\/weryfikacja-efektow-uczenia-sie-dla-kwalifikacji-na-poziomie-8-prk\/\",\"name\":\"AMKP - Akademia Muzyczna im. Krzysztofa Pendereckiego w Krakowie\",\"isPartOf\":{\"@id\":\"https:\/\/www.amuz.krakow.pl\/#website\"},\"datePublished\":\"2021-09-29T11:28:17+00:00\",\"dateModified\":\"2025-06-11T10:11:26+00:00\",\"breadcrumb\":{\"@id\":\"https:\/\/www.amuz.krakow.pl\/postepowania-awansowe\/doktoraty\/tryb-eksternistyczny\/weryfikacja-efektow-uczenia-sie-dla-kwalifikacji-na-poziomie-8-prk\/#breadcrumb\"},\"inLanguage\":\"en-US\",\"potentialAction\":[{\"@type\":\"ReadAction\",\"target\":[\"https:\/\/www.amuz.krakow.pl\/postepowania-awansowe\/doktoraty\/tryb-eksternistyczny\/weryfikacja-efektow-uczenia-sie-dla-kwalifikacji-na-poziomie-8-prk\/\"]}]},{\"@type\":\"BreadcrumbList\",\"@id\":\"https:\/\/www.amuz.krakow.pl\/postepowania-awansowe\/doktoraty\/tryb-eksternistyczny\/weryfikacja-efektow-uczenia-sie-dla-kwalifikacji-na-poziomie-8-prk\/#breadcrumb\",\"itemListElement\":[{\"@type\":\"ListItem\",\"position\":1,\"name\":\"Strona g\u0142\u00f3wna\",\"item\":\"https:\/\/www.amuz.krakow.pl\/\"},{\"@type\":\"ListItem\",\"position\":2,\"name\":\"Post\u0119powania awansowe\",\"item\":\"https:\/\/www.amuz.krakow.pl\/postepowania-awansowe\/\"},{\"@type\":\"ListItem\",\"position\":3,\"name\":\"Doktoraty\",\"item\":\"https:\/\/www.amuz.krakow.pl\/postepowania-awansowe\/doktoraty\/\"},{\"@type\":\"ListItem\",\"position\":4,\"name\":\"Tryb eksternistyczny\",\"item\":\"https:\/\/www.amuz.krakow.pl\/postepowania-awansowe\/doktoraty\/tryb-eksternistyczny\/\"},{\"@type\":\"ListItem\",\"position\":5,\"name\":\"Weryfikacja efekt\u00f3w uczenia si\u0119 dla kwalifikacji na poziomie 8 PRK\"}]},{\"@type\":\"WebSite\",\"@id\":\"https:\/\/www.amuz.krakow.pl\/#website\",\"url\":\"https:\/\/www.amuz.krakow.pl\/\",\"name\":\"Akademia Muzyczna im. Krzysztofa Pendereckiego w Krakowie\",\"description\":\"Oficjalna strona Akademii Muzycznej im. Krzysztofa Pendereckiego w Krakowie (AMKP).\",\"publisher\":{\"@id\":\"https:\/\/www.amuz.krakow.pl\/#organization\"},\"alternateName\":\"AMKP\",\"potentialAction\":[{\"@type\":\"SearchAction\",\"target\":{\"@type\":\"EntryPoint\",\"urlTemplate\":\"https:\/\/www.amuz.krakow.pl\/?s={search_term_string}\"},\"query-input\":{\"@type\":\"PropertyValueSpecification\",\"valueRequired\":true,\"valueName\":\"search_term_string\"}}],\"inLanguage\":\"en-US\"},{\"@type\":\"Organization\",\"@id\":\"https:\/\/www.amuz.krakow.pl\/#organization\",\"name\":\"Akademia Muzyczna im. Krzysztofa Pendereckiego w Krakowie\",\"alternateName\":\"AMKP\",\"url\":\"https:\/\/www.amuz.krakow.pl\/\",\"logo\":{\"@type\":\"ImageObject\",\"inLanguage\":\"en-US\",\"@id\":\"https:\/\/www.amuz.krakow.pl\/#\/schema\/logo\/image\/\",\"url\":\"https:\/\/www.amuz.krakow.pl\/wp-content\/uploads\/2021\/11\/amkp.jpg\",\"contentUrl\":\"https:\/\/www.amuz.krakow.pl\/wp-content\/uploads\/2021\/11\/amkp.jpg\",\"width\":1193,\"height\":591,\"caption\":\"Akademia Muzyczna im. Krzysztofa Pendereckiego w Krakowie\"},\"image\":{\"@id\":\"https:\/\/www.amuz.krakow.pl\/#\/schema\/logo\/image\/\"},\"sameAs\":[\"https:\/\/www.facebook.com\/amuz.krakow\",\"https:\/\/www.instagram.com\/amkpenderecki\/\",\"https:\/\/www.youtube.com\/@amkpenderecki4806\"]}]}<\/script>\n<!-- \/ Yoast SEO plugin. -->","yoast_head_json":{"title":"AMKP - Akademia Muzyczna im. Krzysztofa Pendereckiego w Krakowie","robots":{"index":"index","follow":"follow","max-snippet":"max-snippet:-1","max-image-preview":"max-image-preview:large","max-video-preview":"max-video-preview:-1"},"canonical":"https:\/\/www.amuz.krakow.pl\/postepowania-awansowe\/doktoraty\/tryb-eksternistyczny\/weryfikacja-efektow-uczenia-sie-dla-kwalifikacji-na-poziomie-8-prk\/","og_locale":"en_US","og_type":"article","og_title":"AMKP - Akademia Muzyczna im. Krzysztofa Pendereckiego w Krakowie","og_description":"Template of application for verification of learning outcomes &#8211; to be submitted in Polish Application for verification of learning outcomes with English explanations NOTE: A diploma obtained abroad, giving the&hellip; Continue reading","og_url":"https:\/\/www.amuz.krakow.pl\/postepowania-awansowe\/doktoraty\/tryb-eksternistyczny\/weryfikacja-efektow-uczenia-sie-dla-kwalifikacji-na-poziomie-8-prk\/","og_site_name":"Akademia Muzyczna im. Krzysztofa Pendereckiego w Krakowie","article_publisher":"https:\/\/www.facebook.com\/amuz.krakow","article_modified_time":"2025-06-11T10:11:26+00:00","og_image":[{"width":1193,"height":591,"url":"https:\/\/www.amuz.krakow.pl\/wp-content\/uploads\/2021\/11\/amkp.jpg","type":"image\/jpeg"}],"twitter_card":"summary_large_image","twitter_misc":{"Est. reading time":"1 minute"},"schema":{"@context":"https:\/\/schema.org","@graph":[{"@type":"WebPage","@id":"https:\/\/www.amuz.krakow.pl\/postepowania-awansowe\/doktoraty\/tryb-eksternistyczny\/weryfikacja-efektow-uczenia-sie-dla-kwalifikacji-na-poziomie-8-prk\/","url":"https:\/\/www.amuz.krakow.pl\/postepowania-awansowe\/doktoraty\/tryb-eksternistyczny\/weryfikacja-efektow-uczenia-sie-dla-kwalifikacji-na-poziomie-8-prk\/","name":"AMKP - Akademia Muzyczna im. Krzysztofa Pendereckiego w Krakowie","isPartOf":{"@id":"https:\/\/www.amuz.krakow.pl\/#website"},"datePublished":"2021-09-29T11:28:17+00:00","dateModified":"2025-06-11T10:11:26+00:00","breadcrumb":{"@id":"https:\/\/www.amuz.krakow.pl\/postepowania-awansowe\/doktoraty\/tryb-eksternistyczny\/weryfikacja-efektow-uczenia-sie-dla-kwalifikacji-na-poziomie-8-prk\/#breadcrumb"},"inLanguage":"en-US","potentialAction":[{"@type":"ReadAction","target":["https:\/\/www.amuz.krakow.pl\/postepowania-awansowe\/doktoraty\/tryb-eksternistyczny\/weryfikacja-efektow-uczenia-sie-dla-kwalifikacji-na-poziomie-8-prk\/"]}]},{"@type":"BreadcrumbList","@id":"https:\/\/www.amuz.krakow.pl\/postepowania-awansowe\/doktoraty\/tryb-eksternistyczny\/weryfikacja-efektow-uczenia-sie-dla-kwalifikacji-na-poziomie-8-prk\/#breadcrumb","itemListElement":[{"@type":"ListItem","position":1,"name":"Strona g\u0142\u00f3wna","item":"https:\/\/www.amuz.krakow.pl\/"},{"@type":"ListItem","position":2,"name":"Post\u0119powania awansowe","item":"https:\/\/www.amuz.krakow.pl\/postepowania-awansowe\/"},{"@type":"ListItem","position":3,"name":"Doktoraty","item":"https:\/\/www.amuz.krakow.pl\/postepowania-awansowe\/doktoraty\/"},{"@type":"ListItem","position":4,"name":"Tryb eksternistyczny","item":"https:\/\/www.amuz.krakow.pl\/postepowania-awansowe\/doktoraty\/tryb-eksternistyczny\/"},{"@type":"ListItem","position":5,"name":"Weryfikacja efekt\u00f3w uczenia si\u0119 dla kwalifikacji na poziomie 8 PRK"}]},{"@type":"WebSite","@id":"https:\/\/www.amuz.krakow.pl\/#website","url":"https:\/\/www.amuz.krakow.pl\/","name":"Akademia Muzyczna im. Krzysztofa Pendereckiego w Krakowie","description":"Oficjalna strona Akademii Muzycznej im. Krzysztofa Pendereckiego w Krakowie (AMKP).","publisher":{"@id":"https:\/\/www.amuz.krakow.pl\/#organization"},"alternateName":"AMKP","potentialAction":[{"@type":"SearchAction","target":{"@type":"EntryPoint","urlTemplate":"https:\/\/www.amuz.krakow.pl\/?s={search_term_string}"},"query-input":{"@type":"PropertyValueSpecification","valueRequired":true,"valueName":"search_term_string"}}],"inLanguage":"en-US"},{"@type":"Organization","@id":"https:\/\/www.amuz.krakow.pl\/#organization","name":"Akademia Muzyczna im. Krzysztofa Pendereckiego w Krakowie","alternateName":"AMKP","url":"https:\/\/www.amuz.krakow.pl\/","logo":{"@type":"ImageObject","inLanguage":"en-US","@id":"https:\/\/www.amuz.krakow.pl\/#\/schema\/logo\/image\/","url":"https:\/\/www.amuz.krakow.pl\/wp-content\/uploads\/2021\/11\/amkp.jpg","contentUrl":"https:\/\/www.amuz.krakow.pl\/wp-content\/uploads\/2021\/11\/amkp.jpg","width":1193,"height":591,"caption":"Akademia Muzyczna im. Krzysztofa Pendereckiego w Krakowie"},"image":{"@id":"https:\/\/www.amuz.krakow.pl\/#\/schema\/logo\/image\/"},"sameAs":["https:\/\/www.facebook.com\/amuz.krakow","https:\/\/www.instagram.com\/amkpenderecki\/","https:\/\/www.youtube.com\/@amkpenderecki4806"]}]}},"_links":{"self":[{"href":"https:\/\/www.amuz.krakow.pl\/en\/wp-json\/wp\/v2\/pages\/53225","targetHints":{"allow":["GET"]}}],"collection":[{"href":"https:\/\/www.amuz.krakow.pl\/en\/wp-json\/wp\/v2\/pages"}],"about":[{"href":"https:\/\/www.amuz.krakow.pl\/en\/wp-json\/wp\/v2\/types\/page"}],"author":[{"embeddable":true,"href":"https:\/\/www.amuz.krakow.pl\/en\/wp-json\/wp\/v2\/users\/72"}],"replies":[{"embeddable":true,"href":"https:\/\/www.amuz.krakow.pl\/en\/wp-json\/wp\/v2\/comments?post=53225"}],"version-history":[{"count":15,"href":"https:\/\/www.amuz.krakow.pl\/en\/wp-json\/wp\/v2\/pages\/53225\/revisions"}],"predecessor-version":[{"id":104644,"href":"https:\/\/www.amuz.krakow.pl\/en\/wp-json\/wp\/v2\/pages\/53225\/revisions\/104644"}],"up":[{"embeddable":true,"href":"https:\/\/www.amuz.krakow.pl\/en\/wp-json\/wp\/v2\/pages\/68696"}],"wp:attachment":[{"href":"https:\/\/www.amuz.krakow.pl\/en\/wp-json\/wp\/v2\/media?parent=53225"}],"curies":[{"name":"wp","href":"https:\/\/api.w.org\/{rel}","templated":true}]}}