{"id":53215,"date":"2021-09-29T13:14:29","date_gmt":"2021-09-29T11:14:29","guid":{"rendered":"https:\/\/www.amuz.krakow.pl\/?page_id=53215"},"modified":"2025-06-11T12:10:04","modified_gmt":"2025-06-11T10:10:04","slug":"szczegolowe-wymagania-dot-rozprawy-doktorskiej-i-jej-formy-informacje-dot-zlozenia-rozprawy-doktorskiej","status":"publish","type":"page","link":"https:\/\/www.amuz.krakow.pl\/en\/postepowania-awansowe\/doktoraty\/szczegolowe-wymagania-dot-rozprawy-doktorskiej-i-jej-formy-informacje-dot-zlozenia-rozprawy-doktorskiej\/","title":{"rendered":"Detailed requirements concerning doctoral dissertation, its form and submission"},"content":{"rendered":"<p><\/p>\n<p dir=\"ltr\" style=\"text-align: justify;\"><a href=\"https:\/\/www.amuz.krakow.pl\/wp-content\/uploads\/doc\/Uchwala-Rady-do-Spraw-Dyscypliny-Sztuki-Muzyczne-1-1.pdf\" rel=\"attachment wp-att-48873\">Za\u0142\u0105cznik Nr 1 do uchwa\u0142y Nr 112\/2020 Rady do Spraw Dyscypliny &#8211; Sztuki Muzyczne:<strong> Szczeg\u00f3\u0142owe wymagania dot. rozprawy doktorskiej<\/strong> i jej formy<\/a><br \/>\n<a href=\"https:\/\/www.amuz.krakow.pl\/wp-content\/uploads\/doc\/Appendix-No.-1-to-Resolution-of-the-Council-for-the-Discipline-of-Musical-Arts.pdf\">Appendix No. 1 to Resolution of the Council for the Discipline of Musical Arts &#8211; <strong>Detailed requirements for the doctoral dissertation<\/strong> and its form<\/a><\/p>\n<p dir=\"ltr\" style=\"text-align: justify;\"><a href=\"https:\/\/www.amuz.krakow.pl\/wp-content\/uploads\/doc\/Zalacznik-nr-1-Wzor-strony-tytulowej-rozprawy-doktorskiej.doc\" rel=\"attachment wp-att-48874\">Za\u0142\u0105cznik nr 1 &#8211; Wz\u00f3r strony tytu\u0142owej rozprawy doktorskiej<\/a><br \/>\n<a href=\"https:\/\/www.amuz.krakow.pl\/wp-content\/uploads\/doc\/Attachment-No-1-Template-of-the-title-page-of-the-doctoral-dissertation.doc\">Attachment No 1 &#8211; Template of the title page of the doctoral dissertation<\/a> <strong>(to be submitted in Polish)<\/strong><\/p>\n<p dir=\"ltr\" style=\"text-align: justify;\"><a href=\"https:\/\/www.amuz.krakow.pl\/wp-content\/uploads\/doc\/Zalacznik-nr-2-Wzor-strony-tytulowej-opisu-artystycznej-pracy-doktorskiej.doc\" rel=\"attachment wp-att-48875\">Za\u0142\u0105cznik nr 2 Wz\u00f3r strony tytu\u0142owej opisu artystycznej pracy doktorskiej<\/a><br \/>\n<a href=\"https:\/\/www.amuz.krakow.pl\/wp-content\/uploads\/doc\/Attachment-No-2-Template-of-the-title-page-of-artistic-description-of-the-doctoral-dissertation.doc\">Attachment No 2 &#8211; Template of the title page of artistic description of the doctoral dissertation<\/a> <strong>(to be submitted in Polish)<\/strong><\/p>\n<p dir=\"ltr\" style=\"text-align: justify;\"><a href=\"https:\/\/www.amuz.krakow.pl\/wp-content\/uploads\/doc\/Zalacznik-Nr-3-Wzor-oswiadczenia-antyplagiatowego-1.doc\">Za\u0142\u0105cznik Nr 3 Wz\u00f3r o\u015bwiadczenia antyplagiatowego<\/a> (updated)<br \/>\n<a href=\"https:\/\/www.amuz.krakow.pl\/wp-content\/uploads\/doc\/Attachment-No-3-Template-of-the-anti-plagiarism-declaration.doc\">Attachment No 3 &#8211; Template of the anti-plagiarism declaration<\/a> (former version) <strong>(to be submitted in Polish)<\/strong><\/p>\n<p dir=\"ltr\"><strong><a href=\"https:\/\/www.amuz.krakow.pl\/wp-content\/uploads\/doc\/Wzory_wnioskow_w_postepowaniu_w-sprawie_nadania_stopnia_doktora.docx\">Wzory wniosk\u00f3w w post\u0119powaniu w sprawie nadania stopnia doktora<\/a><\/strong> (updated)<strong><br \/>\n<a href=\"https:\/\/www.amuz.krakow.pl\/wp-content\/uploads\/doc\/Templates-of-applications-for-academic-promotion-precedures.docx\">Templates of applications for academic promotion precedures<\/a><\/strong> (former version) (to be submitted in Polish)<\/p>\n<p><\/p>","protected":false},"excerpt":{"rendered":"<p>Za\u0142\u0105cznik Nr 1 do uchwa\u0142y Nr 112\/2020 Rady do Spraw Dyscypliny &#8211; Sztuki Muzyczne: Szczeg\u00f3\u0142owe wymagania dot. rozprawy doktorskiej i jej formy Appendix No. 1 to Resolution of the Council&hellip; <a href=\"https:\/\/www.amuz.krakow.pl\/en\/postepowania-awansowe\/doktoraty\/szczegolowe-wymagania-dot-rozprawy-doktorskiej-i-jej-formy-informacje-dot-zlozenia-rozprawy-doktorskiej\/\">Continue reading<\/a><\/p>\n","protected":false},"author":72,"featured_media":0,"parent":1533,"menu_order":5,"comment_status":"closed","ping_status":"closed","template":"","meta":{"footnotes":"","_links_to":"","_links_to_target":""},"class_list":["post-53215","page","type-page","status-publish","hentry"],"yoast_head":"<!-- This site is optimized with the Yoast SEO plugin v27.2 - https:\/\/yoast.com\/product\/yoast-seo-wordpress\/ -->\n<title>AMKP - Akademia Muzyczna im. Krzysztofa Pendereckiego w Krakowie<\/title>\n<meta name=\"robots\" content=\"index, follow, max-snippet:-1, max-image-preview:large, max-video-preview:-1\" \/>\n<link rel=\"canonical\" href=\"https:\/\/www.amuz.krakow.pl\/postepowania-awansowe\/doktoraty\/szczegolowe-wymagania-dot-rozprawy-doktorskiej-i-jej-formy-informacje-dot-zlozenia-rozprawy-doktorskiej\/\" \/>\n<meta property=\"og:locale\" content=\"en_US\" \/>\n<meta property=\"og:type\" content=\"article\" \/>\n<meta property=\"og:title\" content=\"AMKP - Akademia Muzyczna im. Krzysztofa Pendereckiego w Krakowie\" \/>\n<meta property=\"og:description\" content=\"Za\u0142\u0105cznik Nr 1 do uchwa\u0142y Nr 112\/2020 Rady do Spraw Dyscypliny &#8211; Sztuki Muzyczne: Szczeg\u00f3\u0142owe wymagania dot. rozprawy doktorskiej i jej formy Appendix No. 1 to Resolution of the Council&hellip; Continue reading\" \/>\n<meta property=\"og:url\" content=\"https:\/\/www.amuz.krakow.pl\/postepowania-awansowe\/doktoraty\/szczegolowe-wymagania-dot-rozprawy-doktorskiej-i-jej-formy-informacje-dot-zlozenia-rozprawy-doktorskiej\/\" \/>\n<meta property=\"og:site_name\" content=\"Akademia Muzyczna im. Krzysztofa Pendereckiego w Krakowie\" \/>\n<meta property=\"article:publisher\" content=\"https:\/\/www.facebook.com\/amuz.krakow\" \/>\n<meta property=\"article:modified_time\" content=\"2025-06-11T10:10:04+00:00\" \/>\n<meta property=\"og:image\" content=\"https:\/\/www.amuz.krakow.pl\/wp-content\/uploads\/2021\/11\/amkp.jpg\" \/>\n\t<meta property=\"og:image:width\" content=\"1193\" \/>\n\t<meta property=\"og:image:height\" content=\"591\" \/>\n\t<meta property=\"og:image:type\" content=\"image\/jpeg\" \/>\n<meta name=\"twitter:card\" content=\"summary_large_image\" \/>\n<meta name=\"twitter:label1\" content=\"Est. reading time\" \/>\n\t<meta name=\"twitter:data1\" content=\"1 minute\" \/>\n<script type=\"application\/ld+json\" class=\"yoast-schema-graph\">{\"@context\":\"https:\/\/schema.org\",\"@graph\":[{\"@type\":\"WebPage\",\"@id\":\"https:\/\/www.amuz.krakow.pl\/postepowania-awansowe\/doktoraty\/szczegolowe-wymagania-dot-rozprawy-doktorskiej-i-jej-formy-informacje-dot-zlozenia-rozprawy-doktorskiej\/\",\"url\":\"https:\/\/www.amuz.krakow.pl\/postepowania-awansowe\/doktoraty\/szczegolowe-wymagania-dot-rozprawy-doktorskiej-i-jej-formy-informacje-dot-zlozenia-rozprawy-doktorskiej\/\",\"name\":\"AMKP - Akademia Muzyczna im. Krzysztofa Pendereckiego w Krakowie\",\"isPartOf\":{\"@id\":\"https:\/\/www.amuz.krakow.pl\/#website\"},\"datePublished\":\"2021-09-29T11:14:29+00:00\",\"dateModified\":\"2025-06-11T10:10:04+00:00\",\"breadcrumb\":{\"@id\":\"https:\/\/www.amuz.krakow.pl\/postepowania-awansowe\/doktoraty\/szczegolowe-wymagania-dot-rozprawy-doktorskiej-i-jej-formy-informacje-dot-zlozenia-rozprawy-doktorskiej\/#breadcrumb\"},\"inLanguage\":\"en-US\",\"potentialAction\":[{\"@type\":\"ReadAction\",\"target\":[\"https:\/\/www.amuz.krakow.pl\/postepowania-awansowe\/doktoraty\/szczegolowe-wymagania-dot-rozprawy-doktorskiej-i-jej-formy-informacje-dot-zlozenia-rozprawy-doktorskiej\/\"]}]},{\"@type\":\"BreadcrumbList\",\"@id\":\"https:\/\/www.amuz.krakow.pl\/postepowania-awansowe\/doktoraty\/szczegolowe-wymagania-dot-rozprawy-doktorskiej-i-jej-formy-informacje-dot-zlozenia-rozprawy-doktorskiej\/#breadcrumb\",\"itemListElement\":[{\"@type\":\"ListItem\",\"position\":1,\"name\":\"Strona g\u0142\u00f3wna\",\"item\":\"https:\/\/www.amuz.krakow.pl\/\"},{\"@type\":\"ListItem\",\"position\":2,\"name\":\"Post\u0119powania awansowe\",\"item\":\"https:\/\/www.amuz.krakow.pl\/postepowania-awansowe\/\"},{\"@type\":\"ListItem\",\"position\":3,\"name\":\"Doktoraty\",\"item\":\"https:\/\/www.amuz.krakow.pl\/postepowania-awansowe\/doktoraty\/\"},{\"@type\":\"ListItem\",\"position\":4,\"name\":\"Szczeg\u00f3\u0142owe wymagania dot. rozprawy doktorskiej, jej formy, informacje dot. z\u0142o\u017cenia rozprawy doktorskiej\"}]},{\"@type\":\"WebSite\",\"@id\":\"https:\/\/www.amuz.krakow.pl\/#website\",\"url\":\"https:\/\/www.amuz.krakow.pl\/\",\"name\":\"Akademia Muzyczna im. Krzysztofa Pendereckiego w Krakowie\",\"description\":\"Oficjalna strona Akademii Muzycznej im. Krzysztofa Pendereckiego w Krakowie (AMKP).\",\"publisher\":{\"@id\":\"https:\/\/www.amuz.krakow.pl\/#organization\"},\"alternateName\":\"AMKP\",\"potentialAction\":[{\"@type\":\"SearchAction\",\"target\":{\"@type\":\"EntryPoint\",\"urlTemplate\":\"https:\/\/www.amuz.krakow.pl\/?s={search_term_string}\"},\"query-input\":{\"@type\":\"PropertyValueSpecification\",\"valueRequired\":true,\"valueName\":\"search_term_string\"}}],\"inLanguage\":\"en-US\"},{\"@type\":\"Organization\",\"@id\":\"https:\/\/www.amuz.krakow.pl\/#organization\",\"name\":\"Akademia Muzyczna im. Krzysztofa Pendereckiego w Krakowie\",\"alternateName\":\"AMKP\",\"url\":\"https:\/\/www.amuz.krakow.pl\/\",\"logo\":{\"@type\":\"ImageObject\",\"inLanguage\":\"en-US\",\"@id\":\"https:\/\/www.amuz.krakow.pl\/#\/schema\/logo\/image\/\",\"url\":\"https:\/\/www.amuz.krakow.pl\/wp-content\/uploads\/2021\/11\/amkp.jpg\",\"contentUrl\":\"https:\/\/www.amuz.krakow.pl\/wp-content\/uploads\/2021\/11\/amkp.jpg\",\"width\":1193,\"height\":591,\"caption\":\"Akademia Muzyczna im. Krzysztofa Pendereckiego w Krakowie\"},\"image\":{\"@id\":\"https:\/\/www.amuz.krakow.pl\/#\/schema\/logo\/image\/\"},\"sameAs\":[\"https:\/\/www.facebook.com\/amuz.krakow\",\"https:\/\/www.instagram.com\/amkpenderecki\/\",\"https:\/\/www.youtube.com\/@amkpenderecki4806\"]}]}<\/script>\n<!-- \/ Yoast SEO plugin. -->","yoast_head_json":{"title":"AMKP - Akademia Muzyczna im. Krzysztofa Pendereckiego w Krakowie","robots":{"index":"index","follow":"follow","max-snippet":"max-snippet:-1","max-image-preview":"max-image-preview:large","max-video-preview":"max-video-preview:-1"},"canonical":"https:\/\/www.amuz.krakow.pl\/postepowania-awansowe\/doktoraty\/szczegolowe-wymagania-dot-rozprawy-doktorskiej-i-jej-formy-informacje-dot-zlozenia-rozprawy-doktorskiej\/","og_locale":"en_US","og_type":"article","og_title":"AMKP - Akademia Muzyczna im. Krzysztofa Pendereckiego w Krakowie","og_description":"Za\u0142\u0105cznik Nr 1 do uchwa\u0142y Nr 112\/2020 Rady do Spraw Dyscypliny &#8211; Sztuki Muzyczne: Szczeg\u00f3\u0142owe wymagania dot. rozprawy doktorskiej i jej formy Appendix No. 1 to Resolution of the Council&hellip; Continue reading","og_url":"https:\/\/www.amuz.krakow.pl\/postepowania-awansowe\/doktoraty\/szczegolowe-wymagania-dot-rozprawy-doktorskiej-i-jej-formy-informacje-dot-zlozenia-rozprawy-doktorskiej\/","og_site_name":"Akademia Muzyczna im. Krzysztofa Pendereckiego w Krakowie","article_publisher":"https:\/\/www.facebook.com\/amuz.krakow","article_modified_time":"2025-06-11T10:10:04+00:00","og_image":[{"width":1193,"height":591,"url":"https:\/\/www.amuz.krakow.pl\/wp-content\/uploads\/2021\/11\/amkp.jpg","type":"image\/jpeg"}],"twitter_card":"summary_large_image","twitter_misc":{"Est. reading time":"1 minute"},"schema":{"@context":"https:\/\/schema.org","@graph":[{"@type":"WebPage","@id":"https:\/\/www.amuz.krakow.pl\/postepowania-awansowe\/doktoraty\/szczegolowe-wymagania-dot-rozprawy-doktorskiej-i-jej-formy-informacje-dot-zlozenia-rozprawy-doktorskiej\/","url":"https:\/\/www.amuz.krakow.pl\/postepowania-awansowe\/doktoraty\/szczegolowe-wymagania-dot-rozprawy-doktorskiej-i-jej-formy-informacje-dot-zlozenia-rozprawy-doktorskiej\/","name":"AMKP - Akademia Muzyczna im. Krzysztofa Pendereckiego w Krakowie","isPartOf":{"@id":"https:\/\/www.amuz.krakow.pl\/#website"},"datePublished":"2021-09-29T11:14:29+00:00","dateModified":"2025-06-11T10:10:04+00:00","breadcrumb":{"@id":"https:\/\/www.amuz.krakow.pl\/postepowania-awansowe\/doktoraty\/szczegolowe-wymagania-dot-rozprawy-doktorskiej-i-jej-formy-informacje-dot-zlozenia-rozprawy-doktorskiej\/#breadcrumb"},"inLanguage":"en-US","potentialAction":[{"@type":"ReadAction","target":["https:\/\/www.amuz.krakow.pl\/postepowania-awansowe\/doktoraty\/szczegolowe-wymagania-dot-rozprawy-doktorskiej-i-jej-formy-informacje-dot-zlozenia-rozprawy-doktorskiej\/"]}]},{"@type":"BreadcrumbList","@id":"https:\/\/www.amuz.krakow.pl\/postepowania-awansowe\/doktoraty\/szczegolowe-wymagania-dot-rozprawy-doktorskiej-i-jej-formy-informacje-dot-zlozenia-rozprawy-doktorskiej\/#breadcrumb","itemListElement":[{"@type":"ListItem","position":1,"name":"Strona g\u0142\u00f3wna","item":"https:\/\/www.amuz.krakow.pl\/"},{"@type":"ListItem","position":2,"name":"Post\u0119powania awansowe","item":"https:\/\/www.amuz.krakow.pl\/postepowania-awansowe\/"},{"@type":"ListItem","position":3,"name":"Doktoraty","item":"https:\/\/www.amuz.krakow.pl\/postepowania-awansowe\/doktoraty\/"},{"@type":"ListItem","position":4,"name":"Szczeg\u00f3\u0142owe wymagania dot. rozprawy doktorskiej, jej formy, informacje dot. z\u0142o\u017cenia rozprawy doktorskiej"}]},{"@type":"WebSite","@id":"https:\/\/www.amuz.krakow.pl\/#website","url":"https:\/\/www.amuz.krakow.pl\/","name":"Akademia Muzyczna im. Krzysztofa Pendereckiego w Krakowie","description":"Oficjalna strona Akademii Muzycznej im. Krzysztofa Pendereckiego w Krakowie (AMKP).","publisher":{"@id":"https:\/\/www.amuz.krakow.pl\/#organization"},"alternateName":"AMKP","potentialAction":[{"@type":"SearchAction","target":{"@type":"EntryPoint","urlTemplate":"https:\/\/www.amuz.krakow.pl\/?s={search_term_string}"},"query-input":{"@type":"PropertyValueSpecification","valueRequired":true,"valueName":"search_term_string"}}],"inLanguage":"en-US"},{"@type":"Organization","@id":"https:\/\/www.amuz.krakow.pl\/#organization","name":"Akademia Muzyczna im. Krzysztofa Pendereckiego w Krakowie","alternateName":"AMKP","url":"https:\/\/www.amuz.krakow.pl\/","logo":{"@type":"ImageObject","inLanguage":"en-US","@id":"https:\/\/www.amuz.krakow.pl\/#\/schema\/logo\/image\/","url":"https:\/\/www.amuz.krakow.pl\/wp-content\/uploads\/2021\/11\/amkp.jpg","contentUrl":"https:\/\/www.amuz.krakow.pl\/wp-content\/uploads\/2021\/11\/amkp.jpg","width":1193,"height":591,"caption":"Akademia Muzyczna im. Krzysztofa Pendereckiego w Krakowie"},"image":{"@id":"https:\/\/www.amuz.krakow.pl\/#\/schema\/logo\/image\/"},"sameAs":["https:\/\/www.facebook.com\/amuz.krakow","https:\/\/www.instagram.com\/amkpenderecki\/","https:\/\/www.youtube.com\/@amkpenderecki4806"]}]}},"_links":{"self":[{"href":"https:\/\/www.amuz.krakow.pl\/en\/wp-json\/wp\/v2\/pages\/53215","targetHints":{"allow":["GET"]}}],"collection":[{"href":"https:\/\/www.amuz.krakow.pl\/en\/wp-json\/wp\/v2\/pages"}],"about":[{"href":"https:\/\/www.amuz.krakow.pl\/en\/wp-json\/wp\/v2\/types\/page"}],"author":[{"embeddable":true,"href":"https:\/\/www.amuz.krakow.pl\/en\/wp-json\/wp\/v2\/users\/72"}],"replies":[{"embeddable":true,"href":"https:\/\/www.amuz.krakow.pl\/en\/wp-json\/wp\/v2\/comments?post=53215"}],"version-history":[{"count":10,"href":"https:\/\/www.amuz.krakow.pl\/en\/wp-json\/wp\/v2\/pages\/53215\/revisions"}],"predecessor-version":[{"id":104643,"href":"https:\/\/www.amuz.krakow.pl\/en\/wp-json\/wp\/v2\/pages\/53215\/revisions\/104643"}],"up":[{"embeddable":true,"href":"https:\/\/www.amuz.krakow.pl\/en\/wp-json\/wp\/v2\/pages\/1533"}],"wp:attachment":[{"href":"https:\/\/www.amuz.krakow.pl\/en\/wp-json\/wp\/v2\/media?parent=53215"}],"curies":[{"name":"wp","href":"https:\/\/api.w.org\/{rel}","templated":true}]}}