{"id":532,"date":"2015-12-14T22:14:59","date_gmt":"2015-12-14T21:14:59","guid":{"rendered":"http:\/\/strony.amuz.krakow.pl\/?page_id=532"},"modified":"2017-01-19T21:29:33","modified_gmt":"2017-01-19T20:29:33","slug":"532-2","status":"publish","type":"page","link":"https:\/\/www.amuz.krakow.pl\/en\/o-nas\/poczet-rektorow\/rektorzy-akademii-muzycznej\/532-2\/","title":{"rendered":"Zbigniew Drzewiecki 1946-1952"},"content":{"rendered":"<p><\/p>\n<p style=\"text-align: justify;\"><strong><a href=\"https:\/\/www.amuz.krakow.pl\/wp-content\/uploads\/2015\/12\/05.-Zbigniew-DRZEWIECKI-1946-1952.jpg\"><img loading=\"lazy\" decoding=\"async\" class=\"alignleft wp-image-533 size-medium\" src=\"http:\/\/strony.amuz.krakow.pl\/wp-content\/uploads\/2015\/12\/05.-Zbigniew-DRZEWIECKI-1946-1952-253x300.jpg\" alt=\"Zbigniew DRZEWIECKI (1946-1952)\" width=\"253\" height=\"300\" srcset=\"https:\/\/www.amuz.krakow.pl\/wp-content\/uploads\/2015\/12\/05.-Zbigniew-DRZEWIECKI-1946-1952-253x300.jpg 253w, https:\/\/www.amuz.krakow.pl\/wp-content\/uploads\/2015\/12\/05.-Zbigniew-DRZEWIECKI-1946-1952.jpg 283w\" sizes=\"auto, (max-width: 253px) 100vw, 253px\" \/><\/a>b Warsaw 8 April 1890, d Warsaw 11 April 1971<\/strong><\/p>\n<p style=\"text-align: justify;\">Rector of the State Higher School of Music [PWSM] (1945-52)<br \/>\nPianist, teacher, editor and music critic<\/p>\n<p style=\"text-align: justify;\">Studied at the Wiener Akademie f\u00fcr Musik with K. Prohaski and privately in Vienna with M. Prentner. Made his debut as a\u00a0pianist on the 2nd February 1916 in Warsaw, giving a\u00a0recital consisting of the works of Bach, Beethoven, Brahms, Schumann, Chopin and Liszt. He was one of the first Polish pianists to perform the works of Scriabin, Debussy, Ravel and Prokofiev; in the eyes of conservative critics he gained a\u00a0reputation of an enthusiast and propagator of \u2018modernism\u2019 and \u2018dadaism.\u2019 The music of Szymanowski found a\u00a0special place in his repertoire. The composer and the pianist were friends, they also shared a\u00a0passion for bridge. Szymanowski dedicated to him two Mazurkas Op. 50: No.7 and 8. Drzewiecki also propagated the works of other Polish contemporary composers: Sza\u0142owski, Palester, Kondracki, Szabelski. He mastered his musical technique with Paderewski in Morges. As music critic, he published articles in Muzyka of M. Gli\u0144ski and Muzyka Polska of K. Regamey, after the World War II \u2013 in Ruch Muzyczny. He wrote particularly about the piano music of the 20th century, including the works of Bartok, Berg, Szymanowski, Koffler or Palester, and about the performances of Chopin\u2019s music. He recommended simplicity and moderation as well as equilibrium between the expression and form in the interpretation of Chopin\u2019s music. In 1930 he became Prorector of the Warsaw Music School renamed later into the Academy. In 1931 he took over the function of its rector after Karol Szymanowski. Among his students were: F. Blumental, J. Ekier, R. Etkin\u00f3wna, B. Kon, H. Czerny Stefa\u0144ska, Fu-Tsung, L. Grychto\u0142\u00f3wna, A. Harasiewicz, R. Smendzianka, J. Olejniczak, among the present faculty members of the Krakow Academy: M. Szmyd-Dormus and E. Wolak-Moszy\u0144ska.<\/p>\n<p style=\"text-align: justify;\">In the spring of 1945, with a\u00a0circle of collaborators, he began to organize the Higher School of Music (the present Academy of Music). Its inauguration took place on the 31st of August. The aim of the academy \u2013 said its first rector in the inaugural address \u2013 was \u201ccomprehensive education of composers, conductors, virtuosos and theoreticians, (\u2026) teachers prepared to work at music schools of all levels\u201d, but also \u201cacademic work on designing and improving the methods of teaching, aspiring to the creation of Polish musical style.\u201d Among the faculty members of the Krakow school were: R. Palester, S. Wiechowicz, A. Malawski, J. Hoffman, A. Rieger, H. Sztompka, E. Umi\u0144ska, B. Rutkowski, B. Romaniszyn, H. Zboi\u0144ska-Ruszkowska, W. Kaczmar, M. Dziewulska, S. Kisielewski. 131 students were admitted for the first postwar academic year. Many of them \u2013 due to the break caused by occupation \u2013 were not properly prepared for the studies and thus participated in preparatory courses covering all theoretical subjects, called \u2018zero level courses\u2019. Classes took place in a\u00a0few rooms at 8 and 9 Basztowa Street. At the beginning of the academic year 1948\/49 the Academy moved to a\u00a0more spacious location at 24 Warszawska Street.<\/p>\n<p style=\"text-align: justify;\">In recognition of his accomplishments, Drzewiecki received National Prize of the 1st degree (1950, 1952), and in 1955 he was honoured with the Polonia Restituta Cross.<\/p>\n<p style=\"text-align: justify;\">Leszek Polony<\/p>\n<p><\/p>","protected":false},"excerpt":{"rendered":"<p>b Warsaw 8 April 1890, d Warsaw 11 April 1971 Rector of the State Higher School of Music [PWSM] (1945-52) Pianist, teacher, editor and music critic Studied at the Wiener&hellip; <a href=\"https:\/\/www.amuz.krakow.pl\/en\/o-nas\/poczet-rektorow\/rektorzy-akademii-muzycznej\/532-2\/\">Continue reading<\/a><\/p>\n","protected":false},"author":72,"featured_media":0,"parent":478,"menu_order":5,"comment_status":"closed","ping_status":"closed","template":"","meta":{"footnotes":"","_links_to":"","_links_to_target":""},"class_list":["post-532","page","type-page","status-publish","hentry"],"yoast_head":"<!-- This site is optimized with the Yoast SEO plugin v27.4 - https:\/\/yoast.com\/product\/yoast-seo-wordpress\/ -->\n<title>AMKP - Akademia Muzyczna im. Krzysztofa Pendereckiego w Krakowie<\/title>\n<meta name=\"robots\" content=\"index, follow, max-snippet:-1, max-image-preview:large, max-video-preview:-1\" \/>\n<link rel=\"canonical\" href=\"https:\/\/www.amuz.krakow.pl\/o-nas\/poczet-rektorow\/rektorzy-akademii-muzycznej\/532-2\/\" \/>\n<meta property=\"og:locale\" content=\"en_US\" \/>\n<meta property=\"og:type\" content=\"article\" \/>\n<meta property=\"og:title\" content=\"AMKP - Akademia Muzyczna im. Krzysztofa Pendereckiego w Krakowie\" \/>\n<meta property=\"og:description\" content=\"b Warsaw 8 April 1890, d Warsaw 11 April 1971 Rector of the State Higher School of Music [PWSM] (1945-52) Pianist, teacher, editor and music critic Studied at the Wiener&hellip; Continue reading\" \/>\n<meta property=\"og:url\" content=\"https:\/\/www.amuz.krakow.pl\/o-nas\/poczet-rektorow\/rektorzy-akademii-muzycznej\/532-2\/\" \/>\n<meta property=\"og:site_name\" content=\"Akademia Muzyczna im. Krzysztofa Pendereckiego w Krakowie\" \/>\n<meta property=\"article:publisher\" content=\"https:\/\/www.facebook.com\/amuz.krakow\" \/>\n<meta property=\"article:modified_time\" content=\"2017-01-19T20:29:33+00:00\" \/>\n<meta property=\"og:image\" content=\"https:\/\/www.amuz.krakow.pl\/wp-content\/uploads\/2015\/12\/05.-Zbigniew-DRZEWIECKI-1946-1952-253x300.jpg\" \/>\n<meta name=\"twitter:card\" content=\"summary_large_image\" \/>\n<meta name=\"twitter:label1\" content=\"Est. reading time\" \/>\n\t<meta name=\"twitter:data1\" content=\"5 minutes\" \/>\n<script type=\"application\/ld+json\" class=\"yoast-schema-graph\">{\"@context\":\"https:\\\/\\\/schema.org\",\"@graph\":[{\"@type\":\"WebPage\",\"@id\":\"https:\\\/\\\/www.amuz.krakow.pl\\\/o-nas\\\/poczet-rektorow\\\/rektorzy-akademii-muzycznej\\\/532-2\\\/\",\"url\":\"https:\\\/\\\/www.amuz.krakow.pl\\\/o-nas\\\/poczet-rektorow\\\/rektorzy-akademii-muzycznej\\\/532-2\\\/\",\"name\":\"AMKP - Akademia Muzyczna im. Krzysztofa Pendereckiego w Krakowie\",\"isPartOf\":{\"@id\":\"https:\\\/\\\/www.amuz.krakow.pl\\\/#website\"},\"primaryImageOfPage\":{\"@id\":\"https:\\\/\\\/www.amuz.krakow.pl\\\/o-nas\\\/poczet-rektorow\\\/rektorzy-akademii-muzycznej\\\/532-2\\\/#primaryimage\"},\"image\":{\"@id\":\"https:\\\/\\\/www.amuz.krakow.pl\\\/o-nas\\\/poczet-rektorow\\\/rektorzy-akademii-muzycznej\\\/532-2\\\/#primaryimage\"},\"thumbnailUrl\":\"https:\\\/\\\/www.amuz.krakow.pl\\\/wp-content\\\/uploads\\\/2015\\\/12\\\/05.-Zbigniew-DRZEWIECKI-1946-1952-253x300.jpg\",\"datePublished\":\"2015-12-14T21:14:59+00:00\",\"dateModified\":\"2017-01-19T20:29:33+00:00\",\"breadcrumb\":{\"@id\":\"https:\\\/\\\/www.amuz.krakow.pl\\\/o-nas\\\/poczet-rektorow\\\/rektorzy-akademii-muzycznej\\\/532-2\\\/#breadcrumb\"},\"inLanguage\":\"en-US\",\"potentialAction\":[{\"@type\":\"ReadAction\",\"target\":[\"https:\\\/\\\/www.amuz.krakow.pl\\\/o-nas\\\/poczet-rektorow\\\/rektorzy-akademii-muzycznej\\\/532-2\\\/\"]}]},{\"@type\":\"ImageObject\",\"inLanguage\":\"en-US\",\"@id\":\"https:\\\/\\\/www.amuz.krakow.pl\\\/o-nas\\\/poczet-rektorow\\\/rektorzy-akademii-muzycznej\\\/532-2\\\/#primaryimage\",\"url\":\"https:\\\/\\\/www.amuz.krakow.pl\\\/wp-content\\\/uploads\\\/2015\\\/12\\\/05.-Zbigniew-DRZEWIECKI-1946-1952-253x300.jpg\",\"contentUrl\":\"https:\\\/\\\/www.amuz.krakow.pl\\\/wp-content\\\/uploads\\\/2015\\\/12\\\/05.-Zbigniew-DRZEWIECKI-1946-1952-253x300.jpg\"},{\"@type\":\"BreadcrumbList\",\"@id\":\"https:\\\/\\\/www.amuz.krakow.pl\\\/o-nas\\\/poczet-rektorow\\\/rektorzy-akademii-muzycznej\\\/532-2\\\/#breadcrumb\",\"itemListElement\":[{\"@type\":\"ListItem\",\"position\":1,\"name\":\"Strona g\u0142\u00f3wna\",\"item\":\"https:\\\/\\\/www.amuz.krakow.pl\\\/\"},{\"@type\":\"ListItem\",\"position\":2,\"name\":\"O&nbsp;nas\",\"item\":\"https:\\\/\\\/www.amuz.krakow.pl\\\/o-nas\\\/\"},{\"@type\":\"ListItem\",\"position\":3,\"name\":\"Poczet Rektor\u00f3w\",\"item\":\"https:\\\/\\\/www.amuz.krakow.pl\\\/o-nas\\\/poczet-rektorow\\\/\"},{\"@type\":\"ListItem\",\"position\":4,\"name\":\"Rektorzy Akademii Muzycznej im. Krzysztofa Pendereckiego\",\"item\":\"https:\\\/\\\/www.amuz.krakow.pl\\\/o-nas\\\/poczet-rektorow\\\/rektorzy-akademii-muzycznej\\\/mariusz-sielski-2024\\\/\"},{\"@type\":\"ListItem\",\"position\":5,\"name\":\"Zbigniew Drzewiecki 1946-1952\"}]},{\"@type\":\"WebSite\",\"@id\":\"https:\\\/\\\/www.amuz.krakow.pl\\\/#website\",\"url\":\"https:\\\/\\\/www.amuz.krakow.pl\\\/\",\"name\":\"Akademia Muzyczna im. Krzysztofa Pendereckiego w Krakowie\",\"description\":\"Oficjalna strona Akademii Muzycznej im. Krzysztofa Pendereckiego w Krakowie (AMKP).\",\"publisher\":{\"@id\":\"https:\\\/\\\/www.amuz.krakow.pl\\\/#organization\"},\"alternateName\":\"AMKP\",\"potentialAction\":[{\"@type\":\"SearchAction\",\"target\":{\"@type\":\"EntryPoint\",\"urlTemplate\":\"https:\\\/\\\/www.amuz.krakow.pl\\\/?s={search_term_string}\"},\"query-input\":{\"@type\":\"PropertyValueSpecification\",\"valueRequired\":true,\"valueName\":\"search_term_string\"}}],\"inLanguage\":\"en-US\"},{\"@type\":\"Organization\",\"@id\":\"https:\\\/\\\/www.amuz.krakow.pl\\\/#organization\",\"name\":\"Akademia Muzyczna im. Krzysztofa Pendereckiego w Krakowie\",\"alternateName\":\"AMKP\",\"url\":\"https:\\\/\\\/www.amuz.krakow.pl\\\/\",\"logo\":{\"@type\":\"ImageObject\",\"inLanguage\":\"en-US\",\"@id\":\"https:\\\/\\\/www.amuz.krakow.pl\\\/#\\\/schema\\\/logo\\\/image\\\/\",\"url\":\"https:\\\/\\\/www.amuz.krakow.pl\\\/wp-content\\\/uploads\\\/2021\\\/11\\\/amkp.jpg\",\"contentUrl\":\"https:\\\/\\\/www.amuz.krakow.pl\\\/wp-content\\\/uploads\\\/2021\\\/11\\\/amkp.jpg\",\"width\":1193,\"height\":591,\"caption\":\"Akademia Muzyczna im. Krzysztofa Pendereckiego w Krakowie\"},\"image\":{\"@id\":\"https:\\\/\\\/www.amuz.krakow.pl\\\/#\\\/schema\\\/logo\\\/image\\\/\"},\"sameAs\":[\"https:\\\/\\\/www.facebook.com\\\/amuz.krakow\",\"https:\\\/\\\/www.instagram.com\\\/amkpenderecki\\\/\",\"https:\\\/\\\/www.youtube.com\\\/@amkpenderecki4806\"]}]}<\/script>\n<!-- \/ Yoast SEO plugin. -->","yoast_head_json":{"title":"AMKP - Akademia Muzyczna im. Krzysztofa Pendereckiego w Krakowie","robots":{"index":"index","follow":"follow","max-snippet":"max-snippet:-1","max-image-preview":"max-image-preview:large","max-video-preview":"max-video-preview:-1"},"canonical":"https:\/\/www.amuz.krakow.pl\/o-nas\/poczet-rektorow\/rektorzy-akademii-muzycznej\/532-2\/","og_locale":"en_US","og_type":"article","og_title":"AMKP - Akademia Muzyczna im. Krzysztofa Pendereckiego w Krakowie","og_description":"b Warsaw 8 April 1890, d Warsaw 11 April 1971 Rector of the State Higher School of Music [PWSM] (1945-52) Pianist, teacher, editor and music critic Studied at the Wiener&hellip; Continue reading","og_url":"https:\/\/www.amuz.krakow.pl\/o-nas\/poczet-rektorow\/rektorzy-akademii-muzycznej\/532-2\/","og_site_name":"Akademia Muzyczna im. Krzysztofa Pendereckiego w Krakowie","article_publisher":"https:\/\/www.facebook.com\/amuz.krakow","article_modified_time":"2017-01-19T20:29:33+00:00","og_image":[{"url":"https:\/\/www.amuz.krakow.pl\/wp-content\/uploads\/2015\/12\/05.-Zbigniew-DRZEWIECKI-1946-1952-253x300.jpg","type":"","width":"","height":""}],"twitter_card":"summary_large_image","twitter_misc":{"Est. reading time":"5 minutes"},"schema":{"@context":"https:\/\/schema.org","@graph":[{"@type":"WebPage","@id":"https:\/\/www.amuz.krakow.pl\/o-nas\/poczet-rektorow\/rektorzy-akademii-muzycznej\/532-2\/","url":"https:\/\/www.amuz.krakow.pl\/o-nas\/poczet-rektorow\/rektorzy-akademii-muzycznej\/532-2\/","name":"AMKP - Akademia Muzyczna im. Krzysztofa Pendereckiego w Krakowie","isPartOf":{"@id":"https:\/\/www.amuz.krakow.pl\/#website"},"primaryImageOfPage":{"@id":"https:\/\/www.amuz.krakow.pl\/o-nas\/poczet-rektorow\/rektorzy-akademii-muzycznej\/532-2\/#primaryimage"},"image":{"@id":"https:\/\/www.amuz.krakow.pl\/o-nas\/poczet-rektorow\/rektorzy-akademii-muzycznej\/532-2\/#primaryimage"},"thumbnailUrl":"https:\/\/www.amuz.krakow.pl\/wp-content\/uploads\/2015\/12\/05.-Zbigniew-DRZEWIECKI-1946-1952-253x300.jpg","datePublished":"2015-12-14T21:14:59+00:00","dateModified":"2017-01-19T20:29:33+00:00","breadcrumb":{"@id":"https:\/\/www.amuz.krakow.pl\/o-nas\/poczet-rektorow\/rektorzy-akademii-muzycznej\/532-2\/#breadcrumb"},"inLanguage":"en-US","potentialAction":[{"@type":"ReadAction","target":["https:\/\/www.amuz.krakow.pl\/o-nas\/poczet-rektorow\/rektorzy-akademii-muzycznej\/532-2\/"]}]},{"@type":"ImageObject","inLanguage":"en-US","@id":"https:\/\/www.amuz.krakow.pl\/o-nas\/poczet-rektorow\/rektorzy-akademii-muzycznej\/532-2\/#primaryimage","url":"https:\/\/www.amuz.krakow.pl\/wp-content\/uploads\/2015\/12\/05.-Zbigniew-DRZEWIECKI-1946-1952-253x300.jpg","contentUrl":"https:\/\/www.amuz.krakow.pl\/wp-content\/uploads\/2015\/12\/05.-Zbigniew-DRZEWIECKI-1946-1952-253x300.jpg"},{"@type":"BreadcrumbList","@id":"https:\/\/www.amuz.krakow.pl\/o-nas\/poczet-rektorow\/rektorzy-akademii-muzycznej\/532-2\/#breadcrumb","itemListElement":[{"@type":"ListItem","position":1,"name":"Strona g\u0142\u00f3wna","item":"https:\/\/www.amuz.krakow.pl\/"},{"@type":"ListItem","position":2,"name":"O&nbsp;nas","item":"https:\/\/www.amuz.krakow.pl\/o-nas\/"},{"@type":"ListItem","position":3,"name":"Poczet Rektor\u00f3w","item":"https:\/\/www.amuz.krakow.pl\/o-nas\/poczet-rektorow\/"},{"@type":"ListItem","position":4,"name":"Rektorzy Akademii Muzycznej im. Krzysztofa Pendereckiego","item":"https:\/\/www.amuz.krakow.pl\/o-nas\/poczet-rektorow\/rektorzy-akademii-muzycznej\/mariusz-sielski-2024\/"},{"@type":"ListItem","position":5,"name":"Zbigniew Drzewiecki 1946-1952"}]},{"@type":"WebSite","@id":"https:\/\/www.amuz.krakow.pl\/#website","url":"https:\/\/www.amuz.krakow.pl\/","name":"Akademia Muzyczna im. Krzysztofa Pendereckiego w Krakowie","description":"Oficjalna strona Akademii Muzycznej im. Krzysztofa Pendereckiego w Krakowie (AMKP).","publisher":{"@id":"https:\/\/www.amuz.krakow.pl\/#organization"},"alternateName":"AMKP","potentialAction":[{"@type":"SearchAction","target":{"@type":"EntryPoint","urlTemplate":"https:\/\/www.amuz.krakow.pl\/?s={search_term_string}"},"query-input":{"@type":"PropertyValueSpecification","valueRequired":true,"valueName":"search_term_string"}}],"inLanguage":"en-US"},{"@type":"Organization","@id":"https:\/\/www.amuz.krakow.pl\/#organization","name":"Akademia Muzyczna im. Krzysztofa Pendereckiego w Krakowie","alternateName":"AMKP","url":"https:\/\/www.amuz.krakow.pl\/","logo":{"@type":"ImageObject","inLanguage":"en-US","@id":"https:\/\/www.amuz.krakow.pl\/#\/schema\/logo\/image\/","url":"https:\/\/www.amuz.krakow.pl\/wp-content\/uploads\/2021\/11\/amkp.jpg","contentUrl":"https:\/\/www.amuz.krakow.pl\/wp-content\/uploads\/2021\/11\/amkp.jpg","width":1193,"height":591,"caption":"Akademia Muzyczna im. Krzysztofa Pendereckiego w Krakowie"},"image":{"@id":"https:\/\/www.amuz.krakow.pl\/#\/schema\/logo\/image\/"},"sameAs":["https:\/\/www.facebook.com\/amuz.krakow","https:\/\/www.instagram.com\/amkpenderecki\/","https:\/\/www.youtube.com\/@amkpenderecki4806"]}]}},"_links":{"self":[{"href":"https:\/\/www.amuz.krakow.pl\/en\/wp-json\/wp\/v2\/pages\/532","targetHints":{"allow":["GET"]}}],"collection":[{"href":"https:\/\/www.amuz.krakow.pl\/en\/wp-json\/wp\/v2\/pages"}],"about":[{"href":"https:\/\/www.amuz.krakow.pl\/en\/wp-json\/wp\/v2\/types\/page"}],"author":[{"embeddable":true,"href":"https:\/\/www.amuz.krakow.pl\/en\/wp-json\/wp\/v2\/users\/72"}],"replies":[{"embeddable":true,"href":"https:\/\/www.amuz.krakow.pl\/en\/wp-json\/wp\/v2\/comments?post=532"}],"version-history":[{"count":0,"href":"https:\/\/www.amuz.krakow.pl\/en\/wp-json\/wp\/v2\/pages\/532\/revisions"}],"up":[{"embeddable":true,"href":"https:\/\/www.amuz.krakow.pl\/en\/wp-json\/wp\/v2\/pages\/478"}],"wp:attachment":[{"href":"https:\/\/www.amuz.krakow.pl\/en\/wp-json\/wp\/v2\/media?parent=532"}],"curies":[{"name":"wp","href":"https:\/\/api.w.org\/{rel}","templated":true}]}}