{"id":522,"date":"2015-12-14T22:10:07","date_gmt":"2015-12-14T21:10:07","guid":{"rendered":"http:\/\/strony.amuz.krakow.pl\/?page_id=522"},"modified":"2017-01-19T21:27:53","modified_gmt":"2017-01-19T20:27:53","slug":"boleslaw-wallek-walewski-1938-1939","status":"publish","type":"page","link":"https:\/\/www.amuz.krakow.pl\/en\/o-nas\/poczet-rektorow\/rektorzy-akademii-muzycznej\/boleslaw-wallek-walewski-1938-1939\/","title":{"rendered":"Boles\u0142aw Wallek-Walewski 1938-1939"},"content":{"rendered":"<p><\/p>\n<p style=\"text-align: justify;\"><strong><a href=\"https:\/\/www.amuz.krakow.pl\/wp-content\/uploads\/2015\/12\/04.-Boles\u0142aw-WALLEK-WALEWSKI-1938-1939.jpg\"><img loading=\"lazy\" decoding=\"async\" class=\"alignleft wp-image-523 size-full\" src=\"https:\/\/www.amuz.krakow.pl\/wp-content\/uploads\/2015\/12\/04.-Boles\u0142aw-WALLEK-WALEWSKI-1938-1939.jpg\" alt=\"Boles\u0142aw WALLEK-WALEWSKI (1938-1939)\" width=\"125\" height=\"170\" \/><\/a>b Lvov 23 January 1885, d Krak\u00f3w 9 April 1944<\/strong><\/p>\n<p style=\"text-align: justify;\">Director of the Conservatory of the Krak\u00f3w Music Society (1938-39)<br \/>\nComposer, conductor and teacher<\/p>\n<p style=\"text-align: justify;\">Since 1894 he studied at the Galician Music Society Conservatory in Lvov with S. Niewiadomski (theory), and in the years 1900-04 with W. \u017bele\u0144ski and F. Szopski (theory), W. Barabasz (piano) and J. Marso (vocal studies) at the Conservatory of the Music Society in Krak\u00f3w. In the years 1906-07 he studied theory with H. Riemann and A. Pr\u00fcfer in Leipzig. He was also an unenrolled student of philosophy at the Jagiellonian University.<\/p>\n<p style=\"text-align: justify;\">Wallek-Walewski was the most eminent figure in the Krak\u00f3w musical life after the death of \u017bele\u0144ski. He became famous as a\u00a0choir conductor. Already in 1903 he became artistic director of the Academic Choir; 1907-43 he conducted the choir of clerical students of the Lazarists Seminary in Krak\u00f3w. In 1915 he established the Krak\u00f3w Opera Society which he led until 1923 and then again in the years 1931-39. In the years 1917-19 he was a\u00a0conductor of the Warsaw Opera. In 1919 he established a\u00a0Singers Society \u201cEcho\u201d, which he managed to the end of his life. In the 1920s, he gave concerts all over Poland and abroad, receiving numerous prizes. In 1927 he became conductor of the Singers\u2019 Association of the Krak\u00f3w Voivodship.<\/p>\n<p style=\"text-align: justify;\">In the years 1908-23 Wallek-Walewski was a\u00a0theory professor at the Krak\u00f3w Institute of Music, and between 1910-17at the Conservatory. 1925-39 he was the artistic director of the Krak\u00f3w Music Society; in 1930 he returned to the post of theory professor at the Conservatory, 1930-33 he led a\u00a0class in composition, he also cooperated with K. Kniaginin in leading the opera class. In May 1938, he was elected by the Music Society in Krak\u00f3w for the post of director of the Conservatory, but due to an illness he could not personally take part in managing the institution. W\u0142adys\u0142aw Maresch, a\u00a0secretary of both Music Society and of Conservatory of many years\u2019 standing, did it on Walewski\u2019s behalf. During the times of Wallek-Walewski the last Conservatory graduation diplomas were issued, the classes of the school year 1939-40 were conducted until the occupation authorities closed the Conservatory on the 5th February 1940.<\/p>\n<p style=\"text-align: justify;\">In the oeuvre of Wallek-Walewski, consisting of over 280 works covering symphonic and piano works, solo and choir songs as well as cantatas, works for a\u00a0cappella choir dominate (over 130); he also wrote 4 operas (among them <i>Pomsta Jontkowa<\/i>, staged in 1926 and thought out as a\u00a0continuation of <i>Halka<\/i> by Moniuszko). His most outstanding work is oratorio Apokalipsa (1931), in which he used unconventional textural and harmonic solutions. Apart from a\u00a0number of works for a\u00a0cappella choir, performed to this day by Polish choirs, his works faded into oblivion.<\/p>\n<p style=\"text-align: justify;\">Maciej Negrey<\/p>\n<p><\/p>","protected":false},"excerpt":{"rendered":"<p>b Lvov 23 January 1885, d Krak\u00f3w 9 April 1944 Director of the Conservatory of the Krak\u00f3w Music Society (1938-39) Composer, conductor and teacher Since 1894 he studied at the&hellip; <a href=\"https:\/\/www.amuz.krakow.pl\/en\/o-nas\/poczet-rektorow\/rektorzy-akademii-muzycznej\/boleslaw-wallek-walewski-1938-1939\/\">Continue reading<\/a><\/p>\n","protected":false},"author":72,"featured_media":0,"parent":478,"menu_order":4,"comment_status":"closed","ping_status":"closed","template":"","meta":{"footnotes":"","_links_to":"","_links_to_target":""},"class_list":["post-522","page","type-page","status-publish","hentry"],"yoast_head":"<!-- This site is optimized with the Yoast SEO plugin v27.2 - https:\/\/yoast.com\/product\/yoast-seo-wordpress\/ -->\n<title>AMKP - Akademia Muzyczna im. Krzysztofa Pendereckiego w Krakowie<\/title>\n<meta name=\"robots\" content=\"index, follow, max-snippet:-1, max-image-preview:large, max-video-preview:-1\" \/>\n<link rel=\"canonical\" href=\"https:\/\/www.amuz.krakow.pl\/o-nas\/poczet-rektorow\/rektorzy-akademii-muzycznej\/boleslaw-wallek-walewski-1938-1939\/\" \/>\n<meta property=\"og:locale\" content=\"en_US\" \/>\n<meta property=\"og:type\" content=\"article\" \/>\n<meta property=\"og:title\" content=\"AMKP - Akademia Muzyczna im. Krzysztofa Pendereckiego w Krakowie\" \/>\n<meta property=\"og:description\" content=\"b Lvov 23 January 1885, d Krak\u00f3w 9 April 1944 Director of the Conservatory of the Krak\u00f3w Music Society (1938-39) Composer, conductor and teacher Since 1894 he studied at the&hellip; Continue reading\" \/>\n<meta property=\"og:url\" content=\"https:\/\/www.amuz.krakow.pl\/o-nas\/poczet-rektorow\/rektorzy-akademii-muzycznej\/boleslaw-wallek-walewski-1938-1939\/\" \/>\n<meta property=\"og:site_name\" content=\"Akademia Muzyczna im. Krzysztofa Pendereckiego w Krakowie\" \/>\n<meta property=\"article:publisher\" content=\"https:\/\/www.facebook.com\/amuz.krakow\" \/>\n<meta property=\"article:modified_time\" content=\"2017-01-19T20:27:53+00:00\" \/>\n<meta property=\"og:image\" content=\"https:\/\/www.amuz.krakow.pl\/wp-content\/uploads\/2021\/11\/amkp.jpg\" \/>\n\t<meta property=\"og:image:width\" content=\"1193\" \/>\n\t<meta property=\"og:image:height\" content=\"591\" \/>\n\t<meta property=\"og:image:type\" content=\"image\/jpeg\" \/>\n<meta name=\"twitter:card\" content=\"summary_large_image\" \/>\n<meta name=\"twitter:label1\" content=\"Est. reading time\" \/>\n\t<meta name=\"twitter:data1\" content=\"4 minutes\" \/>\n<script type=\"application\/ld+json\" class=\"yoast-schema-graph\">{\"@context\":\"https:\/\/schema.org\",\"@graph\":[{\"@type\":\"WebPage\",\"@id\":\"https:\/\/www.amuz.krakow.pl\/o-nas\/poczet-rektorow\/rektorzy-akademii-muzycznej\/boleslaw-wallek-walewski-1938-1939\/\",\"url\":\"https:\/\/www.amuz.krakow.pl\/o-nas\/poczet-rektorow\/rektorzy-akademii-muzycznej\/boleslaw-wallek-walewski-1938-1939\/\",\"name\":\"AMKP - Akademia Muzyczna im. Krzysztofa Pendereckiego w Krakowie\",\"isPartOf\":{\"@id\":\"https:\/\/www.amuz.krakow.pl\/#website\"},\"datePublished\":\"2015-12-14T21:10:07+00:00\",\"dateModified\":\"2017-01-19T20:27:53+00:00\",\"breadcrumb\":{\"@id\":\"https:\/\/www.amuz.krakow.pl\/o-nas\/poczet-rektorow\/rektorzy-akademii-muzycznej\/boleslaw-wallek-walewski-1938-1939\/#breadcrumb\"},\"inLanguage\":\"en-US\",\"potentialAction\":[{\"@type\":\"ReadAction\",\"target\":[\"https:\/\/www.amuz.krakow.pl\/o-nas\/poczet-rektorow\/rektorzy-akademii-muzycznej\/boleslaw-wallek-walewski-1938-1939\/\"]}]},{\"@type\":\"BreadcrumbList\",\"@id\":\"https:\/\/www.amuz.krakow.pl\/o-nas\/poczet-rektorow\/rektorzy-akademii-muzycznej\/boleslaw-wallek-walewski-1938-1939\/#breadcrumb\",\"itemListElement\":[{\"@type\":\"ListItem\",\"position\":1,\"name\":\"Strona g\u0142\u00f3wna\",\"item\":\"https:\/\/www.amuz.krakow.pl\/\"},{\"@type\":\"ListItem\",\"position\":2,\"name\":\"O&nbsp;nas\",\"item\":\"https:\/\/www.amuz.krakow.pl\/o-nas\/\"},{\"@type\":\"ListItem\",\"position\":3,\"name\":\"Poczet Rektor\u00f3w\",\"item\":\"https:\/\/www.amuz.krakow.pl\/o-nas\/poczet-rektorow\/\"},{\"@type\":\"ListItem\",\"position\":4,\"name\":\"Rektorzy Akademii Muzycznej im. Krzysztofa Pendereckiego\",\"item\":\"https:\/\/www.amuz.krakow.pl\/o-nas\/poczet-rektorow\/rektorzy-akademii-muzycznej\/mariusz-sielski-2024\/\"},{\"@type\":\"ListItem\",\"position\":5,\"name\":\"Boles\u0142aw Wallek-Walewski 1938-1939\"}]},{\"@type\":\"WebSite\",\"@id\":\"https:\/\/www.amuz.krakow.pl\/#website\",\"url\":\"https:\/\/www.amuz.krakow.pl\/\",\"name\":\"Akademia Muzyczna im. Krzysztofa Pendereckiego w Krakowie\",\"description\":\"Oficjalna strona Akademii Muzycznej im. Krzysztofa Pendereckiego w Krakowie (AMKP).\",\"publisher\":{\"@id\":\"https:\/\/www.amuz.krakow.pl\/#organization\"},\"alternateName\":\"AMKP\",\"potentialAction\":[{\"@type\":\"SearchAction\",\"target\":{\"@type\":\"EntryPoint\",\"urlTemplate\":\"https:\/\/www.amuz.krakow.pl\/?s={search_term_string}\"},\"query-input\":{\"@type\":\"PropertyValueSpecification\",\"valueRequired\":true,\"valueName\":\"search_term_string\"}}],\"inLanguage\":\"en-US\"},{\"@type\":\"Organization\",\"@id\":\"https:\/\/www.amuz.krakow.pl\/#organization\",\"name\":\"Akademia Muzyczna im. Krzysztofa Pendereckiego w Krakowie\",\"alternateName\":\"AMKP\",\"url\":\"https:\/\/www.amuz.krakow.pl\/\",\"logo\":{\"@type\":\"ImageObject\",\"inLanguage\":\"en-US\",\"@id\":\"https:\/\/www.amuz.krakow.pl\/#\/schema\/logo\/image\/\",\"url\":\"https:\/\/www.amuz.krakow.pl\/wp-content\/uploads\/2021\/11\/amkp.jpg\",\"contentUrl\":\"https:\/\/www.amuz.krakow.pl\/wp-content\/uploads\/2021\/11\/amkp.jpg\",\"width\":1193,\"height\":591,\"caption\":\"Akademia Muzyczna im. Krzysztofa Pendereckiego w Krakowie\"},\"image\":{\"@id\":\"https:\/\/www.amuz.krakow.pl\/#\/schema\/logo\/image\/\"},\"sameAs\":[\"https:\/\/www.facebook.com\/amuz.krakow\",\"https:\/\/www.instagram.com\/amkpenderecki\/\",\"https:\/\/www.youtube.com\/@amkpenderecki4806\"]}]}<\/script>\n<!-- \/ Yoast SEO plugin. -->","yoast_head_json":{"title":"AMKP - Akademia Muzyczna im. Krzysztofa Pendereckiego w Krakowie","robots":{"index":"index","follow":"follow","max-snippet":"max-snippet:-1","max-image-preview":"max-image-preview:large","max-video-preview":"max-video-preview:-1"},"canonical":"https:\/\/www.amuz.krakow.pl\/o-nas\/poczet-rektorow\/rektorzy-akademii-muzycznej\/boleslaw-wallek-walewski-1938-1939\/","og_locale":"en_US","og_type":"article","og_title":"AMKP - Akademia Muzyczna im. Krzysztofa Pendereckiego w Krakowie","og_description":"b Lvov 23 January 1885, d Krak\u00f3w 9 April 1944 Director of the Conservatory of the Krak\u00f3w Music Society (1938-39) Composer, conductor and teacher Since 1894 he studied at the&hellip; Continue reading","og_url":"https:\/\/www.amuz.krakow.pl\/o-nas\/poczet-rektorow\/rektorzy-akademii-muzycznej\/boleslaw-wallek-walewski-1938-1939\/","og_site_name":"Akademia Muzyczna im. Krzysztofa Pendereckiego w Krakowie","article_publisher":"https:\/\/www.facebook.com\/amuz.krakow","article_modified_time":"2017-01-19T20:27:53+00:00","og_image":[{"width":1193,"height":591,"url":"https:\/\/www.amuz.krakow.pl\/wp-content\/uploads\/2021\/11\/amkp.jpg","type":"image\/jpeg"}],"twitter_card":"summary_large_image","twitter_misc":{"Est. reading time":"4 minutes"},"schema":{"@context":"https:\/\/schema.org","@graph":[{"@type":"WebPage","@id":"https:\/\/www.amuz.krakow.pl\/o-nas\/poczet-rektorow\/rektorzy-akademii-muzycznej\/boleslaw-wallek-walewski-1938-1939\/","url":"https:\/\/www.amuz.krakow.pl\/o-nas\/poczet-rektorow\/rektorzy-akademii-muzycznej\/boleslaw-wallek-walewski-1938-1939\/","name":"AMKP - Akademia Muzyczna im. Krzysztofa Pendereckiego w Krakowie","isPartOf":{"@id":"https:\/\/www.amuz.krakow.pl\/#website"},"datePublished":"2015-12-14T21:10:07+00:00","dateModified":"2017-01-19T20:27:53+00:00","breadcrumb":{"@id":"https:\/\/www.amuz.krakow.pl\/o-nas\/poczet-rektorow\/rektorzy-akademii-muzycznej\/boleslaw-wallek-walewski-1938-1939\/#breadcrumb"},"inLanguage":"en-US","potentialAction":[{"@type":"ReadAction","target":["https:\/\/www.amuz.krakow.pl\/o-nas\/poczet-rektorow\/rektorzy-akademii-muzycznej\/boleslaw-wallek-walewski-1938-1939\/"]}]},{"@type":"BreadcrumbList","@id":"https:\/\/www.amuz.krakow.pl\/o-nas\/poczet-rektorow\/rektorzy-akademii-muzycznej\/boleslaw-wallek-walewski-1938-1939\/#breadcrumb","itemListElement":[{"@type":"ListItem","position":1,"name":"Strona g\u0142\u00f3wna","item":"https:\/\/www.amuz.krakow.pl\/"},{"@type":"ListItem","position":2,"name":"O&nbsp;nas","item":"https:\/\/www.amuz.krakow.pl\/o-nas\/"},{"@type":"ListItem","position":3,"name":"Poczet Rektor\u00f3w","item":"https:\/\/www.amuz.krakow.pl\/o-nas\/poczet-rektorow\/"},{"@type":"ListItem","position":4,"name":"Rektorzy Akademii Muzycznej im. Krzysztofa Pendereckiego","item":"https:\/\/www.amuz.krakow.pl\/o-nas\/poczet-rektorow\/rektorzy-akademii-muzycznej\/mariusz-sielski-2024\/"},{"@type":"ListItem","position":5,"name":"Boles\u0142aw Wallek-Walewski 1938-1939"}]},{"@type":"WebSite","@id":"https:\/\/www.amuz.krakow.pl\/#website","url":"https:\/\/www.amuz.krakow.pl\/","name":"Akademia Muzyczna im. Krzysztofa Pendereckiego w Krakowie","description":"Oficjalna strona Akademii Muzycznej im. Krzysztofa Pendereckiego w Krakowie (AMKP).","publisher":{"@id":"https:\/\/www.amuz.krakow.pl\/#organization"},"alternateName":"AMKP","potentialAction":[{"@type":"SearchAction","target":{"@type":"EntryPoint","urlTemplate":"https:\/\/www.amuz.krakow.pl\/?s={search_term_string}"},"query-input":{"@type":"PropertyValueSpecification","valueRequired":true,"valueName":"search_term_string"}}],"inLanguage":"en-US"},{"@type":"Organization","@id":"https:\/\/www.amuz.krakow.pl\/#organization","name":"Akademia Muzyczna im. Krzysztofa Pendereckiego w Krakowie","alternateName":"AMKP","url":"https:\/\/www.amuz.krakow.pl\/","logo":{"@type":"ImageObject","inLanguage":"en-US","@id":"https:\/\/www.amuz.krakow.pl\/#\/schema\/logo\/image\/","url":"https:\/\/www.amuz.krakow.pl\/wp-content\/uploads\/2021\/11\/amkp.jpg","contentUrl":"https:\/\/www.amuz.krakow.pl\/wp-content\/uploads\/2021\/11\/amkp.jpg","width":1193,"height":591,"caption":"Akademia Muzyczna im. Krzysztofa Pendereckiego w Krakowie"},"image":{"@id":"https:\/\/www.amuz.krakow.pl\/#\/schema\/logo\/image\/"},"sameAs":["https:\/\/www.facebook.com\/amuz.krakow","https:\/\/www.instagram.com\/amkpenderecki\/","https:\/\/www.youtube.com\/@amkpenderecki4806"]}]}},"_links":{"self":[{"href":"https:\/\/www.amuz.krakow.pl\/en\/wp-json\/wp\/v2\/pages\/522","targetHints":{"allow":["GET"]}}],"collection":[{"href":"https:\/\/www.amuz.krakow.pl\/en\/wp-json\/wp\/v2\/pages"}],"about":[{"href":"https:\/\/www.amuz.krakow.pl\/en\/wp-json\/wp\/v2\/types\/page"}],"author":[{"embeddable":true,"href":"https:\/\/www.amuz.krakow.pl\/en\/wp-json\/wp\/v2\/users\/72"}],"replies":[{"embeddable":true,"href":"https:\/\/www.amuz.krakow.pl\/en\/wp-json\/wp\/v2\/comments?post=522"}],"version-history":[{"count":0,"href":"https:\/\/www.amuz.krakow.pl\/en\/wp-json\/wp\/v2\/pages\/522\/revisions"}],"up":[{"embeddable":true,"href":"https:\/\/www.amuz.krakow.pl\/en\/wp-json\/wp\/v2\/pages\/478"}],"wp:attachment":[{"href":"https:\/\/www.amuz.krakow.pl\/en\/wp-json\/wp\/v2\/media?parent=522"}],"curies":[{"name":"wp","href":"https:\/\/api.w.org\/{rel}","templated":true}]}}