{"id":51443,"date":"2021-06-09T09:26:48","date_gmt":"2021-06-09T07:26:48","guid":{"rendered":"https:\/\/www.amuz.krakow.pl\/?page_id=51443"},"modified":"2021-06-22T11:38:42","modified_gmt":"2021-06-22T09:38:42","slug":"na-drodze-do-nowej-harmonii","status":"publish","type":"page","link":"https:\/\/www.amuz.krakow.pl\/en\/na-drodze-do-nowej-harmonii\/","title":{"rendered":"Na drodze do nowej harmonii"},"content":{"rendered":"<p><\/p>\n<p style=\"text-align: justify;\">13 czerwca, o godz. 20:00 zapraszamy do Auli Florianka, ul. Sereno Fenn&#8217;a 15, na koncert Pedagog\u00f3w Katedry Instrument\u00f3w D\u0119tych Drewnianych i Akordeonu Akademii Muzycznej im. Krzysztofa Pendereckiego w Krakowie. Koncert jest otwarty dla publiczno\u015bci, liczba miejsc jest ograniczona &#8211; wej\u015bci\u00f3wki mo\u017cna odbiera\u0107 od 9 czerwca w Auli Florianka w godz. 8:00 &#8211; 18.00.<br \/>\nSerdecznie zapraszamy.<\/p>\n<h5 style=\"text-align: justify;\">PROGRAM:<\/h5>\n<h6 style=\"text-align: justify;\">Camille Saint-Sa\u00ebns (1835-1921) <em>Sonata<\/em> op. 166 na ob\u00f3j i fortepian<\/h6>\n<div style=\"padding-bottom: 1em; text-align: justify;\"><strong>Marek Mleczko<\/strong> \u2013 ob\u00f3j<br \/>\n<strong>\u0141ukasz D\u0119bski<\/strong> \u2013 fortepian<\/div>\n<h6 style=\"text-align: justify;\">Yevhen Stankovych (*1942) <em>Dances of Flowers Quasi Sonate No. 2<\/em><\/h6>\n<div style=\"padding-bottom: 1em; text-align: justify;\"><strong>Magdalena Marga\u0144ska-Dec<\/strong> \u2013 flet<br \/>\n<strong>Monika Gardo\u0144-Preinl<\/strong> \u2013 fortepian<\/div>\n<h6 style=\"text-align: justify;\">Piotr Sarnecki (*1975) <em>Klarnetowa impresja na klarnet i fortepian<\/em> (\u015bwiatowe prawykonanie)<\/h6>\n<div style=\"padding-bottom: 1em; text-align: justify;\"><strong>Piotr Lato<\/strong> \u2013 klarnet<br \/>\n<strong>Wioletta Fluda-Tkaczyk<\/strong> \u2013 fortepian<\/div>\n<h6 style=\"text-align: justify;\">Harald Genzmer (1909-2007) <em>Sonatina<\/em> na saksofon sopranowy i altowy w opracowaniu na klarnet i saksofon altowy<\/h6>\n<div style=\"padding-bottom: 1em; text-align: justify;\"><strong>Pawe\u0142 Krauzowicz<\/strong> \u2013 klarnet<br \/>\n<strong>\u0141ukasz N\u0119dza<\/strong> \u2013 saksofon<\/div>\n<h6 style=\"text-align: justify;\">Micha\u0142 Pawe\u0142ek (*1978) <em>Interitio III<\/em> na saksofon altowy i elektronik\u0119 (\u015bwiatowe prawykonanie)<\/h6>\n<div style=\"padding-bottom: 1em; text-align: justify;\"><strong>Andrzej Rzymkowski<\/strong> \u2013 saksofon<br \/>\n<strong>Micha\u0142 Pawe\u0142ek<\/strong> \u2013 realizacja warstwy elektronicznej<\/div>\n<h6 style=\"text-align: justify;\">Claudio Jacomucci (*1988) <em>Wonderlands<\/em><\/h6>\n<div style=\"padding-bottom: 1em; text-align: justify;\"><strong>Wies\u0142aw Ochwat<\/strong> \u2013 akordeon<\/div>\n<p style=\"text-align: justify;\">13 czerwca, o godz. 20:00 zapraszamy do Auli Florianka, ul. Sereno Fenn&#8217;a 15, na koncert Pedagog\u00f3w Katedry Instrument\u00f3w D\u0119tych Drewnianych i Akordeonu Akademii Muzycznej im. Krzysztofa Pendereckiego w Krakowie. Koncert jest otwarty dla publiczno\u015bci, liczba miejsc jest ograniczona &#8211; wej\u015bci\u00f3wki mo\u017cna odbiera\u0107 od 9 czerwca w Auli Florianka w godz. 8:00 &#8211; 18.00.<br \/>\nSerdecznie zapraszamy.<\/p>\n<h5 style=\"text-align: justify;\">PROGRAM:<\/h5>\n<h6 style=\"text-align: justify;\">Camille Saint-Sa\u00ebns (1835-1921) <em>Sonata<\/em> op. 166 na ob\u00f3j i fortepian<\/h6>\n<div style=\"padding-bottom: 1em; text-align: justify;\"><strong>Marek Mleczko<\/strong> \u2013 ob\u00f3j<br \/>\n<strong>\u0141ukasz D\u0119bski<\/strong> \u2013 fortepian<\/div>\n<h6 style=\"text-align: justify;\">Yevhen Stankovych (*1942) <em>Dances of Flowers Quasi Sonate No. 2<\/em><\/h6>\n<div style=\"padding-bottom: 1em; text-align: justify;\"><strong>Magdalena Marga\u0144ska-Dec<\/strong> \u2013 flet<br \/>\n<strong>Monika Gardo\u0144-Preinl<\/strong> \u2013 fortepian<\/div>\n<h6 style=\"text-align: justify;\">Piotr Sarnecki (*1975) <em>Klarnetowa impresja na klarnet i fortepian<\/em> (\u015bwiatowe prawykonanie)<\/h6>\n<div style=\"padding-bottom: 1em; text-align: justify;\"><strong>Piotr Lato<\/strong> \u2013 klarnet<br \/>\n<strong>Wioletta Fluda-Tkaczyk<\/strong> \u2013 fortepian<\/div>\n<h6 style=\"text-align: justify;\">Harald Genzmer (1909-2007) <em>Sonatina<\/em> na saksofon sopranowy i altowy w opracowaniu na klarnet i saksofon altowy<\/h6>\n<div style=\"padding-bottom: 1em; text-align: justify;\"><strong>Pawe\u0142 Krauzowicz<\/strong> \u2013 klarnet<br \/>\n<strong>\u0141ukasz N\u0119dza<\/strong> \u2013 saksofon<\/div>\n<h6 style=\"text-align: justify;\">Micha\u0142 Pawe\u0142ek (*1978) <em>Interitio III<\/em> na saksofon altowy i elektronik\u0119 (\u015bwiatowe prawykonanie)<\/h6>\n<div style=\"padding-bottom: 1em; text-align: justify;\"><strong>Andrzej Rzymkowski<\/strong> \u2013 saksofon<br \/>\n<strong>Micha\u0142 Pawe\u0142ek<\/strong> \u2013 realizacja warstwy elektronicznej<\/div>\n<h6 style=\"text-align: justify;\">Claudio Jacomucci (*1988) <em>Wonderlands<\/em><\/h6>\n<div style=\"padding-bottom: 1em; text-align: justify;\"><strong>Wies\u0142aw Ochwat<\/strong> \u2013 akordeon<\/div>\n<p style=\"text-align: justify;\">13 czerwca, o godz. 20:00 zapraszamy do Auli Florianka, ul. Sereno Fenn&#8217;a 15, na koncert Pedagog\u00f3w Katedry Instrument\u00f3w D\u0119tych Drewnianych i Akordeonu Akademii Muzycznej im. Krzysztofa Pendereckiego w Krakowie. Koncert jest otwarty dla publiczno\u015bci, liczba miejsc jest ograniczona &#8211; wej\u015bci\u00f3wki mo\u017cna odbiera\u0107 od 9 czerwca w Auli Florianka w godz. 8:00 &#8211; 18.00.<br \/>\nSerdecznie zapraszamy.<\/p>\n<h5 style=\"text-align: justify;\">PROGRAM:<\/h5>\n<h6 style=\"text-align: justify;\">Camille Saint-Sa\u00ebns (1835-1921) <em>Sonata<\/em> op. 166 na ob\u00f3j i fortepian<\/h6>\n<div style=\"padding-bottom: 1em; text-align: justify;\"><strong>Marek Mleczko<\/strong> \u2013 ob\u00f3j<br \/>\n<strong>\u0141ukasz D\u0119bski<\/strong> \u2013 fortepian<\/div>\n<h6 style=\"text-align: justify;\">Yevhen Stankovych (*1942) <em>Dances of Flowers Quasi Sonate No. 2<\/em><\/h6>\n<div style=\"padding-bottom: 1em; text-align: justify;\"><strong>Magdalena Marga\u0144ska-Dec<\/strong> \u2013 flet<br \/>\n<strong>Monika Gardo\u0144-Preinl<\/strong> \u2013 fortepian<\/div>\n<h6 style=\"text-align: justify;\">Piotr Sarnecki (*1975) <em>Klarnetowa impresja na klarnet i fortepian<\/em> (\u015bwiatowe prawykonanie)<\/h6>\n<div style=\"padding-bottom: 1em; text-align: justify;\"><strong>Piotr Lato<\/strong> \u2013 klarnet<br \/>\n<strong>Wioletta Fluda-Tkaczyk<\/strong> \u2013 fortepian<\/div>\n<h6 style=\"text-align: justify;\">Harald Genzmer (1909-2007) <em>Sonatina<\/em> na saksofon sopranowy i altowy w opracowaniu na klarnet i saksofon altowy<\/h6>\n<div style=\"padding-bottom: 1em; text-align: justify;\"><strong>Pawe\u0142 Krauzowicz<\/strong> \u2013 klarnet<br \/>\n<strong>\u0141ukasz N\u0119dza<\/strong> \u2013 saksofon<\/div>\n<h6 style=\"text-align: justify;\">Micha\u0142 Pawe\u0142ek (*1978) <em>Interitio III<\/em> na saksofon altowy i elektronik\u0119 (\u015bwiatowe prawykonanie)<\/h6>\n<div style=\"padding-bottom: 1em; text-align: justify;\"><strong>Andrzej Rzymkowski<\/strong> \u2013 saksofon<br \/>\n<strong>Micha\u0142 Pawe\u0142ek<\/strong> \u2013 realizacja warstwy elektronicznej<\/div>\n<h6 style=\"text-align: justify;\">Claudio Jacomucci (*1988) <em>Wonderlands<\/em><\/h6>\n<div style=\"padding-bottom: 1em; text-align: justify;\"><strong>Wies\u0142aw Ochwat<\/strong> \u2013 akordeon<\/div>\n<p style=\"text-align: justify;\">13 czerwca, o godz. 20:00 zapraszamy do Auli Florianka, ul. Sereno Fenn&#8217;a 15, na koncert Pedagog\u00f3w Katedry Instrument\u00f3w D\u0119tych Drewnianych i Akordeonu Akademii Muzycznej im. Krzysztofa Pendereckiego w Krakowie. Koncert jest otwarty dla publiczno\u015bci, liczba miejsc jest ograniczona &#8211; wej\u015bci\u00f3wki mo\u017cna odbiera\u0107 od 9 czerwca w Auli Florianka w godz. 8:00 &#8211; 18.00.<br \/>\nSerdecznie zapraszamy.<\/p>\n<h5 style=\"text-align: justify;\">PROGRAM:<\/h5>\n<h6 style=\"text-align: justify;\">Camille Saint-Sa\u00ebns (1835-1921) <em>Sonata<\/em> op. 166 na ob\u00f3j i fortepian<\/h6>\n<div style=\"padding-bottom: 1em; text-align: justify;\"><strong>Marek Mleczko<\/strong> \u2013 ob\u00f3j<br \/>\n<strong>\u0141ukasz D\u0119bski<\/strong> \u2013 fortepian<\/div>\n<h6 style=\"text-align: justify;\">Yevhen Stankovych (*1942) <em>Dances of Flowers Quasi Sonate No. 2<\/em><\/h6>\n<div style=\"padding-bottom: 1em; text-align: justify;\"><strong>Magdalena Marga\u0144ska-Dec<\/strong> \u2013 flet<br \/>\n<strong>Monika Gardo\u0144-Preinl<\/strong> \u2013 fortepian<\/div>\n<h6 style=\"text-align: justify;\">Piotr Sarnecki (*1975) <em>Klarnetowa impresja na klarnet i fortepian<\/em> (\u015bwiatowe prawykonanie)<\/h6>\n<div style=\"padding-bottom: 1em; text-align: justify;\"><strong>Piotr Lato<\/strong> \u2013 klarnet<br \/>\n<strong>Wioletta Fluda-Tkaczyk<\/strong> \u2013 fortepian<\/div>\n<h6 style=\"text-align: justify;\">Harald Genzmer (1909-2007) <em>Sonatina<\/em> na saksofon sopranowy i altowy w opracowaniu na klarnet i saksofon altowy<\/h6>\n<div style=\"padding-bottom: 1em; text-align: justify;\"><strong>Pawe\u0142 Krauzowicz<\/strong> \u2013 klarnet<br \/>\n<strong>\u0141ukasz N\u0119dza<\/strong> \u2013 saksofon<\/div>\n<h6 style=\"text-align: justify;\">Micha\u0142 Pawe\u0142ek (*1978) <em>Interitio III<\/em> na saksofon altowy i elektronik\u0119 (\u015bwiatowe prawykonanie)<\/h6>\n<div style=\"padding-bottom: 1em; text-align: justify;\"><strong>Andrzej Rzymkowski<\/strong> \u2013 saksofon<br \/>\n<strong>Micha\u0142 Pawe\u0142ek<\/strong> \u2013 realizacja warstwy elektronicznej<\/div>\n<h6 style=\"text-align: justify;\">Claudio Jacomucci (*1988) <em>Wonderlands<\/em><\/h6>\n<div style=\"padding-bottom: 1em; text-align: justify;\"><strong>Wies\u0142aw Ochwat<\/strong> \u2013 akordeon<\/div>\n<p><\/p>","protected":false},"excerpt":{"rendered":"<p>13 czerwca, o godz. 20:00 zapraszamy do Auli Florianka, ul. Sereno Fenn&#8217;a 15, na koncert Pedagog\u00f3w Katedry Instrument\u00f3w D\u0119tych Drewnianych i Akordeonu Akademii Muzycznej im. Krzysztofa Pendereckiego w Krakowie. Koncert&hellip; <a href=\"https:\/\/www.amuz.krakow.pl\/en\/na-drodze-do-nowej-harmonii\/\">Continue reading<\/a><\/p>\n","protected":false},"author":71,"featured_media":0,"parent":0,"menu_order":0,"comment_status":"closed","ping_status":"closed","template":"","meta":{"footnotes":"","_links_to":"","_links_to_target":""},"class_list":["post-51443","page","type-page","status-publish","hentry"],"yoast_head":"<!-- This site is optimized with the Yoast SEO plugin v27.4 - https:\/\/yoast.com\/product\/yoast-seo-wordpress\/ -->\n<title>AMKP - Akademia Muzyczna im. Krzysztofa Pendereckiego w Krakowie<\/title>\n<meta name=\"robots\" content=\"index, follow, max-snippet:-1, max-image-preview:large, max-video-preview:-1\" \/>\n<link rel=\"canonical\" href=\"https:\/\/www.amuz.krakow.pl\/na-drodze-do-nowej-harmonii\/\" \/>\n<meta property=\"og:locale\" content=\"en_US\" \/>\n<meta property=\"og:type\" content=\"article\" \/>\n<meta property=\"og:title\" content=\"AMKP - Akademia Muzyczna im. Krzysztofa Pendereckiego w Krakowie\" \/>\n<meta property=\"og:description\" content=\"13 czerwca, o godz. 20:00 zapraszamy do Auli Florianka, ul. Sereno Fenn&#8217;a 15, na koncert Pedagog\u00f3w Katedry Instrument\u00f3w D\u0119tych Drewnianych i Akordeonu Akademii Muzycznej im. Krzysztofa Pendereckiego w Krakowie. Koncert&hellip; Continue reading\" \/>\n<meta property=\"og:url\" content=\"https:\/\/www.amuz.krakow.pl\/na-drodze-do-nowej-harmonii\/\" \/>\n<meta property=\"og:site_name\" content=\"Akademia Muzyczna im. Krzysztofa Pendereckiego w Krakowie\" \/>\n<meta property=\"article:publisher\" content=\"https:\/\/www.facebook.com\/amuz.krakow\" \/>\n<meta property=\"article:modified_time\" content=\"2021-06-22T09:38:42+00:00\" \/>\n<meta property=\"og:image\" content=\"https:\/\/www.amuz.krakow.pl\/wp-content\/uploads\/2021\/06\/nowa-harmonia-2021-FINAL.jpg\" \/>\n\t<meta property=\"og:image:width\" content=\"1200\" \/>\n\t<meta property=\"og:image:height\" content=\"1721\" \/>\n\t<meta property=\"og:image:type\" content=\"image\/jpeg\" \/>\n<meta name=\"twitter:card\" content=\"summary_large_image\" \/>\n<meta name=\"twitter:label1\" content=\"Est. reading time\" \/>\n\t<meta name=\"twitter:data1\" content=\"3 minutes\" \/>\n<script type=\"application\/ld+json\" class=\"yoast-schema-graph\">{\"@context\":\"https:\\\/\\\/schema.org\",\"@graph\":[{\"@type\":\"WebPage\",\"@id\":\"https:\\\/\\\/www.amuz.krakow.pl\\\/na-drodze-do-nowej-harmonii\\\/\",\"url\":\"https:\\\/\\\/www.amuz.krakow.pl\\\/na-drodze-do-nowej-harmonii\\\/\",\"name\":\"AMKP - Akademia Muzyczna im. Krzysztofa Pendereckiego w Krakowie\",\"isPartOf\":{\"@id\":\"https:\\\/\\\/www.amuz.krakow.pl\\\/#website\"},\"datePublished\":\"2021-06-09T07:26:48+00:00\",\"dateModified\":\"2021-06-22T09:38:42+00:00\",\"breadcrumb\":{\"@id\":\"https:\\\/\\\/www.amuz.krakow.pl\\\/na-drodze-do-nowej-harmonii\\\/#breadcrumb\"},\"inLanguage\":\"en-US\",\"potentialAction\":[{\"@type\":\"ReadAction\",\"target\":[\"https:\\\/\\\/www.amuz.krakow.pl\\\/na-drodze-do-nowej-harmonii\\\/\"]}]},{\"@type\":\"BreadcrumbList\",\"@id\":\"https:\\\/\\\/www.amuz.krakow.pl\\\/na-drodze-do-nowej-harmonii\\\/#breadcrumb\",\"itemListElement\":[{\"@type\":\"ListItem\",\"position\":1,\"name\":\"Strona g\u0142\u00f3wna\",\"item\":\"https:\\\/\\\/www.amuz.krakow.pl\\\/\"},{\"@type\":\"ListItem\",\"position\":2,\"name\":\"Na drodze do nowej harmonii\"}]},{\"@type\":\"WebSite\",\"@id\":\"https:\\\/\\\/www.amuz.krakow.pl\\\/#website\",\"url\":\"https:\\\/\\\/www.amuz.krakow.pl\\\/\",\"name\":\"Akademia Muzyczna im. Krzysztofa Pendereckiego w Krakowie\",\"description\":\"Oficjalna strona Akademii Muzycznej im. Krzysztofa Pendereckiego w Krakowie (AMKP).\",\"publisher\":{\"@id\":\"https:\\\/\\\/www.amuz.krakow.pl\\\/#organization\"},\"alternateName\":\"AMKP\",\"potentialAction\":[{\"@type\":\"SearchAction\",\"target\":{\"@type\":\"EntryPoint\",\"urlTemplate\":\"https:\\\/\\\/www.amuz.krakow.pl\\\/?s={search_term_string}\"},\"query-input\":{\"@type\":\"PropertyValueSpecification\",\"valueRequired\":true,\"valueName\":\"search_term_string\"}}],\"inLanguage\":\"en-US\"},{\"@type\":\"Organization\",\"@id\":\"https:\\\/\\\/www.amuz.krakow.pl\\\/#organization\",\"name\":\"Akademia Muzyczna im. Krzysztofa Pendereckiego w Krakowie\",\"alternateName\":\"AMKP\",\"url\":\"https:\\\/\\\/www.amuz.krakow.pl\\\/\",\"logo\":{\"@type\":\"ImageObject\",\"inLanguage\":\"en-US\",\"@id\":\"https:\\\/\\\/www.amuz.krakow.pl\\\/#\\\/schema\\\/logo\\\/image\\\/\",\"url\":\"https:\\\/\\\/www.amuz.krakow.pl\\\/wp-content\\\/uploads\\\/2021\\\/11\\\/amkp.jpg\",\"contentUrl\":\"https:\\\/\\\/www.amuz.krakow.pl\\\/wp-content\\\/uploads\\\/2021\\\/11\\\/amkp.jpg\",\"width\":1193,\"height\":591,\"caption\":\"Akademia Muzyczna im. Krzysztofa Pendereckiego w Krakowie\"},\"image\":{\"@id\":\"https:\\\/\\\/www.amuz.krakow.pl\\\/#\\\/schema\\\/logo\\\/image\\\/\"},\"sameAs\":[\"https:\\\/\\\/www.facebook.com\\\/amuz.krakow\",\"https:\\\/\\\/www.instagram.com\\\/amkpenderecki\\\/\",\"https:\\\/\\\/www.youtube.com\\\/@amkpenderecki4806\"]}]}<\/script>\n<!-- \/ Yoast SEO plugin. -->","yoast_head_json":{"title":"AMKP - Akademia Muzyczna im. Krzysztofa Pendereckiego w Krakowie","robots":{"index":"index","follow":"follow","max-snippet":"max-snippet:-1","max-image-preview":"max-image-preview:large","max-video-preview":"max-video-preview:-1"},"canonical":"https:\/\/www.amuz.krakow.pl\/na-drodze-do-nowej-harmonii\/","og_locale":"en_US","og_type":"article","og_title":"AMKP - Akademia Muzyczna im. Krzysztofa Pendereckiego w Krakowie","og_description":"13 czerwca, o godz. 20:00 zapraszamy do Auli Florianka, ul. Sereno Fenn&#8217;a 15, na koncert Pedagog\u00f3w Katedry Instrument\u00f3w D\u0119tych Drewnianych i Akordeonu Akademii Muzycznej im. Krzysztofa Pendereckiego w Krakowie. Koncert&hellip; Continue reading","og_url":"https:\/\/www.amuz.krakow.pl\/na-drodze-do-nowej-harmonii\/","og_site_name":"Akademia Muzyczna im. Krzysztofa Pendereckiego w Krakowie","article_publisher":"https:\/\/www.facebook.com\/amuz.krakow","article_modified_time":"2021-06-22T09:38:42+00:00","og_image":[{"width":1200,"height":1721,"url":"https:\/\/www.amuz.krakow.pl\/wp-content\/uploads\/2021\/06\/nowa-harmonia-2021-FINAL.jpg","type":"image\/jpeg"}],"twitter_card":"summary_large_image","twitter_misc":{"Est. reading time":"3 minutes"},"schema":{"@context":"https:\/\/schema.org","@graph":[{"@type":"WebPage","@id":"https:\/\/www.amuz.krakow.pl\/na-drodze-do-nowej-harmonii\/","url":"https:\/\/www.amuz.krakow.pl\/na-drodze-do-nowej-harmonii\/","name":"AMKP - Akademia Muzyczna im. Krzysztofa Pendereckiego w Krakowie","isPartOf":{"@id":"https:\/\/www.amuz.krakow.pl\/#website"},"datePublished":"2021-06-09T07:26:48+00:00","dateModified":"2021-06-22T09:38:42+00:00","breadcrumb":{"@id":"https:\/\/www.amuz.krakow.pl\/na-drodze-do-nowej-harmonii\/#breadcrumb"},"inLanguage":"en-US","potentialAction":[{"@type":"ReadAction","target":["https:\/\/www.amuz.krakow.pl\/na-drodze-do-nowej-harmonii\/"]}]},{"@type":"BreadcrumbList","@id":"https:\/\/www.amuz.krakow.pl\/na-drodze-do-nowej-harmonii\/#breadcrumb","itemListElement":[{"@type":"ListItem","position":1,"name":"Strona g\u0142\u00f3wna","item":"https:\/\/www.amuz.krakow.pl\/"},{"@type":"ListItem","position":2,"name":"Na drodze do nowej harmonii"}]},{"@type":"WebSite","@id":"https:\/\/www.amuz.krakow.pl\/#website","url":"https:\/\/www.amuz.krakow.pl\/","name":"Akademia Muzyczna im. Krzysztofa Pendereckiego w Krakowie","description":"Oficjalna strona Akademii Muzycznej im. Krzysztofa Pendereckiego w Krakowie (AMKP).","publisher":{"@id":"https:\/\/www.amuz.krakow.pl\/#organization"},"alternateName":"AMKP","potentialAction":[{"@type":"SearchAction","target":{"@type":"EntryPoint","urlTemplate":"https:\/\/www.amuz.krakow.pl\/?s={search_term_string}"},"query-input":{"@type":"PropertyValueSpecification","valueRequired":true,"valueName":"search_term_string"}}],"inLanguage":"en-US"},{"@type":"Organization","@id":"https:\/\/www.amuz.krakow.pl\/#organization","name":"Akademia Muzyczna im. Krzysztofa Pendereckiego w Krakowie","alternateName":"AMKP","url":"https:\/\/www.amuz.krakow.pl\/","logo":{"@type":"ImageObject","inLanguage":"en-US","@id":"https:\/\/www.amuz.krakow.pl\/#\/schema\/logo\/image\/","url":"https:\/\/www.amuz.krakow.pl\/wp-content\/uploads\/2021\/11\/amkp.jpg","contentUrl":"https:\/\/www.amuz.krakow.pl\/wp-content\/uploads\/2021\/11\/amkp.jpg","width":1193,"height":591,"caption":"Akademia Muzyczna im. Krzysztofa Pendereckiego w Krakowie"},"image":{"@id":"https:\/\/www.amuz.krakow.pl\/#\/schema\/logo\/image\/"},"sameAs":["https:\/\/www.facebook.com\/amuz.krakow","https:\/\/www.instagram.com\/amkpenderecki\/","https:\/\/www.youtube.com\/@amkpenderecki4806"]}]}},"_links":{"self":[{"href":"https:\/\/www.amuz.krakow.pl\/en\/wp-json\/wp\/v2\/pages\/51443","targetHints":{"allow":["GET"]}}],"collection":[{"href":"https:\/\/www.amuz.krakow.pl\/en\/wp-json\/wp\/v2\/pages"}],"about":[{"href":"https:\/\/www.amuz.krakow.pl\/en\/wp-json\/wp\/v2\/types\/page"}],"author":[{"embeddable":true,"href":"https:\/\/www.amuz.krakow.pl\/en\/wp-json\/wp\/v2\/users\/71"}],"replies":[{"embeddable":true,"href":"https:\/\/www.amuz.krakow.pl\/en\/wp-json\/wp\/v2\/comments?post=51443"}],"version-history":[{"count":6,"href":"https:\/\/www.amuz.krakow.pl\/en\/wp-json\/wp\/v2\/pages\/51443\/revisions"}],"predecessor-version":[{"id":51987,"href":"https:\/\/www.amuz.krakow.pl\/en\/wp-json\/wp\/v2\/pages\/51443\/revisions\/51987"}],"wp:attachment":[{"href":"https:\/\/www.amuz.krakow.pl\/en\/wp-json\/wp\/v2\/media?parent=51443"}],"curies":[{"name":"wp","href":"https:\/\/api.w.org\/{rel}","templated":true}]}}