{"id":50311,"date":"2021-05-21T18:13:25","date_gmt":"2021-05-21T16:13:25","guid":{"rendered":"https:\/\/www.amuz.krakow.pl\/?page_id=50311"},"modified":"2021-08-02T22:15:23","modified_gmt":"2021-08-02T20:15:23","slug":"beethoven-sonaty-fortepianowe","status":"publish","type":"page","link":"https:\/\/www.amuz.krakow.pl\/en\/beethoven-sonaty-fortepianowe\/","title":{"rendered":"Beethoven \u2013 32 Sonaty fortepianowe"},"content":{"rendered":"<p><\/p>\n<p style=\"text-align: justify;\">Katedra Fortepianu Akademii Muzycznej im. Krzysztofa Pendereckiego w Krakowie ma zaszczyt zaprosi\u0107 do wys\u0142uchania utwor\u00f3w Ludwiga van Beethovena w interpretacji jej pedagog\u00f3w i student\u00f3w.<br \/>\nNagrania utwor\u00f3w Beethovena prezentowane b\u0119d\u0105 cyklicznie na naszej stronie internetowej. Ich rejestracji fonograficznej dokonano pomi\u0119dzy pa\u017adziernikiem a grudniem 2020 roku, w ramach projektu \u201e32 Sonaty fortepianowe Ludwiga van Beethovena\u201d, realizowanego z okazji 250. rocznicy urodzin kompozytora. Pomys\u0142odawc\u0105 wydarzenia by\u0142 wieloletni Kierownik Katedry Fortepianu &#8211; prof. dr hab. Andrzej Pikul.<br \/>\nPo kilku miesi\u0105cach od rejestracji audiowizualnej, z rado\u015bci\u0105 udost\u0119pniamy Pa\u0144stwu mistrzowski recital prof. dr hab. Janusza Skowrona oraz cz\u0119\u015b\u0107 z nagranych wszystkich Sonat fortepianowych Ludwiga van Beethovena, wyja\u015bniaj\u0105c r\u00f3wnocze\u015bnie, i\u017c bogactwo wydarze\u0144 artystycznych odbywaj\u0105cych si\u0119 w Akademii Muzycznej w Krakowie oraz konieczno\u015b\u0107 zaznaczenia ich rangi poprzez prezentacj\u0119 w przestrzeni \u201eAkademia w sieci\u201d, nie daje nam mo\u017cliwo\u015bci przedstawienia ca\u0142o\u015bci zrealizowanego przedsi\u0119wzi\u0119cia.<br \/>\nTrudny czas pandemii nie pozwoli\u0142 na bezpo\u015bredni kontakt z publiczno\u015bci\u0105 podczas koncert\u00f3w i nagra\u0144 projektu upami\u0119tniaj\u0105cego rok Ludwiga van Beethovena. Cieszymy si\u0119, \u017ce dzi\u0119ki Pa\u0144stwa zainteresowaniu naszym wydarzeniem , pedagodzy i studenci b\u0119d\u0105 mogli poczu\u0107, \u017ce tw\u00f3rczo spe\u0142niaj\u0105 si\u0119 na swojej artystycznej drodze.<br \/>\n\u017byczymy pi\u0119knych wra\u017ce\u0144 i wzrusze\u0144 na\u2026 \u201ebeethovenowskim szlaku\u201d i zapraszamy do towarzyszenia Katedrze Fortepianu krakowskiej Akademii Muzycznej podczas kolejnych koncert\u00f3w i artystycznych prezentacji.<\/p>\n<p style=\"text-align: right;\">prof. dr hab. Mariola Cieniawa<br \/>\nKierownik Katedry Fortepianu<\/p>\n<hr \/>\n<h5 id=\"koncert1\">Koncert I<\/h5>\n<p>\r\n\t<div class=\"paoc-image-popup\">\r\n\t\t<a class=\"paoc-popup-click paoc-popup-cust-50316 paoc-popup-image paoc-popup-image\" href=\"javascript:void(0);\"><img decoding=\"async\" class=\"popupaoc-img\" src=\"https:\/\/www.amuz.krakow.pl\/wp-content\/uploads\/2021\/05\/L.-v.-Beethoven-\u2013-32-wariacje-c-moll-low.gif\" alt=\"\" \/><\/a>\r\n\r\n\t\t\t<\/div>\r\n\r\n<br \/>\nL. v. Beethoven<br \/>\n32 wariacje c-moll<br \/>\nWariacje i Fuga Es-dur op.35 \u201eEroica\u201d<br \/>\nSonata D-dur op. 10 nr 3<br \/>\n<strong>prof. dr hab. Janusz Skowron<\/strong><br \/>\n<a href=\"https:\/\/vimeo.com\/showcase\/8492675\" target=\"_blank\" rel=\"noopener\">Zobacz na vimeo.com<\/a><\/p>\n<p style=\"text-align: justify;\">Katedra Fortepianu Akademii Muzycznej im. Krzysztofa Pendereckiego w Krakowie ma zaszczyt zaprosi\u0107 do wys\u0142uchania utwor\u00f3w Ludwiga van Beethovena w interpretacji jej pedagog\u00f3w i student\u00f3w.<br \/>\nNagrania utwor\u00f3w Beethovena prezentowane b\u0119d\u0105 cyklicznie na naszej stronie internetowej. Ich rejestracji fonograficznej dokonano pomi\u0119dzy pa\u017adziernikiem a grudniem 2020 roku, w ramach projektu \u201e32 Sonaty fortepianowe Ludwiga van Beethovena\u201d, realizowanego z okazji 250. rocznicy urodzin kompozytora. Pomys\u0142odawc\u0105 wydarzenia by\u0142 wieloletni Kierownik Katedry Fortepianu &#8211; prof. dr hab. Andrzej Pikul.<br \/>\nPo kilku miesi\u0105cach od rejestracji audiowizualnej, z rado\u015bci\u0105 udost\u0119pniamy Pa\u0144stwu mistrzowski recital prof. dr hab. Janusza Skowrona oraz cz\u0119\u015b\u0107 z nagranych wszystkich Sonat fortepianowych Ludwiga van Beethovena, wyja\u015bniaj\u0105c r\u00f3wnocze\u015bnie, i\u017c bogactwo wydarze\u0144 artystycznych odbywaj\u0105cych si\u0119 w Akademii Muzycznej w Krakowie oraz konieczno\u015b\u0107 zaznaczenia ich rangi poprzez prezentacj\u0119 w przestrzeni \u201eAkademia w sieci\u201d, nie daje nam mo\u017cliwo\u015bci przedstawienia ca\u0142o\u015bci zrealizowanego przedsi\u0119wzi\u0119cia.<br \/>\nTrudny czas pandemii nie pozwoli\u0142 na bezpo\u015bredni kontakt z publiczno\u015bci\u0105 podczas koncert\u00f3w i nagra\u0144 projektu upami\u0119tniaj\u0105cego rok Ludwiga van Beethovena. Cieszymy si\u0119, \u017ce dzi\u0119ki Pa\u0144stwa zainteresowaniu naszym wydarzeniem , pedagodzy i studenci b\u0119d\u0105 mogli poczu\u0107, \u017ce tw\u00f3rczo spe\u0142niaj\u0105 si\u0119 na swojej artystycznej drodze.<br \/>\n\u017byczymy pi\u0119knych wra\u017ce\u0144 i wzrusze\u0144 na\u2026 \u201ebeethovenowskim szlaku\u201d i zapraszamy do towarzyszenia Katedrze Fortepianu krakowskiej Akademii Muzycznej podczas kolejnych koncert\u00f3w i artystycznych prezentacji.<\/p>\n<p style=\"text-align: right;\">prof. dr hab. Mariola Cieniawa<br \/>\nKierownik Katedry Fortepianu<\/p>\n<hr \/>\n<h5 id=\"koncert1\">Koncert I<\/h5>\n<p>\r\n\t<div class=\"paoc-image-popup\">\r\n\t\t<a class=\"paoc-popup-click paoc-popup-cust-50316 paoc-popup-image paoc-popup-image\" href=\"javascript:void(0);\"><img decoding=\"async\" class=\"popupaoc-img\" src=\"https:\/\/www.amuz.krakow.pl\/wp-content\/uploads\/2021\/05\/L.-v.-Beethoven-\u2013-32-wariacje-c-moll-low.gif\" alt=\"\" \/><\/a>\r\n\r\n\t\t\t<\/div>\r\n\r\n<br \/>\nL. v. Beethoven<br \/>\n32 wariacje c-moll<br \/>\nWariacje i Fuga Es-dur op.35 \u201eEroica\u201d<br \/>\nSonata D-dur op. 10 nr 3<br \/>\n<strong>prof. dr hab. Janusz Skowron<\/strong><br \/>\n<a href=\"https:\/\/vimeo.com\/showcase\/8492675\" target=\"_blank\" rel=\"noopener\">Zobacz na vimeo.com<\/a><\/p>\n<p style=\"text-align: justify;\">Katedra Fortepianu Akademii Muzycznej im. Krzysztofa Pendereckiego w Krakowie ma zaszczyt zaprosi\u0107 do wys\u0142uchania utwor\u00f3w Ludwiga van Beethovena w interpretacji jej pedagog\u00f3w i student\u00f3w.<br \/>\nNagrania utwor\u00f3w Beethovena prezentowane b\u0119d\u0105 cyklicznie na naszej stronie internetowej. Ich rejestracji fonograficznej dokonano pomi\u0119dzy pa\u017adziernikiem a grudniem 2020 roku, w ramach projektu \u201e32 Sonaty fortepianowe Ludwiga van Beethovena\u201d, realizowanego z okazji 250. rocznicy urodzin kompozytora. Pomys\u0142odawc\u0105 wydarzenia by\u0142 wieloletni Kierownik Katedry Fortepianu &#8211; prof. dr hab. Andrzej Pikul.<br \/>\nPo kilku miesi\u0105cach od rejestracji audiowizualnej, z rado\u015bci\u0105 udost\u0119pniamy Pa\u0144stwu mistrzowski recital prof. dr hab. Janusza Skowrona oraz cz\u0119\u015b\u0107 z nagranych wszystkich Sonat fortepianowych Ludwiga van Beethovena, wyja\u015bniaj\u0105c r\u00f3wnocze\u015bnie, i\u017c bogactwo wydarze\u0144 artystycznych odbywaj\u0105cych si\u0119 w Akademii Muzycznej w Krakowie oraz konieczno\u015b\u0107 zaznaczenia ich rangi poprzez prezentacj\u0119 w przestrzeni \u201eAkademia w sieci\u201d, nie daje nam mo\u017cliwo\u015bci przedstawienia ca\u0142o\u015bci zrealizowanego przedsi\u0119wzi\u0119cia.<br \/>\nTrudny czas pandemii nie pozwoli\u0142 na bezpo\u015bredni kontakt z publiczno\u015bci\u0105 podczas koncert\u00f3w i nagra\u0144 projektu upami\u0119tniaj\u0105cego rok Ludwiga van Beethovena. Cieszymy si\u0119, \u017ce dzi\u0119ki Pa\u0144stwa zainteresowaniu naszym wydarzeniem , pedagodzy i studenci b\u0119d\u0105 mogli poczu\u0107, \u017ce tw\u00f3rczo spe\u0142niaj\u0105 si\u0119 na swojej artystycznej drodze.<br \/>\n\u017byczymy pi\u0119knych wra\u017ce\u0144 i wzrusze\u0144 na\u2026 \u201ebeethovenowskim szlaku\u201d i zapraszamy do towarzyszenia Katedrze Fortepianu krakowskiej Akademii Muzycznej podczas kolejnych koncert\u00f3w i artystycznych prezentacji.<\/p>\n<p style=\"text-align: right;\">prof. dr hab. Mariola Cieniawa<br \/>\nKierownik Katedry Fortepianu<\/p>\n<hr \/>\n<h5 id=\"koncert1\">Koncert I<\/h5>\n<p>\r\n\t<div class=\"paoc-image-popup\">\r\n\t\t<a class=\"paoc-popup-click paoc-popup-cust-50316 paoc-popup-image paoc-popup-image\" href=\"javascript:void(0);\"><img decoding=\"async\" class=\"popupaoc-img\" src=\"https:\/\/www.amuz.krakow.pl\/wp-content\/uploads\/2021\/05\/L.-v.-Beethoven-\u2013-32-wariacje-c-moll-low.gif\" alt=\"\" \/><\/a>\r\n\r\n\t\t\t<\/div>\r\n\r\n<br \/>\nL. v. Beethoven<br \/>\n32 wariacje c-moll<br \/>\nWariacje i Fuga Es-dur op.35 \u201eEroica\u201d<br \/>\nSonata D-dur op. 10 nr 3<br \/>\n<strong>prof. dr hab. Janusz Skowron<\/strong><br \/>\n<a href=\"https:\/\/vimeo.com\/showcase\/8492675\" target=\"_blank\" rel=\"noopener\">Zobacz na vimeo.com<\/a><\/p>\n<p style=\"text-align: justify;\">Katedra Fortepianu Akademii Muzycznej im. Krzysztofa Pendereckiego w Krakowie ma zaszczyt zaprosi\u0107 do wys\u0142uchania utwor\u00f3w Ludwiga van Beethovena w interpretacji jej pedagog\u00f3w i student\u00f3w.<br \/>\nNagrania utwor\u00f3w Beethovena prezentowane b\u0119d\u0105 cyklicznie na naszej stronie internetowej. Ich rejestracji fonograficznej dokonano pomi\u0119dzy pa\u017adziernikiem a grudniem 2020 roku, w ramach projektu \u201e32 Sonaty fortepianowe Ludwiga van Beethovena\u201d, realizowanego z okazji 250. rocznicy urodzin kompozytora. Pomys\u0142odawc\u0105 wydarzenia by\u0142 wieloletni Kierownik Katedry Fortepianu &#8211; prof. dr hab. Andrzej Pikul.<br \/>\nPo kilku miesi\u0105cach od rejestracji audiowizualnej, z rado\u015bci\u0105 udost\u0119pniamy Pa\u0144stwu mistrzowski recital prof. dr hab. Janusza Skowrona oraz cz\u0119\u015b\u0107 z nagranych wszystkich Sonat fortepianowych Ludwiga van Beethovena, wyja\u015bniaj\u0105c r\u00f3wnocze\u015bnie, i\u017c bogactwo wydarze\u0144 artystycznych odbywaj\u0105cych si\u0119 w Akademii Muzycznej w Krakowie oraz konieczno\u015b\u0107 zaznaczenia ich rangi poprzez prezentacj\u0119 w przestrzeni \u201eAkademia w sieci\u201d, nie daje nam mo\u017cliwo\u015bci przedstawienia ca\u0142o\u015bci zrealizowanego przedsi\u0119wzi\u0119cia.<br \/>\nTrudny czas pandemii nie pozwoli\u0142 na bezpo\u015bredni kontakt z publiczno\u015bci\u0105 podczas koncert\u00f3w i nagra\u0144 projektu upami\u0119tniaj\u0105cego rok Ludwiga van Beethovena. Cieszymy si\u0119, \u017ce dzi\u0119ki Pa\u0144stwa zainteresowaniu naszym wydarzeniem , pedagodzy i studenci b\u0119d\u0105 mogli poczu\u0107, \u017ce tw\u00f3rczo spe\u0142niaj\u0105 si\u0119 na swojej artystycznej drodze.<br \/>\n\u017byczymy pi\u0119knych wra\u017ce\u0144 i wzrusze\u0144 na\u2026 \u201ebeethovenowskim szlaku\u201d i zapraszamy do towarzyszenia Katedrze Fortepianu krakowskiej Akademii Muzycznej podczas kolejnych koncert\u00f3w i artystycznych prezentacji.<\/p>\n<p style=\"text-align: right;\">prof. dr hab. Mariola Cieniawa<br \/>\nKierownik Katedry Fortepianu<\/p>\n<hr \/>\n<h5 id=\"koncert1\">Koncert I<\/h5>\n<p>\r\n\t<div class=\"paoc-image-popup\">\r\n\t\t<a class=\"paoc-popup-click paoc-popup-cust-50316 paoc-popup-image paoc-popup-image\" href=\"javascript:void(0);\"><img decoding=\"async\" class=\"popupaoc-img\" src=\"https:\/\/www.amuz.krakow.pl\/wp-content\/uploads\/2021\/05\/L.-v.-Beethoven-\u2013-32-wariacje-c-moll-low.gif\" alt=\"\" \/><\/a>\r\n\r\n\t\t\t<\/div>\r\n\r\n<br \/>\nL. v. Beethoven<br \/>\n32 wariacje c-moll<br \/>\nWariacje i Fuga Es-dur op.35 \u201eEroica\u201d<br \/>\nSonata D-dur op. 10 nr 3<br \/>\n<strong>prof. dr hab. Janusz Skowron<\/strong><br \/>\n<a href=\"https:\/\/vimeo.com\/showcase\/8492675\" target=\"_blank\" rel=\"noopener\">Zobacz na vimeo.com<\/a><\/p>","protected":false},"excerpt":{"rendered":"<p>Katedra Fortepianu Akademii Muzycznej im. Krzysztofa Pendereckiego w Krakowie ma zaszczyt zaprosi\u0107 do wys\u0142uchania utwor\u00f3w Ludwiga van Beethovena w interpretacji jej pedagog\u00f3w i student\u00f3w. Nagrania utwor\u00f3w Beethovena prezentowane b\u0119d\u0105 cyklicznie&hellip; <a href=\"https:\/\/www.amuz.krakow.pl\/en\/beethoven-sonaty-fortepianowe\/\">Continue reading<\/a><\/p>\n","protected":false},"author":70,"featured_media":42873,"parent":0,"menu_order":0,"comment_status":"closed","ping_status":"closed","template":"","meta":{"footnotes":"","_links_to":"","_links_to_target":""},"class_list":["post-50311","page","type-page","status-publish","has-post-thumbnail","hentry"],"yoast_head":"<!-- This site is optimized with the Yoast SEO plugin v27.4 - https:\/\/yoast.com\/product\/yoast-seo-wordpress\/ -->\n<title>AMKP - Akademia Muzyczna im. Krzysztofa Pendereckiego w Krakowie<\/title>\n<meta name=\"robots\" content=\"index, follow, max-snippet:-1, max-image-preview:large, max-video-preview:-1\" \/>\n<link rel=\"canonical\" href=\"https:\/\/www.amuz.krakow.pl\/beethoven-sonaty-fortepianowe\/\" \/>\n<meta property=\"og:locale\" content=\"en_US\" \/>\n<meta property=\"og:type\" content=\"article\" \/>\n<meta property=\"og:title\" content=\"AMKP - Akademia Muzyczna im. Krzysztofa Pendereckiego w Krakowie\" \/>\n<meta property=\"og:description\" content=\"Katedra Fortepianu Akademii Muzycznej im. Krzysztofa Pendereckiego w Krakowie ma zaszczyt zaprosi\u0107 do wys\u0142uchania utwor\u00f3w Ludwiga van Beethovena w interpretacji jej pedagog\u00f3w i student\u00f3w. Nagrania utwor\u00f3w Beethovena prezentowane b\u0119d\u0105 cyklicznie&hellip; Continue reading\" \/>\n<meta property=\"og:url\" content=\"https:\/\/www.amuz.krakow.pl\/beethoven-sonaty-fortepianowe\/\" \/>\n<meta property=\"og:site_name\" content=\"Akademia Muzyczna im. Krzysztofa Pendereckiego w Krakowie\" \/>\n<meta property=\"article:publisher\" content=\"https:\/\/www.facebook.com\/amuz.krakow\" \/>\n<meta property=\"article:modified_time\" content=\"2021-08-02T20:15:23+00:00\" \/>\n<meta property=\"og:image\" content=\"https:\/\/www.amuz.krakow.pl\/wp-content\/uploads\/2020\/10\/beethoveen-2020-32-Sonaty-Fortepianowe-scaled.jpg\" \/>\n\t<meta property=\"og:image:width\" content=\"1428\" \/>\n\t<meta property=\"og:image:height\" content=\"2048\" \/>\n\t<meta property=\"og:image:type\" content=\"image\/jpeg\" \/>\n<meta name=\"twitter:card\" content=\"summary_large_image\" \/>\n<meta name=\"twitter:label1\" content=\"Est. reading time\" \/>\n\t<meta name=\"twitter:data1\" content=\"3 minutes\" \/>\n<script type=\"application\/ld+json\" class=\"yoast-schema-graph\">{\"@context\":\"https:\\\/\\\/schema.org\",\"@graph\":[{\"@type\":\"WebPage\",\"@id\":\"https:\\\/\\\/www.amuz.krakow.pl\\\/beethoven-sonaty-fortepianowe\\\/\",\"url\":\"https:\\\/\\\/www.amuz.krakow.pl\\\/beethoven-sonaty-fortepianowe\\\/\",\"name\":\"AMKP - Akademia Muzyczna im. Krzysztofa Pendereckiego w Krakowie\",\"isPartOf\":{\"@id\":\"https:\\\/\\\/www.amuz.krakow.pl\\\/#website\"},\"primaryImageOfPage\":{\"@id\":\"https:\\\/\\\/www.amuz.krakow.pl\\\/beethoven-sonaty-fortepianowe\\\/#primaryimage\"},\"image\":{\"@id\":\"https:\\\/\\\/www.amuz.krakow.pl\\\/beethoven-sonaty-fortepianowe\\\/#primaryimage\"},\"thumbnailUrl\":\"https:\\\/\\\/www.amuz.krakow.pl\\\/wp-content\\\/uploads\\\/2020\\\/10\\\/beethoveen-2020-32-Sonaty-Fortepianowe-scaled.jpg\",\"datePublished\":\"2021-05-21T16:13:25+00:00\",\"dateModified\":\"2021-08-02T20:15:23+00:00\",\"breadcrumb\":{\"@id\":\"https:\\\/\\\/www.amuz.krakow.pl\\\/beethoven-sonaty-fortepianowe\\\/#breadcrumb\"},\"inLanguage\":\"en-US\",\"potentialAction\":[{\"@type\":\"ReadAction\",\"target\":[\"https:\\\/\\\/www.amuz.krakow.pl\\\/beethoven-sonaty-fortepianowe\\\/\"]}]},{\"@type\":\"ImageObject\",\"inLanguage\":\"en-US\",\"@id\":\"https:\\\/\\\/www.amuz.krakow.pl\\\/beethoven-sonaty-fortepianowe\\\/#primaryimage\",\"url\":\"https:\\\/\\\/www.amuz.krakow.pl\\\/wp-content\\\/uploads\\\/2020\\\/10\\\/beethoveen-2020-32-Sonaty-Fortepianowe-scaled.jpg\",\"contentUrl\":\"https:\\\/\\\/www.amuz.krakow.pl\\\/wp-content\\\/uploads\\\/2020\\\/10\\\/beethoveen-2020-32-Sonaty-Fortepianowe-scaled.jpg\",\"width\":1428,\"height\":2048},{\"@type\":\"BreadcrumbList\",\"@id\":\"https:\\\/\\\/www.amuz.krakow.pl\\\/beethoven-sonaty-fortepianowe\\\/#breadcrumb\",\"itemListElement\":[{\"@type\":\"ListItem\",\"position\":1,\"name\":\"Strona g\u0142\u00f3wna\",\"item\":\"https:\\\/\\\/www.amuz.krakow.pl\\\/\"},{\"@type\":\"ListItem\",\"position\":2,\"name\":\"Beethoven \u2013 32 Sonaty fortepianowe\"}]},{\"@type\":\"WebSite\",\"@id\":\"https:\\\/\\\/www.amuz.krakow.pl\\\/#website\",\"url\":\"https:\\\/\\\/www.amuz.krakow.pl\\\/\",\"name\":\"Akademia Muzyczna im. Krzysztofa Pendereckiego w Krakowie\",\"description\":\"Oficjalna strona Akademii Muzycznej im. Krzysztofa Pendereckiego w Krakowie (AMKP).\",\"publisher\":{\"@id\":\"https:\\\/\\\/www.amuz.krakow.pl\\\/#organization\"},\"alternateName\":\"AMKP\",\"potentialAction\":[{\"@type\":\"SearchAction\",\"target\":{\"@type\":\"EntryPoint\",\"urlTemplate\":\"https:\\\/\\\/www.amuz.krakow.pl\\\/?s={search_term_string}\"},\"query-input\":{\"@type\":\"PropertyValueSpecification\",\"valueRequired\":true,\"valueName\":\"search_term_string\"}}],\"inLanguage\":\"en-US\"},{\"@type\":\"Organization\",\"@id\":\"https:\\\/\\\/www.amuz.krakow.pl\\\/#organization\",\"name\":\"Akademia Muzyczna im. Krzysztofa Pendereckiego w Krakowie\",\"alternateName\":\"AMKP\",\"url\":\"https:\\\/\\\/www.amuz.krakow.pl\\\/\",\"logo\":{\"@type\":\"ImageObject\",\"inLanguage\":\"en-US\",\"@id\":\"https:\\\/\\\/www.amuz.krakow.pl\\\/#\\\/schema\\\/logo\\\/image\\\/\",\"url\":\"https:\\\/\\\/www.amuz.krakow.pl\\\/wp-content\\\/uploads\\\/2021\\\/11\\\/amkp.jpg\",\"contentUrl\":\"https:\\\/\\\/www.amuz.krakow.pl\\\/wp-content\\\/uploads\\\/2021\\\/11\\\/amkp.jpg\",\"width\":1193,\"height\":591,\"caption\":\"Akademia Muzyczna im. Krzysztofa Pendereckiego w Krakowie\"},\"image\":{\"@id\":\"https:\\\/\\\/www.amuz.krakow.pl\\\/#\\\/schema\\\/logo\\\/image\\\/\"},\"sameAs\":[\"https:\\\/\\\/www.facebook.com\\\/amuz.krakow\",\"https:\\\/\\\/www.instagram.com\\\/amkpenderecki\\\/\",\"https:\\\/\\\/www.youtube.com\\\/@amkpenderecki4806\"]}]}<\/script>\n<!-- \/ Yoast SEO plugin. -->","yoast_head_json":{"title":"AMKP - Akademia Muzyczna im. Krzysztofa Pendereckiego w Krakowie","robots":{"index":"index","follow":"follow","max-snippet":"max-snippet:-1","max-image-preview":"max-image-preview:large","max-video-preview":"max-video-preview:-1"},"canonical":"https:\/\/www.amuz.krakow.pl\/beethoven-sonaty-fortepianowe\/","og_locale":"en_US","og_type":"article","og_title":"AMKP - Akademia Muzyczna im. Krzysztofa Pendereckiego w Krakowie","og_description":"Katedra Fortepianu Akademii Muzycznej im. Krzysztofa Pendereckiego w Krakowie ma zaszczyt zaprosi\u0107 do wys\u0142uchania utwor\u00f3w Ludwiga van Beethovena w interpretacji jej pedagog\u00f3w i student\u00f3w. Nagrania utwor\u00f3w Beethovena prezentowane b\u0119d\u0105 cyklicznie&hellip; Continue reading","og_url":"https:\/\/www.amuz.krakow.pl\/beethoven-sonaty-fortepianowe\/","og_site_name":"Akademia Muzyczna im. Krzysztofa Pendereckiego w Krakowie","article_publisher":"https:\/\/www.facebook.com\/amuz.krakow","article_modified_time":"2021-08-02T20:15:23+00:00","og_image":[{"width":1428,"height":2048,"url":"https:\/\/www.amuz.krakow.pl\/wp-content\/uploads\/2020\/10\/beethoveen-2020-32-Sonaty-Fortepianowe-scaled.jpg","type":"image\/jpeg"}],"twitter_card":"summary_large_image","twitter_misc":{"Est. reading time":"3 minutes"},"schema":{"@context":"https:\/\/schema.org","@graph":[{"@type":"WebPage","@id":"https:\/\/www.amuz.krakow.pl\/beethoven-sonaty-fortepianowe\/","url":"https:\/\/www.amuz.krakow.pl\/beethoven-sonaty-fortepianowe\/","name":"AMKP - Akademia Muzyczna im. Krzysztofa Pendereckiego w Krakowie","isPartOf":{"@id":"https:\/\/www.amuz.krakow.pl\/#website"},"primaryImageOfPage":{"@id":"https:\/\/www.amuz.krakow.pl\/beethoven-sonaty-fortepianowe\/#primaryimage"},"image":{"@id":"https:\/\/www.amuz.krakow.pl\/beethoven-sonaty-fortepianowe\/#primaryimage"},"thumbnailUrl":"https:\/\/www.amuz.krakow.pl\/wp-content\/uploads\/2020\/10\/beethoveen-2020-32-Sonaty-Fortepianowe-scaled.jpg","datePublished":"2021-05-21T16:13:25+00:00","dateModified":"2021-08-02T20:15:23+00:00","breadcrumb":{"@id":"https:\/\/www.amuz.krakow.pl\/beethoven-sonaty-fortepianowe\/#breadcrumb"},"inLanguage":"en-US","potentialAction":[{"@type":"ReadAction","target":["https:\/\/www.amuz.krakow.pl\/beethoven-sonaty-fortepianowe\/"]}]},{"@type":"ImageObject","inLanguage":"en-US","@id":"https:\/\/www.amuz.krakow.pl\/beethoven-sonaty-fortepianowe\/#primaryimage","url":"https:\/\/www.amuz.krakow.pl\/wp-content\/uploads\/2020\/10\/beethoveen-2020-32-Sonaty-Fortepianowe-scaled.jpg","contentUrl":"https:\/\/www.amuz.krakow.pl\/wp-content\/uploads\/2020\/10\/beethoveen-2020-32-Sonaty-Fortepianowe-scaled.jpg","width":1428,"height":2048},{"@type":"BreadcrumbList","@id":"https:\/\/www.amuz.krakow.pl\/beethoven-sonaty-fortepianowe\/#breadcrumb","itemListElement":[{"@type":"ListItem","position":1,"name":"Strona g\u0142\u00f3wna","item":"https:\/\/www.amuz.krakow.pl\/"},{"@type":"ListItem","position":2,"name":"Beethoven \u2013 32 Sonaty fortepianowe"}]},{"@type":"WebSite","@id":"https:\/\/www.amuz.krakow.pl\/#website","url":"https:\/\/www.amuz.krakow.pl\/","name":"Akademia Muzyczna im. Krzysztofa Pendereckiego w Krakowie","description":"Oficjalna strona Akademii Muzycznej im. Krzysztofa Pendereckiego w Krakowie (AMKP).","publisher":{"@id":"https:\/\/www.amuz.krakow.pl\/#organization"},"alternateName":"AMKP","potentialAction":[{"@type":"SearchAction","target":{"@type":"EntryPoint","urlTemplate":"https:\/\/www.amuz.krakow.pl\/?s={search_term_string}"},"query-input":{"@type":"PropertyValueSpecification","valueRequired":true,"valueName":"search_term_string"}}],"inLanguage":"en-US"},{"@type":"Organization","@id":"https:\/\/www.amuz.krakow.pl\/#organization","name":"Akademia Muzyczna im. Krzysztofa Pendereckiego w Krakowie","alternateName":"AMKP","url":"https:\/\/www.amuz.krakow.pl\/","logo":{"@type":"ImageObject","inLanguage":"en-US","@id":"https:\/\/www.amuz.krakow.pl\/#\/schema\/logo\/image\/","url":"https:\/\/www.amuz.krakow.pl\/wp-content\/uploads\/2021\/11\/amkp.jpg","contentUrl":"https:\/\/www.amuz.krakow.pl\/wp-content\/uploads\/2021\/11\/amkp.jpg","width":1193,"height":591,"caption":"Akademia Muzyczna im. Krzysztofa Pendereckiego w Krakowie"},"image":{"@id":"https:\/\/www.amuz.krakow.pl\/#\/schema\/logo\/image\/"},"sameAs":["https:\/\/www.facebook.com\/amuz.krakow","https:\/\/www.instagram.com\/amkpenderecki\/","https:\/\/www.youtube.com\/@amkpenderecki4806"]}]}},"_links":{"self":[{"href":"https:\/\/www.amuz.krakow.pl\/en\/wp-json\/wp\/v2\/pages\/50311","targetHints":{"allow":["GET"]}}],"collection":[{"href":"https:\/\/www.amuz.krakow.pl\/en\/wp-json\/wp\/v2\/pages"}],"about":[{"href":"https:\/\/www.amuz.krakow.pl\/en\/wp-json\/wp\/v2\/types\/page"}],"author":[{"embeddable":true,"href":"https:\/\/www.amuz.krakow.pl\/en\/wp-json\/wp\/v2\/users\/70"}],"replies":[{"embeddable":true,"href":"https:\/\/www.amuz.krakow.pl\/en\/wp-json\/wp\/v2\/comments?post=50311"}],"version-history":[{"count":41,"href":"https:\/\/www.amuz.krakow.pl\/en\/wp-json\/wp\/v2\/pages\/50311\/revisions"}],"predecessor-version":[{"id":106831,"href":"https:\/\/www.amuz.krakow.pl\/en\/wp-json\/wp\/v2\/pages\/50311\/revisions\/106831"}],"wp:featuredmedia":[{"embeddable":true,"href":"https:\/\/www.amuz.krakow.pl\/en\/wp-json\/wp\/v2\/media\/42873"}],"wp:attachment":[{"href":"https:\/\/www.amuz.krakow.pl\/en\/wp-json\/wp\/v2\/media?parent=50311"}],"curies":[{"name":"wp","href":"https:\/\/api.w.org\/{rel}","templated":true}]}}