{"id":4932,"date":"2016-03-14T22:44:34","date_gmt":"2016-03-14T21:44:34","guid":{"rendered":"http:\/\/www.amuz.krakow.pl\/?page_id=4932"},"modified":"2026-03-17T13:15:57","modified_gmt":"2026-03-17T12:15:57","slug":"konstanze-eickhorst-fortepian","status":"publish","type":"page","link":"https:\/\/www.amuz.krakow.pl\/en\/letnia-akademia-muzyczna\/wykaz-kursow\/instrumenty-klawiszowe\/konstanze-eickhorst-fortepian\/","title":{"rendered":"Konstanze Eickhorst &#8211; piano"},"content":{"rendered":"<p><\/p>\n<p style=\"text-align: justify;\"><img loading=\"lazy\" decoding=\"async\" class=\"wp-image-4934 aligncenter\" src=\"http:\/\/www.amuz.krakow.pl\/wp-content\/uploads\/2016\/03\/09a.-Konstanze-Eickhorst.jpg\" alt=\"Konstanze Eickhorst\" width=\"325\" height=\"140\" srcset=\"https:\/\/www.amuz.krakow.pl\/wp-content\/uploads\/2016\/03\/09a.-Konstanze-Eickhorst.jpg 780w, https:\/\/www.amuz.krakow.pl\/wp-content\/uploads\/2016\/03\/09a.-Konstanze-Eickhorst-300x129.jpg 300w, https:\/\/www.amuz.krakow.pl\/wp-content\/uploads\/2016\/03\/09a.-Konstanze-Eickhorst-768x331.jpg 768w\" sizes=\"auto, (max-width: 325px) 100vw, 325px\" \/><\/p>\n<p style=\"text-align: justify;\">The pianist Konstanze Eickhorst is not a musician who is easily pigeonholed: she is a soloist, a chamber musician and a teacher. \u201cThese are the three pillars on which my musical life is built,\u201d she said in a recently broadcast interview. She was a pupil of Karl-Heinz K\u00e4mmerling in Hanover and Vlado Perlemuter in Paris. Joachim Kaiser has praised her not only for her \u201cimmaculate command of piano technique\u201d, but also for the \u201cintensity of expression\u201d that is her particular hallmark. The jury at the renowned Clara Haskil Competition thought so too, as did the jury of the G\u00e9za Anda Competition, at both of which she won first prize. She has also won prizes at the Toronto Bach Competition (in memoriam Glenn Gould) and at Belgium\u2019s Concours Reine Elisabeth. She appears at many leading international festivals, including Lucerne, Montreux, Salzburg, Ravinia (Chicago) and Berlin. She has also performed with the Bavarian Radio Symphony Orchestra, the Toronto Symphony, the Royal Philharmonic Orchestra, the Tonhalle Orchestra of Zurich and others, with conductors such as Christoph Eschenbach, Andrew Davis, Peter Schneider, Manfred Honeck and Ingo Metzmacher. She has been privileged to work in a solo capacity with S\u00e1ndor V\u00e9gh and Ferdinand Leitner. She is a member of the Linos Ensemble, which performs in combinations ranging from duo to nonet in concert halls throughout the world and has numerous awards and CD recordings to its credit. Her strong interest in merging music and literature led to close collaboration with the late actor Karl Michael Vogler. Since 2010 she has performed with the actor Johanna Gastdorf. Alongside her activities as a solo pianist, Konstanze Eickhorst sees it as her mission to transmit the fruit of her experience to the younger generation of pianists. She was one of the youngest professors in the story of German music-academies when, in 1989, she embarked on her successful teaching career at the Hochschule f\u00fcr Musik und Theater in Hanover. In 1998 the Musikhochschule L\u00fcbeck invited her to join its staff. Amongst her other activities Konstanze Eickhorst conducts master-classes for soloists and ensembles at the Acad\u00e9mie Internationale d\u2019\u00e9t\u00e9 and is a jury member at national and international competitions. She has chaired the European Piano Competition at Bremen since 2007 and is in addition a member of the artistic organising committee.<\/p>\n<p><\/p>","protected":false},"excerpt":{"rendered":"<p>The pianist Konstanze Eickhorst is not a musician who is easily pigeonholed: she is a soloist, a chamber musician and a teacher. \u201cThese are the three pillars on which my&hellip; <a href=\"https:\/\/www.amuz.krakow.pl\/en\/letnia-akademia-muzyczna\/wykaz-kursow\/instrumenty-klawiszowe\/konstanze-eickhorst-fortepian\/\">Continue reading<\/a><\/p>\n","protected":false},"author":72,"featured_media":4934,"parent":47050,"menu_order":0,"comment_status":"closed","ping_status":"closed","template":"","meta":{"footnotes":"","_links_to":"","_links_to_target":""},"class_list":["post-4932","page","type-page","status-publish","has-post-thumbnail","hentry"],"yoast_head":"<!-- This site is optimized with the Yoast SEO plugin v27.2 - https:\/\/yoast.com\/product\/yoast-seo-wordpress\/ -->\n<title>AMKP - Akademia Muzyczna im. Krzysztofa Pendereckiego w Krakowie<\/title>\n<meta name=\"robots\" content=\"index, follow, max-snippet:-1, max-image-preview:large, max-video-preview:-1\" \/>\n<link rel=\"canonical\" href=\"https:\/\/www.amuz.krakow.pl\/letnia-akademia-muzyczna\/wykaz-kursow\/instrumenty-klawiszowe\/konstanze-eickhorst-fortepian\/\" \/>\n<meta property=\"og:locale\" content=\"en_US\" \/>\n<meta property=\"og:type\" content=\"article\" \/>\n<meta property=\"og:title\" content=\"Konstanze Eickhorst - fortepian\" \/>\n<meta property=\"og:description\" content=\"Konstanze Eickhorst nie jest pianistk\u0105, kt\u00f3r\u0105 \u0142atwo zaszufladkowa\u0107. Aktywna zar\u00f3wno jako solistka, jak i kameralistka, prowadzi tak\u017ce dzia\u0142alno\u015b\u0107 pedagogiczn\u0105. W niedawno udzielonym wywiadzie podkre\u015bli\u0142a, \u017ce to w\u0142a\u015bnie na tych trzech filarach opiera si\u0119 jej \u017cycie muzyczne. Studiowa\u0142a u Karla-Heinza K\u00e4mmerlinga w Hanowerze i Vlado Perlemutera w Pary\u017cu, a swoje uznanie dla artystki wyrazi\u0142 tak\u017ce Joachim Kaiser, kt\u00f3ry doceni\u0142 jej \u201ebezb\u0142\u0119dne opanowanie techniki pianistycznej\u201d oraz \u201eintensywno\u015b\u0107 wyrazu\u201d \u2013 znak rozpoznawczy Eickhorst. Podobnego zdania byli jurorzy presti\u017cowych konkurs\u00f3w im. Clary Haskil i im. G\u00e9zy Andy, przyznaj\u0105c jej pierwsze nagrody. Pianistka jest ponadto laureatk\u0105 Konkursu Bachowskiego w Toronto (Glenn Gould in memoriam) i Konkursu Muzycznego Kr\u00f3lowej El\u017cbiety Belgijskiej. Pojawia si\u0119 na wielu mi\u0119dzynarodowych festiwalach, m.in. w Lucernie, Montreux, Salzburgu, Chicago (Ravinia Festival) i Berlinie. Wyst\u0119powa\u0142a z takim orkiestrami jak Orkiestra Symfoniczna Bawarskiego Radia, Orkiestra Symfoniczna Toronto, Royal Philharmonic Orchestra, czy Tonhalle Orchestra z Zurychu. W\u015br\u00f3d dyrygent\u00f3w z kt\u00f3rymi wsp\u00f3\u0142pracowa\u0142a znale\u017ali si\u0119 Christoph Eschenbach, Andrew Davis, Peter Schneider, Manfred Honeck i Ingo Metzmacher. Jako solistka mia\u0142a tak\u017ce zaszczyt wsp\u00f3\u0142pracowa\u0107 z S\u00e1ndorem V\u00e9ghem i Ferdinandem Leitnerem. Jest cz\u0142onkini\u0105 zespo\u0142u Linos Ensemble, wyst\u0119puj\u0105cego w r\u00f3\u017cnych sk\u0142adach, od duetu po nonet. Zesp\u00f3\u0142 koncertuje na ca\u0142ym \u015bwiecie, ma na swoim koncie liczne nagrody oraz nagrania p\u0142ytowe. Zainteresowanie artystki \u0142\u0105czeniem muzyki i literatury doprowadzi\u0142o do bliskiej wsp\u00f3\u0142pracy z nie \u017cyj\u0105cym ju\u017c aktorem Karlem Michaelem Voglerem. Od 2010 roku wyst\u0119puje z aktorem Johannem Gastdorfem. Poza prowadzeniem dzia\u0142alno\u015bci solowej, jest tak\u017ce aktywna jako pedagog, traktuj\u0105c dzielnie si\u0119 swoimi do\u015bwiadczeniami z m\u0142odszym pokoleniom pianist\u00f3w jako misj\u0119. Jako jeden z najm\u0142odszych wyk\u0142adowc\u00f3w w historii niemieckich akademii muzycznych, w 1989 roku rozpocz\u0119\u0142a pe\u0142n\u0105 sukces\u00f3w karier\u0119 pedagogiczn\u0105 w Hochschule f\u00fcr Musik und Theater w Hanowerze. W 1998 roku tak\u017ce Akademia Muzyczna w Lubece zaprosi\u0142a j\u0105, by do\u0142\u0105czy\u0142a do grona wyk\u0142adowc\u00f3w. Ponadto prowadzi kursy mistrzowskie dla solist\u00f3w i zespo\u0142\u00f3w w ramach Mi\u0119dzynarodowej Letniej Akademii w Nicei, zasiada tak\u017ce w jury mi\u0119dzynarodowych i narodowych konkurs\u00f3w. Od 2007 roku przewodniczy Europejskiemu Konkursowi Pianistycznemu w Bremie i jest cz\u0142onkiem komitetu organizacyjnego.\" \/>\n<meta property=\"og:url\" content=\"https:\/\/www.amuz.krakow.pl\/letnia-akademia-muzyczna\/wykaz-kursow\/instrumenty-klawiszowe\/konstanze-eickhorst-fortepian\/\" \/>\n<meta property=\"og:site_name\" content=\"Akademia Muzyczna im. Krzysztofa Pendereckiego w Krakowie\" \/>\n<meta property=\"article:publisher\" content=\"https:\/\/www.facebook.com\/amuz.krakow\" \/>\n<meta property=\"article:modified_time\" content=\"2026-03-17T12:15:57+00:00\" \/>\n<meta property=\"og:image\" content=\"https:\/\/www.amuz.krakow.pl\/wp-content\/uploads\/2016\/03\/09a.-Konstanze-Eickhorst.jpg\" \/>\n\t<meta property=\"og:image:width\" content=\"780\" \/>\n\t<meta property=\"og:image:height\" content=\"336\" \/>\n\t<meta property=\"og:image:type\" content=\"image\/jpeg\" \/>\n<meta name=\"twitter:card\" content=\"summary_large_image\" \/>\n<meta name=\"twitter:label1\" content=\"Est. reading time\" \/>\n\t<meta name=\"twitter:data1\" content=\"3 minutes\" \/>\n<script type=\"application\/ld+json\" class=\"yoast-schema-graph\">{\"@context\":\"https:\/\/schema.org\",\"@graph\":[{\"@type\":\"WebPage\",\"@id\":\"https:\/\/www.amuz.krakow.pl\/letnia-akademia-muzyczna\/wykaz-kursow\/instrumenty-klawiszowe\/konstanze-eickhorst-fortepian\/\",\"url\":\"https:\/\/www.amuz.krakow.pl\/letnia-akademia-muzyczna\/wykaz-kursow\/instrumenty-klawiszowe\/konstanze-eickhorst-fortepian\/\",\"name\":\"AMKP - Akademia Muzyczna im. Krzysztofa Pendereckiego w Krakowie\",\"isPartOf\":{\"@id\":\"https:\/\/www.amuz.krakow.pl\/#website\"},\"primaryImageOfPage\":{\"@id\":\"https:\/\/www.amuz.krakow.pl\/letnia-akademia-muzyczna\/wykaz-kursow\/instrumenty-klawiszowe\/konstanze-eickhorst-fortepian\/#primaryimage\"},\"image\":{\"@id\":\"https:\/\/www.amuz.krakow.pl\/letnia-akademia-muzyczna\/wykaz-kursow\/instrumenty-klawiszowe\/konstanze-eickhorst-fortepian\/#primaryimage\"},\"thumbnailUrl\":\"https:\/\/www.amuz.krakow.pl\/wp-content\/uploads\/2016\/03\/09a.-Konstanze-Eickhorst.jpg\",\"datePublished\":\"2016-03-14T21:44:34+00:00\",\"dateModified\":\"2026-03-17T12:15:57+00:00\",\"breadcrumb\":{\"@id\":\"https:\/\/www.amuz.krakow.pl\/letnia-akademia-muzyczna\/wykaz-kursow\/instrumenty-klawiszowe\/konstanze-eickhorst-fortepian\/#breadcrumb\"},\"inLanguage\":\"en-US\",\"potentialAction\":[{\"@type\":\"ReadAction\",\"target\":[\"https:\/\/www.amuz.krakow.pl\/letnia-akademia-muzyczna\/wykaz-kursow\/instrumenty-klawiszowe\/konstanze-eickhorst-fortepian\/\"]}]},{\"@type\":\"ImageObject\",\"inLanguage\":\"en-US\",\"@id\":\"https:\/\/www.amuz.krakow.pl\/letnia-akademia-muzyczna\/wykaz-kursow\/instrumenty-klawiszowe\/konstanze-eickhorst-fortepian\/#primaryimage\",\"url\":\"https:\/\/www.amuz.krakow.pl\/wp-content\/uploads\/2016\/03\/09a.-Konstanze-Eickhorst.jpg\",\"contentUrl\":\"https:\/\/www.amuz.krakow.pl\/wp-content\/uploads\/2016\/03\/09a.-Konstanze-Eickhorst.jpg\",\"width\":780,\"height\":336},{\"@type\":\"BreadcrumbList\",\"@id\":\"https:\/\/www.amuz.krakow.pl\/letnia-akademia-muzyczna\/wykaz-kursow\/instrumenty-klawiszowe\/konstanze-eickhorst-fortepian\/#breadcrumb\",\"itemListElement\":[{\"@type\":\"ListItem\",\"position\":1,\"name\":\"Strona g\u0142\u00f3wna\",\"item\":\"https:\/\/www.amuz.krakow.pl\/\"},{\"@type\":\"ListItem\",\"position\":2,\"name\":\"Letnia Akademia Muzyczna\",\"item\":\"https:\/\/www.amuz.krakow.pl\/letnia-akademia-muzyczna\/\"},{\"@type\":\"ListItem\",\"position\":3,\"name\":\"Wykaz kurs\u00f3w\",\"item\":\"https:\/\/www.amuz.krakow.pl\/letnia-akademia-muzyczna\/wykaz-kursow\/\"},{\"@type\":\"ListItem\",\"position\":4,\"name\":\"Instrumenty klawiszowe\",\"item\":\"https:\/\/www.amuz.krakow.pl\/letnia-akademia-muzyczna\/wykaz-kursow\/instrumenty-klawiszowe\/\"},{\"@type\":\"ListItem\",\"position\":5,\"name\":\"Konstanze Eickhorst &#8211; fortepian\"}]},{\"@type\":\"WebSite\",\"@id\":\"https:\/\/www.amuz.krakow.pl\/#website\",\"url\":\"https:\/\/www.amuz.krakow.pl\/\",\"name\":\"Akademia Muzyczna im. Krzysztofa Pendereckiego w Krakowie\",\"description\":\"Oficjalna strona Akademii Muzycznej im. Krzysztofa Pendereckiego w Krakowie (AMKP).\",\"publisher\":{\"@id\":\"https:\/\/www.amuz.krakow.pl\/#organization\"},\"alternateName\":\"AMKP\",\"potentialAction\":[{\"@type\":\"SearchAction\",\"target\":{\"@type\":\"EntryPoint\",\"urlTemplate\":\"https:\/\/www.amuz.krakow.pl\/?s={search_term_string}\"},\"query-input\":{\"@type\":\"PropertyValueSpecification\",\"valueRequired\":true,\"valueName\":\"search_term_string\"}}],\"inLanguage\":\"en-US\"},{\"@type\":\"Organization\",\"@id\":\"https:\/\/www.amuz.krakow.pl\/#organization\",\"name\":\"Akademia Muzyczna im. Krzysztofa Pendereckiego w Krakowie\",\"alternateName\":\"AMKP\",\"url\":\"https:\/\/www.amuz.krakow.pl\/\",\"logo\":{\"@type\":\"ImageObject\",\"inLanguage\":\"en-US\",\"@id\":\"https:\/\/www.amuz.krakow.pl\/#\/schema\/logo\/image\/\",\"url\":\"https:\/\/www.amuz.krakow.pl\/wp-content\/uploads\/2021\/11\/amkp.jpg\",\"contentUrl\":\"https:\/\/www.amuz.krakow.pl\/wp-content\/uploads\/2021\/11\/amkp.jpg\",\"width\":1193,\"height\":591,\"caption\":\"Akademia Muzyczna im. Krzysztofa Pendereckiego w Krakowie\"},\"image\":{\"@id\":\"https:\/\/www.amuz.krakow.pl\/#\/schema\/logo\/image\/\"},\"sameAs\":[\"https:\/\/www.facebook.com\/amuz.krakow\",\"https:\/\/www.instagram.com\/amkpenderecki\/\",\"https:\/\/www.youtube.com\/@amkpenderecki4806\"]}]}<\/script>\n<!-- \/ Yoast SEO plugin. -->","yoast_head_json":{"title":"AMKP - Akademia Muzyczna im. Krzysztofa Pendereckiego w Krakowie","robots":{"index":"index","follow":"follow","max-snippet":"max-snippet:-1","max-image-preview":"max-image-preview:large","max-video-preview":"max-video-preview:-1"},"canonical":"https:\/\/www.amuz.krakow.pl\/letnia-akademia-muzyczna\/wykaz-kursow\/instrumenty-klawiszowe\/konstanze-eickhorst-fortepian\/","og_locale":"en_US","og_type":"article","og_title":"Konstanze Eickhorst - fortepian","og_description":"Konstanze Eickhorst nie jest pianistk\u0105, kt\u00f3r\u0105 \u0142atwo zaszufladkowa\u0107. Aktywna zar\u00f3wno jako solistka, jak i kameralistka, prowadzi tak\u017ce dzia\u0142alno\u015b\u0107 pedagogiczn\u0105. W niedawno udzielonym wywiadzie podkre\u015bli\u0142a, \u017ce to w\u0142a\u015bnie na tych trzech filarach opiera si\u0119 jej \u017cycie muzyczne. Studiowa\u0142a u Karla-Heinza K\u00e4mmerlinga w Hanowerze i Vlado Perlemutera w Pary\u017cu, a swoje uznanie dla artystki wyrazi\u0142 tak\u017ce Joachim Kaiser, kt\u00f3ry doceni\u0142 jej \u201ebezb\u0142\u0119dne opanowanie techniki pianistycznej\u201d oraz \u201eintensywno\u015b\u0107 wyrazu\u201d \u2013 znak rozpoznawczy Eickhorst. Podobnego zdania byli jurorzy presti\u017cowych konkurs\u00f3w im. Clary Haskil i im. G\u00e9zy Andy, przyznaj\u0105c jej pierwsze nagrody. Pianistka jest ponadto laureatk\u0105 Konkursu Bachowskiego w Toronto (Glenn Gould in memoriam) i Konkursu Muzycznego Kr\u00f3lowej El\u017cbiety Belgijskiej. Pojawia si\u0119 na wielu mi\u0119dzynarodowych festiwalach, m.in. w Lucernie, Montreux, Salzburgu, Chicago (Ravinia Festival) i Berlinie. Wyst\u0119powa\u0142a z takim orkiestrami jak Orkiestra Symfoniczna Bawarskiego Radia, Orkiestra Symfoniczna Toronto, Royal Philharmonic Orchestra, czy Tonhalle Orchestra z Zurychu. W\u015br\u00f3d dyrygent\u00f3w z kt\u00f3rymi wsp\u00f3\u0142pracowa\u0142a znale\u017ali si\u0119 Christoph Eschenbach, Andrew Davis, Peter Schneider, Manfred Honeck i Ingo Metzmacher. Jako solistka mia\u0142a tak\u017ce zaszczyt wsp\u00f3\u0142pracowa\u0107 z S\u00e1ndorem V\u00e9ghem i Ferdinandem Leitnerem. Jest cz\u0142onkini\u0105 zespo\u0142u Linos Ensemble, wyst\u0119puj\u0105cego w r\u00f3\u017cnych sk\u0142adach, od duetu po nonet. Zesp\u00f3\u0142 koncertuje na ca\u0142ym \u015bwiecie, ma na swoim koncie liczne nagrody oraz nagrania p\u0142ytowe. Zainteresowanie artystki \u0142\u0105czeniem muzyki i literatury doprowadzi\u0142o do bliskiej wsp\u00f3\u0142pracy z nie \u017cyj\u0105cym ju\u017c aktorem Karlem Michaelem Voglerem. Od 2010 roku wyst\u0119puje z aktorem Johannem Gastdorfem. Poza prowadzeniem dzia\u0142alno\u015bci solowej, jest tak\u017ce aktywna jako pedagog, traktuj\u0105c dzielnie si\u0119 swoimi do\u015bwiadczeniami z m\u0142odszym pokoleniom pianist\u00f3w jako misj\u0119. Jako jeden z najm\u0142odszych wyk\u0142adowc\u00f3w w historii niemieckich akademii muzycznych, w 1989 roku rozpocz\u0119\u0142a pe\u0142n\u0105 sukces\u00f3w karier\u0119 pedagogiczn\u0105 w Hochschule f\u00fcr Musik und Theater w Hanowerze. W 1998 roku tak\u017ce Akademia Muzyczna w Lubece zaprosi\u0142a j\u0105, by do\u0142\u0105czy\u0142a do grona wyk\u0142adowc\u00f3w. Ponadto prowadzi kursy mistrzowskie dla solist\u00f3w i zespo\u0142\u00f3w w ramach Mi\u0119dzynarodowej Letniej Akademii w Nicei, zasiada tak\u017ce w jury mi\u0119dzynarodowych i narodowych konkurs\u00f3w. Od 2007 roku przewodniczy Europejskiemu Konkursowi Pianistycznemu w Bremie i jest cz\u0142onkiem komitetu organizacyjnego.","og_url":"https:\/\/www.amuz.krakow.pl\/letnia-akademia-muzyczna\/wykaz-kursow\/instrumenty-klawiszowe\/konstanze-eickhorst-fortepian\/","og_site_name":"Akademia Muzyczna im. Krzysztofa Pendereckiego w Krakowie","article_publisher":"https:\/\/www.facebook.com\/amuz.krakow","article_modified_time":"2026-03-17T12:15:57+00:00","og_image":[{"width":780,"height":336,"url":"https:\/\/www.amuz.krakow.pl\/wp-content\/uploads\/2016\/03\/09a.-Konstanze-Eickhorst.jpg","type":"image\/jpeg"}],"twitter_card":"summary_large_image","twitter_misc":{"Est. reading time":"3 minutes"},"schema":{"@context":"https:\/\/schema.org","@graph":[{"@type":"WebPage","@id":"https:\/\/www.amuz.krakow.pl\/letnia-akademia-muzyczna\/wykaz-kursow\/instrumenty-klawiszowe\/konstanze-eickhorst-fortepian\/","url":"https:\/\/www.amuz.krakow.pl\/letnia-akademia-muzyczna\/wykaz-kursow\/instrumenty-klawiszowe\/konstanze-eickhorst-fortepian\/","name":"AMKP - Akademia Muzyczna im. Krzysztofa Pendereckiego w Krakowie","isPartOf":{"@id":"https:\/\/www.amuz.krakow.pl\/#website"},"primaryImageOfPage":{"@id":"https:\/\/www.amuz.krakow.pl\/letnia-akademia-muzyczna\/wykaz-kursow\/instrumenty-klawiszowe\/konstanze-eickhorst-fortepian\/#primaryimage"},"image":{"@id":"https:\/\/www.amuz.krakow.pl\/letnia-akademia-muzyczna\/wykaz-kursow\/instrumenty-klawiszowe\/konstanze-eickhorst-fortepian\/#primaryimage"},"thumbnailUrl":"https:\/\/www.amuz.krakow.pl\/wp-content\/uploads\/2016\/03\/09a.-Konstanze-Eickhorst.jpg","datePublished":"2016-03-14T21:44:34+00:00","dateModified":"2026-03-17T12:15:57+00:00","breadcrumb":{"@id":"https:\/\/www.amuz.krakow.pl\/letnia-akademia-muzyczna\/wykaz-kursow\/instrumenty-klawiszowe\/konstanze-eickhorst-fortepian\/#breadcrumb"},"inLanguage":"en-US","potentialAction":[{"@type":"ReadAction","target":["https:\/\/www.amuz.krakow.pl\/letnia-akademia-muzyczna\/wykaz-kursow\/instrumenty-klawiszowe\/konstanze-eickhorst-fortepian\/"]}]},{"@type":"ImageObject","inLanguage":"en-US","@id":"https:\/\/www.amuz.krakow.pl\/letnia-akademia-muzyczna\/wykaz-kursow\/instrumenty-klawiszowe\/konstanze-eickhorst-fortepian\/#primaryimage","url":"https:\/\/www.amuz.krakow.pl\/wp-content\/uploads\/2016\/03\/09a.-Konstanze-Eickhorst.jpg","contentUrl":"https:\/\/www.amuz.krakow.pl\/wp-content\/uploads\/2016\/03\/09a.-Konstanze-Eickhorst.jpg","width":780,"height":336},{"@type":"BreadcrumbList","@id":"https:\/\/www.amuz.krakow.pl\/letnia-akademia-muzyczna\/wykaz-kursow\/instrumenty-klawiszowe\/konstanze-eickhorst-fortepian\/#breadcrumb","itemListElement":[{"@type":"ListItem","position":1,"name":"Strona g\u0142\u00f3wna","item":"https:\/\/www.amuz.krakow.pl\/"},{"@type":"ListItem","position":2,"name":"Letnia Akademia Muzyczna","item":"https:\/\/www.amuz.krakow.pl\/letnia-akademia-muzyczna\/"},{"@type":"ListItem","position":3,"name":"Wykaz kurs\u00f3w","item":"https:\/\/www.amuz.krakow.pl\/letnia-akademia-muzyczna\/wykaz-kursow\/"},{"@type":"ListItem","position":4,"name":"Instrumenty klawiszowe","item":"https:\/\/www.amuz.krakow.pl\/letnia-akademia-muzyczna\/wykaz-kursow\/instrumenty-klawiszowe\/"},{"@type":"ListItem","position":5,"name":"Konstanze Eickhorst &#8211; fortepian"}]},{"@type":"WebSite","@id":"https:\/\/www.amuz.krakow.pl\/#website","url":"https:\/\/www.amuz.krakow.pl\/","name":"Akademia Muzyczna im. Krzysztofa Pendereckiego w Krakowie","description":"Oficjalna strona Akademii Muzycznej im. Krzysztofa Pendereckiego w Krakowie (AMKP).","publisher":{"@id":"https:\/\/www.amuz.krakow.pl\/#organization"},"alternateName":"AMKP","potentialAction":[{"@type":"SearchAction","target":{"@type":"EntryPoint","urlTemplate":"https:\/\/www.amuz.krakow.pl\/?s={search_term_string}"},"query-input":{"@type":"PropertyValueSpecification","valueRequired":true,"valueName":"search_term_string"}}],"inLanguage":"en-US"},{"@type":"Organization","@id":"https:\/\/www.amuz.krakow.pl\/#organization","name":"Akademia Muzyczna im. Krzysztofa Pendereckiego w Krakowie","alternateName":"AMKP","url":"https:\/\/www.amuz.krakow.pl\/","logo":{"@type":"ImageObject","inLanguage":"en-US","@id":"https:\/\/www.amuz.krakow.pl\/#\/schema\/logo\/image\/","url":"https:\/\/www.amuz.krakow.pl\/wp-content\/uploads\/2021\/11\/amkp.jpg","contentUrl":"https:\/\/www.amuz.krakow.pl\/wp-content\/uploads\/2021\/11\/amkp.jpg","width":1193,"height":591,"caption":"Akademia Muzyczna im. Krzysztofa Pendereckiego w Krakowie"},"image":{"@id":"https:\/\/www.amuz.krakow.pl\/#\/schema\/logo\/image\/"},"sameAs":["https:\/\/www.facebook.com\/amuz.krakow","https:\/\/www.instagram.com\/amkpenderecki\/","https:\/\/www.youtube.com\/@amkpenderecki4806"]}]}},"_links":{"self":[{"href":"https:\/\/www.amuz.krakow.pl\/en\/wp-json\/wp\/v2\/pages\/4932","targetHints":{"allow":["GET"]}}],"collection":[{"href":"https:\/\/www.amuz.krakow.pl\/en\/wp-json\/wp\/v2\/pages"}],"about":[{"href":"https:\/\/www.amuz.krakow.pl\/en\/wp-json\/wp\/v2\/types\/page"}],"author":[{"embeddable":true,"href":"https:\/\/www.amuz.krakow.pl\/en\/wp-json\/wp\/v2\/users\/72"}],"replies":[{"embeddable":true,"href":"https:\/\/www.amuz.krakow.pl\/en\/wp-json\/wp\/v2\/comments?post=4932"}],"version-history":[{"count":7,"href":"https:\/\/www.amuz.krakow.pl\/en\/wp-json\/wp\/v2\/pages\/4932\/revisions"}],"predecessor-version":[{"id":84087,"href":"https:\/\/www.amuz.krakow.pl\/en\/wp-json\/wp\/v2\/pages\/4932\/revisions\/84087"}],"up":[{"embeddable":true,"href":"https:\/\/www.amuz.krakow.pl\/en\/wp-json\/wp\/v2\/pages\/47050"}],"wp:featuredmedia":[{"embeddable":true,"href":"https:\/\/www.amuz.krakow.pl\/en\/wp-json\/wp\/v2\/media\/4934"}],"wp:attachment":[{"href":"https:\/\/www.amuz.krakow.pl\/en\/wp-json\/wp\/v2\/media?parent=4932"}],"curies":[{"name":"wp","href":"https:\/\/api.w.org\/{rel}","templated":true}]}}