{"id":49136,"date":"2021-04-21T10:37:07","date_gmt":"2021-04-21T08:37:07","guid":{"rendered":"https:\/\/www.amuz.krakow.pl\/?page_id=49136"},"modified":"2025-11-21T13:08:47","modified_gmt":"2025-11-21T12:08:47","slug":"sprzedaz-skladnikow-majatku-trwalego","status":"publish","type":"page","link":"https:\/\/www.amuz.krakow.pl\/en\/sprzedaz-skladnikow-majatku-trwalego\/","title":{"rendered":"Sale of tangible assets"},"content":{"rendered":"<p><strong><span style=\"font-size: 12pt;\">Current offers<\/span><\/strong><\/p>\n<ul>\n<li>25.04.2025<br \/>\nInstrument: marimba Yamaha 3<br \/>\n<a href=\"https:\/\/www.amuz.krakow.pl\/wp-content\/uploads\/doc\/Zaproszenie-do-skladania-ofert-_marimba.pdf\">Invitation to tender _marimba<\/a><br \/>\n<a href=\"https:\/\/www.amuz.krakow.pl\/wp-content\/uploads\/doc\/MARIMBA-YAMAHA-3-1.pdf\">Description of the instrument: MARIMBA YAMAHA 3<\/a><\/li>\n<\/ul>\n<p>&nbsp;<\/p>\n<hr \/>\n<p><span style=\"font-size: 12pt;\"><div class='yrm-content yrm-content-1 yrm-content-hide  ' id='yrm-pgKYl' data-id='1' data-show-status='false' data-after-action='' style=\"visibility: hidden;height: 0;\">\n\t\t\t<div id='yrm-inner-content-yrm-pgKYl' class='yrm-inner-content-wrapper yrm-cntent-1'><\/span><\/p>\n<h6>Archival offers<\/h6>\n<ul>\n<li>Instruments: grand pianos, pianos, harmonium (impossible to buy separately)<br \/>\n<a href=\"https:\/\/www.amuz.krakow.pl\/wp-content\/uploads\/doc\/zaproszenie-do-skladania-ofert-2.pdf\">Invitation to tender<\/a><br \/>\n<a href=\"https:\/\/www.amuz.krakow.pl\/wp-content\/uploads\/doc\/Opis-instrumentow-1.pdf\">Description of the instruments<\/a><\/li>\n<li>Sprzeda\u017c instrument\u00f3w<br \/>\n<a href=\"https:\/\/www.amuz.krakow.pl\/wp-content\/uploads\/doc\/Zaproszenie-do-skladania-ofert-3.pdf\">Zaproszenie do sk\u0142adania ofert<\/a><br \/>\n<a href=\"https:\/\/www.amuz.krakow.pl\/wp-content\/uploads\/doc\/Opis-instrumentow.pdf\">Opis instrument\u00f3w<\/a><\/li>\n<li>Sprzeda\u017c instrument\u00f3w &#8211; marimba<br \/>\n<a href=\"https:\/\/www.amuz.krakow.pl\/wp-content\/uploads\/doc\/zaproszenie-do-skladania-ofert-1.pdf\">Zaproszenie do sk\u0142adania ofert<\/a><br \/>\n<a href=\"https:\/\/www.amuz.krakow.pl\/wp-content\/uploads\/doc\/MARIMBA-YAMAHA-3.pdf\">MARIMBA YAMAHA 3<\/a><\/li>\n<li>Car Dacia Sandero<br \/>\n<a href=\"https:\/\/www.amuz.krakow.pl\/wp-content\/uploads\/doc\/zaproszenie-do-skladania-ofert.pdf\">Zaproszenie do sk\u0142adania ofert<\/a><br \/>\n<a href=\"https:\/\/www.amuz.krakow.pl\/wp-content\/uploads\/doc\/Zal.-nr-1-Dacia-Sandero-opis.pdf\">Za\u0142. nr 1 Dacia Sandero &#8211; opis<\/a><\/li>\n<li>Grand pianos<br \/>\n<a href=\"https:\/\/www.amuz.krakow.pl\/wp-content\/uploads\/doc\/Zaproszenie-do-skladania-ofert.pdf\">Zaproszenie do sk\u0142adania ofert (post\u0119powanie powt\u00f3rne)<\/a><br \/>\n<a href=\"https:\/\/www.amuz.krakow.pl\/wp-content\/uploads\/doc\/stan-tech.-fortepian-Offberg-155-27.03.23.pdf\">Stan techniczny &#8211; fortepian Offberg 155 27.03.23<\/a><br \/>\n<a href=\"https:\/\/www.amuz.krakow.pl\/wp-content\/uploads\/doc\/stan-tech.-fortepian-Forster-175-27.03.2023.pdf\">Stan techniczny &#8211; fortepian Forster 175 27.03.2023<\/a><br \/>\n<a href=\"https:\/\/www.amuz.krakow.pl\/wp-content\/uploads\/doc\/stan-tech.-fortepian-Balthur-155-27.03.23.pdf\">Stan techniczny &#8211; fortepian Balthur 155 27.03.23<\/a><\/li>\n<\/ul>\n<ul style=\"list-style-type: square;\">\n<li>Sprzeda\u017c fortepianu Steinway&amp;Sons Hamburg, Model &#8220;D&#8221;, 1959<br \/>\n<a href=\"https:\/\/www.amuz.krakow.pl\/wp-content\/uploads\/2022\/09\/Application12022-9-120002.pdf\">Zaproszenie do sk\u0142adania ofert<\/a><br \/>\n<a href=\"https:\/\/www.amuz.krakow.pl\/wp-content\/uploads\/2022\/09\/Application22022-9-120004.pdf\">Opis techniczny instrumentu<\/a><\/li>\n<li>Sprzeda\u017c instrument\u00f3w (tr\u0105bki, flety, alt\u00f3wki, lutnia, puzony, klarnety, akordeony klawiszowe i guzikowe, saksofony)<br \/>\n<a href=\"https:\/\/www.amuz.krakow.pl\/wp-content\/uploads\/2022\/07\/Application12022-7-280001.pdf\">Zaproszenie do sk\u0142adania ofert<\/a><\/li>\n<li>Sprzeda\u017c fortepianu Steinway&amp;Sons Hamburg, Model &#8220;D&#8221;, 1926<br \/>\n<a href=\"https:\/\/www.amuz.krakow.pl\/wp-content\/uploads\/2022\/07\/Zaproszenie-do-skladania-ofert.pdf\">Zaproszenie do sk\u0142adania ofert<\/a><br \/>\n<a href=\"https:\/\/www.amuz.krakow.pl\/wp-content\/uploads\/doc\/Opis-i-zdjecia-instrumentu.pdf\">Opis i zdj\u0119cia instrumentu<\/a><br \/>\n<a href=\"https:\/\/www.amuz.krakow.pl\/wp-content\/uploads\/2022\/07\/Opis-techniczny-instrumentu.pdf\">Opis techniczny instrumentu<\/a><\/li>\n<li><a href=\"https:\/\/www.amuz.krakow.pl\/sprzedaz-skladnikow-majatku-trwalego\/sprzedaz-instrumentow-08-09-2021\/\" rel=\"attachment wp-att-52916\">Sprzeda\u017c instrument\u00f3w (pianino Hofberg, fortepian Forster, fortepian Petrof, fortepian Bluthner)<\/a><br \/>\n<a href=\"https:\/\/www.amuz.krakow.pl\/sprzedaz-skladnikow-majatku-trwalego\/ocena-techniczna-08-09-2021\/\" rel=\"attachment wp-att-52917\">Ocena techniczna<\/a><\/li>\n<\/ul>\n<ul style=\"list-style-type: square;\">\n<li><a href=\"https:\/\/www.amuz.krakow.pl\/sprzedaz-skladnikow-majatku-trwalego\/application12021-7-120001\/\" rel=\"attachment wp-att-52379\">Sprzeda\u017c fortepian\u00f3w<\/a><\/li>\n<\/ul>\n<ul style=\"list-style-type: square;\">\n<li><a href=\"https:\/\/www.amuz.krakow.pl\/sprzedaz-skladnikow-majatku-trwalego\/sprzedaz-instrumentow-2\/\" rel=\"attachment wp-att-49842\">Sprzeda\u017c instrument\u00f3w<\/a><br \/>\n<a href=\"https:\/\/www.amuz.krakow.pl\/sprzedaz-skladnikow-majatku-trwalego\/ocena-techniczna-instrumentow\/\" rel=\"attachment wp-att-49146\">Ocena techniczna instrument\u00f3w<\/a><span style=\"font-size: 12pt;\"><\/div>\n\t\t<\/div><div class='yrm-btn-wrapper yrm-btn-wrapper-1 yrm-more-button-wrapper  '\n\t\tdata-custom-more-class-name='' data-custom-less-class-name=''><span title='' data-less-title='' data-more-title='' class='yrm-toggle-expand  yrm-toggle-expand-1 yrm-button-auto-mode' data-rel='yrm-pgKYl' data-more='Archival offers' data-less='Hide'><span class='yrm-text-wrapper '><span class=\"yrm-button-text-1 yrm-button-text-span\">Archival offers<\/span><\/span><\/span><\/div><\/span><\/li>\n<\/ul>\n<p>&nbsp;<\/p>","protected":false},"excerpt":{"rendered":"<p>Current offers 25.04.2025 Instrument: marimba Yamaha 3 Invitation to tender _marimba Description of the instrument: MARIMBA YAMAHA 3 &nbsp; &nbsp;<\/p>\n","protected":false},"author":1,"featured_media":0,"parent":0,"menu_order":0,"comment_status":"closed","ping_status":"closed","template":"","meta":{"footnotes":"","_links_to":"","_links_to_target":""},"class_list":["post-49136","page","type-page","status-publish","hentry"],"yoast_head":"<!-- This site is optimized with the Yoast SEO plugin v27.2 - https:\/\/yoast.com\/product\/yoast-seo-wordpress\/ -->\n<title>AMKP - Akademia Muzyczna im. Krzysztofa Pendereckiego w Krakowie<\/title>\n<meta name=\"robots\" content=\"index, follow, max-snippet:-1, max-image-preview:large, max-video-preview:-1\" \/>\n<link rel=\"canonical\" href=\"https:\/\/www.amuz.krakow.pl\/sprzedaz-skladnikow-majatku-trwalego\/\" \/>\n<meta property=\"og:locale\" content=\"en_US\" \/>\n<meta property=\"og:type\" content=\"article\" \/>\n<meta property=\"og:title\" content=\"AMKP - Akademia Muzyczna im. Krzysztofa Pendereckiego w Krakowie\" \/>\n<meta property=\"og:description\" content=\"Current offers 25.04.2025 Instrument: marimba Yamaha 3 Invitation to tender _marimba Description of the instrument: MARIMBA YAMAHA 3 &nbsp; &nbsp;\" \/>\n<meta property=\"og:url\" content=\"https:\/\/www.amuz.krakow.pl\/sprzedaz-skladnikow-majatku-trwalego\/\" \/>\n<meta property=\"og:site_name\" content=\"Akademia Muzyczna im. Krzysztofa Pendereckiego w Krakowie\" \/>\n<meta property=\"article:publisher\" content=\"https:\/\/www.facebook.com\/amuz.krakow\" \/>\n<meta property=\"article:modified_time\" content=\"2025-11-21T12:08:47+00:00\" \/>\n<meta property=\"og:image\" content=\"https:\/\/www.amuz.krakow.pl\/wp-content\/uploads\/2021\/11\/amkp.jpg\" \/>\n\t<meta property=\"og:image:width\" content=\"1193\" \/>\n\t<meta property=\"og:image:height\" content=\"591\" \/>\n\t<meta property=\"og:image:type\" content=\"image\/jpeg\" \/>\n<meta name=\"twitter:card\" content=\"summary_large_image\" \/>\n<meta name=\"twitter:label1\" content=\"Est. reading time\" \/>\n\t<meta name=\"twitter:data1\" content=\"2 minutes\" \/>\n<script type=\"application\/ld+json\" class=\"yoast-schema-graph\">{\"@context\":\"https:\/\/schema.org\",\"@graph\":[{\"@type\":\"WebPage\",\"@id\":\"https:\/\/www.amuz.krakow.pl\/sprzedaz-skladnikow-majatku-trwalego\/\",\"url\":\"https:\/\/www.amuz.krakow.pl\/sprzedaz-skladnikow-majatku-trwalego\/\",\"name\":\"AMKP - Akademia Muzyczna im. Krzysztofa Pendereckiego w Krakowie\",\"isPartOf\":{\"@id\":\"https:\/\/www.amuz.krakow.pl\/#website\"},\"datePublished\":\"2021-04-21T08:37:07+00:00\",\"dateModified\":\"2025-11-21T12:08:47+00:00\",\"breadcrumb\":{\"@id\":\"https:\/\/www.amuz.krakow.pl\/sprzedaz-skladnikow-majatku-trwalego\/#breadcrumb\"},\"inLanguage\":\"en-US\",\"potentialAction\":[{\"@type\":\"ReadAction\",\"target\":[\"https:\/\/www.amuz.krakow.pl\/sprzedaz-skladnikow-majatku-trwalego\/\"]}]},{\"@type\":\"BreadcrumbList\",\"@id\":\"https:\/\/www.amuz.krakow.pl\/sprzedaz-skladnikow-majatku-trwalego\/#breadcrumb\",\"itemListElement\":[{\"@type\":\"ListItem\",\"position\":1,\"name\":\"Strona g\u0142\u00f3wna\",\"item\":\"https:\/\/www.amuz.krakow.pl\/\"},{\"@type\":\"ListItem\",\"position\":2,\"name\":\"Sprzeda\u017c sk\u0142adnik\u00f3w maj\u0105tku trwa\u0142ego\"}]},{\"@type\":\"WebSite\",\"@id\":\"https:\/\/www.amuz.krakow.pl\/#website\",\"url\":\"https:\/\/www.amuz.krakow.pl\/\",\"name\":\"Akademia Muzyczna im. Krzysztofa Pendereckiego w Krakowie\",\"description\":\"Oficjalna strona Akademii Muzycznej im. Krzysztofa Pendereckiego w Krakowie (AMKP).\",\"publisher\":{\"@id\":\"https:\/\/www.amuz.krakow.pl\/#organization\"},\"alternateName\":\"AMKP\",\"potentialAction\":[{\"@type\":\"SearchAction\",\"target\":{\"@type\":\"EntryPoint\",\"urlTemplate\":\"https:\/\/www.amuz.krakow.pl\/?s={search_term_string}\"},\"query-input\":{\"@type\":\"PropertyValueSpecification\",\"valueRequired\":true,\"valueName\":\"search_term_string\"}}],\"inLanguage\":\"en-US\"},{\"@type\":\"Organization\",\"@id\":\"https:\/\/www.amuz.krakow.pl\/#organization\",\"name\":\"Akademia Muzyczna im. Krzysztofa Pendereckiego w Krakowie\",\"alternateName\":\"AMKP\",\"url\":\"https:\/\/www.amuz.krakow.pl\/\",\"logo\":{\"@type\":\"ImageObject\",\"inLanguage\":\"en-US\",\"@id\":\"https:\/\/www.amuz.krakow.pl\/#\/schema\/logo\/image\/\",\"url\":\"https:\/\/www.amuz.krakow.pl\/wp-content\/uploads\/2021\/11\/amkp.jpg\",\"contentUrl\":\"https:\/\/www.amuz.krakow.pl\/wp-content\/uploads\/2021\/11\/amkp.jpg\",\"width\":1193,\"height\":591,\"caption\":\"Akademia Muzyczna im. Krzysztofa Pendereckiego w Krakowie\"},\"image\":{\"@id\":\"https:\/\/www.amuz.krakow.pl\/#\/schema\/logo\/image\/\"},\"sameAs\":[\"https:\/\/www.facebook.com\/amuz.krakow\",\"https:\/\/www.instagram.com\/amkpenderecki\/\",\"https:\/\/www.youtube.com\/@amkpenderecki4806\"]}]}<\/script>\n<!-- \/ Yoast SEO plugin. -->","yoast_head_json":{"title":"AMKP - Akademia Muzyczna im. Krzysztofa Pendereckiego w Krakowie","robots":{"index":"index","follow":"follow","max-snippet":"max-snippet:-1","max-image-preview":"max-image-preview:large","max-video-preview":"max-video-preview:-1"},"canonical":"https:\/\/www.amuz.krakow.pl\/sprzedaz-skladnikow-majatku-trwalego\/","og_locale":"en_US","og_type":"article","og_title":"AMKP - Akademia Muzyczna im. Krzysztofa Pendereckiego w Krakowie","og_description":"Current offers 25.04.2025 Instrument: marimba Yamaha 3 Invitation to tender _marimba Description of the instrument: MARIMBA YAMAHA 3 &nbsp; &nbsp;","og_url":"https:\/\/www.amuz.krakow.pl\/sprzedaz-skladnikow-majatku-trwalego\/","og_site_name":"Akademia Muzyczna im. Krzysztofa Pendereckiego w Krakowie","article_publisher":"https:\/\/www.facebook.com\/amuz.krakow","article_modified_time":"2025-11-21T12:08:47+00:00","og_image":[{"width":1193,"height":591,"url":"https:\/\/www.amuz.krakow.pl\/wp-content\/uploads\/2021\/11\/amkp.jpg","type":"image\/jpeg"}],"twitter_card":"summary_large_image","twitter_misc":{"Est. reading time":"2 minutes"},"schema":{"@context":"https:\/\/schema.org","@graph":[{"@type":"WebPage","@id":"https:\/\/www.amuz.krakow.pl\/sprzedaz-skladnikow-majatku-trwalego\/","url":"https:\/\/www.amuz.krakow.pl\/sprzedaz-skladnikow-majatku-trwalego\/","name":"AMKP - Akademia Muzyczna im. Krzysztofa Pendereckiego w Krakowie","isPartOf":{"@id":"https:\/\/www.amuz.krakow.pl\/#website"},"datePublished":"2021-04-21T08:37:07+00:00","dateModified":"2025-11-21T12:08:47+00:00","breadcrumb":{"@id":"https:\/\/www.amuz.krakow.pl\/sprzedaz-skladnikow-majatku-trwalego\/#breadcrumb"},"inLanguage":"en-US","potentialAction":[{"@type":"ReadAction","target":["https:\/\/www.amuz.krakow.pl\/sprzedaz-skladnikow-majatku-trwalego\/"]}]},{"@type":"BreadcrumbList","@id":"https:\/\/www.amuz.krakow.pl\/sprzedaz-skladnikow-majatku-trwalego\/#breadcrumb","itemListElement":[{"@type":"ListItem","position":1,"name":"Strona g\u0142\u00f3wna","item":"https:\/\/www.amuz.krakow.pl\/"},{"@type":"ListItem","position":2,"name":"Sprzeda\u017c sk\u0142adnik\u00f3w maj\u0105tku trwa\u0142ego"}]},{"@type":"WebSite","@id":"https:\/\/www.amuz.krakow.pl\/#website","url":"https:\/\/www.amuz.krakow.pl\/","name":"Akademia Muzyczna im. Krzysztofa Pendereckiego w Krakowie","description":"Oficjalna strona Akademii Muzycznej im. Krzysztofa Pendereckiego w Krakowie (AMKP).","publisher":{"@id":"https:\/\/www.amuz.krakow.pl\/#organization"},"alternateName":"AMKP","potentialAction":[{"@type":"SearchAction","target":{"@type":"EntryPoint","urlTemplate":"https:\/\/www.amuz.krakow.pl\/?s={search_term_string}"},"query-input":{"@type":"PropertyValueSpecification","valueRequired":true,"valueName":"search_term_string"}}],"inLanguage":"en-US"},{"@type":"Organization","@id":"https:\/\/www.amuz.krakow.pl\/#organization","name":"Akademia Muzyczna im. Krzysztofa Pendereckiego w Krakowie","alternateName":"AMKP","url":"https:\/\/www.amuz.krakow.pl\/","logo":{"@type":"ImageObject","inLanguage":"en-US","@id":"https:\/\/www.amuz.krakow.pl\/#\/schema\/logo\/image\/","url":"https:\/\/www.amuz.krakow.pl\/wp-content\/uploads\/2021\/11\/amkp.jpg","contentUrl":"https:\/\/www.amuz.krakow.pl\/wp-content\/uploads\/2021\/11\/amkp.jpg","width":1193,"height":591,"caption":"Akademia Muzyczna im. Krzysztofa Pendereckiego w Krakowie"},"image":{"@id":"https:\/\/www.amuz.krakow.pl\/#\/schema\/logo\/image\/"},"sameAs":["https:\/\/www.facebook.com\/amuz.krakow","https:\/\/www.instagram.com\/amkpenderecki\/","https:\/\/www.youtube.com\/@amkpenderecki4806"]}]}},"_links":{"self":[{"href":"https:\/\/www.amuz.krakow.pl\/en\/wp-json\/wp\/v2\/pages\/49136","targetHints":{"allow":["GET"]}}],"collection":[{"href":"https:\/\/www.amuz.krakow.pl\/en\/wp-json\/wp\/v2\/pages"}],"about":[{"href":"https:\/\/www.amuz.krakow.pl\/en\/wp-json\/wp\/v2\/types\/page"}],"author":[{"embeddable":true,"href":"https:\/\/www.amuz.krakow.pl\/en\/wp-json\/wp\/v2\/users\/1"}],"replies":[{"embeddable":true,"href":"https:\/\/www.amuz.krakow.pl\/en\/wp-json\/wp\/v2\/comments?post=49136"}],"version-history":[{"count":30,"href":"https:\/\/www.amuz.krakow.pl\/en\/wp-json\/wp\/v2\/pages\/49136\/revisions"}],"predecessor-version":[{"id":110641,"href":"https:\/\/www.amuz.krakow.pl\/en\/wp-json\/wp\/v2\/pages\/49136\/revisions\/110641"}],"wp:attachment":[{"href":"https:\/\/www.amuz.krakow.pl\/en\/wp-json\/wp\/v2\/media?parent=49136"}],"curies":[{"name":"wp","href":"https:\/\/api.w.org\/{rel}","templated":true}]}}