{"id":49092,"date":"2021-04-19T14:59:24","date_gmt":"2021-04-19T12:59:24","guid":{"rendered":"https:\/\/www.amuz.krakow.pl\/?page_id=49092"},"modified":"2021-10-21T20:55:45","modified_gmt":"2021-10-21T18:55:45","slug":"julian-stanny","status":"publish","type":"page","link":"https:\/\/www.amuz.krakow.pl\/en\/nasze-sukcesy\/archiwum-x-2020-viii-2021\/julian-stanny\/","title":{"rendered":"Julian Stanny"},"content":{"rendered":"<p><\/p>\n<p style=\"text-align: justify;\"><strong>Julian Stanny<\/strong> was born in 2001. He began learning to play the piano at the age of 4. He received his initial musical education at the Primary and Secondary School of Music in Nowy S\u0105cz in the class of Joanna Ustarbowska-Dudka . He gained his piano experience from prof. Bradley Bolen, prof. Marek \u017bebrowski, prof. Miros\u0142aw Cherbowski, prof. Milena K\u0119dra, prof. Zbigniew Raubo, prof. Zofia Antes. After receiving her maturity certificate at the age of 19 he commenced studies at the Academy of Music in Krak\u00f3w in Mariola Cieniawa&#8217;s class. He was a laureate of many national and international competitions. In 2016, he received a scholarship from Baylor University. Among his achievements, the most significant are: laureate of the 1st prize at the Luiggi Zanucoli International Competition for Young Instrumentalists, laureate of the 2nd prize at the Juliusz Zar\u0119bski International Piano Competition, laureate of the 2nd prize at the Irena Rolanowska Polish National Piano Competition, 1st prize winner at the International Chopin Competition in Vienna, distinction at the International Piano Competition in Konin.<\/p>\n<p><\/p>","protected":false},"excerpt":{"rendered":"<p>Julian Stanny was born in 2001. He began learning to play the piano at the age of 4. He received his initial musical education at the Primary and Secondary School&hellip; <a href=\"https:\/\/www.amuz.krakow.pl\/en\/nasze-sukcesy\/archiwum-x-2020-viii-2021\/julian-stanny\/\">Continue reading<\/a><\/p>\n","protected":false},"author":72,"featured_media":0,"parent":54266,"menu_order":-39,"comment_status":"closed","ping_status":"closed","template":"","meta":{"footnotes":"","_links_to":"","_links_to_target":""},"class_list":["post-49092","page","type-page","status-publish","hentry"],"yoast_head":"<!-- This site is optimized with the Yoast SEO plugin v27.2 - https:\/\/yoast.com\/product\/yoast-seo-wordpress\/ -->\n<title>AMKP - Akademia Muzyczna im. Krzysztofa Pendereckiego w Krakowie<\/title>\n<meta name=\"robots\" content=\"index, follow, max-snippet:-1, max-image-preview:large, max-video-preview:-1\" \/>\n<link rel=\"canonical\" href=\"https:\/\/www.amuz.krakow.pl\/nasze-sukcesy\/archiwum-x-2020-viii-2021\/julian-stanny\/\" \/>\n<meta property=\"og:locale\" content=\"en_US\" \/>\n<meta property=\"og:type\" content=\"article\" \/>\n<meta property=\"og:title\" content=\"AMKP - Akademia Muzyczna im. Krzysztofa Pendereckiego w Krakowie\" \/>\n<meta property=\"og:description\" content=\"Julian Stanny was born in 2001. He began learning to play the piano at the age of 4. He received his initial musical education at the Primary and Secondary School&hellip; Continue reading\" \/>\n<meta property=\"og:url\" content=\"https:\/\/www.amuz.krakow.pl\/nasze-sukcesy\/archiwum-x-2020-viii-2021\/julian-stanny\/\" \/>\n<meta property=\"og:site_name\" content=\"Akademia Muzyczna im. Krzysztofa Pendereckiego w Krakowie\" \/>\n<meta property=\"article:publisher\" content=\"https:\/\/www.facebook.com\/amuz.krakow\" \/>\n<meta property=\"article:modified_time\" content=\"2021-10-21T18:55:45+00:00\" \/>\n<meta property=\"og:image\" content=\"https:\/\/www.amuz.krakow.pl\/wp-content\/uploads\/2021\/04\/Julian-Stanny-scaled.jpg\" \/>\n\t<meta property=\"og:image:width\" content=\"1152\" \/>\n\t<meta property=\"og:image:height\" content=\"2048\" \/>\n\t<meta property=\"og:image:type\" content=\"image\/jpeg\" \/>\n<meta name=\"twitter:card\" content=\"summary_large_image\" \/>\n<meta name=\"twitter:label1\" content=\"Est. reading time\" \/>\n\t<meta name=\"twitter:data1\" content=\"2 minutes\" \/>\n<script type=\"application\/ld+json\" class=\"yoast-schema-graph\">{\"@context\":\"https:\/\/schema.org\",\"@graph\":[{\"@type\":\"WebPage\",\"@id\":\"https:\/\/www.amuz.krakow.pl\/nasze-sukcesy\/archiwum-x-2020-viii-2021\/julian-stanny\/\",\"url\":\"https:\/\/www.amuz.krakow.pl\/nasze-sukcesy\/archiwum-x-2020-viii-2021\/julian-stanny\/\",\"name\":\"AMKP - Akademia Muzyczna im. Krzysztofa Pendereckiego w Krakowie\",\"isPartOf\":{\"@id\":\"https:\/\/www.amuz.krakow.pl\/#website\"},\"datePublished\":\"2021-04-19T12:59:24+00:00\",\"dateModified\":\"2021-10-21T18:55:45+00:00\",\"breadcrumb\":{\"@id\":\"https:\/\/www.amuz.krakow.pl\/nasze-sukcesy\/archiwum-x-2020-viii-2021\/julian-stanny\/#breadcrumb\"},\"inLanguage\":\"en-US\",\"potentialAction\":[{\"@type\":\"ReadAction\",\"target\":[\"https:\/\/www.amuz.krakow.pl\/nasze-sukcesy\/archiwum-x-2020-viii-2021\/julian-stanny\/\"]}]},{\"@type\":\"BreadcrumbList\",\"@id\":\"https:\/\/www.amuz.krakow.pl\/nasze-sukcesy\/archiwum-x-2020-viii-2021\/julian-stanny\/#breadcrumb\",\"itemListElement\":[{\"@type\":\"ListItem\",\"position\":1,\"name\":\"Strona g\u0142\u00f3wna\",\"item\":\"https:\/\/www.amuz.krakow.pl\/\"},{\"@type\":\"ListItem\",\"position\":2,\"name\":\"Nasze sukcesy\",\"item\":\"https:\/\/www.amuz.krakow.pl\/nasze-sukcesy\/\"},{\"@type\":\"ListItem\",\"position\":3,\"name\":\"Archiwum X 2020 &#8211; VIII 2021\",\"item\":\"https:\/\/www.amuz.krakow.pl\/nasze-sukcesy\/archiwum-x-2020-viii-2021\/\"},{\"@type\":\"ListItem\",\"position\":4,\"name\":\"Julian Stanny\"}]},{\"@type\":\"WebSite\",\"@id\":\"https:\/\/www.amuz.krakow.pl\/#website\",\"url\":\"https:\/\/www.amuz.krakow.pl\/\",\"name\":\"Akademia Muzyczna im. Krzysztofa Pendereckiego w Krakowie\",\"description\":\"Oficjalna strona Akademii Muzycznej im. Krzysztofa Pendereckiego w Krakowie (AMKP).\",\"publisher\":{\"@id\":\"https:\/\/www.amuz.krakow.pl\/#organization\"},\"alternateName\":\"AMKP\",\"potentialAction\":[{\"@type\":\"SearchAction\",\"target\":{\"@type\":\"EntryPoint\",\"urlTemplate\":\"https:\/\/www.amuz.krakow.pl\/?s={search_term_string}\"},\"query-input\":{\"@type\":\"PropertyValueSpecification\",\"valueRequired\":true,\"valueName\":\"search_term_string\"}}],\"inLanguage\":\"en-US\"},{\"@type\":\"Organization\",\"@id\":\"https:\/\/www.amuz.krakow.pl\/#organization\",\"name\":\"Akademia Muzyczna im. Krzysztofa Pendereckiego w Krakowie\",\"alternateName\":\"AMKP\",\"url\":\"https:\/\/www.amuz.krakow.pl\/\",\"logo\":{\"@type\":\"ImageObject\",\"inLanguage\":\"en-US\",\"@id\":\"https:\/\/www.amuz.krakow.pl\/#\/schema\/logo\/image\/\",\"url\":\"https:\/\/www.amuz.krakow.pl\/wp-content\/uploads\/2021\/11\/amkp.jpg\",\"contentUrl\":\"https:\/\/www.amuz.krakow.pl\/wp-content\/uploads\/2021\/11\/amkp.jpg\",\"width\":1193,\"height\":591,\"caption\":\"Akademia Muzyczna im. Krzysztofa Pendereckiego w Krakowie\"},\"image\":{\"@id\":\"https:\/\/www.amuz.krakow.pl\/#\/schema\/logo\/image\/\"},\"sameAs\":[\"https:\/\/www.facebook.com\/amuz.krakow\",\"https:\/\/www.instagram.com\/amkpenderecki\/\",\"https:\/\/www.youtube.com\/@amkpenderecki4806\"]}]}<\/script>\n<!-- \/ Yoast SEO plugin. -->","yoast_head_json":{"title":"AMKP - Akademia Muzyczna im. Krzysztofa Pendereckiego w Krakowie","robots":{"index":"index","follow":"follow","max-snippet":"max-snippet:-1","max-image-preview":"max-image-preview:large","max-video-preview":"max-video-preview:-1"},"canonical":"https:\/\/www.amuz.krakow.pl\/nasze-sukcesy\/archiwum-x-2020-viii-2021\/julian-stanny\/","og_locale":"en_US","og_type":"article","og_title":"AMKP - Akademia Muzyczna im. Krzysztofa Pendereckiego w Krakowie","og_description":"Julian Stanny was born in 2001. He began learning to play the piano at the age of 4. He received his initial musical education at the Primary and Secondary School&hellip; Continue reading","og_url":"https:\/\/www.amuz.krakow.pl\/nasze-sukcesy\/archiwum-x-2020-viii-2021\/julian-stanny\/","og_site_name":"Akademia Muzyczna im. Krzysztofa Pendereckiego w Krakowie","article_publisher":"https:\/\/www.facebook.com\/amuz.krakow","article_modified_time":"2021-10-21T18:55:45+00:00","og_image":[{"width":1152,"height":2048,"url":"https:\/\/www.amuz.krakow.pl\/wp-content\/uploads\/2021\/04\/Julian-Stanny-scaled.jpg","type":"image\/jpeg"}],"twitter_card":"summary_large_image","twitter_misc":{"Est. reading time":"2 minutes"},"schema":{"@context":"https:\/\/schema.org","@graph":[{"@type":"WebPage","@id":"https:\/\/www.amuz.krakow.pl\/nasze-sukcesy\/archiwum-x-2020-viii-2021\/julian-stanny\/","url":"https:\/\/www.amuz.krakow.pl\/nasze-sukcesy\/archiwum-x-2020-viii-2021\/julian-stanny\/","name":"AMKP - Akademia Muzyczna im. Krzysztofa Pendereckiego w Krakowie","isPartOf":{"@id":"https:\/\/www.amuz.krakow.pl\/#website"},"datePublished":"2021-04-19T12:59:24+00:00","dateModified":"2021-10-21T18:55:45+00:00","breadcrumb":{"@id":"https:\/\/www.amuz.krakow.pl\/nasze-sukcesy\/archiwum-x-2020-viii-2021\/julian-stanny\/#breadcrumb"},"inLanguage":"en-US","potentialAction":[{"@type":"ReadAction","target":["https:\/\/www.amuz.krakow.pl\/nasze-sukcesy\/archiwum-x-2020-viii-2021\/julian-stanny\/"]}]},{"@type":"BreadcrumbList","@id":"https:\/\/www.amuz.krakow.pl\/nasze-sukcesy\/archiwum-x-2020-viii-2021\/julian-stanny\/#breadcrumb","itemListElement":[{"@type":"ListItem","position":1,"name":"Strona g\u0142\u00f3wna","item":"https:\/\/www.amuz.krakow.pl\/"},{"@type":"ListItem","position":2,"name":"Nasze sukcesy","item":"https:\/\/www.amuz.krakow.pl\/nasze-sukcesy\/"},{"@type":"ListItem","position":3,"name":"Archiwum X 2020 &#8211; VIII 2021","item":"https:\/\/www.amuz.krakow.pl\/nasze-sukcesy\/archiwum-x-2020-viii-2021\/"},{"@type":"ListItem","position":4,"name":"Julian Stanny"}]},{"@type":"WebSite","@id":"https:\/\/www.amuz.krakow.pl\/#website","url":"https:\/\/www.amuz.krakow.pl\/","name":"Akademia Muzyczna im. Krzysztofa Pendereckiego w Krakowie","description":"Oficjalna strona Akademii Muzycznej im. Krzysztofa Pendereckiego w Krakowie (AMKP).","publisher":{"@id":"https:\/\/www.amuz.krakow.pl\/#organization"},"alternateName":"AMKP","potentialAction":[{"@type":"SearchAction","target":{"@type":"EntryPoint","urlTemplate":"https:\/\/www.amuz.krakow.pl\/?s={search_term_string}"},"query-input":{"@type":"PropertyValueSpecification","valueRequired":true,"valueName":"search_term_string"}}],"inLanguage":"en-US"},{"@type":"Organization","@id":"https:\/\/www.amuz.krakow.pl\/#organization","name":"Akademia Muzyczna im. Krzysztofa Pendereckiego w Krakowie","alternateName":"AMKP","url":"https:\/\/www.amuz.krakow.pl\/","logo":{"@type":"ImageObject","inLanguage":"en-US","@id":"https:\/\/www.amuz.krakow.pl\/#\/schema\/logo\/image\/","url":"https:\/\/www.amuz.krakow.pl\/wp-content\/uploads\/2021\/11\/amkp.jpg","contentUrl":"https:\/\/www.amuz.krakow.pl\/wp-content\/uploads\/2021\/11\/amkp.jpg","width":1193,"height":591,"caption":"Akademia Muzyczna im. Krzysztofa Pendereckiego w Krakowie"},"image":{"@id":"https:\/\/www.amuz.krakow.pl\/#\/schema\/logo\/image\/"},"sameAs":["https:\/\/www.facebook.com\/amuz.krakow","https:\/\/www.instagram.com\/amkpenderecki\/","https:\/\/www.youtube.com\/@amkpenderecki4806"]}]}},"_links":{"self":[{"href":"https:\/\/www.amuz.krakow.pl\/en\/wp-json\/wp\/v2\/pages\/49092","targetHints":{"allow":["GET"]}}],"collection":[{"href":"https:\/\/www.amuz.krakow.pl\/en\/wp-json\/wp\/v2\/pages"}],"about":[{"href":"https:\/\/www.amuz.krakow.pl\/en\/wp-json\/wp\/v2\/types\/page"}],"author":[{"embeddable":true,"href":"https:\/\/www.amuz.krakow.pl\/en\/wp-json\/wp\/v2\/users\/72"}],"replies":[{"embeddable":true,"href":"https:\/\/www.amuz.krakow.pl\/en\/wp-json\/wp\/v2\/comments?post=49092"}],"version-history":[{"count":2,"href":"https:\/\/www.amuz.krakow.pl\/en\/wp-json\/wp\/v2\/pages\/49092\/revisions"}],"predecessor-version":[{"id":49172,"href":"https:\/\/www.amuz.krakow.pl\/en\/wp-json\/wp\/v2\/pages\/49092\/revisions\/49172"}],"up":[{"embeddable":true,"href":"https:\/\/www.amuz.krakow.pl\/en\/wp-json\/wp\/v2\/pages\/54266"}],"wp:attachment":[{"href":"https:\/\/www.amuz.krakow.pl\/en\/wp-json\/wp\/v2\/media?parent=49092"}],"curies":[{"name":"wp","href":"https:\/\/api.w.org\/{rel}","templated":true}]}}