{"id":4860,"date":"2016-03-13T20:21:50","date_gmt":"2016-03-13T19:21:50","guid":{"rendered":"http:\/\/www.amuz.krakow.pl\/?page_id=4860"},"modified":"2026-04-08T13:36:39","modified_gmt":"2026-04-08T11:36:39","slug":"zdzislaw-stolarczyk-puzon","status":"publish","type":"page","link":"https:\/\/www.amuz.krakow.pl\/en\/letnia-akademia-muzyczna\/wykaz-kursow\/instrumenty-dete\/zdzislaw-stolarczyk-puzon\/","title":{"rendered":"Zdzis\u0142aw Stolarczyk &#8211; trombone"},"content":{"rendered":"<p><figure id=\"attachment_42834\" aria-describedby=\"caption-attachment-42834\" style=\"width: 200px\" class=\"wp-caption alignleft\"><a href=\"https:\/\/www.amuz.krakow.pl\/wydzialy\/wydzial-ii-instrumentalny\/katedra-instrumentow-detych-blaszanych\/pracownicy-katedry\/dr-hab-zdzislaw-stolarczyk\/stolarczyk-zdzislaw\/\" rel=\"attachment wp-att-42834\"><img loading=\"lazy\" decoding=\"async\" class=\"wp-image-42834 size-medium\" src=\"https:\/\/www.amuz.krakow.pl\/wp-content\/uploads\/2020\/10\/Stolarczyk-Zdzislaw-200x300.jpg\" alt=\"\" width=\"200\" height=\"300\" srcset=\"https:\/\/www.amuz.krakow.pl\/wp-content\/uploads\/2020\/10\/Stolarczyk-Zdzislaw-200x300.jpg 200w, https:\/\/www.amuz.krakow.pl\/wp-content\/uploads\/2020\/10\/Stolarczyk-Zdzislaw-scaled.jpg 1365w, https:\/\/www.amuz.krakow.pl\/wp-content\/uploads\/2020\/10\/Stolarczyk-Zdzislaw-768x1152.jpg 768w, https:\/\/www.amuz.krakow.pl\/wp-content\/uploads\/2020\/10\/Stolarczyk-Zdzislaw-1024x1536.jpg 1024w\" sizes=\"auto, (max-width: 200px) 100vw, 200px\" \/><\/a><figcaption id=\"caption-attachment-42834\" class=\"wp-caption-text\">photo from private archive<\/figcaption><\/figure><\/p>\n<p style=\"text-align: justify;\">Graduated from the Academy of Music in Katowice (1981), in the class of trombone of Prof. Roman Siwek. In 1978 he won the 1st prize at the National Competition for Young Trombone Players in Pabianice. In 1979 he joined the National Polish Radio Symphony Orchestra in Katowice as bass trombone player, he cooperates with orchestras such as: the National Philharmonics, Sinfonia Varsovia, Sinfonietta Cracovia. As an orchestral musician he performed in the most renown music halls of the world under the baton of conductors such as: C. Abbado, L. Bernstein, G. Chmura, Sir Ch. Groves, K. Kord, K. Masur, L. Maazel, M.Rostropovich, S. Skrowaczewski, J. Semkow, A. Wit. As a soloist and chamber musician he gives concerts in Poland and abroad (Cuba, Germany, the Czech Republic). Among his most important performances were appearances at the World Festival of Youth and Students in Havana, Warsaw Autumn Festival, Trombone Festival in Warsaw and the International Brass Instruments Competition in Gda\u0144sk.\u00a0He is frequently invited as member of the jury panel for national and international wind instruments competitions (Gda\u0144sk, Brno, Czerniowce). Consultant of the Centre of Artistic Education and expert of the Ministry of Education and Sport in the field of teachers\u2019 professional promotion. Founder and head of the Polish Trombone Society (2005.) as well as member of the International Trombone Association. He is assistant professor at the Academy of Music in Krak\u00f3w (since1998) and teaches trombone at the State Music School in Bielsko-Bia\u0142a (since1985).<\/p>\n<p><a href=\"mailto:zdzislaw.stolarczyk@amuz.krakow.pl\">zdzislaw.stolarczyk@amuz.krakow.pl<\/a><\/p>","protected":false},"excerpt":{"rendered":"<p>Graduated from the Academy of Music in Katowice (1981), in the class of trombone of Prof. Roman Siwek. In 1978 he won the 1st prize at the National Competition for&hellip; <a href=\"https:\/\/www.amuz.krakow.pl\/en\/letnia-akademia-muzyczna\/wykaz-kursow\/instrumenty-dete\/zdzislaw-stolarczyk-puzon\/\">Continue reading<\/a><\/p>\n","protected":false},"author":72,"featured_media":84127,"parent":47055,"menu_order":31,"comment_status":"closed","ping_status":"closed","template":"","meta":{"footnotes":"","_links_to":"","_links_to_target":""},"class_list":["post-4860","page","type-page","status-publish","has-post-thumbnail","hentry"],"yoast_head":"<!-- This site is optimized with the Yoast SEO plugin v27.2 - https:\/\/yoast.com\/product\/yoast-seo-wordpress\/ -->\n<title>AMKP - Akademia Muzyczna im. Krzysztofa Pendereckiego w Krakowie<\/title>\n<meta name=\"robots\" content=\"index, follow, max-snippet:-1, max-image-preview:large, max-video-preview:-1\" \/>\n<link rel=\"canonical\" href=\"https:\/\/www.amuz.krakow.pl\/letnia-akademia-muzyczna\/wykaz-kursow\/instrumenty-dete\/zdzislaw-stolarczyk-puzon\/\" \/>\n<meta property=\"og:locale\" content=\"en_US\" \/>\n<meta property=\"og:type\" content=\"article\" \/>\n<meta property=\"og:title\" content=\"Zdzis\u0142aw Stolarczyk - puzon\" \/>\n<meta property=\"og:description\" content=\"Uko\u0144czy\u0142 Akademi\u0119 Muzyczn\u0105 w Katowicach (1981) w klasie puzonu prof. Romana Siwka. W 1978 zdoby\u0142 I nagrod\u0119 na Og\u00f3lnopolskim Konkursie M\u0142odych Puzonist\u00f3w w Pabianicach. W 1979 rozpocz\u0105\u0142 prac\u0119 w Narodowej Orkiestrze Symfonicznej Polskiego Radia w Katowicach na stanowisku puzonisty basowego oraz wsp\u00f3\u0142prac\u0119 z orkiestrami takimi jak: Filharmonia Narodowa, Sinfonia Varsovia, Sinfonietta Cracovia. Z orkiestrami tymi wyst\u0119powa\u0142 w najs\u0142ynniejszych salach koncertowych \u015bwiata pod batut\u0105 znanych dyrygent\u00f3w: C. Abbado, L. Bernsteina, G. Chmury, Sir Ch. Groves\u2019a, K. Korda, K. Masura, L. Maazela, M. Roztropowicza, S. Skrowaczewskiego, J. Semkowa, A. Wita i in. Koncertuje jako solista i kameralista na estradach krajowych i zagranicznych (Kuba, Niemcy, Czechy). Spo\u015br\u00f3d najwa\u017cniejszych wyst\u0119p\u00f3w wymieni\u0107 nale\u017cy koncerty w ramach Festiwalu M\u0142odzie\u017cy \u015awiata w Hawanie, Festiwalu \u201eWarszawska Jesie\u0144\u201d, Festiwalu Puzonowego w Warszawie i Mi\u0119dzynarodowego Konkursu Gry na Instrumentach D\u0119tych Blaszanych w Gda\u0144sku.\u00a0Wielokrotny juror krajowych i mi\u0119dzynarodowych konkurs\u00f3w instrument\u00f3w d\u0119tych (Gda\u0144sk, Brno, Czerniowce). Konsultant Centrum Edukacji Artystycznej i ekspert Ministerstwa Edukacji Narodowej i Sportu do spraw awans\u00f3w zawodowych nauczycieli. Za\u0142o\u017cyciel i prezes Polskiego Stowarzyszenia Puzonist\u00f3w (2005) oraz cz\u0142onek International Trombone Association. Od 1998 prowadzi dzia\u0142alno\u015b\u0107 pedagogiczn\u0105 na stanowisku adiunkta w Akademii Muzycznej w Krakowie i w Pa\u0144stwowej Og\u00f3lnokszta\u0142c\u0105cej Szkole Muzycznej I i II st. w Bielsku-Bia\u0142ej (1985).\" \/>\n<meta property=\"og:url\" content=\"https:\/\/www.amuz.krakow.pl\/letnia-akademia-muzyczna\/wykaz-kursow\/instrumenty-dete\/zdzislaw-stolarczyk-puzon\/\" \/>\n<meta property=\"og:site_name\" content=\"Akademia Muzyczna im. Krzysztofa Pendereckiego w Krakowie\" \/>\n<meta property=\"article:publisher\" content=\"https:\/\/www.facebook.com\/amuz.krakow\" \/>\n<meta property=\"article:modified_time\" content=\"2026-04-08T11:36:39+00:00\" \/>\n<meta property=\"og:image\" content=\"https:\/\/www.amuz.krakow.pl\/wp-content\/uploads\/2016\/03\/52.Stolarczyk-Zdzis\u0142aw.jpg\" \/>\n\t<meta property=\"og:image:width\" content=\"275\" \/>\n\t<meta property=\"og:image:height\" content=\"354\" \/>\n\t<meta property=\"og:image:type\" content=\"image\/jpeg\" \/>\n<meta name=\"twitter:card\" content=\"summary_large_image\" \/>\n<meta name=\"twitter:label1\" content=\"Est. reading time\" \/>\n\t<meta name=\"twitter:data1\" content=\"5 minutes\" \/>\n<script type=\"application\/ld+json\" class=\"yoast-schema-graph\">{\"@context\":\"https:\/\/schema.org\",\"@graph\":[{\"@type\":\"WebPage\",\"@id\":\"https:\/\/www.amuz.krakow.pl\/letnia-akademia-muzyczna\/wykaz-kursow\/instrumenty-dete\/zdzislaw-stolarczyk-puzon\/\",\"url\":\"https:\/\/www.amuz.krakow.pl\/letnia-akademia-muzyczna\/wykaz-kursow\/instrumenty-dete\/zdzislaw-stolarczyk-puzon\/\",\"name\":\"AMKP - Akademia Muzyczna im. Krzysztofa Pendereckiego w Krakowie\",\"isPartOf\":{\"@id\":\"https:\/\/www.amuz.krakow.pl\/#website\"},\"primaryImageOfPage\":{\"@id\":\"https:\/\/www.amuz.krakow.pl\/letnia-akademia-muzyczna\/wykaz-kursow\/instrumenty-dete\/zdzislaw-stolarczyk-puzon\/#primaryimage\"},\"image\":{\"@id\":\"https:\/\/www.amuz.krakow.pl\/letnia-akademia-muzyczna\/wykaz-kursow\/instrumenty-dete\/zdzislaw-stolarczyk-puzon\/#primaryimage\"},\"thumbnailUrl\":\"https:\/\/www.amuz.krakow.pl\/wp-content\/uploads\/2024\/03\/Stolarczyk-Zdzislaw_kafel-scaled.jpg\",\"datePublished\":\"2016-03-13T19:21:50+00:00\",\"dateModified\":\"2026-04-08T11:36:39+00:00\",\"breadcrumb\":{\"@id\":\"https:\/\/www.amuz.krakow.pl\/letnia-akademia-muzyczna\/wykaz-kursow\/instrumenty-dete\/zdzislaw-stolarczyk-puzon\/#breadcrumb\"},\"inLanguage\":\"en-US\",\"potentialAction\":[{\"@type\":\"ReadAction\",\"target\":[\"https:\/\/www.amuz.krakow.pl\/letnia-akademia-muzyczna\/wykaz-kursow\/instrumenty-dete\/zdzislaw-stolarczyk-puzon\/\"]}]},{\"@type\":\"ImageObject\",\"inLanguage\":\"en-US\",\"@id\":\"https:\/\/www.amuz.krakow.pl\/letnia-akademia-muzyczna\/wykaz-kursow\/instrumenty-dete\/zdzislaw-stolarczyk-puzon\/#primaryimage\",\"url\":\"https:\/\/www.amuz.krakow.pl\/wp-content\/uploads\/2024\/03\/Stolarczyk-Zdzislaw_kafel-scaled.jpg\",\"contentUrl\":\"https:\/\/www.amuz.krakow.pl\/wp-content\/uploads\/2024\/03\/Stolarczyk-Zdzislaw_kafel-scaled.jpg\",\"width\":2048,\"height\":1024},{\"@type\":\"BreadcrumbList\",\"@id\":\"https:\/\/www.amuz.krakow.pl\/letnia-akademia-muzyczna\/wykaz-kursow\/instrumenty-dete\/zdzislaw-stolarczyk-puzon\/#breadcrumb\",\"itemListElement\":[{\"@type\":\"ListItem\",\"position\":1,\"name\":\"Strona g\u0142\u00f3wna\",\"item\":\"https:\/\/www.amuz.krakow.pl\/\"},{\"@type\":\"ListItem\",\"position\":2,\"name\":\"Letnia Akademia Muzyczna\",\"item\":\"https:\/\/www.amuz.krakow.pl\/letnia-akademia-muzyczna\/\"},{\"@type\":\"ListItem\",\"position\":3,\"name\":\"Wykaz kurs\u00f3w\",\"item\":\"https:\/\/www.amuz.krakow.pl\/letnia-akademia-muzyczna\/wykaz-kursow\/\"},{\"@type\":\"ListItem\",\"position\":4,\"name\":\"Instrumenty d\u0119te\",\"item\":\"https:\/\/www.amuz.krakow.pl\/letnia-akademia-muzyczna\/wykaz-kursow\/instrumenty-dete\/\"},{\"@type\":\"ListItem\",\"position\":5,\"name\":\"Zdzis\u0142aw Stolarczyk &#8211; puzon\"}]},{\"@type\":\"WebSite\",\"@id\":\"https:\/\/www.amuz.krakow.pl\/#website\",\"url\":\"https:\/\/www.amuz.krakow.pl\/\",\"name\":\"Akademia Muzyczna im. Krzysztofa Pendereckiego w Krakowie\",\"description\":\"Oficjalna strona Akademii Muzycznej im. Krzysztofa Pendereckiego w Krakowie (AMKP).\",\"publisher\":{\"@id\":\"https:\/\/www.amuz.krakow.pl\/#organization\"},\"alternateName\":\"AMKP\",\"potentialAction\":[{\"@type\":\"SearchAction\",\"target\":{\"@type\":\"EntryPoint\",\"urlTemplate\":\"https:\/\/www.amuz.krakow.pl\/?s={search_term_string}\"},\"query-input\":{\"@type\":\"PropertyValueSpecification\",\"valueRequired\":true,\"valueName\":\"search_term_string\"}}],\"inLanguage\":\"en-US\"},{\"@type\":\"Organization\",\"@id\":\"https:\/\/www.amuz.krakow.pl\/#organization\",\"name\":\"Akademia Muzyczna im. Krzysztofa Pendereckiego w Krakowie\",\"alternateName\":\"AMKP\",\"url\":\"https:\/\/www.amuz.krakow.pl\/\",\"logo\":{\"@type\":\"ImageObject\",\"inLanguage\":\"en-US\",\"@id\":\"https:\/\/www.amuz.krakow.pl\/#\/schema\/logo\/image\/\",\"url\":\"https:\/\/www.amuz.krakow.pl\/wp-content\/uploads\/2021\/11\/amkp.jpg\",\"contentUrl\":\"https:\/\/www.amuz.krakow.pl\/wp-content\/uploads\/2021\/11\/amkp.jpg\",\"width\":1193,\"height\":591,\"caption\":\"Akademia Muzyczna im. Krzysztofa Pendereckiego w Krakowie\"},\"image\":{\"@id\":\"https:\/\/www.amuz.krakow.pl\/#\/schema\/logo\/image\/\"},\"sameAs\":[\"https:\/\/www.facebook.com\/amuz.krakow\",\"https:\/\/www.instagram.com\/amkpenderecki\/\",\"https:\/\/www.youtube.com\/@amkpenderecki4806\"]}]}<\/script>\n<!-- \/ Yoast SEO plugin. -->","yoast_head_json":{"title":"AMKP - Akademia Muzyczna im. Krzysztofa Pendereckiego w Krakowie","robots":{"index":"index","follow":"follow","max-snippet":"max-snippet:-1","max-image-preview":"max-image-preview:large","max-video-preview":"max-video-preview:-1"},"canonical":"https:\/\/www.amuz.krakow.pl\/letnia-akademia-muzyczna\/wykaz-kursow\/instrumenty-dete\/zdzislaw-stolarczyk-puzon\/","og_locale":"en_US","og_type":"article","og_title":"Zdzis\u0142aw Stolarczyk - puzon","og_description":"Uko\u0144czy\u0142 Akademi\u0119 Muzyczn\u0105 w Katowicach (1981) w klasie puzonu prof. Romana Siwka. W 1978 zdoby\u0142 I nagrod\u0119 na Og\u00f3lnopolskim Konkursie M\u0142odych Puzonist\u00f3w w Pabianicach. W 1979 rozpocz\u0105\u0142 prac\u0119 w Narodowej Orkiestrze Symfonicznej Polskiego Radia w Katowicach na stanowisku puzonisty basowego oraz wsp\u00f3\u0142prac\u0119 z orkiestrami takimi jak: Filharmonia Narodowa, Sinfonia Varsovia, Sinfonietta Cracovia. Z orkiestrami tymi wyst\u0119powa\u0142 w najs\u0142ynniejszych salach koncertowych \u015bwiata pod batut\u0105 znanych dyrygent\u00f3w: C. Abbado, L. Bernsteina, G. Chmury, Sir Ch. Groves\u2019a, K. Korda, K. Masura, L. Maazela, M. Roztropowicza, S. Skrowaczewskiego, J. Semkowa, A. Wita i in. Koncertuje jako solista i kameralista na estradach krajowych i zagranicznych (Kuba, Niemcy, Czechy). Spo\u015br\u00f3d najwa\u017cniejszych wyst\u0119p\u00f3w wymieni\u0107 nale\u017cy koncerty w ramach Festiwalu M\u0142odzie\u017cy \u015awiata w Hawanie, Festiwalu \u201eWarszawska Jesie\u0144\u201d, Festiwalu Puzonowego w Warszawie i Mi\u0119dzynarodowego Konkursu Gry na Instrumentach D\u0119tych Blaszanych w Gda\u0144sku.\u00a0Wielokrotny juror krajowych i mi\u0119dzynarodowych konkurs\u00f3w instrument\u00f3w d\u0119tych (Gda\u0144sk, Brno, Czerniowce). Konsultant Centrum Edukacji Artystycznej i ekspert Ministerstwa Edukacji Narodowej i Sportu do spraw awans\u00f3w zawodowych nauczycieli. Za\u0142o\u017cyciel i prezes Polskiego Stowarzyszenia Puzonist\u00f3w (2005) oraz cz\u0142onek International Trombone Association. Od 1998 prowadzi dzia\u0142alno\u015b\u0107 pedagogiczn\u0105 na stanowisku adiunkta w Akademii Muzycznej w Krakowie i w Pa\u0144stwowej Og\u00f3lnokszta\u0142c\u0105cej Szkole Muzycznej I i II st. w Bielsku-Bia\u0142ej (1985).","og_url":"https:\/\/www.amuz.krakow.pl\/letnia-akademia-muzyczna\/wykaz-kursow\/instrumenty-dete\/zdzislaw-stolarczyk-puzon\/","og_site_name":"Akademia Muzyczna im. Krzysztofa Pendereckiego w Krakowie","article_publisher":"https:\/\/www.facebook.com\/amuz.krakow","article_modified_time":"2026-04-08T11:36:39+00:00","og_image":[{"width":275,"height":354,"url":"https:\/\/www.amuz.krakow.pl\/wp-content\/uploads\/2016\/03\/52.Stolarczyk-Zdzis\u0142aw.jpg","type":"image\/jpeg"}],"twitter_card":"summary_large_image","twitter_misc":{"Est. reading time":"5 minutes"},"schema":{"@context":"https:\/\/schema.org","@graph":[{"@type":"WebPage","@id":"https:\/\/www.amuz.krakow.pl\/letnia-akademia-muzyczna\/wykaz-kursow\/instrumenty-dete\/zdzislaw-stolarczyk-puzon\/","url":"https:\/\/www.amuz.krakow.pl\/letnia-akademia-muzyczna\/wykaz-kursow\/instrumenty-dete\/zdzislaw-stolarczyk-puzon\/","name":"AMKP - Akademia Muzyczna im. Krzysztofa Pendereckiego w Krakowie","isPartOf":{"@id":"https:\/\/www.amuz.krakow.pl\/#website"},"primaryImageOfPage":{"@id":"https:\/\/www.amuz.krakow.pl\/letnia-akademia-muzyczna\/wykaz-kursow\/instrumenty-dete\/zdzislaw-stolarczyk-puzon\/#primaryimage"},"image":{"@id":"https:\/\/www.amuz.krakow.pl\/letnia-akademia-muzyczna\/wykaz-kursow\/instrumenty-dete\/zdzislaw-stolarczyk-puzon\/#primaryimage"},"thumbnailUrl":"https:\/\/www.amuz.krakow.pl\/wp-content\/uploads\/2024\/03\/Stolarczyk-Zdzislaw_kafel-scaled.jpg","datePublished":"2016-03-13T19:21:50+00:00","dateModified":"2026-04-08T11:36:39+00:00","breadcrumb":{"@id":"https:\/\/www.amuz.krakow.pl\/letnia-akademia-muzyczna\/wykaz-kursow\/instrumenty-dete\/zdzislaw-stolarczyk-puzon\/#breadcrumb"},"inLanguage":"en-US","potentialAction":[{"@type":"ReadAction","target":["https:\/\/www.amuz.krakow.pl\/letnia-akademia-muzyczna\/wykaz-kursow\/instrumenty-dete\/zdzislaw-stolarczyk-puzon\/"]}]},{"@type":"ImageObject","inLanguage":"en-US","@id":"https:\/\/www.amuz.krakow.pl\/letnia-akademia-muzyczna\/wykaz-kursow\/instrumenty-dete\/zdzislaw-stolarczyk-puzon\/#primaryimage","url":"https:\/\/www.amuz.krakow.pl\/wp-content\/uploads\/2024\/03\/Stolarczyk-Zdzislaw_kafel-scaled.jpg","contentUrl":"https:\/\/www.amuz.krakow.pl\/wp-content\/uploads\/2024\/03\/Stolarczyk-Zdzislaw_kafel-scaled.jpg","width":2048,"height":1024},{"@type":"BreadcrumbList","@id":"https:\/\/www.amuz.krakow.pl\/letnia-akademia-muzyczna\/wykaz-kursow\/instrumenty-dete\/zdzislaw-stolarczyk-puzon\/#breadcrumb","itemListElement":[{"@type":"ListItem","position":1,"name":"Strona g\u0142\u00f3wna","item":"https:\/\/www.amuz.krakow.pl\/"},{"@type":"ListItem","position":2,"name":"Letnia Akademia Muzyczna","item":"https:\/\/www.amuz.krakow.pl\/letnia-akademia-muzyczna\/"},{"@type":"ListItem","position":3,"name":"Wykaz kurs\u00f3w","item":"https:\/\/www.amuz.krakow.pl\/letnia-akademia-muzyczna\/wykaz-kursow\/"},{"@type":"ListItem","position":4,"name":"Instrumenty d\u0119te","item":"https:\/\/www.amuz.krakow.pl\/letnia-akademia-muzyczna\/wykaz-kursow\/instrumenty-dete\/"},{"@type":"ListItem","position":5,"name":"Zdzis\u0142aw Stolarczyk &#8211; puzon"}]},{"@type":"WebSite","@id":"https:\/\/www.amuz.krakow.pl\/#website","url":"https:\/\/www.amuz.krakow.pl\/","name":"Akademia Muzyczna im. Krzysztofa Pendereckiego w Krakowie","description":"Oficjalna strona Akademii Muzycznej im. Krzysztofa Pendereckiego w Krakowie (AMKP).","publisher":{"@id":"https:\/\/www.amuz.krakow.pl\/#organization"},"alternateName":"AMKP","potentialAction":[{"@type":"SearchAction","target":{"@type":"EntryPoint","urlTemplate":"https:\/\/www.amuz.krakow.pl\/?s={search_term_string}"},"query-input":{"@type":"PropertyValueSpecification","valueRequired":true,"valueName":"search_term_string"}}],"inLanguage":"en-US"},{"@type":"Organization","@id":"https:\/\/www.amuz.krakow.pl\/#organization","name":"Akademia Muzyczna im. Krzysztofa Pendereckiego w Krakowie","alternateName":"AMKP","url":"https:\/\/www.amuz.krakow.pl\/","logo":{"@type":"ImageObject","inLanguage":"en-US","@id":"https:\/\/www.amuz.krakow.pl\/#\/schema\/logo\/image\/","url":"https:\/\/www.amuz.krakow.pl\/wp-content\/uploads\/2021\/11\/amkp.jpg","contentUrl":"https:\/\/www.amuz.krakow.pl\/wp-content\/uploads\/2021\/11\/amkp.jpg","width":1193,"height":591,"caption":"Akademia Muzyczna im. Krzysztofa Pendereckiego w Krakowie"},"image":{"@id":"https:\/\/www.amuz.krakow.pl\/#\/schema\/logo\/image\/"},"sameAs":["https:\/\/www.facebook.com\/amuz.krakow","https:\/\/www.instagram.com\/amkpenderecki\/","https:\/\/www.youtube.com\/@amkpenderecki4806"]}]}},"_links":{"self":[{"href":"https:\/\/www.amuz.krakow.pl\/en\/wp-json\/wp\/v2\/pages\/4860","targetHints":{"allow":["GET"]}}],"collection":[{"href":"https:\/\/www.amuz.krakow.pl\/en\/wp-json\/wp\/v2\/pages"}],"about":[{"href":"https:\/\/www.amuz.krakow.pl\/en\/wp-json\/wp\/v2\/types\/page"}],"author":[{"embeddable":true,"href":"https:\/\/www.amuz.krakow.pl\/en\/wp-json\/wp\/v2\/users\/72"}],"replies":[{"embeddable":true,"href":"https:\/\/www.amuz.krakow.pl\/en\/wp-json\/wp\/v2\/comments?post=4860"}],"version-history":[{"count":6,"href":"https:\/\/www.amuz.krakow.pl\/en\/wp-json\/wp\/v2\/pages\/4860\/revisions"}],"predecessor-version":[{"id":74267,"href":"https:\/\/www.amuz.krakow.pl\/en\/wp-json\/wp\/v2\/pages\/4860\/revisions\/74267"}],"up":[{"embeddable":true,"href":"https:\/\/www.amuz.krakow.pl\/en\/wp-json\/wp\/v2\/pages\/47055"}],"wp:featuredmedia":[{"embeddable":true,"href":"https:\/\/www.amuz.krakow.pl\/en\/wp-json\/wp\/v2\/media\/84127"}],"wp:attachment":[{"href":"https:\/\/www.amuz.krakow.pl\/en\/wp-json\/wp\/v2\/media?parent=4860"}],"curies":[{"name":"wp","href":"https:\/\/api.w.org\/{rel}","templated":true}]}}