{"id":4853,"date":"2016-03-13T20:14:35","date_gmt":"2016-03-13T19:14:35","guid":{"rendered":"http:\/\/www.amuz.krakow.pl\/?page_id=4853"},"modified":"2026-04-08T13:36:28","modified_gmt":"2026-04-08T11:36:28","slug":"waclaw-mulak-trabka","status":"publish","type":"page","link":"https:\/\/www.amuz.krakow.pl\/en\/letnia-akademia-muzyczna\/wykaz-kursow\/instrumenty-dete\/waclaw-mulak-trabka\/","title":{"rendered":"Wac\u0142aw Mulak &#8211; trumpet"},"content":{"rendered":"<p><figure id=\"attachment_45797\" aria-describedby=\"caption-attachment-45797\" style=\"width: 210px\" class=\"wp-caption alignleft\"><a href=\"https:\/\/www.amuz.krakow.pl\/wydzialy\/wydzial-ii-instrumentalny\/katedra-instrumentow-detych-blaszanych\/pracownicy-katedry\/prof-dr-hab-waclaw-mulak\/waclaw-mulak-2\/\" target=\"_blank\" rel=\"attachment noopener wp-att-45797\"><img loading=\"lazy\" decoding=\"async\" class=\"wp-image-45797\" src=\"https:\/\/www.amuz.krakow.pl\/wp-content\/uploads\/2020\/12\/Waclaw-Mulak-225x300.jpg\" alt=\"\" width=\"210\" height=\"280\" srcset=\"https:\/\/www.amuz.krakow.pl\/wp-content\/uploads\/2020\/12\/Waclaw-Mulak-225x300.jpg 225w, https:\/\/www.amuz.krakow.pl\/wp-content\/uploads\/2020\/12\/Waclaw-Mulak.jpg 768w\" sizes=\"auto, (max-width: 210px) 100vw, 210px\" \/><\/a><figcaption id=\"caption-attachment-45797\" class=\"wp-caption-text\">photo &#8211; private archive<\/figcaption><\/figure><\/p>\n<p style=\"text-align: justify;\">Wac\u0142aw Mulak, Assistant Professor (postdoctoral degree)<br \/>\nGraduated from the Fryderyk Chopin University of Music in Warsaw in 1994, then joined the Capella Cracoviensis orchestra as Pricipal Trumpet (soloist). He won first prize at the Brass Instruments Competition in Wroc\u0142aw, Poland (1989), Chamber Ensemble Competition in Bydgoszcz, Poland (1993). He has performed with such orchestras as: Sinfonia Varsovia, AUKSO Chamber Orchestra, Sinfonietta Cracovia, Sinfonietta T\u00fcbingen or the Stuttgart Opera House, National Polish Radio Symphony Orchestra in Katowice, Polish Radio Orchestra of Krakow. At present he is the Principal Trumpet (soloist) at the Karol Szymanowski Philharmonic in Krakow. He has performed under a\u00a0number of distinguished conductors, such as Lothar Zagrosek, Jerzy Semkow, Stanis\u0142aw Skrowaczewski, Krzysztof Penderecki, Kazimierz Kord, Wladymir Polianiczko, Antoni Wit, Emmanuel Krivine, Gabriel Chmura, Jacek Kaspszyk, Grzegorz Nowak. In 2001 he received a doctoral degree in the field of trumpet performace. He currently holds the position of Assistant Professor at the Academy of Music in Krakow. Since 1999 he has conducted classes at the Summer Music Academy in Krakow. He is the co-founder of <em>Barock Tune<\/em>. In 2013 he was conferred a postdoctoral degree.<\/p>\n<p><\/p>","protected":false},"excerpt":{"rendered":"<p>Wac\u0142aw Mulak, Assistant Professor (postdoctoral degree) Graduated from the Fryderyk Chopin University of Music in Warsaw in 1994, then joined the Capella Cracoviensis orchestra as Pricipal Trumpet (soloist). He won&hellip; <a href=\"https:\/\/www.amuz.krakow.pl\/en\/letnia-akademia-muzyczna\/wykaz-kursow\/instrumenty-dete\/waclaw-mulak-trabka\/\">Continue reading<\/a><\/p>\n","protected":false},"author":72,"featured_media":0,"parent":47055,"menu_order":31,"comment_status":"closed","ping_status":"closed","template":"","meta":{"footnotes":"","_links_to":"","_links_to_target":""},"class_list":["post-4853","page","type-page","status-publish","hentry"],"yoast_head":"<!-- This site is optimized with the Yoast SEO plugin v27.4 - https:\/\/yoast.com\/product\/yoast-seo-wordpress\/ -->\n<title>AMKP - Akademia Muzyczna im. Krzysztofa Pendereckiego w Krakowie<\/title>\n<meta name=\"robots\" content=\"index, follow, max-snippet:-1, max-image-preview:large, max-video-preview:-1\" \/>\n<link rel=\"canonical\" href=\"https:\/\/www.amuz.krakow.pl\/letnia-akademia-muzyczna\/wykaz-kursow\/instrumenty-dete\/waclaw-mulak-trabka\/\" \/>\n<meta property=\"og:locale\" content=\"en_US\" \/>\n<meta property=\"og:type\" content=\"article\" \/>\n<meta property=\"og:title\" content=\"Wac\u0142aw Mulak - tr\u0105bka\" \/>\n<meta property=\"og:description\" content=\"W 1994 roku uko\u0144czy\u0142 Akademi\u0119 Muzyczn\u0105 w\u00a0Warszawie. W tym samym roku rozpocz\u0105\u0142 prac\u0119 w orkiestrze\u00a0Capella Cracoviensis na stanowisku pierwszego tr\u0119bacza (solisty). Jest laureatem pierwszych nagr\u00f3d, m.in. na: Konkursie Instrument\u00f3w D\u0119tych Blaszanych we Wroc\u0142awiu (1989), Konkursie Zespo\u0142\u00f3w Kameralnych w\u00a0Bydgoszczy (1993). Wsp\u00f3\u0142pracowa\u0142 z wieloma orkiestrami, takimi jak: Sinfonia Varsovia, Orkiestra Kameralna Auxo, Sinfonietta Cracovia, Sinfonietta T\u00fcbingen, Orkiestra Opery w\u00a0Stuttgarcie, Radiowa Orkiestra Symfoniczna w\u00a0Krakowie. Obecnie pracuje w\u00a0 Filharmonii im. K. Szymanowskiego w\u00a0Krakowie jako pierwszy tr\u0119bacz(solista). Koncertowa\u0142 pod batut\u0105 wielu znakomitych dyrygent\u00f3w, m. in.: L. Zagrosek, J. Semkow, S.\u00a0Skrowaczewski, K. Penderecki, K. Kord, W. Polianicko, A. Wit, E. Krivine, G.\u00a0Chmura, J. Kasprzyk, G. Nowak. W roku 2001 uzyska\u0142 kwalifikacje I\u00a0stopnia w\u00a0dziedzinie instrumentalistki w\u00a0zakresie gry na tr\u0105bce. Obecnie zajmuje stanowisko adiunkta w\u00a0Akademii Muzycznej w\u00a0Krakowie. Od 1999 roku jest wyk\u0142adowc\u0105 letnich Kurs\u00f3w w\u00a0Akademii Muzycznej w\u00a0Krakowie. Jest r\u00f3wnie\u017c wsp\u00f3\u0142za\u0142o\u017cycielem zespo\u0142u Barock Tune. W 2013 roku uzyska\u0142 stopie\u0144 doktora habilitowanego.\" \/>\n<meta property=\"og:url\" content=\"https:\/\/www.amuz.krakow.pl\/letnia-akademia-muzyczna\/wykaz-kursow\/instrumenty-dete\/waclaw-mulak-trabka\/\" \/>\n<meta property=\"og:site_name\" content=\"Akademia Muzyczna im. Krzysztofa Pendereckiego w Krakowie\" \/>\n<meta property=\"article:publisher\" content=\"https:\/\/www.facebook.com\/amuz.krakow\" \/>\n<meta property=\"article:modified_time\" content=\"2026-04-08T11:36:28+00:00\" \/>\n<meta property=\"og:image\" content=\"https:\/\/www.amuz.krakow.pl\/wp-content\/uploads\/2019\/08\/Wac\u0142aw-Mulak-NEW.jpg\" \/>\n\t<meta property=\"og:image:width\" content=\"2048\" \/>\n\t<meta property=\"og:image:height\" content=\"2048\" \/>\n\t<meta property=\"og:image:type\" content=\"image\/jpeg\" \/>\n<meta name=\"twitter:card\" content=\"summary_large_image\" \/>\n<meta name=\"twitter:label1\" content=\"Est. reading time\" \/>\n\t<meta name=\"twitter:data1\" content=\"2 minutes\" \/>\n<script type=\"application\/ld+json\" class=\"yoast-schema-graph\">{\"@context\":\"https:\\\/\\\/schema.org\",\"@graph\":[{\"@type\":\"WebPage\",\"@id\":\"https:\\\/\\\/www.amuz.krakow.pl\\\/letnia-akademia-muzyczna\\\/wykaz-kursow\\\/instrumenty-dete\\\/waclaw-mulak-trabka\\\/\",\"url\":\"https:\\\/\\\/www.amuz.krakow.pl\\\/letnia-akademia-muzyczna\\\/wykaz-kursow\\\/instrumenty-dete\\\/waclaw-mulak-trabka\\\/\",\"name\":\"AMKP - Akademia Muzyczna im. Krzysztofa Pendereckiego w Krakowie\",\"isPartOf\":{\"@id\":\"https:\\\/\\\/www.amuz.krakow.pl\\\/#website\"},\"primaryImageOfPage\":{\"@id\":\"https:\\\/\\\/www.amuz.krakow.pl\\\/letnia-akademia-muzyczna\\\/wykaz-kursow\\\/instrumenty-dete\\\/waclaw-mulak-trabka\\\/#primaryimage\"},\"image\":{\"@id\":\"https:\\\/\\\/www.amuz.krakow.pl\\\/letnia-akademia-muzyczna\\\/wykaz-kursow\\\/instrumenty-dete\\\/waclaw-mulak-trabka\\\/#primaryimage\"},\"thumbnailUrl\":\"https:\\\/\\\/www.amuz.krakow.pl\\\/wp-content\\\/uploads\\\/2020\\\/12\\\/Waclaw-Mulak-225x300.jpg\",\"datePublished\":\"2016-03-13T19:14:35+00:00\",\"dateModified\":\"2026-04-08T11:36:28+00:00\",\"breadcrumb\":{\"@id\":\"https:\\\/\\\/www.amuz.krakow.pl\\\/letnia-akademia-muzyczna\\\/wykaz-kursow\\\/instrumenty-dete\\\/waclaw-mulak-trabka\\\/#breadcrumb\"},\"inLanguage\":\"en-US\",\"potentialAction\":[{\"@type\":\"ReadAction\",\"target\":[\"https:\\\/\\\/www.amuz.krakow.pl\\\/letnia-akademia-muzyczna\\\/wykaz-kursow\\\/instrumenty-dete\\\/waclaw-mulak-trabka\\\/\"]}]},{\"@type\":\"ImageObject\",\"inLanguage\":\"en-US\",\"@id\":\"https:\\\/\\\/www.amuz.krakow.pl\\\/letnia-akademia-muzyczna\\\/wykaz-kursow\\\/instrumenty-dete\\\/waclaw-mulak-trabka\\\/#primaryimage\",\"url\":\"https:\\\/\\\/www.amuz.krakow.pl\\\/wp-content\\\/uploads\\\/2020\\\/12\\\/Waclaw-Mulak-225x300.jpg\",\"contentUrl\":\"https:\\\/\\\/www.amuz.krakow.pl\\\/wp-content\\\/uploads\\\/2020\\\/12\\\/Waclaw-Mulak-225x300.jpg\"},{\"@type\":\"BreadcrumbList\",\"@id\":\"https:\\\/\\\/www.amuz.krakow.pl\\\/letnia-akademia-muzyczna\\\/wykaz-kursow\\\/instrumenty-dete\\\/waclaw-mulak-trabka\\\/#breadcrumb\",\"itemListElement\":[{\"@type\":\"ListItem\",\"position\":1,\"name\":\"Strona g\u0142\u00f3wna\",\"item\":\"https:\\\/\\\/www.amuz.krakow.pl\\\/\"},{\"@type\":\"ListItem\",\"position\":2,\"name\":\"Letnia Akademia Muzyczna\",\"item\":\"https:\\\/\\\/www.amuz.krakow.pl\\\/letnia-akademia-muzyczna\\\/\"},{\"@type\":\"ListItem\",\"position\":3,\"name\":\"Wykaz kurs\u00f3w\",\"item\":\"https:\\\/\\\/www.amuz.krakow.pl\\\/letnia-akademia-muzyczna\\\/wykaz-kursow\\\/\"},{\"@type\":\"ListItem\",\"position\":4,\"name\":\"Instrumenty d\u0119te\",\"item\":\"https:\\\/\\\/www.amuz.krakow.pl\\\/letnia-akademia-muzyczna\\\/wykaz-kursow\\\/instrumenty-dete\\\/\"},{\"@type\":\"ListItem\",\"position\":5,\"name\":\"Wac\u0142aw Mulak &#8211; tr\u0105bka\"}]},{\"@type\":\"WebSite\",\"@id\":\"https:\\\/\\\/www.amuz.krakow.pl\\\/#website\",\"url\":\"https:\\\/\\\/www.amuz.krakow.pl\\\/\",\"name\":\"Akademia Muzyczna im. Krzysztofa Pendereckiego w Krakowie\",\"description\":\"Oficjalna strona Akademii Muzycznej im. Krzysztofa Pendereckiego w Krakowie (AMKP).\",\"publisher\":{\"@id\":\"https:\\\/\\\/www.amuz.krakow.pl\\\/#organization\"},\"alternateName\":\"AMKP\",\"potentialAction\":[{\"@type\":\"SearchAction\",\"target\":{\"@type\":\"EntryPoint\",\"urlTemplate\":\"https:\\\/\\\/www.amuz.krakow.pl\\\/?s={search_term_string}\"},\"query-input\":{\"@type\":\"PropertyValueSpecification\",\"valueRequired\":true,\"valueName\":\"search_term_string\"}}],\"inLanguage\":\"en-US\"},{\"@type\":\"Organization\",\"@id\":\"https:\\\/\\\/www.amuz.krakow.pl\\\/#organization\",\"name\":\"Akademia Muzyczna im. Krzysztofa Pendereckiego w Krakowie\",\"alternateName\":\"AMKP\",\"url\":\"https:\\\/\\\/www.amuz.krakow.pl\\\/\",\"logo\":{\"@type\":\"ImageObject\",\"inLanguage\":\"en-US\",\"@id\":\"https:\\\/\\\/www.amuz.krakow.pl\\\/#\\\/schema\\\/logo\\\/image\\\/\",\"url\":\"https:\\\/\\\/www.amuz.krakow.pl\\\/wp-content\\\/uploads\\\/2021\\\/11\\\/amkp.jpg\",\"contentUrl\":\"https:\\\/\\\/www.amuz.krakow.pl\\\/wp-content\\\/uploads\\\/2021\\\/11\\\/amkp.jpg\",\"width\":1193,\"height\":591,\"caption\":\"Akademia Muzyczna im. Krzysztofa Pendereckiego w Krakowie\"},\"image\":{\"@id\":\"https:\\\/\\\/www.amuz.krakow.pl\\\/#\\\/schema\\\/logo\\\/image\\\/\"},\"sameAs\":[\"https:\\\/\\\/www.facebook.com\\\/amuz.krakow\",\"https:\\\/\\\/www.instagram.com\\\/amkpenderecki\\\/\",\"https:\\\/\\\/www.youtube.com\\\/@amkpenderecki4806\"]}]}<\/script>\n<!-- \/ Yoast SEO plugin. -->","yoast_head_json":{"title":"AMKP - Akademia Muzyczna im. Krzysztofa Pendereckiego w Krakowie","robots":{"index":"index","follow":"follow","max-snippet":"max-snippet:-1","max-image-preview":"max-image-preview:large","max-video-preview":"max-video-preview:-1"},"canonical":"https:\/\/www.amuz.krakow.pl\/letnia-akademia-muzyczna\/wykaz-kursow\/instrumenty-dete\/waclaw-mulak-trabka\/","og_locale":"en_US","og_type":"article","og_title":"Wac\u0142aw Mulak - tr\u0105bka","og_description":"W 1994 roku uko\u0144czy\u0142 Akademi\u0119 Muzyczn\u0105 w\u00a0Warszawie. W tym samym roku rozpocz\u0105\u0142 prac\u0119 w orkiestrze\u00a0Capella Cracoviensis na stanowisku pierwszego tr\u0119bacza (solisty). Jest laureatem pierwszych nagr\u00f3d, m.in. na: Konkursie Instrument\u00f3w D\u0119tych Blaszanych we Wroc\u0142awiu (1989), Konkursie Zespo\u0142\u00f3w Kameralnych w\u00a0Bydgoszczy (1993). Wsp\u00f3\u0142pracowa\u0142 z wieloma orkiestrami, takimi jak: Sinfonia Varsovia, Orkiestra Kameralna Auxo, Sinfonietta Cracovia, Sinfonietta T\u00fcbingen, Orkiestra Opery w\u00a0Stuttgarcie, Radiowa Orkiestra Symfoniczna w\u00a0Krakowie. Obecnie pracuje w\u00a0 Filharmonii im. K. Szymanowskiego w\u00a0Krakowie jako pierwszy tr\u0119bacz(solista). Koncertowa\u0142 pod batut\u0105 wielu znakomitych dyrygent\u00f3w, m. in.: L. Zagrosek, J. Semkow, S.\u00a0Skrowaczewski, K. Penderecki, K. Kord, W. Polianicko, A. Wit, E. Krivine, G.\u00a0Chmura, J. Kasprzyk, G. Nowak. W roku 2001 uzyska\u0142 kwalifikacje I\u00a0stopnia w\u00a0dziedzinie instrumentalistki w\u00a0zakresie gry na tr\u0105bce. Obecnie zajmuje stanowisko adiunkta w\u00a0Akademii Muzycznej w\u00a0Krakowie. Od 1999 roku jest wyk\u0142adowc\u0105 letnich Kurs\u00f3w w\u00a0Akademii Muzycznej w\u00a0Krakowie. Jest r\u00f3wnie\u017c wsp\u00f3\u0142za\u0142o\u017cycielem zespo\u0142u Barock Tune. W 2013 roku uzyska\u0142 stopie\u0144 doktora habilitowanego.","og_url":"https:\/\/www.amuz.krakow.pl\/letnia-akademia-muzyczna\/wykaz-kursow\/instrumenty-dete\/waclaw-mulak-trabka\/","og_site_name":"Akademia Muzyczna im. Krzysztofa Pendereckiego w Krakowie","article_publisher":"https:\/\/www.facebook.com\/amuz.krakow","article_modified_time":"2026-04-08T11:36:28+00:00","og_image":[{"width":2048,"height":2048,"url":"https:\/\/www.amuz.krakow.pl\/wp-content\/uploads\/2019\/08\/Wac\u0142aw-Mulak-NEW.jpg","type":"image\/jpeg"}],"twitter_card":"summary_large_image","twitter_misc":{"Est. reading time":"2 minutes"},"schema":{"@context":"https:\/\/schema.org","@graph":[{"@type":"WebPage","@id":"https:\/\/www.amuz.krakow.pl\/letnia-akademia-muzyczna\/wykaz-kursow\/instrumenty-dete\/waclaw-mulak-trabka\/","url":"https:\/\/www.amuz.krakow.pl\/letnia-akademia-muzyczna\/wykaz-kursow\/instrumenty-dete\/waclaw-mulak-trabka\/","name":"AMKP - Akademia Muzyczna im. Krzysztofa Pendereckiego w Krakowie","isPartOf":{"@id":"https:\/\/www.amuz.krakow.pl\/#website"},"primaryImageOfPage":{"@id":"https:\/\/www.amuz.krakow.pl\/letnia-akademia-muzyczna\/wykaz-kursow\/instrumenty-dete\/waclaw-mulak-trabka\/#primaryimage"},"image":{"@id":"https:\/\/www.amuz.krakow.pl\/letnia-akademia-muzyczna\/wykaz-kursow\/instrumenty-dete\/waclaw-mulak-trabka\/#primaryimage"},"thumbnailUrl":"https:\/\/www.amuz.krakow.pl\/wp-content\/uploads\/2020\/12\/Waclaw-Mulak-225x300.jpg","datePublished":"2016-03-13T19:14:35+00:00","dateModified":"2026-04-08T11:36:28+00:00","breadcrumb":{"@id":"https:\/\/www.amuz.krakow.pl\/letnia-akademia-muzyczna\/wykaz-kursow\/instrumenty-dete\/waclaw-mulak-trabka\/#breadcrumb"},"inLanguage":"en-US","potentialAction":[{"@type":"ReadAction","target":["https:\/\/www.amuz.krakow.pl\/letnia-akademia-muzyczna\/wykaz-kursow\/instrumenty-dete\/waclaw-mulak-trabka\/"]}]},{"@type":"ImageObject","inLanguage":"en-US","@id":"https:\/\/www.amuz.krakow.pl\/letnia-akademia-muzyczna\/wykaz-kursow\/instrumenty-dete\/waclaw-mulak-trabka\/#primaryimage","url":"https:\/\/www.amuz.krakow.pl\/wp-content\/uploads\/2020\/12\/Waclaw-Mulak-225x300.jpg","contentUrl":"https:\/\/www.amuz.krakow.pl\/wp-content\/uploads\/2020\/12\/Waclaw-Mulak-225x300.jpg"},{"@type":"BreadcrumbList","@id":"https:\/\/www.amuz.krakow.pl\/letnia-akademia-muzyczna\/wykaz-kursow\/instrumenty-dete\/waclaw-mulak-trabka\/#breadcrumb","itemListElement":[{"@type":"ListItem","position":1,"name":"Strona g\u0142\u00f3wna","item":"https:\/\/www.amuz.krakow.pl\/"},{"@type":"ListItem","position":2,"name":"Letnia Akademia Muzyczna","item":"https:\/\/www.amuz.krakow.pl\/letnia-akademia-muzyczna\/"},{"@type":"ListItem","position":3,"name":"Wykaz kurs\u00f3w","item":"https:\/\/www.amuz.krakow.pl\/letnia-akademia-muzyczna\/wykaz-kursow\/"},{"@type":"ListItem","position":4,"name":"Instrumenty d\u0119te","item":"https:\/\/www.amuz.krakow.pl\/letnia-akademia-muzyczna\/wykaz-kursow\/instrumenty-dete\/"},{"@type":"ListItem","position":5,"name":"Wac\u0142aw Mulak &#8211; tr\u0105bka"}]},{"@type":"WebSite","@id":"https:\/\/www.amuz.krakow.pl\/#website","url":"https:\/\/www.amuz.krakow.pl\/","name":"Akademia Muzyczna im. Krzysztofa Pendereckiego w Krakowie","description":"Oficjalna strona Akademii Muzycznej im. Krzysztofa Pendereckiego w Krakowie (AMKP).","publisher":{"@id":"https:\/\/www.amuz.krakow.pl\/#organization"},"alternateName":"AMKP","potentialAction":[{"@type":"SearchAction","target":{"@type":"EntryPoint","urlTemplate":"https:\/\/www.amuz.krakow.pl\/?s={search_term_string}"},"query-input":{"@type":"PropertyValueSpecification","valueRequired":true,"valueName":"search_term_string"}}],"inLanguage":"en-US"},{"@type":"Organization","@id":"https:\/\/www.amuz.krakow.pl\/#organization","name":"Akademia Muzyczna im. Krzysztofa Pendereckiego w Krakowie","alternateName":"AMKP","url":"https:\/\/www.amuz.krakow.pl\/","logo":{"@type":"ImageObject","inLanguage":"en-US","@id":"https:\/\/www.amuz.krakow.pl\/#\/schema\/logo\/image\/","url":"https:\/\/www.amuz.krakow.pl\/wp-content\/uploads\/2021\/11\/amkp.jpg","contentUrl":"https:\/\/www.amuz.krakow.pl\/wp-content\/uploads\/2021\/11\/amkp.jpg","width":1193,"height":591,"caption":"Akademia Muzyczna im. Krzysztofa Pendereckiego w Krakowie"},"image":{"@id":"https:\/\/www.amuz.krakow.pl\/#\/schema\/logo\/image\/"},"sameAs":["https:\/\/www.facebook.com\/amuz.krakow","https:\/\/www.instagram.com\/amkpenderecki\/","https:\/\/www.youtube.com\/@amkpenderecki4806"]}]}},"_links":{"self":[{"href":"https:\/\/www.amuz.krakow.pl\/en\/wp-json\/wp\/v2\/pages\/4853","targetHints":{"allow":["GET"]}}],"collection":[{"href":"https:\/\/www.amuz.krakow.pl\/en\/wp-json\/wp\/v2\/pages"}],"about":[{"href":"https:\/\/www.amuz.krakow.pl\/en\/wp-json\/wp\/v2\/types\/page"}],"author":[{"embeddable":true,"href":"https:\/\/www.amuz.krakow.pl\/en\/wp-json\/wp\/v2\/users\/72"}],"replies":[{"embeddable":true,"href":"https:\/\/www.amuz.krakow.pl\/en\/wp-json\/wp\/v2\/comments?post=4853"}],"version-history":[{"count":11,"href":"https:\/\/www.amuz.krakow.pl\/en\/wp-json\/wp\/v2\/pages\/4853\/revisions"}],"predecessor-version":[{"id":71528,"href":"https:\/\/www.amuz.krakow.pl\/en\/wp-json\/wp\/v2\/pages\/4853\/revisions\/71528"}],"up":[{"embeddable":true,"href":"https:\/\/www.amuz.krakow.pl\/en\/wp-json\/wp\/v2\/pages\/47055"}],"wp:attachment":[{"href":"https:\/\/www.amuz.krakow.pl\/en\/wp-json\/wp\/v2\/media?parent=4853"}],"curies":[{"name":"wp","href":"https:\/\/api.w.org\/{rel}","templated":true}]}}