{"id":4845,"date":"2016-03-13T20:05:36","date_gmt":"2016-03-13T19:05:36","guid":{"rendered":"http:\/\/www.amuz.krakow.pl\/?page_id=4845"},"modified":"2026-04-08T13:34:57","modified_gmt":"2026-04-08T11:34:57","slug":"jacek-muzyk-waltornia","status":"publish","type":"page","link":"https:\/\/www.amuz.krakow.pl\/en\/letnia-akademia-muzyczna\/wykaz-kursow\/instrumenty-dete\/jacek-muzyk-waltornia\/","title":{"rendered":"Jacek Muzyk &#8211; horn"},"content":{"rendered":"<p><\/p>\n<p style=\"text-align: justify;\"><img loading=\"lazy\" decoding=\"async\" class=\"alignleft wp-image-4846\" src=\"http:\/\/www.amuz.krakow.pl\/wp-content\/uploads\/2016\/03\/46.Muzyk-Jacek-222x300.jpg\" alt=\"Muzyk Jacek\" width=\"180\" height=\"243\" srcset=\"https:\/\/www.amuz.krakow.pl\/wp-content\/uploads\/2016\/03\/46.Muzyk-Jacek-222x300.jpg 222w, https:\/\/www.amuz.krakow.pl\/wp-content\/uploads\/2016\/03\/46.Muzyk-Jacek.jpg 390w\" sizes=\"auto, (max-width: 180px) 100vw, 180px\" \/>Jacek Muzyk was born and raised in Poland. He began playing piano at the age of 7. Although he became a proficient jazz pianist by his late teens, he began to study French horn intensively at the age of 18. After graduation from the Academy of Music in Krakow, where Krzysztof Penderecki served as rector, Mr. Muzyk completed another masters degree through a full scholarship at the Mannes College of Music in New York studying with David Jolley, the famous soloist.He received further education at the famous Juilliard School of Music also with a full scholarship, then continued studying at Rice University in Houston (TX) with the reknowned William VerMeulen. Following his studies Mr. Muzyk returned to Poland, working with the best polish orchestras, namely, Sinfonia Varsovia, the National Philharmonic of Warsaw, the Krakow Philharmonic among others. In 1999 he was chosen as the principal horn for Krystian Zimerman&#8217;s Polish Festival Orchestra, a select group of Poland&#8217;s finest musicians, which toured Europe and the United States playing over 40 performances of Chopin&#8217;s concertos, while winning a Grammy Award. In 2002, moved to the United States where he played with the Houston Grand Opera and the Dallas Symphony Orchestra before being appointed as the principal horn with the Buffalo Philharmonic. He has made guest appearances with the Chicago Symphony Orchestra, the Houston Symphony, Pittsburgh Symphony, the Saint Paul Chamber Orchestra and other orchestras in the USA, Japan, South America and Europe and has appeared as guest soloist as well. He has given numerous masterclasses and recitals throughout all continents and has made several solo recordings under the Polish Radio label. Recently he, as soloist, recorded a CD featuring all four Mozart concertos(recently released by Naxos), another CD with Bach cello suites in transcryption for French horn and last CD with variety of minatures for french horn in a combination with different instruments.<\/p>\n<p><\/p>","protected":false},"excerpt":{"rendered":"<p>Jacek Muzyk was born and raised in Poland. He began playing piano at the age of 7. Although he became a proficient jazz pianist by his late teens, he began&hellip; <a href=\"https:\/\/www.amuz.krakow.pl\/en\/letnia-akademia-muzyczna\/wykaz-kursow\/instrumenty-dete\/jacek-muzyk-waltornia\/\">Continue reading<\/a><\/p>\n","protected":false},"author":72,"featured_media":0,"parent":47055,"menu_order":27,"comment_status":"closed","ping_status":"closed","template":"","meta":{"footnotes":"","_links_to":"","_links_to_target":""},"class_list":["post-4845","page","type-page","status-publish","hentry"],"yoast_head":"<!-- This site is optimized with the Yoast SEO plugin v27.4 - https:\/\/yoast.com\/product\/yoast-seo-wordpress\/ -->\n<title>AMKP - Akademia Muzyczna im. Krzysztofa Pendereckiego w Krakowie<\/title>\n<meta name=\"robots\" content=\"index, follow, max-snippet:-1, max-image-preview:large, max-video-preview:-1\" \/>\n<link rel=\"canonical\" href=\"https:\/\/www.amuz.krakow.pl\/letnia-akademia-muzyczna\/wykaz-kursow\/instrumenty-dete\/jacek-muzyk-waltornia\/\" \/>\n<meta property=\"og:locale\" content=\"en_US\" \/>\n<meta property=\"og:type\" content=\"article\" \/>\n<meta property=\"og:title\" content=\"Jacek Muzyk - waltornia\" \/>\n<meta property=\"og:description\" content=\"Gr\u0119 na waltorni rozpocz\u0105\u0142 w wieku 18 lat. Po uko\u0144czeniu studi\u00f3w w Akademii Muzycznej w Krakowie doskonali\u0142 swoje umiej\u0119tno\u015bci w The Mannes College of Music, Juilliard School of Music w Nowym Yorku ko\u0144cz\u0105c swoj\u0105 edukacj\u0119 muzyczn\u0105 w Rice University w Houston (USA). Zawodow\u0105 karier\u0119 rozpocz\u0105\u0142 jeszcze jako student w Capella Cracoviensis, a nast\u0119pnie w Sinfonii Varsovii, Polskiej Filharmonii Kameralnej. Pracowa\u0142 w Polskiej Orkiestrze Radiowej, Filharmonii Narodowej oraz Filharmonii Krakowskiej wsp\u00f3\u0142pracuj\u0105c jednocze\u015bnie z wieloma orkiestrami krajowymi, m.in. Orkiestra Kameralna \u201eAmadeus\u201d, Sinfonietta Cracovia i zespo\u0142ami zagranicznymi, m.in. Danish Chamber Players, Camerata Sweden, Sinfonia Helvetica. W 1999 roku by\u0142 pierwszym waltornista w Polskiej Orkiestrze Festiwalowej Krystiana Zimermana, z kt\u00f3ra wykona\u0142 42 koncerty w Europie i USA. Po powrocie do USA pracowa\u0142 kolejno w Houston Grand Opera , Dallas Symphony, Buffalo Philharmonic Houston Symphomy, wsp\u00f3\u0142pracuj\u0105c m.in. z Chicago Symphony jako asystent s\u0142ynnego Dale Clevengera oraz jako pierwszy waltornista z Pittsburgh Symphony, Saint Louis Symphony, Saint Paul Chamber Orchestra. Jego dzia\u0142alno\u015b\u0107 solowa oraz dydaktyczna obejmuje recitale, koncerty solowe i kursy mistrzowskie w Europie, USA ,Ameryce Po\u0142udniowej, Chinach i Japonii. Od roku 2007 jest wyk\u0142adowc\u0105 w Uniwersytecie w Buffalo (USA). Dokona\u0142 wielu nagra\u0144 archiwalnych dla Polskiego Radia, uczestniczy\u0142 w wielu nagraniach p\u0142ytowych z orkiestrami polskimi i ameryka\u0144skimi oraz wyda\u0142 3 p\u0142yty solowe prezentuj\u0105c min. wszystkie koncerty Mozarta oraz transkrypcje 3 Suit wiolonczelowych Bacha.\" \/>\n<meta property=\"og:url\" content=\"https:\/\/www.amuz.krakow.pl\/letnia-akademia-muzyczna\/wykaz-kursow\/instrumenty-dete\/jacek-muzyk-waltornia\/\" \/>\n<meta property=\"og:site_name\" content=\"Akademia Muzyczna im. Krzysztofa Pendereckiego w Krakowie\" \/>\n<meta property=\"article:publisher\" content=\"https:\/\/www.facebook.com\/amuz.krakow\" \/>\n<meta property=\"article:modified_time\" content=\"2026-04-08T11:34:57+00:00\" \/>\n<meta property=\"og:image\" content=\"https:\/\/www.amuz.krakow.pl\/wp-content\/uploads\/2016\/03\/46.Muzyk-Jacek.jpg\" \/>\n\t<meta property=\"og:image:width\" content=\"390\" \/>\n\t<meta property=\"og:image:height\" content=\"528\" \/>\n\t<meta property=\"og:image:type\" content=\"image\/jpeg\" \/>\n<meta name=\"twitter:card\" content=\"summary_large_image\" \/>\n<meta name=\"twitter:label1\" content=\"Est. reading time\" \/>\n\t<meta name=\"twitter:data1\" content=\"3 minutes\" \/>\n<script type=\"application\/ld+json\" class=\"yoast-schema-graph\">{\"@context\":\"https:\\\/\\\/schema.org\",\"@graph\":[{\"@type\":\"WebPage\",\"@id\":\"https:\\\/\\\/www.amuz.krakow.pl\\\/letnia-akademia-muzyczna\\\/wykaz-kursow\\\/instrumenty-dete\\\/jacek-muzyk-waltornia\\\/\",\"url\":\"https:\\\/\\\/www.amuz.krakow.pl\\\/letnia-akademia-muzyczna\\\/wykaz-kursow\\\/instrumenty-dete\\\/jacek-muzyk-waltornia\\\/\",\"name\":\"AMKP - Akademia Muzyczna im. Krzysztofa Pendereckiego w Krakowie\",\"isPartOf\":{\"@id\":\"https:\\\/\\\/www.amuz.krakow.pl\\\/#website\"},\"primaryImageOfPage\":{\"@id\":\"https:\\\/\\\/www.amuz.krakow.pl\\\/letnia-akademia-muzyczna\\\/wykaz-kursow\\\/instrumenty-dete\\\/jacek-muzyk-waltornia\\\/#primaryimage\"},\"image\":{\"@id\":\"https:\\\/\\\/www.amuz.krakow.pl\\\/letnia-akademia-muzyczna\\\/wykaz-kursow\\\/instrumenty-dete\\\/jacek-muzyk-waltornia\\\/#primaryimage\"},\"thumbnailUrl\":\"http:\\\/\\\/www.amuz.krakow.pl\\\/wp-content\\\/uploads\\\/2016\\\/03\\\/46.Muzyk-Jacek-222x300.jpg\",\"datePublished\":\"2016-03-13T19:05:36+00:00\",\"dateModified\":\"2026-04-08T11:34:57+00:00\",\"breadcrumb\":{\"@id\":\"https:\\\/\\\/www.amuz.krakow.pl\\\/letnia-akademia-muzyczna\\\/wykaz-kursow\\\/instrumenty-dete\\\/jacek-muzyk-waltornia\\\/#breadcrumb\"},\"inLanguage\":\"en-US\",\"potentialAction\":[{\"@type\":\"ReadAction\",\"target\":[\"https:\\\/\\\/www.amuz.krakow.pl\\\/letnia-akademia-muzyczna\\\/wykaz-kursow\\\/instrumenty-dete\\\/jacek-muzyk-waltornia\\\/\"]}]},{\"@type\":\"ImageObject\",\"inLanguage\":\"en-US\",\"@id\":\"https:\\\/\\\/www.amuz.krakow.pl\\\/letnia-akademia-muzyczna\\\/wykaz-kursow\\\/instrumenty-dete\\\/jacek-muzyk-waltornia\\\/#primaryimage\",\"url\":\"http:\\\/\\\/www.amuz.krakow.pl\\\/wp-content\\\/uploads\\\/2016\\\/03\\\/46.Muzyk-Jacek-222x300.jpg\",\"contentUrl\":\"http:\\\/\\\/www.amuz.krakow.pl\\\/wp-content\\\/uploads\\\/2016\\\/03\\\/46.Muzyk-Jacek-222x300.jpg\"},{\"@type\":\"BreadcrumbList\",\"@id\":\"https:\\\/\\\/www.amuz.krakow.pl\\\/letnia-akademia-muzyczna\\\/wykaz-kursow\\\/instrumenty-dete\\\/jacek-muzyk-waltornia\\\/#breadcrumb\",\"itemListElement\":[{\"@type\":\"ListItem\",\"position\":1,\"name\":\"Strona g\u0142\u00f3wna\",\"item\":\"https:\\\/\\\/www.amuz.krakow.pl\\\/\"},{\"@type\":\"ListItem\",\"position\":2,\"name\":\"Letnia Akademia Muzyczna\",\"item\":\"https:\\\/\\\/www.amuz.krakow.pl\\\/letnia-akademia-muzyczna\\\/\"},{\"@type\":\"ListItem\",\"position\":3,\"name\":\"Wykaz kurs\u00f3w\",\"item\":\"https:\\\/\\\/www.amuz.krakow.pl\\\/letnia-akademia-muzyczna\\\/wykaz-kursow\\\/\"},{\"@type\":\"ListItem\",\"position\":4,\"name\":\"Instrumenty d\u0119te\",\"item\":\"https:\\\/\\\/www.amuz.krakow.pl\\\/letnia-akademia-muzyczna\\\/wykaz-kursow\\\/instrumenty-dete\\\/\"},{\"@type\":\"ListItem\",\"position\":5,\"name\":\"Jacek Muzyk &#8211; waltornia\"}]},{\"@type\":\"WebSite\",\"@id\":\"https:\\\/\\\/www.amuz.krakow.pl\\\/#website\",\"url\":\"https:\\\/\\\/www.amuz.krakow.pl\\\/\",\"name\":\"Akademia Muzyczna im. Krzysztofa Pendereckiego w Krakowie\",\"description\":\"Oficjalna strona Akademii Muzycznej im. Krzysztofa Pendereckiego w Krakowie (AMKP).\",\"publisher\":{\"@id\":\"https:\\\/\\\/www.amuz.krakow.pl\\\/#organization\"},\"alternateName\":\"AMKP\",\"potentialAction\":[{\"@type\":\"SearchAction\",\"target\":{\"@type\":\"EntryPoint\",\"urlTemplate\":\"https:\\\/\\\/www.amuz.krakow.pl\\\/?s={search_term_string}\"},\"query-input\":{\"@type\":\"PropertyValueSpecification\",\"valueRequired\":true,\"valueName\":\"search_term_string\"}}],\"inLanguage\":\"en-US\"},{\"@type\":\"Organization\",\"@id\":\"https:\\\/\\\/www.amuz.krakow.pl\\\/#organization\",\"name\":\"Akademia Muzyczna im. Krzysztofa Pendereckiego w Krakowie\",\"alternateName\":\"AMKP\",\"url\":\"https:\\\/\\\/www.amuz.krakow.pl\\\/\",\"logo\":{\"@type\":\"ImageObject\",\"inLanguage\":\"en-US\",\"@id\":\"https:\\\/\\\/www.amuz.krakow.pl\\\/#\\\/schema\\\/logo\\\/image\\\/\",\"url\":\"https:\\\/\\\/www.amuz.krakow.pl\\\/wp-content\\\/uploads\\\/2021\\\/11\\\/amkp.jpg\",\"contentUrl\":\"https:\\\/\\\/www.amuz.krakow.pl\\\/wp-content\\\/uploads\\\/2021\\\/11\\\/amkp.jpg\",\"width\":1193,\"height\":591,\"caption\":\"Akademia Muzyczna im. Krzysztofa Pendereckiego w Krakowie\"},\"image\":{\"@id\":\"https:\\\/\\\/www.amuz.krakow.pl\\\/#\\\/schema\\\/logo\\\/image\\\/\"},\"sameAs\":[\"https:\\\/\\\/www.facebook.com\\\/amuz.krakow\",\"https:\\\/\\\/www.instagram.com\\\/amkpenderecki\\\/\",\"https:\\\/\\\/www.youtube.com\\\/@amkpenderecki4806\"]}]}<\/script>\n<!-- \/ Yoast SEO plugin. -->","yoast_head_json":{"title":"AMKP - Akademia Muzyczna im. Krzysztofa Pendereckiego w Krakowie","robots":{"index":"index","follow":"follow","max-snippet":"max-snippet:-1","max-image-preview":"max-image-preview:large","max-video-preview":"max-video-preview:-1"},"canonical":"https:\/\/www.amuz.krakow.pl\/letnia-akademia-muzyczna\/wykaz-kursow\/instrumenty-dete\/jacek-muzyk-waltornia\/","og_locale":"en_US","og_type":"article","og_title":"Jacek Muzyk - waltornia","og_description":"Gr\u0119 na waltorni rozpocz\u0105\u0142 w wieku 18 lat. Po uko\u0144czeniu studi\u00f3w w Akademii Muzycznej w Krakowie doskonali\u0142 swoje umiej\u0119tno\u015bci w The Mannes College of Music, Juilliard School of Music w Nowym Yorku ko\u0144cz\u0105c swoj\u0105 edukacj\u0119 muzyczn\u0105 w Rice University w Houston (USA). Zawodow\u0105 karier\u0119 rozpocz\u0105\u0142 jeszcze jako student w Capella Cracoviensis, a nast\u0119pnie w Sinfonii Varsovii, Polskiej Filharmonii Kameralnej. Pracowa\u0142 w Polskiej Orkiestrze Radiowej, Filharmonii Narodowej oraz Filharmonii Krakowskiej wsp\u00f3\u0142pracuj\u0105c jednocze\u015bnie z wieloma orkiestrami krajowymi, m.in. Orkiestra Kameralna \u201eAmadeus\u201d, Sinfonietta Cracovia i zespo\u0142ami zagranicznymi, m.in. Danish Chamber Players, Camerata Sweden, Sinfonia Helvetica. W 1999 roku by\u0142 pierwszym waltornista w Polskiej Orkiestrze Festiwalowej Krystiana Zimermana, z kt\u00f3ra wykona\u0142 42 koncerty w Europie i USA. Po powrocie do USA pracowa\u0142 kolejno w Houston Grand Opera , Dallas Symphony, Buffalo Philharmonic Houston Symphomy, wsp\u00f3\u0142pracuj\u0105c m.in. z Chicago Symphony jako asystent s\u0142ynnego Dale Clevengera oraz jako pierwszy waltornista z Pittsburgh Symphony, Saint Louis Symphony, Saint Paul Chamber Orchestra. Jego dzia\u0142alno\u015b\u0107 solowa oraz dydaktyczna obejmuje recitale, koncerty solowe i kursy mistrzowskie w Europie, USA ,Ameryce Po\u0142udniowej, Chinach i Japonii. Od roku 2007 jest wyk\u0142adowc\u0105 w Uniwersytecie w Buffalo (USA). Dokona\u0142 wielu nagra\u0144 archiwalnych dla Polskiego Radia, uczestniczy\u0142 w wielu nagraniach p\u0142ytowych z orkiestrami polskimi i ameryka\u0144skimi oraz wyda\u0142 3 p\u0142yty solowe prezentuj\u0105c min. wszystkie koncerty Mozarta oraz transkrypcje 3 Suit wiolonczelowych Bacha.","og_url":"https:\/\/www.amuz.krakow.pl\/letnia-akademia-muzyczna\/wykaz-kursow\/instrumenty-dete\/jacek-muzyk-waltornia\/","og_site_name":"Akademia Muzyczna im. Krzysztofa Pendereckiego w Krakowie","article_publisher":"https:\/\/www.facebook.com\/amuz.krakow","article_modified_time":"2026-04-08T11:34:57+00:00","og_image":[{"width":390,"height":528,"url":"https:\/\/www.amuz.krakow.pl\/wp-content\/uploads\/2016\/03\/46.Muzyk-Jacek.jpg","type":"image\/jpeg"}],"twitter_card":"summary_large_image","twitter_misc":{"Est. reading time":"3 minutes"},"schema":{"@context":"https:\/\/schema.org","@graph":[{"@type":"WebPage","@id":"https:\/\/www.amuz.krakow.pl\/letnia-akademia-muzyczna\/wykaz-kursow\/instrumenty-dete\/jacek-muzyk-waltornia\/","url":"https:\/\/www.amuz.krakow.pl\/letnia-akademia-muzyczna\/wykaz-kursow\/instrumenty-dete\/jacek-muzyk-waltornia\/","name":"AMKP - Akademia Muzyczna im. Krzysztofa Pendereckiego w Krakowie","isPartOf":{"@id":"https:\/\/www.amuz.krakow.pl\/#website"},"primaryImageOfPage":{"@id":"https:\/\/www.amuz.krakow.pl\/letnia-akademia-muzyczna\/wykaz-kursow\/instrumenty-dete\/jacek-muzyk-waltornia\/#primaryimage"},"image":{"@id":"https:\/\/www.amuz.krakow.pl\/letnia-akademia-muzyczna\/wykaz-kursow\/instrumenty-dete\/jacek-muzyk-waltornia\/#primaryimage"},"thumbnailUrl":"http:\/\/www.amuz.krakow.pl\/wp-content\/uploads\/2016\/03\/46.Muzyk-Jacek-222x300.jpg","datePublished":"2016-03-13T19:05:36+00:00","dateModified":"2026-04-08T11:34:57+00:00","breadcrumb":{"@id":"https:\/\/www.amuz.krakow.pl\/letnia-akademia-muzyczna\/wykaz-kursow\/instrumenty-dete\/jacek-muzyk-waltornia\/#breadcrumb"},"inLanguage":"en-US","potentialAction":[{"@type":"ReadAction","target":["https:\/\/www.amuz.krakow.pl\/letnia-akademia-muzyczna\/wykaz-kursow\/instrumenty-dete\/jacek-muzyk-waltornia\/"]}]},{"@type":"ImageObject","inLanguage":"en-US","@id":"https:\/\/www.amuz.krakow.pl\/letnia-akademia-muzyczna\/wykaz-kursow\/instrumenty-dete\/jacek-muzyk-waltornia\/#primaryimage","url":"http:\/\/www.amuz.krakow.pl\/wp-content\/uploads\/2016\/03\/46.Muzyk-Jacek-222x300.jpg","contentUrl":"http:\/\/www.amuz.krakow.pl\/wp-content\/uploads\/2016\/03\/46.Muzyk-Jacek-222x300.jpg"},{"@type":"BreadcrumbList","@id":"https:\/\/www.amuz.krakow.pl\/letnia-akademia-muzyczna\/wykaz-kursow\/instrumenty-dete\/jacek-muzyk-waltornia\/#breadcrumb","itemListElement":[{"@type":"ListItem","position":1,"name":"Strona g\u0142\u00f3wna","item":"https:\/\/www.amuz.krakow.pl\/"},{"@type":"ListItem","position":2,"name":"Letnia Akademia Muzyczna","item":"https:\/\/www.amuz.krakow.pl\/letnia-akademia-muzyczna\/"},{"@type":"ListItem","position":3,"name":"Wykaz kurs\u00f3w","item":"https:\/\/www.amuz.krakow.pl\/letnia-akademia-muzyczna\/wykaz-kursow\/"},{"@type":"ListItem","position":4,"name":"Instrumenty d\u0119te","item":"https:\/\/www.amuz.krakow.pl\/letnia-akademia-muzyczna\/wykaz-kursow\/instrumenty-dete\/"},{"@type":"ListItem","position":5,"name":"Jacek Muzyk &#8211; waltornia"}]},{"@type":"WebSite","@id":"https:\/\/www.amuz.krakow.pl\/#website","url":"https:\/\/www.amuz.krakow.pl\/","name":"Akademia Muzyczna im. Krzysztofa Pendereckiego w Krakowie","description":"Oficjalna strona Akademii Muzycznej im. Krzysztofa Pendereckiego w Krakowie (AMKP).","publisher":{"@id":"https:\/\/www.amuz.krakow.pl\/#organization"},"alternateName":"AMKP","potentialAction":[{"@type":"SearchAction","target":{"@type":"EntryPoint","urlTemplate":"https:\/\/www.amuz.krakow.pl\/?s={search_term_string}"},"query-input":{"@type":"PropertyValueSpecification","valueRequired":true,"valueName":"search_term_string"}}],"inLanguage":"en-US"},{"@type":"Organization","@id":"https:\/\/www.amuz.krakow.pl\/#organization","name":"Akademia Muzyczna im. Krzysztofa Pendereckiego w Krakowie","alternateName":"AMKP","url":"https:\/\/www.amuz.krakow.pl\/","logo":{"@type":"ImageObject","inLanguage":"en-US","@id":"https:\/\/www.amuz.krakow.pl\/#\/schema\/logo\/image\/","url":"https:\/\/www.amuz.krakow.pl\/wp-content\/uploads\/2021\/11\/amkp.jpg","contentUrl":"https:\/\/www.amuz.krakow.pl\/wp-content\/uploads\/2021\/11\/amkp.jpg","width":1193,"height":591,"caption":"Akademia Muzyczna im. Krzysztofa Pendereckiego w Krakowie"},"image":{"@id":"https:\/\/www.amuz.krakow.pl\/#\/schema\/logo\/image\/"},"sameAs":["https:\/\/www.facebook.com\/amuz.krakow","https:\/\/www.instagram.com\/amkpenderecki\/","https:\/\/www.youtube.com\/@amkpenderecki4806"]}]}},"_links":{"self":[{"href":"https:\/\/www.amuz.krakow.pl\/en\/wp-json\/wp\/v2\/pages\/4845","targetHints":{"allow":["GET"]}}],"collection":[{"href":"https:\/\/www.amuz.krakow.pl\/en\/wp-json\/wp\/v2\/pages"}],"about":[{"href":"https:\/\/www.amuz.krakow.pl\/en\/wp-json\/wp\/v2\/types\/page"}],"author":[{"embeddable":true,"href":"https:\/\/www.amuz.krakow.pl\/en\/wp-json\/wp\/v2\/users\/72"}],"replies":[{"embeddable":true,"href":"https:\/\/www.amuz.krakow.pl\/en\/wp-json\/wp\/v2\/comments?post=4845"}],"version-history":[{"count":3,"href":"https:\/\/www.amuz.krakow.pl\/en\/wp-json\/wp\/v2\/pages\/4845\/revisions"}],"predecessor-version":[{"id":58018,"href":"https:\/\/www.amuz.krakow.pl\/en\/wp-json\/wp\/v2\/pages\/4845\/revisions\/58018"}],"up":[{"embeddable":true,"href":"https:\/\/www.amuz.krakow.pl\/en\/wp-json\/wp\/v2\/pages\/47055"}],"wp:attachment":[{"href":"https:\/\/www.amuz.krakow.pl\/en\/wp-json\/wp\/v2\/media?parent=4845"}],"curies":[{"name":"wp","href":"https:\/\/api.w.org\/{rel}","templated":true}]}}