{"id":4830,"date":"2016-03-13T19:47:48","date_gmt":"2016-03-13T18:47:48","guid":{"rendered":"http:\/\/www.amuz.krakow.pl\/?page_id=4830"},"modified":"2026-04-08T13:33:17","modified_gmt":"2026-04-08T11:33:17","slug":"marek-mleczko-oboj","status":"publish","type":"page","link":"https:\/\/www.amuz.krakow.pl\/en\/letnia-akademia-muzyczna\/wykaz-kursow\/instrumenty-dete\/marek-mleczko-oboj\/","title":{"rendered":"Marek Mleczko &#8211; oboe"},"content":{"rendered":"<p><\/p>\n<p style=\"text-align: justify;\"><img loading=\"lazy\" decoding=\"async\" class=\"alignleft wp-image-4831\" src=\"http:\/\/www.amuz.krakow.pl\/wp-content\/uploads\/2016\/03\/44.Mleczko-Marek-233x300.jpg\" alt=\"Mleczko Marek\" width=\"180\" height=\"232\" srcset=\"https:\/\/www.amuz.krakow.pl\/wp-content\/uploads\/2016\/03\/44.Mleczko-Marek-233x300.jpg 233w, https:\/\/www.amuz.krakow.pl\/wp-content\/uploads\/2016\/03\/44.Mleczko-Marek.jpg 275w\" sizes=\"auto, (max-width: 180px) 100vw, 180px\" \/><\/p>\n<p>A soloist, chamber musician, pedagogue, and oboe professor at the Krzysztof Penderecki Academy of Music in Krak\u00f3w.<\/p>\n<p>He studied in Krakow in the oboe class of Professor Jerzy Kotyczka and in Freiburg in the master class of Professor Heinz Holliger, an oboist and composer.<br \/>\nHe won 1st prize at &#8220;The Skene Award&#8221; International Competition in Aberdeen, 1st prize in the K. Kurpinski National Oboe Competition in W\u0142oszakowice -Pawlowice, was a finalist in the &#8220;Nicanor\u00a0Zabaleta&#8221; International Chamber Music Competition in San Sebastian and a finalist in the UFAM International Chamber Music Competition in Paris.<\/p>\n<p style=\"text-align: justify;\">For his musical achievements, he was awarded the Silver Cross of Merit by the President of the Republic of Poland and the title of Professor of Musical Arts.<br \/>\nHe has premiered numerous works by contemporary composers, including premiering the Luciano Berio&#8217;s Chemins IV in Poland.<br \/>\nFor 25 years, he was first oboist in the Capella Cracoviensis chamber orchestra under S. Ga\u0142o\u0144ski. He has collaborated with, among others, the Polish Chamber Orchestra, the Polish Chamber Philharmonic, the Polish Radio Chamber Orchestra &#8220;Amadeus&#8221;, the Radio Orchestra in Warsaw, and the Sinfonia Varsovia.<br \/>\nAs a soloist and chamber musician he has performed many times in Poland and abroad (the Czech Republic, Germany, Spain, Portugal, Hungary, Italy, Scotland, Sweden, the USA).<br \/>\nHe is the oboist of the Krakow Stroik Trio and Wind Quintet, an ensemble that has been nominated for the Polish Phonographic Academy&#8217;s &#8220;Fryderyk&#8221; award several times for its recordings.<br \/>\nIn 2010, the Minister of Culture and National Heritage awarded him the Bronze Medal for \u201cMerit to Culture Gloria Artis\u201d.<\/p>\n<p><\/p>","protected":false},"excerpt":{"rendered":"<p>A soloist, chamber musician, pedagogue, and oboe professor at the Krzysztof Penderecki Academy of Music in Krak\u00f3w. He studied in Krakow in the oboe class of Professor Jerzy Kotyczka and&hellip; <a href=\"https:\/\/www.amuz.krakow.pl\/en\/letnia-akademia-muzyczna\/wykaz-kursow\/instrumenty-dete\/marek-mleczko-oboj\/\">Continue reading<\/a><\/p>\n","protected":false},"author":72,"featured_media":0,"parent":47055,"menu_order":5,"comment_status":"closed","ping_status":"closed","template":"","meta":{"footnotes":"","_links_to":"","_links_to_target":""},"class_list":["post-4830","page","type-page","status-publish","hentry"],"yoast_head":"<!-- This site is optimized with the Yoast SEO plugin v27.4 - https:\/\/yoast.com\/product\/yoast-seo-wordpress\/ -->\n<title>AMKP - Akademia Muzyczna im. Krzysztofa Pendereckiego w Krakowie<\/title>\n<meta name=\"robots\" content=\"index, follow, max-snippet:-1, max-image-preview:large, max-video-preview:-1\" \/>\n<link rel=\"canonical\" href=\"https:\/\/www.amuz.krakow.pl\/letnia-akademia-muzyczna\/wykaz-kursow\/instrumenty-dete\/marek-mleczko-oboj\/\" \/>\n<meta property=\"og:locale\" content=\"en_US\" \/>\n<meta property=\"og:type\" content=\"article\" \/>\n<meta property=\"og:title\" content=\"Marek Mleczko - ob\u00f3j\" \/>\n<meta property=\"og:description\" content=\"Uko\u0144czy\u0142 Akademi\u0119 Muzyczn\u0105 w Krakowie w klasie prof. Jerzego Kotyczki (dyplom 1985). Studia muzyczne kontynuowa\u0142 w Staatliche Hochschule f\u00fcr Musik we Freiburgu w klasie mistrzowskiej prof. Heinza Holligera (dyplom 1990).\u00a0Uzyska\u0142 szereg nagr\u00f3d i wyr\u00f3\u017cnie\u0144 w konkursach muzycznych m.in.: I nagrod\u0119 w Mi\u0119dzynarodowym Konkursie \u201eThe Skene Award\u201d w Aberdeen (1985), I nagrod\u0119 w Og\u00f3lnopolskim Konkursie Obojowym im. K. Kurpi\u0144skiego we W\u0142oszakowicach (1986). By\u0142 finalist\u0105 Mi\u0119dzynarodowych Konkurs\u00f3w Muzyki Kameralnej \u201eNicanor Zabaleta\u201d w San Sebastian (1987) i UFAM w Pary\u017cu (1994). Za swoje osi\u0105gni\u0119cia muzyczne otrzyma\u0142 stypendia: Rosenberg-Stiftung, Deutscher Akademischer Austauschdienst oraz stypendium Prezydenta Miasta Krakowa. Dokona\u0142 licznych prawykona\u0144 utwor\u00f3w kompozytor\u00f3w wsp\u00f3\u0142czesnych (m.in. polskie prawykonanie Chemin IV L. Berio). Obecnie jest oboist\u0105 w orkiestrze kameralnej Capella Cracoviensis. Jest adiunktem II st. w krakowskiej Akademii Muzycznej.\" \/>\n<meta property=\"og:url\" content=\"https:\/\/www.amuz.krakow.pl\/letnia-akademia-muzyczna\/wykaz-kursow\/instrumenty-dete\/marek-mleczko-oboj\/\" \/>\n<meta property=\"og:site_name\" content=\"Akademia Muzyczna im. Krzysztofa Pendereckiego w Krakowie\" \/>\n<meta property=\"article:publisher\" content=\"https:\/\/www.facebook.com\/amuz.krakow\" \/>\n<meta property=\"article:modified_time\" content=\"2026-04-08T11:33:17+00:00\" \/>\n<meta property=\"og:image\" content=\"https:\/\/www.amuz.krakow.pl\/wp-content\/uploads\/2016\/03\/44.Mleczko-Marek.jpg\" \/>\n\t<meta property=\"og:image:width\" content=\"275\" \/>\n\t<meta property=\"og:image:height\" content=\"354\" \/>\n\t<meta property=\"og:image:type\" content=\"image\/jpeg\" \/>\n<meta name=\"twitter:card\" content=\"summary_large_image\" \/>\n<meta name=\"twitter:label1\" content=\"Est. reading time\" \/>\n\t<meta name=\"twitter:data1\" content=\"2 minutes\" \/>\n<script type=\"application\/ld+json\" class=\"yoast-schema-graph\">{\"@context\":\"https:\\\/\\\/schema.org\",\"@graph\":[{\"@type\":\"WebPage\",\"@id\":\"https:\\\/\\\/www.amuz.krakow.pl\\\/letnia-akademia-muzyczna\\\/wykaz-kursow\\\/instrumenty-dete\\\/marek-mleczko-oboj\\\/\",\"url\":\"https:\\\/\\\/www.amuz.krakow.pl\\\/letnia-akademia-muzyczna\\\/wykaz-kursow\\\/instrumenty-dete\\\/marek-mleczko-oboj\\\/\",\"name\":\"AMKP - Akademia Muzyczna im. Krzysztofa Pendereckiego w Krakowie\",\"isPartOf\":{\"@id\":\"https:\\\/\\\/www.amuz.krakow.pl\\\/#website\"},\"primaryImageOfPage\":{\"@id\":\"https:\\\/\\\/www.amuz.krakow.pl\\\/letnia-akademia-muzyczna\\\/wykaz-kursow\\\/instrumenty-dete\\\/marek-mleczko-oboj\\\/#primaryimage\"},\"image\":{\"@id\":\"https:\\\/\\\/www.amuz.krakow.pl\\\/letnia-akademia-muzyczna\\\/wykaz-kursow\\\/instrumenty-dete\\\/marek-mleczko-oboj\\\/#primaryimage\"},\"thumbnailUrl\":\"http:\\\/\\\/www.amuz.krakow.pl\\\/wp-content\\\/uploads\\\/2016\\\/03\\\/44.Mleczko-Marek-233x300.jpg\",\"datePublished\":\"2016-03-13T18:47:48+00:00\",\"dateModified\":\"2026-04-08T11:33:17+00:00\",\"breadcrumb\":{\"@id\":\"https:\\\/\\\/www.amuz.krakow.pl\\\/letnia-akademia-muzyczna\\\/wykaz-kursow\\\/instrumenty-dete\\\/marek-mleczko-oboj\\\/#breadcrumb\"},\"inLanguage\":\"en-US\",\"potentialAction\":[{\"@type\":\"ReadAction\",\"target\":[\"https:\\\/\\\/www.amuz.krakow.pl\\\/letnia-akademia-muzyczna\\\/wykaz-kursow\\\/instrumenty-dete\\\/marek-mleczko-oboj\\\/\"]}]},{\"@type\":\"ImageObject\",\"inLanguage\":\"en-US\",\"@id\":\"https:\\\/\\\/www.amuz.krakow.pl\\\/letnia-akademia-muzyczna\\\/wykaz-kursow\\\/instrumenty-dete\\\/marek-mleczko-oboj\\\/#primaryimage\",\"url\":\"http:\\\/\\\/www.amuz.krakow.pl\\\/wp-content\\\/uploads\\\/2016\\\/03\\\/44.Mleczko-Marek-233x300.jpg\",\"contentUrl\":\"http:\\\/\\\/www.amuz.krakow.pl\\\/wp-content\\\/uploads\\\/2016\\\/03\\\/44.Mleczko-Marek-233x300.jpg\"},{\"@type\":\"BreadcrumbList\",\"@id\":\"https:\\\/\\\/www.amuz.krakow.pl\\\/letnia-akademia-muzyczna\\\/wykaz-kursow\\\/instrumenty-dete\\\/marek-mleczko-oboj\\\/#breadcrumb\",\"itemListElement\":[{\"@type\":\"ListItem\",\"position\":1,\"name\":\"Strona g\u0142\u00f3wna\",\"item\":\"https:\\\/\\\/www.amuz.krakow.pl\\\/\"},{\"@type\":\"ListItem\",\"position\":2,\"name\":\"Letnia Akademia Muzyczna\",\"item\":\"https:\\\/\\\/www.amuz.krakow.pl\\\/letnia-akademia-muzyczna\\\/\"},{\"@type\":\"ListItem\",\"position\":3,\"name\":\"Wykaz kurs\u00f3w\",\"item\":\"https:\\\/\\\/www.amuz.krakow.pl\\\/letnia-akademia-muzyczna\\\/wykaz-kursow\\\/\"},{\"@type\":\"ListItem\",\"position\":4,\"name\":\"Instrumenty d\u0119te\",\"item\":\"https:\\\/\\\/www.amuz.krakow.pl\\\/letnia-akademia-muzyczna\\\/wykaz-kursow\\\/instrumenty-dete\\\/\"},{\"@type\":\"ListItem\",\"position\":5,\"name\":\"Marek Mleczko &#8211; ob\u00f3j\"}]},{\"@type\":\"WebSite\",\"@id\":\"https:\\\/\\\/www.amuz.krakow.pl\\\/#website\",\"url\":\"https:\\\/\\\/www.amuz.krakow.pl\\\/\",\"name\":\"Akademia Muzyczna im. Krzysztofa Pendereckiego w Krakowie\",\"description\":\"Oficjalna strona Akademii Muzycznej im. Krzysztofa Pendereckiego w Krakowie (AMKP).\",\"publisher\":{\"@id\":\"https:\\\/\\\/www.amuz.krakow.pl\\\/#organization\"},\"alternateName\":\"AMKP\",\"potentialAction\":[{\"@type\":\"SearchAction\",\"target\":{\"@type\":\"EntryPoint\",\"urlTemplate\":\"https:\\\/\\\/www.amuz.krakow.pl\\\/?s={search_term_string}\"},\"query-input\":{\"@type\":\"PropertyValueSpecification\",\"valueRequired\":true,\"valueName\":\"search_term_string\"}}],\"inLanguage\":\"en-US\"},{\"@type\":\"Organization\",\"@id\":\"https:\\\/\\\/www.amuz.krakow.pl\\\/#organization\",\"name\":\"Akademia Muzyczna im. Krzysztofa Pendereckiego w Krakowie\",\"alternateName\":\"AMKP\",\"url\":\"https:\\\/\\\/www.amuz.krakow.pl\\\/\",\"logo\":{\"@type\":\"ImageObject\",\"inLanguage\":\"en-US\",\"@id\":\"https:\\\/\\\/www.amuz.krakow.pl\\\/#\\\/schema\\\/logo\\\/image\\\/\",\"url\":\"https:\\\/\\\/www.amuz.krakow.pl\\\/wp-content\\\/uploads\\\/2021\\\/11\\\/amkp.jpg\",\"contentUrl\":\"https:\\\/\\\/www.amuz.krakow.pl\\\/wp-content\\\/uploads\\\/2021\\\/11\\\/amkp.jpg\",\"width\":1193,\"height\":591,\"caption\":\"Akademia Muzyczna im. Krzysztofa Pendereckiego w Krakowie\"},\"image\":{\"@id\":\"https:\\\/\\\/www.amuz.krakow.pl\\\/#\\\/schema\\\/logo\\\/image\\\/\"},\"sameAs\":[\"https:\\\/\\\/www.facebook.com\\\/amuz.krakow\",\"https:\\\/\\\/www.instagram.com\\\/amkpenderecki\\\/\",\"https:\\\/\\\/www.youtube.com\\\/@amkpenderecki4806\"]}]}<\/script>\n<!-- \/ Yoast SEO plugin. -->","yoast_head_json":{"title":"AMKP - Akademia Muzyczna im. Krzysztofa Pendereckiego w Krakowie","robots":{"index":"index","follow":"follow","max-snippet":"max-snippet:-1","max-image-preview":"max-image-preview:large","max-video-preview":"max-video-preview:-1"},"canonical":"https:\/\/www.amuz.krakow.pl\/letnia-akademia-muzyczna\/wykaz-kursow\/instrumenty-dete\/marek-mleczko-oboj\/","og_locale":"en_US","og_type":"article","og_title":"Marek Mleczko - ob\u00f3j","og_description":"Uko\u0144czy\u0142 Akademi\u0119 Muzyczn\u0105 w Krakowie w klasie prof. Jerzego Kotyczki (dyplom 1985). Studia muzyczne kontynuowa\u0142 w Staatliche Hochschule f\u00fcr Musik we Freiburgu w klasie mistrzowskiej prof. Heinza Holligera (dyplom 1990).\u00a0Uzyska\u0142 szereg nagr\u00f3d i wyr\u00f3\u017cnie\u0144 w konkursach muzycznych m.in.: I nagrod\u0119 w Mi\u0119dzynarodowym Konkursie \u201eThe Skene Award\u201d w Aberdeen (1985), I nagrod\u0119 w Og\u00f3lnopolskim Konkursie Obojowym im. K. Kurpi\u0144skiego we W\u0142oszakowicach (1986). By\u0142 finalist\u0105 Mi\u0119dzynarodowych Konkurs\u00f3w Muzyki Kameralnej \u201eNicanor Zabaleta\u201d w San Sebastian (1987) i UFAM w Pary\u017cu (1994). Za swoje osi\u0105gni\u0119cia muzyczne otrzyma\u0142 stypendia: Rosenberg-Stiftung, Deutscher Akademischer Austauschdienst oraz stypendium Prezydenta Miasta Krakowa. Dokona\u0142 licznych prawykona\u0144 utwor\u00f3w kompozytor\u00f3w wsp\u00f3\u0142czesnych (m.in. polskie prawykonanie Chemin IV L. Berio). Obecnie jest oboist\u0105 w orkiestrze kameralnej Capella Cracoviensis. Jest adiunktem II st. w krakowskiej Akademii Muzycznej.","og_url":"https:\/\/www.amuz.krakow.pl\/letnia-akademia-muzyczna\/wykaz-kursow\/instrumenty-dete\/marek-mleczko-oboj\/","og_site_name":"Akademia Muzyczna im. Krzysztofa Pendereckiego w Krakowie","article_publisher":"https:\/\/www.facebook.com\/amuz.krakow","article_modified_time":"2026-04-08T11:33:17+00:00","og_image":[{"width":275,"height":354,"url":"https:\/\/www.amuz.krakow.pl\/wp-content\/uploads\/2016\/03\/44.Mleczko-Marek.jpg","type":"image\/jpeg"}],"twitter_card":"summary_large_image","twitter_misc":{"Est. reading time":"2 minutes"},"schema":{"@context":"https:\/\/schema.org","@graph":[{"@type":"WebPage","@id":"https:\/\/www.amuz.krakow.pl\/letnia-akademia-muzyczna\/wykaz-kursow\/instrumenty-dete\/marek-mleczko-oboj\/","url":"https:\/\/www.amuz.krakow.pl\/letnia-akademia-muzyczna\/wykaz-kursow\/instrumenty-dete\/marek-mleczko-oboj\/","name":"AMKP - Akademia Muzyczna im. Krzysztofa Pendereckiego w Krakowie","isPartOf":{"@id":"https:\/\/www.amuz.krakow.pl\/#website"},"primaryImageOfPage":{"@id":"https:\/\/www.amuz.krakow.pl\/letnia-akademia-muzyczna\/wykaz-kursow\/instrumenty-dete\/marek-mleczko-oboj\/#primaryimage"},"image":{"@id":"https:\/\/www.amuz.krakow.pl\/letnia-akademia-muzyczna\/wykaz-kursow\/instrumenty-dete\/marek-mleczko-oboj\/#primaryimage"},"thumbnailUrl":"http:\/\/www.amuz.krakow.pl\/wp-content\/uploads\/2016\/03\/44.Mleczko-Marek-233x300.jpg","datePublished":"2016-03-13T18:47:48+00:00","dateModified":"2026-04-08T11:33:17+00:00","breadcrumb":{"@id":"https:\/\/www.amuz.krakow.pl\/letnia-akademia-muzyczna\/wykaz-kursow\/instrumenty-dete\/marek-mleczko-oboj\/#breadcrumb"},"inLanguage":"en-US","potentialAction":[{"@type":"ReadAction","target":["https:\/\/www.amuz.krakow.pl\/letnia-akademia-muzyczna\/wykaz-kursow\/instrumenty-dete\/marek-mleczko-oboj\/"]}]},{"@type":"ImageObject","inLanguage":"en-US","@id":"https:\/\/www.amuz.krakow.pl\/letnia-akademia-muzyczna\/wykaz-kursow\/instrumenty-dete\/marek-mleczko-oboj\/#primaryimage","url":"http:\/\/www.amuz.krakow.pl\/wp-content\/uploads\/2016\/03\/44.Mleczko-Marek-233x300.jpg","contentUrl":"http:\/\/www.amuz.krakow.pl\/wp-content\/uploads\/2016\/03\/44.Mleczko-Marek-233x300.jpg"},{"@type":"BreadcrumbList","@id":"https:\/\/www.amuz.krakow.pl\/letnia-akademia-muzyczna\/wykaz-kursow\/instrumenty-dete\/marek-mleczko-oboj\/#breadcrumb","itemListElement":[{"@type":"ListItem","position":1,"name":"Strona g\u0142\u00f3wna","item":"https:\/\/www.amuz.krakow.pl\/"},{"@type":"ListItem","position":2,"name":"Letnia Akademia Muzyczna","item":"https:\/\/www.amuz.krakow.pl\/letnia-akademia-muzyczna\/"},{"@type":"ListItem","position":3,"name":"Wykaz kurs\u00f3w","item":"https:\/\/www.amuz.krakow.pl\/letnia-akademia-muzyczna\/wykaz-kursow\/"},{"@type":"ListItem","position":4,"name":"Instrumenty d\u0119te","item":"https:\/\/www.amuz.krakow.pl\/letnia-akademia-muzyczna\/wykaz-kursow\/instrumenty-dete\/"},{"@type":"ListItem","position":5,"name":"Marek Mleczko &#8211; ob\u00f3j"}]},{"@type":"WebSite","@id":"https:\/\/www.amuz.krakow.pl\/#website","url":"https:\/\/www.amuz.krakow.pl\/","name":"Akademia Muzyczna im. Krzysztofa Pendereckiego w Krakowie","description":"Oficjalna strona Akademii Muzycznej im. Krzysztofa Pendereckiego w Krakowie (AMKP).","publisher":{"@id":"https:\/\/www.amuz.krakow.pl\/#organization"},"alternateName":"AMKP","potentialAction":[{"@type":"SearchAction","target":{"@type":"EntryPoint","urlTemplate":"https:\/\/www.amuz.krakow.pl\/?s={search_term_string}"},"query-input":{"@type":"PropertyValueSpecification","valueRequired":true,"valueName":"search_term_string"}}],"inLanguage":"en-US"},{"@type":"Organization","@id":"https:\/\/www.amuz.krakow.pl\/#organization","name":"Akademia Muzyczna im. Krzysztofa Pendereckiego w Krakowie","alternateName":"AMKP","url":"https:\/\/www.amuz.krakow.pl\/","logo":{"@type":"ImageObject","inLanguage":"en-US","@id":"https:\/\/www.amuz.krakow.pl\/#\/schema\/logo\/image\/","url":"https:\/\/www.amuz.krakow.pl\/wp-content\/uploads\/2021\/11\/amkp.jpg","contentUrl":"https:\/\/www.amuz.krakow.pl\/wp-content\/uploads\/2021\/11\/amkp.jpg","width":1193,"height":591,"caption":"Akademia Muzyczna im. Krzysztofa Pendereckiego w Krakowie"},"image":{"@id":"https:\/\/www.amuz.krakow.pl\/#\/schema\/logo\/image\/"},"sameAs":["https:\/\/www.facebook.com\/amuz.krakow","https:\/\/www.instagram.com\/amkpenderecki\/","https:\/\/www.youtube.com\/@amkpenderecki4806"]}]}},"_links":{"self":[{"href":"https:\/\/www.amuz.krakow.pl\/en\/wp-json\/wp\/v2\/pages\/4830","targetHints":{"allow":["GET"]}}],"collection":[{"href":"https:\/\/www.amuz.krakow.pl\/en\/wp-json\/wp\/v2\/pages"}],"about":[{"href":"https:\/\/www.amuz.krakow.pl\/en\/wp-json\/wp\/v2\/types\/page"}],"author":[{"embeddable":true,"href":"https:\/\/www.amuz.krakow.pl\/en\/wp-json\/wp\/v2\/users\/72"}],"replies":[{"embeddable":true,"href":"https:\/\/www.amuz.krakow.pl\/en\/wp-json\/wp\/v2\/comments?post=4830"}],"version-history":[{"count":6,"href":"https:\/\/www.amuz.krakow.pl\/en\/wp-json\/wp\/v2\/pages\/4830\/revisions"}],"predecessor-version":[{"id":84120,"href":"https:\/\/www.amuz.krakow.pl\/en\/wp-json\/wp\/v2\/pages\/4830\/revisions\/84120"}],"up":[{"embeddable":true,"href":"https:\/\/www.amuz.krakow.pl\/en\/wp-json\/wp\/v2\/pages\/47055"}],"wp:attachment":[{"href":"https:\/\/www.amuz.krakow.pl\/en\/wp-json\/wp\/v2\/media?parent=4830"}],"curies":[{"name":"wp","href":"https:\/\/api.w.org\/{rel}","templated":true}]}}