{"id":48274,"date":"2021-03-23T10:42:59","date_gmt":"2021-03-23T09:42:59","guid":{"rendered":"https:\/\/www.amuz.krakow.pl\/?page_id=48274"},"modified":"2024-04-05T11:39:47","modified_gmt":"2024-04-05T09:39:47","slug":"deklaracja-dostepnosci","status":"publish","type":"page","link":"https:\/\/www.amuz.krakow.pl\/en\/dostepnosc\/deklaracja-dostepnosci\/","title":{"rendered":"Accessibility statement"},"content":{"rendered":"<p><\/p>\n<p id=\"a11y-wstep\" style=\"text-align: justify;\"><span id=\"a11y-podmiot\">Akademia Muzyczna im. Krzysztofa Pendereckiego w Krakowie<\/span> zobowi\u0105zuje si\u0119 zapewni\u0107 dost\u0119pno\u015b\u0107 swojej strony internetowej zgodnie z Ustaw\u0105 z dnia 4 kwietnia 2019 r. o dost\u0119pno\u015bci cyfrowej stron internetowych i aplikacji mobilnych podmiot\u00f3w publicznych. O\u015bwiadczenie w sprawie dost\u0119pno\u015bci ma zastosowanie do strony internetowej: <a id=\"a11y-url\" href=\"https:\/\/www.amuz.krakow.pl\">Akademii Muzycznej im. Krzysztofa Pendereckiego w Krakowie<\/a>.<\/p>\n<p style=\"text-align: justify;\">Data publikacji strony internetowej: <span id=\"a11y-data-publikacja\">2015-11-03<\/span><br \/>\nData ostatniej istotnej aktualizacji: <span id=\"a11y-data-aktualizacja\">2021-03-01<\/span><\/p>\n<p style=\"text-align: justify;\"><span id=\"a11y-status\">Strona internetowa jest cz\u0119\u015bciowo zgodna z ustaw\u0105 z dnia 4 kwietnia 2019 r. o dost\u0119pno\u015bci cyfrowej stron internetowych i aplikacji mobilnych podmiot\u00f3w publicznych.<\/span><\/p>\n<p style=\"text-align: justify;\">Tre\u015bci niezgodne:<br \/>\n&#8211; wyst\u0119powanie tre\u015bci nietekstowych, kt\u00f3re nie posiadaj\u0105 poprawnej alternatywy tekstowej,<br \/>\n&#8211; brak mechanizmu umo\u017cliwiaj\u0105cego pomijanie powtarzalnych blok\u00f3w strony,<br \/>\n&#8211; niekt\u00f3re tre\u015bci mog\u0105 by\u0107 zbyt obszerne &#8211; ich wytworzenie odbywa\u0142o si\u0119 w kilku kom\u00f3rkach organizacyjnych, co uniemo\u017cliwia\u0142o wp\u0142yw na ich docelow\u0105 tre\u015b\u0107 oraz kszta\u0142t,<br \/>\n&#8211; opublikowane w oparciu o zasady przyj\u0119te w innej jednostce organizacyjnej,<br \/>\n&#8211; posiadaj\u0105 struktur\u0119, w kt\u00f3r\u0105 nie ma mo\u017cliwo\u015bci ingerencji,<br \/>\n&#8211; wyst\u0119powanie nieprawid\u0142owo\u015bci dotycz\u0105cych link\u00f3w (niezrozumia\u0142e nazewnictwo),<br \/>\n&#8211; opublikowane zosta\u0142y przed wej\u015bciem w \u017cycie ustawy o dost\u0119pno\u015bci cyfrowej.<\/p>\n<p style=\"text-align: justify;\">O\u015bwiadczenie sporz\u0105dzono dnia: <span id=\"a11y-data-sporzadzenie\">2021-03-01<\/span>.<br \/>\nDeklaracj\u0119 sporz\u0105dzono na podstawie samooceny przeprowadzonej przez podmiot publiczny.<\/p>\n<p id=\"a11y-kontakt\" style=\"text-align: justify;\"><span style=\"font-size: 12pt;\"><strong>Informacje zwrotne i dane kontaktowe<\/strong><\/span><\/p>\n<p style=\"text-align: justify;\">W przypadku problem\u00f3w z dost\u0119pno\u015bci\u0105 strony internetowej prosimy o kontakt. Osob\u0105 do kontaktu jest p. <strong><span id=\"\u201da11y-osoba\u201d\">mgr Agnieszka Czyczy\u0142o, <\/span><\/strong><span id=\"\u201da11y-email\u201d\">dostepnosc@amuz.krakow.pl.<\/span><\/p>\n<p style=\"text-align: justify;\"><span id=\"a11y-procedura\">T\u0105 sam\u0105 drog\u0105 mo\u017cna sk\u0142ada\u0107 wnioski o udost\u0119pnienie informacji niedost\u0119pnej oraz sk\u0142ada\u0107 \u017c\u0105dania zapewnienia dost\u0119pno\u015bci.<\/span><\/p>\n<p id=\"\u201da11y-procedura\u201d\" style=\"text-align: justify;\">Ka\u017cdy ma prawo do wyst\u0105pienia z \u017c\u0105daniem zapewnienia dost\u0119pno\u015bci cyfrowej strony internetowej, aplikacji mobilnej lub jakiego\u015b ich elementu. Mo\u017cna tak\u017ce za\u017c\u0105da\u0107 udost\u0119pnienia informacji za pomoc\u0105 alternatywnego sposobu dost\u0119pu, na przyk\u0142ad przez odczytanie niedost\u0119pnego cyfrowo dokumentu. \u017b\u0105danie powinno zawiera\u0107 dane osoby zg\u0142aszaj\u0105cej \u017c\u0105danie, wskazanie, o kt\u00f3r\u0105 stron\u0119 internetow\u0105 lub aplikacj\u0119 mobiln\u0105 chodzi oraz spos\u00f3b kontaktu. Je\u017celi osoba \u017c\u0105daj\u0105ca zg\u0142asza potrzeb\u0119 otrzymania informacji za pomoc\u0105 alternatywnego sposobu dost\u0119pu, powinna tak\u017ce okre\u015bli\u0107 dogodny dla niej spos\u00f3b przedstawienia tej informacji. Podmiot publiczny powinien zrealizowa\u0107 \u017c\u0105danie niezw\u0142ocznie, nie p\u00f3\u017aniej ni\u017c w ci\u0105gu 7 dni od dnia wyst\u0105pienia z \u017c\u0105daniem. Je\u017celi dotrzymanie tego terminu nie jest mo\u017cliwe, podmiot publiczny niezw\u0142ocznie informuje o tym wnosz\u0105cego \u017c\u0105danie, kiedy realizacja \u017c\u0105dania b\u0119dzie mo\u017cliwa, przy czym termin ten nie mo\u017ce by\u0107 d\u0142u\u017cszy ni\u017c 2 miesi\u0105ce od dnia wyst\u0105pienia z \u017c\u0105daniem. Je\u017celi zapewnienie dost\u0119pno\u015bci cyfrowej nie jest mo\u017cliwe, podmiot publiczny mo\u017ce zaproponowa\u0107 alternatywny spos\u00f3b dost\u0119pu do informacji. w przypadku, gdy podmiot publiczny odm\u00f3wi realizacji \u017c\u0105dania zapewnienia dost\u0119pno\u015bci lub alternatywnego sposobu dost\u0119pu do informacji, wnosz\u0105cy \u017c\u0105danie mo\u017ce z\u0142o\u017cy\u0107 skarg\u0119 w sprawie zapewniana dost\u0119pno\u015bci cyfrowej strony internetowej, aplikacji mobilnej lub elementu strony internetowej, lub aplikacji mobilnej. Po wyczerpaniu wskazanej wy\u017cej procedury mo\u017cna tak\u017ce z\u0142o\u017cy\u0107 wniosek do Rzecznika Praw Obywatelskich.<\/p>\n<p style=\"text-align: justify;\">Link do strony internetowej Rzecznika Praw Obywatelskich: <a href=\"https:\/\/www.rpo.gov.pl\/\">https:\/\/www.rpo.gov.pl\/<\/a><\/p>\n<p style=\"text-align: justify;\"><span style=\"font-size: 12pt;\"><strong><span id=\"a11y-architektura\">DOST\u0118PNO\u015a\u0106 ARCHITEKTONICZNA<\/span><\/strong><\/span><\/p>\n<p style=\"text-align: justify;\"><strong>Budynek, Akademia Muzyczna im. Krzysztofa Pendereckiego w Krakowie, ul. \u015bw. Tomasza 43, 31-027 Krak\u00f3w<\/strong><\/p>\n<p style=\"text-align: justify;\">Budynek posiadaj\u0105cy bariery architektoniczne. Wej\u015bcie do budynku -1 schodek<br \/>\nNad wej\u015bciami nie ma g\u0142o\u015bnik\u00f3w systemu naprowadzaj\u0105cego d\u017awi\u0119kowo osoby niewidome i s\u0142abowidz\u0105ce.<br \/>\nWej\u015bcie nie jest zabezpieczone bramkami.<br \/>\nW budynku znajduj\u0105 si\u0119 dwie windy, oznaczone s\u0105 alfabetem punktowym Braille&#8217;a.<br \/>\nDrzwi wszystkich pomieszcze\u0144 w budynku nie posiadaj\u0105 oznaczenia.<br \/>\nW budynku \u2013 na pi\u0119trach I, II, IV, V \u2013 znajduj\u0105 si\u0119 toalety przystosowane do potrzeb os\u00f3b z niepe\u0142nosprawno\u015bciami.<br \/>\nW pobli\u017cu budynku nie ma wyznaczonych miejsc parkingowych dla os\u00f3b z niepe\u0142nosprawno\u015bciami.<br \/>\nNa podstawie ustawy o j\u0119zyku migowym i innych \u015brodkach komunikowania si\u0119 informujemy, i\u017c w Akademii Muzycznej im. Krzysztofa Pendereckiego w Krakowie dla os\u00f3b maj\u0105cych trwa\u0142e lub okresowe trudno\u015bci w komunikowaniu si\u0119 dost\u0119pne s\u0105 nast\u0119puj\u0105ce us\u0142ugi wspieraj\u0105ce komunikowanie si\u0119:<br \/>\n&#8211; korzystanie z poczty elektronicznej \u2013 <a href=\"mailto:rektor@amuz.krakow.pl\">rektor@amuz.krakow.pl<\/a><br \/>\n&#8211; przesy\u0142anie faks\u00f3w \u2013 \u00a012\u00a0422\u00a044\u00a055.<\/p>\n<p style=\"text-align: justify;\"><strong>Budynek, Aula Florianka Akademii Muzycznej im. Krzysztofa Pendereckiego w Krakowie, ul. Sereno Fenn\u2019a 15, 31-143 Krak\u00f3w<\/strong><\/p>\n<p style=\"text-align: justify;\">Budynek posiadaj\u0105cy bariery architektoniczne.<br \/>\nNad wej\u015bciami nie ma g\u0142o\u015bnik\u00f3w systemu naprowadzaj\u0105cego d\u017awi\u0119kowo osoby niewidome i s\u0142abowidz\u0105ce.<br \/>\nWej\u015bcia nie s\u0105 zabezpieczone bramkami.<br \/>\nW budynku nie ma windy.<br \/>\nW budynku nie ma platformy przyschodowej.<br \/>\nBudynek nie jest dost\u0119pny dla os\u00f3b niepe\u0142nosprawnych ruchowo.<br \/>\nNie ma toalety przystosowanej do potrzeb os\u00f3b niepe\u0142nosprawnych.<br \/>\nPrzed budynkiem nie wyznaczono miejsc parkingowych dla os\u00f3b niepe\u0142nosprawnych.<br \/>\nW budynku nie ma oznacze\u0144 w alfabecie punktowym Braille&#8217;a, ani oznacze\u0144 kontrastowych lub w druku powi\u0119kszonym dla os\u00f3b niewidomych i s\u0142abowidz\u0105cych.<\/p>\n<p><strong>Budynek, Akademia Muzyczna im. Krzysztofa Pendereckiego w Krakowie. ul. Potebni 7, 30-537 Krak\u00f3w<\/strong><\/p>\n<p style=\"text-align: justify;\">Budynek posiadaj\u0105cy bariery architektoniczne. Wej\u015bcie do budynku -3 schody<br \/>\nNad wej\u015bciami nie ma g\u0142o\u015bnik\u00f3w systemu naprowadzaj\u0105cego d\u017awi\u0119kowo osoby niewidome i s\u0142abowidz\u0105ce.<br \/>\nWej\u015bcie nie jest zabezpieczone bramkami.<br \/>\nW budynku brak windy.<br \/>\nDrzwi wszystkich pomieszcze\u0144 w budynku nie posiadaj\u0105 oznaczenia.<br \/>\nW budynku \u2013 na parterze i I pi\u0119trze \u2013 znajduj\u0105 si\u0119 toalety nieprzystosowane do potrzeb os\u00f3b z niepe\u0142nosprawno\u015bciami.<br \/>\nW pobli\u017cu budynku nie ma wyznaczonych miejsc parkingowych dla os\u00f3b z niepe\u0142nosprawno\u015bciami.<br \/>\nNa podstawie ustawy o j\u0119zyku migowym i innych \u015brodkach komunikowania si\u0119 informujemy, i\u017c w Akademii Muzycznej im. Krzysztofa Pendereckiego w Krakowie dla os\u00f3b maj\u0105cych trwa\u0142e lub okresowe trudno\u015bci w komunikowaniu si\u0119 dost\u0119pne s\u0105 nast\u0119puj\u0105ce us\u0142ugi wspieraj\u0105ce komunikowanie si\u0119:<br \/>\n\u2013 korzystanie z poczty elektronicznej \u2013 rektor@amuz.krakow.pl<br \/>\n\u2013 przesy\u0142anie faks\u00f3w \u2013 12 422 44 55.<\/p>\n<p><\/p>","protected":false},"excerpt":{"rendered":"<p>Akademia Muzyczna im. Krzysztofa Pendereckiego w Krakowie zobowi\u0105zuje si\u0119 zapewni\u0107 dost\u0119pno\u015b\u0107 swojej strony internetowej zgodnie z Ustaw\u0105 z dnia 4 kwietnia 2019 r. o dost\u0119pno\u015bci cyfrowej stron internetowych i aplikacji&hellip; <a href=\"https:\/\/www.amuz.krakow.pl\/en\/dostepnosc\/deklaracja-dostepnosci\/\">Continue reading<\/a><\/p>\n","protected":false},"author":1,"featured_media":82639,"parent":81807,"menu_order":1,"comment_status":"closed","ping_status":"closed","template":"","meta":{"footnotes":"","_links_to":"","_links_to_target":""},"class_list":["post-48274","page","type-page","status-publish","has-post-thumbnail","hentry"],"yoast_head":"<!-- This site is optimized with the Yoast SEO plugin v27.2 - https:\/\/yoast.com\/product\/yoast-seo-wordpress\/ -->\n<title>AMKP - Akademia Muzyczna im. Krzysztofa Pendereckiego w Krakowie<\/title>\n<meta name=\"robots\" content=\"index, follow, max-snippet:-1, max-image-preview:large, max-video-preview:-1\" \/>\n<link rel=\"canonical\" href=\"https:\/\/www.amuz.krakow.pl\/dostepnosc\/deklaracja-dostepnosci\/\" \/>\n<meta property=\"og:locale\" content=\"en_US\" \/>\n<meta property=\"og:type\" content=\"article\" \/>\n<meta property=\"og:title\" content=\"AMKP - Akademia Muzyczna im. Krzysztofa Pendereckiego w Krakowie\" \/>\n<meta property=\"og:description\" content=\"Akademia Muzyczna im. Krzysztofa Pendereckiego w Krakowie zobowi\u0105zuje si\u0119 zapewni\u0107 dost\u0119pno\u015b\u0107 swojej strony internetowej zgodnie z Ustaw\u0105 z dnia 4 kwietnia 2019 r. o dost\u0119pno\u015bci cyfrowej stron internetowych i aplikacji&hellip; Continue reading\" \/>\n<meta property=\"og:url\" content=\"https:\/\/www.amuz.krakow.pl\/dostepnosc\/deklaracja-dostepnosci\/\" \/>\n<meta property=\"og:site_name\" content=\"Akademia Muzyczna im. Krzysztofa Pendereckiego w Krakowie\" \/>\n<meta property=\"article:publisher\" content=\"https:\/\/www.facebook.com\/amuz.krakow\" \/>\n<meta property=\"article:modified_time\" content=\"2024-04-05T09:39:47+00:00\" \/>\n<meta property=\"og:image\" content=\"https:\/\/www.amuz.krakow.pl\/wp-content\/uploads\/2024\/01\/accessibility-1.jpg\" \/>\n\t<meta property=\"og:image:width\" content=\"1000\" \/>\n\t<meta property=\"og:image:height\" content=\"500\" \/>\n\t<meta property=\"og:image:type\" content=\"image\/jpeg\" \/>\n<meta name=\"twitter:card\" content=\"summary_large_image\" \/>\n<meta name=\"twitter:label1\" content=\"Est. reading time\" \/>\n\t<meta name=\"twitter:data1\" content=\"5 minutes\" \/>\n<script type=\"application\/ld+json\" class=\"yoast-schema-graph\">{\"@context\":\"https:\/\/schema.org\",\"@graph\":[{\"@type\":\"WebPage\",\"@id\":\"https:\/\/www.amuz.krakow.pl\/dostepnosc\/deklaracja-dostepnosci\/\",\"url\":\"https:\/\/www.amuz.krakow.pl\/dostepnosc\/deklaracja-dostepnosci\/\",\"name\":\"AMKP - Akademia Muzyczna im. Krzysztofa Pendereckiego w Krakowie\",\"isPartOf\":{\"@id\":\"https:\/\/www.amuz.krakow.pl\/#website\"},\"primaryImageOfPage\":{\"@id\":\"https:\/\/www.amuz.krakow.pl\/dostepnosc\/deklaracja-dostepnosci\/#primaryimage\"},\"image\":{\"@id\":\"https:\/\/www.amuz.krakow.pl\/dostepnosc\/deklaracja-dostepnosci\/#primaryimage\"},\"thumbnailUrl\":\"https:\/\/www.amuz.krakow.pl\/wp-content\/uploads\/2024\/01\/accessibility-1.jpg\",\"datePublished\":\"2021-03-23T09:42:59+00:00\",\"dateModified\":\"2024-04-05T09:39:47+00:00\",\"breadcrumb\":{\"@id\":\"https:\/\/www.amuz.krakow.pl\/dostepnosc\/deklaracja-dostepnosci\/#breadcrumb\"},\"inLanguage\":\"en-US\",\"potentialAction\":[{\"@type\":\"ReadAction\",\"target\":[\"https:\/\/www.amuz.krakow.pl\/dostepnosc\/deklaracja-dostepnosci\/\"]}]},{\"@type\":\"ImageObject\",\"inLanguage\":\"en-US\",\"@id\":\"https:\/\/www.amuz.krakow.pl\/dostepnosc\/deklaracja-dostepnosci\/#primaryimage\",\"url\":\"https:\/\/www.amuz.krakow.pl\/wp-content\/uploads\/2024\/01\/accessibility-1.jpg\",\"contentUrl\":\"https:\/\/www.amuz.krakow.pl\/wp-content\/uploads\/2024\/01\/accessibility-1.jpg\",\"width\":1000,\"height\":500},{\"@type\":\"BreadcrumbList\",\"@id\":\"https:\/\/www.amuz.krakow.pl\/dostepnosc\/deklaracja-dostepnosci\/#breadcrumb\",\"itemListElement\":[{\"@type\":\"ListItem\",\"position\":1,\"name\":\"Strona g\u0142\u00f3wna\",\"item\":\"https:\/\/www.amuz.krakow.pl\/\"},{\"@type\":\"ListItem\",\"position\":2,\"name\":\"Dost\u0119pno\u015b\u0107\",\"item\":\"https:\/\/www.amuz.krakow.pl\/dostepnosc\/\"},{\"@type\":\"ListItem\",\"position\":3,\"name\":\"Deklaracja dost\u0119pno\u015bci\"}]},{\"@type\":\"WebSite\",\"@id\":\"https:\/\/www.amuz.krakow.pl\/#website\",\"url\":\"https:\/\/www.amuz.krakow.pl\/\",\"name\":\"Akademia Muzyczna im. Krzysztofa Pendereckiego w Krakowie\",\"description\":\"Oficjalna strona Akademii Muzycznej im. Krzysztofa Pendereckiego w Krakowie (AMKP).\",\"publisher\":{\"@id\":\"https:\/\/www.amuz.krakow.pl\/#organization\"},\"alternateName\":\"AMKP\",\"potentialAction\":[{\"@type\":\"SearchAction\",\"target\":{\"@type\":\"EntryPoint\",\"urlTemplate\":\"https:\/\/www.amuz.krakow.pl\/?s={search_term_string}\"},\"query-input\":{\"@type\":\"PropertyValueSpecification\",\"valueRequired\":true,\"valueName\":\"search_term_string\"}}],\"inLanguage\":\"en-US\"},{\"@type\":\"Organization\",\"@id\":\"https:\/\/www.amuz.krakow.pl\/#organization\",\"name\":\"Akademia Muzyczna im. Krzysztofa Pendereckiego w Krakowie\",\"alternateName\":\"AMKP\",\"url\":\"https:\/\/www.amuz.krakow.pl\/\",\"logo\":{\"@type\":\"ImageObject\",\"inLanguage\":\"en-US\",\"@id\":\"https:\/\/www.amuz.krakow.pl\/#\/schema\/logo\/image\/\",\"url\":\"https:\/\/www.amuz.krakow.pl\/wp-content\/uploads\/2021\/11\/amkp.jpg\",\"contentUrl\":\"https:\/\/www.amuz.krakow.pl\/wp-content\/uploads\/2021\/11\/amkp.jpg\",\"width\":1193,\"height\":591,\"caption\":\"Akademia Muzyczna im. Krzysztofa Pendereckiego w Krakowie\"},\"image\":{\"@id\":\"https:\/\/www.amuz.krakow.pl\/#\/schema\/logo\/image\/\"},\"sameAs\":[\"https:\/\/www.facebook.com\/amuz.krakow\",\"https:\/\/www.instagram.com\/amkpenderecki\/\",\"https:\/\/www.youtube.com\/@amkpenderecki4806\"]}]}<\/script>\n<!-- \/ Yoast SEO plugin. -->","yoast_head_json":{"title":"AMKP - Akademia Muzyczna im. Krzysztofa Pendereckiego w Krakowie","robots":{"index":"index","follow":"follow","max-snippet":"max-snippet:-1","max-image-preview":"max-image-preview:large","max-video-preview":"max-video-preview:-1"},"canonical":"https:\/\/www.amuz.krakow.pl\/dostepnosc\/deklaracja-dostepnosci\/","og_locale":"en_US","og_type":"article","og_title":"AMKP - Akademia Muzyczna im. Krzysztofa Pendereckiego w Krakowie","og_description":"Akademia Muzyczna im. Krzysztofa Pendereckiego w Krakowie zobowi\u0105zuje si\u0119 zapewni\u0107 dost\u0119pno\u015b\u0107 swojej strony internetowej zgodnie z Ustaw\u0105 z dnia 4 kwietnia 2019 r. o dost\u0119pno\u015bci cyfrowej stron internetowych i aplikacji&hellip; Continue reading","og_url":"https:\/\/www.amuz.krakow.pl\/dostepnosc\/deklaracja-dostepnosci\/","og_site_name":"Akademia Muzyczna im. Krzysztofa Pendereckiego w Krakowie","article_publisher":"https:\/\/www.facebook.com\/amuz.krakow","article_modified_time":"2024-04-05T09:39:47+00:00","og_image":[{"width":1000,"height":500,"url":"https:\/\/www.amuz.krakow.pl\/wp-content\/uploads\/2024\/01\/accessibility-1.jpg","type":"image\/jpeg"}],"twitter_card":"summary_large_image","twitter_misc":{"Est. reading time":"5 minutes"},"schema":{"@context":"https:\/\/schema.org","@graph":[{"@type":"WebPage","@id":"https:\/\/www.amuz.krakow.pl\/dostepnosc\/deklaracja-dostepnosci\/","url":"https:\/\/www.amuz.krakow.pl\/dostepnosc\/deklaracja-dostepnosci\/","name":"AMKP - Akademia Muzyczna im. Krzysztofa Pendereckiego w Krakowie","isPartOf":{"@id":"https:\/\/www.amuz.krakow.pl\/#website"},"primaryImageOfPage":{"@id":"https:\/\/www.amuz.krakow.pl\/dostepnosc\/deklaracja-dostepnosci\/#primaryimage"},"image":{"@id":"https:\/\/www.amuz.krakow.pl\/dostepnosc\/deklaracja-dostepnosci\/#primaryimage"},"thumbnailUrl":"https:\/\/www.amuz.krakow.pl\/wp-content\/uploads\/2024\/01\/accessibility-1.jpg","datePublished":"2021-03-23T09:42:59+00:00","dateModified":"2024-04-05T09:39:47+00:00","breadcrumb":{"@id":"https:\/\/www.amuz.krakow.pl\/dostepnosc\/deklaracja-dostepnosci\/#breadcrumb"},"inLanguage":"en-US","potentialAction":[{"@type":"ReadAction","target":["https:\/\/www.amuz.krakow.pl\/dostepnosc\/deklaracja-dostepnosci\/"]}]},{"@type":"ImageObject","inLanguage":"en-US","@id":"https:\/\/www.amuz.krakow.pl\/dostepnosc\/deklaracja-dostepnosci\/#primaryimage","url":"https:\/\/www.amuz.krakow.pl\/wp-content\/uploads\/2024\/01\/accessibility-1.jpg","contentUrl":"https:\/\/www.amuz.krakow.pl\/wp-content\/uploads\/2024\/01\/accessibility-1.jpg","width":1000,"height":500},{"@type":"BreadcrumbList","@id":"https:\/\/www.amuz.krakow.pl\/dostepnosc\/deklaracja-dostepnosci\/#breadcrumb","itemListElement":[{"@type":"ListItem","position":1,"name":"Strona g\u0142\u00f3wna","item":"https:\/\/www.amuz.krakow.pl\/"},{"@type":"ListItem","position":2,"name":"Dost\u0119pno\u015b\u0107","item":"https:\/\/www.amuz.krakow.pl\/dostepnosc\/"},{"@type":"ListItem","position":3,"name":"Deklaracja dost\u0119pno\u015bci"}]},{"@type":"WebSite","@id":"https:\/\/www.amuz.krakow.pl\/#website","url":"https:\/\/www.amuz.krakow.pl\/","name":"Akademia Muzyczna im. Krzysztofa Pendereckiego w Krakowie","description":"Oficjalna strona Akademii Muzycznej im. Krzysztofa Pendereckiego w Krakowie (AMKP).","publisher":{"@id":"https:\/\/www.amuz.krakow.pl\/#organization"},"alternateName":"AMKP","potentialAction":[{"@type":"SearchAction","target":{"@type":"EntryPoint","urlTemplate":"https:\/\/www.amuz.krakow.pl\/?s={search_term_string}"},"query-input":{"@type":"PropertyValueSpecification","valueRequired":true,"valueName":"search_term_string"}}],"inLanguage":"en-US"},{"@type":"Organization","@id":"https:\/\/www.amuz.krakow.pl\/#organization","name":"Akademia Muzyczna im. Krzysztofa Pendereckiego w Krakowie","alternateName":"AMKP","url":"https:\/\/www.amuz.krakow.pl\/","logo":{"@type":"ImageObject","inLanguage":"en-US","@id":"https:\/\/www.amuz.krakow.pl\/#\/schema\/logo\/image\/","url":"https:\/\/www.amuz.krakow.pl\/wp-content\/uploads\/2021\/11\/amkp.jpg","contentUrl":"https:\/\/www.amuz.krakow.pl\/wp-content\/uploads\/2021\/11\/amkp.jpg","width":1193,"height":591,"caption":"Akademia Muzyczna im. Krzysztofa Pendereckiego w Krakowie"},"image":{"@id":"https:\/\/www.amuz.krakow.pl\/#\/schema\/logo\/image\/"},"sameAs":["https:\/\/www.facebook.com\/amuz.krakow","https:\/\/www.instagram.com\/amkpenderecki\/","https:\/\/www.youtube.com\/@amkpenderecki4806"]}]}},"_links":{"self":[{"href":"https:\/\/www.amuz.krakow.pl\/en\/wp-json\/wp\/v2\/pages\/48274","targetHints":{"allow":["GET"]}}],"collection":[{"href":"https:\/\/www.amuz.krakow.pl\/en\/wp-json\/wp\/v2\/pages"}],"about":[{"href":"https:\/\/www.amuz.krakow.pl\/en\/wp-json\/wp\/v2\/types\/page"}],"author":[{"embeddable":true,"href":"https:\/\/www.amuz.krakow.pl\/en\/wp-json\/wp\/v2\/users\/1"}],"replies":[{"embeddable":true,"href":"https:\/\/www.amuz.krakow.pl\/en\/wp-json\/wp\/v2\/comments?post=48274"}],"version-history":[{"count":2,"href":"https:\/\/www.amuz.krakow.pl\/en\/wp-json\/wp\/v2\/pages\/48274\/revisions"}],"predecessor-version":[{"id":84974,"href":"https:\/\/www.amuz.krakow.pl\/en\/wp-json\/wp\/v2\/pages\/48274\/revisions\/84974"}],"up":[{"embeddable":true,"href":"https:\/\/www.amuz.krakow.pl\/en\/wp-json\/wp\/v2\/pages\/81807"}],"wp:featuredmedia":[{"embeddable":true,"href":"https:\/\/www.amuz.krakow.pl\/en\/wp-json\/wp\/v2\/media\/82639"}],"wp:attachment":[{"href":"https:\/\/www.amuz.krakow.pl\/en\/wp-json\/wp\/v2\/media?parent=48274"}],"curies":[{"name":"wp","href":"https:\/\/api.w.org\/{rel}","templated":true}]}}