{"id":4820,"date":"2016-03-13T19:38:42","date_gmt":"2016-03-13T18:38:42","guid":{"rendered":"http:\/\/www.amuz.krakow.pl\/?page_id=4820"},"modified":"2026-04-08T13:33:05","modified_gmt":"2026-04-08T11:33:05","slug":"barbara-swiatek-zelazna-flet","status":"publish","type":"page","link":"https:\/\/www.amuz.krakow.pl\/en\/letnia-akademia-muzyczna\/wykaz-kursow\/instrumenty-dete\/barbara-swiatek-zelazna-flet\/","title":{"rendered":"Barbara \u015awi\u0105tek-\u017belazna &#8211; flute"},"content":{"rendered":"<p><figure id=\"attachment_28363\" aria-describedby=\"caption-attachment-28363\" style=\"width: 193px\" class=\"wp-caption alignleft\"><a href=\"https:\/\/www.amuz.krakow.pl\/wp-content\/uploads\/2019\/01\/Barbara-\u015awi\u0105tek-\u017belazna-1.jpg\"><img loading=\"lazy\" decoding=\"async\" class=\" wp-image-28363\" src=\"https:\/\/www.amuz.krakow.pl\/wp-content\/uploads\/2019\/01\/Barbara-\u015awi\u0105tek-\u017belazna-1-1363x2048.jpg\" alt=\"\" width=\"193\" height=\"290\" srcset=\"https:\/\/www.amuz.krakow.pl\/wp-content\/uploads\/2019\/01\/Barbara-\u015awi\u0105tek-\u017belazna-1.jpg 1363w, https:\/\/www.amuz.krakow.pl\/wp-content\/uploads\/2019\/01\/Barbara-\u015awi\u0105tek-\u017belazna-1-200x300.jpg 200w, https:\/\/www.amuz.krakow.pl\/wp-content\/uploads\/2019\/01\/Barbara-\u015awi\u0105tek-\u017belazna-1-768x1154.jpg 768w\" sizes=\"auto, (max-width: 193px) 100vw, 193px\" \/><\/a><figcaption id=\"caption-attachment-28363\" class=\"wp-caption-text\">Photo by Artur Go\u0142da<\/figcaption><\/figure><\/p>\n<p>She graduated from the State Higher School of Music in Krak\u00f3w, obtaining a diploma with honours in the flute class of Prof. Wac\u0142aw Chudziak. Subsequently, she continued her flute education at the Conservatoire National Sup\u00e9rier de Musique de Paris under the guidance of Prof. Gastone Crunelle. She has worked for many years in the Polish Radio and Television Orchestra in Krak\u00f3w as the solo flautist. She is the winner of national (Katowice, \u0141\u00f3d\u017a) and international (Vienna, Helsinki, Utrecht) competitions.<br \/>\nWith El\u017cbieta Stefa\u0144ska and\u00a0Jerzy Klocek, they formed a Baroque Trio, and she was a member of the Warsaw Harp Trio together with Urszula Mazurek and\u00a0Zdzis\u0142aw Polonek; in addition, she was a soloist in the Krak\u00f3w Chamber Orchestra under Kazimierz Kord and a long-time member of the MW2 band. Being a very active performer, she has participated, as a soloist and chamber music player, in a number of prestigious national and international music festivals. Numerous musical works have been recorded by her for the Polish Radio and Television and for foreign broadcast stations. As a soloist, she has given concerts with all the orchestras in Poland. She conducts flute master classes in Poland and abroad (Belgium, Ukraine). She is a member of the jury at international flute competitions (Munich \u2013 ARD, Lviv, Czerniowce) and national competitions (D\u0105browa G\u00f3rnicza, \u0141\u00f3d\u017a, Sieradz, Krak\u00f3w). Following her cooperation with Polish and foreign composers (including Krzysztof Meyer, Krystyna Moszuma\u0144ska-Nazar, Adam Walaci\u0144ski, Bogus\u0142aw Schaeffer, Kre\u0161imir Fribec), she has had a number of musical works dedicated to her. She was behind the idea, and is now the artistic director, of the International Flute Competition in Krak\u00f3w. She has received various honours, including the Gold Medal of Merit to Culture <em>Gloria Artis <\/em>and the Officer&#8217;s Cross, and awards from the Minister of Art and Culture, the Award of the City of Krak\u00f3w, Excellent in Teaching Award R. E. and R. A. Robinson, the Ma\u0142opolskie Province Award <em>Ars Quaerendi<\/em> for outstanding contribution to the development and promotion of culture in the Master and Student category. During the International Festival of Contemporary Music \u201cWarsaw Autumn,\u201d she also received the prestigious <em>Orpheus <\/em>distinction awarded by SPAM critics for the most interesting artistic event of the Festival and for a path of artistic exploration. She is a full professor of the Academy of Music in Krak\u00f3w. She has held the office of the Head of the Department of Wind Instruments, Percussion and Accordion. In 1999-2002, she was the Rector of the Academy of Music in\u00a0Krak\u00f3w. In 2019, she was awarded the degree of doctor <em>honoris causa<\/em> of the Academy of Music in Krak\u00f3w.<\/p>","protected":false},"excerpt":{"rendered":"<p>She graduated from the State Higher School of Music in Krak\u00f3w, obtaining a diploma with honours in the flute class of Prof. Wac\u0142aw Chudziak. Subsequently, she continued her flute education&hellip; <a href=\"https:\/\/www.amuz.krakow.pl\/en\/letnia-akademia-muzyczna\/wykaz-kursow\/instrumenty-dete\/barbara-swiatek-zelazna-flet\/\">Continue reading<\/a><\/p>\n","protected":false},"author":72,"featured_media":75756,"parent":47055,"menu_order":3,"comment_status":"closed","ping_status":"closed","template":"","meta":{"footnotes":"","_links_to":"","_links_to_target":""},"class_list":["post-4820","page","type-page","status-publish","has-post-thumbnail","hentry"],"yoast_head":"<!-- This site is optimized with the Yoast SEO plugin v27.4 - https:\/\/yoast.com\/product\/yoast-seo-wordpress\/ -->\n<title>AMKP - Akademia Muzyczna im. Krzysztofa Pendereckiego w Krakowie<\/title>\n<meta name=\"robots\" content=\"index, follow, max-snippet:-1, max-image-preview:large, max-video-preview:-1\" \/>\n<link rel=\"canonical\" href=\"https:\/\/www.amuz.krakow.pl\/letnia-akademia-muzyczna\/wykaz-kursow\/instrumenty-dete\/barbara-swiatek-zelazna-flet\/\" \/>\n<meta property=\"og:locale\" content=\"en_US\" \/>\n<meta property=\"og:type\" content=\"article\" \/>\n<meta property=\"og:title\" content=\"Barbara \u015awi\u0105tek-\u017belazna - flet\" \/>\n<meta property=\"og:description\" content=\"Uko\u0144czy\u0142a Pa\u0144stwow\u0105 Wy\u017csz\u0105 Szko\u0142\u0119 Muzyczn\u0105 w Krakowie. Studia podyplomowe odby\u0142a w Konserwatorium w Pary\u017cu pod kierunkiem prof. G. Crunelle. Przez wiele lat pracowa\u0142a w Orkiestrze Polskiego Radia i Telewizji jako flecista-solista.\u00a0Laureatka krajowych (Katowice, \u0141\u00f3d\u017a) i zagranicznych (Wiedeo, Helsinki, Utrecht) konkurs\u00f3w muzycznych. Uzyska\u0142a nagrod\u0119 \u201eOrfeusz 1964\u201d na Warszawskiej Jesieni. By\u0142a cz\u0142onkiem zespo\u0142\u00f3w: Trio Barokowe, MW2. Uczestniczy\u0142a w wielu mi\u0119dzynarodowych festiwalach muzycznych polskich i zagranicznych. Prowadzi szerok\u0105 dzia\u0142alno\u015b\u0107 estradow\u0105 jako solistka i kameralistka. Dokona\u0142a wielu nagra\u0144 archiwalnych dla Polskiego Radia, Polskich Nagra\u0144, Telewizji Polskiej oraz radiowych rozg\u0142o\u015bni zagranicznych. Prowadzi\u0142a kursy fletowe w Belgii, zasiada\u0142a w jury Mi\u0119dzynarodowego Konkursu Fletowego w Monachium. Inicjator i przewodnicz\u0105ca jury Og\u00f3lnopolskiego Konkursu Fletowego, obecnie Mi\u0119dzynarodowego Konkursu Fletowego w Krakowie. Otrzyma\u0142a wiele odznacze\u0144 i wyr\u00f3\u017cnie\u0144 m.in. Ministra Kultury i Sztuki, Nagrody Miasta Krakowa oraz Excellence in Teaching Award R.E. i R.A. Robinson\u00f3w. Profesor zwyczajny, kierownik Katedry Instrument\u00f3w D\u0119tych, Akordeonu i Perkusji. W latach 1999-2002 piastowa\u0142a urz\u0105d rektora Akademii Muzycznej w Krakowie. Jest cz\u0142onkiem Centralnej Komisji ds. Stopni i Tytu\u0142\u00f3w Naukowych.\" \/>\n<meta property=\"og:url\" content=\"https:\/\/www.amuz.krakow.pl\/letnia-akademia-muzyczna\/wykaz-kursow\/instrumenty-dete\/barbara-swiatek-zelazna-flet\/\" \/>\n<meta property=\"og:site_name\" content=\"Akademia Muzyczna im. Krzysztofa Pendereckiego w Krakowie\" \/>\n<meta property=\"article:publisher\" content=\"https:\/\/www.facebook.com\/amuz.krakow\" \/>\n<meta property=\"article:modified_time\" content=\"2026-04-08T11:33:05+00:00\" \/>\n<meta property=\"og:image\" content=\"https:\/\/www.amuz.krakow.pl\/wp-content\/uploads\/2019\/01\/Barbara-\u015awi\u0105tek-\u017belazna2.jpg\" \/>\n\t<meta property=\"og:image:width\" content=\"2048\" \/>\n\t<meta property=\"og:image:height\" content=\"2048\" \/>\n\t<meta property=\"og:image:type\" content=\"image\/jpeg\" \/>\n<meta name=\"twitter:card\" content=\"summary_large_image\" \/>\n<meta name=\"twitter:label1\" content=\"Est. reading time\" \/>\n\t<meta name=\"twitter:data1\" content=\"4 minutes\" \/>\n<script type=\"application\/ld+json\" class=\"yoast-schema-graph\">{\"@context\":\"https:\\\/\\\/schema.org\",\"@graph\":[{\"@type\":\"WebPage\",\"@id\":\"https:\\\/\\\/www.amuz.krakow.pl\\\/letnia-akademia-muzyczna\\\/wykaz-kursow\\\/instrumenty-dete\\\/barbara-swiatek-zelazna-flet\\\/\",\"url\":\"https:\\\/\\\/www.amuz.krakow.pl\\\/letnia-akademia-muzyczna\\\/wykaz-kursow\\\/instrumenty-dete\\\/barbara-swiatek-zelazna-flet\\\/\",\"name\":\"AMKP - Akademia Muzyczna im. Krzysztofa Pendereckiego w Krakowie\",\"isPartOf\":{\"@id\":\"https:\\\/\\\/www.amuz.krakow.pl\\\/#website\"},\"primaryImageOfPage\":{\"@id\":\"https:\\\/\\\/www.amuz.krakow.pl\\\/letnia-akademia-muzyczna\\\/wykaz-kursow\\\/instrumenty-dete\\\/barbara-swiatek-zelazna-flet\\\/#primaryimage\"},\"image\":{\"@id\":\"https:\\\/\\\/www.amuz.krakow.pl\\\/letnia-akademia-muzyczna\\\/wykaz-kursow\\\/instrumenty-dete\\\/barbara-swiatek-zelazna-flet\\\/#primaryimage\"},\"thumbnailUrl\":\"https:\\\/\\\/www.amuz.krakow.pl\\\/wp-content\\\/uploads\\\/2023\\\/06\\\/Barbara-Swiatek-Zelazna-1-miniatura.jpg\",\"datePublished\":\"2016-03-13T18:38:42+00:00\",\"dateModified\":\"2026-04-08T11:33:05+00:00\",\"breadcrumb\":{\"@id\":\"https:\\\/\\\/www.amuz.krakow.pl\\\/letnia-akademia-muzyczna\\\/wykaz-kursow\\\/instrumenty-dete\\\/barbara-swiatek-zelazna-flet\\\/#breadcrumb\"},\"inLanguage\":\"en-US\",\"potentialAction\":[{\"@type\":\"ReadAction\",\"target\":[\"https:\\\/\\\/www.amuz.krakow.pl\\\/letnia-akademia-muzyczna\\\/wykaz-kursow\\\/instrumenty-dete\\\/barbara-swiatek-zelazna-flet\\\/\"]}]},{\"@type\":\"ImageObject\",\"inLanguage\":\"en-US\",\"@id\":\"https:\\\/\\\/www.amuz.krakow.pl\\\/letnia-akademia-muzyczna\\\/wykaz-kursow\\\/instrumenty-dete\\\/barbara-swiatek-zelazna-flet\\\/#primaryimage\",\"url\":\"https:\\\/\\\/www.amuz.krakow.pl\\\/wp-content\\\/uploads\\\/2023\\\/06\\\/Barbara-Swiatek-Zelazna-1-miniatura.jpg\",\"contentUrl\":\"https:\\\/\\\/www.amuz.krakow.pl\\\/wp-content\\\/uploads\\\/2023\\\/06\\\/Barbara-Swiatek-Zelazna-1-miniatura.jpg\",\"width\":1363,\"height\":824},{\"@type\":\"BreadcrumbList\",\"@id\":\"https:\\\/\\\/www.amuz.krakow.pl\\\/letnia-akademia-muzyczna\\\/wykaz-kursow\\\/instrumenty-dete\\\/barbara-swiatek-zelazna-flet\\\/#breadcrumb\",\"itemListElement\":[{\"@type\":\"ListItem\",\"position\":1,\"name\":\"Strona g\u0142\u00f3wna\",\"item\":\"https:\\\/\\\/www.amuz.krakow.pl\\\/\"},{\"@type\":\"ListItem\",\"position\":2,\"name\":\"Letnia Akademia Muzyczna\",\"item\":\"https:\\\/\\\/www.amuz.krakow.pl\\\/letnia-akademia-muzyczna\\\/\"},{\"@type\":\"ListItem\",\"position\":3,\"name\":\"Wykaz kurs\u00f3w\",\"item\":\"https:\\\/\\\/www.amuz.krakow.pl\\\/letnia-akademia-muzyczna\\\/wykaz-kursow\\\/\"},{\"@type\":\"ListItem\",\"position\":4,\"name\":\"Instrumenty d\u0119te\",\"item\":\"https:\\\/\\\/www.amuz.krakow.pl\\\/letnia-akademia-muzyczna\\\/wykaz-kursow\\\/instrumenty-dete\\\/\"},{\"@type\":\"ListItem\",\"position\":5,\"name\":\"Barbara \u015awi\u0105tek-\u017belazna &#8211; flet\"}]},{\"@type\":\"WebSite\",\"@id\":\"https:\\\/\\\/www.amuz.krakow.pl\\\/#website\",\"url\":\"https:\\\/\\\/www.amuz.krakow.pl\\\/\",\"name\":\"Akademia Muzyczna im. Krzysztofa Pendereckiego w Krakowie\",\"description\":\"Oficjalna strona Akademii Muzycznej im. Krzysztofa Pendereckiego w Krakowie (AMKP).\",\"publisher\":{\"@id\":\"https:\\\/\\\/www.amuz.krakow.pl\\\/#organization\"},\"alternateName\":\"AMKP\",\"potentialAction\":[{\"@type\":\"SearchAction\",\"target\":{\"@type\":\"EntryPoint\",\"urlTemplate\":\"https:\\\/\\\/www.amuz.krakow.pl\\\/?s={search_term_string}\"},\"query-input\":{\"@type\":\"PropertyValueSpecification\",\"valueRequired\":true,\"valueName\":\"search_term_string\"}}],\"inLanguage\":\"en-US\"},{\"@type\":\"Organization\",\"@id\":\"https:\\\/\\\/www.amuz.krakow.pl\\\/#organization\",\"name\":\"Akademia Muzyczna im. Krzysztofa Pendereckiego w Krakowie\",\"alternateName\":\"AMKP\",\"url\":\"https:\\\/\\\/www.amuz.krakow.pl\\\/\",\"logo\":{\"@type\":\"ImageObject\",\"inLanguage\":\"en-US\",\"@id\":\"https:\\\/\\\/www.amuz.krakow.pl\\\/#\\\/schema\\\/logo\\\/image\\\/\",\"url\":\"https:\\\/\\\/www.amuz.krakow.pl\\\/wp-content\\\/uploads\\\/2021\\\/11\\\/amkp.jpg\",\"contentUrl\":\"https:\\\/\\\/www.amuz.krakow.pl\\\/wp-content\\\/uploads\\\/2021\\\/11\\\/amkp.jpg\",\"width\":1193,\"height\":591,\"caption\":\"Akademia Muzyczna im. Krzysztofa Pendereckiego w Krakowie\"},\"image\":{\"@id\":\"https:\\\/\\\/www.amuz.krakow.pl\\\/#\\\/schema\\\/logo\\\/image\\\/\"},\"sameAs\":[\"https:\\\/\\\/www.facebook.com\\\/amuz.krakow\",\"https:\\\/\\\/www.instagram.com\\\/amkpenderecki\\\/\",\"https:\\\/\\\/www.youtube.com\\\/@amkpenderecki4806\"]}]}<\/script>\n<!-- \/ Yoast SEO plugin. -->","yoast_head_json":{"title":"AMKP - Akademia Muzyczna im. Krzysztofa Pendereckiego w Krakowie","robots":{"index":"index","follow":"follow","max-snippet":"max-snippet:-1","max-image-preview":"max-image-preview:large","max-video-preview":"max-video-preview:-1"},"canonical":"https:\/\/www.amuz.krakow.pl\/letnia-akademia-muzyczna\/wykaz-kursow\/instrumenty-dete\/barbara-swiatek-zelazna-flet\/","og_locale":"en_US","og_type":"article","og_title":"Barbara \u015awi\u0105tek-\u017belazna - flet","og_description":"Uko\u0144czy\u0142a Pa\u0144stwow\u0105 Wy\u017csz\u0105 Szko\u0142\u0119 Muzyczn\u0105 w Krakowie. Studia podyplomowe odby\u0142a w Konserwatorium w Pary\u017cu pod kierunkiem prof. G. Crunelle. Przez wiele lat pracowa\u0142a w Orkiestrze Polskiego Radia i Telewizji jako flecista-solista.\u00a0Laureatka krajowych (Katowice, \u0141\u00f3d\u017a) i zagranicznych (Wiedeo, Helsinki, Utrecht) konkurs\u00f3w muzycznych. Uzyska\u0142a nagrod\u0119 \u201eOrfeusz 1964\u201d na Warszawskiej Jesieni. By\u0142a cz\u0142onkiem zespo\u0142\u00f3w: Trio Barokowe, MW2. Uczestniczy\u0142a w wielu mi\u0119dzynarodowych festiwalach muzycznych polskich i zagranicznych. Prowadzi szerok\u0105 dzia\u0142alno\u015b\u0107 estradow\u0105 jako solistka i kameralistka. Dokona\u0142a wielu nagra\u0144 archiwalnych dla Polskiego Radia, Polskich Nagra\u0144, Telewizji Polskiej oraz radiowych rozg\u0142o\u015bni zagranicznych. Prowadzi\u0142a kursy fletowe w Belgii, zasiada\u0142a w jury Mi\u0119dzynarodowego Konkursu Fletowego w Monachium. Inicjator i przewodnicz\u0105ca jury Og\u00f3lnopolskiego Konkursu Fletowego, obecnie Mi\u0119dzynarodowego Konkursu Fletowego w Krakowie. Otrzyma\u0142a wiele odznacze\u0144 i wyr\u00f3\u017cnie\u0144 m.in. Ministra Kultury i Sztuki, Nagrody Miasta Krakowa oraz Excellence in Teaching Award R.E. i R.A. Robinson\u00f3w. Profesor zwyczajny, kierownik Katedry Instrument\u00f3w D\u0119tych, Akordeonu i Perkusji. W latach 1999-2002 piastowa\u0142a urz\u0105d rektora Akademii Muzycznej w Krakowie. Jest cz\u0142onkiem Centralnej Komisji ds. Stopni i Tytu\u0142\u00f3w Naukowych.","og_url":"https:\/\/www.amuz.krakow.pl\/letnia-akademia-muzyczna\/wykaz-kursow\/instrumenty-dete\/barbara-swiatek-zelazna-flet\/","og_site_name":"Akademia Muzyczna im. Krzysztofa Pendereckiego w Krakowie","article_publisher":"https:\/\/www.facebook.com\/amuz.krakow","article_modified_time":"2026-04-08T11:33:05+00:00","og_image":[{"width":2048,"height":2048,"url":"https:\/\/www.amuz.krakow.pl\/wp-content\/uploads\/2019\/01\/Barbara-\u015awi\u0105tek-\u017belazna2.jpg","type":"image\/jpeg"}],"twitter_card":"summary_large_image","twitter_misc":{"Est. reading time":"4 minutes"},"schema":{"@context":"https:\/\/schema.org","@graph":[{"@type":"WebPage","@id":"https:\/\/www.amuz.krakow.pl\/letnia-akademia-muzyczna\/wykaz-kursow\/instrumenty-dete\/barbara-swiatek-zelazna-flet\/","url":"https:\/\/www.amuz.krakow.pl\/letnia-akademia-muzyczna\/wykaz-kursow\/instrumenty-dete\/barbara-swiatek-zelazna-flet\/","name":"AMKP - Akademia Muzyczna im. Krzysztofa Pendereckiego w Krakowie","isPartOf":{"@id":"https:\/\/www.amuz.krakow.pl\/#website"},"primaryImageOfPage":{"@id":"https:\/\/www.amuz.krakow.pl\/letnia-akademia-muzyczna\/wykaz-kursow\/instrumenty-dete\/barbara-swiatek-zelazna-flet\/#primaryimage"},"image":{"@id":"https:\/\/www.amuz.krakow.pl\/letnia-akademia-muzyczna\/wykaz-kursow\/instrumenty-dete\/barbara-swiatek-zelazna-flet\/#primaryimage"},"thumbnailUrl":"https:\/\/www.amuz.krakow.pl\/wp-content\/uploads\/2023\/06\/Barbara-Swiatek-Zelazna-1-miniatura.jpg","datePublished":"2016-03-13T18:38:42+00:00","dateModified":"2026-04-08T11:33:05+00:00","breadcrumb":{"@id":"https:\/\/www.amuz.krakow.pl\/letnia-akademia-muzyczna\/wykaz-kursow\/instrumenty-dete\/barbara-swiatek-zelazna-flet\/#breadcrumb"},"inLanguage":"en-US","potentialAction":[{"@type":"ReadAction","target":["https:\/\/www.amuz.krakow.pl\/letnia-akademia-muzyczna\/wykaz-kursow\/instrumenty-dete\/barbara-swiatek-zelazna-flet\/"]}]},{"@type":"ImageObject","inLanguage":"en-US","@id":"https:\/\/www.amuz.krakow.pl\/letnia-akademia-muzyczna\/wykaz-kursow\/instrumenty-dete\/barbara-swiatek-zelazna-flet\/#primaryimage","url":"https:\/\/www.amuz.krakow.pl\/wp-content\/uploads\/2023\/06\/Barbara-Swiatek-Zelazna-1-miniatura.jpg","contentUrl":"https:\/\/www.amuz.krakow.pl\/wp-content\/uploads\/2023\/06\/Barbara-Swiatek-Zelazna-1-miniatura.jpg","width":1363,"height":824},{"@type":"BreadcrumbList","@id":"https:\/\/www.amuz.krakow.pl\/letnia-akademia-muzyczna\/wykaz-kursow\/instrumenty-dete\/barbara-swiatek-zelazna-flet\/#breadcrumb","itemListElement":[{"@type":"ListItem","position":1,"name":"Strona g\u0142\u00f3wna","item":"https:\/\/www.amuz.krakow.pl\/"},{"@type":"ListItem","position":2,"name":"Letnia Akademia Muzyczna","item":"https:\/\/www.amuz.krakow.pl\/letnia-akademia-muzyczna\/"},{"@type":"ListItem","position":3,"name":"Wykaz kurs\u00f3w","item":"https:\/\/www.amuz.krakow.pl\/letnia-akademia-muzyczna\/wykaz-kursow\/"},{"@type":"ListItem","position":4,"name":"Instrumenty d\u0119te","item":"https:\/\/www.amuz.krakow.pl\/letnia-akademia-muzyczna\/wykaz-kursow\/instrumenty-dete\/"},{"@type":"ListItem","position":5,"name":"Barbara \u015awi\u0105tek-\u017belazna &#8211; flet"}]},{"@type":"WebSite","@id":"https:\/\/www.amuz.krakow.pl\/#website","url":"https:\/\/www.amuz.krakow.pl\/","name":"Akademia Muzyczna im. Krzysztofa Pendereckiego w Krakowie","description":"Oficjalna strona Akademii Muzycznej im. Krzysztofa Pendereckiego w Krakowie (AMKP).","publisher":{"@id":"https:\/\/www.amuz.krakow.pl\/#organization"},"alternateName":"AMKP","potentialAction":[{"@type":"SearchAction","target":{"@type":"EntryPoint","urlTemplate":"https:\/\/www.amuz.krakow.pl\/?s={search_term_string}"},"query-input":{"@type":"PropertyValueSpecification","valueRequired":true,"valueName":"search_term_string"}}],"inLanguage":"en-US"},{"@type":"Organization","@id":"https:\/\/www.amuz.krakow.pl\/#organization","name":"Akademia Muzyczna im. Krzysztofa Pendereckiego w Krakowie","alternateName":"AMKP","url":"https:\/\/www.amuz.krakow.pl\/","logo":{"@type":"ImageObject","inLanguage":"en-US","@id":"https:\/\/www.amuz.krakow.pl\/#\/schema\/logo\/image\/","url":"https:\/\/www.amuz.krakow.pl\/wp-content\/uploads\/2021\/11\/amkp.jpg","contentUrl":"https:\/\/www.amuz.krakow.pl\/wp-content\/uploads\/2021\/11\/amkp.jpg","width":1193,"height":591,"caption":"Akademia Muzyczna im. Krzysztofa Pendereckiego w Krakowie"},"image":{"@id":"https:\/\/www.amuz.krakow.pl\/#\/schema\/logo\/image\/"},"sameAs":["https:\/\/www.facebook.com\/amuz.krakow","https:\/\/www.instagram.com\/amkpenderecki\/","https:\/\/www.youtube.com\/@amkpenderecki4806"]}]}},"_links":{"self":[{"href":"https:\/\/www.amuz.krakow.pl\/en\/wp-json\/wp\/v2\/pages\/4820","targetHints":{"allow":["GET"]}}],"collection":[{"href":"https:\/\/www.amuz.krakow.pl\/en\/wp-json\/wp\/v2\/pages"}],"about":[{"href":"https:\/\/www.amuz.krakow.pl\/en\/wp-json\/wp\/v2\/types\/page"}],"author":[{"embeddable":true,"href":"https:\/\/www.amuz.krakow.pl\/en\/wp-json\/wp\/v2\/users\/72"}],"replies":[{"embeddable":true,"href":"https:\/\/www.amuz.krakow.pl\/en\/wp-json\/wp\/v2\/comments?post=4820"}],"version-history":[{"count":7,"href":"https:\/\/www.amuz.krakow.pl\/en\/wp-json\/wp\/v2\/pages\/4820\/revisions"}],"predecessor-version":[{"id":71515,"href":"https:\/\/www.amuz.krakow.pl\/en\/wp-json\/wp\/v2\/pages\/4820\/revisions\/71515"}],"up":[{"embeddable":true,"href":"https:\/\/www.amuz.krakow.pl\/en\/wp-json\/wp\/v2\/pages\/47055"}],"wp:featuredmedia":[{"embeddable":true,"href":"https:\/\/www.amuz.krakow.pl\/en\/wp-json\/wp\/v2\/media\/75756"}],"wp:attachment":[{"href":"https:\/\/www.amuz.krakow.pl\/en\/wp-json\/wp\/v2\/media?parent=4820"}],"curies":[{"name":"wp","href":"https:\/\/api.w.org\/{rel}","templated":true}]}}