{"id":4803,"date":"2016-03-13T19:12:32","date_gmt":"2016-03-13T18:12:32","guid":{"rendered":"http:\/\/www.amuz.krakow.pl\/?page_id=4803"},"modified":"2026-04-08T13:29:04","modified_gmt":"2026-04-08T11:29:04","slug":"zdzislaw-lapinski-wiolonczela","status":"publish","type":"page","link":"https:\/\/www.amuz.krakow.pl\/en\/letnia-akademia-muzyczna\/wykaz-kursow\/instrumenty-smyczkowe\/zdzislaw-lapinski-wiolonczela\/","title":{"rendered":"Zdzis\u0142aw \u0141api\u0144ski &#8211; cello"},"content":{"rendered":"<p><\/p>\n<p style=\"text-align: justify;\"><a href=\"https:\/\/www.amuz.krakow.pl\/wp-content\/uploads\/2016\/02\/\u0142api\u0144ski.jpg\" target=\"_blank\" rel=\"noopener\"><img loading=\"lazy\" decoding=\"async\" class=\"alignleft wp-image-2100\" src=\"https:\/\/www.amuz.krakow.pl\/wp-content\/uploads\/2016\/02\/\u0142api\u0144ski.jpg\" alt=\"\" width=\"200\" height=\"260\" \/><\/a>Graduated with honours from the State Higher School of Music *PWSM+ in Krak\u00f3w, classes of Prof. Ludwik Solecki and Henryk Zarzycki. He continued his studies under the guidance of Prof. Aldo Parisot at the Yale University (USA, 1981). As member of the quartet, he won the 1st prize at the National Competition of Chamber Music in L\u00f3d\u017a (1977) and the 3rd prize at the International String Quartet Competition in Evian (France, 1978). Received the 3rd prize at the National Cello Competition in Pozna\u0144 (1978). As member of the piano trio (Trio Jagiello\u0144skie) he was laureate of the International Chamber Music Competition in Florence (1979). Made several recordings for the Polish Radio and Television, and for the French Radio. Gave concerts in many countries, including France, Germany, Italy, Switzerland, Yougoslavia, USA, Brazil, Japan, Lebanon and Malta. During the years 1979-81 Z.\u0141api\u0144ski worked as the 1st cellist of Capella Cracoviensis chamber orchestra, between 1981-89 \u2013 as concert master of the PRiTV Orchestra in Krak\u00f3w, and since 1989 he has been working as concert master of the Polish Radio National Symphonic Orchestra in Katowice. Founder and artistic director of the cello ensemble Cantabile (since 1992) and of the chamber music ensemble Primo Allegro (od 1997). Professor of the Academy of Music in Krak\u00f3w and Head of the Chair of the Cello and Double Bass.<\/p>\n<p><\/p>","protected":false},"excerpt":{"rendered":"<p>Graduated with honours from the State Higher School of Music *PWSM+ in Krak\u00f3w, classes of Prof. Ludwik Solecki and Henryk Zarzycki. He continued his studies under the guidance of Prof.&hellip; <a href=\"https:\/\/www.amuz.krakow.pl\/en\/letnia-akademia-muzyczna\/wykaz-kursow\/instrumenty-smyczkowe\/zdzislaw-lapinski-wiolonczela\/\">Continue reading<\/a><\/p>\n","protected":false},"author":72,"featured_media":39440,"parent":47052,"menu_order":48,"comment_status":"closed","ping_status":"closed","template":"","meta":{"footnotes":"","_links_to":"","_links_to_target":""},"class_list":["post-4803","page","type-page","status-publish","has-post-thumbnail","hentry"],"yoast_head":"<!-- This site is optimized with the Yoast SEO plugin v27.4 - https:\/\/yoast.com\/product\/yoast-seo-wordpress\/ -->\n<title>AMKP - Akademia Muzyczna im. Krzysztofa Pendereckiego w Krakowie<\/title>\n<meta name=\"robots\" content=\"index, follow, max-snippet:-1, max-image-preview:large, max-video-preview:-1\" \/>\n<link rel=\"canonical\" href=\"https:\/\/www.amuz.krakow.pl\/letnia-akademia-muzyczna\/wykaz-kursow\/instrumenty-smyczkowe\/zdzislaw-lapinski-wiolonczela\/\" \/>\n<meta property=\"og:locale\" content=\"en_US\" \/>\n<meta property=\"og:type\" content=\"article\" \/>\n<meta property=\"og:title\" content=\"Zdzis\u0142aw \u0141api\u0144ski - wiolonczela\" \/>\n<meta property=\"og:description\" content=\"Uko\u0144czy\u0142 z wyr\u00f3\u017cnieniem PWSM w Krakowie w klasach prof. Ludwika Soleckiego i Henryka Zarzyckiego. Nast\u0119pnie studiowa\u0142 u prof. Aldo Parisota w Yale University (USA, 1981). Jako cz\u0142onek kwartetu zdoby\u0142 I nagrod\u0119 na Og\u00f3lnopolskim Konkursie Muzyki Kameralnej w \u0141odzi (1977) oraz III miejsce na Mi\u0119dzynarodowym Konkursie Kwartet\u00f3w Smyczkowych w Evian (Francja, 1978). Otrzyma\u0142 III nagrod\u0119 na Og\u00f3lnopolskim Konkursie Wiolonczelowym w Poznaniu (1978). Jako cz\u0142onek tria fortepianowego (Trio Jagiello\u0144skie) zosta\u0142 laureatem Mi\u0119dzynarodowego Konkursu Muzyki Kameralnej we Florencji (1979). Dokona\u0142 szeregu nagra\u0144 dla Polskiego Radia i Telewizji oraz dla Radia Francuskiego. Koncertowa\u0142 w licznych krajach europejskich, w USA i Brazylii. W latach 1979\u201381 by\u0142 I wiolonczelist\u0105 orkiestry kameralnej Capella Cracoviensis, 1981-89 koncertmistrzem Orkiestry PRiTV w Krakowie, a od roku 1989 jest koncertmistrzem Narodowej Orkiestry Symfonicznej Polskiego Radia w Katowicach. Jest za\u0142o\u017cycielem i kierownikiem artystycznym zespo\u0142u wiolonczel Cantabile (od 1992) oraz zespo\u0142u kameralnego Primo Allegro (od 1997). Profesor Akademii Muzycznej w Krakowie i Kierownik Katedry Wiolonczeli i Kontrabasu.\" \/>\n<meta property=\"og:url\" content=\"https:\/\/www.amuz.krakow.pl\/letnia-akademia-muzyczna\/wykaz-kursow\/instrumenty-smyczkowe\/zdzislaw-lapinski-wiolonczela\/\" \/>\n<meta property=\"og:site_name\" content=\"Akademia Muzyczna im. Krzysztofa Pendereckiego w Krakowie\" \/>\n<meta property=\"article:publisher\" content=\"https:\/\/www.facebook.com\/amuz.krakow\" \/>\n<meta property=\"article:modified_time\" content=\"2026-04-08T11:29:04+00:00\" \/>\n<meta property=\"og:image\" content=\"https:\/\/www.amuz.krakow.pl\/wp-content\/uploads\/2016\/02\/\u0142api\u0144ski.jpg\" \/>\n\t<meta property=\"og:image:width\" content=\"200\" \/>\n\t<meta property=\"og:image:height\" content=\"260\" \/>\n\t<meta property=\"og:image:type\" content=\"image\/jpeg\" \/>\n<meta name=\"twitter:card\" content=\"summary_large_image\" \/>\n<meta name=\"twitter:label1\" content=\"Est. reading time\" \/>\n\t<meta name=\"twitter:data1\" content=\"2 minutes\" \/>\n<script type=\"application\/ld+json\" class=\"yoast-schema-graph\">{\"@context\":\"https:\\\/\\\/schema.org\",\"@graph\":[{\"@type\":\"WebPage\",\"@id\":\"https:\\\/\\\/www.amuz.krakow.pl\\\/letnia-akademia-muzyczna\\\/wykaz-kursow\\\/instrumenty-smyczkowe\\\/zdzislaw-lapinski-wiolonczela\\\/\",\"url\":\"https:\\\/\\\/www.amuz.krakow.pl\\\/letnia-akademia-muzyczna\\\/wykaz-kursow\\\/instrumenty-smyczkowe\\\/zdzislaw-lapinski-wiolonczela\\\/\",\"name\":\"AMKP - Akademia Muzyczna im. Krzysztofa Pendereckiego w Krakowie\",\"isPartOf\":{\"@id\":\"https:\\\/\\\/www.amuz.krakow.pl\\\/#website\"},\"primaryImageOfPage\":{\"@id\":\"https:\\\/\\\/www.amuz.krakow.pl\\\/letnia-akademia-muzyczna\\\/wykaz-kursow\\\/instrumenty-smyczkowe\\\/zdzislaw-lapinski-wiolonczela\\\/#primaryimage\"},\"image\":{\"@id\":\"https:\\\/\\\/www.amuz.krakow.pl\\\/letnia-akademia-muzyczna\\\/wykaz-kursow\\\/instrumenty-smyczkowe\\\/zdzislaw-lapinski-wiolonczela\\\/#primaryimage\"},\"thumbnailUrl\":\"https:\\\/\\\/www.amuz.krakow.pl\\\/wp-content\\\/uploads\\\/2020\\\/06\\\/Zdzis\u0142aw-\u0141api\u0144ski-CV.jpg\",\"datePublished\":\"2016-03-13T18:12:32+00:00\",\"dateModified\":\"2026-04-08T11:29:04+00:00\",\"breadcrumb\":{\"@id\":\"https:\\\/\\\/www.amuz.krakow.pl\\\/letnia-akademia-muzyczna\\\/wykaz-kursow\\\/instrumenty-smyczkowe\\\/zdzislaw-lapinski-wiolonczela\\\/#breadcrumb\"},\"inLanguage\":\"en-US\",\"potentialAction\":[{\"@type\":\"ReadAction\",\"target\":[\"https:\\\/\\\/www.amuz.krakow.pl\\\/letnia-akademia-muzyczna\\\/wykaz-kursow\\\/instrumenty-smyczkowe\\\/zdzislaw-lapinski-wiolonczela\\\/\"]}]},{\"@type\":\"ImageObject\",\"inLanguage\":\"en-US\",\"@id\":\"https:\\\/\\\/www.amuz.krakow.pl\\\/letnia-akademia-muzyczna\\\/wykaz-kursow\\\/instrumenty-smyczkowe\\\/zdzislaw-lapinski-wiolonczela\\\/#primaryimage\",\"url\":\"https:\\\/\\\/www.amuz.krakow.pl\\\/wp-content\\\/uploads\\\/2020\\\/06\\\/Zdzis\u0142aw-\u0141api\u0144ski-CV.jpg\",\"contentUrl\":\"https:\\\/\\\/www.amuz.krakow.pl\\\/wp-content\\\/uploads\\\/2020\\\/06\\\/Zdzis\u0142aw-\u0141api\u0144ski-CV.jpg\",\"width\":1604,\"height\":1013},{\"@type\":\"BreadcrumbList\",\"@id\":\"https:\\\/\\\/www.amuz.krakow.pl\\\/letnia-akademia-muzyczna\\\/wykaz-kursow\\\/instrumenty-smyczkowe\\\/zdzislaw-lapinski-wiolonczela\\\/#breadcrumb\",\"itemListElement\":[{\"@type\":\"ListItem\",\"position\":1,\"name\":\"Strona g\u0142\u00f3wna\",\"item\":\"https:\\\/\\\/www.amuz.krakow.pl\\\/\"},{\"@type\":\"ListItem\",\"position\":2,\"name\":\"Letnia Akademia Muzyczna\",\"item\":\"https:\\\/\\\/www.amuz.krakow.pl\\\/letnia-akademia-muzyczna\\\/\"},{\"@type\":\"ListItem\",\"position\":3,\"name\":\"Wykaz kurs\u00f3w\",\"item\":\"https:\\\/\\\/www.amuz.krakow.pl\\\/letnia-akademia-muzyczna\\\/wykaz-kursow\\\/\"},{\"@type\":\"ListItem\",\"position\":4,\"name\":\"Instrumenty strunowe\",\"item\":\"https:\\\/\\\/www.amuz.krakow.pl\\\/letnia-akademia-muzyczna\\\/wykaz-kursow\\\/instrumenty-smyczkowe\\\/\"},{\"@type\":\"ListItem\",\"position\":5,\"name\":\"Zdzis\u0142aw \u0141api\u0144ski &#8211; wiolonczela\"}]},{\"@type\":\"WebSite\",\"@id\":\"https:\\\/\\\/www.amuz.krakow.pl\\\/#website\",\"url\":\"https:\\\/\\\/www.amuz.krakow.pl\\\/\",\"name\":\"Akademia Muzyczna im. Krzysztofa Pendereckiego w Krakowie\",\"description\":\"Oficjalna strona Akademii Muzycznej im. Krzysztofa Pendereckiego w Krakowie (AMKP).\",\"publisher\":{\"@id\":\"https:\\\/\\\/www.amuz.krakow.pl\\\/#organization\"},\"alternateName\":\"AMKP\",\"potentialAction\":[{\"@type\":\"SearchAction\",\"target\":{\"@type\":\"EntryPoint\",\"urlTemplate\":\"https:\\\/\\\/www.amuz.krakow.pl\\\/?s={search_term_string}\"},\"query-input\":{\"@type\":\"PropertyValueSpecification\",\"valueRequired\":true,\"valueName\":\"search_term_string\"}}],\"inLanguage\":\"en-US\"},{\"@type\":\"Organization\",\"@id\":\"https:\\\/\\\/www.amuz.krakow.pl\\\/#organization\",\"name\":\"Akademia Muzyczna im. Krzysztofa Pendereckiego w Krakowie\",\"alternateName\":\"AMKP\",\"url\":\"https:\\\/\\\/www.amuz.krakow.pl\\\/\",\"logo\":{\"@type\":\"ImageObject\",\"inLanguage\":\"en-US\",\"@id\":\"https:\\\/\\\/www.amuz.krakow.pl\\\/#\\\/schema\\\/logo\\\/image\\\/\",\"url\":\"https:\\\/\\\/www.amuz.krakow.pl\\\/wp-content\\\/uploads\\\/2021\\\/11\\\/amkp.jpg\",\"contentUrl\":\"https:\\\/\\\/www.amuz.krakow.pl\\\/wp-content\\\/uploads\\\/2021\\\/11\\\/amkp.jpg\",\"width\":1193,\"height\":591,\"caption\":\"Akademia Muzyczna im. Krzysztofa Pendereckiego w Krakowie\"},\"image\":{\"@id\":\"https:\\\/\\\/www.amuz.krakow.pl\\\/#\\\/schema\\\/logo\\\/image\\\/\"},\"sameAs\":[\"https:\\\/\\\/www.facebook.com\\\/amuz.krakow\",\"https:\\\/\\\/www.instagram.com\\\/amkpenderecki\\\/\",\"https:\\\/\\\/www.youtube.com\\\/@amkpenderecki4806\"]}]}<\/script>\n<!-- \/ Yoast SEO plugin. -->","yoast_head_json":{"title":"AMKP - Akademia Muzyczna im. Krzysztofa Pendereckiego w Krakowie","robots":{"index":"index","follow":"follow","max-snippet":"max-snippet:-1","max-image-preview":"max-image-preview:large","max-video-preview":"max-video-preview:-1"},"canonical":"https:\/\/www.amuz.krakow.pl\/letnia-akademia-muzyczna\/wykaz-kursow\/instrumenty-smyczkowe\/zdzislaw-lapinski-wiolonczela\/","og_locale":"en_US","og_type":"article","og_title":"Zdzis\u0142aw \u0141api\u0144ski - wiolonczela","og_description":"Uko\u0144czy\u0142 z wyr\u00f3\u017cnieniem PWSM w Krakowie w klasach prof. Ludwika Soleckiego i Henryka Zarzyckiego. Nast\u0119pnie studiowa\u0142 u prof. Aldo Parisota w Yale University (USA, 1981). Jako cz\u0142onek kwartetu zdoby\u0142 I nagrod\u0119 na Og\u00f3lnopolskim Konkursie Muzyki Kameralnej w \u0141odzi (1977) oraz III miejsce na Mi\u0119dzynarodowym Konkursie Kwartet\u00f3w Smyczkowych w Evian (Francja, 1978). Otrzyma\u0142 III nagrod\u0119 na Og\u00f3lnopolskim Konkursie Wiolonczelowym w Poznaniu (1978). Jako cz\u0142onek tria fortepianowego (Trio Jagiello\u0144skie) zosta\u0142 laureatem Mi\u0119dzynarodowego Konkursu Muzyki Kameralnej we Florencji (1979). Dokona\u0142 szeregu nagra\u0144 dla Polskiego Radia i Telewizji oraz dla Radia Francuskiego. Koncertowa\u0142 w licznych krajach europejskich, w USA i Brazylii. W latach 1979\u201381 by\u0142 I wiolonczelist\u0105 orkiestry kameralnej Capella Cracoviensis, 1981-89 koncertmistrzem Orkiestry PRiTV w Krakowie, a od roku 1989 jest koncertmistrzem Narodowej Orkiestry Symfonicznej Polskiego Radia w Katowicach. Jest za\u0142o\u017cycielem i kierownikiem artystycznym zespo\u0142u wiolonczel Cantabile (od 1992) oraz zespo\u0142u kameralnego Primo Allegro (od 1997). Profesor Akademii Muzycznej w Krakowie i Kierownik Katedry Wiolonczeli i Kontrabasu.","og_url":"https:\/\/www.amuz.krakow.pl\/letnia-akademia-muzyczna\/wykaz-kursow\/instrumenty-smyczkowe\/zdzislaw-lapinski-wiolonczela\/","og_site_name":"Akademia Muzyczna im. Krzysztofa Pendereckiego w Krakowie","article_publisher":"https:\/\/www.facebook.com\/amuz.krakow","article_modified_time":"2026-04-08T11:29:04+00:00","og_image":[{"width":200,"height":260,"url":"https:\/\/www.amuz.krakow.pl\/wp-content\/uploads\/2016\/02\/\u0142api\u0144ski.jpg","type":"image\/jpeg"}],"twitter_card":"summary_large_image","twitter_misc":{"Est. reading time":"2 minutes"},"schema":{"@context":"https:\/\/schema.org","@graph":[{"@type":"WebPage","@id":"https:\/\/www.amuz.krakow.pl\/letnia-akademia-muzyczna\/wykaz-kursow\/instrumenty-smyczkowe\/zdzislaw-lapinski-wiolonczela\/","url":"https:\/\/www.amuz.krakow.pl\/letnia-akademia-muzyczna\/wykaz-kursow\/instrumenty-smyczkowe\/zdzislaw-lapinski-wiolonczela\/","name":"AMKP - Akademia Muzyczna im. Krzysztofa Pendereckiego w Krakowie","isPartOf":{"@id":"https:\/\/www.amuz.krakow.pl\/#website"},"primaryImageOfPage":{"@id":"https:\/\/www.amuz.krakow.pl\/letnia-akademia-muzyczna\/wykaz-kursow\/instrumenty-smyczkowe\/zdzislaw-lapinski-wiolonczela\/#primaryimage"},"image":{"@id":"https:\/\/www.amuz.krakow.pl\/letnia-akademia-muzyczna\/wykaz-kursow\/instrumenty-smyczkowe\/zdzislaw-lapinski-wiolonczela\/#primaryimage"},"thumbnailUrl":"https:\/\/www.amuz.krakow.pl\/wp-content\/uploads\/2020\/06\/Zdzis\u0142aw-\u0141api\u0144ski-CV.jpg","datePublished":"2016-03-13T18:12:32+00:00","dateModified":"2026-04-08T11:29:04+00:00","breadcrumb":{"@id":"https:\/\/www.amuz.krakow.pl\/letnia-akademia-muzyczna\/wykaz-kursow\/instrumenty-smyczkowe\/zdzislaw-lapinski-wiolonczela\/#breadcrumb"},"inLanguage":"en-US","potentialAction":[{"@type":"ReadAction","target":["https:\/\/www.amuz.krakow.pl\/letnia-akademia-muzyczna\/wykaz-kursow\/instrumenty-smyczkowe\/zdzislaw-lapinski-wiolonczela\/"]}]},{"@type":"ImageObject","inLanguage":"en-US","@id":"https:\/\/www.amuz.krakow.pl\/letnia-akademia-muzyczna\/wykaz-kursow\/instrumenty-smyczkowe\/zdzislaw-lapinski-wiolonczela\/#primaryimage","url":"https:\/\/www.amuz.krakow.pl\/wp-content\/uploads\/2020\/06\/Zdzis\u0142aw-\u0141api\u0144ski-CV.jpg","contentUrl":"https:\/\/www.amuz.krakow.pl\/wp-content\/uploads\/2020\/06\/Zdzis\u0142aw-\u0141api\u0144ski-CV.jpg","width":1604,"height":1013},{"@type":"BreadcrumbList","@id":"https:\/\/www.amuz.krakow.pl\/letnia-akademia-muzyczna\/wykaz-kursow\/instrumenty-smyczkowe\/zdzislaw-lapinski-wiolonczela\/#breadcrumb","itemListElement":[{"@type":"ListItem","position":1,"name":"Strona g\u0142\u00f3wna","item":"https:\/\/www.amuz.krakow.pl\/"},{"@type":"ListItem","position":2,"name":"Letnia Akademia Muzyczna","item":"https:\/\/www.amuz.krakow.pl\/letnia-akademia-muzyczna\/"},{"@type":"ListItem","position":3,"name":"Wykaz kurs\u00f3w","item":"https:\/\/www.amuz.krakow.pl\/letnia-akademia-muzyczna\/wykaz-kursow\/"},{"@type":"ListItem","position":4,"name":"Instrumenty strunowe","item":"https:\/\/www.amuz.krakow.pl\/letnia-akademia-muzyczna\/wykaz-kursow\/instrumenty-smyczkowe\/"},{"@type":"ListItem","position":5,"name":"Zdzis\u0142aw \u0141api\u0144ski &#8211; wiolonczela"}]},{"@type":"WebSite","@id":"https:\/\/www.amuz.krakow.pl\/#website","url":"https:\/\/www.amuz.krakow.pl\/","name":"Akademia Muzyczna im. Krzysztofa Pendereckiego w Krakowie","description":"Oficjalna strona Akademii Muzycznej im. Krzysztofa Pendereckiego w Krakowie (AMKP).","publisher":{"@id":"https:\/\/www.amuz.krakow.pl\/#organization"},"alternateName":"AMKP","potentialAction":[{"@type":"SearchAction","target":{"@type":"EntryPoint","urlTemplate":"https:\/\/www.amuz.krakow.pl\/?s={search_term_string}"},"query-input":{"@type":"PropertyValueSpecification","valueRequired":true,"valueName":"search_term_string"}}],"inLanguage":"en-US"},{"@type":"Organization","@id":"https:\/\/www.amuz.krakow.pl\/#organization","name":"Akademia Muzyczna im. Krzysztofa Pendereckiego w Krakowie","alternateName":"AMKP","url":"https:\/\/www.amuz.krakow.pl\/","logo":{"@type":"ImageObject","inLanguage":"en-US","@id":"https:\/\/www.amuz.krakow.pl\/#\/schema\/logo\/image\/","url":"https:\/\/www.amuz.krakow.pl\/wp-content\/uploads\/2021\/11\/amkp.jpg","contentUrl":"https:\/\/www.amuz.krakow.pl\/wp-content\/uploads\/2021\/11\/amkp.jpg","width":1193,"height":591,"caption":"Akademia Muzyczna im. Krzysztofa Pendereckiego w Krakowie"},"image":{"@id":"https:\/\/www.amuz.krakow.pl\/#\/schema\/logo\/image\/"},"sameAs":["https:\/\/www.facebook.com\/amuz.krakow","https:\/\/www.instagram.com\/amkpenderecki\/","https:\/\/www.youtube.com\/@amkpenderecki4806"]}]}},"_links":{"self":[{"href":"https:\/\/www.amuz.krakow.pl\/en\/wp-json\/wp\/v2\/pages\/4803","targetHints":{"allow":["GET"]}}],"collection":[{"href":"https:\/\/www.amuz.krakow.pl\/en\/wp-json\/wp\/v2\/pages"}],"about":[{"href":"https:\/\/www.amuz.krakow.pl\/en\/wp-json\/wp\/v2\/types\/page"}],"author":[{"embeddable":true,"href":"https:\/\/www.amuz.krakow.pl\/en\/wp-json\/wp\/v2\/users\/72"}],"replies":[{"embeddable":true,"href":"https:\/\/www.amuz.krakow.pl\/en\/wp-json\/wp\/v2\/comments?post=4803"}],"version-history":[{"count":3,"href":"https:\/\/www.amuz.krakow.pl\/en\/wp-json\/wp\/v2\/pages\/4803\/revisions"}],"predecessor-version":[{"id":71447,"href":"https:\/\/www.amuz.krakow.pl\/en\/wp-json\/wp\/v2\/pages\/4803\/revisions\/71447"}],"up":[{"embeddable":true,"href":"https:\/\/www.amuz.krakow.pl\/en\/wp-json\/wp\/v2\/pages\/47052"}],"wp:featuredmedia":[{"embeddable":true,"href":"https:\/\/www.amuz.krakow.pl\/en\/wp-json\/wp\/v2\/media\/39440"}],"wp:attachment":[{"href":"https:\/\/www.amuz.krakow.pl\/en\/wp-json\/wp\/v2\/media?parent=4803"}],"curies":[{"name":"wp","href":"https:\/\/api.w.org\/{rel}","templated":true}]}}