{"id":47189,"date":"2021-02-18T22:30:31","date_gmt":"2021-02-18T21:30:31","guid":{"rendered":"https:\/\/www.amuz.krakow.pl\/?page_id=47189"},"modified":"2021-02-23T22:07:02","modified_gmt":"2021-02-23T21:07:02","slug":"regina-chlopicka-krzysztof-penderecki-miedzy-sacrum-a-profanum-studia-nad-tworczoscia-wokalno-instrumentalna","status":"publish","type":"page","link":"https:\/\/www.amuz.krakow.pl\/en\/penderecki-academy-press\/k-penderecki-w-naszych-publikacjach\/monografie\/regina-chlopicka-krzysztof-penderecki-miedzy-sacrum-a-profanum-studia-nad-tworczoscia-wokalno-instrumentalna\/","title":{"rendered":"Regina Ch\u0142opicka \u2013 Krzysztof Penderecki mi\u0119dzy sacrum a profanum. Studia nad tw\u00f3rczo\u015bci\u0105 wokalno-instrumentaln\u0105."},"content":{"rendered":"<p class=\"qtranxs-available-languages-message qtranxs-available-languages-message-en\">Sorry, this entry is only available in <a href=\"https:\/\/www.amuz.krakow.pl\/pl\/wp-json\/wp\/v2\/pages\/47189\" class=\"qtranxs-available-language-link qtranxs-available-language-link-pl\" title=\"Polski\">Polski<\/a>.<\/p>","protected":false},"excerpt":{"rendered":"<p>Sorry, this entry is only available in Polski.<\/p>\n","protected":false},"author":72,"featured_media":0,"parent":47150,"menu_order":9,"comment_status":"closed","ping_status":"closed","template":"","meta":{"footnotes":"","_links_to":"","_links_to_target":""},"class_list":["post-47189","page","type-page","status-publish","hentry"],"yoast_head":"<!-- This site is optimized with the Yoast SEO plugin v27.4 - https:\/\/yoast.com\/product\/yoast-seo-wordpress\/ -->\n<title>AMKP - Akademia Muzyczna im. Krzysztofa Pendereckiego w Krakowie<\/title>\n<meta name=\"robots\" content=\"index, follow, max-snippet:-1, max-image-preview:large, max-video-preview:-1\" \/>\n<link rel=\"canonical\" href=\"https:\/\/www.amuz.krakow.pl\/penderecki-academy-press\/k-penderecki-w-naszych-publikacjach\/monografie\/regina-chlopicka-krzysztof-penderecki-miedzy-sacrum-a-profanum-studia-nad-tworczoscia-wokalno-instrumentalna\/\" \/>\n<meta property=\"og:locale\" content=\"en_US\" \/>\n<meta property=\"og:type\" content=\"article\" \/>\n<meta property=\"og:title\" content=\"AMKP - Akademia Muzyczna im. Krzysztofa Pendereckiego w Krakowie\" \/>\n<meta property=\"og:description\" content=\"Sorry, this entry is only available in Polski.\" \/>\n<meta property=\"og:url\" content=\"https:\/\/www.amuz.krakow.pl\/penderecki-academy-press\/k-penderecki-w-naszych-publikacjach\/monografie\/regina-chlopicka-krzysztof-penderecki-miedzy-sacrum-a-profanum-studia-nad-tworczoscia-wokalno-instrumentalna\/\" \/>\n<meta property=\"og:site_name\" content=\"Akademia Muzyczna im. Krzysztofa Pendereckiego w Krakowie\" \/>\n<meta property=\"article:publisher\" content=\"https:\/\/www.facebook.com\/amuz.krakow\" \/>\n<meta property=\"article:modified_time\" content=\"2021-02-23T21:07:02+00:00\" \/>\n<meta property=\"og:image\" content=\"https:\/\/www.amuz.krakow.pl\/wp-content\/uploads\/2021\/02\/Regina-Chlopicka-Krzysztof-Penderecki-miedzy-sacrum-a-profanum.-Studia-nad-tworczoscia-wokalno-instrumentalna..jpg\" \/>\n\t<meta property=\"og:image:width\" content=\"600\" \/>\n\t<meta property=\"og:image:height\" content=\"600\" \/>\n\t<meta property=\"og:image:type\" content=\"image\/jpeg\" \/>\n<meta name=\"twitter:card\" content=\"summary_large_image\" \/>\n<meta name=\"twitter:label1\" content=\"Est. reading time\" \/>\n\t<meta name=\"twitter:data1\" content=\"2 minutes\" \/>\n<script type=\"application\/ld+json\" class=\"yoast-schema-graph\">{\"@context\":\"https:\\\/\\\/schema.org\",\"@graph\":[{\"@type\":\"WebPage\",\"@id\":\"https:\\\/\\\/www.amuz.krakow.pl\\\/penderecki-academy-press\\\/k-penderecki-w-naszych-publikacjach\\\/monografie\\\/regina-chlopicka-krzysztof-penderecki-miedzy-sacrum-a-profanum-studia-nad-tworczoscia-wokalno-instrumentalna\\\/\",\"url\":\"https:\\\/\\\/www.amuz.krakow.pl\\\/penderecki-academy-press\\\/k-penderecki-w-naszych-publikacjach\\\/monografie\\\/regina-chlopicka-krzysztof-penderecki-miedzy-sacrum-a-profanum-studia-nad-tworczoscia-wokalno-instrumentalna\\\/\",\"name\":\"AMKP - Akademia Muzyczna im. Krzysztofa Pendereckiego w Krakowie\",\"isPartOf\":{\"@id\":\"https:\\\/\\\/www.amuz.krakow.pl\\\/#website\"},\"primaryImageOfPage\":{\"@id\":\"https:\\\/\\\/www.amuz.krakow.pl\\\/penderecki-academy-press\\\/k-penderecki-w-naszych-publikacjach\\\/monografie\\\/regina-chlopicka-krzysztof-penderecki-miedzy-sacrum-a-profanum-studia-nad-tworczoscia-wokalno-instrumentalna\\\/#primaryimage\"},\"image\":{\"@id\":\"https:\\\/\\\/www.amuz.krakow.pl\\\/penderecki-academy-press\\\/k-penderecki-w-naszych-publikacjach\\\/monografie\\\/regina-chlopicka-krzysztof-penderecki-miedzy-sacrum-a-profanum-studia-nad-tworczoscia-wokalno-instrumentalna\\\/#primaryimage\"},\"thumbnailUrl\":\"https:\\\/\\\/www.amuz.krakow.pl\\\/wp-content\\\/uploads\\\/2021\\\/02\\\/Regina-Chlopicka-Krzysztof-Penderecki-miedzy-sacrum-a-profanum.-Studia-nad-tworczoscia-wokalno-instrumentalna..jpg\",\"datePublished\":\"2021-02-18T21:30:31+00:00\",\"dateModified\":\"2021-02-23T21:07:02+00:00\",\"breadcrumb\":{\"@id\":\"https:\\\/\\\/www.amuz.krakow.pl\\\/penderecki-academy-press\\\/k-penderecki-w-naszych-publikacjach\\\/monografie\\\/regina-chlopicka-krzysztof-penderecki-miedzy-sacrum-a-profanum-studia-nad-tworczoscia-wokalno-instrumentalna\\\/#breadcrumb\"},\"inLanguage\":\"en-US\",\"potentialAction\":[{\"@type\":\"ReadAction\",\"target\":[\"https:\\\/\\\/www.amuz.krakow.pl\\\/penderecki-academy-press\\\/k-penderecki-w-naszych-publikacjach\\\/monografie\\\/regina-chlopicka-krzysztof-penderecki-miedzy-sacrum-a-profanum-studia-nad-tworczoscia-wokalno-instrumentalna\\\/\"]}]},{\"@type\":\"ImageObject\",\"inLanguage\":\"en-US\",\"@id\":\"https:\\\/\\\/www.amuz.krakow.pl\\\/penderecki-academy-press\\\/k-penderecki-w-naszych-publikacjach\\\/monografie\\\/regina-chlopicka-krzysztof-penderecki-miedzy-sacrum-a-profanum-studia-nad-tworczoscia-wokalno-instrumentalna\\\/#primaryimage\",\"url\":\"https:\\\/\\\/www.amuz.krakow.pl\\\/wp-content\\\/uploads\\\/2021\\\/02\\\/Regina-Chlopicka-Krzysztof-Penderecki-miedzy-sacrum-a-profanum.-Studia-nad-tworczoscia-wokalno-instrumentalna..jpg\",\"contentUrl\":\"https:\\\/\\\/www.amuz.krakow.pl\\\/wp-content\\\/uploads\\\/2021\\\/02\\\/Regina-Chlopicka-Krzysztof-Penderecki-miedzy-sacrum-a-profanum.-Studia-nad-tworczoscia-wokalno-instrumentalna..jpg\"},{\"@type\":\"BreadcrumbList\",\"@id\":\"https:\\\/\\\/www.amuz.krakow.pl\\\/penderecki-academy-press\\\/k-penderecki-w-naszych-publikacjach\\\/monografie\\\/regina-chlopicka-krzysztof-penderecki-miedzy-sacrum-a-profanum-studia-nad-tworczoscia-wokalno-instrumentalna\\\/#breadcrumb\",\"itemListElement\":[{\"@type\":\"ListItem\",\"position\":1,\"name\":\"Strona g\u0142\u00f3wna\",\"item\":\"https:\\\/\\\/www.amuz.krakow.pl\\\/\"},{\"@type\":\"ListItem\",\"position\":2,\"name\":\"PENDERECKI ACADEMY PRESS\",\"item\":\"https:\\\/\\\/www.amuz.krakow.pl\\\/penderecki-academy-press\\\/\"},{\"@type\":\"ListItem\",\"position\":3,\"name\":\"K. Penderecki w naszych publikacjach\",\"item\":\"https:\\\/\\\/www.amuz.krakow.pl\\\/penderecki-academy-press\\\/k-penderecki-w-naszych-publikacjach\\\/\"},{\"@type\":\"ListItem\",\"position\":4,\"name\":\"Monografie\",\"item\":\"https:\\\/\\\/www.amuz.krakow.pl\\\/penderecki-academy-press\\\/k-penderecki-w-naszych-publikacjach\\\/monografie\\\/\"},{\"@type\":\"ListItem\",\"position\":5,\"name\":\"Regina Ch\u0142opicka \u2013 Krzysztof Penderecki mi\u0119dzy sacrum a profanum. Studia nad tw\u00f3rczo\u015bci\u0105 wokalno-instrumentaln\u0105.\"}]},{\"@type\":\"WebSite\",\"@id\":\"https:\\\/\\\/www.amuz.krakow.pl\\\/#website\",\"url\":\"https:\\\/\\\/www.amuz.krakow.pl\\\/\",\"name\":\"Akademia Muzyczna im. Krzysztofa Pendereckiego w Krakowie\",\"description\":\"Oficjalna strona Akademii Muzycznej im. Krzysztofa Pendereckiego w Krakowie (AMKP).\",\"publisher\":{\"@id\":\"https:\\\/\\\/www.amuz.krakow.pl\\\/#organization\"},\"alternateName\":\"AMKP\",\"potentialAction\":[{\"@type\":\"SearchAction\",\"target\":{\"@type\":\"EntryPoint\",\"urlTemplate\":\"https:\\\/\\\/www.amuz.krakow.pl\\\/?s={search_term_string}\"},\"query-input\":{\"@type\":\"PropertyValueSpecification\",\"valueRequired\":true,\"valueName\":\"search_term_string\"}}],\"inLanguage\":\"en-US\"},{\"@type\":\"Organization\",\"@id\":\"https:\\\/\\\/www.amuz.krakow.pl\\\/#organization\",\"name\":\"Akademia Muzyczna im. Krzysztofa Pendereckiego w Krakowie\",\"alternateName\":\"AMKP\",\"url\":\"https:\\\/\\\/www.amuz.krakow.pl\\\/\",\"logo\":{\"@type\":\"ImageObject\",\"inLanguage\":\"en-US\",\"@id\":\"https:\\\/\\\/www.amuz.krakow.pl\\\/#\\\/schema\\\/logo\\\/image\\\/\",\"url\":\"https:\\\/\\\/www.amuz.krakow.pl\\\/wp-content\\\/uploads\\\/2021\\\/11\\\/amkp.jpg\",\"contentUrl\":\"https:\\\/\\\/www.amuz.krakow.pl\\\/wp-content\\\/uploads\\\/2021\\\/11\\\/amkp.jpg\",\"width\":1193,\"height\":591,\"caption\":\"Akademia Muzyczna im. Krzysztofa Pendereckiego w Krakowie\"},\"image\":{\"@id\":\"https:\\\/\\\/www.amuz.krakow.pl\\\/#\\\/schema\\\/logo\\\/image\\\/\"},\"sameAs\":[\"https:\\\/\\\/www.facebook.com\\\/amuz.krakow\",\"https:\\\/\\\/www.instagram.com\\\/amkpenderecki\\\/\",\"https:\\\/\\\/www.youtube.com\\\/@amkpenderecki4806\"]}]}<\/script>\n<!-- \/ Yoast SEO plugin. -->","yoast_head_json":{"title":"AMKP - Akademia Muzyczna im. Krzysztofa Pendereckiego w Krakowie","robots":{"index":"index","follow":"follow","max-snippet":"max-snippet:-1","max-image-preview":"max-image-preview:large","max-video-preview":"max-video-preview:-1"},"canonical":"https:\/\/www.amuz.krakow.pl\/penderecki-academy-press\/k-penderecki-w-naszych-publikacjach\/monografie\/regina-chlopicka-krzysztof-penderecki-miedzy-sacrum-a-profanum-studia-nad-tworczoscia-wokalno-instrumentalna\/","og_locale":"en_US","og_type":"article","og_title":"AMKP - Akademia Muzyczna im. Krzysztofa Pendereckiego w Krakowie","og_description":"Sorry, this entry is only available in Polski.","og_url":"https:\/\/www.amuz.krakow.pl\/penderecki-academy-press\/k-penderecki-w-naszych-publikacjach\/monografie\/regina-chlopicka-krzysztof-penderecki-miedzy-sacrum-a-profanum-studia-nad-tworczoscia-wokalno-instrumentalna\/","og_site_name":"Akademia Muzyczna im. Krzysztofa Pendereckiego w Krakowie","article_publisher":"https:\/\/www.facebook.com\/amuz.krakow","article_modified_time":"2021-02-23T21:07:02+00:00","og_image":[{"width":600,"height":600,"url":"https:\/\/www.amuz.krakow.pl\/wp-content\/uploads\/2021\/02\/Regina-Chlopicka-Krzysztof-Penderecki-miedzy-sacrum-a-profanum.-Studia-nad-tworczoscia-wokalno-instrumentalna..jpg","type":"image\/jpeg"}],"twitter_card":"summary_large_image","twitter_misc":{"Est. reading time":"2 minutes"},"schema":{"@context":"https:\/\/schema.org","@graph":[{"@type":"WebPage","@id":"https:\/\/www.amuz.krakow.pl\/penderecki-academy-press\/k-penderecki-w-naszych-publikacjach\/monografie\/regina-chlopicka-krzysztof-penderecki-miedzy-sacrum-a-profanum-studia-nad-tworczoscia-wokalno-instrumentalna\/","url":"https:\/\/www.amuz.krakow.pl\/penderecki-academy-press\/k-penderecki-w-naszych-publikacjach\/monografie\/regina-chlopicka-krzysztof-penderecki-miedzy-sacrum-a-profanum-studia-nad-tworczoscia-wokalno-instrumentalna\/","name":"AMKP - Akademia Muzyczna im. Krzysztofa Pendereckiego w Krakowie","isPartOf":{"@id":"https:\/\/www.amuz.krakow.pl\/#website"},"primaryImageOfPage":{"@id":"https:\/\/www.amuz.krakow.pl\/penderecki-academy-press\/k-penderecki-w-naszych-publikacjach\/monografie\/regina-chlopicka-krzysztof-penderecki-miedzy-sacrum-a-profanum-studia-nad-tworczoscia-wokalno-instrumentalna\/#primaryimage"},"image":{"@id":"https:\/\/www.amuz.krakow.pl\/penderecki-academy-press\/k-penderecki-w-naszych-publikacjach\/monografie\/regina-chlopicka-krzysztof-penderecki-miedzy-sacrum-a-profanum-studia-nad-tworczoscia-wokalno-instrumentalna\/#primaryimage"},"thumbnailUrl":"https:\/\/www.amuz.krakow.pl\/wp-content\/uploads\/2021\/02\/Regina-Chlopicka-Krzysztof-Penderecki-miedzy-sacrum-a-profanum.-Studia-nad-tworczoscia-wokalno-instrumentalna..jpg","datePublished":"2021-02-18T21:30:31+00:00","dateModified":"2021-02-23T21:07:02+00:00","breadcrumb":{"@id":"https:\/\/www.amuz.krakow.pl\/penderecki-academy-press\/k-penderecki-w-naszych-publikacjach\/monografie\/regina-chlopicka-krzysztof-penderecki-miedzy-sacrum-a-profanum-studia-nad-tworczoscia-wokalno-instrumentalna\/#breadcrumb"},"inLanguage":"en-US","potentialAction":[{"@type":"ReadAction","target":["https:\/\/www.amuz.krakow.pl\/penderecki-academy-press\/k-penderecki-w-naszych-publikacjach\/monografie\/regina-chlopicka-krzysztof-penderecki-miedzy-sacrum-a-profanum-studia-nad-tworczoscia-wokalno-instrumentalna\/"]}]},{"@type":"ImageObject","inLanguage":"en-US","@id":"https:\/\/www.amuz.krakow.pl\/penderecki-academy-press\/k-penderecki-w-naszych-publikacjach\/monografie\/regina-chlopicka-krzysztof-penderecki-miedzy-sacrum-a-profanum-studia-nad-tworczoscia-wokalno-instrumentalna\/#primaryimage","url":"https:\/\/www.amuz.krakow.pl\/wp-content\/uploads\/2021\/02\/Regina-Chlopicka-Krzysztof-Penderecki-miedzy-sacrum-a-profanum.-Studia-nad-tworczoscia-wokalno-instrumentalna..jpg","contentUrl":"https:\/\/www.amuz.krakow.pl\/wp-content\/uploads\/2021\/02\/Regina-Chlopicka-Krzysztof-Penderecki-miedzy-sacrum-a-profanum.-Studia-nad-tworczoscia-wokalno-instrumentalna..jpg"},{"@type":"BreadcrumbList","@id":"https:\/\/www.amuz.krakow.pl\/penderecki-academy-press\/k-penderecki-w-naszych-publikacjach\/monografie\/regina-chlopicka-krzysztof-penderecki-miedzy-sacrum-a-profanum-studia-nad-tworczoscia-wokalno-instrumentalna\/#breadcrumb","itemListElement":[{"@type":"ListItem","position":1,"name":"Strona g\u0142\u00f3wna","item":"https:\/\/www.amuz.krakow.pl\/"},{"@type":"ListItem","position":2,"name":"PENDERECKI ACADEMY PRESS","item":"https:\/\/www.amuz.krakow.pl\/penderecki-academy-press\/"},{"@type":"ListItem","position":3,"name":"K. Penderecki w naszych publikacjach","item":"https:\/\/www.amuz.krakow.pl\/penderecki-academy-press\/k-penderecki-w-naszych-publikacjach\/"},{"@type":"ListItem","position":4,"name":"Monografie","item":"https:\/\/www.amuz.krakow.pl\/penderecki-academy-press\/k-penderecki-w-naszych-publikacjach\/monografie\/"},{"@type":"ListItem","position":5,"name":"Regina Ch\u0142opicka \u2013 Krzysztof Penderecki mi\u0119dzy sacrum a profanum. Studia nad tw\u00f3rczo\u015bci\u0105 wokalno-instrumentaln\u0105."}]},{"@type":"WebSite","@id":"https:\/\/www.amuz.krakow.pl\/#website","url":"https:\/\/www.amuz.krakow.pl\/","name":"Akademia Muzyczna im. Krzysztofa Pendereckiego w Krakowie","description":"Oficjalna strona Akademii Muzycznej im. Krzysztofa Pendereckiego w Krakowie (AMKP).","publisher":{"@id":"https:\/\/www.amuz.krakow.pl\/#organization"},"alternateName":"AMKP","potentialAction":[{"@type":"SearchAction","target":{"@type":"EntryPoint","urlTemplate":"https:\/\/www.amuz.krakow.pl\/?s={search_term_string}"},"query-input":{"@type":"PropertyValueSpecification","valueRequired":true,"valueName":"search_term_string"}}],"inLanguage":"en-US"},{"@type":"Organization","@id":"https:\/\/www.amuz.krakow.pl\/#organization","name":"Akademia Muzyczna im. Krzysztofa Pendereckiego w Krakowie","alternateName":"AMKP","url":"https:\/\/www.amuz.krakow.pl\/","logo":{"@type":"ImageObject","inLanguage":"en-US","@id":"https:\/\/www.amuz.krakow.pl\/#\/schema\/logo\/image\/","url":"https:\/\/www.amuz.krakow.pl\/wp-content\/uploads\/2021\/11\/amkp.jpg","contentUrl":"https:\/\/www.amuz.krakow.pl\/wp-content\/uploads\/2021\/11\/amkp.jpg","width":1193,"height":591,"caption":"Akademia Muzyczna im. Krzysztofa Pendereckiego w Krakowie"},"image":{"@id":"https:\/\/www.amuz.krakow.pl\/#\/schema\/logo\/image\/"},"sameAs":["https:\/\/www.facebook.com\/amuz.krakow","https:\/\/www.instagram.com\/amkpenderecki\/","https:\/\/www.youtube.com\/@amkpenderecki4806"]}]}},"_links":{"self":[{"href":"https:\/\/www.amuz.krakow.pl\/en\/wp-json\/wp\/v2\/pages\/47189","targetHints":{"allow":["GET"]}}],"collection":[{"href":"https:\/\/www.amuz.krakow.pl\/en\/wp-json\/wp\/v2\/pages"}],"about":[{"href":"https:\/\/www.amuz.krakow.pl\/en\/wp-json\/wp\/v2\/types\/page"}],"author":[{"embeddable":true,"href":"https:\/\/www.amuz.krakow.pl\/en\/wp-json\/wp\/v2\/users\/72"}],"replies":[{"embeddable":true,"href":"https:\/\/www.amuz.krakow.pl\/en\/wp-json\/wp\/v2\/comments?post=47189"}],"version-history":[{"count":0,"href":"https:\/\/www.amuz.krakow.pl\/en\/wp-json\/wp\/v2\/pages\/47189\/revisions"}],"up":[{"embeddable":true,"href":"https:\/\/www.amuz.krakow.pl\/en\/wp-json\/wp\/v2\/pages\/47150"}],"wp:attachment":[{"href":"https:\/\/www.amuz.krakow.pl\/en\/wp-json\/wp\/v2\/media?parent=47189"}],"curies":[{"name":"wp","href":"https:\/\/api.w.org\/{rel}","templated":true}]}}