{"id":4716,"date":"2016-03-10T23:58:27","date_gmt":"2016-03-10T22:58:27","guid":{"rendered":"http:\/\/www.amuz.krakow.pl\/?page_id=4716"},"modified":"2026-04-01T16:13:54","modified_gmt":"2026-04-01T14:13:54","slug":"dominika-falger-skrzypce","status":"publish","type":"page","link":"https:\/\/www.amuz.krakow.pl\/en\/letnia-akademia-muzyczna\/wykaz-kursow\/instrumenty-smyczkowe\/dominika-falger-skrzypce\/","title":{"rendered":"Dominika Falger &#8211; violin"},"content":{"rendered":"<p><figure id=\"attachment_4718\" aria-describedby=\"caption-attachment-4718\" style=\"width: 300px\" class=\"wp-caption aligncenter\"><a href=\"https:\/\/www.amuz.krakow.pl\/wp-content\/uploads\/2016\/03\/25.-Falger-Dominika.jpg\" target=\"_blank\" rel=\"noopener\"><img loading=\"lazy\" decoding=\"async\" class=\"wp-image-4718 size-medium\" src=\"https:\/\/www.amuz.krakow.pl\/wp-content\/uploads\/2016\/03\/25.-Falger-Dominika-300x271.jpg\" alt=\" Falger Dominika\" width=\"300\" height=\"271\" srcset=\"https:\/\/www.amuz.krakow.pl\/wp-content\/uploads\/2016\/03\/25.-Falger-Dominika-300x271.jpg 300w, https:\/\/www.amuz.krakow.pl\/wp-content\/uploads\/2016\/03\/25.-Falger-Dominika.jpg 663w\" sizes=\"auto, (max-width: 300px) 100vw, 300px\" \/><\/a><figcaption id=\"caption-attachment-4718\" class=\"wp-caption-text\">Photo by Nancy Horowitz<\/figcaption><\/figure><\/p>\n<p style=\"text-align: justify;\">She studies at the Paderewski Akademy of Music in Poznan, where she studied with Prof. J. Kaliszewska and Prof. M. Baranowski, and then at the universities of Vienna and Graz, where she studied with Prof. E. Z. Zienkowski, Y. Kless, and Prof. J. Pospichal. From 1997-2005 she was assistant of Y. Kless at the Graz Music University. Additionally she has studied historical instrumental practice with Prof. I. Rainer and Prof. H. Kurosaki. She has won prizes at numerous national and international violin competitions: the Z. Janke in Poznan, the Sarasate in Pamplona, the R. Lipizer in Gorizia, the K. Lipinski and H. Wieniawski in Lublin, the Brahms in P\u00f6rtschach, the Szymanowski in Lodz and the T. Wronski in Warsaw. By the age of 12 she was appearing regularly as a soloist in almost all European countries, in the United States, and in the Far East. She has played with all the most important Polish orchestras as well as with the Vienna Symphony and the Taegu City Symphony Orchestras, and the Slovakian Chamber Orchestra. In addition to numerous recordings for international radio and television broadcasters she has made many CDs of solo and chamber music works. Her repertoire stretches from the Baroque to include the most important Classical and Romantic works as well as contemporary music. She is professor at the University of Music and Dramatic Arts in Graz (Austria), at the Conservatory Vienna (private University), teaches at the music school of the City of Vienna, and also regularly holds master classes. She is also in demand as a jury member for international violin competitions. Dominika Falger has been a member of the Vienna Symphony Orchestra since 1999, where she is the first principal of the second violin section.<\/p>\n<p><\/p>","protected":false},"excerpt":{"rendered":"<p>She studies at the Paderewski Akademy of Music in Poznan, where she studied with Prof. J. Kaliszewska and Prof. M. Baranowski, and then at the universities of Vienna and Graz,&hellip; <a href=\"https:\/\/www.amuz.krakow.pl\/en\/letnia-akademia-muzyczna\/wykaz-kursow\/instrumenty-smyczkowe\/dominika-falger-skrzypce\/\">Continue reading<\/a><\/p>\n","protected":false},"author":72,"featured_media":84101,"parent":47052,"menu_order":1,"comment_status":"closed","ping_status":"closed","template":"","meta":{"footnotes":"","_links_to":"","_links_to_target":""},"class_list":["post-4716","page","type-page","status-publish","has-post-thumbnail","hentry"],"yoast_head":"<!-- This site is optimized with the Yoast SEO plugin v27.4 - https:\/\/yoast.com\/product\/yoast-seo-wordpress\/ -->\n<title>AMKP - Akademia Muzyczna im. Krzysztofa Pendereckiego w Krakowie<\/title>\n<meta name=\"robots\" content=\"index, follow, max-snippet:-1, max-image-preview:large, max-video-preview:-1\" \/>\n<link rel=\"canonical\" href=\"https:\/\/www.amuz.krakow.pl\/letnia-akademia-muzyczna\/wykaz-kursow\/instrumenty-smyczkowe\/dominika-falger-skrzypce\/\" \/>\n<meta property=\"og:locale\" content=\"en_US\" \/>\n<meta property=\"og:type\" content=\"article\" \/>\n<meta property=\"og:title\" content=\"Dominika Falger - skrzypce\" \/>\n<meta property=\"og:description\" content=\"Uko\u0144czy\u0142a z wyr\u00f3\u017cnieniem\u00a0 Akademi\u0119 Muzyczn\u0105\u00a0 w Poznaniu\u00a0 w klasie prof. J. Kaliszewskiej i prof. M. Baranowskiego oraz Uniwersytety w Wiedniu i Grazu ( prof. E. Z. Zienkowski, Y. Kless, J. Pospichal). W latach 1997-2005 by\u0142a asystentka Prof. Yaira Klessa na Uniwesytecie Muzycznym w Grazu. Studia muzyki dawnej odby\u0142a u prof. I. Rainera i prof. H. Kurosaki. Zdobywczyni pierwszej nagrody na Konkursie im. Z.Jankego w Poznaniu, Muzyki Kameralnej w \u0141odzi jak r\u00f3wnie\u017c laureatka innych krajowych i mi\u0119dzynarodowych konkurs\u00f3w skrzypcowych m. in.\u00a0 Sarasatego w Pamplonie\/Hiszpania, Lipizera w Gorizii\/ Wlochy, Brahmsa w P\u00f6rtschach\/ Austria, Wieniawskiego\u00a0 i Lipi\u0144skiego w Lublinie, K.Szymanowskiego w \u0141odzi,\u00a0 T.Wro\u0144skiego w Warszawie, Konkursu Muzyki Wsp\u00f3\u0142czesnej w Warszawie, K.Szymanowskiego w Zakopanym. Koncertowa\u0142a niemal we wszystkich krajach Europy, Ameryce oraz na Bliskim i Dalekim Wschodzie. Jako solistka wsp\u00f3\u0142pracowa\u0142a z wieloma polskimi i zagranicznymi orkiestrami (m.in. Wiener Symphoniker, Taegu City Orkiestra\/Po\u0142udniowa Korea, S\u0142owacka Orkiestra Kameralna, Sinfonia Verde\/Anglia, Wirtuozi Lwowscy, D\u00b4Angelo Symphony Orchestra\/USA). W swoim dorobku posiada nagrania radiowe, telewizyjne i p\u0142ytowe (m.in. koncert\u00f3w skrzypcowych P.I. Czajkowskiego, K. Lipi\u0144skiego jak r\u00f3wnie\u017c wszystkich utwor\u00f3w na skrzypce i orkiestr\u0119 W.A. Mozarta -\u00a0 Dux). Wyk\u0142ada na Uniwersytecie w Grazu\/Austria (Universit\u00e4t f\u00fcr Musik und Darstellende Kunst), w Wiedniu (Konserwatorium Wien \u2013 Privatuniversit\u00e4t) jak r\u00f3wnie\u017c prowadzi klasy skrzypiec w szko\u0142ach muzycznych Margareten i Leopoldstadt. Zasiada w jury mi\u0119dzynarodowych konkurs\u00f3w skrzypcowych oraz prowadzi mistrzowskie kursy muzyczne we W\u0142oszech, Austrii, Polsce i na S\u0142owacji. Od 1999 roku jest koncertmistrzem grupy II skrzypiec w orkiestrze Wiener Symphoniker.\" \/>\n<meta property=\"og:url\" content=\"https:\/\/www.amuz.krakow.pl\/letnia-akademia-muzyczna\/wykaz-kursow\/instrumenty-smyczkowe\/dominika-falger-skrzypce\/\" \/>\n<meta property=\"og:site_name\" content=\"Akademia Muzyczna im. Krzysztofa Pendereckiego w Krakowie\" \/>\n<meta property=\"article:publisher\" content=\"https:\/\/www.facebook.com\/amuz.krakow\" \/>\n<meta property=\"article:modified_time\" content=\"2026-04-01T14:13:54+00:00\" \/>\n<meta property=\"og:image\" content=\"https:\/\/www.amuz.krakow.pl\/wp-content\/uploads\/2016\/03\/25.-Falger-Dominika.jpg\" \/>\n\t<meta property=\"og:image:width\" content=\"663\" \/>\n\t<meta property=\"og:image:height\" content=\"600\" \/>\n\t<meta property=\"og:image:type\" content=\"image\/jpeg\" \/>\n<meta name=\"twitter:card\" content=\"summary_large_image\" \/>\n<meta name=\"twitter:label1\" content=\"Est. reading time\" \/>\n\t<meta name=\"twitter:data1\" content=\"3 minutes\" \/>\n<script type=\"application\/ld+json\" class=\"yoast-schema-graph\">{\"@context\":\"https:\\\/\\\/schema.org\",\"@graph\":[{\"@type\":\"WebPage\",\"@id\":\"https:\\\/\\\/www.amuz.krakow.pl\\\/letnia-akademia-muzyczna\\\/wykaz-kursow\\\/instrumenty-smyczkowe\\\/dominika-falger-skrzypce\\\/\",\"url\":\"https:\\\/\\\/www.amuz.krakow.pl\\\/letnia-akademia-muzyczna\\\/wykaz-kursow\\\/instrumenty-smyczkowe\\\/dominika-falger-skrzypce\\\/\",\"name\":\"AMKP - Akademia Muzyczna im. Krzysztofa Pendereckiego w Krakowie\",\"isPartOf\":{\"@id\":\"https:\\\/\\\/www.amuz.krakow.pl\\\/#website\"},\"primaryImageOfPage\":{\"@id\":\"https:\\\/\\\/www.amuz.krakow.pl\\\/letnia-akademia-muzyczna\\\/wykaz-kursow\\\/instrumenty-smyczkowe\\\/dominika-falger-skrzypce\\\/#primaryimage\"},\"image\":{\"@id\":\"https:\\\/\\\/www.amuz.krakow.pl\\\/letnia-akademia-muzyczna\\\/wykaz-kursow\\\/instrumenty-smyczkowe\\\/dominika-falger-skrzypce\\\/#primaryimage\"},\"thumbnailUrl\":\"https:\\\/\\\/www.amuz.krakow.pl\\\/wp-content\\\/uploads\\\/2024\\\/03\\\/Dominika-Falger_miniatura.jpg\",\"datePublished\":\"2016-03-10T22:58:27+00:00\",\"dateModified\":\"2026-04-01T14:13:54+00:00\",\"breadcrumb\":{\"@id\":\"https:\\\/\\\/www.amuz.krakow.pl\\\/letnia-akademia-muzyczna\\\/wykaz-kursow\\\/instrumenty-smyczkowe\\\/dominika-falger-skrzypce\\\/#breadcrumb\"},\"inLanguage\":\"en-US\",\"potentialAction\":[{\"@type\":\"ReadAction\",\"target\":[\"https:\\\/\\\/www.amuz.krakow.pl\\\/letnia-akademia-muzyczna\\\/wykaz-kursow\\\/instrumenty-smyczkowe\\\/dominika-falger-skrzypce\\\/\"]}]},{\"@type\":\"ImageObject\",\"inLanguage\":\"en-US\",\"@id\":\"https:\\\/\\\/www.amuz.krakow.pl\\\/letnia-akademia-muzyczna\\\/wykaz-kursow\\\/instrumenty-smyczkowe\\\/dominika-falger-skrzypce\\\/#primaryimage\",\"url\":\"https:\\\/\\\/www.amuz.krakow.pl\\\/wp-content\\\/uploads\\\/2024\\\/03\\\/Dominika-Falger_miniatura.jpg\",\"contentUrl\":\"https:\\\/\\\/www.amuz.krakow.pl\\\/wp-content\\\/uploads\\\/2024\\\/03\\\/Dominika-Falger_miniatura.jpg\",\"width\":600,\"height\":300},{\"@type\":\"BreadcrumbList\",\"@id\":\"https:\\\/\\\/www.amuz.krakow.pl\\\/letnia-akademia-muzyczna\\\/wykaz-kursow\\\/instrumenty-smyczkowe\\\/dominika-falger-skrzypce\\\/#breadcrumb\",\"itemListElement\":[{\"@type\":\"ListItem\",\"position\":1,\"name\":\"Strona g\u0142\u00f3wna\",\"item\":\"https:\\\/\\\/www.amuz.krakow.pl\\\/\"},{\"@type\":\"ListItem\",\"position\":2,\"name\":\"Letnia Akademia Muzyczna\",\"item\":\"https:\\\/\\\/www.amuz.krakow.pl\\\/letnia-akademia-muzyczna\\\/\"},{\"@type\":\"ListItem\",\"position\":3,\"name\":\"Wykaz kurs\u00f3w\",\"item\":\"https:\\\/\\\/www.amuz.krakow.pl\\\/letnia-akademia-muzyczna\\\/wykaz-kursow\\\/\"},{\"@type\":\"ListItem\",\"position\":4,\"name\":\"Instrumenty strunowe\",\"item\":\"https:\\\/\\\/www.amuz.krakow.pl\\\/letnia-akademia-muzyczna\\\/wykaz-kursow\\\/instrumenty-smyczkowe\\\/\"},{\"@type\":\"ListItem\",\"position\":5,\"name\":\"Dominika Falger &#8211; skrzypce\"}]},{\"@type\":\"WebSite\",\"@id\":\"https:\\\/\\\/www.amuz.krakow.pl\\\/#website\",\"url\":\"https:\\\/\\\/www.amuz.krakow.pl\\\/\",\"name\":\"Akademia Muzyczna im. Krzysztofa Pendereckiego w Krakowie\",\"description\":\"Oficjalna strona Akademii Muzycznej im. Krzysztofa Pendereckiego w Krakowie (AMKP).\",\"publisher\":{\"@id\":\"https:\\\/\\\/www.amuz.krakow.pl\\\/#organization\"},\"alternateName\":\"AMKP\",\"potentialAction\":[{\"@type\":\"SearchAction\",\"target\":{\"@type\":\"EntryPoint\",\"urlTemplate\":\"https:\\\/\\\/www.amuz.krakow.pl\\\/?s={search_term_string}\"},\"query-input\":{\"@type\":\"PropertyValueSpecification\",\"valueRequired\":true,\"valueName\":\"search_term_string\"}}],\"inLanguage\":\"en-US\"},{\"@type\":\"Organization\",\"@id\":\"https:\\\/\\\/www.amuz.krakow.pl\\\/#organization\",\"name\":\"Akademia Muzyczna im. Krzysztofa Pendereckiego w Krakowie\",\"alternateName\":\"AMKP\",\"url\":\"https:\\\/\\\/www.amuz.krakow.pl\\\/\",\"logo\":{\"@type\":\"ImageObject\",\"inLanguage\":\"en-US\",\"@id\":\"https:\\\/\\\/www.amuz.krakow.pl\\\/#\\\/schema\\\/logo\\\/image\\\/\",\"url\":\"https:\\\/\\\/www.amuz.krakow.pl\\\/wp-content\\\/uploads\\\/2021\\\/11\\\/amkp.jpg\",\"contentUrl\":\"https:\\\/\\\/www.amuz.krakow.pl\\\/wp-content\\\/uploads\\\/2021\\\/11\\\/amkp.jpg\",\"width\":1193,\"height\":591,\"caption\":\"Akademia Muzyczna im. Krzysztofa Pendereckiego w Krakowie\"},\"image\":{\"@id\":\"https:\\\/\\\/www.amuz.krakow.pl\\\/#\\\/schema\\\/logo\\\/image\\\/\"},\"sameAs\":[\"https:\\\/\\\/www.facebook.com\\\/amuz.krakow\",\"https:\\\/\\\/www.instagram.com\\\/amkpenderecki\\\/\",\"https:\\\/\\\/www.youtube.com\\\/@amkpenderecki4806\"]}]}<\/script>\n<!-- \/ Yoast SEO plugin. -->","yoast_head_json":{"title":"AMKP - Akademia Muzyczna im. Krzysztofa Pendereckiego w Krakowie","robots":{"index":"index","follow":"follow","max-snippet":"max-snippet:-1","max-image-preview":"max-image-preview:large","max-video-preview":"max-video-preview:-1"},"canonical":"https:\/\/www.amuz.krakow.pl\/letnia-akademia-muzyczna\/wykaz-kursow\/instrumenty-smyczkowe\/dominika-falger-skrzypce\/","og_locale":"en_US","og_type":"article","og_title":"Dominika Falger - skrzypce","og_description":"Uko\u0144czy\u0142a z wyr\u00f3\u017cnieniem\u00a0 Akademi\u0119 Muzyczn\u0105\u00a0 w Poznaniu\u00a0 w klasie prof. J. Kaliszewskiej i prof. M. Baranowskiego oraz Uniwersytety w Wiedniu i Grazu ( prof. E. Z. Zienkowski, Y. Kless, J. Pospichal). W latach 1997-2005 by\u0142a asystentka Prof. Yaira Klessa na Uniwesytecie Muzycznym w Grazu. Studia muzyki dawnej odby\u0142a u prof. I. Rainera i prof. H. Kurosaki. Zdobywczyni pierwszej nagrody na Konkursie im. Z.Jankego w Poznaniu, Muzyki Kameralnej w \u0141odzi jak r\u00f3wnie\u017c laureatka innych krajowych i mi\u0119dzynarodowych konkurs\u00f3w skrzypcowych m. in.\u00a0 Sarasatego w Pamplonie\/Hiszpania, Lipizera w Gorizii\/ Wlochy, Brahmsa w P\u00f6rtschach\/ Austria, Wieniawskiego\u00a0 i Lipi\u0144skiego w Lublinie, K.Szymanowskiego w \u0141odzi,\u00a0 T.Wro\u0144skiego w Warszawie, Konkursu Muzyki Wsp\u00f3\u0142czesnej w Warszawie, K.Szymanowskiego w Zakopanym. Koncertowa\u0142a niemal we wszystkich krajach Europy, Ameryce oraz na Bliskim i Dalekim Wschodzie. Jako solistka wsp\u00f3\u0142pracowa\u0142a z wieloma polskimi i zagranicznymi orkiestrami (m.in. Wiener Symphoniker, Taegu City Orkiestra\/Po\u0142udniowa Korea, S\u0142owacka Orkiestra Kameralna, Sinfonia Verde\/Anglia, Wirtuozi Lwowscy, D\u00b4Angelo Symphony Orchestra\/USA). W swoim dorobku posiada nagrania radiowe, telewizyjne i p\u0142ytowe (m.in. koncert\u00f3w skrzypcowych P.I. Czajkowskiego, K. Lipi\u0144skiego jak r\u00f3wnie\u017c wszystkich utwor\u00f3w na skrzypce i orkiestr\u0119 W.A. Mozarta -\u00a0 Dux). Wyk\u0142ada na Uniwersytecie w Grazu\/Austria (Universit\u00e4t f\u00fcr Musik und Darstellende Kunst), w Wiedniu (Konserwatorium Wien \u2013 Privatuniversit\u00e4t) jak r\u00f3wnie\u017c prowadzi klasy skrzypiec w szko\u0142ach muzycznych Margareten i Leopoldstadt. Zasiada w jury mi\u0119dzynarodowych konkurs\u00f3w skrzypcowych oraz prowadzi mistrzowskie kursy muzyczne we W\u0142oszech, Austrii, Polsce i na S\u0142owacji. Od 1999 roku jest koncertmistrzem grupy II skrzypiec w orkiestrze Wiener Symphoniker.","og_url":"https:\/\/www.amuz.krakow.pl\/letnia-akademia-muzyczna\/wykaz-kursow\/instrumenty-smyczkowe\/dominika-falger-skrzypce\/","og_site_name":"Akademia Muzyczna im. Krzysztofa Pendereckiego w Krakowie","article_publisher":"https:\/\/www.facebook.com\/amuz.krakow","article_modified_time":"2026-04-01T14:13:54+00:00","og_image":[{"width":663,"height":600,"url":"https:\/\/www.amuz.krakow.pl\/wp-content\/uploads\/2016\/03\/25.-Falger-Dominika.jpg","type":"image\/jpeg"}],"twitter_card":"summary_large_image","twitter_misc":{"Est. reading time":"3 minutes"},"schema":{"@context":"https:\/\/schema.org","@graph":[{"@type":"WebPage","@id":"https:\/\/www.amuz.krakow.pl\/letnia-akademia-muzyczna\/wykaz-kursow\/instrumenty-smyczkowe\/dominika-falger-skrzypce\/","url":"https:\/\/www.amuz.krakow.pl\/letnia-akademia-muzyczna\/wykaz-kursow\/instrumenty-smyczkowe\/dominika-falger-skrzypce\/","name":"AMKP - Akademia Muzyczna im. Krzysztofa Pendereckiego w Krakowie","isPartOf":{"@id":"https:\/\/www.amuz.krakow.pl\/#website"},"primaryImageOfPage":{"@id":"https:\/\/www.amuz.krakow.pl\/letnia-akademia-muzyczna\/wykaz-kursow\/instrumenty-smyczkowe\/dominika-falger-skrzypce\/#primaryimage"},"image":{"@id":"https:\/\/www.amuz.krakow.pl\/letnia-akademia-muzyczna\/wykaz-kursow\/instrumenty-smyczkowe\/dominika-falger-skrzypce\/#primaryimage"},"thumbnailUrl":"https:\/\/www.amuz.krakow.pl\/wp-content\/uploads\/2024\/03\/Dominika-Falger_miniatura.jpg","datePublished":"2016-03-10T22:58:27+00:00","dateModified":"2026-04-01T14:13:54+00:00","breadcrumb":{"@id":"https:\/\/www.amuz.krakow.pl\/letnia-akademia-muzyczna\/wykaz-kursow\/instrumenty-smyczkowe\/dominika-falger-skrzypce\/#breadcrumb"},"inLanguage":"en-US","potentialAction":[{"@type":"ReadAction","target":["https:\/\/www.amuz.krakow.pl\/letnia-akademia-muzyczna\/wykaz-kursow\/instrumenty-smyczkowe\/dominika-falger-skrzypce\/"]}]},{"@type":"ImageObject","inLanguage":"en-US","@id":"https:\/\/www.amuz.krakow.pl\/letnia-akademia-muzyczna\/wykaz-kursow\/instrumenty-smyczkowe\/dominika-falger-skrzypce\/#primaryimage","url":"https:\/\/www.amuz.krakow.pl\/wp-content\/uploads\/2024\/03\/Dominika-Falger_miniatura.jpg","contentUrl":"https:\/\/www.amuz.krakow.pl\/wp-content\/uploads\/2024\/03\/Dominika-Falger_miniatura.jpg","width":600,"height":300},{"@type":"BreadcrumbList","@id":"https:\/\/www.amuz.krakow.pl\/letnia-akademia-muzyczna\/wykaz-kursow\/instrumenty-smyczkowe\/dominika-falger-skrzypce\/#breadcrumb","itemListElement":[{"@type":"ListItem","position":1,"name":"Strona g\u0142\u00f3wna","item":"https:\/\/www.amuz.krakow.pl\/"},{"@type":"ListItem","position":2,"name":"Letnia Akademia Muzyczna","item":"https:\/\/www.amuz.krakow.pl\/letnia-akademia-muzyczna\/"},{"@type":"ListItem","position":3,"name":"Wykaz kurs\u00f3w","item":"https:\/\/www.amuz.krakow.pl\/letnia-akademia-muzyczna\/wykaz-kursow\/"},{"@type":"ListItem","position":4,"name":"Instrumenty strunowe","item":"https:\/\/www.amuz.krakow.pl\/letnia-akademia-muzyczna\/wykaz-kursow\/instrumenty-smyczkowe\/"},{"@type":"ListItem","position":5,"name":"Dominika Falger &#8211; skrzypce"}]},{"@type":"WebSite","@id":"https:\/\/www.amuz.krakow.pl\/#website","url":"https:\/\/www.amuz.krakow.pl\/","name":"Akademia Muzyczna im. Krzysztofa Pendereckiego w Krakowie","description":"Oficjalna strona Akademii Muzycznej im. Krzysztofa Pendereckiego w Krakowie (AMKP).","publisher":{"@id":"https:\/\/www.amuz.krakow.pl\/#organization"},"alternateName":"AMKP","potentialAction":[{"@type":"SearchAction","target":{"@type":"EntryPoint","urlTemplate":"https:\/\/www.amuz.krakow.pl\/?s={search_term_string}"},"query-input":{"@type":"PropertyValueSpecification","valueRequired":true,"valueName":"search_term_string"}}],"inLanguage":"en-US"},{"@type":"Organization","@id":"https:\/\/www.amuz.krakow.pl\/#organization","name":"Akademia Muzyczna im. Krzysztofa Pendereckiego w Krakowie","alternateName":"AMKP","url":"https:\/\/www.amuz.krakow.pl\/","logo":{"@type":"ImageObject","inLanguage":"en-US","@id":"https:\/\/www.amuz.krakow.pl\/#\/schema\/logo\/image\/","url":"https:\/\/www.amuz.krakow.pl\/wp-content\/uploads\/2021\/11\/amkp.jpg","contentUrl":"https:\/\/www.amuz.krakow.pl\/wp-content\/uploads\/2021\/11\/amkp.jpg","width":1193,"height":591,"caption":"Akademia Muzyczna im. Krzysztofa Pendereckiego w Krakowie"},"image":{"@id":"https:\/\/www.amuz.krakow.pl\/#\/schema\/logo\/image\/"},"sameAs":["https:\/\/www.facebook.com\/amuz.krakow","https:\/\/www.instagram.com\/amkpenderecki\/","https:\/\/www.youtube.com\/@amkpenderecki4806"]}]}},"_links":{"self":[{"href":"https:\/\/www.amuz.krakow.pl\/en\/wp-json\/wp\/v2\/pages\/4716","targetHints":{"allow":["GET"]}}],"collection":[{"href":"https:\/\/www.amuz.krakow.pl\/en\/wp-json\/wp\/v2\/pages"}],"about":[{"href":"https:\/\/www.amuz.krakow.pl\/en\/wp-json\/wp\/v2\/types\/page"}],"author":[{"embeddable":true,"href":"https:\/\/www.amuz.krakow.pl\/en\/wp-json\/wp\/v2\/users\/72"}],"replies":[{"embeddable":true,"href":"https:\/\/www.amuz.krakow.pl\/en\/wp-json\/wp\/v2\/comments?post=4716"}],"version-history":[{"count":7,"href":"https:\/\/www.amuz.krakow.pl\/en\/wp-json\/wp\/v2\/pages\/4716\/revisions"}],"predecessor-version":[{"id":71334,"href":"https:\/\/www.amuz.krakow.pl\/en\/wp-json\/wp\/v2\/pages\/4716\/revisions\/71334"}],"up":[{"embeddable":true,"href":"https:\/\/www.amuz.krakow.pl\/en\/wp-json\/wp\/v2\/pages\/47052"}],"wp:featuredmedia":[{"embeddable":true,"href":"https:\/\/www.amuz.krakow.pl\/en\/wp-json\/wp\/v2\/media\/84101"}],"wp:attachment":[{"href":"https:\/\/www.amuz.krakow.pl\/en\/wp-json\/wp\/v2\/media?parent=4716"}],"curies":[{"name":"wp","href":"https:\/\/api.w.org\/{rel}","templated":true}]}}