{"id":4711,"date":"2016-03-10T23:50:53","date_gmt":"2016-03-10T22:50:53","guid":{"rendered":"http:\/\/www.amuz.krakow.pl\/?page_id=4711"},"modified":"2026-04-01T16:12:44","modified_gmt":"2026-04-01T14:12:44","slug":"irena-czubek-davidson-harfa","status":"publish","type":"page","link":"https:\/\/www.amuz.krakow.pl\/en\/letnia-akademia-muzyczna\/wykaz-kursow\/instrumenty-smyczkowe\/irena-czubek-davidson-harfa\/","title":{"rendered":"Irena Czubek-Davidson &#8211; harp"},"content":{"rendered":"<p><\/p>\n<p style=\"text-align: justify;\"><img loading=\"lazy\" decoding=\"async\" class=\"alignleft wp-image-4712\" src=\"http:\/\/www.amuz.krakow.pl\/wp-content\/uploads\/2016\/03\/24.-Czubek-Davidson-Irena-199x300.jpg\" alt=\"Czubek-Davidson Irena\" width=\"180\" height=\"271\" srcset=\"https:\/\/www.amuz.krakow.pl\/wp-content\/uploads\/2016\/03\/24.-Czubek-Davidson-Irena-199x300.jpg 199w, https:\/\/www.amuz.krakow.pl\/wp-content\/uploads\/2016\/03\/24.-Czubek-Davidson-Irena.jpg 331w\" sizes=\"auto, (max-width: 180px) 100vw, 180px\" \/>She graduated with honours in the harp class of prof. Bogumi\u0142a Lutak-Modrinid at the Academy of Music in Krak\u00f3w. She continued her postgraduate musical education under the guidance of prof. Bogumi\u0142a Lutak-Modrinid at the Krak\u00f3w Music Academy. She further refined her musical craft by taking an active part in masterclasses with Susan Mildonian (1990 Krak\u00f3w), III Harp Symposium (1995 Amsterdam), and in 1998 at the 1st Harp Days Meeting in Warsaw. She has given first performances and recordings of pieces for harp, including for the Krak\u00f3w Union of Composers, among others. She participated in the recording of educational programs for children for Krak\u00f3w Television. As a chamber musician she works with many instrumental and vocal ensembles in Poland and abroad. She was a co-organiser and soloist at the Harp Symposium organized by the Academy of Music in Krak\u00f3w. She is a co-founder of the unusual trio, Celtic Triangle (soprano, Scottish bagpipes, lever harp) performing Scottish and Celtic music. She currently works as Prncipal Harpist in the Krak\u00f3w Philharmonic and an assistant in the Academy of Music in Krak\u00f3w.<\/p>\n<p><\/p>","protected":false},"excerpt":{"rendered":"<p>She graduated with honours in the harp class of prof. Bogumi\u0142a Lutak-Modrinid at the Academy of Music in Krak\u00f3w. She continued her postgraduate musical education under the guidance of prof.&hellip; <a href=\"https:\/\/www.amuz.krakow.pl\/en\/letnia-akademia-muzyczna\/wykaz-kursow\/instrumenty-smyczkowe\/irena-czubek-davidson-harfa\/\">Continue reading<\/a><\/p>\n","protected":false},"author":72,"featured_media":4712,"parent":47052,"menu_order":-1,"comment_status":"closed","ping_status":"closed","template":"","meta":{"footnotes":"","_links_to":"","_links_to_target":""},"class_list":["post-4711","page","type-page","status-publish","has-post-thumbnail","hentry"],"yoast_head":"<!-- This site is optimized with the Yoast SEO plugin v27.4 - https:\/\/yoast.com\/product\/yoast-seo-wordpress\/ -->\n<title>AMKP - Akademia Muzyczna im. Krzysztofa Pendereckiego w Krakowie<\/title>\n<meta name=\"robots\" content=\"index, follow, max-snippet:-1, max-image-preview:large, max-video-preview:-1\" \/>\n<link rel=\"canonical\" href=\"https:\/\/www.amuz.krakow.pl\/letnia-akademia-muzyczna\/wykaz-kursow\/instrumenty-smyczkowe\/irena-czubek-davidson-harfa\/\" \/>\n<meta property=\"og:locale\" content=\"en_US\" \/>\n<meta property=\"og:type\" content=\"article\" \/>\n<meta property=\"og:title\" content=\"Irena Czubek-Davidson - harfa\" \/>\n<meta property=\"og:description\" content=\"Dyplom z wyr\u00f3\u017cnieniem uzyska\u0142a w Akademii Muzycznej w Krakowie, w klasie harfy prof. Bogumi\u0142y Lutak-Modrinid. Edukacj\u0119 muzyczn\u0105 kontynuowa\u0142a pod kierunkiem prof. Bogumi\u0142y Lutak-Modrinid na studiach podyplomowych krakowskiej Akademii Muzycznej. Sw\u00f3j warsztat muzyczny doskonali\u0142a te\u017c bior\u0105c czynny udzia\u0142 w kursach mistrzowskich Susan Mildonian (1990 Krak\u00f3w), III Harp Syphosium (199 Amsterdam), w 1998 r. w I Dniach Harfy w Warszawie. Dokona\u0142a prawykonao i rejestracji utwor\u00f3w na harf\u0119 m.in. dla Zwi\u0105zku Kompozytor\u00f3w Krakowskich. Bra\u0142a udzia\u0142 w nagrywaniu program\u00f3w edukacyjnych dla dzieci w Telewizji Krakowskiej. Jako kameralistka wsp\u00f3\u0142pracuje z wieloma zespo\u0142ami instrumentalnymi i wokalnymi w Polsce i za granic\u0105. By\u0142a wsp\u00f3\u0142organizatorem i solistk\u0105 Sympozjum Harfowego organizowanego przez Akademi\u0119 Muzyczn\u0105 w Krakowie. Jest wsp\u00f3\u0142za\u0142o\u017cycielk\u0105 niezwyk\u0142ego tria Celtic Triangiel (sopran, dudy szkockie, harfa haczykowa) wykonuj\u0105cego muzyk\u0119 szkock\u0105 i celtyck\u0105. Obecnie pracuje jako harfistka Filharmonii Krakowskiej oraz jest asystentk\u0105 w Akademii Muzycznej w Krakowie.\" \/>\n<meta property=\"og:url\" content=\"https:\/\/www.amuz.krakow.pl\/letnia-akademia-muzyczna\/wykaz-kursow\/instrumenty-smyczkowe\/irena-czubek-davidson-harfa\/\" \/>\n<meta property=\"og:site_name\" content=\"Akademia Muzyczna im. Krzysztofa Pendereckiego w Krakowie\" \/>\n<meta property=\"article:publisher\" content=\"https:\/\/www.facebook.com\/amuz.krakow\" \/>\n<meta property=\"article:modified_time\" content=\"2026-04-01T14:12:44+00:00\" \/>\n<meta property=\"og:image\" content=\"https:\/\/www.amuz.krakow.pl\/wp-content\/uploads\/2016\/03\/24.-Czubek-Davidson-Irena.jpg\" \/>\n\t<meta property=\"og:image:width\" content=\"331\" \/>\n\t<meta property=\"og:image:height\" content=\"498\" \/>\n\t<meta property=\"og:image:type\" content=\"image\/jpeg\" \/>\n<meta name=\"twitter:card\" content=\"summary_large_image\" \/>\n<meta name=\"twitter:label1\" content=\"Est. reading time\" \/>\n\t<meta name=\"twitter:data1\" content=\"2 minutes\" \/>\n<script type=\"application\/ld+json\" class=\"yoast-schema-graph\">{\"@context\":\"https:\\\/\\\/schema.org\",\"@graph\":[{\"@type\":\"WebPage\",\"@id\":\"https:\\\/\\\/www.amuz.krakow.pl\\\/letnia-akademia-muzyczna\\\/wykaz-kursow\\\/instrumenty-smyczkowe\\\/irena-czubek-davidson-harfa\\\/\",\"url\":\"https:\\\/\\\/www.amuz.krakow.pl\\\/letnia-akademia-muzyczna\\\/wykaz-kursow\\\/instrumenty-smyczkowe\\\/irena-czubek-davidson-harfa\\\/\",\"name\":\"AMKP - Akademia Muzyczna im. Krzysztofa Pendereckiego w Krakowie\",\"isPartOf\":{\"@id\":\"https:\\\/\\\/www.amuz.krakow.pl\\\/#website\"},\"primaryImageOfPage\":{\"@id\":\"https:\\\/\\\/www.amuz.krakow.pl\\\/letnia-akademia-muzyczna\\\/wykaz-kursow\\\/instrumenty-smyczkowe\\\/irena-czubek-davidson-harfa\\\/#primaryimage\"},\"image\":{\"@id\":\"https:\\\/\\\/www.amuz.krakow.pl\\\/letnia-akademia-muzyczna\\\/wykaz-kursow\\\/instrumenty-smyczkowe\\\/irena-czubek-davidson-harfa\\\/#primaryimage\"},\"thumbnailUrl\":\"https:\\\/\\\/www.amuz.krakow.pl\\\/wp-content\\\/uploads\\\/2016\\\/03\\\/24.-Czubek-Davidson-Irena.jpg\",\"datePublished\":\"2016-03-10T22:50:53+00:00\",\"dateModified\":\"2026-04-01T14:12:44+00:00\",\"breadcrumb\":{\"@id\":\"https:\\\/\\\/www.amuz.krakow.pl\\\/letnia-akademia-muzyczna\\\/wykaz-kursow\\\/instrumenty-smyczkowe\\\/irena-czubek-davidson-harfa\\\/#breadcrumb\"},\"inLanguage\":\"en-US\",\"potentialAction\":[{\"@type\":\"ReadAction\",\"target\":[\"https:\\\/\\\/www.amuz.krakow.pl\\\/letnia-akademia-muzyczna\\\/wykaz-kursow\\\/instrumenty-smyczkowe\\\/irena-czubek-davidson-harfa\\\/\"]}]},{\"@type\":\"ImageObject\",\"inLanguage\":\"en-US\",\"@id\":\"https:\\\/\\\/www.amuz.krakow.pl\\\/letnia-akademia-muzyczna\\\/wykaz-kursow\\\/instrumenty-smyczkowe\\\/irena-czubek-davidson-harfa\\\/#primaryimage\",\"url\":\"https:\\\/\\\/www.amuz.krakow.pl\\\/wp-content\\\/uploads\\\/2016\\\/03\\\/24.-Czubek-Davidson-Irena.jpg\",\"contentUrl\":\"https:\\\/\\\/www.amuz.krakow.pl\\\/wp-content\\\/uploads\\\/2016\\\/03\\\/24.-Czubek-Davidson-Irena.jpg\",\"width\":331,\"height\":498},{\"@type\":\"BreadcrumbList\",\"@id\":\"https:\\\/\\\/www.amuz.krakow.pl\\\/letnia-akademia-muzyczna\\\/wykaz-kursow\\\/instrumenty-smyczkowe\\\/irena-czubek-davidson-harfa\\\/#breadcrumb\",\"itemListElement\":[{\"@type\":\"ListItem\",\"position\":1,\"name\":\"Strona g\u0142\u00f3wna\",\"item\":\"https:\\\/\\\/www.amuz.krakow.pl\\\/\"},{\"@type\":\"ListItem\",\"position\":2,\"name\":\"Letnia Akademia Muzyczna\",\"item\":\"https:\\\/\\\/www.amuz.krakow.pl\\\/letnia-akademia-muzyczna\\\/\"},{\"@type\":\"ListItem\",\"position\":3,\"name\":\"Wykaz kurs\u00f3w\",\"item\":\"https:\\\/\\\/www.amuz.krakow.pl\\\/letnia-akademia-muzyczna\\\/wykaz-kursow\\\/\"},{\"@type\":\"ListItem\",\"position\":4,\"name\":\"Instrumenty strunowe\",\"item\":\"https:\\\/\\\/www.amuz.krakow.pl\\\/letnia-akademia-muzyczna\\\/wykaz-kursow\\\/instrumenty-smyczkowe\\\/\"},{\"@type\":\"ListItem\",\"position\":5,\"name\":\"Irena Czubek-Davidson &#8211; harfa\"}]},{\"@type\":\"WebSite\",\"@id\":\"https:\\\/\\\/www.amuz.krakow.pl\\\/#website\",\"url\":\"https:\\\/\\\/www.amuz.krakow.pl\\\/\",\"name\":\"Akademia Muzyczna im. Krzysztofa Pendereckiego w Krakowie\",\"description\":\"Oficjalna strona Akademii Muzycznej im. Krzysztofa Pendereckiego w Krakowie (AMKP).\",\"publisher\":{\"@id\":\"https:\\\/\\\/www.amuz.krakow.pl\\\/#organization\"},\"alternateName\":\"AMKP\",\"potentialAction\":[{\"@type\":\"SearchAction\",\"target\":{\"@type\":\"EntryPoint\",\"urlTemplate\":\"https:\\\/\\\/www.amuz.krakow.pl\\\/?s={search_term_string}\"},\"query-input\":{\"@type\":\"PropertyValueSpecification\",\"valueRequired\":true,\"valueName\":\"search_term_string\"}}],\"inLanguage\":\"en-US\"},{\"@type\":\"Organization\",\"@id\":\"https:\\\/\\\/www.amuz.krakow.pl\\\/#organization\",\"name\":\"Akademia Muzyczna im. Krzysztofa Pendereckiego w Krakowie\",\"alternateName\":\"AMKP\",\"url\":\"https:\\\/\\\/www.amuz.krakow.pl\\\/\",\"logo\":{\"@type\":\"ImageObject\",\"inLanguage\":\"en-US\",\"@id\":\"https:\\\/\\\/www.amuz.krakow.pl\\\/#\\\/schema\\\/logo\\\/image\\\/\",\"url\":\"https:\\\/\\\/www.amuz.krakow.pl\\\/wp-content\\\/uploads\\\/2021\\\/11\\\/amkp.jpg\",\"contentUrl\":\"https:\\\/\\\/www.amuz.krakow.pl\\\/wp-content\\\/uploads\\\/2021\\\/11\\\/amkp.jpg\",\"width\":1193,\"height\":591,\"caption\":\"Akademia Muzyczna im. Krzysztofa Pendereckiego w Krakowie\"},\"image\":{\"@id\":\"https:\\\/\\\/www.amuz.krakow.pl\\\/#\\\/schema\\\/logo\\\/image\\\/\"},\"sameAs\":[\"https:\\\/\\\/www.facebook.com\\\/amuz.krakow\",\"https:\\\/\\\/www.instagram.com\\\/amkpenderecki\\\/\",\"https:\\\/\\\/www.youtube.com\\\/@amkpenderecki4806\"]}]}<\/script>\n<!-- \/ Yoast SEO plugin. -->","yoast_head_json":{"title":"AMKP - Akademia Muzyczna im. Krzysztofa Pendereckiego w Krakowie","robots":{"index":"index","follow":"follow","max-snippet":"max-snippet:-1","max-image-preview":"max-image-preview:large","max-video-preview":"max-video-preview:-1"},"canonical":"https:\/\/www.amuz.krakow.pl\/letnia-akademia-muzyczna\/wykaz-kursow\/instrumenty-smyczkowe\/irena-czubek-davidson-harfa\/","og_locale":"en_US","og_type":"article","og_title":"Irena Czubek-Davidson - harfa","og_description":"Dyplom z wyr\u00f3\u017cnieniem uzyska\u0142a w Akademii Muzycznej w Krakowie, w klasie harfy prof. Bogumi\u0142y Lutak-Modrinid. Edukacj\u0119 muzyczn\u0105 kontynuowa\u0142a pod kierunkiem prof. Bogumi\u0142y Lutak-Modrinid na studiach podyplomowych krakowskiej Akademii Muzycznej. Sw\u00f3j warsztat muzyczny doskonali\u0142a te\u017c bior\u0105c czynny udzia\u0142 w kursach mistrzowskich Susan Mildonian (1990 Krak\u00f3w), III Harp Syphosium (199 Amsterdam), w 1998 r. w I Dniach Harfy w Warszawie. Dokona\u0142a prawykonao i rejestracji utwor\u00f3w na harf\u0119 m.in. dla Zwi\u0105zku Kompozytor\u00f3w Krakowskich. Bra\u0142a udzia\u0142 w nagrywaniu program\u00f3w edukacyjnych dla dzieci w Telewizji Krakowskiej. Jako kameralistka wsp\u00f3\u0142pracuje z wieloma zespo\u0142ami instrumentalnymi i wokalnymi w Polsce i za granic\u0105. By\u0142a wsp\u00f3\u0142organizatorem i solistk\u0105 Sympozjum Harfowego organizowanego przez Akademi\u0119 Muzyczn\u0105 w Krakowie. Jest wsp\u00f3\u0142za\u0142o\u017cycielk\u0105 niezwyk\u0142ego tria Celtic Triangiel (sopran, dudy szkockie, harfa haczykowa) wykonuj\u0105cego muzyk\u0119 szkock\u0105 i celtyck\u0105. Obecnie pracuje jako harfistka Filharmonii Krakowskiej oraz jest asystentk\u0105 w Akademii Muzycznej w Krakowie.","og_url":"https:\/\/www.amuz.krakow.pl\/letnia-akademia-muzyczna\/wykaz-kursow\/instrumenty-smyczkowe\/irena-czubek-davidson-harfa\/","og_site_name":"Akademia Muzyczna im. Krzysztofa Pendereckiego w Krakowie","article_publisher":"https:\/\/www.facebook.com\/amuz.krakow","article_modified_time":"2026-04-01T14:12:44+00:00","og_image":[{"width":331,"height":498,"url":"https:\/\/www.amuz.krakow.pl\/wp-content\/uploads\/2016\/03\/24.-Czubek-Davidson-Irena.jpg","type":"image\/jpeg"}],"twitter_card":"summary_large_image","twitter_misc":{"Est. reading time":"2 minutes"},"schema":{"@context":"https:\/\/schema.org","@graph":[{"@type":"WebPage","@id":"https:\/\/www.amuz.krakow.pl\/letnia-akademia-muzyczna\/wykaz-kursow\/instrumenty-smyczkowe\/irena-czubek-davidson-harfa\/","url":"https:\/\/www.amuz.krakow.pl\/letnia-akademia-muzyczna\/wykaz-kursow\/instrumenty-smyczkowe\/irena-czubek-davidson-harfa\/","name":"AMKP - Akademia Muzyczna im. Krzysztofa Pendereckiego w Krakowie","isPartOf":{"@id":"https:\/\/www.amuz.krakow.pl\/#website"},"primaryImageOfPage":{"@id":"https:\/\/www.amuz.krakow.pl\/letnia-akademia-muzyczna\/wykaz-kursow\/instrumenty-smyczkowe\/irena-czubek-davidson-harfa\/#primaryimage"},"image":{"@id":"https:\/\/www.amuz.krakow.pl\/letnia-akademia-muzyczna\/wykaz-kursow\/instrumenty-smyczkowe\/irena-czubek-davidson-harfa\/#primaryimage"},"thumbnailUrl":"https:\/\/www.amuz.krakow.pl\/wp-content\/uploads\/2016\/03\/24.-Czubek-Davidson-Irena.jpg","datePublished":"2016-03-10T22:50:53+00:00","dateModified":"2026-04-01T14:12:44+00:00","breadcrumb":{"@id":"https:\/\/www.amuz.krakow.pl\/letnia-akademia-muzyczna\/wykaz-kursow\/instrumenty-smyczkowe\/irena-czubek-davidson-harfa\/#breadcrumb"},"inLanguage":"en-US","potentialAction":[{"@type":"ReadAction","target":["https:\/\/www.amuz.krakow.pl\/letnia-akademia-muzyczna\/wykaz-kursow\/instrumenty-smyczkowe\/irena-czubek-davidson-harfa\/"]}]},{"@type":"ImageObject","inLanguage":"en-US","@id":"https:\/\/www.amuz.krakow.pl\/letnia-akademia-muzyczna\/wykaz-kursow\/instrumenty-smyczkowe\/irena-czubek-davidson-harfa\/#primaryimage","url":"https:\/\/www.amuz.krakow.pl\/wp-content\/uploads\/2016\/03\/24.-Czubek-Davidson-Irena.jpg","contentUrl":"https:\/\/www.amuz.krakow.pl\/wp-content\/uploads\/2016\/03\/24.-Czubek-Davidson-Irena.jpg","width":331,"height":498},{"@type":"BreadcrumbList","@id":"https:\/\/www.amuz.krakow.pl\/letnia-akademia-muzyczna\/wykaz-kursow\/instrumenty-smyczkowe\/irena-czubek-davidson-harfa\/#breadcrumb","itemListElement":[{"@type":"ListItem","position":1,"name":"Strona g\u0142\u00f3wna","item":"https:\/\/www.amuz.krakow.pl\/"},{"@type":"ListItem","position":2,"name":"Letnia Akademia Muzyczna","item":"https:\/\/www.amuz.krakow.pl\/letnia-akademia-muzyczna\/"},{"@type":"ListItem","position":3,"name":"Wykaz kurs\u00f3w","item":"https:\/\/www.amuz.krakow.pl\/letnia-akademia-muzyczna\/wykaz-kursow\/"},{"@type":"ListItem","position":4,"name":"Instrumenty strunowe","item":"https:\/\/www.amuz.krakow.pl\/letnia-akademia-muzyczna\/wykaz-kursow\/instrumenty-smyczkowe\/"},{"@type":"ListItem","position":5,"name":"Irena Czubek-Davidson &#8211; harfa"}]},{"@type":"WebSite","@id":"https:\/\/www.amuz.krakow.pl\/#website","url":"https:\/\/www.amuz.krakow.pl\/","name":"Akademia Muzyczna im. Krzysztofa Pendereckiego w Krakowie","description":"Oficjalna strona Akademii Muzycznej im. Krzysztofa Pendereckiego w Krakowie (AMKP).","publisher":{"@id":"https:\/\/www.amuz.krakow.pl\/#organization"},"alternateName":"AMKP","potentialAction":[{"@type":"SearchAction","target":{"@type":"EntryPoint","urlTemplate":"https:\/\/www.amuz.krakow.pl\/?s={search_term_string}"},"query-input":{"@type":"PropertyValueSpecification","valueRequired":true,"valueName":"search_term_string"}}],"inLanguage":"en-US"},{"@type":"Organization","@id":"https:\/\/www.amuz.krakow.pl\/#organization","name":"Akademia Muzyczna im. Krzysztofa Pendereckiego w Krakowie","alternateName":"AMKP","url":"https:\/\/www.amuz.krakow.pl\/","logo":{"@type":"ImageObject","inLanguage":"en-US","@id":"https:\/\/www.amuz.krakow.pl\/#\/schema\/logo\/image\/","url":"https:\/\/www.amuz.krakow.pl\/wp-content\/uploads\/2021\/11\/amkp.jpg","contentUrl":"https:\/\/www.amuz.krakow.pl\/wp-content\/uploads\/2021\/11\/amkp.jpg","width":1193,"height":591,"caption":"Akademia Muzyczna im. Krzysztofa Pendereckiego w Krakowie"},"image":{"@id":"https:\/\/www.amuz.krakow.pl\/#\/schema\/logo\/image\/"},"sameAs":["https:\/\/www.facebook.com\/amuz.krakow","https:\/\/www.instagram.com\/amkpenderecki\/","https:\/\/www.youtube.com\/@amkpenderecki4806"]}]}},"_links":{"self":[{"href":"https:\/\/www.amuz.krakow.pl\/en\/wp-json\/wp\/v2\/pages\/4711","targetHints":{"allow":["GET"]}}],"collection":[{"href":"https:\/\/www.amuz.krakow.pl\/en\/wp-json\/wp\/v2\/pages"}],"about":[{"href":"https:\/\/www.amuz.krakow.pl\/en\/wp-json\/wp\/v2\/types\/page"}],"author":[{"embeddable":true,"href":"https:\/\/www.amuz.krakow.pl\/en\/wp-json\/wp\/v2\/users\/72"}],"replies":[{"embeddable":true,"href":"https:\/\/www.amuz.krakow.pl\/en\/wp-json\/wp\/v2\/comments?post=4711"}],"version-history":[{"count":3,"href":"https:\/\/www.amuz.krakow.pl\/en\/wp-json\/wp\/v2\/pages\/4711\/revisions"}],"predecessor-version":[{"id":57960,"href":"https:\/\/www.amuz.krakow.pl\/en\/wp-json\/wp\/v2\/pages\/4711\/revisions\/57960"}],"up":[{"embeddable":true,"href":"https:\/\/www.amuz.krakow.pl\/en\/wp-json\/wp\/v2\/pages\/47052"}],"wp:featuredmedia":[{"embeddable":true,"href":"https:\/\/www.amuz.krakow.pl\/en\/wp-json\/wp\/v2\/media\/4712"}],"wp:attachment":[{"href":"https:\/\/www.amuz.krakow.pl\/en\/wp-json\/wp\/v2\/media?parent=4711"}],"curies":[{"name":"wp","href":"https:\/\/api.w.org\/{rel}","templated":true}]}}