{"id":47011,"date":"2021-02-13T15:10:15","date_gmt":"2021-02-13T14:10:15","guid":{"rendered":"https:\/\/www.amuz.krakow.pl\/?page_id=47011"},"modified":"2026-04-08T13:31:14","modified_gmt":"2026-04-08T11:31:14","slug":"bartlomiej-kominek-duety-fortepianowe-zespoly-kameralne","status":"publish","type":"page","link":"https:\/\/www.amuz.krakow.pl\/en\/letnia-akademia-muzyczna\/wykaz-kursow\/kameralistyka\/bartlomiej-kominek-duety-fortepianowe-zespoly-kameralne\/","title":{"rendered":"Bart\u0142omiej Kominek &#8211; piano duets, chamber music"},"content":{"rendered":"<p><figure id=\"attachment_46998\" aria-describedby=\"caption-attachment-46998\" style=\"width: 200px\" class=\"wp-caption alignleft\"><a href=\"https:\/\/www.amuz.krakow.pl\/konkursy\/konkursy-interpretacji-muzyki\/miedzynarodowy-konkurs-duetow-fortepianowych\/2021-2\/jury\/dr-hab-bartlomiej-kominek\/kominek-bartlomiej-fot-ivona-kowalska\/\" rel=\"attachment wp-att-46998\"><img loading=\"lazy\" decoding=\"async\" class=\"size-medium wp-image-46998\" src=\"https:\/\/www.amuz.krakow.pl\/wp-content\/uploads\/2021\/02\/Kominek-Bartlomiej-fot.-Ivona-Kowalska-200x300.jpg\" alt=\"\" width=\"200\" height=\"300\" srcset=\"https:\/\/www.amuz.krakow.pl\/wp-content\/uploads\/2021\/02\/Kominek-Bartlomiej-fot.-Ivona-Kowalska-200x300.jpg 200w, https:\/\/www.amuz.krakow.pl\/wp-content\/uploads\/2021\/02\/Kominek-Bartlomiej-fot.-Ivona-Kowalska-scaled.jpg 1363w, https:\/\/www.amuz.krakow.pl\/wp-content\/uploads\/2021\/02\/Kominek-Bartlomiej-fot.-Ivona-Kowalska-768x1154.jpg 768w, https:\/\/www.amuz.krakow.pl\/wp-content\/uploads\/2021\/02\/Kominek-Bartlomiej-fot.-Ivona-Kowalska-1022x1536.jpg 1022w\" sizes=\"auto, (max-width: 200px) 100vw, 200px\" \/><\/a><figcaption id=\"caption-attachment-46998\" class=\"wp-caption-text\">photo by Ivona Kowalska<\/figcaption><\/figure><\/p>\n<p style=\"text-align: justify;\">He studied with Janusz Olejniczak and graduated with distinction from the Academy of Music in Cracow. He participated in many master classes taught by the most outstanding piano tutors, such as Andrzej Jasi\u0144ski, Oxana Jablonska, Lee Kum-Sing and Ryszard Bakst. He is currently a lecturer at the Academy of Music in Cracow, where he completed his habilitation in 2015.<br \/>\nThe artist has won several awards and distinctions in piano competitions and festivals both in Poland and abroad \u2013 at the Festival of Polish Pianists in S\u0142upsk and the Festival of Talents in Tarn\u00f3w, as well as at the events held in Kil (Sweden), Glasgow and London. The concerts he has given in Poland (Festival of Polish Music in Cracow, Festival of Polish Pianists in S\u0142upsk, Polish Radio Music Festival in Warsaw, \u201cBravo Maestro\u201d Festival in Ignacy Jan Paderewski\u2019s manor house in K\u0105\u015bna Dolna, Festival of Talents in Tarn\u00f3w, International Festival of Contemporary Music &#8220;Warsaw Autumn&#8221;, Warsaw Music Encounters, \u201cMusic on the Heights\u201d Festival in Zakopane, International Days of Cracow Composers), in many places in Europe, Middle East and Japan, received excellent reviews. He has performed in Chopin Festivals in Ghent (Belgium), Valdemossa (Mallorca) and Nohant-Vic (France). He has also made numerous recordings for the Polish Radio and Television. He portrayed Fryderyk Chopin in a film produced by the Japanese Television.<br \/>\nIn 2005 his recording of Chopin\u2019s <em>Etude in E major op. 10 no. 3<\/em> was selected to be a part of the CD with interpretations of the most renowned Polish pianists and winners of Chopin competitions. Later that year, together with Janusz Olejniczak, Gda\u0144sk University Choir and eminent soloists, he recorded the infrequently presented Petite messe solennelle by Giacomo Rossini. The CD was produced by the Gda\u0144sk University. In 2010 DUX released his album with Gra\u017cyna Bacewicz\u2019s compositions (among others <em>Piano Quintet no. 1<\/em> arranged for piano and chamber orchestra) which received a nomination to the \u201cFryderyk\u201d award. In 2013 he recorded a monographic album for Polskie Nagrania covering the works of Croatian composers and president \u2013 Ivo Josipovi\u0107. The artist has been active as a chamber musician and has collaborated with many well-known artists, ensembles and orchestras, including Sinfonia Varsovia, Cracow Philharmonic Orchestra, Sinfonia Baltica, Capella Cracoviensis, Polish Radio Orchestra, \u201cDAF\u00d4\u201d String Quartet, \u201cCamerata\u201d String Quartet, \u201cPrima Vista\u201d String Quartet, Polish Radio Choir in Cracow, El\u017cbieta Towarnicka, Olga Pasiecznik, Anna Radziejewska, Iwona Sobotka, Joanna Freszel, Bogus\u0142awa Dziel-Wawrowska, Janusz Olejniczak, Tomasz Strahl, Marcin Na\u0142\u0119cz-Niesio\u0142owski, Wojciech Michniewski, Jonatan Mann, Daniel Smith, Magdalena Bojanowicz, Aleksander Gebert, Bartosz Koziak, Klaudiusz Baran, Anna Maria Sta\u015bkiewicz, Konstanty Andrzej Kulka and Janusz Wawrowski.<br \/>\nSince 2011 he has performed with pianist Anna Boczar as \u201cChopin Piano Duo\u201d.<br \/>\nHe wrote the arrangements of Fryderyk Chopin\u2019s all orchestral works for piano and string quartet that were published by PWM (Polish Music Publishing House).<br \/>\nSince 2014 he performs the function of Artistic Director of International Piano Duo Festival \u201eDuettissimo\u201d.<\/p>\n<p><\/p>","protected":false},"excerpt":{"rendered":"<p>He studied with Janusz Olejniczak and graduated with distinction from the Academy of Music in Cracow. He participated in many master classes taught by the most outstanding piano tutors, such&hellip; <a href=\"https:\/\/www.amuz.krakow.pl\/en\/letnia-akademia-muzyczna\/wykaz-kursow\/kameralistyka\/bartlomiej-kominek-duety-fortepianowe-zespoly-kameralne\/\">Continue reading<\/a><\/p>\n","protected":false},"author":72,"featured_media":89154,"parent":47057,"menu_order":5,"comment_status":"closed","ping_status":"closed","template":"","meta":{"footnotes":"","_links_to":"","_links_to_target":""},"class_list":["post-47011","page","type-page","status-publish","has-post-thumbnail","hentry"],"yoast_head":"<!-- This site is optimized with the Yoast SEO plugin v27.4 - https:\/\/yoast.com\/product\/yoast-seo-wordpress\/ -->\n<title>AMKP - Akademia Muzyczna im. Krzysztofa Pendereckiego w Krakowie<\/title>\n<meta name=\"robots\" content=\"index, follow, max-snippet:-1, max-image-preview:large, max-video-preview:-1\" \/>\n<link rel=\"canonical\" href=\"https:\/\/www.amuz.krakow.pl\/letnia-akademia-muzyczna\/wykaz-kursow\/kameralistyka\/bartlomiej-kominek-duety-fortepianowe-zespoly-kameralne\/\" \/>\n<meta property=\"og:locale\" content=\"en_US\" \/>\n<meta property=\"og:type\" content=\"article\" \/>\n<meta property=\"og:title\" content=\"AMKP - Akademia Muzyczna im. Krzysztofa Pendereckiego w Krakowie\" \/>\n<meta property=\"og:description\" content=\"He studied with Janusz Olejniczak and graduated with distinction from the Academy of Music in Cracow. He participated in many master classes taught by the most outstanding piano tutors, such&hellip; Continue reading\" \/>\n<meta property=\"og:url\" content=\"https:\/\/www.amuz.krakow.pl\/letnia-akademia-muzyczna\/wykaz-kursow\/kameralistyka\/bartlomiej-kominek-duety-fortepianowe-zespoly-kameralne\/\" \/>\n<meta property=\"og:site_name\" content=\"Akademia Muzyczna im. Krzysztofa Pendereckiego w Krakowie\" \/>\n<meta property=\"article:publisher\" content=\"https:\/\/www.facebook.com\/amuz.krakow\" \/>\n<meta property=\"article:modified_time\" content=\"2026-04-08T11:31:14+00:00\" \/>\n<meta property=\"og:image\" content=\"https:\/\/www.amuz.krakow.pl\/wp-content\/uploads\/2024\/08\/Kominek-Bartlomiej_miniatura-fot.-Ivona-Kowalska-scaled-1.jpg\" \/>\n\t<meta property=\"og:image:width\" content=\"1363\" \/>\n\t<meta property=\"og:image:height\" content=\"682\" \/>\n\t<meta property=\"og:image:type\" content=\"image\/jpeg\" \/>\n<meta name=\"twitter:card\" content=\"summary_large_image\" \/>\n<meta name=\"twitter:label1\" content=\"Est. reading time\" \/>\n\t<meta name=\"twitter:data1\" content=\"4 minutes\" \/>\n<script type=\"application\/ld+json\" class=\"yoast-schema-graph\">{\"@context\":\"https:\\\/\\\/schema.org\",\"@graph\":[{\"@type\":\"WebPage\",\"@id\":\"https:\\\/\\\/www.amuz.krakow.pl\\\/letnia-akademia-muzyczna\\\/wykaz-kursow\\\/kameralistyka\\\/bartlomiej-kominek-duety-fortepianowe-zespoly-kameralne\\\/\",\"url\":\"https:\\\/\\\/www.amuz.krakow.pl\\\/letnia-akademia-muzyczna\\\/wykaz-kursow\\\/kameralistyka\\\/bartlomiej-kominek-duety-fortepianowe-zespoly-kameralne\\\/\",\"name\":\"AMKP - Akademia Muzyczna im. Krzysztofa Pendereckiego w Krakowie\",\"isPartOf\":{\"@id\":\"https:\\\/\\\/www.amuz.krakow.pl\\\/#website\"},\"primaryImageOfPage\":{\"@id\":\"https:\\\/\\\/www.amuz.krakow.pl\\\/letnia-akademia-muzyczna\\\/wykaz-kursow\\\/kameralistyka\\\/bartlomiej-kominek-duety-fortepianowe-zespoly-kameralne\\\/#primaryimage\"},\"image\":{\"@id\":\"https:\\\/\\\/www.amuz.krakow.pl\\\/letnia-akademia-muzyczna\\\/wykaz-kursow\\\/kameralistyka\\\/bartlomiej-kominek-duety-fortepianowe-zespoly-kameralne\\\/#primaryimage\"},\"thumbnailUrl\":\"https:\\\/\\\/www.amuz.krakow.pl\\\/wp-content\\\/uploads\\\/2024\\\/08\\\/Kominek-Bartlomiej_miniatura-fot.-Ivona-Kowalska-scaled-1.jpg\",\"datePublished\":\"2021-02-13T14:10:15+00:00\",\"dateModified\":\"2026-04-08T11:31:14+00:00\",\"breadcrumb\":{\"@id\":\"https:\\\/\\\/www.amuz.krakow.pl\\\/letnia-akademia-muzyczna\\\/wykaz-kursow\\\/kameralistyka\\\/bartlomiej-kominek-duety-fortepianowe-zespoly-kameralne\\\/#breadcrumb\"},\"inLanguage\":\"en-US\",\"potentialAction\":[{\"@type\":\"ReadAction\",\"target\":[\"https:\\\/\\\/www.amuz.krakow.pl\\\/letnia-akademia-muzyczna\\\/wykaz-kursow\\\/kameralistyka\\\/bartlomiej-kominek-duety-fortepianowe-zespoly-kameralne\\\/\"]}]},{\"@type\":\"ImageObject\",\"inLanguage\":\"en-US\",\"@id\":\"https:\\\/\\\/www.amuz.krakow.pl\\\/letnia-akademia-muzyczna\\\/wykaz-kursow\\\/kameralistyka\\\/bartlomiej-kominek-duety-fortepianowe-zespoly-kameralne\\\/#primaryimage\",\"url\":\"https:\\\/\\\/www.amuz.krakow.pl\\\/wp-content\\\/uploads\\\/2024\\\/08\\\/Kominek-Bartlomiej_miniatura-fot.-Ivona-Kowalska-scaled-1.jpg\",\"contentUrl\":\"https:\\\/\\\/www.amuz.krakow.pl\\\/wp-content\\\/uploads\\\/2024\\\/08\\\/Kominek-Bartlomiej_miniatura-fot.-Ivona-Kowalska-scaled-1.jpg\",\"width\":1363,\"height\":682},{\"@type\":\"BreadcrumbList\",\"@id\":\"https:\\\/\\\/www.amuz.krakow.pl\\\/letnia-akademia-muzyczna\\\/wykaz-kursow\\\/kameralistyka\\\/bartlomiej-kominek-duety-fortepianowe-zespoly-kameralne\\\/#breadcrumb\",\"itemListElement\":[{\"@type\":\"ListItem\",\"position\":1,\"name\":\"Strona g\u0142\u00f3wna\",\"item\":\"https:\\\/\\\/www.amuz.krakow.pl\\\/\"},{\"@type\":\"ListItem\",\"position\":2,\"name\":\"Letnia Akademia Muzyczna\",\"item\":\"https:\\\/\\\/www.amuz.krakow.pl\\\/letnia-akademia-muzyczna\\\/\"},{\"@type\":\"ListItem\",\"position\":3,\"name\":\"Wykaz kurs\u00f3w\",\"item\":\"https:\\\/\\\/www.amuz.krakow.pl\\\/letnia-akademia-muzyczna\\\/wykaz-kursow\\\/\"},{\"@type\":\"ListItem\",\"position\":4,\"name\":\"Kameralistyka\",\"item\":\"https:\\\/\\\/www.amuz.krakow.pl\\\/letnia-akademia-muzyczna\\\/wykaz-kursow\\\/kameralistyka\\\/\"},{\"@type\":\"ListItem\",\"position\":5,\"name\":\"Bart\u0142omiej Kominek &#8211; duety fortepianowe, zespo\u0142y kameralne\"}]},{\"@type\":\"WebSite\",\"@id\":\"https:\\\/\\\/www.amuz.krakow.pl\\\/#website\",\"url\":\"https:\\\/\\\/www.amuz.krakow.pl\\\/\",\"name\":\"Akademia Muzyczna im. Krzysztofa Pendereckiego w Krakowie\",\"description\":\"Oficjalna strona Akademii Muzycznej im. Krzysztofa Pendereckiego w Krakowie (AMKP).\",\"publisher\":{\"@id\":\"https:\\\/\\\/www.amuz.krakow.pl\\\/#organization\"},\"alternateName\":\"AMKP\",\"potentialAction\":[{\"@type\":\"SearchAction\",\"target\":{\"@type\":\"EntryPoint\",\"urlTemplate\":\"https:\\\/\\\/www.amuz.krakow.pl\\\/?s={search_term_string}\"},\"query-input\":{\"@type\":\"PropertyValueSpecification\",\"valueRequired\":true,\"valueName\":\"search_term_string\"}}],\"inLanguage\":\"en-US\"},{\"@type\":\"Organization\",\"@id\":\"https:\\\/\\\/www.amuz.krakow.pl\\\/#organization\",\"name\":\"Akademia Muzyczna im. Krzysztofa Pendereckiego w Krakowie\",\"alternateName\":\"AMKP\",\"url\":\"https:\\\/\\\/www.amuz.krakow.pl\\\/\",\"logo\":{\"@type\":\"ImageObject\",\"inLanguage\":\"en-US\",\"@id\":\"https:\\\/\\\/www.amuz.krakow.pl\\\/#\\\/schema\\\/logo\\\/image\\\/\",\"url\":\"https:\\\/\\\/www.amuz.krakow.pl\\\/wp-content\\\/uploads\\\/2021\\\/11\\\/amkp.jpg\",\"contentUrl\":\"https:\\\/\\\/www.amuz.krakow.pl\\\/wp-content\\\/uploads\\\/2021\\\/11\\\/amkp.jpg\",\"width\":1193,\"height\":591,\"caption\":\"Akademia Muzyczna im. Krzysztofa Pendereckiego w Krakowie\"},\"image\":{\"@id\":\"https:\\\/\\\/www.amuz.krakow.pl\\\/#\\\/schema\\\/logo\\\/image\\\/\"},\"sameAs\":[\"https:\\\/\\\/www.facebook.com\\\/amuz.krakow\",\"https:\\\/\\\/www.instagram.com\\\/amkpenderecki\\\/\",\"https:\\\/\\\/www.youtube.com\\\/@amkpenderecki4806\"]}]}<\/script>\n<!-- \/ Yoast SEO plugin. -->","yoast_head_json":{"title":"AMKP - Akademia Muzyczna im. Krzysztofa Pendereckiego w Krakowie","robots":{"index":"index","follow":"follow","max-snippet":"max-snippet:-1","max-image-preview":"max-image-preview:large","max-video-preview":"max-video-preview:-1"},"canonical":"https:\/\/www.amuz.krakow.pl\/letnia-akademia-muzyczna\/wykaz-kursow\/kameralistyka\/bartlomiej-kominek-duety-fortepianowe-zespoly-kameralne\/","og_locale":"en_US","og_type":"article","og_title":"AMKP - Akademia Muzyczna im. Krzysztofa Pendereckiego w Krakowie","og_description":"He studied with Janusz Olejniczak and graduated with distinction from the Academy of Music in Cracow. He participated in many master classes taught by the most outstanding piano tutors, such&hellip; Continue reading","og_url":"https:\/\/www.amuz.krakow.pl\/letnia-akademia-muzyczna\/wykaz-kursow\/kameralistyka\/bartlomiej-kominek-duety-fortepianowe-zespoly-kameralne\/","og_site_name":"Akademia Muzyczna im. Krzysztofa Pendereckiego w Krakowie","article_publisher":"https:\/\/www.facebook.com\/amuz.krakow","article_modified_time":"2026-04-08T11:31:14+00:00","og_image":[{"width":1363,"height":682,"url":"https:\/\/www.amuz.krakow.pl\/wp-content\/uploads\/2024\/08\/Kominek-Bartlomiej_miniatura-fot.-Ivona-Kowalska-scaled-1.jpg","type":"image\/jpeg"}],"twitter_card":"summary_large_image","twitter_misc":{"Est. reading time":"4 minutes"},"schema":{"@context":"https:\/\/schema.org","@graph":[{"@type":"WebPage","@id":"https:\/\/www.amuz.krakow.pl\/letnia-akademia-muzyczna\/wykaz-kursow\/kameralistyka\/bartlomiej-kominek-duety-fortepianowe-zespoly-kameralne\/","url":"https:\/\/www.amuz.krakow.pl\/letnia-akademia-muzyczna\/wykaz-kursow\/kameralistyka\/bartlomiej-kominek-duety-fortepianowe-zespoly-kameralne\/","name":"AMKP - Akademia Muzyczna im. Krzysztofa Pendereckiego w Krakowie","isPartOf":{"@id":"https:\/\/www.amuz.krakow.pl\/#website"},"primaryImageOfPage":{"@id":"https:\/\/www.amuz.krakow.pl\/letnia-akademia-muzyczna\/wykaz-kursow\/kameralistyka\/bartlomiej-kominek-duety-fortepianowe-zespoly-kameralne\/#primaryimage"},"image":{"@id":"https:\/\/www.amuz.krakow.pl\/letnia-akademia-muzyczna\/wykaz-kursow\/kameralistyka\/bartlomiej-kominek-duety-fortepianowe-zespoly-kameralne\/#primaryimage"},"thumbnailUrl":"https:\/\/www.amuz.krakow.pl\/wp-content\/uploads\/2024\/08\/Kominek-Bartlomiej_miniatura-fot.-Ivona-Kowalska-scaled-1.jpg","datePublished":"2021-02-13T14:10:15+00:00","dateModified":"2026-04-08T11:31:14+00:00","breadcrumb":{"@id":"https:\/\/www.amuz.krakow.pl\/letnia-akademia-muzyczna\/wykaz-kursow\/kameralistyka\/bartlomiej-kominek-duety-fortepianowe-zespoly-kameralne\/#breadcrumb"},"inLanguage":"en-US","potentialAction":[{"@type":"ReadAction","target":["https:\/\/www.amuz.krakow.pl\/letnia-akademia-muzyczna\/wykaz-kursow\/kameralistyka\/bartlomiej-kominek-duety-fortepianowe-zespoly-kameralne\/"]}]},{"@type":"ImageObject","inLanguage":"en-US","@id":"https:\/\/www.amuz.krakow.pl\/letnia-akademia-muzyczna\/wykaz-kursow\/kameralistyka\/bartlomiej-kominek-duety-fortepianowe-zespoly-kameralne\/#primaryimage","url":"https:\/\/www.amuz.krakow.pl\/wp-content\/uploads\/2024\/08\/Kominek-Bartlomiej_miniatura-fot.-Ivona-Kowalska-scaled-1.jpg","contentUrl":"https:\/\/www.amuz.krakow.pl\/wp-content\/uploads\/2024\/08\/Kominek-Bartlomiej_miniatura-fot.-Ivona-Kowalska-scaled-1.jpg","width":1363,"height":682},{"@type":"BreadcrumbList","@id":"https:\/\/www.amuz.krakow.pl\/letnia-akademia-muzyczna\/wykaz-kursow\/kameralistyka\/bartlomiej-kominek-duety-fortepianowe-zespoly-kameralne\/#breadcrumb","itemListElement":[{"@type":"ListItem","position":1,"name":"Strona g\u0142\u00f3wna","item":"https:\/\/www.amuz.krakow.pl\/"},{"@type":"ListItem","position":2,"name":"Letnia Akademia Muzyczna","item":"https:\/\/www.amuz.krakow.pl\/letnia-akademia-muzyczna\/"},{"@type":"ListItem","position":3,"name":"Wykaz kurs\u00f3w","item":"https:\/\/www.amuz.krakow.pl\/letnia-akademia-muzyczna\/wykaz-kursow\/"},{"@type":"ListItem","position":4,"name":"Kameralistyka","item":"https:\/\/www.amuz.krakow.pl\/letnia-akademia-muzyczna\/wykaz-kursow\/kameralistyka\/"},{"@type":"ListItem","position":5,"name":"Bart\u0142omiej Kominek &#8211; duety fortepianowe, zespo\u0142y kameralne"}]},{"@type":"WebSite","@id":"https:\/\/www.amuz.krakow.pl\/#website","url":"https:\/\/www.amuz.krakow.pl\/","name":"Akademia Muzyczna im. Krzysztofa Pendereckiego w Krakowie","description":"Oficjalna strona Akademii Muzycznej im. Krzysztofa Pendereckiego w Krakowie (AMKP).","publisher":{"@id":"https:\/\/www.amuz.krakow.pl\/#organization"},"alternateName":"AMKP","potentialAction":[{"@type":"SearchAction","target":{"@type":"EntryPoint","urlTemplate":"https:\/\/www.amuz.krakow.pl\/?s={search_term_string}"},"query-input":{"@type":"PropertyValueSpecification","valueRequired":true,"valueName":"search_term_string"}}],"inLanguage":"en-US"},{"@type":"Organization","@id":"https:\/\/www.amuz.krakow.pl\/#organization","name":"Akademia Muzyczna im. Krzysztofa Pendereckiego w Krakowie","alternateName":"AMKP","url":"https:\/\/www.amuz.krakow.pl\/","logo":{"@type":"ImageObject","inLanguage":"en-US","@id":"https:\/\/www.amuz.krakow.pl\/#\/schema\/logo\/image\/","url":"https:\/\/www.amuz.krakow.pl\/wp-content\/uploads\/2021\/11\/amkp.jpg","contentUrl":"https:\/\/www.amuz.krakow.pl\/wp-content\/uploads\/2021\/11\/amkp.jpg","width":1193,"height":591,"caption":"Akademia Muzyczna im. Krzysztofa Pendereckiego w Krakowie"},"image":{"@id":"https:\/\/www.amuz.krakow.pl\/#\/schema\/logo\/image\/"},"sameAs":["https:\/\/www.facebook.com\/amuz.krakow","https:\/\/www.instagram.com\/amkpenderecki\/","https:\/\/www.youtube.com\/@amkpenderecki4806"]}]}},"_links":{"self":[{"href":"https:\/\/www.amuz.krakow.pl\/en\/wp-json\/wp\/v2\/pages\/47011","targetHints":{"allow":["GET"]}}],"collection":[{"href":"https:\/\/www.amuz.krakow.pl\/en\/wp-json\/wp\/v2\/pages"}],"about":[{"href":"https:\/\/www.amuz.krakow.pl\/en\/wp-json\/wp\/v2\/types\/page"}],"author":[{"embeddable":true,"href":"https:\/\/www.amuz.krakow.pl\/en\/wp-json\/wp\/v2\/users\/72"}],"replies":[{"embeddable":true,"href":"https:\/\/www.amuz.krakow.pl\/en\/wp-json\/wp\/v2\/comments?post=47011"}],"version-history":[{"count":3,"href":"https:\/\/www.amuz.krakow.pl\/en\/wp-json\/wp\/v2\/pages\/47011\/revisions"}],"predecessor-version":[{"id":99310,"href":"https:\/\/www.amuz.krakow.pl\/en\/wp-json\/wp\/v2\/pages\/47011\/revisions\/99310"}],"up":[{"embeddable":true,"href":"https:\/\/www.amuz.krakow.pl\/en\/wp-json\/wp\/v2\/pages\/47057"}],"wp:featuredmedia":[{"embeddable":true,"href":"https:\/\/www.amuz.krakow.pl\/en\/wp-json\/wp\/v2\/media\/89154"}],"wp:attachment":[{"href":"https:\/\/www.amuz.krakow.pl\/en\/wp-json\/wp\/v2\/media?parent=47011"}],"curies":[{"name":"wp","href":"https:\/\/api.w.org\/{rel}","templated":true}]}}